{"id":368,"date":"2017-12-04T16:44:15","date_gmt":"2017-12-04T15:44:15","guid":{"rendered":"http:\/\/wp.kristdemokraterna.se\/katrineholm22\/?page_id=368"},"modified":"2022-05-24T21:37:22","modified_gmt":"2022-05-24T19:37:22","slug":"om-kristdemokraterna","status":"publish","type":"page","link":"https:\/\/wp.kristdemokraterna.se\/katrineholm\/textsida-fullbredd\/om-kristdemokraterna\/","title":{"rendered":"Om Kristdemokraterna"},"content":{"rendered":"<h1><\/h1>\n<div id=\"print\">\n<div id=\"ctl00_AllAreaPlaceHolder_MainContentArea_PageHeader1_pnlHeading\">\n<div id=\"ctl00_AllAreaPlaceHolder_MainContentArea_PageHeader1_pnlHeading\">\n<p><strong>Kristdemokraterna\u00a0s\u00e4tter\u00a0m\u00e4nniskov\u00e4rdet\u00a0fr\u00e4mst\u00a0och\u00a0vill\u00a0prioritera\u00a0det\u00a0som\u00a0\u00e4r\u00a0n\u00f6dv\u00e4ndigt\u00a0f\u00f6r\u00a0att\u00a0bygga\u00a0ett\u00a0samh\u00e4lle\u00a0som\u00a0h\u00e5ller\u00a0ihop.\u00a0V\u00e5rden,\u00a0\u00e4ldrefr\u00e5gorna\u00a0och\u00a0tryggheten\u00a0\u00e4r\u00a0v\u00e5ra\u00a0prioriterade\u00a0fr\u00e5gor.<\/strong><\/p>\n<p>V\u00e5rt\u00a0partinamn\u00a0ber\u00e4ttar\u00a0vad\u00a0vi\u00a0st\u00e5r\u00a0f\u00f6r\u00a0\u2013\u00a0en\u00a0demokrati\u00a0byggd\u00a0p\u00e5\u00a0kristen\u00a0m\u00e4nniskosyn\u00a0och\u00a0v\u00e4rdegrund.\u00a0En\u00a0vanlig\u00a0missuppfattning\u00a0\u00e4r\u00a0att\u00a0man\u00a0m\u00e5ste\u00a0vara\u00a0troende\u00a0f\u00f6r\u00a0att\u00a0vara\u00a0med.\u00a0Det\u00a0\u00e4r\u00a0fel.\u00a0Alla\u00a0som\u00a0delar\u00a0v\u00e5ra\u00a0id\u00e9er\u00a0\u00e4r\u00a0v\u00e4lkomna\u00a0i\u00a0partiet.<\/p>\n<\/div>\n<div>\n<p><strong>Fakta\u00a0om\u00a0partiet:<\/strong><\/p>\n<ul>\n<li>Partiets\u00a0ordf\u00f6rande\u00a0heter\u00a0<a href=\"https:\/\/www.kristdemokraterna.se\/Ebba\/\">Ebba\u00a0Busch<\/a>.<\/li>\n<li>Vi\u00a0har\u00a022\u00a0riksdagsledam\u00f6ter.\u00a0Kristdemokraterna\u00a0fick\u00a0sitt\u00a0f\u00f6rsta\u00a0riksdagsmandat\u00a01991.\u00a0I\u00a0det\u00a0senaste\u00a0riksdagsvalet\u00a0fick\u00a0Kristdemokraterna\u00a06,32\u00a0%\u00a0av\u00a0r\u00f6sterna,\u00a0en\u00a0\u00f6kning\u00a0med\u00a01,75\u00a0%\u00a0fr\u00e5n\u00a0f\u00f6reg\u00e5ende\u00a0val.\u00a0Vi\u00a0har\u00a0drygt\u00a025300\u00a0medlemmar.\u00a0Vi\u00a0\u00e4r\u00a0organiserade\u00a0i\u00a026\u00a0distrikt.\u00a0Ett\u00a0distrikt\u00a0omfattar\u00a0oftast\u00a0ett\u00a0l\u00e4n\u00a0och\u00a0vi\u00a0\u00e4r\u00a0representerade\u00a0i\u00a0samtliga\u00a0landsting\u00a0f\u00f6rutom\u00a0Norrbotten.<\/li>\n<li>Kristdemokraterna\u00a0\u00e4r\u00a0representerade\u00a0i\u00a0251\u00a0kommuner\u00a0av\u00a0totalt\u00a0290.\u00a0V\u00e5ra\u00a0lokala\u00a0representanter\u00a0hittar\u00a0du\u00a0<a href=\"https:\/\/kristdemokraterna.se\/engagera-dig\/kd-lokalt\/\">h\u00e4r<\/a>.\u00a0Vi\u00a0har\u00a0sex\u00a0kommuner\u00a0d\u00e4r\u00a0KD\u00a0innehar\u00a0KSO-uppdraget\u00a0(Kommunstyrelsens\u00a0ordf\u00f6rande,\u00a0Lax\u00e5,\u00a0\u00d6cker\u00f6,\u00a0\u00d6desh\u00f6g,\u00a0S\u00e4vsj\u00f6,\u00a0Markaryd,\u00a0Lycksele\u00a0(2020).<\/li>\n<li>I\u00a0partiet\u00a0finns\u00a0ocks\u00e5\u00a0ett\u00a0<a href=\"https:\/\/kd-k.se\/\">kvinnof\u00f6rbund<\/a>,\u00a0ett\u00a0<a class=\"externalLink\" title=\"Till KDUs hemsida - \u00f6ppnas i nytt f\u00f6nster\" href=\"http:\/\/www.kdu.se\/\" target=\"_blank\" rel=\"noopener\">ungdomsf\u00f6rbund<\/a>,\u00a0ett\u00a0<a class=\"externalLink\" title=\"Till studentf\u00f6rbundets hemsida - \u00f6ppnas i nytt f\u00f6nster\" href=\"http:\/\/www.studentmakt.nu\/\" target=\"_blank\" rel=\"noopener\">studentf\u00f6rbund<\/a>\u00a0och\u00a0ett\u00a0<a class=\"externalLink\" title=\"Till seniorf\u00f6rbundets hemsida - \u00f6ppnas i nytt f\u00f6nster\" href=\"http:\/\/www.kdsenior.se\/\" target=\"_blank\" rel=\"noopener\">seniorf\u00f6rbund<\/a>.<\/li>\n<li>\u00c5r\u00a02005\u00a0startade\u00a0organisationen\u00a0<a class=\"externalLink\" title=\"KIC - Kristdemokratiskt Internationellt Center - \u00d6ppnas i ett nytt f\u00f6nster\" href=\"http:\/\/www.kicsweden.org\/\" target=\"_blank\" rel=\"noopener\">KIC\u00a0\u2013\u00a0Kristdemokratiskt\u00a0Internationellt\u00a0Center<\/a>\u00a0\u00a0som\u00a0arbetar\u00a0med\u00a0demokratibist\u00e5nd.\u00a0De\u00a0st\u00f6djer\u00a0andra\u00a0kristdemokratiska\u00a0partier.\u00a0I\u00a0diktaturer\u00a0st\u00f6ttar\u00a0de\u00a0demokratir\u00f6relser\u00a0som\u00a0befinner\u00a0sig\u00a0i\u00a0opposition.<\/li>\n<li>Kristdemokraterna\u00a0\u00e4r\u00a0representerat\u00a0i\u00a0EU-parlamentet\u00a0av\u00a0Sara\u00a0Skyttedal\u00a0och\u00a0David\u00a0Lega.\u00a0P\u00e5\u00a0europeisk\u00a0niv\u00e5\u00a0utg\u00f6r\u00a0Kristdemokraterna\u00a0en\u00a0del\u00a0av\u00a0EPP\u00a0\u2013\u00a0European\u00a0People\u00b4s\u00a0Party\u00a0\u2013\u00a0en\u00a0sammanslutning\u00a0av\u00a0kristdemokratiska\u00a0partier\u00a0i\u00a0Europa.<\/li>\n<\/ul>\n<\/div>\n<\/div>\n<\/div>\n<p>&nbsp;<\/p>\n","protected":false},"excerpt":{"rendered":"<p>Kristdemokraterna\u00a0s\u00e4tter\u00a0m\u00e4nniskov\u00e4rdet\u00a0fr\u00e4mst\u00a0och\u00a0vill\u00a0prioritera\u00a0det\u00a0som\u00a0\u00e4r\u00a0n\u00f6dv\u00e4ndigt\u00a0f\u00f6r\u00a0att\u00a0bygga\u00a0ett\u00a0samh\u00e4lle\u00a0som\u00a0h\u00e5ller\u00a0ihop.\u00a0V\u00e5rden,\u00a0\u00e4ldrefr\u00e5gorna\u00a0och\u00a0tryggheten\u00a0\u00e4r\u00a0v\u00e5ra\u00a0prioriterade\u00a0fr\u00e5gor. V\u00e5rt\u00a0partinamn\u00a0ber\u00e4ttar\u00a0vad\u00a0vi\u00a0st\u00e5r\u00a0f\u00f6r\u00a0\u2013\u00a0en\u00a0demokrati\u00a0byggd\u00a0p\u00e5\u00a0kristen\u00a0m\u00e4nniskosyn\u00a0och\u00a0v\u00e4rdegrund.\u00a0En\u00a0vanlig\u00a0missuppfattning\u00a0\u00e4r\u00a0att\u00a0man\u00a0m\u00e5ste\u00a0vara\u00a0troende\u00a0f\u00f6r\u00a0att\u00a0vara\u00a0med.\u00a0Det\u00a0\u00e4r\u00a0fel.\u00a0Alla\u00a0som\u00a0delar\u00a0v\u00e5ra\u00a0id\u00e9er\u00a0\u00e4r\u00a0v\u00e4lkomna\u00a0i\u00a0partiet. Fakta\u00a0om\u00a0partiet: Partiets\u00a0ordf\u00f6rande\u00a0heter\u00a0Ebba\u00a0Busch. Vi\u00a0har\u00a022\u00a0riksdagsledam\u00f6ter.\u00a0Kristdemokraterna\u00a0fick\u00a0sitt\u00a0f\u00f6rsta\u00a0riksdagsmandat\u00a01991.\u00a0I\u00a0det\u00a0senaste\u00a0riksdagsvalet\u00a0fick\u00a0Kristdemokraterna\u00a06,32\u00a0%\u00a0av\u00a0r\u00f6sterna,\u00a0en\u00a0\u00f6kning\u00a0med\u00a01,75\u00a0%\u00a0fr\u00e5n\u00a0f\u00f6reg\u00e5ende\u00a0val.\u00a0Vi\u00a0har\u00a0drygt\u00a025300\u00a0medlemmar.\u00a0Vi\u00a0\u00e4r\u00a0organiserade\u00a0i\u00a026\u00a0distrikt.\u00a0Ett\u00a0distrikt\u00a0omfattar\u00a0oftast\u00a0ett\u00a0l\u00e4n\u00a0och\u00a0vi\u00a0\u00e4r\u00a0representerade\u00a0i\u00a0samtliga\u00a0landsting\u00a0f\u00f6rutom\u00a0Norrbotten. Kristdemokraterna\u00a0\u00e4r\u00a0representerade\u00a0i\u00a0251\u00a0kommuner\u00a0av\u00a0totalt\u00a0290.\u00a0V\u00e5ra\u00a0lokala\u00a0representanter\u00a0hittar\u00a0du\u00a0h\u00e4r.\u00a0Vi\u00a0har\u00a0sex\u00a0kommuner\u00a0d\u00e4r\u00a0KD\u00a0innehar\u00a0KSO-uppdraget\u00a0(Kommunstyrelsens\u00a0ordf\u00f6rande,\u00a0Lax\u00e5,\u00a0\u00d6cker\u00f6,\u00a0\u00d6desh\u00f6g,\u00a0S\u00e4vsj\u00f6,\u00a0Markaryd,\u00a0Lycksele\u00a0(2020). I\u00a0partiet\u00a0finns\u00a0ocks\u00e5\u00a0ett\u00a0kvinnof\u00f6rbund,\u00a0ett\u00a0ungdomsf\u00f6rbund,\u00a0ett\u00a0studentf\u00f6rbund\u00a0och\u00a0ett\u00a0seniorf\u00f6rbund. \u00c5r\u00a02005\u00a0startade\u00a0organisationen\u00a0KIC\u00a0\u2013\u00a0Kristdemokratiskt\u00a0Internationellt\u00a0Center\u00a0\u00a0som\u00a0arbetar\u00a0med\u00a0demokratibist\u00e5nd.\u00a0De\u00a0st\u00f6djer\u00a0andra\u00a0kristdemokratiska\u00a0partier.\u00a0I\u00a0diktaturer\u00a0st\u00f6ttar\u00a0de\u00a0demokratir\u00f6relser\u00a0som\u00a0befinner\u00a0sig\u00a0i\u00a0opposition. Kristdemokraterna\u00a0\u00e4r\u00a0representerat\u00a0i\u00a0EU-parlamentet\u00a0av\u00a0Sara\u00a0Skyttedal\u00a0och\u00a0David\u00a0Lega.\u00a0P\u00e5\u00a0europeisk\u00a0niv\u00e5\u00a0utg\u00f6r\u00a0Kristdemokraterna\u00a0en\u00a0del\u00a0av\u00a0EPP\u00a0\u2013\u00a0European\u00a0People\u00b4s\u00a0Party\u00a0\u2013\u00a0en\u00a0sammanslutning\u00a0av\u00a0kristdemokratiska\u00a0partier\u00a0i\u00a0Europa. &nbsp;<\/p>\n","protected":false},"author":759,"featured_media":0,"parent":272,"menu_order":1,"comment_status":"closed","ping_status":"closed","template":"page.php","meta":{"_acf_changed":false,"footnotes":""},"class_list":["post-368","page","type-page","status-publish","hentry"],"acf":[],"yoast_head":"<!-- This site is optimized with the Yoast SEO plugin v27.4 - https:\/\/yoast.com\/product\/yoast-seo-wordpress\/ -->\n<title>Om Kristdemokraterna - Kristdemokraterna i Katrineholm<\/title>\n<meta name=\"robots\" content=\"index, follow, max-snippet:-1, max-image-preview:large, max-video-preview:-1\" \/>\n<link rel=\"canonical\" href=\"https:\/\/wp.kristdemokraterna.se\/katrineholm\/textsida-fullbredd\/om-kristdemokraterna\/\" \/>\n<meta property=\"og:locale\" content=\"sv_SE\" \/>\n<meta property=\"og:type\" content=\"article\" \/>\n<meta property=\"og:title\" content=\"Om Kristdemokraterna - Kristdemokraterna i Katrineholm\" \/>\n<meta property=\"og:description\" content=\"Kristdemokraterna\u00a0s\u00e4tter\u00a0m\u00e4nniskov\u00e4rdet\u00a0fr\u00e4mst\u00a0och\u00a0vill\u00a0prioritera\u00a0det\u00a0som\u00a0\u00e4r\u00a0n\u00f6dv\u00e4ndigt\u00a0f\u00f6r\u00a0att\u00a0bygga\u00a0ett\u00a0samh\u00e4lle\u00a0som\u00a0h\u00e5ller\u00a0ihop.\u00a0V\u00e5rden,\u00a0\u00e4ldrefr\u00e5gorna\u00a0och\u00a0tryggheten\u00a0\u00e4r\u00a0v\u00e5ra\u00a0prioriterade\u00a0fr\u00e5gor. V\u00e5rt\u00a0partinamn\u00a0ber\u00e4ttar\u00a0vad\u00a0vi\u00a0st\u00e5r\u00a0f\u00f6r\u00a0\u2013\u00a0en\u00a0demokrati\u00a0byggd\u00a0p\u00e5\u00a0kristen\u00a0m\u00e4nniskosyn\u00a0och\u00a0v\u00e4rdegrund.\u00a0En\u00a0vanlig\u00a0missuppfattning\u00a0\u00e4r\u00a0att\u00a0man\u00a0m\u00e5ste\u00a0vara\u00a0troende\u00a0f\u00f6r\u00a0att\u00a0vara\u00a0med.\u00a0Det\u00a0\u00e4r\u00a0fel.\u00a0Alla\u00a0som\u00a0delar\u00a0v\u00e5ra\u00a0id\u00e9er\u00a0\u00e4r\u00a0v\u00e4lkomna\u00a0i\u00a0partiet. Fakta\u00a0om\u00a0partiet: Partiets\u00a0ordf\u00f6rande\u00a0heter\u00a0Ebba\u00a0Busch. Vi\u00a0har\u00a022\u00a0riksdagsledam\u00f6ter.\u00a0Kristdemokraterna\u00a0fick\u00a0sitt\u00a0f\u00f6rsta\u00a0riksdagsmandat\u00a01991.\u00a0I\u00a0det\u00a0senaste\u00a0riksdagsvalet\u00a0fick\u00a0Kristdemokraterna\u00a06,32\u00a0%\u00a0av\u00a0r\u00f6sterna,\u00a0en\u00a0\u00f6kning\u00a0med\u00a01,75\u00a0%\u00a0fr\u00e5n\u00a0f\u00f6reg\u00e5ende\u00a0val.\u00a0Vi\u00a0har\u00a0drygt\u00a025300\u00a0medlemmar.\u00a0Vi\u00a0\u00e4r\u00a0organiserade\u00a0i\u00a026\u00a0distrikt.\u00a0Ett\u00a0distrikt\u00a0omfattar\u00a0oftast\u00a0ett\u00a0l\u00e4n\u00a0och\u00a0vi\u00a0\u00e4r\u00a0representerade\u00a0i\u00a0samtliga\u00a0landsting\u00a0f\u00f6rutom\u00a0Norrbotten. Kristdemokraterna\u00a0\u00e4r\u00a0representerade\u00a0i\u00a0251\u00a0kommuner\u00a0av\u00a0totalt\u00a0290.\u00a0V\u00e5ra\u00a0lokala\u00a0representanter\u00a0hittar\u00a0du\u00a0h\u00e4r.\u00a0Vi\u00a0har\u00a0sex\u00a0kommuner\u00a0d\u00e4r\u00a0KD\u00a0innehar\u00a0KSO-uppdraget\u00a0(Kommunstyrelsens\u00a0ordf\u00f6rande,\u00a0Lax\u00e5,\u00a0\u00d6cker\u00f6,\u00a0\u00d6desh\u00f6g,\u00a0S\u00e4vsj\u00f6,\u00a0Markaryd,\u00a0Lycksele\u00a0(2020). I\u00a0partiet\u00a0finns\u00a0ocks\u00e5\u00a0ett\u00a0kvinnof\u00f6rbund,\u00a0ett\u00a0ungdomsf\u00f6rbund,\u00a0ett\u00a0studentf\u00f6rbund\u00a0och\u00a0ett\u00a0seniorf\u00f6rbund. \u00c5r\u00a02005\u00a0startade\u00a0organisationen\u00a0KIC\u00a0\u2013\u00a0Kristdemokratiskt\u00a0Internationellt\u00a0Center\u00a0\u00a0som\u00a0arbetar\u00a0med\u00a0demokratibist\u00e5nd.\u00a0De\u00a0st\u00f6djer\u00a0andra\u00a0kristdemokratiska\u00a0partier.\u00a0I\u00a0diktaturer\u00a0st\u00f6ttar\u00a0de\u00a0demokratir\u00f6relser\u00a0som\u00a0befinner\u00a0sig\u00a0i\u00a0opposition. Kristdemokraterna\u00a0\u00e4r\u00a0representerat\u00a0i\u00a0EU-parlamentet\u00a0av\u00a0Sara\u00a0Skyttedal\u00a0och\u00a0David\u00a0Lega.\u00a0P\u00e5\u00a0europeisk\u00a0niv\u00e5\u00a0utg\u00f6r\u00a0Kristdemokraterna\u00a0en\u00a0del\u00a0av\u00a0EPP\u00a0\u2013\u00a0European\u00a0People\u00b4s\u00a0Party\u00a0\u2013\u00a0en\u00a0sammanslutning\u00a0av\u00a0kristdemokratiska\u00a0partier\u00a0i\u00a0Europa. &nbsp;\" \/>\n<meta property=\"og:url\" content=\"https:\/\/wp.kristdemokraterna.se\/katrineholm\/textsida-fullbredd\/om-kristdemokraterna\/\" \/>\n<meta property=\"og:site_name\" content=\"Kristdemokraterna i Katrineholm\" \/>\n<meta property=\"article:modified_time\" content=\"2022-05-24T19:37:22+00:00\" \/>\n<meta name=\"twitter:card\" content=\"summary_large_image\" \/>\n<meta name=\"twitter:label1\" content=\"Ber\u00e4knad l\u00e4stid\" \/>\n\t<meta name=\"twitter:data1\" content=\"1 minut\" \/>\n<script type=\"application\/ld+json\" class=\"yoast-schema-graph\">{\"@context\":\"https:\\\/\\\/schema.org\",\"@graph\":[{\"@type\":\"WebPage\",\"@id\":\"https:\\\/\\\/wp.kristdemokraterna.se\\\/katrineholm\\\/textsida-fullbredd\\\/om-kristdemokraterna\\\/\",\"url\":\"https:\\\/\\\/wp.kristdemokraterna.se\\\/katrineholm\\\/textsida-fullbredd\\\/om-kristdemokraterna\\\/\",\"name\":\"Om Kristdemokraterna - Kristdemokraterna i Katrineholm\",\"isPartOf\":{\"@id\":\"https:\\\/\\\/wp.kristdemokraterna.se\\\/katrineholm\\\/#website\"},\"datePublished\":\"2017-12-04T15:44:15+00:00\",\"dateModified\":\"2022-05-24T19:37:22+00:00\",\"breadcrumb\":{\"@id\":\"https:\\\/\\\/wp.kristdemokraterna.se\\\/katrineholm\\\/textsida-fullbredd\\\/om-kristdemokraterna\\\/#breadcrumb\"},\"inLanguage\":\"sv-SE\",\"potentialAction\":[{\"@type\":\"ReadAction\",\"target\":[\"https:\\\/\\\/wp.kristdemokraterna.se\\\/katrineholm\\\/textsida-fullbredd\\\/om-kristdemokraterna\\\/\"]}]},{\"@type\":\"BreadcrumbList\",\"@id\":\"https:\\\/\\\/wp.kristdemokraterna.se\\\/katrineholm\\\/textsida-fullbredd\\\/om-kristdemokraterna\\\/#breadcrumb\",\"itemListElement\":[{\"@type\":\"ListItem\",\"position\":1,\"name\":\"Hem\",\"item\":\"https:\\\/\\\/wp.kristdemokraterna.se\\\/katrineholm\\\/\"},{\"@type\":\"ListItem\",\"position\":2,\"name\":\"Vad vi st\u00e5r f\u00f6r\",\"item\":\"https:\\\/\\\/wp.kristdemokraterna.se\\\/katrineholm\\\/textsida-fullbredd\\\/\"},{\"@type\":\"ListItem\",\"position\":3,\"name\":\"Om Kristdemokraterna\"}]},{\"@type\":\"WebSite\",\"@id\":\"https:\\\/\\\/wp.kristdemokraterna.se\\\/katrineholm\\\/#website\",\"url\":\"https:\\\/\\\/wp.kristdemokraterna.se\\\/katrineholm\\\/\",\"name\":\"Kristdemokraterna i Katrineholm\",\"description\":\"En till Kristdemokraterna webbplats\",\"inLanguage\":\"sv-SE\"}]}<\/script>\n<!-- \/ Yoast SEO plugin. -->","yoast_head_json":{"title":"Om Kristdemokraterna - Kristdemokraterna i Katrineholm","robots":{"index":"index","follow":"follow","max-snippet":"max-snippet:-1","max-image-preview":"max-image-preview:large","max-video-preview":"max-video-preview:-1"},"canonical":"https:\/\/wp.kristdemokraterna.se\/katrineholm\/textsida-fullbredd\/om-kristdemokraterna\/","og_locale":"sv_SE","og_type":"article","og_title":"Om Kristdemokraterna - Kristdemokraterna i Katrineholm","og_description":"Kristdemokraterna\u00a0s\u00e4tter\u00a0m\u00e4nniskov\u00e4rdet\u00a0fr\u00e4mst\u00a0och\u00a0vill\u00a0prioritera\u00a0det\u00a0som\u00a0\u00e4r\u00a0n\u00f6dv\u00e4ndigt\u00a0f\u00f6r\u00a0att\u00a0bygga\u00a0ett\u00a0samh\u00e4lle\u00a0som\u00a0h\u00e5ller\u00a0ihop.\u00a0V\u00e5rden,\u00a0\u00e4ldrefr\u00e5gorna\u00a0och\u00a0tryggheten\u00a0\u00e4r\u00a0v\u00e5ra\u00a0prioriterade\u00a0fr\u00e5gor. V\u00e5rt\u00a0partinamn\u00a0ber\u00e4ttar\u00a0vad\u00a0vi\u00a0st\u00e5r\u00a0f\u00f6r\u00a0\u2013\u00a0en\u00a0demokrati\u00a0byggd\u00a0p\u00e5\u00a0kristen\u00a0m\u00e4nniskosyn\u00a0och\u00a0v\u00e4rdegrund.\u00a0En\u00a0vanlig\u00a0missuppfattning\u00a0\u00e4r\u00a0att\u00a0man\u00a0m\u00e5ste\u00a0vara\u00a0troende\u00a0f\u00f6r\u00a0att\u00a0vara\u00a0med.\u00a0Det\u00a0\u00e4r\u00a0fel.\u00a0Alla\u00a0som\u00a0delar\u00a0v\u00e5ra\u00a0id\u00e9er\u00a0\u00e4r\u00a0v\u00e4lkomna\u00a0i\u00a0partiet. Fakta\u00a0om\u00a0partiet: Partiets\u00a0ordf\u00f6rande\u00a0heter\u00a0Ebba\u00a0Busch. Vi\u00a0har\u00a022\u00a0riksdagsledam\u00f6ter.\u00a0Kristdemokraterna\u00a0fick\u00a0sitt\u00a0f\u00f6rsta\u00a0riksdagsmandat\u00a01991.\u00a0I\u00a0det\u00a0senaste\u00a0riksdagsvalet\u00a0fick\u00a0Kristdemokraterna\u00a06,32\u00a0%\u00a0av\u00a0r\u00f6sterna,\u00a0en\u00a0\u00f6kning\u00a0med\u00a01,75\u00a0%\u00a0fr\u00e5n\u00a0f\u00f6reg\u00e5ende\u00a0val.\u00a0Vi\u00a0har\u00a0drygt\u00a025300\u00a0medlemmar.\u00a0Vi\u00a0\u00e4r\u00a0organiserade\u00a0i\u00a026\u00a0distrikt.\u00a0Ett\u00a0distrikt\u00a0omfattar\u00a0oftast\u00a0ett\u00a0l\u00e4n\u00a0och\u00a0vi\u00a0\u00e4r\u00a0representerade\u00a0i\u00a0samtliga\u00a0landsting\u00a0f\u00f6rutom\u00a0Norrbotten. Kristdemokraterna\u00a0\u00e4r\u00a0representerade\u00a0i\u00a0251\u00a0kommuner\u00a0av\u00a0totalt\u00a0290.\u00a0V\u00e5ra\u00a0lokala\u00a0representanter\u00a0hittar\u00a0du\u00a0h\u00e4r.\u00a0Vi\u00a0har\u00a0sex\u00a0kommuner\u00a0d\u00e4r\u00a0KD\u00a0innehar\u00a0KSO-uppdraget\u00a0(Kommunstyrelsens\u00a0ordf\u00f6rande,\u00a0Lax\u00e5,\u00a0\u00d6cker\u00f6,\u00a0\u00d6desh\u00f6g,\u00a0S\u00e4vsj\u00f6,\u00a0Markaryd,\u00a0Lycksele\u00a0(2020). I\u00a0partiet\u00a0finns\u00a0ocks\u00e5\u00a0ett\u00a0kvinnof\u00f6rbund,\u00a0ett\u00a0ungdomsf\u00f6rbund,\u00a0ett\u00a0studentf\u00f6rbund\u00a0och\u00a0ett\u00a0seniorf\u00f6rbund. \u00c5r\u00a02005\u00a0startade\u00a0organisationen\u00a0KIC\u00a0\u2013\u00a0Kristdemokratiskt\u00a0Internationellt\u00a0Center\u00a0\u00a0som\u00a0arbetar\u00a0med\u00a0demokratibist\u00e5nd.\u00a0De\u00a0st\u00f6djer\u00a0andra\u00a0kristdemokratiska\u00a0partier.\u00a0I\u00a0diktaturer\u00a0st\u00f6ttar\u00a0de\u00a0demokratir\u00f6relser\u00a0som\u00a0befinner\u00a0sig\u00a0i\u00a0opposition. Kristdemokraterna\u00a0\u00e4r\u00a0representerat\u00a0i\u00a0EU-parlamentet\u00a0av\u00a0Sara\u00a0Skyttedal\u00a0och\u00a0David\u00a0Lega.\u00a0P\u00e5\u00a0europeisk\u00a0niv\u00e5\u00a0utg\u00f6r\u00a0Kristdemokraterna\u00a0en\u00a0del\u00a0av\u00a0EPP\u00a0\u2013\u00a0European\u00a0People\u00b4s\u00a0Party\u00a0\u2013\u00a0en\u00a0sammanslutning\u00a0av\u00a0kristdemokratiska\u00a0partier\u00a0i\u00a0Europa. &nbsp;","og_url":"https:\/\/wp.kristdemokraterna.se\/katrineholm\/textsida-fullbredd\/om-kristdemokraterna\/","og_site_name":"Kristdemokraterna i Katrineholm","article_modified_time":"2022-05-24T19:37:22+00:00","twitter_card":"summary_large_image","twitter_misc":{"Ber\u00e4knad l\u00e4stid":"1 minut"},"schema":{"@context":"https:\/\/schema.org","@graph":[{"@type":"WebPage","@id":"https:\/\/wp.kristdemokraterna.se\/katrineholm\/textsida-fullbredd\/om-kristdemokraterna\/","url":"https:\/\/wp.kristdemokraterna.se\/katrineholm\/textsida-fullbredd\/om-kristdemokraterna\/","name":"Om Kristdemokraterna - Kristdemokraterna i Katrineholm","isPartOf":{"@id":"https:\/\/wp.kristdemokraterna.se\/katrineholm\/#website"},"datePublished":"2017-12-04T15:44:15+00:00","dateModified":"2022-05-24T19:37:22+00:00","breadcrumb":{"@id":"https:\/\/wp.kristdemokraterna.se\/katrineholm\/textsida-fullbredd\/om-kristdemokraterna\/#breadcrumb"},"inLanguage":"sv-SE","potentialAction":[{"@type":"ReadAction","target":["https:\/\/wp.kristdemokraterna.se\/katrineholm\/textsida-fullbredd\/om-kristdemokraterna\/"]}]},{"@type":"BreadcrumbList","@id":"https:\/\/wp.kristdemokraterna.se\/katrineholm\/textsida-fullbredd\/om-kristdemokraterna\/#breadcrumb","itemListElement":[{"@type":"ListItem","position":1,"name":"Hem","item":"https:\/\/wp.kristdemokraterna.se\/katrineholm\/"},{"@type":"ListItem","position":2,"name":"Vad vi st\u00e5r f\u00f6r","item":"https:\/\/wp.kristdemokraterna.se\/katrineholm\/textsida-fullbredd\/"},{"@type":"ListItem","position":3,"name":"Om Kristdemokraterna"}]},{"@type":"WebSite","@id":"https:\/\/wp.kristdemokraterna.se\/katrineholm\/#website","url":"https:\/\/wp.kristdemokraterna.se\/katrineholm\/","name":"Kristdemokraterna i Katrineholm","description":"En till Kristdemokraterna webbplats","inLanguage":"sv-SE"}]}},"_links":{"self":[{"href":"https:\/\/wp.kristdemokraterna.se\/katrineholm\/wp-json\/wp\/v2\/pages\/368","targetHints":{"allow":["GET"]}}],"collection":[{"href":"https:\/\/wp.kristdemokraterna.se\/katrineholm\/wp-json\/wp\/v2\/pages"}],"about":[{"href":"https:\/\/wp.kristdemokraterna.se\/katrineholm\/wp-json\/wp\/v2\/types\/page"}],"author":[{"embeddable":true,"href":"https:\/\/wp.kristdemokraterna.se\/katrineholm\/wp-json\/wp\/v2\/users\/759"}],"replies":[{"embeddable":true,"href":"https:\/\/wp.kristdemokraterna.se\/katrineholm\/wp-json\/wp\/v2\/comments?post=368"}],"version-history":[{"count":4,"href":"https:\/\/wp.kristdemokraterna.se\/katrineholm\/wp-json\/wp\/v2\/pages\/368\/revisions"}],"predecessor-version":[{"id":553,"href":"https:\/\/wp.kristdemokraterna.se\/katrineholm\/wp-json\/wp\/v2\/pages\/368\/revisions\/553"}],"up":[{"embeddable":true,"href":"https:\/\/wp.kristdemokraterna.se\/katrineholm\/wp-json\/wp\/v2\/pages\/272"}],"wp:attachment":[{"href":"https:\/\/wp.kristdemokraterna.se\/katrineholm\/wp-json\/wp\/v2\/media?parent=368"}],"curies":[{"name":"wp","href":"https:\/\/api.w.org\/{rel}","templated":true}]}}