{"id":409,"date":"2018-01-12T12:02:37","date_gmt":"2018-01-12T11:02:37","guid":{"rendered":"http:\/\/wp.kristdemokraterna.se\/katrineholm22\/?page_id=409"},"modified":"2026-03-17T12:30:54","modified_gmt":"2026-03-17T11:30:54","slug":"vara-politiker","status":"publish","type":"page","link":"https:\/\/wp.kristdemokraterna.se\/katrineholm\/textsida-med-vanster-sidebar\/vara-politiker\/","title":{"rendered":"V\u00e5ra politiker"},"content":{"rendered":"<p><strong>Marian Loley<\/strong><br \/>\nKommunfullm\u00e4ktige, ledamot<\/p>\n<p><strong>Alexander Forss<\/strong><br \/>\nKommunfullm\u00e4ktige, ledamot och gruppledare<\/p>\n<p><strong>John G Ogenholt<\/strong><br \/>\nKommunfullm\u00e4ktige, ledamot<\/p>\n<p><strong>Dag Dun\u00e5s<\/strong><br \/>\nKommunfullm\u00e4ktige, ledamot<\/p>\n<p><strong>Emil \u00c5hl<\/strong><br \/>\nKommunfullm\u00e4ktige, ers\u00e4ttare<\/p>\n","protected":false},"excerpt":{"rendered":"<p>Marian Loley Kommunfullm\u00e4ktige, ledamot Alexander Forss Kommunfullm\u00e4ktige, ledamot och gruppledare John G Ogenholt Kommunfullm\u00e4ktige, ledamot Dag Dun\u00e5s Kommunfullm\u00e4ktige, ledamot Emil \u00c5hl Kommunfullm\u00e4ktige, ers\u00e4ttare<\/p>\n","protected":false},"author":759,"featured_media":0,"parent":269,"menu_order":0,"comment_status":"closed","ping_status":"closed","template":"page.php","meta":{"_acf_changed":false,"footnotes":""},"class_list":["post-409","page","type-page","status-publish","hentry"],"acf":[],"yoast_head":"<!-- This site is optimized with the Yoast SEO plugin v27.3 - https:\/\/yoast.com\/product\/yoast-seo-wordpress\/ -->\n<title>V\u00e5ra politiker - Kristdemokraterna i Katrineholm<\/title>\n<meta name=\"robots\" content=\"index, follow, max-snippet:-1, max-image-preview:large, max-video-preview:-1\" \/>\n<link rel=\"canonical\" href=\"https:\/\/wp.kristdemokraterna.se\/katrineholm\/textsida-med-vanster-sidebar\/vara-politiker\/\" \/>\n<meta property=\"og:locale\" content=\"sv_SE\" \/>\n<meta property=\"og:type\" content=\"article\" \/>\n<meta property=\"og:title\" content=\"V\u00e5ra politiker - Kristdemokraterna i Katrineholm\" \/>\n<meta property=\"og:description\" content=\"Marian Loley Kommunfullm\u00e4ktige, ledamot Alexander Forss Kommunfullm\u00e4ktige, ledamot och gruppledare John G Ogenholt Kommunfullm\u00e4ktige, ledamot Dag Dun\u00e5s Kommunfullm\u00e4ktige, ledamot Emil \u00c5hl Kommunfullm\u00e4ktige, ers\u00e4ttare\" \/>\n<meta property=\"og:url\" content=\"https:\/\/wp.kristdemokraterna.se\/katrineholm\/textsida-med-vanster-sidebar\/vara-politiker\/\" \/>\n<meta property=\"og:site_name\" content=\"Kristdemokraterna i Katrineholm\" \/>\n<meta property=\"article:modified_time\" content=\"2026-03-17T11:30:54+00:00\" \/>\n<meta name=\"twitter:card\" content=\"summary_large_image\" \/>\n<meta name=\"twitter:label1\" content=\"Ber\u00e4knad l\u00e4stid\" \/>\n\t<meta name=\"twitter:data1\" content=\"1 minut\" \/>\n<script type=\"application\/ld+json\" class=\"yoast-schema-graph\">{\"@context\":\"https:\\\/\\\/schema.org\",\"@graph\":[{\"@type\":\"WebPage\",\"@id\":\"https:\\\/\\\/wp.kristdemokraterna.se\\\/katrineholm\\\/textsida-med-vanster-sidebar\\\/vara-politiker\\\/\",\"url\":\"https:\\\/\\\/wp.kristdemokraterna.se\\\/katrineholm\\\/textsida-med-vanster-sidebar\\\/vara-politiker\\\/\",\"name\":\"V\u00e5ra politiker - Kristdemokraterna i Katrineholm\",\"isPartOf\":{\"@id\":\"https:\\\/\\\/wp.kristdemokraterna.se\\\/katrineholm\\\/#website\"},\"datePublished\":\"2018-01-12T11:02:37+00:00\",\"dateModified\":\"2026-03-17T11:30:54+00:00\",\"breadcrumb\":{\"@id\":\"https:\\\/\\\/wp.kristdemokraterna.se\\\/katrineholm\\\/textsida-med-vanster-sidebar\\\/vara-politiker\\\/#breadcrumb\"},\"inLanguage\":\"sv-SE\",\"potentialAction\":[{\"@type\":\"ReadAction\",\"target\":[\"https:\\\/\\\/wp.kristdemokraterna.se\\\/katrineholm\\\/textsida-med-vanster-sidebar\\\/vara-politiker\\\/\"]}]},{\"@type\":\"BreadcrumbList\",\"@id\":\"https:\\\/\\\/wp.kristdemokraterna.se\\\/katrineholm\\\/textsida-med-vanster-sidebar\\\/vara-politiker\\\/#breadcrumb\",\"itemListElement\":[{\"@type\":\"ListItem\",\"position\":1,\"name\":\"Hem\",\"item\":\"https:\\\/\\\/wp.kristdemokraterna.se\\\/katrineholm\\\/\"},{\"@type\":\"ListItem\",\"position\":2,\"name\":\"V\u00e5r partiavdelning\",\"item\":\"https:\\\/\\\/wp.kristdemokraterna.se\\\/katrineholm\\\/textsida-med-vanster-sidebar\\\/\"},{\"@type\":\"ListItem\",\"position\":3,\"name\":\"V\u00e5ra politiker\"}]},{\"@type\":\"WebSite\",\"@id\":\"https:\\\/\\\/wp.kristdemokraterna.se\\\/katrineholm\\\/#website\",\"url\":\"https:\\\/\\\/wp.kristdemokraterna.se\\\/katrineholm\\\/\",\"name\":\"Kristdemokraterna i Katrineholm\",\"description\":\"En till Kristdemokraterna webbplats\",\"inLanguage\":\"sv-SE\"}]}<\/script>\n<!-- \/ Yoast SEO plugin. -->","yoast_head_json":{"title":"V\u00e5ra politiker - Kristdemokraterna i Katrineholm","robots":{"index":"index","follow":"follow","max-snippet":"max-snippet:-1","max-image-preview":"max-image-preview:large","max-video-preview":"max-video-preview:-1"},"canonical":"https:\/\/wp.kristdemokraterna.se\/katrineholm\/textsida-med-vanster-sidebar\/vara-politiker\/","og_locale":"sv_SE","og_type":"article","og_title":"V\u00e5ra politiker - Kristdemokraterna i Katrineholm","og_description":"Marian Loley Kommunfullm\u00e4ktige, ledamot Alexander Forss Kommunfullm\u00e4ktige, ledamot och gruppledare John G Ogenholt Kommunfullm\u00e4ktige, ledamot Dag Dun\u00e5s Kommunfullm\u00e4ktige, ledamot Emil \u00c5hl Kommunfullm\u00e4ktige, ers\u00e4ttare","og_url":"https:\/\/wp.kristdemokraterna.se\/katrineholm\/textsida-med-vanster-sidebar\/vara-politiker\/","og_site_name":"Kristdemokraterna i Katrineholm","article_modified_time":"2026-03-17T11:30:54+00:00","twitter_card":"summary_large_image","twitter_misc":{"Ber\u00e4knad l\u00e4stid":"1 minut"},"schema":{"@context":"https:\/\/schema.org","@graph":[{"@type":"WebPage","@id":"https:\/\/wp.kristdemokraterna.se\/katrineholm\/textsida-med-vanster-sidebar\/vara-politiker\/","url":"https:\/\/wp.kristdemokraterna.se\/katrineholm\/textsida-med-vanster-sidebar\/vara-politiker\/","name":"V\u00e5ra politiker - Kristdemokraterna i Katrineholm","isPartOf":{"@id":"https:\/\/wp.kristdemokraterna.se\/katrineholm\/#website"},"datePublished":"2018-01-12T11:02:37+00:00","dateModified":"2026-03-17T11:30:54+00:00","breadcrumb":{"@id":"https:\/\/wp.kristdemokraterna.se\/katrineholm\/textsida-med-vanster-sidebar\/vara-politiker\/#breadcrumb"},"inLanguage":"sv-SE","potentialAction":[{"@type":"ReadAction","target":["https:\/\/wp.kristdemokraterna.se\/katrineholm\/textsida-med-vanster-sidebar\/vara-politiker\/"]}]},{"@type":"BreadcrumbList","@id":"https:\/\/wp.kristdemokraterna.se\/katrineholm\/textsida-med-vanster-sidebar\/vara-politiker\/#breadcrumb","itemListElement":[{"@type":"ListItem","position":1,"name":"Hem","item":"https:\/\/wp.kristdemokraterna.se\/katrineholm\/"},{"@type":"ListItem","position":2,"name":"V\u00e5r partiavdelning","item":"https:\/\/wp.kristdemokraterna.se\/katrineholm\/textsida-med-vanster-sidebar\/"},{"@type":"ListItem","position":3,"name":"V\u00e5ra politiker"}]},{"@type":"WebSite","@id":"https:\/\/wp.kristdemokraterna.se\/katrineholm\/#website","url":"https:\/\/wp.kristdemokraterna.se\/katrineholm\/","name":"Kristdemokraterna i Katrineholm","description":"En till Kristdemokraterna webbplats","inLanguage":"sv-SE"}]}},"_links":{"self":[{"href":"https:\/\/wp.kristdemokraterna.se\/katrineholm\/wp-json\/wp\/v2\/pages\/409","targetHints":{"allow":["GET"]}}],"collection":[{"href":"https:\/\/wp.kristdemokraterna.se\/katrineholm\/wp-json\/wp\/v2\/pages"}],"about":[{"href":"https:\/\/wp.kristdemokraterna.se\/katrineholm\/wp-json\/wp\/v2\/types\/page"}],"author":[{"embeddable":true,"href":"https:\/\/wp.kristdemokraterna.se\/katrineholm\/wp-json\/wp\/v2\/users\/759"}],"replies":[{"embeddable":true,"href":"https:\/\/wp.kristdemokraterna.se\/katrineholm\/wp-json\/wp\/v2\/comments?post=409"}],"version-history":[{"count":9,"href":"https:\/\/wp.kristdemokraterna.se\/katrineholm\/wp-json\/wp\/v2\/pages\/409\/revisions"}],"predecessor-version":[{"id":617,"href":"https:\/\/wp.kristdemokraterna.se\/katrineholm\/wp-json\/wp\/v2\/pages\/409\/revisions\/617"}],"up":[{"embeddable":true,"href":"https:\/\/wp.kristdemokraterna.se\/katrineholm\/wp-json\/wp\/v2\/pages\/269"}],"wp:attachment":[{"href":"https:\/\/wp.kristdemokraterna.se\/katrineholm\/wp-json\/wp\/v2\/media?parent=409"}],"curies":[{"name":"wp","href":"https:\/\/api.w.org\/{rel}","templated":true}]}}