{"id":566,"date":"2022-05-24T22:02:13","date_gmt":"2022-05-24T20:02:13","guid":{"rendered":"https:\/\/wp.kristdemokraterna.se\/katrineholm\/?page_id=566"},"modified":"2022-05-24T22:04:16","modified_gmt":"2022-05-24T20:04:16","slug":"kandidatlista-till-kommunfullmaktige-valet-2022","status":"publish","type":"page","link":"https:\/\/wp.kristdemokraterna.se\/katrineholm\/textsida-med-vanster-sidebar\/kandidatlista-till-kommunfullmaktige-valet-2022\/","title":{"rendered":"Kandidatlista till Kommunfullm\u00e4ktige valet 2022"},"content":{"rendered":"<p>&nbsp;<\/p>\n<ol>\n<li><strong>Joha Frondelius<\/strong>, 63, F\u00f6retagare, Katrineholm<\/li>\n<li><strong>Marian Loley<\/strong>, 68, fd Kyrkobokf\u00f6ringsassistent, Valla<\/li>\n<li><strong>Alexander Forss<\/strong> 54, Verksamhetsutvecklare, Katrineholm<\/li>\n<li><strong>Dag Dun\u00e5s, 65<\/strong>, Ekonom, Str\u00e5ngsj\u00f6<\/li>\n<li><strong>John G Ogenholt<\/strong>, 57, Diakon, Verksamhetschef, Valla<\/li>\n<li><strong>Johanna Hellberg<\/strong>, 38, Undersk\u00f6terska, Katrineholm<\/li>\n<li><strong>Emil \u00c5hl<\/strong>, 39, Statistiker, Katrineholm<\/li>\n<li><strong>Carl-Philip Forss<\/strong>, 33 Civilingenj\u00f6r, Katrineholm<\/li>\n<li><strong>Petri Ogenholt<\/strong>, 57, Fil dr, Gymnasiel\u00e4rare, Valla<\/li>\n<li><strong>Ceith Landin<\/strong>, 48, K\u00f6kschef, Katrineholm<\/li>\n<li><strong>Carina Gillberg<\/strong>, 60, Undersk\u00f6terska, Bie<\/li>\n<li><strong>Elisabeth Jerlstr\u00f6m<\/strong>, 66, Socionom, Bie<\/li>\n<li><strong>Pia Fagerberg Svanqvist<\/strong>, 52, Kantor, Valla<\/li>\n<li><strong>David L\u00f6nnborg<\/strong>, 36, Jurist, Katrineholm<\/li>\n<li><strong>Matilda Jerlstr\u00f6m<\/strong>, 30, Jurist, Katrineholm<\/li>\n<li><strong>Robert Persson<\/strong>, 56, Driftledare, Katrineholm<\/li>\n<li><strong>Malin Andersson<\/strong>, 44, Lokalv\u00e5rdare, Julita<\/li>\n<li><strong>Daniel Asai<\/strong>, 54, L\u00e4rare, F\u00f6rfattare, Katrineholm<\/li>\n<li><strong>Anna-Maria Wiklund<\/strong>, 44, Barnsk\u00f6tare, Julita<\/li>\n<li><strong>Carl-Johan Forss<\/strong>, 83, Lektor, Katrineholm<\/li>\n<li><strong>Gunhild Asai<\/strong>, 53, Fritidsledare, Katrineholm<\/li>\n<\/ol>\n<h4>Kandidater till riksdagen och regionen hittar du\u00a0<a href=\"https:\/\/wp.kristdemokraterna.se\/sormland\/valet\/kandidatlista\/\">h\u00e4r<\/a>!<\/h4>\n","protected":false},"excerpt":{"rendered":"<p>&nbsp; Joha Frondelius, 63, F\u00f6retagare, Katrineholm Marian Loley, 68, fd Kyrkobokf\u00f6ringsassistent, Valla Alexander Forss 54, Verksamhetsutvecklare, Katrineholm Dag Dun\u00e5s, 65, Ekonom, Str\u00e5ngsj\u00f6 John G Ogenholt, 57, Diakon, Verksamhetschef, Valla Johanna Hellberg, 38, Undersk\u00f6terska, Katrineholm Emil \u00c5hl, 39, Statistiker, Katrineholm Carl-Philip Forss, 33 Civilingenj\u00f6r, Katrineholm Petri Ogenholt, 57, Fil dr, Gymnasiel\u00e4rare, Valla Ceith Landin, 48, K\u00f6kschef, <a class=\"read-more-link\" href=\"https:\/\/wp.kristdemokraterna.se\/katrineholm\/textsida-med-vanster-sidebar\/kandidatlista-till-kommunfullmaktige-valet-2022\/\">Read More<\/a><\/p>\n","protected":false},"author":1028,"featured_media":0,"parent":269,"menu_order":0,"comment_status":"closed","ping_status":"closed","template":"","meta":{"_acf_changed":false,"footnotes":""},"class_list":["post-566","page","type-page","status-publish","hentry"],"acf":[],"yoast_head":"<!-- This site is optimized with the Yoast SEO plugin v27.3 - https:\/\/yoast.com\/product\/yoast-seo-wordpress\/ -->\n<title>Kandidatlista till Kommunfullm\u00e4ktige valet 2022 - Kristdemokraterna i Katrineholm<\/title>\n<meta name=\"robots\" content=\"index, follow, max-snippet:-1, max-image-preview:large, max-video-preview:-1\" \/>\n<link rel=\"canonical\" href=\"https:\/\/wp.kristdemokraterna.se\/katrineholm\/textsida-med-vanster-sidebar\/kandidatlista-till-kommunfullmaktige-valet-2022\/\" \/>\n<meta property=\"og:locale\" content=\"sv_SE\" \/>\n<meta property=\"og:type\" content=\"article\" \/>\n<meta property=\"og:title\" content=\"Kandidatlista till Kommunfullm\u00e4ktige valet 2022 - Kristdemokraterna i Katrineholm\" \/>\n<meta property=\"og:description\" content=\"&nbsp; Joha Frondelius, 63, F\u00f6retagare, Katrineholm Marian Loley, 68, fd Kyrkobokf\u00f6ringsassistent, Valla Alexander Forss 54, Verksamhetsutvecklare, Katrineholm Dag Dun\u00e5s, 65, Ekonom, Str\u00e5ngsj\u00f6 John G Ogenholt, 57, Diakon, Verksamhetschef, Valla Johanna Hellberg, 38, Undersk\u00f6terska, Katrineholm Emil \u00c5hl, 39, Statistiker, Katrineholm Carl-Philip Forss, 33 Civilingenj\u00f6r, Katrineholm Petri Ogenholt, 57, Fil dr, Gymnasiel\u00e4rare, Valla Ceith Landin, 48, K\u00f6kschef, Read More\" \/>\n<meta property=\"og:url\" content=\"https:\/\/wp.kristdemokraterna.se\/katrineholm\/textsida-med-vanster-sidebar\/kandidatlista-till-kommunfullmaktige-valet-2022\/\" \/>\n<meta property=\"og:site_name\" content=\"Kristdemokraterna i Katrineholm\" \/>\n<meta property=\"article:modified_time\" content=\"2022-05-24T20:04:16+00:00\" \/>\n<meta name=\"twitter:card\" content=\"summary_large_image\" \/>\n<meta name=\"twitter:label1\" content=\"Ber\u00e4knad l\u00e4stid\" \/>\n\t<meta name=\"twitter:data1\" content=\"1 minut\" \/>\n<script type=\"application\/ld+json\" class=\"yoast-schema-graph\">{\"@context\":\"https:\\\/\\\/schema.org\",\"@graph\":[{\"@type\":\"WebPage\",\"@id\":\"https:\\\/\\\/wp.kristdemokraterna.se\\\/katrineholm\\\/textsida-med-vanster-sidebar\\\/kandidatlista-till-kommunfullmaktige-valet-2022\\\/\",\"url\":\"https:\\\/\\\/wp.kristdemokraterna.se\\\/katrineholm\\\/textsida-med-vanster-sidebar\\\/kandidatlista-till-kommunfullmaktige-valet-2022\\\/\",\"name\":\"Kandidatlista till Kommunfullm\u00e4ktige valet 2022 - Kristdemokraterna i Katrineholm\",\"isPartOf\":{\"@id\":\"https:\\\/\\\/wp.kristdemokraterna.se\\\/katrineholm\\\/#website\"},\"datePublished\":\"2022-05-24T20:02:13+00:00\",\"dateModified\":\"2022-05-24T20:04:16+00:00\",\"breadcrumb\":{\"@id\":\"https:\\\/\\\/wp.kristdemokraterna.se\\\/katrineholm\\\/textsida-med-vanster-sidebar\\\/kandidatlista-till-kommunfullmaktige-valet-2022\\\/#breadcrumb\"},\"inLanguage\":\"sv-SE\",\"potentialAction\":[{\"@type\":\"ReadAction\",\"target\":[\"https:\\\/\\\/wp.kristdemokraterna.se\\\/katrineholm\\\/textsida-med-vanster-sidebar\\\/kandidatlista-till-kommunfullmaktige-valet-2022\\\/\"]}]},{\"@type\":\"BreadcrumbList\",\"@id\":\"https:\\\/\\\/wp.kristdemokraterna.se\\\/katrineholm\\\/textsida-med-vanster-sidebar\\\/kandidatlista-till-kommunfullmaktige-valet-2022\\\/#breadcrumb\",\"itemListElement\":[{\"@type\":\"ListItem\",\"position\":1,\"name\":\"Hem\",\"item\":\"https:\\\/\\\/wp.kristdemokraterna.se\\\/katrineholm\\\/\"},{\"@type\":\"ListItem\",\"position\":2,\"name\":\"V\u00e5r partiavdelning\",\"item\":\"https:\\\/\\\/wp.kristdemokraterna.se\\\/katrineholm\\\/textsida-med-vanster-sidebar\\\/\"},{\"@type\":\"ListItem\",\"position\":3,\"name\":\"Kandidatlista till Kommunfullm\u00e4ktige valet 2022\"}]},{\"@type\":\"WebSite\",\"@id\":\"https:\\\/\\\/wp.kristdemokraterna.se\\\/katrineholm\\\/#website\",\"url\":\"https:\\\/\\\/wp.kristdemokraterna.se\\\/katrineholm\\\/\",\"name\":\"Kristdemokraterna i Katrineholm\",\"description\":\"En till Kristdemokraterna webbplats\",\"inLanguage\":\"sv-SE\"}]}<\/script>\n<!-- \/ Yoast SEO plugin. -->","yoast_head_json":{"title":"Kandidatlista till Kommunfullm\u00e4ktige valet 2022 - Kristdemokraterna i Katrineholm","robots":{"index":"index","follow":"follow","max-snippet":"max-snippet:-1","max-image-preview":"max-image-preview:large","max-video-preview":"max-video-preview:-1"},"canonical":"https:\/\/wp.kristdemokraterna.se\/katrineholm\/textsida-med-vanster-sidebar\/kandidatlista-till-kommunfullmaktige-valet-2022\/","og_locale":"sv_SE","og_type":"article","og_title":"Kandidatlista till Kommunfullm\u00e4ktige valet 2022 - Kristdemokraterna i Katrineholm","og_description":"&nbsp; Joha Frondelius, 63, F\u00f6retagare, Katrineholm Marian Loley, 68, fd Kyrkobokf\u00f6ringsassistent, Valla Alexander Forss 54, Verksamhetsutvecklare, Katrineholm Dag Dun\u00e5s, 65, Ekonom, Str\u00e5ngsj\u00f6 John G Ogenholt, 57, Diakon, Verksamhetschef, Valla Johanna Hellberg, 38, Undersk\u00f6terska, Katrineholm Emil \u00c5hl, 39, Statistiker, Katrineholm Carl-Philip Forss, 33 Civilingenj\u00f6r, Katrineholm Petri Ogenholt, 57, Fil dr, Gymnasiel\u00e4rare, Valla Ceith Landin, 48, K\u00f6kschef, Read More","og_url":"https:\/\/wp.kristdemokraterna.se\/katrineholm\/textsida-med-vanster-sidebar\/kandidatlista-till-kommunfullmaktige-valet-2022\/","og_site_name":"Kristdemokraterna i Katrineholm","article_modified_time":"2022-05-24T20:04:16+00:00","twitter_card":"summary_large_image","twitter_misc":{"Ber\u00e4knad l\u00e4stid":"1 minut"},"schema":{"@context":"https:\/\/schema.org","@graph":[{"@type":"WebPage","@id":"https:\/\/wp.kristdemokraterna.se\/katrineholm\/textsida-med-vanster-sidebar\/kandidatlista-till-kommunfullmaktige-valet-2022\/","url":"https:\/\/wp.kristdemokraterna.se\/katrineholm\/textsida-med-vanster-sidebar\/kandidatlista-till-kommunfullmaktige-valet-2022\/","name":"Kandidatlista till Kommunfullm\u00e4ktige valet 2022 - Kristdemokraterna i Katrineholm","isPartOf":{"@id":"https:\/\/wp.kristdemokraterna.se\/katrineholm\/#website"},"datePublished":"2022-05-24T20:02:13+00:00","dateModified":"2022-05-24T20:04:16+00:00","breadcrumb":{"@id":"https:\/\/wp.kristdemokraterna.se\/katrineholm\/textsida-med-vanster-sidebar\/kandidatlista-till-kommunfullmaktige-valet-2022\/#breadcrumb"},"inLanguage":"sv-SE","potentialAction":[{"@type":"ReadAction","target":["https:\/\/wp.kristdemokraterna.se\/katrineholm\/textsida-med-vanster-sidebar\/kandidatlista-till-kommunfullmaktige-valet-2022\/"]}]},{"@type":"BreadcrumbList","@id":"https:\/\/wp.kristdemokraterna.se\/katrineholm\/textsida-med-vanster-sidebar\/kandidatlista-till-kommunfullmaktige-valet-2022\/#breadcrumb","itemListElement":[{"@type":"ListItem","position":1,"name":"Hem","item":"https:\/\/wp.kristdemokraterna.se\/katrineholm\/"},{"@type":"ListItem","position":2,"name":"V\u00e5r partiavdelning","item":"https:\/\/wp.kristdemokraterna.se\/katrineholm\/textsida-med-vanster-sidebar\/"},{"@type":"ListItem","position":3,"name":"Kandidatlista till Kommunfullm\u00e4ktige valet 2022"}]},{"@type":"WebSite","@id":"https:\/\/wp.kristdemokraterna.se\/katrineholm\/#website","url":"https:\/\/wp.kristdemokraterna.se\/katrineholm\/","name":"Kristdemokraterna i Katrineholm","description":"En till Kristdemokraterna webbplats","inLanguage":"sv-SE"}]}},"_links":{"self":[{"href":"https:\/\/wp.kristdemokraterna.se\/katrineholm\/wp-json\/wp\/v2\/pages\/566","targetHints":{"allow":["GET"]}}],"collection":[{"href":"https:\/\/wp.kristdemokraterna.se\/katrineholm\/wp-json\/wp\/v2\/pages"}],"about":[{"href":"https:\/\/wp.kristdemokraterna.se\/katrineholm\/wp-json\/wp\/v2\/types\/page"}],"author":[{"embeddable":true,"href":"https:\/\/wp.kristdemokraterna.se\/katrineholm\/wp-json\/wp\/v2\/users\/1028"}],"replies":[{"embeddable":true,"href":"https:\/\/wp.kristdemokraterna.se\/katrineholm\/wp-json\/wp\/v2\/comments?post=566"}],"version-history":[{"count":1,"href":"https:\/\/wp.kristdemokraterna.se\/katrineholm\/wp-json\/wp\/v2\/pages\/566\/revisions"}],"predecessor-version":[{"id":567,"href":"https:\/\/wp.kristdemokraterna.se\/katrineholm\/wp-json\/wp\/v2\/pages\/566\/revisions\/567"}],"up":[{"embeddable":true,"href":"https:\/\/wp.kristdemokraterna.se\/katrineholm\/wp-json\/wp\/v2\/pages\/269"}],"wp:attachment":[{"href":"https:\/\/wp.kristdemokraterna.se\/katrineholm\/wp-json\/wp\/v2\/media?parent=566"}],"curies":[{"name":"wp","href":"https:\/\/api.w.org\/{rel}","templated":true}]}}