{"id":265,"date":"2017-11-29T16:47:40","date_gmt":"2017-11-29T15:47:40","guid":{"rendered":"http:\/\/wp.kristdemokraterna.se\/kavlinge\/?page_id=265"},"modified":"2023-10-03T17:19:42","modified_gmt":"2023-10-03T15:19:42","slug":"startsida","status":"publish","type":"page","link":"https:\/\/wp.kristdemokraterna.se\/kavlinge\/","title":{"rendered":"Startsida"},"content":{"rendered":"<p><strong>V\u00e5rt\u00a0m\u00e5l \u00e4r ett samh\u00e4lle d\u00e4r friheten att forma sitt eget liv g\u00e5r hand i hand med ansvaret f\u00f6r sin medm\u00e4nniska. Vi vill bygga ett samh\u00e4lle som h\u00e5ller samman. Ingen ska h\u00e5llas tillbaka och ingen ska l\u00e4mnas efter.<\/strong><\/p>\n","protected":false},"excerpt":{"rendered":"<p>V\u00e5rt\u00a0m\u00e5l \u00e4r ett samh\u00e4lle d\u00e4r friheten att forma sitt eget liv g\u00e5r hand i hand med ansvaret f\u00f6r sin medm\u00e4nniska. Vi vill bygga ett samh\u00e4lle som h\u00e5ller samman. Ingen ska h\u00e5llas tillbaka och ingen ska l\u00e4mnas efter.<\/p>\n","protected":false},"author":936,"featured_media":0,"parent":0,"menu_order":0,"comment_status":"closed","ping_status":"closed","template":"index.php","meta":{"_acf_changed":false,"footnotes":""},"class_list":["post-265","page","type-page","status-publish","hentry"],"acf":[],"yoast_head":"<!-- This site is optimized with the Yoast SEO plugin v27.3 - https:\/\/yoast.com\/product\/yoast-seo-wordpress\/ -->\n<title>Startsida - Kristdemokraterna | K\u00e4vlinge<\/title>\n<meta name=\"description\" content=\"Vi satsar p\u00e5 hela K\u00e4vlinge kommun med Alliansen, KD en garant f\u00f6r trygghet, omsorg, utbildning, barnomsorg &amp; valfrihet.\" \/>\n<meta name=\"robots\" content=\"index, follow, max-snippet:-1, max-image-preview:large, max-video-preview:-1\" \/>\n<link rel=\"canonical\" href=\"https:\/\/wp.kristdemokraterna.se\/kavlinge\/\" \/>\n<meta property=\"og:locale\" content=\"sv_SE\" \/>\n<meta property=\"og:type\" content=\"article\" \/>\n<meta property=\"og:title\" content=\"Startsida - Kristdemokraterna | K\u00e4vlinge\" \/>\n<meta property=\"og:description\" content=\"Vi satsar p\u00e5 hela K\u00e4vlinge kommun med Alliansen, KD en garant f\u00f6r trygghet, omsorg, utbildning, barnomsorg &amp; valfrihet.\" \/>\n<meta property=\"og:url\" content=\"https:\/\/wp.kristdemokraterna.se\/kavlinge\/\" \/>\n<meta property=\"og:site_name\" content=\"Kristdemokraterna | K\u00e4vlinge\" \/>\n<meta property=\"article:modified_time\" content=\"2023-10-03T15:19:42+00:00\" \/>\n<meta name=\"twitter:card\" content=\"summary_large_image\" \/>\n<meta name=\"twitter:label1\" content=\"Ber\u00e4knad l\u00e4stid\" \/>\n\t<meta name=\"twitter:data1\" content=\"1 minut\" \/>\n<script type=\"application\/ld+json\" class=\"yoast-schema-graph\">{\"@context\":\"https:\\\/\\\/schema.org\",\"@graph\":[{\"@type\":\"WebPage\",\"@id\":\"https:\\\/\\\/wp.kristdemokraterna.se\\\/kavlinge\\\/\",\"url\":\"https:\\\/\\\/wp.kristdemokraterna.se\\\/kavlinge\\\/\",\"name\":\"Startsida - Kristdemokraterna | K\u00e4vlinge\",\"isPartOf\":{\"@id\":\"https:\\\/\\\/wp.kristdemokraterna.se\\\/kavlinge\\\/#website\"},\"datePublished\":\"2017-11-29T15:47:40+00:00\",\"dateModified\":\"2023-10-03T15:19:42+00:00\",\"description\":\"Vi satsar p\u00e5 hela K\u00e4vlinge kommun med Alliansen, KD en garant f\u00f6r trygghet, omsorg, utbildning, barnomsorg & valfrihet.\",\"breadcrumb\":{\"@id\":\"https:\\\/\\\/wp.kristdemokraterna.se\\\/kavlinge\\\/#breadcrumb\"},\"inLanguage\":\"sv-SE\",\"potentialAction\":[{\"@type\":\"ReadAction\",\"target\":[\"https:\\\/\\\/wp.kristdemokraterna.se\\\/kavlinge\\\/\"]}]},{\"@type\":\"BreadcrumbList\",\"@id\":\"https:\\\/\\\/wp.kristdemokraterna.se\\\/kavlinge\\\/#breadcrumb\",\"itemListElement\":[{\"@type\":\"ListItem\",\"position\":1,\"name\":\"Hem\",\"item\":\"https:\\\/\\\/wp.kristdemokraterna.se\\\/kavlinge\\\/\"},{\"@type\":\"ListItem\",\"position\":2,\"name\":\"Startsida\"}]},{\"@type\":\"WebSite\",\"@id\":\"https:\\\/\\\/wp.kristdemokraterna.se\\\/kavlinge\\\/#website\",\"url\":\"https:\\\/\\\/wp.kristdemokraterna.se\\\/kavlinge\\\/\",\"name\":\"Kristdemokraterna | K\u00e4vlinge\",\"description\":\"\u00c4nnu en webbplats hos Kristdemokraterna\",\"inLanguage\":\"sv-SE\"}]}<\/script>\n<!-- \/ Yoast SEO plugin. -->","yoast_head_json":{"title":"Startsida - Kristdemokraterna | K\u00e4vlinge","description":"Vi satsar p\u00e5 hela K\u00e4vlinge kommun med Alliansen, KD en garant f\u00f6r trygghet, omsorg, utbildning, barnomsorg & valfrihet.","robots":{"index":"index","follow":"follow","max-snippet":"max-snippet:-1","max-image-preview":"max-image-preview:large","max-video-preview":"max-video-preview:-1"},"canonical":"https:\/\/wp.kristdemokraterna.se\/kavlinge\/","og_locale":"sv_SE","og_type":"article","og_title":"Startsida - Kristdemokraterna | K\u00e4vlinge","og_description":"Vi satsar p\u00e5 hela K\u00e4vlinge kommun med Alliansen, KD en garant f\u00f6r trygghet, omsorg, utbildning, barnomsorg & valfrihet.","og_url":"https:\/\/wp.kristdemokraterna.se\/kavlinge\/","og_site_name":"Kristdemokraterna | K\u00e4vlinge","article_modified_time":"2023-10-03T15:19:42+00:00","twitter_card":"summary_large_image","twitter_misc":{"Ber\u00e4knad l\u00e4stid":"1 minut"},"schema":{"@context":"https:\/\/schema.org","@graph":[{"@type":"WebPage","@id":"https:\/\/wp.kristdemokraterna.se\/kavlinge\/","url":"https:\/\/wp.kristdemokraterna.se\/kavlinge\/","name":"Startsida - Kristdemokraterna | K\u00e4vlinge","isPartOf":{"@id":"https:\/\/wp.kristdemokraterna.se\/kavlinge\/#website"},"datePublished":"2017-11-29T15:47:40+00:00","dateModified":"2023-10-03T15:19:42+00:00","description":"Vi satsar p\u00e5 hela K\u00e4vlinge kommun med Alliansen, KD en garant f\u00f6r trygghet, omsorg, utbildning, barnomsorg & valfrihet.","breadcrumb":{"@id":"https:\/\/wp.kristdemokraterna.se\/kavlinge\/#breadcrumb"},"inLanguage":"sv-SE","potentialAction":[{"@type":"ReadAction","target":["https:\/\/wp.kristdemokraterna.se\/kavlinge\/"]}]},{"@type":"BreadcrumbList","@id":"https:\/\/wp.kristdemokraterna.se\/kavlinge\/#breadcrumb","itemListElement":[{"@type":"ListItem","position":1,"name":"Hem","item":"https:\/\/wp.kristdemokraterna.se\/kavlinge\/"},{"@type":"ListItem","position":2,"name":"Startsida"}]},{"@type":"WebSite","@id":"https:\/\/wp.kristdemokraterna.se\/kavlinge\/#website","url":"https:\/\/wp.kristdemokraterna.se\/kavlinge\/","name":"Kristdemokraterna | K\u00e4vlinge","description":"\u00c4nnu en webbplats hos Kristdemokraterna","inLanguage":"sv-SE"}]}},"_links":{"self":[{"href":"https:\/\/wp.kristdemokraterna.se\/kavlinge\/wp-json\/wp\/v2\/pages\/265","targetHints":{"allow":["GET"]}}],"collection":[{"href":"https:\/\/wp.kristdemokraterna.se\/kavlinge\/wp-json\/wp\/v2\/pages"}],"about":[{"href":"https:\/\/wp.kristdemokraterna.se\/kavlinge\/wp-json\/wp\/v2\/types\/page"}],"author":[{"embeddable":true,"href":"https:\/\/wp.kristdemokraterna.se\/kavlinge\/wp-json\/wp\/v2\/users\/936"}],"replies":[{"embeddable":true,"href":"https:\/\/wp.kristdemokraterna.se\/kavlinge\/wp-json\/wp\/v2\/comments?post=265"}],"version-history":[{"count":73,"href":"https:\/\/wp.kristdemokraterna.se\/kavlinge\/wp-json\/wp\/v2\/pages\/265\/revisions"}],"predecessor-version":[{"id":741,"href":"https:\/\/wp.kristdemokraterna.se\/kavlinge\/wp-json\/wp\/v2\/pages\/265\/revisions\/741"}],"wp:attachment":[{"href":"https:\/\/wp.kristdemokraterna.se\/kavlinge\/wp-json\/wp\/v2\/media?parent=265"}],"curies":[{"name":"wp","href":"https:\/\/api.w.org\/{rel}","templated":true}]}}