{"id":124,"date":"2012-04-26T09:46:30","date_gmt":"2012-04-26T09:46:30","guid":{"rendered":"http:\/\/www.kdsenior.se\/?page_id=124"},"modified":"2024-10-23T15:24:12","modified_gmt":"2024-10-23T13:24:12","slug":"kansliet","status":"publish","type":"page","link":"https:\/\/wp.kristdemokraterna.se\/kdsenior\/exempelsida\/kansliet\/","title":{"rendered":"Kansliet"},"content":{"rendered":"<p><strong>Kristdemokratiska Seniorf\u00f6rbundet<br \/>\n<\/strong>Postadress: Box 2373, 103 18 Stockholm<\/p>\n<p>Tel: 076-527 25 06 (f\u00f6rbundssekreterare)<br \/>\ne-post: <a href=\"mailto:info@kdsenior.se\">info@kdsenior.se<\/a><br \/>\nPlusgiro: 70 40 57-9<\/p>\n<p><strong>F\u00f6rbundsordf\u00f6rande<\/strong><br \/>\n<em>Birgitta S\u00f6dertun<\/em><br \/>\nTel 070-601 62 22<br \/>\n<a href=\"mailto:birgitta.sodertun@kristdemokraterna.se\">birgitta.sodertun@kristdemokraterna.se<\/a><\/p>\n<p><strong>F\u00f6rbundssekreterare<\/strong><br \/>\n<em>Tommy Bernev\u00e5ng Forsberg<\/em><br \/>\nTel 076-527 25 06<br \/>\n<a href=\"mailto:tommy@kdsenior.se\">tommy@kdsenior.se<\/a><\/p>\n<p><strong>F\u00f6rbundskass\u00f6r<\/strong><br \/>\n<em>Conny Harrysson<\/em><br \/>\nmob. 070-394 38 33<br \/>\n<a href=\"mailto:kd.connyharrysson@gmail.com\">kd.connyharrysson@gmail.com<\/a><\/p>\n","protected":false},"excerpt":{"rendered":"<p>Kristdemokratiska Seniorf\u00f6rbundet Postadress: Box 2373, 103 18 Stockholm Tel: 076-527 25 06 (f\u00f6rbundssekreterare) e-post: info@kdsenior.se Plusgiro: 70 40 57-9 F\u00f6rbundsordf\u00f6rande Birgitta S\u00f6dertun Tel 070-601 62 22 birgitta.sodertun@kristdemokraterna.se F\u00f6rbundssekreterare Tommy Bernev\u00e5ng Forsberg Tel 076-527 25 06 tommy@kdsenior.se F\u00f6rbundskass\u00f6r Conny Harrysson mob. 070-394 38 33 kd.connyharrysson@gmail.com<\/p>\n","protected":false},"author":819,"featured_media":4278,"parent":2,"menu_order":0,"comment_status":"closed","ping_status":"closed","template":"","meta":{"_acf_changed":false,"footnotes":""},"class_list":["post-124","page","type-page","status-publish","hentry"],"acf":[],"yoast_head":"<!-- This site is optimized with the Yoast SEO plugin v27.4 - https:\/\/yoast.com\/product\/yoast-seo-wordpress\/ -->\n<title>Kansliet - KD Senior<\/title>\n<meta name=\"robots\" content=\"index, follow, max-snippet:-1, max-image-preview:large, max-video-preview:-1\" \/>\n<link rel=\"canonical\" href=\"https:\/\/wp.kristdemokraterna.se\/kdsenior\/exempelsida\/kansliet\/\" \/>\n<meta property=\"og:locale\" content=\"sv_SE\" \/>\n<meta property=\"og:type\" content=\"article\" \/>\n<meta property=\"og:title\" content=\"Kansliet - KD Senior\" \/>\n<meta property=\"og:description\" content=\"Kristdemokratiska Seniorf\u00f6rbundet Postadress: Box 2373, 103 18 Stockholm Tel: 076-527 25 06 (f\u00f6rbundssekreterare) e-post: info@kdsenior.se Plusgiro: 70 40 57-9 F\u00f6rbundsordf\u00f6rande Birgitta S\u00f6dertun Tel 070-601 62 22 birgitta.sodertun@kristdemokraterna.se F\u00f6rbundssekreterare Tommy Bernev\u00e5ng Forsberg Tel 076-527 25 06 tommy@kdsenior.se F\u00f6rbundskass\u00f6r Conny Harrysson mob. 070-394 38 33 kd.connyharrysson@gmail.com\" \/>\n<meta property=\"og:url\" content=\"https:\/\/wp.kristdemokraterna.se\/kdsenior\/exempelsida\/kansliet\/\" \/>\n<meta property=\"og:site_name\" content=\"KD Senior\" \/>\n<meta property=\"article:modified_time\" content=\"2024-10-23T13:24:12+00:00\" \/>\n<meta name=\"twitter:card\" content=\"summary_large_image\" \/>\n<meta name=\"twitter:label1\" content=\"Ber\u00e4knad l\u00e4stid\" \/>\n\t<meta name=\"twitter:data1\" content=\"1 minut\" \/>\n<script type=\"application\/ld+json\" class=\"yoast-schema-graph\">{\"@context\":\"https:\\\/\\\/schema.org\",\"@graph\":[{\"@type\":\"WebPage\",\"@id\":\"https:\\\/\\\/wp.kristdemokraterna.se\\\/kdsenior\\\/exempelsida\\\/kansliet\\\/\",\"url\":\"https:\\\/\\\/wp.kristdemokraterna.se\\\/kdsenior\\\/exempelsida\\\/kansliet\\\/\",\"name\":\"Kansliet - KD Senior\",\"isPartOf\":{\"@id\":\"https:\\\/\\\/wp.kristdemokraterna.se\\\/kdsenior\\\/#website\"},\"primaryImageOfPage\":{\"@id\":\"https:\\\/\\\/wp.kristdemokraterna.se\\\/kdsenior\\\/exempelsida\\\/kansliet\\\/#primaryimage\"},\"image\":{\"@id\":\"https:\\\/\\\/wp.kristdemokraterna.se\\\/kdsenior\\\/exempelsida\\\/kansliet\\\/#primaryimage\"},\"thumbnailUrl\":\"https:\\\/\\\/wp.kristdemokraterna.se\\\/kdsenior\\\/files\\\/2019\\\/01\\\/standard.png\",\"datePublished\":\"2012-04-26T09:46:30+00:00\",\"dateModified\":\"2024-10-23T13:24:12+00:00\",\"breadcrumb\":{\"@id\":\"https:\\\/\\\/wp.kristdemokraterna.se\\\/kdsenior\\\/exempelsida\\\/kansliet\\\/#breadcrumb\"},\"inLanguage\":\"sv-SE\",\"potentialAction\":[{\"@type\":\"ReadAction\",\"target\":[\"https:\\\/\\\/wp.kristdemokraterna.se\\\/kdsenior\\\/exempelsida\\\/kansliet\\\/\"]}]},{\"@type\":\"ImageObject\",\"inLanguage\":\"sv-SE\",\"@id\":\"https:\\\/\\\/wp.kristdemokraterna.se\\\/kdsenior\\\/exempelsida\\\/kansliet\\\/#primaryimage\",\"url\":\"https:\\\/\\\/wp.kristdemokraterna.se\\\/kdsenior\\\/files\\\/2019\\\/01\\\/standard.png\",\"contentUrl\":\"https:\\\/\\\/wp.kristdemokraterna.se\\\/kdsenior\\\/files\\\/2019\\\/01\\\/standard.png\",\"width\":770,\"height\":390},{\"@type\":\"BreadcrumbList\",\"@id\":\"https:\\\/\\\/wp.kristdemokraterna.se\\\/kdsenior\\\/exempelsida\\\/kansliet\\\/#breadcrumb\",\"itemListElement\":[{\"@type\":\"ListItem\",\"position\":1,\"name\":\"Hem\",\"item\":\"https:\\\/\\\/wp.kristdemokraterna.se\\\/kdsenior\\\/\"},{\"@type\":\"ListItem\",\"position\":2,\"name\":\"Kontakta oss\",\"item\":\"https:\\\/\\\/wp.kristdemokraterna.se\\\/kdsenior\\\/exempelsida\\\/\"},{\"@type\":\"ListItem\",\"position\":3,\"name\":\"Kansliet\"}]},{\"@type\":\"WebSite\",\"@id\":\"https:\\\/\\\/wp.kristdemokraterna.se\\\/kdsenior\\\/#website\",\"url\":\"https:\\\/\\\/wp.kristdemokraterna.se\\\/kdsenior\\\/\",\"name\":\"KD Senior\",\"description\":\"Seniorer h\u00e5ller ihop Sverige!\",\"inLanguage\":\"sv-SE\"}]}<\/script>\n<!-- \/ Yoast SEO plugin. -->","yoast_head_json":{"title":"Kansliet - KD Senior","robots":{"index":"index","follow":"follow","max-snippet":"max-snippet:-1","max-image-preview":"max-image-preview:large","max-video-preview":"max-video-preview:-1"},"canonical":"https:\/\/wp.kristdemokraterna.se\/kdsenior\/exempelsida\/kansliet\/","og_locale":"sv_SE","og_type":"article","og_title":"Kansliet - KD Senior","og_description":"Kristdemokratiska Seniorf\u00f6rbundet Postadress: Box 2373, 103 18 Stockholm Tel: 076-527 25 06 (f\u00f6rbundssekreterare) e-post: info@kdsenior.se Plusgiro: 70 40 57-9 F\u00f6rbundsordf\u00f6rande Birgitta S\u00f6dertun Tel 070-601 62 22 birgitta.sodertun@kristdemokraterna.se F\u00f6rbundssekreterare Tommy Bernev\u00e5ng Forsberg Tel 076-527 25 06 tommy@kdsenior.se F\u00f6rbundskass\u00f6r Conny Harrysson mob. 070-394 38 33 kd.connyharrysson@gmail.com","og_url":"https:\/\/wp.kristdemokraterna.se\/kdsenior\/exempelsida\/kansliet\/","og_site_name":"KD Senior","article_modified_time":"2024-10-23T13:24:12+00:00","twitter_card":"summary_large_image","twitter_misc":{"Ber\u00e4knad l\u00e4stid":"1 minut"},"schema":{"@context":"https:\/\/schema.org","@graph":[{"@type":"WebPage","@id":"https:\/\/wp.kristdemokraterna.se\/kdsenior\/exempelsida\/kansliet\/","url":"https:\/\/wp.kristdemokraterna.se\/kdsenior\/exempelsida\/kansliet\/","name":"Kansliet - KD Senior","isPartOf":{"@id":"https:\/\/wp.kristdemokraterna.se\/kdsenior\/#website"},"primaryImageOfPage":{"@id":"https:\/\/wp.kristdemokraterna.se\/kdsenior\/exempelsida\/kansliet\/#primaryimage"},"image":{"@id":"https:\/\/wp.kristdemokraterna.se\/kdsenior\/exempelsida\/kansliet\/#primaryimage"},"thumbnailUrl":"https:\/\/wp.kristdemokraterna.se\/kdsenior\/files\/2019\/01\/standard.png","datePublished":"2012-04-26T09:46:30+00:00","dateModified":"2024-10-23T13:24:12+00:00","breadcrumb":{"@id":"https:\/\/wp.kristdemokraterna.se\/kdsenior\/exempelsida\/kansliet\/#breadcrumb"},"inLanguage":"sv-SE","potentialAction":[{"@type":"ReadAction","target":["https:\/\/wp.kristdemokraterna.se\/kdsenior\/exempelsida\/kansliet\/"]}]},{"@type":"ImageObject","inLanguage":"sv-SE","@id":"https:\/\/wp.kristdemokraterna.se\/kdsenior\/exempelsida\/kansliet\/#primaryimage","url":"https:\/\/wp.kristdemokraterna.se\/kdsenior\/files\/2019\/01\/standard.png","contentUrl":"https:\/\/wp.kristdemokraterna.se\/kdsenior\/files\/2019\/01\/standard.png","width":770,"height":390},{"@type":"BreadcrumbList","@id":"https:\/\/wp.kristdemokraterna.se\/kdsenior\/exempelsida\/kansliet\/#breadcrumb","itemListElement":[{"@type":"ListItem","position":1,"name":"Hem","item":"https:\/\/wp.kristdemokraterna.se\/kdsenior\/"},{"@type":"ListItem","position":2,"name":"Kontakta oss","item":"https:\/\/wp.kristdemokraterna.se\/kdsenior\/exempelsida\/"},{"@type":"ListItem","position":3,"name":"Kansliet"}]},{"@type":"WebSite","@id":"https:\/\/wp.kristdemokraterna.se\/kdsenior\/#website","url":"https:\/\/wp.kristdemokraterna.se\/kdsenior\/","name":"KD Senior","description":"Seniorer h\u00e5ller ihop Sverige!","inLanguage":"sv-SE"}]}},"_links":{"self":[{"href":"https:\/\/wp.kristdemokraterna.se\/kdsenior\/wp-json\/wp\/v2\/pages\/124","targetHints":{"allow":["GET"]}}],"collection":[{"href":"https:\/\/wp.kristdemokraterna.se\/kdsenior\/wp-json\/wp\/v2\/pages"}],"about":[{"href":"https:\/\/wp.kristdemokraterna.se\/kdsenior\/wp-json\/wp\/v2\/types\/page"}],"author":[{"embeddable":true,"href":"https:\/\/wp.kristdemokraterna.se\/kdsenior\/wp-json\/wp\/v2\/users\/819"}],"replies":[{"embeddable":true,"href":"https:\/\/wp.kristdemokraterna.se\/kdsenior\/wp-json\/wp\/v2\/comments?post=124"}],"version-history":[{"count":13,"href":"https:\/\/wp.kristdemokraterna.se\/kdsenior\/wp-json\/wp\/v2\/pages\/124\/revisions"}],"predecessor-version":[{"id":5545,"href":"https:\/\/wp.kristdemokraterna.se\/kdsenior\/wp-json\/wp\/v2\/pages\/124\/revisions\/5545"}],"up":[{"embeddable":true,"href":"https:\/\/wp.kristdemokraterna.se\/kdsenior\/wp-json\/wp\/v2\/pages\/2"}],"wp:featuredmedia":[{"embeddable":true,"href":"https:\/\/wp.kristdemokraterna.se\/kdsenior\/wp-json\/wp\/v2\/media\/4278"}],"wp:attachment":[{"href":"https:\/\/wp.kristdemokraterna.se\/kdsenior\/wp-json\/wp\/v2\/media?parent=124"}],"curies":[{"name":"wp","href":"https:\/\/api.w.org\/{rel}","templated":true}]}}