{"id":331,"date":"2012-05-25T07:16:08","date_gmt":"2012-05-25T07:16:08","guid":{"rendered":"http:\/\/www.kdsenior.se\/?page_id=331"},"modified":"2025-04-29T23:09:04","modified_gmt":"2025-04-29T21:09:04","slug":"forbundsstyrelsen","status":"publish","type":"page","link":"https:\/\/wp.kristdemokraterna.se\/kdsenior\/exempelsida\/forbundsstyrelsen\/","title":{"rendered":"F\u00f6rbundsstyrelsen"},"content":{"rendered":"<h3><img loading=\"lazy\" decoding=\"async\" class=\"alignleft wp-image-5518\" src=\"http:\/\/wp.kristdemokraterna.se\/kdsenior\/files\/2024\/05\/birgitta3-200x300.png\" alt=\"\" width=\"96\" height=\"144\" \/> F\u00f6rbundsordf\u00f6rande<\/h3>\n<p><strong>Birgitta S\u00f6dertun<\/strong><br \/>\nTel: 070-60162 22<br \/>\ne-post: <a href=\"mailto:birgitta.sodertun@kristdemokraterna.se\">birgitta.sodertun@kristdemokraterna.se<\/a><\/p>\n<p>&nbsp;<\/p>\n<h3><img loading=\"lazy\" decoding=\"async\" class=\" wp-image-5503 alignleft\" src=\"http:\/\/wp.kristdemokraterna.se\/kdsenior\/files\/2024\/05\/anders-andersson1-scaled-e1745960561118-233x300.jpg\" alt=\"\" width=\"99\" height=\"127\" srcset=\"https:\/\/wp.kristdemokraterna.se\/kdsenior\/files\/2024\/05\/anders-andersson1-scaled-e1745960561118-233x300.jpg 233w, https:\/\/wp.kristdemokraterna.se\/kdsenior\/files\/2024\/05\/anders-andersson1-scaled-e1745960561118-795x1024.jpg 795w, https:\/\/wp.kristdemokraterna.se\/kdsenior\/files\/2024\/05\/anders-andersson1-scaled-e1745960561118-768x989.jpg 768w, https:\/\/wp.kristdemokraterna.se\/kdsenior\/files\/2024\/05\/anders-andersson1-scaled-e1745960561118-1193x1536.jpg 1193w, https:\/\/wp.kristdemokraterna.se\/kdsenior\/files\/2024\/05\/anders-andersson1-scaled-e1745960561118-155x200.jpg 155w, https:\/\/wp.kristdemokraterna.se\/kdsenior\/files\/2024\/05\/anders-andersson1-scaled-e1745960561118-370x476.jpg 370w, https:\/\/wp.kristdemokraterna.se\/kdsenior\/files\/2024\/05\/anders-andersson1-scaled-e1745960561118-770x991.jpg 770w, https:\/\/wp.kristdemokraterna.se\/kdsenior\/files\/2024\/05\/anders-andersson1-scaled-e1745960561118-450x579.jpg 450w, https:\/\/wp.kristdemokraterna.se\/kdsenior\/files\/2024\/05\/anders-andersson1-scaled-e1745960561118-280x360.jpg 280w, https:\/\/wp.kristdemokraterna.se\/kdsenior\/files\/2024\/05\/anders-andersson1-scaled-e1745960561118-340x438.jpg 340w, https:\/\/wp.kristdemokraterna.se\/kdsenior\/files\/2024\/05\/anders-andersson1-scaled-e1745960561118-44x56.jpg 44w, https:\/\/wp.kristdemokraterna.se\/kdsenior\/files\/2024\/05\/anders-andersson1-scaled-e1745960561118.jpg 1476w\" sizes=\"auto, (max-width: 99px) 100vw, 99px\" \/>1:e vice f\u00f6rbundsordf\u00f6rande<\/h3>\n<p><strong>Anders Andersson<\/strong><br \/>\nTel: 070-249 82 12<br \/>\ne-post: <a href=\"mailto:anders.andersson@kristdemokraterna.se\">anders.andersson@kristdemokraterna.se<\/a><\/p>\n<h3><\/h3>\n<p><img loading=\"lazy\" decoding=\"async\" class=\"wp-image-5319 alignleft\" src=\"http:\/\/wp.kristdemokraterna.se\/kdsenior\/files\/2022\/03\/birgittan2-scaled-e1745960804840-221x300.jpg\" alt=\"Birgitta Nordvall\" width=\"101\" height=\"137\" srcset=\"https:\/\/wp.kristdemokraterna.se\/kdsenior\/files\/2022\/03\/birgittan2-scaled-e1745960804840-221x300.jpg 221w, https:\/\/wp.kristdemokraterna.se\/kdsenior\/files\/2022\/03\/birgittan2-scaled-e1745960804840-754x1024.jpg 754w, https:\/\/wp.kristdemokraterna.se\/kdsenior\/files\/2022\/03\/birgittan2-scaled-e1745960804840-768x1043.jpg 768w, https:\/\/wp.kristdemokraterna.se\/kdsenior\/files\/2022\/03\/birgittan2-scaled-e1745960804840-1131x1536.jpg 1131w, https:\/\/wp.kristdemokraterna.se\/kdsenior\/files\/2022\/03\/birgittan2-scaled-e1745960804840-147x200.jpg 147w, https:\/\/wp.kristdemokraterna.se\/kdsenior\/files\/2022\/03\/birgittan2-scaled-e1745960804840-370x503.jpg 370w, https:\/\/wp.kristdemokraterna.se\/kdsenior\/files\/2022\/03\/birgittan2-scaled-e1745960804840-770x1046.jpg 770w, https:\/\/wp.kristdemokraterna.se\/kdsenior\/files\/2022\/03\/birgittan2-scaled-e1745960804840-450x611.jpg 450w, https:\/\/wp.kristdemokraterna.se\/kdsenior\/files\/2022\/03\/birgittan2-scaled-e1745960804840-280x380.jpg 280w, https:\/\/wp.kristdemokraterna.se\/kdsenior\/files\/2022\/03\/birgittan2-scaled-e1745960804840-340x462.jpg 340w, https:\/\/wp.kristdemokraterna.se\/kdsenior\/files\/2022\/03\/birgittan2-scaled-e1745960804840-41x56.jpg 41w, https:\/\/wp.kristdemokraterna.se\/kdsenior\/files\/2022\/03\/birgittan2-scaled-e1745960804840.jpg 1498w\" sizes=\"auto, (max-width: 101px) 100vw, 101px\" \/><\/p>\n<h3>2:e vice f\u00f6rbundsordf\u00f6rande<\/h3>\n<p><strong>Birgitta Nordvall<\/strong><br \/>\nTel: 070-278 58 10<br \/>\ne-post: <a href=\"mailto:birgittanordvall06@gmail.com\">birgittanordvall06@gmail.com<\/a><\/p>\n<p>&nbsp;<\/p>\n<h3>Ledam\u00f6ter:<\/h3>\n<p><strong>Anders Tholerud<br \/>\n<\/strong>Tel: 070-768 50 67<br \/>\n<a href=\"mailto:anders.tholerud@outlook.com\">anders.tholerud@outlook.com<\/a><\/p>\n<p><strong>Christina H\u00e5kansson<\/strong><br \/>\nTel: 070-814 41 20<br \/>\n<a href=\"christina.hakansson@kristdemokraterna.se\">christina.hakansson@kristdemokraterna.se<br \/>\n<\/a><\/p>\n<p><strong>Ingemar Kal\u00e9n<\/strong><br \/>\nTel: 070-414 13 33<br \/>\ne-post: <a href=\"mailto:ingemar.kalen@telia.com\">ingemar.kalen@telia.com<\/a><\/p>\n<p><strong>G\u00f6ran Brorsson<\/strong><br \/>\nTel: 070-660 61 02<br \/>\ne-post: <a href=\"mailto:goran.brorssonting1@gmail.com\">goran.brorssonting1@gmail.com<\/a><\/p>\n<p><strong>Bengt Hellstr\u00f6m<\/strong><br \/>\nTel: 070-216 08 22<br \/>\ne-mail: <a href=\"mailto:bengt.hellstrom@kristdemokraterna.se\">bengt.hellstrom@kristdemokraterna.se<\/a><\/p>\n<p><strong>Anne-Lie Sundling<\/strong><br \/>\nTel: 072-7255600<br \/>\ne-post: <a href=\"mailto:annelie.sundling@kristdemokraterna.se\">annelie.sundling@kristdemokraterna.se<\/a><\/p>\n<p><strong>Liisa Sveningsson<\/strong><br \/>\nTel: 070-547 64 44<br \/>\ne-post: <a href=\"mailto:djuppelsbo@telia.com\">djuppelsbo@telia.com<\/a><\/p>\n<p><strong>Elisabeth W\u00e4neskog<\/strong><br \/>\nTel: 072-7233873<br \/>\ne-mail: <a href=\"mailto:elisabeth.waneskog@gmail.com\">elisabeth.waneskog@gmail.com<\/a><\/p>\n<p>&#8212;&#8212;&#8212;&#8212;&#8212;&#8212;&#8212;&#8212;-<\/p>\n<h3>F\u00f6rbundssekreterare<\/h3>\n<p><strong>Tommy Bernev\u00e5ng Forsberg<\/strong><br \/>\nTel: 076-527 25 06<br \/>\nE-post: <a href=\"mailto:maria@kdsenior.se\">tommy@kdsenior.se<\/a><\/p>\n<h3>Kass\u00f6r:<\/h3>\n<p><strong>Conny Harrysson<\/strong><br \/>\nTel: 070-3943833<br \/>\nE-post: <a href=\"mailto:kd.conny.harrysson@gmail.com\">kd.conny.harrysson@gmail.com<\/a><\/p>\n","protected":false},"excerpt":{"rendered":"<p>F\u00f6rbundsordf\u00f6rande Birgitta S\u00f6dertun Tel: 070-60162 22 e-post: birgitta.sodertun@kristdemokraterna.se &nbsp; 1:e vice f\u00f6rbundsordf\u00f6rande Anders Andersson Tel: 070-249 82 12 e-post: anders.andersson@kristdemokraterna.se 2:e vice f\u00f6rbundsordf\u00f6rande Birgitta Nordvall Tel: 070-278 58 10 e-post: birgittanordvall06@gmail.com &nbsp; Ledam\u00f6ter: Anders Tholerud Tel: 070-768 50 67 anders.tholerud@outlook.com Christina H\u00e5kansson Tel: 070-814 41 20 christina.hakansson@kristdemokraterna.se Ingemar Kal\u00e9n Tel: 070-414 13 33 e-post: ingemar.kalen@telia.com <a class=\"read-more-link\" href=\"https:\/\/wp.kristdemokraterna.se\/kdsenior\/exempelsida\/forbundsstyrelsen\/\">Read More<\/a><\/p>\n","protected":false},"author":819,"featured_media":4278,"parent":2,"menu_order":1,"comment_status":"closed","ping_status":"closed","template":"","meta":{"_acf_changed":false,"footnotes":""},"class_list":["post-331","page","type-page","status-publish","hentry"],"acf":[],"yoast_head":"<!-- This site is optimized with the Yoast SEO plugin v27.3 - https:\/\/yoast.com\/product\/yoast-seo-wordpress\/ -->\n<title>F\u00f6rbundsstyrelsen - KD Senior<\/title>\n<meta name=\"robots\" content=\"index, follow, max-snippet:-1, max-image-preview:large, max-video-preview:-1\" \/>\n<link rel=\"canonical\" href=\"https:\/\/wp.kristdemokraterna.se\/kdsenior\/exempelsida\/forbundsstyrelsen\/\" \/>\n<meta property=\"og:locale\" content=\"sv_SE\" \/>\n<meta property=\"og:type\" content=\"article\" \/>\n<meta property=\"og:title\" content=\"F\u00f6rbundsstyrelsen - KD Senior\" \/>\n<meta property=\"og:description\" content=\"F\u00f6rbundsordf\u00f6rande Birgitta S\u00f6dertun Tel: 070-60162 22 e-post: birgitta.sodertun@kristdemokraterna.se &nbsp; 1:e vice f\u00f6rbundsordf\u00f6rande Anders Andersson Tel: 070-249 82 12 e-post: anders.andersson@kristdemokraterna.se 2:e vice f\u00f6rbundsordf\u00f6rande Birgitta Nordvall Tel: 070-278 58 10 e-post: birgittanordvall06@gmail.com &nbsp; Ledam\u00f6ter: Anders Tholerud Tel: 070-768 50 67 anders.tholerud@outlook.com Christina H\u00e5kansson Tel: 070-814 41 20 christina.hakansson@kristdemokraterna.se Ingemar Kal\u00e9n Tel: 070-414 13 33 e-post: ingemar.kalen@telia.com Read More\" \/>\n<meta property=\"og:url\" content=\"https:\/\/wp.kristdemokraterna.se\/kdsenior\/exempelsida\/forbundsstyrelsen\/\" \/>\n<meta property=\"og:site_name\" content=\"KD Senior\" \/>\n<meta property=\"article:modified_time\" content=\"2025-04-29T21:09:04+00:00\" \/>\n<meta property=\"og:image\" content=\"https:\/\/wp.kristdemokraterna.se\/kdsenior\/files\/2024\/05\/birgitta3-e1745960525403.png\" \/>\n\t<meta property=\"og:image:width\" content=\"767\" \/>\n\t<meta property=\"og:image:height\" content=\"1054\" \/>\n\t<meta property=\"og:image:type\" content=\"image\/png\" \/>\n<meta name=\"twitter:card\" content=\"summary_large_image\" \/>\n<meta name=\"twitter:label1\" content=\"Ber\u00e4knad l\u00e4stid\" \/>\n\t<meta name=\"twitter:data1\" content=\"2 minuter\" \/>\n<script type=\"application\/ld+json\" class=\"yoast-schema-graph\">{\"@context\":\"https:\\\/\\\/schema.org\",\"@graph\":[{\"@type\":\"WebPage\",\"@id\":\"https:\\\/\\\/wp.kristdemokraterna.se\\\/kdsenior\\\/exempelsida\\\/forbundsstyrelsen\\\/\",\"url\":\"https:\\\/\\\/wp.kristdemokraterna.se\\\/kdsenior\\\/exempelsida\\\/forbundsstyrelsen\\\/\",\"name\":\"F\u00f6rbundsstyrelsen - KD Senior\",\"isPartOf\":{\"@id\":\"https:\\\/\\\/wp.kristdemokraterna.se\\\/kdsenior\\\/#website\"},\"primaryImageOfPage\":{\"@id\":\"https:\\\/\\\/wp.kristdemokraterna.se\\\/kdsenior\\\/exempelsida\\\/forbundsstyrelsen\\\/#primaryimage\"},\"image\":{\"@id\":\"https:\\\/\\\/wp.kristdemokraterna.se\\\/kdsenior\\\/exempelsida\\\/forbundsstyrelsen\\\/#primaryimage\"},\"thumbnailUrl\":\"https:\\\/\\\/wp.kristdemokraterna.se\\\/kdsenior\\\/files\\\/2019\\\/01\\\/standard.png\",\"datePublished\":\"2012-05-25T07:16:08+00:00\",\"dateModified\":\"2025-04-29T21:09:04+00:00\",\"breadcrumb\":{\"@id\":\"https:\\\/\\\/wp.kristdemokraterna.se\\\/kdsenior\\\/exempelsida\\\/forbundsstyrelsen\\\/#breadcrumb\"},\"inLanguage\":\"sv-SE\",\"potentialAction\":[{\"@type\":\"ReadAction\",\"target\":[\"https:\\\/\\\/wp.kristdemokraterna.se\\\/kdsenior\\\/exempelsida\\\/forbundsstyrelsen\\\/\"]}]},{\"@type\":\"ImageObject\",\"inLanguage\":\"sv-SE\",\"@id\":\"https:\\\/\\\/wp.kristdemokraterna.se\\\/kdsenior\\\/exempelsida\\\/forbundsstyrelsen\\\/#primaryimage\",\"url\":\"https:\\\/\\\/wp.kristdemokraterna.se\\\/kdsenior\\\/files\\\/2019\\\/01\\\/standard.png\",\"contentUrl\":\"https:\\\/\\\/wp.kristdemokraterna.se\\\/kdsenior\\\/files\\\/2019\\\/01\\\/standard.png\",\"width\":770,\"height\":390},{\"@type\":\"BreadcrumbList\",\"@id\":\"https:\\\/\\\/wp.kristdemokraterna.se\\\/kdsenior\\\/exempelsida\\\/forbundsstyrelsen\\\/#breadcrumb\",\"itemListElement\":[{\"@type\":\"ListItem\",\"position\":1,\"name\":\"Hem\",\"item\":\"https:\\\/\\\/wp.kristdemokraterna.se\\\/kdsenior\\\/\"},{\"@type\":\"ListItem\",\"position\":2,\"name\":\"Kontakta oss\",\"item\":\"https:\\\/\\\/wp.kristdemokraterna.se\\\/kdsenior\\\/exempelsida\\\/\"},{\"@type\":\"ListItem\",\"position\":3,\"name\":\"F\u00f6rbundsstyrelsen\"}]},{\"@type\":\"WebSite\",\"@id\":\"https:\\\/\\\/wp.kristdemokraterna.se\\\/kdsenior\\\/#website\",\"url\":\"https:\\\/\\\/wp.kristdemokraterna.se\\\/kdsenior\\\/\",\"name\":\"KD Senior\",\"description\":\"Seniorer h\u00e5ller ihop Sverige!\",\"inLanguage\":\"sv-SE\"}]}<\/script>\n<!-- \/ Yoast SEO plugin. -->","yoast_head_json":{"title":"F\u00f6rbundsstyrelsen - KD Senior","robots":{"index":"index","follow":"follow","max-snippet":"max-snippet:-1","max-image-preview":"max-image-preview:large","max-video-preview":"max-video-preview:-1"},"canonical":"https:\/\/wp.kristdemokraterna.se\/kdsenior\/exempelsida\/forbundsstyrelsen\/","og_locale":"sv_SE","og_type":"article","og_title":"F\u00f6rbundsstyrelsen - KD Senior","og_description":"F\u00f6rbundsordf\u00f6rande Birgitta S\u00f6dertun Tel: 070-60162 22 e-post: birgitta.sodertun@kristdemokraterna.se &nbsp; 1:e vice f\u00f6rbundsordf\u00f6rande Anders Andersson Tel: 070-249 82 12 e-post: anders.andersson@kristdemokraterna.se 2:e vice f\u00f6rbundsordf\u00f6rande Birgitta Nordvall Tel: 070-278 58 10 e-post: birgittanordvall06@gmail.com &nbsp; Ledam\u00f6ter: Anders Tholerud Tel: 070-768 50 67 anders.tholerud@outlook.com Christina H\u00e5kansson Tel: 070-814 41 20 christina.hakansson@kristdemokraterna.se Ingemar Kal\u00e9n Tel: 070-414 13 33 e-post: ingemar.kalen@telia.com Read More","og_url":"https:\/\/wp.kristdemokraterna.se\/kdsenior\/exempelsida\/forbundsstyrelsen\/","og_site_name":"KD Senior","article_modified_time":"2025-04-29T21:09:04+00:00","og_image":[{"width":767,"height":1054,"url":"https:\/\/wp.kristdemokraterna.se\/kdsenior\/files\/2024\/05\/birgitta3-e1745960525403.png","type":"image\/png"}],"twitter_card":"summary_large_image","twitter_misc":{"Ber\u00e4knad l\u00e4stid":"2 minuter"},"schema":{"@context":"https:\/\/schema.org","@graph":[{"@type":"WebPage","@id":"https:\/\/wp.kristdemokraterna.se\/kdsenior\/exempelsida\/forbundsstyrelsen\/","url":"https:\/\/wp.kristdemokraterna.se\/kdsenior\/exempelsida\/forbundsstyrelsen\/","name":"F\u00f6rbundsstyrelsen - KD Senior","isPartOf":{"@id":"https:\/\/wp.kristdemokraterna.se\/kdsenior\/#website"},"primaryImageOfPage":{"@id":"https:\/\/wp.kristdemokraterna.se\/kdsenior\/exempelsida\/forbundsstyrelsen\/#primaryimage"},"image":{"@id":"https:\/\/wp.kristdemokraterna.se\/kdsenior\/exempelsida\/forbundsstyrelsen\/#primaryimage"},"thumbnailUrl":"https:\/\/wp.kristdemokraterna.se\/kdsenior\/files\/2019\/01\/standard.png","datePublished":"2012-05-25T07:16:08+00:00","dateModified":"2025-04-29T21:09:04+00:00","breadcrumb":{"@id":"https:\/\/wp.kristdemokraterna.se\/kdsenior\/exempelsida\/forbundsstyrelsen\/#breadcrumb"},"inLanguage":"sv-SE","potentialAction":[{"@type":"ReadAction","target":["https:\/\/wp.kristdemokraterna.se\/kdsenior\/exempelsida\/forbundsstyrelsen\/"]}]},{"@type":"ImageObject","inLanguage":"sv-SE","@id":"https:\/\/wp.kristdemokraterna.se\/kdsenior\/exempelsida\/forbundsstyrelsen\/#primaryimage","url":"https:\/\/wp.kristdemokraterna.se\/kdsenior\/files\/2019\/01\/standard.png","contentUrl":"https:\/\/wp.kristdemokraterna.se\/kdsenior\/files\/2019\/01\/standard.png","width":770,"height":390},{"@type":"BreadcrumbList","@id":"https:\/\/wp.kristdemokraterna.se\/kdsenior\/exempelsida\/forbundsstyrelsen\/#breadcrumb","itemListElement":[{"@type":"ListItem","position":1,"name":"Hem","item":"https:\/\/wp.kristdemokraterna.se\/kdsenior\/"},{"@type":"ListItem","position":2,"name":"Kontakta oss","item":"https:\/\/wp.kristdemokraterna.se\/kdsenior\/exempelsida\/"},{"@type":"ListItem","position":3,"name":"F\u00f6rbundsstyrelsen"}]},{"@type":"WebSite","@id":"https:\/\/wp.kristdemokraterna.se\/kdsenior\/#website","url":"https:\/\/wp.kristdemokraterna.se\/kdsenior\/","name":"KD Senior","description":"Seniorer h\u00e5ller ihop Sverige!","inLanguage":"sv-SE"}]}},"_links":{"self":[{"href":"https:\/\/wp.kristdemokraterna.se\/kdsenior\/wp-json\/wp\/v2\/pages\/331","targetHints":{"allow":["GET"]}}],"collection":[{"href":"https:\/\/wp.kristdemokraterna.se\/kdsenior\/wp-json\/wp\/v2\/pages"}],"about":[{"href":"https:\/\/wp.kristdemokraterna.se\/kdsenior\/wp-json\/wp\/v2\/types\/page"}],"author":[{"embeddable":true,"href":"https:\/\/wp.kristdemokraterna.se\/kdsenior\/wp-json\/wp\/v2\/users\/819"}],"replies":[{"embeddable":true,"href":"https:\/\/wp.kristdemokraterna.se\/kdsenior\/wp-json\/wp\/v2\/comments?post=331"}],"version-history":[{"count":38,"href":"https:\/\/wp.kristdemokraterna.se\/kdsenior\/wp-json\/wp\/v2\/pages\/331\/revisions"}],"predecessor-version":[{"id":5763,"href":"https:\/\/wp.kristdemokraterna.se\/kdsenior\/wp-json\/wp\/v2\/pages\/331\/revisions\/5763"}],"up":[{"embeddable":true,"href":"https:\/\/wp.kristdemokraterna.se\/kdsenior\/wp-json\/wp\/v2\/pages\/2"}],"wp:featuredmedia":[{"embeddable":true,"href":"https:\/\/wp.kristdemokraterna.se\/kdsenior\/wp-json\/wp\/v2\/media\/4278"}],"wp:attachment":[{"href":"https:\/\/wp.kristdemokraterna.se\/kdsenior\/wp-json\/wp\/v2\/media?parent=331"}],"curies":[{"name":"wp","href":"https:\/\/api.w.org\/{rel}","templated":true}]}}