{"id":37,"date":"2016-04-27T13:56:27","date_gmt":"2016-04-27T11:56:27","guid":{"rendered":"http:\/\/wp.kristdemokraterna.se\/kdsenior\/?page_id=37"},"modified":"2025-02-25T15:46:50","modified_gmt":"2025-02-25T14:46:50","slug":"var-politik","status":"publish","type":"page","link":"https:\/\/wp.kristdemokraterna.se\/kdsenior\/var-politik\/","title":{"rendered":"V\u00e5r politik"},"content":{"rendered":"<p>Med mottot <strong>En politik med seniora \u00f6gon<\/strong> verkar Kristdemokratiska Seniorf\u00f6rbundet (KD Senior) f\u00f6r att genom politiska reformer fr\u00e4mja \u00e4ldre medm\u00e4nniskors intressen, r\u00e4ttigheter och best\u00e5ende livskvalitet. Seniorf\u00f6rbundet bildades efter ett beslut av Kristdemokraternas riksting 1993 och \u00e4r sedan dess ett associerat f\u00f6rbund inom det Kristdemokratiska partiet. Att uppm\u00e4rksamma behovet av en s\u00e4ker finansiering av \u00e4ldrev\u00e5rden liksom av en god ekonomi f\u00f6r \u00e4ldre genom fr\u00e4mst trygga pensioner \u00e4r, inte minst mot bakgrund av den stora \u00f6kningen av \u00e4ldre samh\u00e4llsinv\u00e5nare \u2013 allt fler \u00e4ldre varav allt fler lever allt l\u00e4ngre, \u00e4r det en prioriterad uppgift f\u00f6r f\u00f6rbundet.<\/p>\n<p>Samtidigt vill f\u00f6rbundet politiskt agera f\u00f6r att seniorer ges m\u00f6jlighet att vara fortsatt aktiva i samh\u00e4llet: p\u00e5 arbetsmarknaden, i civilsamh\u00e4llet, i politiska f\u00f6rtroendeuppdrag, osv. Ett v\u00e4rdigt bem\u00f6tande av \u00e4ldre medm\u00e4nniskor innefattar enligt f\u00f6rbundets uppfattning s\u00e5v\u00e4l en kvalitativ v\u00e5rd och trygg omsorg som s\u00e4kra pensioner samt dessutom att \u00e4ldre personers samlade erfarenhet och kunskap tas v\u00e4l tillvara med respekt f\u00f6r de m\u00e5nga friska seniorernas best\u00e5ende kraft och samh\u00e4llsengagemang. Med utnyttjande av v\u00e5ra medlemmars f\u00f6rv\u00e4rvade kompetens och erfarenhet fr\u00e5n olika samh\u00e4llsf\u00e4lt s\u00f6ker f\u00f6rbundet bidra till att utveckla det kristdemokratiska partiets politik inte bara i \u00e4ldrefr\u00e5gor utan ocks\u00e5 allm\u00e4nt. F\u00f6rbundet verkar runtom i Sverige och deltar \u2013 genom Europeiska Seniorunionen, ESU, \u2013 \u00e4ven i det paneuropeiska seniorsamarbetet.<\/p>\n<p>H\u00e4r kan du l\u00e4sa hela v\u00e5rt program\u00a0 <a href=\"http:\/\/wp.kristdemokraterna.se\/kdsenior\/files\/2025\/02\/kdsenior_varpolitik_241218.pdf\">&#8221;en politik med seniora \u00f6gon&#8221;<\/a>.<\/p>\n<p>&nbsp;<\/p>\n","protected":false},"excerpt":{"rendered":"<p>Med mottot En politik med seniora \u00f6gon verkar Kristdemokratiska Seniorf\u00f6rbundet (KD Senior) f\u00f6r att genom politiska reformer fr\u00e4mja \u00e4ldre medm\u00e4nniskors intressen, r\u00e4ttigheter och best\u00e5ende livskvalitet. Seniorf\u00f6rbundet bildades efter ett beslut av Kristdemokraternas riksting 1993 och \u00e4r sedan dess ett associerat f\u00f6rbund inom det Kristdemokratiska partiet. Att uppm\u00e4rksamma behovet av en s\u00e4ker finansiering av \u00e4ldrev\u00e5rden liksom <a class=\"read-more-link\" href=\"https:\/\/wp.kristdemokraterna.se\/kdsenior\/var-politik\/\">Read More<\/a><\/p>\n","protected":false},"author":819,"featured_media":4278,"parent":0,"menu_order":0,"comment_status":"closed","ping_status":"closed","template":"","meta":{"_acf_changed":false,"footnotes":""},"class_list":["post-37","page","type-page","status-publish","hentry"],"acf":[],"yoast_head":"<!-- This site is optimized with the Yoast SEO plugin v27.4 - https:\/\/yoast.com\/product\/yoast-seo-wordpress\/ -->\n<title>V\u00e5r politik - KD Senior<\/title>\n<meta name=\"robots\" content=\"index, follow, max-snippet:-1, max-image-preview:large, max-video-preview:-1\" \/>\n<link rel=\"canonical\" href=\"https:\/\/wp.kristdemokraterna.se\/kdsenior\/var-politik\/\" \/>\n<meta property=\"og:locale\" content=\"sv_SE\" \/>\n<meta property=\"og:type\" content=\"article\" \/>\n<meta property=\"og:title\" content=\"V\u00e5r politik - KD Senior\" \/>\n<meta property=\"og:description\" content=\"Med mottot En politik med seniora \u00f6gon verkar Kristdemokratiska Seniorf\u00f6rbundet (KD Senior) f\u00f6r att genom politiska reformer fr\u00e4mja \u00e4ldre medm\u00e4nniskors intressen, r\u00e4ttigheter och best\u00e5ende livskvalitet. Seniorf\u00f6rbundet bildades efter ett beslut av Kristdemokraternas riksting 1993 och \u00e4r sedan dess ett associerat f\u00f6rbund inom det Kristdemokratiska partiet. Att uppm\u00e4rksamma behovet av en s\u00e4ker finansiering av \u00e4ldrev\u00e5rden liksom Read More\" \/>\n<meta property=\"og:url\" content=\"https:\/\/wp.kristdemokraterna.se\/kdsenior\/var-politik\/\" \/>\n<meta property=\"og:site_name\" content=\"KD Senior\" \/>\n<meta property=\"article:modified_time\" content=\"2025-02-25T14:46:50+00:00\" \/>\n<meta name=\"twitter:card\" content=\"summary_large_image\" \/>\n<meta name=\"twitter:label1\" content=\"Ber\u00e4knad l\u00e4stid\" \/>\n\t<meta name=\"twitter:data1\" content=\"2 minuter\" \/>\n<script type=\"application\/ld+json\" class=\"yoast-schema-graph\">{\"@context\":\"https:\\\/\\\/schema.org\",\"@graph\":[{\"@type\":\"WebPage\",\"@id\":\"https:\\\/\\\/wp.kristdemokraterna.se\\\/kdsenior\\\/var-politik\\\/\",\"url\":\"https:\\\/\\\/wp.kristdemokraterna.se\\\/kdsenior\\\/var-politik\\\/\",\"name\":\"V\u00e5r politik - KD Senior\",\"isPartOf\":{\"@id\":\"https:\\\/\\\/wp.kristdemokraterna.se\\\/kdsenior\\\/#website\"},\"primaryImageOfPage\":{\"@id\":\"https:\\\/\\\/wp.kristdemokraterna.se\\\/kdsenior\\\/var-politik\\\/#primaryimage\"},\"image\":{\"@id\":\"https:\\\/\\\/wp.kristdemokraterna.se\\\/kdsenior\\\/var-politik\\\/#primaryimage\"},\"thumbnailUrl\":\"https:\\\/\\\/wp.kristdemokraterna.se\\\/kdsenior\\\/files\\\/2019\\\/01\\\/standard.png\",\"datePublished\":\"2016-04-27T11:56:27+00:00\",\"dateModified\":\"2025-02-25T14:46:50+00:00\",\"breadcrumb\":{\"@id\":\"https:\\\/\\\/wp.kristdemokraterna.se\\\/kdsenior\\\/var-politik\\\/#breadcrumb\"},\"inLanguage\":\"sv-SE\",\"potentialAction\":[{\"@type\":\"ReadAction\",\"target\":[\"https:\\\/\\\/wp.kristdemokraterna.se\\\/kdsenior\\\/var-politik\\\/\"]}]},{\"@type\":\"ImageObject\",\"inLanguage\":\"sv-SE\",\"@id\":\"https:\\\/\\\/wp.kristdemokraterna.se\\\/kdsenior\\\/var-politik\\\/#primaryimage\",\"url\":\"https:\\\/\\\/wp.kristdemokraterna.se\\\/kdsenior\\\/files\\\/2019\\\/01\\\/standard.png\",\"contentUrl\":\"https:\\\/\\\/wp.kristdemokraterna.se\\\/kdsenior\\\/files\\\/2019\\\/01\\\/standard.png\",\"width\":770,\"height\":390},{\"@type\":\"BreadcrumbList\",\"@id\":\"https:\\\/\\\/wp.kristdemokraterna.se\\\/kdsenior\\\/var-politik\\\/#breadcrumb\",\"itemListElement\":[{\"@type\":\"ListItem\",\"position\":1,\"name\":\"Hem\",\"item\":\"https:\\\/\\\/wp.kristdemokraterna.se\\\/kdsenior\\\/\"},{\"@type\":\"ListItem\",\"position\":2,\"name\":\"V\u00e5r politik\"}]},{\"@type\":\"WebSite\",\"@id\":\"https:\\\/\\\/wp.kristdemokraterna.se\\\/kdsenior\\\/#website\",\"url\":\"https:\\\/\\\/wp.kristdemokraterna.se\\\/kdsenior\\\/\",\"name\":\"KD Senior\",\"description\":\"Seniorer h\u00e5ller ihop Sverige!\",\"inLanguage\":\"sv-SE\"}]}<\/script>\n<!-- \/ Yoast SEO plugin. -->","yoast_head_json":{"title":"V\u00e5r politik - KD Senior","robots":{"index":"index","follow":"follow","max-snippet":"max-snippet:-1","max-image-preview":"max-image-preview:large","max-video-preview":"max-video-preview:-1"},"canonical":"https:\/\/wp.kristdemokraterna.se\/kdsenior\/var-politik\/","og_locale":"sv_SE","og_type":"article","og_title":"V\u00e5r politik - KD Senior","og_description":"Med mottot En politik med seniora \u00f6gon verkar Kristdemokratiska Seniorf\u00f6rbundet (KD Senior) f\u00f6r att genom politiska reformer fr\u00e4mja \u00e4ldre medm\u00e4nniskors intressen, r\u00e4ttigheter och best\u00e5ende livskvalitet. Seniorf\u00f6rbundet bildades efter ett beslut av Kristdemokraternas riksting 1993 och \u00e4r sedan dess ett associerat f\u00f6rbund inom det Kristdemokratiska partiet. Att uppm\u00e4rksamma behovet av en s\u00e4ker finansiering av \u00e4ldrev\u00e5rden liksom Read More","og_url":"https:\/\/wp.kristdemokraterna.se\/kdsenior\/var-politik\/","og_site_name":"KD Senior","article_modified_time":"2025-02-25T14:46:50+00:00","twitter_card":"summary_large_image","twitter_misc":{"Ber\u00e4knad l\u00e4stid":"2 minuter"},"schema":{"@context":"https:\/\/schema.org","@graph":[{"@type":"WebPage","@id":"https:\/\/wp.kristdemokraterna.se\/kdsenior\/var-politik\/","url":"https:\/\/wp.kristdemokraterna.se\/kdsenior\/var-politik\/","name":"V\u00e5r politik - KD Senior","isPartOf":{"@id":"https:\/\/wp.kristdemokraterna.se\/kdsenior\/#website"},"primaryImageOfPage":{"@id":"https:\/\/wp.kristdemokraterna.se\/kdsenior\/var-politik\/#primaryimage"},"image":{"@id":"https:\/\/wp.kristdemokraterna.se\/kdsenior\/var-politik\/#primaryimage"},"thumbnailUrl":"https:\/\/wp.kristdemokraterna.se\/kdsenior\/files\/2019\/01\/standard.png","datePublished":"2016-04-27T11:56:27+00:00","dateModified":"2025-02-25T14:46:50+00:00","breadcrumb":{"@id":"https:\/\/wp.kristdemokraterna.se\/kdsenior\/var-politik\/#breadcrumb"},"inLanguage":"sv-SE","potentialAction":[{"@type":"ReadAction","target":["https:\/\/wp.kristdemokraterna.se\/kdsenior\/var-politik\/"]}]},{"@type":"ImageObject","inLanguage":"sv-SE","@id":"https:\/\/wp.kristdemokraterna.se\/kdsenior\/var-politik\/#primaryimage","url":"https:\/\/wp.kristdemokraterna.se\/kdsenior\/files\/2019\/01\/standard.png","contentUrl":"https:\/\/wp.kristdemokraterna.se\/kdsenior\/files\/2019\/01\/standard.png","width":770,"height":390},{"@type":"BreadcrumbList","@id":"https:\/\/wp.kristdemokraterna.se\/kdsenior\/var-politik\/#breadcrumb","itemListElement":[{"@type":"ListItem","position":1,"name":"Hem","item":"https:\/\/wp.kristdemokraterna.se\/kdsenior\/"},{"@type":"ListItem","position":2,"name":"V\u00e5r politik"}]},{"@type":"WebSite","@id":"https:\/\/wp.kristdemokraterna.se\/kdsenior\/#website","url":"https:\/\/wp.kristdemokraterna.se\/kdsenior\/","name":"KD Senior","description":"Seniorer h\u00e5ller ihop Sverige!","inLanguage":"sv-SE"}]}},"_links":{"self":[{"href":"https:\/\/wp.kristdemokraterna.se\/kdsenior\/wp-json\/wp\/v2\/pages\/37","targetHints":{"allow":["GET"]}}],"collection":[{"href":"https:\/\/wp.kristdemokraterna.se\/kdsenior\/wp-json\/wp\/v2\/pages"}],"about":[{"href":"https:\/\/wp.kristdemokraterna.se\/kdsenior\/wp-json\/wp\/v2\/types\/page"}],"author":[{"embeddable":true,"href":"https:\/\/wp.kristdemokraterna.se\/kdsenior\/wp-json\/wp\/v2\/users\/819"}],"replies":[{"embeddable":true,"href":"https:\/\/wp.kristdemokraterna.se\/kdsenior\/wp-json\/wp\/v2\/comments?post=37"}],"version-history":[{"count":7,"href":"https:\/\/wp.kristdemokraterna.se\/kdsenior\/wp-json\/wp\/v2\/pages\/37\/revisions"}],"predecessor-version":[{"id":5677,"href":"https:\/\/wp.kristdemokraterna.se\/kdsenior\/wp-json\/wp\/v2\/pages\/37\/revisions\/5677"}],"wp:featuredmedia":[{"embeddable":true,"href":"https:\/\/wp.kristdemokraterna.se\/kdsenior\/wp-json\/wp\/v2\/media\/4278"}],"wp:attachment":[{"href":"https:\/\/wp.kristdemokraterna.se\/kdsenior\/wp-json\/wp\/v2\/media?parent=37"}],"curies":[{"name":"wp","href":"https:\/\/api.w.org\/{rel}","templated":true}]}}