{"id":3955,"date":"2025-04-28T10:25:32","date_gmt":"2025-04-28T08:25:32","guid":{"rendered":"http:\/\/kdsenior.se\/?page_id=3955"},"modified":"2025-04-29T10:33:11","modified_gmt":"2025-04-29T08:33:11","slug":"motioner-till-rikstinget-2017","status":"publish","type":"page","link":"https:\/\/wp.kristdemokraterna.se\/kdsenior\/var-politik\/var-politik-3\/motioner-till-rikstinget-2017\/","title":{"rendered":"Motioner till Rikstinget 2025"},"content":{"rendered":"<h4><span style=\"color: #184080\">Seniorf\u00f6rbundet tar aktiv del i Kristdemokraternas politikutveckling och presenterar till varje riksting flera motioner i seniorpolitiska fr\u00e5gor. <\/span><\/h4>\n<h4><span style=\"color: #184080\">I \u00e5r har seniortinget beslutat om att l\u00e4mna sju motioner till KD Riksting som h\u00e5lls den 14-16 november i Link\u00f6pping.\u00a0<\/span><\/h4>\n<p>Nr 1 Nationellt vaccinationsprogram f\u00f6r \u00e4ldre<br \/>\nNr 2 H\u00f6rseltest f\u00f6r alla \u00f6ver 67 \u00e5r.<br \/>\nNr 3 Inf\u00f6r obligatoriska skyldighet med utdrag ur belastningsregistret vid anst\u00e4llning inom omsorgerna.<br \/>\nNr 4 Ta v\u00e5ld mot \u00e4ldre p\u00e5 st\u00f6rre allvar<br \/>\nNr 5 Trygga pensioner \u2013 dags f\u00f6r \u00f6versyn<br \/>\nNr 6 Wifi p\u00e5 v\u00e5ra v\u00e5rd- och \u00e4ldreboende, vad har h\u00e4nt?<br \/>\nNr 7 En r\u00e4ttighetsbaserad \u00e4ldreomsorg<\/p>\n<p>Motionerna i sin helhet med de f\u00f6rslag till beslut som KD Senior \u00f6nskar att partiet tar st\u00e4llning f\u00f6r.<\/p>\n<p><a href=\"http:\/\/wp.kristdemokraterna.se\/kdsenior\/files\/2025\/04\/motioner-till-kd-riksting-beslutade-av-seniortinget-2025.pdf\">Motioner till KD riksting beslutade av seniortinget 2025<\/a><\/p>\n","protected":false},"excerpt":{"rendered":"<p>Seniorf\u00f6rbundet tar aktiv del i Kristdemokraternas politikutveckling och presenterar till varje riksting flera motioner i seniorpolitiska fr\u00e5gor. I \u00e5r har seniortinget beslutat om att l\u00e4mna sju motioner till KD Riksting som h\u00e5lls den 14-16 november i Link\u00f6pping.\u00a0 Nr 1 Nationellt vaccinationsprogram f\u00f6r \u00e4ldre Nr 2 H\u00f6rseltest f\u00f6r alla \u00f6ver 67 \u00e5r. Nr 3 Inf\u00f6r obligatoriska <a class=\"read-more-link\" href=\"https:\/\/wp.kristdemokraterna.se\/kdsenior\/var-politik\/var-politik-3\/motioner-till-rikstinget-2017\/\">Read More<\/a><\/p>\n","protected":false},"author":819,"featured_media":4278,"parent":5260,"menu_order":1,"comment_status":"closed","ping_status":"closed","template":"","meta":{"_acf_changed":false,"footnotes":""},"class_list":["post-3955","page","type-page","status-publish","hentry"],"acf":[],"yoast_head":"<!-- This site is optimized with the Yoast SEO plugin v27.5 - https:\/\/yoast.com\/product\/yoast-seo-wordpress\/ -->\n<title>Motioner till Rikstinget 2025 - KD Senior<\/title>\n<meta name=\"robots\" content=\"index, follow, max-snippet:-1, max-image-preview:large, max-video-preview:-1\" \/>\n<link rel=\"canonical\" href=\"https:\/\/wp.kristdemokraterna.se\/kdsenior\/var-politik\/var-politik-3\/motioner-till-rikstinget-2017\/\" \/>\n<meta property=\"og:locale\" content=\"sv_SE\" \/>\n<meta property=\"og:type\" content=\"article\" \/>\n<meta property=\"og:title\" content=\"Motioner till Rikstinget 2025 - KD Senior\" \/>\n<meta property=\"og:description\" content=\"Seniorf\u00f6rbundet tar aktiv del i Kristdemokraternas politikutveckling och presenterar till varje riksting flera motioner i seniorpolitiska fr\u00e5gor. I \u00e5r har seniortinget beslutat om att l\u00e4mna sju motioner till KD Riksting som h\u00e5lls den 14-16 november i Link\u00f6pping.\u00a0 Nr 1 Nationellt vaccinationsprogram f\u00f6r \u00e4ldre Nr 2 H\u00f6rseltest f\u00f6r alla \u00f6ver 67 \u00e5r. Nr 3 Inf\u00f6r obligatoriska Read More\" \/>\n<meta property=\"og:url\" content=\"https:\/\/wp.kristdemokraterna.se\/kdsenior\/var-politik\/var-politik-3\/motioner-till-rikstinget-2017\/\" \/>\n<meta property=\"og:site_name\" content=\"KD Senior\" \/>\n<meta property=\"article:modified_time\" content=\"2025-04-29T08:33:11+00:00\" \/>\n<meta name=\"twitter:card\" content=\"summary_large_image\" \/>\n<meta name=\"twitter:label1\" content=\"Ber\u00e4knad l\u00e4stid\" \/>\n\t<meta name=\"twitter:data1\" content=\"1 minut\" \/>\n<script type=\"application\/ld+json\" class=\"yoast-schema-graph\">{\"@context\":\"https:\\\/\\\/schema.org\",\"@graph\":[{\"@type\":\"WebPage\",\"@id\":\"https:\\\/\\\/wp.kristdemokraterna.se\\\/kdsenior\\\/var-politik\\\/var-politik-3\\\/motioner-till-rikstinget-2017\\\/\",\"url\":\"https:\\\/\\\/wp.kristdemokraterna.se\\\/kdsenior\\\/var-politik\\\/var-politik-3\\\/motioner-till-rikstinget-2017\\\/\",\"name\":\"Motioner till Rikstinget 2025 - KD Senior\",\"isPartOf\":{\"@id\":\"https:\\\/\\\/wp.kristdemokraterna.se\\\/kdsenior\\\/#website\"},\"primaryImageOfPage\":{\"@id\":\"https:\\\/\\\/wp.kristdemokraterna.se\\\/kdsenior\\\/var-politik\\\/var-politik-3\\\/motioner-till-rikstinget-2017\\\/#primaryimage\"},\"image\":{\"@id\":\"https:\\\/\\\/wp.kristdemokraterna.se\\\/kdsenior\\\/var-politik\\\/var-politik-3\\\/motioner-till-rikstinget-2017\\\/#primaryimage\"},\"thumbnailUrl\":\"https:\\\/\\\/wp.kristdemokraterna.se\\\/kdsenior\\\/files\\\/2019\\\/01\\\/standard.png\",\"datePublished\":\"2025-04-28T08:25:32+00:00\",\"dateModified\":\"2025-04-29T08:33:11+00:00\",\"breadcrumb\":{\"@id\":\"https:\\\/\\\/wp.kristdemokraterna.se\\\/kdsenior\\\/var-politik\\\/var-politik-3\\\/motioner-till-rikstinget-2017\\\/#breadcrumb\"},\"inLanguage\":\"sv-SE\",\"potentialAction\":[{\"@type\":\"ReadAction\",\"target\":[\"https:\\\/\\\/wp.kristdemokraterna.se\\\/kdsenior\\\/var-politik\\\/var-politik-3\\\/motioner-till-rikstinget-2017\\\/\"]}]},{\"@type\":\"ImageObject\",\"inLanguage\":\"sv-SE\",\"@id\":\"https:\\\/\\\/wp.kristdemokraterna.se\\\/kdsenior\\\/var-politik\\\/var-politik-3\\\/motioner-till-rikstinget-2017\\\/#primaryimage\",\"url\":\"https:\\\/\\\/wp.kristdemokraterna.se\\\/kdsenior\\\/files\\\/2019\\\/01\\\/standard.png\",\"contentUrl\":\"https:\\\/\\\/wp.kristdemokraterna.se\\\/kdsenior\\\/files\\\/2019\\\/01\\\/standard.png\",\"width\":770,\"height\":390},{\"@type\":\"BreadcrumbList\",\"@id\":\"https:\\\/\\\/wp.kristdemokraterna.se\\\/kdsenior\\\/var-politik\\\/var-politik-3\\\/motioner-till-rikstinget-2017\\\/#breadcrumb\",\"itemListElement\":[{\"@type\":\"ListItem\",\"position\":1,\"name\":\"Hem\",\"item\":\"https:\\\/\\\/wp.kristdemokraterna.se\\\/kdsenior\\\/\"},{\"@type\":\"ListItem\",\"position\":2,\"name\":\"V\u00e5r politik\",\"item\":\"https:\\\/\\\/wp.kristdemokraterna.se\\\/kdsenior\\\/var-politik\\\/\"},{\"@type\":\"ListItem\",\"position\":3,\"name\":\"V\u00e5r politik\",\"item\":\"https:\\\/\\\/wp.kristdemokraterna.se\\\/kdsenior\\\/var-politik\\\/var-politik-3\\\/\"},{\"@type\":\"ListItem\",\"position\":4,\"name\":\"Motioner till Rikstinget 2025\"}]},{\"@type\":\"WebSite\",\"@id\":\"https:\\\/\\\/wp.kristdemokraterna.se\\\/kdsenior\\\/#website\",\"url\":\"https:\\\/\\\/wp.kristdemokraterna.se\\\/kdsenior\\\/\",\"name\":\"KD Senior\",\"description\":\"Seniorer h\u00e5ller ihop Sverige!\",\"inLanguage\":\"sv-SE\"}]}<\/script>\n<!-- \/ Yoast SEO plugin. -->","yoast_head_json":{"title":"Motioner till Rikstinget 2025 - KD Senior","robots":{"index":"index","follow":"follow","max-snippet":"max-snippet:-1","max-image-preview":"max-image-preview:large","max-video-preview":"max-video-preview:-1"},"canonical":"https:\/\/wp.kristdemokraterna.se\/kdsenior\/var-politik\/var-politik-3\/motioner-till-rikstinget-2017\/","og_locale":"sv_SE","og_type":"article","og_title":"Motioner till Rikstinget 2025 - KD Senior","og_description":"Seniorf\u00f6rbundet tar aktiv del i Kristdemokraternas politikutveckling och presenterar till varje riksting flera motioner i seniorpolitiska fr\u00e5gor. I \u00e5r har seniortinget beslutat om att l\u00e4mna sju motioner till KD Riksting som h\u00e5lls den 14-16 november i Link\u00f6pping.\u00a0 Nr 1 Nationellt vaccinationsprogram f\u00f6r \u00e4ldre Nr 2 H\u00f6rseltest f\u00f6r alla \u00f6ver 67 \u00e5r. Nr 3 Inf\u00f6r obligatoriska Read More","og_url":"https:\/\/wp.kristdemokraterna.se\/kdsenior\/var-politik\/var-politik-3\/motioner-till-rikstinget-2017\/","og_site_name":"KD Senior","article_modified_time":"2025-04-29T08:33:11+00:00","twitter_card":"summary_large_image","twitter_misc":{"Ber\u00e4knad l\u00e4stid":"1 minut"},"schema":{"@context":"https:\/\/schema.org","@graph":[{"@type":"WebPage","@id":"https:\/\/wp.kristdemokraterna.se\/kdsenior\/var-politik\/var-politik-3\/motioner-till-rikstinget-2017\/","url":"https:\/\/wp.kristdemokraterna.se\/kdsenior\/var-politik\/var-politik-3\/motioner-till-rikstinget-2017\/","name":"Motioner till Rikstinget 2025 - KD Senior","isPartOf":{"@id":"https:\/\/wp.kristdemokraterna.se\/kdsenior\/#website"},"primaryImageOfPage":{"@id":"https:\/\/wp.kristdemokraterna.se\/kdsenior\/var-politik\/var-politik-3\/motioner-till-rikstinget-2017\/#primaryimage"},"image":{"@id":"https:\/\/wp.kristdemokraterna.se\/kdsenior\/var-politik\/var-politik-3\/motioner-till-rikstinget-2017\/#primaryimage"},"thumbnailUrl":"https:\/\/wp.kristdemokraterna.se\/kdsenior\/files\/2019\/01\/standard.png","datePublished":"2025-04-28T08:25:32+00:00","dateModified":"2025-04-29T08:33:11+00:00","breadcrumb":{"@id":"https:\/\/wp.kristdemokraterna.se\/kdsenior\/var-politik\/var-politik-3\/motioner-till-rikstinget-2017\/#breadcrumb"},"inLanguage":"sv-SE","potentialAction":[{"@type":"ReadAction","target":["https:\/\/wp.kristdemokraterna.se\/kdsenior\/var-politik\/var-politik-3\/motioner-till-rikstinget-2017\/"]}]},{"@type":"ImageObject","inLanguage":"sv-SE","@id":"https:\/\/wp.kristdemokraterna.se\/kdsenior\/var-politik\/var-politik-3\/motioner-till-rikstinget-2017\/#primaryimage","url":"https:\/\/wp.kristdemokraterna.se\/kdsenior\/files\/2019\/01\/standard.png","contentUrl":"https:\/\/wp.kristdemokraterna.se\/kdsenior\/files\/2019\/01\/standard.png","width":770,"height":390},{"@type":"BreadcrumbList","@id":"https:\/\/wp.kristdemokraterna.se\/kdsenior\/var-politik\/var-politik-3\/motioner-till-rikstinget-2017\/#breadcrumb","itemListElement":[{"@type":"ListItem","position":1,"name":"Hem","item":"https:\/\/wp.kristdemokraterna.se\/kdsenior\/"},{"@type":"ListItem","position":2,"name":"V\u00e5r politik","item":"https:\/\/wp.kristdemokraterna.se\/kdsenior\/var-politik\/"},{"@type":"ListItem","position":3,"name":"V\u00e5r politik","item":"https:\/\/wp.kristdemokraterna.se\/kdsenior\/var-politik\/var-politik-3\/"},{"@type":"ListItem","position":4,"name":"Motioner till Rikstinget 2025"}]},{"@type":"WebSite","@id":"https:\/\/wp.kristdemokraterna.se\/kdsenior\/#website","url":"https:\/\/wp.kristdemokraterna.se\/kdsenior\/","name":"KD Senior","description":"Seniorer h\u00e5ller ihop Sverige!","inLanguage":"sv-SE"}]}},"_links":{"self":[{"href":"https:\/\/wp.kristdemokraterna.se\/kdsenior\/wp-json\/wp\/v2\/pages\/3955","targetHints":{"allow":["GET"]}}],"collection":[{"href":"https:\/\/wp.kristdemokraterna.se\/kdsenior\/wp-json\/wp\/v2\/pages"}],"about":[{"href":"https:\/\/wp.kristdemokraterna.se\/kdsenior\/wp-json\/wp\/v2\/types\/page"}],"author":[{"embeddable":true,"href":"https:\/\/wp.kristdemokraterna.se\/kdsenior\/wp-json\/wp\/v2\/users\/819"}],"replies":[{"embeddable":true,"href":"https:\/\/wp.kristdemokraterna.se\/kdsenior\/wp-json\/wp\/v2\/comments?post=3955"}],"version-history":[{"count":3,"href":"https:\/\/wp.kristdemokraterna.se\/kdsenior\/wp-json\/wp\/v2\/pages\/3955\/revisions"}],"predecessor-version":[{"id":5755,"href":"https:\/\/wp.kristdemokraterna.se\/kdsenior\/wp-json\/wp\/v2\/pages\/3955\/revisions\/5755"}],"up":[{"embeddable":true,"href":"https:\/\/wp.kristdemokraterna.se\/kdsenior\/wp-json\/wp\/v2\/pages\/5260"}],"wp:featuredmedia":[{"embeddable":true,"href":"https:\/\/wp.kristdemokraterna.se\/kdsenior\/wp-json\/wp\/v2\/media\/4278"}],"wp:attachment":[{"href":"https:\/\/wp.kristdemokraterna.se\/kdsenior\/wp-json\/wp\/v2\/media?parent=3955"}],"curies":[{"name":"wp","href":"https:\/\/api.w.org\/{rel}","templated":true}]}}