{"id":4098,"date":"2012-05-24T14:28:55","date_gmt":"2012-05-24T14:28:55","guid":{"rendered":"http:\/\/www.kdsenior.se\/?page_id=278"},"modified":"2019-11-29T10:54:19","modified_gmt":"2019-11-29T09:54:19","slug":"press","status":"publish","type":"page","link":"https:\/\/wp.kristdemokraterna.se\/kdsenior\/press\/","title":{"rendered":"Press"},"content":{"rendered":"<h3>H\u00e4r finner Du i menyn ovan:<\/h3>\n<h4>&#8211; Debattartiklar fr\u00e5n Seniorf\u00f6rbundets styrelse<\/h4>\n<h4><\/h4>\n<h4><\/h4>\n<p>&nbsp;<\/p>\n","protected":false},"excerpt":{"rendered":"<p>H\u00e4r finner Du i menyn ovan: &#8211; Debattartiklar fr\u00e5n Seniorf\u00f6rbundets styrelse &nbsp;<\/p>\n","protected":false},"author":819,"featured_media":4278,"parent":0,"menu_order":4,"comment_status":"closed","ping_status":"closed","template":"","meta":{"_acf_changed":false,"footnotes":""},"class_list":["post-4098","page","type-page","status-publish","hentry"],"acf":[],"yoast_head":"<!-- This site is optimized with the Yoast SEO plugin v27.6 - https:\/\/yoast.com\/product\/yoast-seo-wordpress\/ -->\n<title>Press - KD Senior<\/title>\n<meta name=\"robots\" content=\"index, follow, max-snippet:-1, max-image-preview:large, max-video-preview:-1\" \/>\n<link rel=\"canonical\" href=\"https:\/\/wp.kristdemokraterna.se\/kdsenior\/press\/\" \/>\n<meta property=\"og:locale\" content=\"sv_SE\" \/>\n<meta property=\"og:type\" content=\"article\" \/>\n<meta property=\"og:title\" content=\"Press - KD Senior\" \/>\n<meta property=\"og:description\" content=\"H\u00e4r finner Du i menyn ovan: &#8211; Debattartiklar fr\u00e5n Seniorf\u00f6rbundets styrelse &nbsp;\" \/>\n<meta property=\"og:url\" content=\"https:\/\/wp.kristdemokraterna.se\/kdsenior\/press\/\" \/>\n<meta property=\"og:site_name\" content=\"KD Senior\" \/>\n<meta property=\"article:modified_time\" content=\"2019-11-29T09:54:19+00:00\" \/>\n<meta property=\"og:image\" content=\"https:\/\/wp.kristdemokraterna.se\/kdsenior\/files\/2019\/01\/standard.png\" \/>\n\t<meta property=\"og:image:width\" content=\"770\" \/>\n\t<meta property=\"og:image:height\" content=\"390\" \/>\n\t<meta property=\"og:image:type\" content=\"image\/png\" \/>\n<meta name=\"twitter:card\" content=\"summary_large_image\" \/>\n<script type=\"application\/ld+json\" class=\"yoast-schema-graph\">{\"@context\":\"https:\\\/\\\/schema.org\",\"@graph\":[{\"@type\":\"WebPage\",\"@id\":\"https:\\\/\\\/wp.kristdemokraterna.se\\\/kdsenior\\\/press\\\/\",\"url\":\"https:\\\/\\\/wp.kristdemokraterna.se\\\/kdsenior\\\/press\\\/\",\"name\":\"Press - KD Senior\",\"isPartOf\":{\"@id\":\"https:\\\/\\\/wp.kristdemokraterna.se\\\/kdsenior\\\/#website\"},\"primaryImageOfPage\":{\"@id\":\"https:\\\/\\\/wp.kristdemokraterna.se\\\/kdsenior\\\/press\\\/#primaryimage\"},\"image\":{\"@id\":\"https:\\\/\\\/wp.kristdemokraterna.se\\\/kdsenior\\\/press\\\/#primaryimage\"},\"thumbnailUrl\":\"https:\\\/\\\/wp.kristdemokraterna.se\\\/kdsenior\\\/files\\\/2019\\\/01\\\/standard.png\",\"datePublished\":\"2012-05-24T14:28:55+00:00\",\"dateModified\":\"2019-11-29T09:54:19+00:00\",\"breadcrumb\":{\"@id\":\"https:\\\/\\\/wp.kristdemokraterna.se\\\/kdsenior\\\/press\\\/#breadcrumb\"},\"inLanguage\":\"sv-SE\",\"potentialAction\":[{\"@type\":\"ReadAction\",\"target\":[\"https:\\\/\\\/wp.kristdemokraterna.se\\\/kdsenior\\\/press\\\/\"]}]},{\"@type\":\"ImageObject\",\"inLanguage\":\"sv-SE\",\"@id\":\"https:\\\/\\\/wp.kristdemokraterna.se\\\/kdsenior\\\/press\\\/#primaryimage\",\"url\":\"https:\\\/\\\/wp.kristdemokraterna.se\\\/kdsenior\\\/files\\\/2019\\\/01\\\/standard.png\",\"contentUrl\":\"https:\\\/\\\/wp.kristdemokraterna.se\\\/kdsenior\\\/files\\\/2019\\\/01\\\/standard.png\",\"width\":770,\"height\":390},{\"@type\":\"BreadcrumbList\",\"@id\":\"https:\\\/\\\/wp.kristdemokraterna.se\\\/kdsenior\\\/press\\\/#breadcrumb\",\"itemListElement\":[{\"@type\":\"ListItem\",\"position\":1,\"name\":\"Hem\",\"item\":\"https:\\\/\\\/wp.kristdemokraterna.se\\\/kdsenior\\\/\"},{\"@type\":\"ListItem\",\"position\":2,\"name\":\"Press\"}]},{\"@type\":\"WebSite\",\"@id\":\"https:\\\/\\\/wp.kristdemokraterna.se\\\/kdsenior\\\/#website\",\"url\":\"https:\\\/\\\/wp.kristdemokraterna.se\\\/kdsenior\\\/\",\"name\":\"KD Senior\",\"description\":\"Seniorer h\u00e5ller ihop Sverige!\",\"inLanguage\":\"sv-SE\"}]}<\/script>\n<!-- \/ Yoast SEO plugin. -->","yoast_head_json":{"title":"Press - KD Senior","robots":{"index":"index","follow":"follow","max-snippet":"max-snippet:-1","max-image-preview":"max-image-preview:large","max-video-preview":"max-video-preview:-1"},"canonical":"https:\/\/wp.kristdemokraterna.se\/kdsenior\/press\/","og_locale":"sv_SE","og_type":"article","og_title":"Press - KD Senior","og_description":"H\u00e4r finner Du i menyn ovan: &#8211; Debattartiklar fr\u00e5n Seniorf\u00f6rbundets styrelse &nbsp;","og_url":"https:\/\/wp.kristdemokraterna.se\/kdsenior\/press\/","og_site_name":"KD Senior","article_modified_time":"2019-11-29T09:54:19+00:00","og_image":[{"width":770,"height":390,"url":"https:\/\/wp.kristdemokraterna.se\/kdsenior\/files\/2019\/01\/standard.png","type":"image\/png"}],"twitter_card":"summary_large_image","schema":{"@context":"https:\/\/schema.org","@graph":[{"@type":"WebPage","@id":"https:\/\/wp.kristdemokraterna.se\/kdsenior\/press\/","url":"https:\/\/wp.kristdemokraterna.se\/kdsenior\/press\/","name":"Press - KD Senior","isPartOf":{"@id":"https:\/\/wp.kristdemokraterna.se\/kdsenior\/#website"},"primaryImageOfPage":{"@id":"https:\/\/wp.kristdemokraterna.se\/kdsenior\/press\/#primaryimage"},"image":{"@id":"https:\/\/wp.kristdemokraterna.se\/kdsenior\/press\/#primaryimage"},"thumbnailUrl":"https:\/\/wp.kristdemokraterna.se\/kdsenior\/files\/2019\/01\/standard.png","datePublished":"2012-05-24T14:28:55+00:00","dateModified":"2019-11-29T09:54:19+00:00","breadcrumb":{"@id":"https:\/\/wp.kristdemokraterna.se\/kdsenior\/press\/#breadcrumb"},"inLanguage":"sv-SE","potentialAction":[{"@type":"ReadAction","target":["https:\/\/wp.kristdemokraterna.se\/kdsenior\/press\/"]}]},{"@type":"ImageObject","inLanguage":"sv-SE","@id":"https:\/\/wp.kristdemokraterna.se\/kdsenior\/press\/#primaryimage","url":"https:\/\/wp.kristdemokraterna.se\/kdsenior\/files\/2019\/01\/standard.png","contentUrl":"https:\/\/wp.kristdemokraterna.se\/kdsenior\/files\/2019\/01\/standard.png","width":770,"height":390},{"@type":"BreadcrumbList","@id":"https:\/\/wp.kristdemokraterna.se\/kdsenior\/press\/#breadcrumb","itemListElement":[{"@type":"ListItem","position":1,"name":"Hem","item":"https:\/\/wp.kristdemokraterna.se\/kdsenior\/"},{"@type":"ListItem","position":2,"name":"Press"}]},{"@type":"WebSite","@id":"https:\/\/wp.kristdemokraterna.se\/kdsenior\/#website","url":"https:\/\/wp.kristdemokraterna.se\/kdsenior\/","name":"KD Senior","description":"Seniorer h\u00e5ller ihop Sverige!","inLanguage":"sv-SE"}]}},"_links":{"self":[{"href":"https:\/\/wp.kristdemokraterna.se\/kdsenior\/wp-json\/wp\/v2\/pages\/4098","targetHints":{"allow":["GET"]}}],"collection":[{"href":"https:\/\/wp.kristdemokraterna.se\/kdsenior\/wp-json\/wp\/v2\/pages"}],"about":[{"href":"https:\/\/wp.kristdemokraterna.se\/kdsenior\/wp-json\/wp\/v2\/types\/page"}],"author":[{"embeddable":true,"href":"https:\/\/wp.kristdemokraterna.se\/kdsenior\/wp-json\/wp\/v2\/users\/819"}],"replies":[{"embeddable":true,"href":"https:\/\/wp.kristdemokraterna.se\/kdsenior\/wp-json\/wp\/v2\/comments?post=4098"}],"version-history":[{"count":2,"href":"https:\/\/wp.kristdemokraterna.se\/kdsenior\/wp-json\/wp\/v2\/pages\/4098\/revisions"}],"predecessor-version":[{"id":4590,"href":"https:\/\/wp.kristdemokraterna.se\/kdsenior\/wp-json\/wp\/v2\/pages\/4098\/revisions\/4590"}],"wp:featuredmedia":[{"embeddable":true,"href":"https:\/\/wp.kristdemokraterna.se\/kdsenior\/wp-json\/wp\/v2\/media\/4278"}],"wp:attachment":[{"href":"https:\/\/wp.kristdemokraterna.se\/kdsenior\/wp-json\/wp\/v2\/media?parent=4098"}],"curies":[{"name":"wp","href":"https:\/\/api.w.org\/{rel}","templated":true}]}}