{"id":4122,"date":"2012-04-13T09:15:52","date_gmt":"2012-04-13T09:15:52","guid":{"rendered":"http:\/\/www.kdsenior.se\/?page_id=99"},"modified":"2024-05-17T13:11:25","modified_gmt":"2024-05-17T11:11:25","slug":"om-seniorforbundet","status":"publish","type":"page","link":"https:\/\/wp.kristdemokraterna.se\/kdsenior\/om-seniorforbundet\/","title":{"rendered":"Seniorf\u00f6rbundet"},"content":{"rendered":"<h2 style=\"text-align: left\">\u00c4ldre medm\u00e4nniskors intressen, r\u00e4ttigheter<br \/>\noch livskvalitet \u00e4r v\u00e5r sak<\/h2>\n<p>Med mottot En politik med seniora \u00f6gon verkar Kristdemokratiska Seniorf\u00f6rbundet (KD Senior) f\u00f6r att genom politiska reformer fr\u00e4mja \u00e4ldre medm\u00e4nniskors intressen, r\u00e4ttigheter och best\u00e5ende livskvalitet. Seniorf\u00f6rbundet bildades efter ett beslut av Kristdemokraternas riksting 1993 och \u00e4r sedan dess ett associerat f\u00f6rbund inom det Kristdemokratiska partiet. Att uppm\u00e4rksamma behovet av en s\u00e4ker finansiering av \u00e4ldrev\u00e5rden liksom av en god ekonomi f\u00f6r \u00e4ldre genom fr\u00e4mst trygga pensioner \u00e4r, inte minst mot bakgrund av den stora \u00f6kningen av \u00e4ldre samh\u00e4llsinv\u00e5nare \u2013 allt fler \u00e4ldre varav allt fler lever allt l\u00e4ngre, en prioriterad uppgift f\u00f6r f\u00f6rbundet.<\/p>\n<p>Samtidigt vill f\u00f6rbundet politiskt agera f\u00f6r att seniorer ges m\u00f6jlighet att vara fortsatt aktiva i samh\u00e4llet: p\u00e5 arbetsmarknaden, i civilsamh\u00e4llet, i politiska f\u00f6rtroendeuppdrag, osv. Ett v\u00e4rdigt bem\u00f6tande av \u00e4ldre medm\u00e4nniskor innefattar enligt f\u00f6rbundets uppfattning s\u00e5v\u00e4l en kvalitativ v\u00e5rd och trygg omsorg som s\u00e4kra pensioner samt dessutom att \u00e4ldre personers samlade erfarenhet och kunskap tas v\u00e4l tillvara med respekt f\u00f6r de m\u00e5nga friska seniorernas best\u00e5ende kraft och samh\u00e4llsengagemang.Med utnyttjande av sina medlemmars f\u00f6rv\u00e4rvade kompetens och erfarenhet fr\u00e5n olika samh\u00e4llsf\u00e4lt s\u00f6ker f\u00f6rbundet bidra till att utveckla det kristdemokratiska partiets politik inte bara i \u00e4ldrefr\u00e5gor utan ocks\u00e5 allm\u00e4nt. F\u00f6rbundet verkar runtom i Sverige och deltar \u2013 genom Europeiska Seniorunionen \u2013 \u00e4ven i det paneuropeiska seniorsamarbetet.<\/p>\n<h3 style=\"text-align: left\">Ledning, organisation, verksamhet och ekonomi<\/h3>\n<p style=\"text-align: left\">Sedan 2 maj 2024 \u00e4r <strong>Birgitta S\u00f6dertun f\u00f6rbundsordf\u00f6rande.<\/strong><br \/>\n<em>Hon har f\u00f6retr\u00e4tts av Jerzy Einhorn (1993 \u2013 2000), som tog initiativ till Seniorf\u00f6rbundets bildande. Stig Nyman (2000 \u2013 2002), Bror Stefenson (2002 \u2013 2007), Leif Hallberg (2007-2013) Jan Erik \u00c5gren, (2013-2015) och Sture Eriksson (2015). Leif Hallberg var tillbaka som f\u00f6rbundsordf\u00f6rande (2016-2019). Fr\u00e5n april 2019-maj 2024 var Lars O Molin f\u00f6rbundsordf\u00f6rande.<br \/>\n<\/em><\/p>\n<p><strong>F\u00f6rbundet verkar p\u00e5 tre niv\u00e5er:<\/strong> riks, regionalt och lokalt. H\u00f6gsta beslutande organ \u00e4r f\u00f6rbundets riks\u00e5rsm\u00f6te, <em>Seniortinget<\/em>, d\u00e4r varje f\u00f6rbundsdistrikt \u00e4r representerat med ombud. Mellan riks\u00e5rs-m\u00f6tena leds f\u00f6rbundet av f\u00f6rbundsstyrelsen samt p\u00e5 regional och lokal niv\u00e5 av seniordistriktens och dessas lokalavdelningars respektive styrelser. F\u00f6rbundets verksamhet bedrivs huvudsakligen som medlemsm\u00f6ten och offentliga m\u00f6ten med politiska diskussioner och samkv\u00e4m. D\u00e4rut\u00f6ver sker bes\u00f6k p\u00e5 \u00e4ldreboenden, studiebes\u00f6k, medlemsutbildning och utflykter. F\u00f6rbundsledningen och enskilda medlemmar agerar ocks\u00e5 genom debattartiklar och ins\u00e4ndare i tidningarna samt uttalanden och pressmeddelanden. I flera seniordistrikt deltar medlemmarna \u00e4ven i partiorganisationens ut\u00e5triktade aktiviteter.<\/p>\n<p>Verksamheten finansieras dels genom bidrag fr\u00e5n det kristdemokratiska partiet och dels genom medlemsavgifter och frivilliga g\u00e5vor. Seniorf\u00f6rbundet \u00e4r representerat i Kristdemokraternas partistyrelse.<\/p>\n<p>&nbsp;<\/p>\n<p>&nbsp;<\/p>\n","protected":false},"excerpt":{"rendered":"<p>\u00c4ldre medm\u00e4nniskors intressen, r\u00e4ttigheter och livskvalitet \u00e4r v\u00e5r sak Med mottot En politik med seniora \u00f6gon verkar Kristdemokratiska Seniorf\u00f6rbundet (KD Senior) f\u00f6r att genom politiska reformer fr\u00e4mja \u00e4ldre medm\u00e4nniskors intressen, r\u00e4ttigheter och best\u00e5ende livskvalitet. Seniorf\u00f6rbundet bildades efter ett beslut av Kristdemokraternas riksting 1993 och \u00e4r sedan dess ett associerat f\u00f6rbund inom det Kristdemokratiska partiet. Att <a class=\"read-more-link\" href=\"https:\/\/wp.kristdemokraterna.se\/kdsenior\/om-seniorforbundet\/\">Read More<\/a><\/p>\n","protected":false},"author":819,"featured_media":4278,"parent":0,"menu_order":2,"comment_status":"closed","ping_status":"closed","template":"","meta":{"_acf_changed":false,"footnotes":""},"class_list":["post-4122","page","type-page","status-publish","hentry"],"acf":[],"yoast_head":"<!-- This site is optimized with the Yoast SEO plugin v27.4 - https:\/\/yoast.com\/product\/yoast-seo-wordpress\/ -->\n<title>Seniorf\u00f6rbundet - KD Senior<\/title>\n<meta name=\"robots\" content=\"index, follow, max-snippet:-1, max-image-preview:large, max-video-preview:-1\" \/>\n<link rel=\"canonical\" href=\"https:\/\/wp.kristdemokraterna.se\/kdsenior\/om-seniorforbundet\/\" \/>\n<meta property=\"og:locale\" content=\"sv_SE\" \/>\n<meta property=\"og:type\" content=\"article\" \/>\n<meta property=\"og:title\" content=\"Seniorf\u00f6rbundet - KD Senior\" \/>\n<meta property=\"og:description\" content=\"\u00c4ldre medm\u00e4nniskors intressen, r\u00e4ttigheter och livskvalitet \u00e4r v\u00e5r sak Med mottot En politik med seniora \u00f6gon verkar Kristdemokratiska Seniorf\u00f6rbundet (KD Senior) f\u00f6r att genom politiska reformer fr\u00e4mja \u00e4ldre medm\u00e4nniskors intressen, r\u00e4ttigheter och best\u00e5ende livskvalitet. Seniorf\u00f6rbundet bildades efter ett beslut av Kristdemokraternas riksting 1993 och \u00e4r sedan dess ett associerat f\u00f6rbund inom det Kristdemokratiska partiet. Att Read More\" \/>\n<meta property=\"og:url\" content=\"https:\/\/wp.kristdemokraterna.se\/kdsenior\/om-seniorforbundet\/\" \/>\n<meta property=\"og:site_name\" content=\"KD Senior\" \/>\n<meta property=\"article:modified_time\" content=\"2024-05-17T11:11:25+00:00\" \/>\n<meta name=\"twitter:card\" content=\"summary_large_image\" \/>\n<meta name=\"twitter:label1\" content=\"Ber\u00e4knad l\u00e4stid\" \/>\n\t<meta name=\"twitter:data1\" content=\"2 minuter\" \/>\n<script type=\"application\/ld+json\" class=\"yoast-schema-graph\">{\"@context\":\"https:\\\/\\\/schema.org\",\"@graph\":[{\"@type\":\"WebPage\",\"@id\":\"https:\\\/\\\/wp.kristdemokraterna.se\\\/kdsenior\\\/om-seniorforbundet\\\/\",\"url\":\"https:\\\/\\\/wp.kristdemokraterna.se\\\/kdsenior\\\/om-seniorforbundet\\\/\",\"name\":\"Seniorf\u00f6rbundet - KD Senior\",\"isPartOf\":{\"@id\":\"https:\\\/\\\/wp.kristdemokraterna.se\\\/kdsenior\\\/#website\"},\"primaryImageOfPage\":{\"@id\":\"https:\\\/\\\/wp.kristdemokraterna.se\\\/kdsenior\\\/om-seniorforbundet\\\/#primaryimage\"},\"image\":{\"@id\":\"https:\\\/\\\/wp.kristdemokraterna.se\\\/kdsenior\\\/om-seniorforbundet\\\/#primaryimage\"},\"thumbnailUrl\":\"https:\\\/\\\/wp.kristdemokraterna.se\\\/kdsenior\\\/files\\\/2019\\\/01\\\/standard.png\",\"datePublished\":\"2012-04-13T09:15:52+00:00\",\"dateModified\":\"2024-05-17T11:11:25+00:00\",\"breadcrumb\":{\"@id\":\"https:\\\/\\\/wp.kristdemokraterna.se\\\/kdsenior\\\/om-seniorforbundet\\\/#breadcrumb\"},\"inLanguage\":\"sv-SE\",\"potentialAction\":[{\"@type\":\"ReadAction\",\"target\":[\"https:\\\/\\\/wp.kristdemokraterna.se\\\/kdsenior\\\/om-seniorforbundet\\\/\"]}]},{\"@type\":\"ImageObject\",\"inLanguage\":\"sv-SE\",\"@id\":\"https:\\\/\\\/wp.kristdemokraterna.se\\\/kdsenior\\\/om-seniorforbundet\\\/#primaryimage\",\"url\":\"https:\\\/\\\/wp.kristdemokraterna.se\\\/kdsenior\\\/files\\\/2019\\\/01\\\/standard.png\",\"contentUrl\":\"https:\\\/\\\/wp.kristdemokraterna.se\\\/kdsenior\\\/files\\\/2019\\\/01\\\/standard.png\",\"width\":770,\"height\":390},{\"@type\":\"BreadcrumbList\",\"@id\":\"https:\\\/\\\/wp.kristdemokraterna.se\\\/kdsenior\\\/om-seniorforbundet\\\/#breadcrumb\",\"itemListElement\":[{\"@type\":\"ListItem\",\"position\":1,\"name\":\"Hem\",\"item\":\"https:\\\/\\\/wp.kristdemokraterna.se\\\/kdsenior\\\/\"},{\"@type\":\"ListItem\",\"position\":2,\"name\":\"Seniorf\u00f6rbundet\"}]},{\"@type\":\"WebSite\",\"@id\":\"https:\\\/\\\/wp.kristdemokraterna.se\\\/kdsenior\\\/#website\",\"url\":\"https:\\\/\\\/wp.kristdemokraterna.se\\\/kdsenior\\\/\",\"name\":\"KD Senior\",\"description\":\"Seniorer h\u00e5ller ihop Sverige!\",\"inLanguage\":\"sv-SE\"}]}<\/script>\n<!-- \/ Yoast SEO plugin. -->","yoast_head_json":{"title":"Seniorf\u00f6rbundet - KD Senior","robots":{"index":"index","follow":"follow","max-snippet":"max-snippet:-1","max-image-preview":"max-image-preview:large","max-video-preview":"max-video-preview:-1"},"canonical":"https:\/\/wp.kristdemokraterna.se\/kdsenior\/om-seniorforbundet\/","og_locale":"sv_SE","og_type":"article","og_title":"Seniorf\u00f6rbundet - KD Senior","og_description":"\u00c4ldre medm\u00e4nniskors intressen, r\u00e4ttigheter och livskvalitet \u00e4r v\u00e5r sak Med mottot En politik med seniora \u00f6gon verkar Kristdemokratiska Seniorf\u00f6rbundet (KD Senior) f\u00f6r att genom politiska reformer fr\u00e4mja \u00e4ldre medm\u00e4nniskors intressen, r\u00e4ttigheter och best\u00e5ende livskvalitet. Seniorf\u00f6rbundet bildades efter ett beslut av Kristdemokraternas riksting 1993 och \u00e4r sedan dess ett associerat f\u00f6rbund inom det Kristdemokratiska partiet. Att Read More","og_url":"https:\/\/wp.kristdemokraterna.se\/kdsenior\/om-seniorforbundet\/","og_site_name":"KD Senior","article_modified_time":"2024-05-17T11:11:25+00:00","twitter_card":"summary_large_image","twitter_misc":{"Ber\u00e4knad l\u00e4stid":"2 minuter"},"schema":{"@context":"https:\/\/schema.org","@graph":[{"@type":"WebPage","@id":"https:\/\/wp.kristdemokraterna.se\/kdsenior\/om-seniorforbundet\/","url":"https:\/\/wp.kristdemokraterna.se\/kdsenior\/om-seniorforbundet\/","name":"Seniorf\u00f6rbundet - KD Senior","isPartOf":{"@id":"https:\/\/wp.kristdemokraterna.se\/kdsenior\/#website"},"primaryImageOfPage":{"@id":"https:\/\/wp.kristdemokraterna.se\/kdsenior\/om-seniorforbundet\/#primaryimage"},"image":{"@id":"https:\/\/wp.kristdemokraterna.se\/kdsenior\/om-seniorforbundet\/#primaryimage"},"thumbnailUrl":"https:\/\/wp.kristdemokraterna.se\/kdsenior\/files\/2019\/01\/standard.png","datePublished":"2012-04-13T09:15:52+00:00","dateModified":"2024-05-17T11:11:25+00:00","breadcrumb":{"@id":"https:\/\/wp.kristdemokraterna.se\/kdsenior\/om-seniorforbundet\/#breadcrumb"},"inLanguage":"sv-SE","potentialAction":[{"@type":"ReadAction","target":["https:\/\/wp.kristdemokraterna.se\/kdsenior\/om-seniorforbundet\/"]}]},{"@type":"ImageObject","inLanguage":"sv-SE","@id":"https:\/\/wp.kristdemokraterna.se\/kdsenior\/om-seniorforbundet\/#primaryimage","url":"https:\/\/wp.kristdemokraterna.se\/kdsenior\/files\/2019\/01\/standard.png","contentUrl":"https:\/\/wp.kristdemokraterna.se\/kdsenior\/files\/2019\/01\/standard.png","width":770,"height":390},{"@type":"BreadcrumbList","@id":"https:\/\/wp.kristdemokraterna.se\/kdsenior\/om-seniorforbundet\/#breadcrumb","itemListElement":[{"@type":"ListItem","position":1,"name":"Hem","item":"https:\/\/wp.kristdemokraterna.se\/kdsenior\/"},{"@type":"ListItem","position":2,"name":"Seniorf\u00f6rbundet"}]},{"@type":"WebSite","@id":"https:\/\/wp.kristdemokraterna.se\/kdsenior\/#website","url":"https:\/\/wp.kristdemokraterna.se\/kdsenior\/","name":"KD Senior","description":"Seniorer h\u00e5ller ihop Sverige!","inLanguage":"sv-SE"}]}},"_links":{"self":[{"href":"https:\/\/wp.kristdemokraterna.se\/kdsenior\/wp-json\/wp\/v2\/pages\/4122","targetHints":{"allow":["GET"]}}],"collection":[{"href":"https:\/\/wp.kristdemokraterna.se\/kdsenior\/wp-json\/wp\/v2\/pages"}],"about":[{"href":"https:\/\/wp.kristdemokraterna.se\/kdsenior\/wp-json\/wp\/v2\/types\/page"}],"author":[{"embeddable":true,"href":"https:\/\/wp.kristdemokraterna.se\/kdsenior\/wp-json\/wp\/v2\/users\/819"}],"replies":[{"embeddable":true,"href":"https:\/\/wp.kristdemokraterna.se\/kdsenior\/wp-json\/wp\/v2\/comments?post=4122"}],"version-history":[{"count":9,"href":"https:\/\/wp.kristdemokraterna.se\/kdsenior\/wp-json\/wp\/v2\/pages\/4122\/revisions"}],"predecessor-version":[{"id":5464,"href":"https:\/\/wp.kristdemokraterna.se\/kdsenior\/wp-json\/wp\/v2\/pages\/4122\/revisions\/5464"}],"wp:featuredmedia":[{"embeddable":true,"href":"https:\/\/wp.kristdemokraterna.se\/kdsenior\/wp-json\/wp\/v2\/media\/4278"}],"wp:attachment":[{"href":"https:\/\/wp.kristdemokraterna.se\/kdsenior\/wp-json\/wp\/v2\/media?parent=4122"}],"curies":[{"name":"wp","href":"https:\/\/api.w.org\/{rel}","templated":true}]}}