{"id":416,"date":"2012-05-30T09:54:55","date_gmt":"2012-05-30T07:54:55","guid":{"rendered":"http:\/\/www.kdsenior.se\/?page_id=416"},"modified":"2022-01-20T13:00:54","modified_gmt":"2022-01-20T12:00:54","slug":"lankar","status":"publish","type":"page","link":"https:\/\/wp.kristdemokraterna.se\/kdsenior\/diverse\/lankar\/","title":{"rendered":"L\u00c4NKAR"},"content":{"rendered":"<ul>\n<li><a href=\"http:\/\/www.kristdemokraterna.se\/\" target=\"_blank\" rel=\"noopener noreferrer\">Kristdemokraterna<\/a><\/li>\n<\/ul>\n<p><strong><span style=\"color: #004040\">Seniorf\u00f6rbundet lokalt hemsidor<\/span><\/strong><\/p>\n<ul>\n<li><a href=\"https:\/\/wp.kristdemokraterna.se\/kdseniorstockholm\" target=\"_blank\" rel=\"noopener noreferrer\">Seniorf\u00f6rbundet Stockholms Stad och L\u00e4n<\/a><\/li>\n<\/ul>\n<p><strong><span style=\"color: #004040\">Internationella seniorpolitiska webbsidor<\/span><\/strong><\/p>\n<ul>\n<li><a href=\"http:\/\/www.eu-seniorunion.info\/index_en.html\" target=\"_blank\" rel=\"noopener noreferrer\">ESU &#8211; European Senior Citizens Union<\/a><\/li>\n<li><a href=\"http:\/\/senioren.cdenv.be\/\" target=\"_blank\" rel=\"noopener noreferrer\">CD&amp;V Senioren &#8211; Belgien<\/a><\/li>\n<li><a href=\"http:\/\/www.senioriliitto.fi\/\" target=\"_blank\" rel=\"noopener noreferrer\">Kansallinen Senioriliitto ry &#8211; Finland<\/a><\/li>\n<li><a href=\"http:\/\/www.partitopensionati.it\/\" target=\"_blank\" rel=\"noopener noreferrer\">Partito Pensionati &#8211; Italien<\/a><\/li>\n<li><a href=\"http:\/\/www.svpartei.org\/de\/partei\/organisationen\/senioren\/\" target=\"_blank\" rel=\"noopener noreferrer\">SVP-Seniorenbewegung &#8211; Sydtyrolen, Italien<\/a><\/li>\n<li><a href=\"http:\/\/www.seniorcitizensparty.org.uk\/\" target=\"_blank\" rel=\"noopener noreferrer\">Senior Citizens Party &#8211; Storbritannien<\/a><\/li>\n<li><a href=\"http:\/\/www.csu-portal.de\/sen\/?verband=ag_sen&amp;reiter=reiter1\" target=\"_blank\" rel=\"noopener noreferrer\">Senioren Union der CSU &#8211; Tyskland<\/a><\/li>\n<li><a href=\"http:\/\/www.seniorenbund.at\/\" target=\"_blank\" rel=\"noopener noreferrer\">\u00d6sterreichischer Seniorenbund &#8211; \u00d6sterrike<\/a><\/li>\n<li><a href=\"http:\/\/www.age-platform.eu\/en\" target=\"_blank\" rel=\"noopener noreferrer\">AGE<\/a><\/li>\n<\/ul>\n<p><strong><span style=\"color: #004040\">Kristdemokratiska v\u00e4nner i Sverige<\/span><\/strong><\/p>\n<ul>\n<li><a href=\"http:\/\/www.kdu.se\/\" target=\"_blank\" rel=\"noopener noreferrer\">KDU &#8211; Kristdemokratiska Ungdomsf\u00f6rbundet<\/a><\/li>\n<li><a href=\"kvinnoforbundet@kristdemokraterna.se\" target=\"_blank\" rel=\"noopener noreferrer\">Kd-k &#8211; Kristdemokratiska Kvinnof\u00f6rbundet<\/a><\/li>\n<li><a href=\"http:\/\/www.studentmakt.nu\/\" target=\"_blank\" rel=\"noopener noreferrer\">KSF &#8211; Kristdemokratiska Studentf\u00f6rbundet<\/a><\/li>\n<li><a href=\"http:\/\/www.civitas.net\/\" target=\"_blank\" rel=\"noopener noreferrer\">Civitas &#8211; Kristdemokratiskt id\u00e9institut<\/a><\/li>\n<li><a href=\"http:\/\/www.krdu.se\/\" target=\"_blank\" rel=\"noopener noreferrer\">KIC &#8211; Kristdemokratiskt Internationellt Center<\/a><\/li>\n<\/ul>\n<p><strong><span style=\"color: #004040\">Kristdemokrater i Europaparlamentet<\/span><\/strong><\/p>\n<ul>\n<li><a href=\"http:\/\/www.epp.eu\/\" target=\"_blank\" rel=\"noopener noreferrer\">EPP &#8211; European People&#8217;s Party<\/a><\/li>\n<li><a href=\"sara.skyttedal@europarl.europa.eu\" target=\"_blank\" rel=\"noopener noreferrer\">Kristdemokraterna i Europaparlamentet &#8211; Sara Skyttedal<\/a><\/li>\n<li><a href=\"david.lega@europarl.europa.eu\" target=\"_blank\" rel=\"noopener noreferrer\">Kristdemokraterna i Europaparlamentet &#8211; David Lega<\/a><\/li>\n<\/ul>\n<p><strong>\u00a0<\/strong><\/p>\n","protected":false},"excerpt":{"rendered":"<p>Kristdemokraterna Seniorf\u00f6rbundet lokalt hemsidor Seniorf\u00f6rbundet Stockholms Stad och L\u00e4n Internationella seniorpolitiska webbsidor ESU &#8211; European Senior Citizens Union CD&amp;V Senioren &#8211; Belgien Kansallinen Senioriliitto ry &#8211; Finland Partito Pensionati &#8211; Italien SVP-Seniorenbewegung &#8211; Sydtyrolen, Italien Senior Citizens Party &#8211; Storbritannien Senioren Union der CSU &#8211; Tyskland \u00d6sterreichischer Seniorenbund &#8211; \u00d6sterrike AGE Kristdemokratiska v\u00e4nner i Sverige <a class=\"read-more-link\" href=\"https:\/\/wp.kristdemokraterna.se\/kdsenior\/diverse\/lankar\/\">Read More<\/a><\/p>\n","protected":false},"author":819,"featured_media":4278,"parent":4101,"menu_order":2,"comment_status":"closed","ping_status":"closed","template":"","meta":{"_acf_changed":false,"footnotes":""},"class_list":["post-416","page","type-page","status-publish","hentry"],"acf":[],"yoast_head":"<!-- This site is optimized with the Yoast SEO plugin v27.3 - https:\/\/yoast.com\/product\/yoast-seo-wordpress\/ -->\n<title>L\u00c4NKAR - KD Senior<\/title>\n<meta name=\"robots\" content=\"index, follow, max-snippet:-1, max-image-preview:large, max-video-preview:-1\" \/>\n<link rel=\"canonical\" href=\"https:\/\/wp.kristdemokraterna.se\/kdsenior\/diverse\/lankar\/\" \/>\n<meta property=\"og:locale\" content=\"sv_SE\" \/>\n<meta property=\"og:type\" content=\"article\" \/>\n<meta property=\"og:title\" content=\"L\u00c4NKAR - KD Senior\" \/>\n<meta property=\"og:description\" content=\"Kristdemokraterna Seniorf\u00f6rbundet lokalt hemsidor Seniorf\u00f6rbundet Stockholms Stad och L\u00e4n Internationella seniorpolitiska webbsidor ESU &#8211; European Senior Citizens Union CD&amp;V Senioren &#8211; Belgien Kansallinen Senioriliitto ry &#8211; Finland Partito Pensionati &#8211; Italien SVP-Seniorenbewegung &#8211; Sydtyrolen, Italien Senior Citizens Party &#8211; Storbritannien Senioren Union der CSU &#8211; Tyskland \u00d6sterreichischer Seniorenbund &#8211; \u00d6sterrike AGE Kristdemokratiska v\u00e4nner i Sverige Read More\" \/>\n<meta property=\"og:url\" content=\"https:\/\/wp.kristdemokraterna.se\/kdsenior\/diverse\/lankar\/\" \/>\n<meta property=\"og:site_name\" content=\"KD Senior\" \/>\n<meta property=\"article:modified_time\" content=\"2022-01-20T12:00:54+00:00\" \/>\n<meta property=\"og:image\" content=\"https:\/\/wp.kristdemokraterna.se\/kdsenior\/files\/2019\/01\/standard.png\" \/>\n\t<meta property=\"og:image:width\" content=\"770\" \/>\n\t<meta property=\"og:image:height\" content=\"390\" \/>\n\t<meta property=\"og:image:type\" content=\"image\/png\" \/>\n<meta name=\"twitter:card\" content=\"summary_large_image\" \/>\n<meta name=\"twitter:label1\" content=\"Ber\u00e4knad l\u00e4stid\" \/>\n\t<meta name=\"twitter:data1\" content=\"1 minut\" \/>\n<script type=\"application\/ld+json\" class=\"yoast-schema-graph\">{\"@context\":\"https:\\\/\\\/schema.org\",\"@graph\":[{\"@type\":\"WebPage\",\"@id\":\"https:\\\/\\\/wp.kristdemokraterna.se\\\/kdsenior\\\/diverse\\\/lankar\\\/\",\"url\":\"https:\\\/\\\/wp.kristdemokraterna.se\\\/kdsenior\\\/diverse\\\/lankar\\\/\",\"name\":\"L\u00c4NKAR - KD Senior\",\"isPartOf\":{\"@id\":\"https:\\\/\\\/wp.kristdemokraterna.se\\\/kdsenior\\\/#website\"},\"primaryImageOfPage\":{\"@id\":\"https:\\\/\\\/wp.kristdemokraterna.se\\\/kdsenior\\\/diverse\\\/lankar\\\/#primaryimage\"},\"image\":{\"@id\":\"https:\\\/\\\/wp.kristdemokraterna.se\\\/kdsenior\\\/diverse\\\/lankar\\\/#primaryimage\"},\"thumbnailUrl\":\"https:\\\/\\\/wp.kristdemokraterna.se\\\/kdsenior\\\/files\\\/2019\\\/01\\\/standard.png\",\"datePublished\":\"2012-05-30T07:54:55+00:00\",\"dateModified\":\"2022-01-20T12:00:54+00:00\",\"breadcrumb\":{\"@id\":\"https:\\\/\\\/wp.kristdemokraterna.se\\\/kdsenior\\\/diverse\\\/lankar\\\/#breadcrumb\"},\"inLanguage\":\"sv-SE\",\"potentialAction\":[{\"@type\":\"ReadAction\",\"target\":[\"https:\\\/\\\/wp.kristdemokraterna.se\\\/kdsenior\\\/diverse\\\/lankar\\\/\"]}]},{\"@type\":\"ImageObject\",\"inLanguage\":\"sv-SE\",\"@id\":\"https:\\\/\\\/wp.kristdemokraterna.se\\\/kdsenior\\\/diverse\\\/lankar\\\/#primaryimage\",\"url\":\"https:\\\/\\\/wp.kristdemokraterna.se\\\/kdsenior\\\/files\\\/2019\\\/01\\\/standard.png\",\"contentUrl\":\"https:\\\/\\\/wp.kristdemokraterna.se\\\/kdsenior\\\/files\\\/2019\\\/01\\\/standard.png\",\"width\":770,\"height\":390},{\"@type\":\"BreadcrumbList\",\"@id\":\"https:\\\/\\\/wp.kristdemokraterna.se\\\/kdsenior\\\/diverse\\\/lankar\\\/#breadcrumb\",\"itemListElement\":[{\"@type\":\"ListItem\",\"position\":1,\"name\":\"Hem\",\"item\":\"https:\\\/\\\/wp.kristdemokraterna.se\\\/kdsenior\\\/\"},{\"@type\":\"ListItem\",\"position\":2,\"name\":\"Diverse\",\"item\":\"https:\\\/\\\/wp.kristdemokraterna.se\\\/kdsenior\\\/diverse\\\/\"},{\"@type\":\"ListItem\",\"position\":3,\"name\":\"L\u00c4NKAR\"}]},{\"@type\":\"WebSite\",\"@id\":\"https:\\\/\\\/wp.kristdemokraterna.se\\\/kdsenior\\\/#website\",\"url\":\"https:\\\/\\\/wp.kristdemokraterna.se\\\/kdsenior\\\/\",\"name\":\"KD Senior\",\"description\":\"Seniorer h\u00e5ller ihop Sverige!\",\"inLanguage\":\"sv-SE\"}]}<\/script>\n<!-- \/ Yoast SEO plugin. -->","yoast_head_json":{"title":"L\u00c4NKAR - KD Senior","robots":{"index":"index","follow":"follow","max-snippet":"max-snippet:-1","max-image-preview":"max-image-preview:large","max-video-preview":"max-video-preview:-1"},"canonical":"https:\/\/wp.kristdemokraterna.se\/kdsenior\/diverse\/lankar\/","og_locale":"sv_SE","og_type":"article","og_title":"L\u00c4NKAR - KD Senior","og_description":"Kristdemokraterna Seniorf\u00f6rbundet lokalt hemsidor Seniorf\u00f6rbundet Stockholms Stad och L\u00e4n Internationella seniorpolitiska webbsidor ESU &#8211; European Senior Citizens Union CD&amp;V Senioren &#8211; Belgien Kansallinen Senioriliitto ry &#8211; Finland Partito Pensionati &#8211; Italien SVP-Seniorenbewegung &#8211; Sydtyrolen, Italien Senior Citizens Party &#8211; Storbritannien Senioren Union der CSU &#8211; Tyskland \u00d6sterreichischer Seniorenbund &#8211; \u00d6sterrike AGE Kristdemokratiska v\u00e4nner i Sverige Read More","og_url":"https:\/\/wp.kristdemokraterna.se\/kdsenior\/diverse\/lankar\/","og_site_name":"KD Senior","article_modified_time":"2022-01-20T12:00:54+00:00","og_image":[{"width":770,"height":390,"url":"https:\/\/wp.kristdemokraterna.se\/kdsenior\/files\/2019\/01\/standard.png","type":"image\/png"}],"twitter_card":"summary_large_image","twitter_misc":{"Ber\u00e4knad l\u00e4stid":"1 minut"},"schema":{"@context":"https:\/\/schema.org","@graph":[{"@type":"WebPage","@id":"https:\/\/wp.kristdemokraterna.se\/kdsenior\/diverse\/lankar\/","url":"https:\/\/wp.kristdemokraterna.se\/kdsenior\/diverse\/lankar\/","name":"L\u00c4NKAR - KD Senior","isPartOf":{"@id":"https:\/\/wp.kristdemokraterna.se\/kdsenior\/#website"},"primaryImageOfPage":{"@id":"https:\/\/wp.kristdemokraterna.se\/kdsenior\/diverse\/lankar\/#primaryimage"},"image":{"@id":"https:\/\/wp.kristdemokraterna.se\/kdsenior\/diverse\/lankar\/#primaryimage"},"thumbnailUrl":"https:\/\/wp.kristdemokraterna.se\/kdsenior\/files\/2019\/01\/standard.png","datePublished":"2012-05-30T07:54:55+00:00","dateModified":"2022-01-20T12:00:54+00:00","breadcrumb":{"@id":"https:\/\/wp.kristdemokraterna.se\/kdsenior\/diverse\/lankar\/#breadcrumb"},"inLanguage":"sv-SE","potentialAction":[{"@type":"ReadAction","target":["https:\/\/wp.kristdemokraterna.se\/kdsenior\/diverse\/lankar\/"]}]},{"@type":"ImageObject","inLanguage":"sv-SE","@id":"https:\/\/wp.kristdemokraterna.se\/kdsenior\/diverse\/lankar\/#primaryimage","url":"https:\/\/wp.kristdemokraterna.se\/kdsenior\/files\/2019\/01\/standard.png","contentUrl":"https:\/\/wp.kristdemokraterna.se\/kdsenior\/files\/2019\/01\/standard.png","width":770,"height":390},{"@type":"BreadcrumbList","@id":"https:\/\/wp.kristdemokraterna.se\/kdsenior\/diverse\/lankar\/#breadcrumb","itemListElement":[{"@type":"ListItem","position":1,"name":"Hem","item":"https:\/\/wp.kristdemokraterna.se\/kdsenior\/"},{"@type":"ListItem","position":2,"name":"Diverse","item":"https:\/\/wp.kristdemokraterna.se\/kdsenior\/diverse\/"},{"@type":"ListItem","position":3,"name":"L\u00c4NKAR"}]},{"@type":"WebSite","@id":"https:\/\/wp.kristdemokraterna.se\/kdsenior\/#website","url":"https:\/\/wp.kristdemokraterna.se\/kdsenior\/","name":"KD Senior","description":"Seniorer h\u00e5ller ihop Sverige!","inLanguage":"sv-SE"}]}},"_links":{"self":[{"href":"https:\/\/wp.kristdemokraterna.se\/kdsenior\/wp-json\/wp\/v2\/pages\/416","targetHints":{"allow":["GET"]}}],"collection":[{"href":"https:\/\/wp.kristdemokraterna.se\/kdsenior\/wp-json\/wp\/v2\/pages"}],"about":[{"href":"https:\/\/wp.kristdemokraterna.se\/kdsenior\/wp-json\/wp\/v2\/types\/page"}],"author":[{"embeddable":true,"href":"https:\/\/wp.kristdemokraterna.se\/kdsenior\/wp-json\/wp\/v2\/users\/819"}],"replies":[{"embeddable":true,"href":"https:\/\/wp.kristdemokraterna.se\/kdsenior\/wp-json\/wp\/v2\/comments?post=416"}],"version-history":[{"count":11,"href":"https:\/\/wp.kristdemokraterna.se\/kdsenior\/wp-json\/wp\/v2\/pages\/416\/revisions"}],"predecessor-version":[{"id":5172,"href":"https:\/\/wp.kristdemokraterna.se\/kdsenior\/wp-json\/wp\/v2\/pages\/416\/revisions\/5172"}],"up":[{"embeddable":true,"href":"https:\/\/wp.kristdemokraterna.se\/kdsenior\/wp-json\/wp\/v2\/pages\/4101"}],"wp:featuredmedia":[{"embeddable":true,"href":"https:\/\/wp.kristdemokraterna.se\/kdsenior\/wp-json\/wp\/v2\/media\/4278"}],"wp:attachment":[{"href":"https:\/\/wp.kristdemokraterna.se\/kdsenior\/wp-json\/wp\/v2\/media?parent=416"}],"curies":[{"name":"wp","href":"https:\/\/api.w.org\/{rel}","templated":true}]}}