{"id":4518,"date":"2019-11-19T17:07:09","date_gmt":"2019-11-19T16:07:09","guid":{"rendered":"http:\/\/wp.kristdemokraterna.se\/kdsenior\/?page_id=4518"},"modified":"2023-11-07T12:19:48","modified_gmt":"2023-11-07T11:19:48","slug":"senioraktuellt","status":"publish","type":"page","link":"https:\/\/wp.kristdemokraterna.se\/kdsenior\/senioraktuellt\/","title":{"rendered":"SeniorAktuellt"},"content":{"rendered":"<p><img loading=\"lazy\" decoding=\"async\" class=\"alignnone size-medium wp-image-5397\" src=\"http:\/\/wp.kristdemokraterna.se\/kdsenior\/files\/2023\/11\/senioraktuellt_2_2023_litenetta-221x300.png\" alt=\"\" width=\"221\" height=\"300\" srcset=\"https:\/\/wp.kristdemokraterna.se\/kdsenior\/files\/2023\/11\/senioraktuellt_2_2023_litenetta-221x300.png 221w, https:\/\/wp.kristdemokraterna.se\/kdsenior\/files\/2023\/11\/senioraktuellt_2_2023_litenetta-147x200.png 147w, https:\/\/wp.kristdemokraterna.se\/kdsenior\/files\/2023\/11\/senioraktuellt_2_2023_litenetta-370x503.png 370w, https:\/\/wp.kristdemokraterna.se\/kdsenior\/files\/2023\/11\/senioraktuellt_2_2023_litenetta-450x612.png 450w, https:\/\/wp.kristdemokraterna.se\/kdsenior\/files\/2023\/11\/senioraktuellt_2_2023_litenetta-280x381.png 280w, https:\/\/wp.kristdemokraterna.se\/kdsenior\/files\/2023\/11\/senioraktuellt_2_2023_litenetta-340x462.png 340w, https:\/\/wp.kristdemokraterna.se\/kdsenior\/files\/2023\/11\/senioraktuellt_2_2023_litenetta-41x56.png 41w, https:\/\/wp.kristdemokraterna.se\/kdsenior\/files\/2023\/11\/senioraktuellt_2_2023_litenetta.png 598w\" sizes=\"auto, (max-width: 221px) 100vw, 221px\" \/><\/p>\n<p>2023<\/p>\n<p><a href=\"http:\/\/wp.kristdemokraterna.se\/kdsenior\/files\/2023\/11\/senioraktuellt_02-2023_hemsidan.pdf\">Aktuellt nummer 02 2023<\/a><\/p>\n<p><a href=\"http:\/\/wp.kristdemokraterna.se\/kdsenior\/files\/2023\/04\/senioraktuellt1-2023.pdf\">SeniorAktuellt 01 2023<\/a><\/p>\n<p>2022<\/p>\n<p><a href=\"http:\/\/wp.kristdemokraterna.se\/kdsenior\/files\/2022\/08\/senioraktuellt_01-2022.pdf\">SeniorAktuellt 01 2022<\/a><\/p>\n<p>&nbsp;<\/p>\n<p><strong>\u00c4ldre publicerade tidningar nedan!<\/strong><\/p>\n<p><strong>2020<\/strong><\/p>\n<h5><a href=\"http:\/\/wp.kristdemokraterna.se\/kdsenior\/files\/2020\/06\/senioraktuellt_01-2000.pdf\"><strong>Senioraktuellt 01-2020<\/strong><\/a><br \/>\n<a href=\"https:\/\/wp.kristdemokraterna.se\/kdsenior\/nytt-nummer-av-senioraktuellt-ute-nu\/\">Senioraktuellt 02-2020<\/a><\/h5>\n<p><strong>2019<\/strong><\/p>\n<p><a href=\"http:\/\/wp.kristdemokraterna.se\/kdsenior\/files\/2019\/11\/senioraktuellt_3-4_2019_hemsida.pdf\">SeniorAktuellt <\/a>03-04 (Dubbelnummer)<\/p>\n<p><a href=\"http:\/\/wp.kristdemokraterna.se\/kdsenior\/files\/2019\/05\/senioraktuellt_2_19_utskrift.pdf\">SeniorAktuellt <\/a>02<\/p>\n<p><a href=\"http:\/\/wp.kristdemokraterna.se\/kdsenior\/files\/2019\/03\/senioraktuellt_01_egenutskrift.pdf\">SeniorAktuellt<\/a> 01<\/p>\n<p>OBS! Du som \u00f6nskar en tryckbara fil, f\u00f6r inl\u00e4mning till tryckeri, maila<br \/>\n<a href=\"mailto:info@kdsenior.se\">info@kdsenior.se<\/a><\/p>\n","protected":false},"excerpt":{"rendered":"<p>2023 Aktuellt nummer 02 2023 SeniorAktuellt 01 2023 2022 SeniorAktuellt 01 2022 &nbsp; \u00c4ldre publicerade tidningar nedan! 2020 Senioraktuellt 01-2020 Senioraktuellt 02-2020 2019 SeniorAktuellt 03-04 (Dubbelnummer) SeniorAktuellt 02 SeniorAktuellt 01 OBS! Du som \u00f6nskar en tryckbara fil, f\u00f6r inl\u00e4mning till tryckeri, maila info@kdsenior.se<\/p>\n","protected":false},"author":444,"featured_media":4278,"parent":0,"menu_order":0,"comment_status":"closed","ping_status":"closed","template":"","meta":{"_acf_changed":false,"footnotes":""},"class_list":["post-4518","page","type-page","status-publish","hentry"],"acf":[],"yoast_head":"<!-- This site is optimized with the Yoast SEO plugin v27.6 - https:\/\/yoast.com\/product\/yoast-seo-wordpress\/ -->\n<title>SeniorAktuellt - KD Senior<\/title>\n<meta name=\"robots\" content=\"index, follow, max-snippet:-1, max-image-preview:large, max-video-preview:-1\" \/>\n<link rel=\"canonical\" href=\"https:\/\/wp.kristdemokraterna.se\/kdsenior\/senioraktuellt\/\" \/>\n<meta property=\"og:locale\" content=\"sv_SE\" \/>\n<meta property=\"og:type\" content=\"article\" \/>\n<meta property=\"og:title\" content=\"SeniorAktuellt - KD Senior\" \/>\n<meta property=\"og:description\" content=\"2023 Aktuellt nummer 02 2023 SeniorAktuellt 01 2023 2022 SeniorAktuellt 01 2022 &nbsp; \u00c4ldre publicerade tidningar nedan! 2020 Senioraktuellt 01-2020 Senioraktuellt 02-2020 2019 SeniorAktuellt 03-04 (Dubbelnummer) SeniorAktuellt 02 SeniorAktuellt 01 OBS! Du som \u00f6nskar en tryckbara fil, f\u00f6r inl\u00e4mning till tryckeri, maila info@kdsenior.se\" \/>\n<meta property=\"og:url\" content=\"https:\/\/wp.kristdemokraterna.se\/kdsenior\/senioraktuellt\/\" \/>\n<meta property=\"og:site_name\" content=\"KD Senior\" \/>\n<meta property=\"article:modified_time\" content=\"2023-11-07T11:19:48+00:00\" \/>\n<meta property=\"og:image\" content=\"http:\/\/wp.kristdemokraterna.se\/kdsenior\/files\/2023\/11\/senioraktuellt_2_2023_litenetta-221x300.png\" \/>\n<meta name=\"twitter:card\" content=\"summary_large_image\" \/>\n<meta name=\"twitter:label1\" content=\"Ber\u00e4knad l\u00e4stid\" \/>\n\t<meta name=\"twitter:data1\" content=\"1 minut\" \/>\n<script type=\"application\/ld+json\" class=\"yoast-schema-graph\">{\"@context\":\"https:\\\/\\\/schema.org\",\"@graph\":[{\"@type\":\"WebPage\",\"@id\":\"https:\\\/\\\/wp.kristdemokraterna.se\\\/kdsenior\\\/senioraktuellt\\\/\",\"url\":\"https:\\\/\\\/wp.kristdemokraterna.se\\\/kdsenior\\\/senioraktuellt\\\/\",\"name\":\"SeniorAktuellt - KD Senior\",\"isPartOf\":{\"@id\":\"https:\\\/\\\/wp.kristdemokraterna.se\\\/kdsenior\\\/#website\"},\"primaryImageOfPage\":{\"@id\":\"https:\\\/\\\/wp.kristdemokraterna.se\\\/kdsenior\\\/senioraktuellt\\\/#primaryimage\"},\"image\":{\"@id\":\"https:\\\/\\\/wp.kristdemokraterna.se\\\/kdsenior\\\/senioraktuellt\\\/#primaryimage\"},\"thumbnailUrl\":\"https:\\\/\\\/wp.kristdemokraterna.se\\\/kdsenior\\\/files\\\/2019\\\/01\\\/standard.png\",\"datePublished\":\"2019-11-19T16:07:09+00:00\",\"dateModified\":\"2023-11-07T11:19:48+00:00\",\"breadcrumb\":{\"@id\":\"https:\\\/\\\/wp.kristdemokraterna.se\\\/kdsenior\\\/senioraktuellt\\\/#breadcrumb\"},\"inLanguage\":\"sv-SE\",\"potentialAction\":[{\"@type\":\"ReadAction\",\"target\":[\"https:\\\/\\\/wp.kristdemokraterna.se\\\/kdsenior\\\/senioraktuellt\\\/\"]}]},{\"@type\":\"ImageObject\",\"inLanguage\":\"sv-SE\",\"@id\":\"https:\\\/\\\/wp.kristdemokraterna.se\\\/kdsenior\\\/senioraktuellt\\\/#primaryimage\",\"url\":\"https:\\\/\\\/wp.kristdemokraterna.se\\\/kdsenior\\\/files\\\/2019\\\/01\\\/standard.png\",\"contentUrl\":\"https:\\\/\\\/wp.kristdemokraterna.se\\\/kdsenior\\\/files\\\/2019\\\/01\\\/standard.png\",\"width\":770,\"height\":390},{\"@type\":\"BreadcrumbList\",\"@id\":\"https:\\\/\\\/wp.kristdemokraterna.se\\\/kdsenior\\\/senioraktuellt\\\/#breadcrumb\",\"itemListElement\":[{\"@type\":\"ListItem\",\"position\":1,\"name\":\"Hem\",\"item\":\"https:\\\/\\\/wp.kristdemokraterna.se\\\/kdsenior\\\/\"},{\"@type\":\"ListItem\",\"position\":2,\"name\":\"SeniorAktuellt\"}]},{\"@type\":\"WebSite\",\"@id\":\"https:\\\/\\\/wp.kristdemokraterna.se\\\/kdsenior\\\/#website\",\"url\":\"https:\\\/\\\/wp.kristdemokraterna.se\\\/kdsenior\\\/\",\"name\":\"KD Senior\",\"description\":\"Seniorer h\u00e5ller ihop Sverige!\",\"inLanguage\":\"sv-SE\"}]}<\/script>\n<!-- \/ Yoast SEO plugin. -->","yoast_head_json":{"title":"SeniorAktuellt - KD Senior","robots":{"index":"index","follow":"follow","max-snippet":"max-snippet:-1","max-image-preview":"max-image-preview:large","max-video-preview":"max-video-preview:-1"},"canonical":"https:\/\/wp.kristdemokraterna.se\/kdsenior\/senioraktuellt\/","og_locale":"sv_SE","og_type":"article","og_title":"SeniorAktuellt - KD Senior","og_description":"2023 Aktuellt nummer 02 2023 SeniorAktuellt 01 2023 2022 SeniorAktuellt 01 2022 &nbsp; \u00c4ldre publicerade tidningar nedan! 2020 Senioraktuellt 01-2020 Senioraktuellt 02-2020 2019 SeniorAktuellt 03-04 (Dubbelnummer) SeniorAktuellt 02 SeniorAktuellt 01 OBS! Du som \u00f6nskar en tryckbara fil, f\u00f6r inl\u00e4mning till tryckeri, maila info@kdsenior.se","og_url":"https:\/\/wp.kristdemokraterna.se\/kdsenior\/senioraktuellt\/","og_site_name":"KD Senior","article_modified_time":"2023-11-07T11:19:48+00:00","og_image":[{"url":"http:\/\/wp.kristdemokraterna.se\/kdsenior\/files\/2023\/11\/senioraktuellt_2_2023_litenetta-221x300.png","type":"","width":"","height":""}],"twitter_card":"summary_large_image","twitter_misc":{"Ber\u00e4knad l\u00e4stid":"1 minut"},"schema":{"@context":"https:\/\/schema.org","@graph":[{"@type":"WebPage","@id":"https:\/\/wp.kristdemokraterna.se\/kdsenior\/senioraktuellt\/","url":"https:\/\/wp.kristdemokraterna.se\/kdsenior\/senioraktuellt\/","name":"SeniorAktuellt - KD Senior","isPartOf":{"@id":"https:\/\/wp.kristdemokraterna.se\/kdsenior\/#website"},"primaryImageOfPage":{"@id":"https:\/\/wp.kristdemokraterna.se\/kdsenior\/senioraktuellt\/#primaryimage"},"image":{"@id":"https:\/\/wp.kristdemokraterna.se\/kdsenior\/senioraktuellt\/#primaryimage"},"thumbnailUrl":"https:\/\/wp.kristdemokraterna.se\/kdsenior\/files\/2019\/01\/standard.png","datePublished":"2019-11-19T16:07:09+00:00","dateModified":"2023-11-07T11:19:48+00:00","breadcrumb":{"@id":"https:\/\/wp.kristdemokraterna.se\/kdsenior\/senioraktuellt\/#breadcrumb"},"inLanguage":"sv-SE","potentialAction":[{"@type":"ReadAction","target":["https:\/\/wp.kristdemokraterna.se\/kdsenior\/senioraktuellt\/"]}]},{"@type":"ImageObject","inLanguage":"sv-SE","@id":"https:\/\/wp.kristdemokraterna.se\/kdsenior\/senioraktuellt\/#primaryimage","url":"https:\/\/wp.kristdemokraterna.se\/kdsenior\/files\/2019\/01\/standard.png","contentUrl":"https:\/\/wp.kristdemokraterna.se\/kdsenior\/files\/2019\/01\/standard.png","width":770,"height":390},{"@type":"BreadcrumbList","@id":"https:\/\/wp.kristdemokraterna.se\/kdsenior\/senioraktuellt\/#breadcrumb","itemListElement":[{"@type":"ListItem","position":1,"name":"Hem","item":"https:\/\/wp.kristdemokraterna.se\/kdsenior\/"},{"@type":"ListItem","position":2,"name":"SeniorAktuellt"}]},{"@type":"WebSite","@id":"https:\/\/wp.kristdemokraterna.se\/kdsenior\/#website","url":"https:\/\/wp.kristdemokraterna.se\/kdsenior\/","name":"KD Senior","description":"Seniorer h\u00e5ller ihop Sverige!","inLanguage":"sv-SE"}]}},"_links":{"self":[{"href":"https:\/\/wp.kristdemokraterna.se\/kdsenior\/wp-json\/wp\/v2\/pages\/4518","targetHints":{"allow":["GET"]}}],"collection":[{"href":"https:\/\/wp.kristdemokraterna.se\/kdsenior\/wp-json\/wp\/v2\/pages"}],"about":[{"href":"https:\/\/wp.kristdemokraterna.se\/kdsenior\/wp-json\/wp\/v2\/types\/page"}],"author":[{"embeddable":true,"href":"https:\/\/wp.kristdemokraterna.se\/kdsenior\/wp-json\/wp\/v2\/users\/444"}],"replies":[{"embeddable":true,"href":"https:\/\/wp.kristdemokraterna.se\/kdsenior\/wp-json\/wp\/v2\/comments?post=4518"}],"version-history":[{"count":15,"href":"https:\/\/wp.kristdemokraterna.se\/kdsenior\/wp-json\/wp\/v2\/pages\/4518\/revisions"}],"predecessor-version":[{"id":5398,"href":"https:\/\/wp.kristdemokraterna.se\/kdsenior\/wp-json\/wp\/v2\/pages\/4518\/revisions\/5398"}],"wp:featuredmedia":[{"embeddable":true,"href":"https:\/\/wp.kristdemokraterna.se\/kdsenior\/wp-json\/wp\/v2\/media\/4278"}],"wp:attachment":[{"href":"https:\/\/wp.kristdemokraterna.se\/kdsenior\/wp-json\/wp\/v2\/media?parent=4518"}],"curies":[{"name":"wp","href":"https:\/\/api.w.org\/{rel}","templated":true}]}}