{"id":457,"date":"2012-06-07T09:12:28","date_gmt":"2012-06-07T07:12:28","guid":{"rendered":"http:\/\/www.kdsenior.se\/?page_id=457"},"modified":"2025-09-02T09:19:51","modified_gmt":"2025-09-02T07:19:51","slug":"seniordistrikt-kontakter","status":"publish","type":"page","link":"https:\/\/wp.kristdemokraterna.se\/kdsenior\/exempelsida\/seniordistrikt-kontakter\/","title":{"rendered":"Seniorf\u00f6rbundet regionalt och lokalt"},"content":{"rendered":"<h3><strong><strong>DISTRIKTSORDF\u00d6RANDE (O) Aktiva Seniordistrikt-Senioravdelningar<\/strong><\/strong><\/h3>\n<h3><strong><strong>KONTAKTPERSONER (Kp) Vilande Seniordistrikt-Senioravdelningar<\/strong><\/strong><strong><strong><br \/>\n<\/strong><\/strong><\/h3>\n<p><strong>Stockholms Stad och L\u00e4n<br \/>\n(O)<\/strong>\u00a0Bengt Hellstr\u00f6m<br \/>\ntel. 070-216 08 22<br \/>\n<a href=\"mailto:bengt.hellstrom@kristdemokraterna.se\">bengt.hellstrom@kristdemokraterna.se<\/a><\/p>\n<p><strong><strong>Uppsala l\u00e4n <\/strong><\/strong><br \/>\n<strong>(O) <\/strong>Ingemar Wirs\u00e9n<br \/>\ntel. 070-279 55 18<br \/>\n<a href=\"mailto:ingemar@virsen.nu\">ingemar@virsen.nu<\/a><\/p>\n<p><strong>Lokalavdelningar i Uppsala l\u00e4n:<\/strong><br \/>\n<strong>Enk\u00f6ping<br \/>\n<\/strong><strong>(LO)<\/strong> Heikki Tiitinen<br \/>\ntel.\u00a0 070-731 58 21<br \/>\n<a href=\"mailto:hessutiitinen8@hotmail.com\">hessutiitinen8@hotmail.com<\/a><\/p>\n<p><strong><strong>S\u00f6dermanlands l\u00e4n<br \/>\n(O) Anders Tholerud<br \/>\ntel. 070-768 50 67<br \/>\n<a href=\"anders.tholerud@kristdemokraterna.se\">anders.tholerud@kristdemokraterna.se<\/a><\/strong><\/strong><\/p>\n<p><strong><strong><br \/>\n\u00d6sterg\u00f6tlands l\u00e4n <\/strong><br \/>\n<\/strong><strong>(O)<\/strong>\u00a0Solveig Danielson<br \/>\ntel. 013-3437474<br \/>\n<a href=\"mailto:solveig.danielson@hotmail.se\">solveig.danielson@hotmail.se<\/a><\/p>\n<p><strong><strong>J\u00f6nk\u00f6pings l\u00e4n <\/strong><br \/>\n<\/strong><strong>(O)<\/strong> \u00c5ke Lundgren<br \/>\n073-051 79 86<br \/>\n<a href=\"mailto:ake.kdhabo@gmail.com\">ake.kdhabo@gmail.com\u00a0<\/a><\/p>\n<p><strong><strong>Kalmar L\u00e4n<br \/>\n<\/strong><\/strong><strong>(O)<\/strong> Chatrine P\u00e5lsson Ahlgren<br \/>\ntel. 070-671 04 01<br \/>\n<a href=\"chatrine.palsson@kristdemokraterna.se\">chatrine.palsson@kristdemokraterna.se<\/a><\/p>\n<p><strong><strong>(Kp)\u00a0<\/strong><\/strong>Karl-Gustav Kyrk<br \/>\ntel. 070-070-6478118<br \/>\n<a href=\"mailto:karl.gustav.kyrk@kristdemokraterna.se\">karl.gustav.kyrk@kristdemokraterna.se<\/a><\/p>\n<p><strong><strong>Gotland (I) <\/strong>se Stockholms Stad och L\u00e4n<\/strong><\/p>\n<p><strong><strong>Region Sk\u00e5ne<br \/>\n<\/strong><strong>(O)<\/strong> <\/strong>Lars Hector<br \/>\ntel. 0708-117860<br \/>\n<a href=\"lars@hector.nu\">lars@hector.nu<\/a><\/p>\n<p><strong>Senioravdelningar i Region Sk\u00e5ne:<\/strong><br \/>\n<strong>H\u00e4ssleholm<\/strong><br \/>\n<strong>(O)<\/strong> Kenneth Wir\u00f6dal<br \/>\ntel. 073-1570205<br \/>\n<a href=\"mailto:wirodalkenneth@gmail.com\">wirodalkenneth@gmail.com<\/a><\/p>\n<p><strong>Malm\u00f6<\/strong><br \/>\n<strong>(O) <\/strong>Ingvar Nordh<br \/>\ntel. 070-362 18 66<br \/>\n<a href=\"mailto:nilsingvarnordh@gmail.com\">nilsingvarnordh@gmail.com<\/a><\/p>\n<p><strong>Hallands l\u00e4n<br \/>\n<\/strong><strong>(O) <\/strong>Ulf Holmgren<br \/>\ntel.\u00a0 072-324 6886<br \/>\n<a href=\"mailto:uffe.wolf@hotmail.com\">uffe.wolf@hotmail.com<\/a><\/p>\n<p><a href=\"kdseniorhalland@gmail.com\">kdseniorhalland@gmail.com<\/a><\/p>\n<p><strong>Blekinges l\u00e4n<br \/>\n<\/strong><b>Vakant\u00a0<\/b><\/p>\n<p><strong>V\u00e4stra G\u00f6taland<br \/>\n<\/strong><strong>Anne-Lie Sundling<\/strong><br \/>\nTel: 072-7255600<br \/>\ne-post: <a href=\"mailto:annelie.sundling@kristdemokraterna.se\">annelie.sundling@kristdemokraterna.se<\/a><\/p>\n<p><strong><strong>V\u00e4rmlands l\u00e4n<br \/>\n<\/strong><\/strong><strong>(O)<\/strong> Ulf Adolfsson<br \/>\ntel. 070-6449376<br \/>\n<a href=\"054.578122@telia.com\">054.578122@telia.com<\/a><\/p>\n<p><strong><strong>\u00d6rebro l\u00e4n <\/strong><\/strong><br \/>\n<strong>(O)<\/strong> Christina H\u00e5kansson<br \/>\ntel. 070-814 41 20<br \/>\n<a href=\"mailto:christina.hakansson@kristdemokraterna.se\">christina.hakansson@kristdemokraterna.se<\/a><\/p>\n<p><strong>\u00a0<strong>V\u00e4stmanlands l\u00e4n<br \/>\n<strong>(O)<\/strong> <\/strong><\/strong>Elisabet W\u00e4neskog<br \/>\ntel. 072-7233873<br \/>\n<a href=\"eva.elisabet.waneskog@vasteras.se\">eva.elisabet.waneskog@vasteras.se<\/a><\/p>\n<p><strong><strong>G\u00e4vleborgs l\u00e4n<br \/>\n<\/strong><\/strong><strong>(O) <\/strong>Ingemar Kal\u00e9n<br \/>\nTel: 070-414 13 33<strong><br \/>\n<\/strong><span style=\"color: #00529e\"><a href=\"ingemar.kalen@telia.com\">ingemar.kalen@telia.com<\/a><\/span><\/p>\n<p><strong><strong>V\u00e4sternorrlands l\u00e4n<br \/>\n<\/strong><\/strong>(Kp) Gunl\u00f6g Jacobsson<br \/>\ntel. 070-327 62 80<strong><strong><br \/>\n<\/strong><\/strong><strong><strong><a href=\"gunlog.jacobsson@gmail.com\">gunlog.jacobsson@gmail.com<\/a><br \/>\n<\/strong><\/strong><\/p>\n<p><strong><strong>V\u00e4sterbottens l\u00e4n<br \/>\n<\/strong><\/strong><strong>(O) <\/strong>Ann-Christin Forsman<br \/>\ntel.\u00a0 070-2539 221<br \/>\n<a href=\"mailto:annchristinforsman@gmail.com\">annchristinforsman@gmail.com<\/a><\/p>\n<p><strong>Norrbottens l\u00e4n<br \/>\n<\/strong><strong>(kp) <\/strong>Lars Palo<br \/>\ntel.\u00a0073-073 61 95<\/p>\n<p><a href=\"larspalo42@gmail.com\">larspalo42@gmail.com<\/a><\/p>\n<p>&nbsp;<\/p>\n<p>&nbsp;<\/p>\n<p>&nbsp;<\/p>\n<p>&nbsp;<\/p>\n<p>&nbsp;<\/p>\n","protected":false},"excerpt":{"rendered":"<p>DISTRIKTSORDF\u00d6RANDE (O) Aktiva Seniordistrikt-Senioravdelningar KONTAKTPERSONER (Kp) Vilande Seniordistrikt-Senioravdelningar Stockholms Stad och L\u00e4n (O)\u00a0Bengt Hellstr\u00f6m tel. 070-216 08 22 bengt.hellstrom@kristdemokraterna.se Uppsala l\u00e4n (O) Ingemar Wirs\u00e9n tel. 070-279 55 18 ingemar@virsen.nu Lokalavdelningar i Uppsala l\u00e4n: Enk\u00f6ping (LO) Heikki Tiitinen tel.\u00a0 070-731 58 21 hessutiitinen8@hotmail.com S\u00f6dermanlands l\u00e4n (O) Anders Tholerud tel. 070-768 50 67 anders.tholerud@kristdemokraterna.se \u00d6sterg\u00f6tlands l\u00e4n (O)\u00a0Solveig <a class=\"read-more-link\" href=\"https:\/\/wp.kristdemokraterna.se\/kdsenior\/exempelsida\/seniordistrikt-kontakter\/\">Read More<\/a><\/p>\n","protected":false},"author":819,"featured_media":4278,"parent":2,"menu_order":4,"comment_status":"closed","ping_status":"closed","template":"","meta":{"_acf_changed":false,"footnotes":""},"class_list":["post-457","page","type-page","status-publish","hentry"],"acf":[],"yoast_head":"<!-- This site is optimized with the Yoast SEO plugin v27.4 - https:\/\/yoast.com\/product\/yoast-seo-wordpress\/ -->\n<title>Seniorf\u00f6rbundet regionalt och lokalt - KD Senior<\/title>\n<meta name=\"robots\" content=\"index, follow, max-snippet:-1, max-image-preview:large, max-video-preview:-1\" \/>\n<link rel=\"canonical\" href=\"https:\/\/wp.kristdemokraterna.se\/kdsenior\/exempelsida\/seniordistrikt-kontakter\/\" \/>\n<meta property=\"og:locale\" content=\"sv_SE\" \/>\n<meta property=\"og:type\" content=\"article\" \/>\n<meta property=\"og:title\" content=\"Seniorf\u00f6rbundet regionalt och lokalt - KD Senior\" \/>\n<meta property=\"og:description\" content=\"DISTRIKTSORDF\u00d6RANDE (O) Aktiva Seniordistrikt-Senioravdelningar KONTAKTPERSONER (Kp) Vilande Seniordistrikt-Senioravdelningar Stockholms Stad och L\u00e4n (O)\u00a0Bengt Hellstr\u00f6m tel. 070-216 08 22 bengt.hellstrom@kristdemokraterna.se Uppsala l\u00e4n (O) Ingemar Wirs\u00e9n tel. 070-279 55 18 ingemar@virsen.nu Lokalavdelningar i Uppsala l\u00e4n: Enk\u00f6ping (LO) Heikki Tiitinen tel.\u00a0 070-731 58 21 hessutiitinen8@hotmail.com S\u00f6dermanlands l\u00e4n (O) Anders Tholerud tel. 070-768 50 67 anders.tholerud@kristdemokraterna.se \u00d6sterg\u00f6tlands l\u00e4n (O)\u00a0Solveig Read More\" \/>\n<meta property=\"og:url\" content=\"https:\/\/wp.kristdemokraterna.se\/kdsenior\/exempelsida\/seniordistrikt-kontakter\/\" \/>\n<meta property=\"og:site_name\" content=\"KD Senior\" \/>\n<meta property=\"article:modified_time\" content=\"2025-09-02T07:19:51+00:00\" \/>\n<meta name=\"twitter:card\" content=\"summary_large_image\" \/>\n<meta name=\"twitter:label1\" content=\"Ber\u00e4knad l\u00e4stid\" \/>\n\t<meta name=\"twitter:data1\" content=\"2 minuter\" \/>\n<script type=\"application\/ld+json\" class=\"yoast-schema-graph\">{\"@context\":\"https:\\\/\\\/schema.org\",\"@graph\":[{\"@type\":\"WebPage\",\"@id\":\"https:\\\/\\\/wp.kristdemokraterna.se\\\/kdsenior\\\/exempelsida\\\/seniordistrikt-kontakter\\\/\",\"url\":\"https:\\\/\\\/wp.kristdemokraterna.se\\\/kdsenior\\\/exempelsida\\\/seniordistrikt-kontakter\\\/\",\"name\":\"Seniorf\u00f6rbundet regionalt och lokalt - KD Senior\",\"isPartOf\":{\"@id\":\"https:\\\/\\\/wp.kristdemokraterna.se\\\/kdsenior\\\/#website\"},\"primaryImageOfPage\":{\"@id\":\"https:\\\/\\\/wp.kristdemokraterna.se\\\/kdsenior\\\/exempelsida\\\/seniordistrikt-kontakter\\\/#primaryimage\"},\"image\":{\"@id\":\"https:\\\/\\\/wp.kristdemokraterna.se\\\/kdsenior\\\/exempelsida\\\/seniordistrikt-kontakter\\\/#primaryimage\"},\"thumbnailUrl\":\"https:\\\/\\\/wp.kristdemokraterna.se\\\/kdsenior\\\/files\\\/2019\\\/01\\\/standard.png\",\"datePublished\":\"2012-06-07T07:12:28+00:00\",\"dateModified\":\"2025-09-02T07:19:51+00:00\",\"breadcrumb\":{\"@id\":\"https:\\\/\\\/wp.kristdemokraterna.se\\\/kdsenior\\\/exempelsida\\\/seniordistrikt-kontakter\\\/#breadcrumb\"},\"inLanguage\":\"sv-SE\",\"potentialAction\":[{\"@type\":\"ReadAction\",\"target\":[\"https:\\\/\\\/wp.kristdemokraterna.se\\\/kdsenior\\\/exempelsida\\\/seniordistrikt-kontakter\\\/\"]}]},{\"@type\":\"ImageObject\",\"inLanguage\":\"sv-SE\",\"@id\":\"https:\\\/\\\/wp.kristdemokraterna.se\\\/kdsenior\\\/exempelsida\\\/seniordistrikt-kontakter\\\/#primaryimage\",\"url\":\"https:\\\/\\\/wp.kristdemokraterna.se\\\/kdsenior\\\/files\\\/2019\\\/01\\\/standard.png\",\"contentUrl\":\"https:\\\/\\\/wp.kristdemokraterna.se\\\/kdsenior\\\/files\\\/2019\\\/01\\\/standard.png\",\"width\":770,\"height\":390},{\"@type\":\"BreadcrumbList\",\"@id\":\"https:\\\/\\\/wp.kristdemokraterna.se\\\/kdsenior\\\/exempelsida\\\/seniordistrikt-kontakter\\\/#breadcrumb\",\"itemListElement\":[{\"@type\":\"ListItem\",\"position\":1,\"name\":\"Hem\",\"item\":\"https:\\\/\\\/wp.kristdemokraterna.se\\\/kdsenior\\\/\"},{\"@type\":\"ListItem\",\"position\":2,\"name\":\"Kontakta oss\",\"item\":\"https:\\\/\\\/wp.kristdemokraterna.se\\\/kdsenior\\\/exempelsida\\\/\"},{\"@type\":\"ListItem\",\"position\":3,\"name\":\"Seniorf\u00f6rbundet regionalt och lokalt\"}]},{\"@type\":\"WebSite\",\"@id\":\"https:\\\/\\\/wp.kristdemokraterna.se\\\/kdsenior\\\/#website\",\"url\":\"https:\\\/\\\/wp.kristdemokraterna.se\\\/kdsenior\\\/\",\"name\":\"KD Senior\",\"description\":\"Seniorer h\u00e5ller ihop Sverige!\",\"inLanguage\":\"sv-SE\"}]}<\/script>\n<!-- \/ Yoast SEO plugin. -->","yoast_head_json":{"title":"Seniorf\u00f6rbundet regionalt och lokalt - KD Senior","robots":{"index":"index","follow":"follow","max-snippet":"max-snippet:-1","max-image-preview":"max-image-preview:large","max-video-preview":"max-video-preview:-1"},"canonical":"https:\/\/wp.kristdemokraterna.se\/kdsenior\/exempelsida\/seniordistrikt-kontakter\/","og_locale":"sv_SE","og_type":"article","og_title":"Seniorf\u00f6rbundet regionalt och lokalt - KD Senior","og_description":"DISTRIKTSORDF\u00d6RANDE (O) Aktiva Seniordistrikt-Senioravdelningar KONTAKTPERSONER (Kp) Vilande Seniordistrikt-Senioravdelningar Stockholms Stad och L\u00e4n (O)\u00a0Bengt Hellstr\u00f6m tel. 070-216 08 22 bengt.hellstrom@kristdemokraterna.se Uppsala l\u00e4n (O) Ingemar Wirs\u00e9n tel. 070-279 55 18 ingemar@virsen.nu Lokalavdelningar i Uppsala l\u00e4n: Enk\u00f6ping (LO) Heikki Tiitinen tel.\u00a0 070-731 58 21 hessutiitinen8@hotmail.com S\u00f6dermanlands l\u00e4n (O) Anders Tholerud tel. 070-768 50 67 anders.tholerud@kristdemokraterna.se \u00d6sterg\u00f6tlands l\u00e4n (O)\u00a0Solveig Read More","og_url":"https:\/\/wp.kristdemokraterna.se\/kdsenior\/exempelsida\/seniordistrikt-kontakter\/","og_site_name":"KD Senior","article_modified_time":"2025-09-02T07:19:51+00:00","twitter_card":"summary_large_image","twitter_misc":{"Ber\u00e4knad l\u00e4stid":"2 minuter"},"schema":{"@context":"https:\/\/schema.org","@graph":[{"@type":"WebPage","@id":"https:\/\/wp.kristdemokraterna.se\/kdsenior\/exempelsida\/seniordistrikt-kontakter\/","url":"https:\/\/wp.kristdemokraterna.se\/kdsenior\/exempelsida\/seniordistrikt-kontakter\/","name":"Seniorf\u00f6rbundet regionalt och lokalt - KD Senior","isPartOf":{"@id":"https:\/\/wp.kristdemokraterna.se\/kdsenior\/#website"},"primaryImageOfPage":{"@id":"https:\/\/wp.kristdemokraterna.se\/kdsenior\/exempelsida\/seniordistrikt-kontakter\/#primaryimage"},"image":{"@id":"https:\/\/wp.kristdemokraterna.se\/kdsenior\/exempelsida\/seniordistrikt-kontakter\/#primaryimage"},"thumbnailUrl":"https:\/\/wp.kristdemokraterna.se\/kdsenior\/files\/2019\/01\/standard.png","datePublished":"2012-06-07T07:12:28+00:00","dateModified":"2025-09-02T07:19:51+00:00","breadcrumb":{"@id":"https:\/\/wp.kristdemokraterna.se\/kdsenior\/exempelsida\/seniordistrikt-kontakter\/#breadcrumb"},"inLanguage":"sv-SE","potentialAction":[{"@type":"ReadAction","target":["https:\/\/wp.kristdemokraterna.se\/kdsenior\/exempelsida\/seniordistrikt-kontakter\/"]}]},{"@type":"ImageObject","inLanguage":"sv-SE","@id":"https:\/\/wp.kristdemokraterna.se\/kdsenior\/exempelsida\/seniordistrikt-kontakter\/#primaryimage","url":"https:\/\/wp.kristdemokraterna.se\/kdsenior\/files\/2019\/01\/standard.png","contentUrl":"https:\/\/wp.kristdemokraterna.se\/kdsenior\/files\/2019\/01\/standard.png","width":770,"height":390},{"@type":"BreadcrumbList","@id":"https:\/\/wp.kristdemokraterna.se\/kdsenior\/exempelsida\/seniordistrikt-kontakter\/#breadcrumb","itemListElement":[{"@type":"ListItem","position":1,"name":"Hem","item":"https:\/\/wp.kristdemokraterna.se\/kdsenior\/"},{"@type":"ListItem","position":2,"name":"Kontakta oss","item":"https:\/\/wp.kristdemokraterna.se\/kdsenior\/exempelsida\/"},{"@type":"ListItem","position":3,"name":"Seniorf\u00f6rbundet regionalt och lokalt"}]},{"@type":"WebSite","@id":"https:\/\/wp.kristdemokraterna.se\/kdsenior\/#website","url":"https:\/\/wp.kristdemokraterna.se\/kdsenior\/","name":"KD Senior","description":"Seniorer h\u00e5ller ihop Sverige!","inLanguage":"sv-SE"}]}},"_links":{"self":[{"href":"https:\/\/wp.kristdemokraterna.se\/kdsenior\/wp-json\/wp\/v2\/pages\/457","targetHints":{"allow":["GET"]}}],"collection":[{"href":"https:\/\/wp.kristdemokraterna.se\/kdsenior\/wp-json\/wp\/v2\/pages"}],"about":[{"href":"https:\/\/wp.kristdemokraterna.se\/kdsenior\/wp-json\/wp\/v2\/types\/page"}],"author":[{"embeddable":true,"href":"https:\/\/wp.kristdemokraterna.se\/kdsenior\/wp-json\/wp\/v2\/users\/819"}],"replies":[{"embeddable":true,"href":"https:\/\/wp.kristdemokraterna.se\/kdsenior\/wp-json\/wp\/v2\/comments?post=457"}],"version-history":[{"count":42,"href":"https:\/\/wp.kristdemokraterna.se\/kdsenior\/wp-json\/wp\/v2\/pages\/457\/revisions"}],"predecessor-version":[{"id":5767,"href":"https:\/\/wp.kristdemokraterna.se\/kdsenior\/wp-json\/wp\/v2\/pages\/457\/revisions\/5767"}],"up":[{"embeddable":true,"href":"https:\/\/wp.kristdemokraterna.se\/kdsenior\/wp-json\/wp\/v2\/pages\/2"}],"wp:featuredmedia":[{"embeddable":true,"href":"https:\/\/wp.kristdemokraterna.se\/kdsenior\/wp-json\/wp\/v2\/media\/4278"}],"wp:attachment":[{"href":"https:\/\/wp.kristdemokraterna.se\/kdsenior\/wp-json\/wp\/v2\/media?parent=457"}],"curies":[{"name":"wp","href":"https:\/\/api.w.org\/{rel}","templated":true}]}}