{"id":46,"date":"2016-04-27T13:57:15","date_gmt":"2016-04-27T11:57:15","guid":{"rendered":"http:\/\/wp.kristdemokraterna.se\/kdsenior\/?page_id=46"},"modified":"2025-09-02T09:43:08","modified_gmt":"2025-09-02T07:43:08","slug":"det-hander","status":"publish","type":"page","link":"https:\/\/wp.kristdemokraterna.se\/kdsenior\/exempelsida\/det-hander\/","title":{"rendered":"Det h\u00e4nder!"},"content":{"rendered":"<p>H\u00e4r f\u00f6ljer en summering av de aktivister som g\u00e4ller under 2025.<\/p>\n<ul>\n<li><strong>1-7 sept<\/strong> Medlemsbrev nr 5<\/li>\n<li><strong>L\u00f6rd 13 sept<\/strong> Ett \u00e5r f\u00f6re valet &#8211; aktiviteter runt om i landet<\/li>\n<li><strong>24-25 sept<\/strong> 60+ m\u00e4ssa FalunFred 26 sept 10-16 KD Senior \u2013 konferensdag med distrikten<\/li>\n<li><strong>Onsd 1 oktober<\/strong> Internationella \u00e4ldredagen \u2013 agerande &#8211; utspel &#8211; aktiviteter<\/li>\n<li><strong>M\u00e5nd 13 okt<\/strong> 18-19 Webbinarium \u2013 \u00c4ldreprogram f\u00f6r region och kommun.<\/li>\n<li><strong>14-15 okt<\/strong> 60+ m\u00e4ssa G\u00e4vle<\/li>\n<li><strong>20-26 okt<\/strong> Medlemsbrev nr 6<\/li>\n<li><strong>23-25 okt<\/strong> Seniorfestival Stockholm<\/li>\n<li><strong>Fred 14 \u2013 s\u00f6nd 16 nov<\/strong> RIKSTING Link\u00f6ping<\/li>\n<li><strong>19-20 nov<\/strong> 60+ m\u00e4ssa V\u00e4ster\u00e5s<\/li>\n<li><strong>Tisd 18 nov<\/strong> 10-12 Distriktstr\u00e4ff med alla distriktsledningar<\/li>\n<li><strong>M\u00e5nd 24 nov<\/strong> 18-19 Webbinarium \u2013 \u00e4mne uppf\u00f6ljning koppling till rev av program<\/li>\n<li><strong>15-21 dec<\/strong> Medlemsbrev nr 7 &#8211; julh\u00e4lsning<\/li>\n<\/ul>\n<p>&nbsp;<\/p>\n","protected":false},"excerpt":{"rendered":"<p>H\u00e4r f\u00f6ljer en summering av de aktivister som g\u00e4ller under 2025. 1-7 sept Medlemsbrev nr 5 L\u00f6rd 13 sept Ett \u00e5r f\u00f6re valet &#8211; aktiviteter runt om i landet 24-25 sept 60+ m\u00e4ssa FalunFred 26 sept 10-16 KD Senior \u2013 konferensdag med distrikten Onsd 1 oktober Internationella \u00e4ldredagen \u2013 agerande &#8211; utspel &#8211; aktiviteter M\u00e5nd <a class=\"read-more-link\" href=\"https:\/\/wp.kristdemokraterna.se\/kdsenior\/exempelsida\/det-hander\/\">Read More<\/a><\/p>\n","protected":false},"author":819,"featured_media":4278,"parent":2,"menu_order":0,"comment_status":"closed","ping_status":"closed","template":"","meta":{"_acf_changed":false,"footnotes":""},"class_list":["post-46","page","type-page","status-publish","hentry"],"acf":[],"yoast_head":"<!-- This site is optimized with the Yoast SEO plugin v27.4 - https:\/\/yoast.com\/product\/yoast-seo-wordpress\/ -->\n<title>Det h\u00e4nder! - KD Senior<\/title>\n<meta name=\"robots\" content=\"index, follow, max-snippet:-1, max-image-preview:large, max-video-preview:-1\" \/>\n<link rel=\"canonical\" href=\"https:\/\/wp.kristdemokraterna.se\/kdsenior\/exempelsida\/det-hander\/\" \/>\n<meta property=\"og:locale\" content=\"sv_SE\" \/>\n<meta property=\"og:type\" content=\"article\" \/>\n<meta property=\"og:title\" content=\"Det h\u00e4nder! - KD Senior\" \/>\n<meta property=\"og:description\" content=\"H\u00e4r f\u00f6ljer en summering av de aktivister som g\u00e4ller under 2025. 1-7 sept Medlemsbrev nr 5 L\u00f6rd 13 sept Ett \u00e5r f\u00f6re valet &#8211; aktiviteter runt om i landet 24-25 sept 60+ m\u00e4ssa FalunFred 26 sept 10-16 KD Senior \u2013 konferensdag med distrikten Onsd 1 oktober Internationella \u00e4ldredagen \u2013 agerande &#8211; utspel &#8211; aktiviteter M\u00e5nd Read More\" \/>\n<meta property=\"og:url\" content=\"https:\/\/wp.kristdemokraterna.se\/kdsenior\/exempelsida\/det-hander\/\" \/>\n<meta property=\"og:site_name\" content=\"KD Senior\" \/>\n<meta property=\"article:modified_time\" content=\"2025-09-02T07:43:08+00:00\" \/>\n<meta name=\"twitter:card\" content=\"summary_large_image\" \/>\n<meta name=\"twitter:label1\" content=\"Ber\u00e4knad l\u00e4stid\" \/>\n\t<meta name=\"twitter:data1\" content=\"1 minut\" \/>\n<script type=\"application\/ld+json\" class=\"yoast-schema-graph\">{\"@context\":\"https:\\\/\\\/schema.org\",\"@graph\":[{\"@type\":\"WebPage\",\"@id\":\"https:\\\/\\\/wp.kristdemokraterna.se\\\/kdsenior\\\/exempelsida\\\/det-hander\\\/\",\"url\":\"https:\\\/\\\/wp.kristdemokraterna.se\\\/kdsenior\\\/exempelsida\\\/det-hander\\\/\",\"name\":\"Det h\u00e4nder! - KD Senior\",\"isPartOf\":{\"@id\":\"https:\\\/\\\/wp.kristdemokraterna.se\\\/kdsenior\\\/#website\"},\"primaryImageOfPage\":{\"@id\":\"https:\\\/\\\/wp.kristdemokraterna.se\\\/kdsenior\\\/exempelsida\\\/det-hander\\\/#primaryimage\"},\"image\":{\"@id\":\"https:\\\/\\\/wp.kristdemokraterna.se\\\/kdsenior\\\/exempelsida\\\/det-hander\\\/#primaryimage\"},\"thumbnailUrl\":\"https:\\\/\\\/wp.kristdemokraterna.se\\\/kdsenior\\\/files\\\/2019\\\/01\\\/standard.png\",\"datePublished\":\"2016-04-27T11:57:15+00:00\",\"dateModified\":\"2025-09-02T07:43:08+00:00\",\"breadcrumb\":{\"@id\":\"https:\\\/\\\/wp.kristdemokraterna.se\\\/kdsenior\\\/exempelsida\\\/det-hander\\\/#breadcrumb\"},\"inLanguage\":\"sv-SE\",\"potentialAction\":[{\"@type\":\"ReadAction\",\"target\":[\"https:\\\/\\\/wp.kristdemokraterna.se\\\/kdsenior\\\/exempelsida\\\/det-hander\\\/\"]}]},{\"@type\":\"ImageObject\",\"inLanguage\":\"sv-SE\",\"@id\":\"https:\\\/\\\/wp.kristdemokraterna.se\\\/kdsenior\\\/exempelsida\\\/det-hander\\\/#primaryimage\",\"url\":\"https:\\\/\\\/wp.kristdemokraterna.se\\\/kdsenior\\\/files\\\/2019\\\/01\\\/standard.png\",\"contentUrl\":\"https:\\\/\\\/wp.kristdemokraterna.se\\\/kdsenior\\\/files\\\/2019\\\/01\\\/standard.png\",\"width\":770,\"height\":390},{\"@type\":\"BreadcrumbList\",\"@id\":\"https:\\\/\\\/wp.kristdemokraterna.se\\\/kdsenior\\\/exempelsida\\\/det-hander\\\/#breadcrumb\",\"itemListElement\":[{\"@type\":\"ListItem\",\"position\":1,\"name\":\"Hem\",\"item\":\"https:\\\/\\\/wp.kristdemokraterna.se\\\/kdsenior\\\/\"},{\"@type\":\"ListItem\",\"position\":2,\"name\":\"Kontakta oss\",\"item\":\"https:\\\/\\\/wp.kristdemokraterna.se\\\/kdsenior\\\/exempelsida\\\/\"},{\"@type\":\"ListItem\",\"position\":3,\"name\":\"Det h\u00e4nder!\"}]},{\"@type\":\"WebSite\",\"@id\":\"https:\\\/\\\/wp.kristdemokraterna.se\\\/kdsenior\\\/#website\",\"url\":\"https:\\\/\\\/wp.kristdemokraterna.se\\\/kdsenior\\\/\",\"name\":\"KD Senior\",\"description\":\"Seniorer h\u00e5ller ihop Sverige!\",\"inLanguage\":\"sv-SE\"}]}<\/script>\n<!-- \/ Yoast SEO plugin. -->","yoast_head_json":{"title":"Det h\u00e4nder! - KD Senior","robots":{"index":"index","follow":"follow","max-snippet":"max-snippet:-1","max-image-preview":"max-image-preview:large","max-video-preview":"max-video-preview:-1"},"canonical":"https:\/\/wp.kristdemokraterna.se\/kdsenior\/exempelsida\/det-hander\/","og_locale":"sv_SE","og_type":"article","og_title":"Det h\u00e4nder! - KD Senior","og_description":"H\u00e4r f\u00f6ljer en summering av de aktivister som g\u00e4ller under 2025. 1-7 sept Medlemsbrev nr 5 L\u00f6rd 13 sept Ett \u00e5r f\u00f6re valet &#8211; aktiviteter runt om i landet 24-25 sept 60+ m\u00e4ssa FalunFred 26 sept 10-16 KD Senior \u2013 konferensdag med distrikten Onsd 1 oktober Internationella \u00e4ldredagen \u2013 agerande &#8211; utspel &#8211; aktiviteter M\u00e5nd Read More","og_url":"https:\/\/wp.kristdemokraterna.se\/kdsenior\/exempelsida\/det-hander\/","og_site_name":"KD Senior","article_modified_time":"2025-09-02T07:43:08+00:00","twitter_card":"summary_large_image","twitter_misc":{"Ber\u00e4knad l\u00e4stid":"1 minut"},"schema":{"@context":"https:\/\/schema.org","@graph":[{"@type":"WebPage","@id":"https:\/\/wp.kristdemokraterna.se\/kdsenior\/exempelsida\/det-hander\/","url":"https:\/\/wp.kristdemokraterna.se\/kdsenior\/exempelsida\/det-hander\/","name":"Det h\u00e4nder! - KD Senior","isPartOf":{"@id":"https:\/\/wp.kristdemokraterna.se\/kdsenior\/#website"},"primaryImageOfPage":{"@id":"https:\/\/wp.kristdemokraterna.se\/kdsenior\/exempelsida\/det-hander\/#primaryimage"},"image":{"@id":"https:\/\/wp.kristdemokraterna.se\/kdsenior\/exempelsida\/det-hander\/#primaryimage"},"thumbnailUrl":"https:\/\/wp.kristdemokraterna.se\/kdsenior\/files\/2019\/01\/standard.png","datePublished":"2016-04-27T11:57:15+00:00","dateModified":"2025-09-02T07:43:08+00:00","breadcrumb":{"@id":"https:\/\/wp.kristdemokraterna.se\/kdsenior\/exempelsida\/det-hander\/#breadcrumb"},"inLanguage":"sv-SE","potentialAction":[{"@type":"ReadAction","target":["https:\/\/wp.kristdemokraterna.se\/kdsenior\/exempelsida\/det-hander\/"]}]},{"@type":"ImageObject","inLanguage":"sv-SE","@id":"https:\/\/wp.kristdemokraterna.se\/kdsenior\/exempelsida\/det-hander\/#primaryimage","url":"https:\/\/wp.kristdemokraterna.se\/kdsenior\/files\/2019\/01\/standard.png","contentUrl":"https:\/\/wp.kristdemokraterna.se\/kdsenior\/files\/2019\/01\/standard.png","width":770,"height":390},{"@type":"BreadcrumbList","@id":"https:\/\/wp.kristdemokraterna.se\/kdsenior\/exempelsida\/det-hander\/#breadcrumb","itemListElement":[{"@type":"ListItem","position":1,"name":"Hem","item":"https:\/\/wp.kristdemokraterna.se\/kdsenior\/"},{"@type":"ListItem","position":2,"name":"Kontakta oss","item":"https:\/\/wp.kristdemokraterna.se\/kdsenior\/exempelsida\/"},{"@type":"ListItem","position":3,"name":"Det h\u00e4nder!"}]},{"@type":"WebSite","@id":"https:\/\/wp.kristdemokraterna.se\/kdsenior\/#website","url":"https:\/\/wp.kristdemokraterna.se\/kdsenior\/","name":"KD Senior","description":"Seniorer h\u00e5ller ihop Sverige!","inLanguage":"sv-SE"}]}},"_links":{"self":[{"href":"https:\/\/wp.kristdemokraterna.se\/kdsenior\/wp-json\/wp\/v2\/pages\/46","targetHints":{"allow":["GET"]}}],"collection":[{"href":"https:\/\/wp.kristdemokraterna.se\/kdsenior\/wp-json\/wp\/v2\/pages"}],"about":[{"href":"https:\/\/wp.kristdemokraterna.se\/kdsenior\/wp-json\/wp\/v2\/types\/page"}],"author":[{"embeddable":true,"href":"https:\/\/wp.kristdemokraterna.se\/kdsenior\/wp-json\/wp\/v2\/users\/819"}],"replies":[{"embeddable":true,"href":"https:\/\/wp.kristdemokraterna.se\/kdsenior\/wp-json\/wp\/v2\/comments?post=46"}],"version-history":[{"count":5,"href":"https:\/\/wp.kristdemokraterna.se\/kdsenior\/wp-json\/wp\/v2\/pages\/46\/revisions"}],"predecessor-version":[{"id":5769,"href":"https:\/\/wp.kristdemokraterna.se\/kdsenior\/wp-json\/wp\/v2\/pages\/46\/revisions\/5769"}],"up":[{"embeddable":true,"href":"https:\/\/wp.kristdemokraterna.se\/kdsenior\/wp-json\/wp\/v2\/pages\/2"}],"wp:featuredmedia":[{"embeddable":true,"href":"https:\/\/wp.kristdemokraterna.se\/kdsenior\/wp-json\/wp\/v2\/media\/4278"}],"wp:attachment":[{"href":"https:\/\/wp.kristdemokraterna.se\/kdsenior\/wp-json\/wp\/v2\/media?parent=46"}],"curies":[{"name":"wp","href":"https:\/\/api.w.org\/{rel}","templated":true}]}}