{"id":468,"date":"2012-06-07T09:20:26","date_gmt":"2012-06-07T07:20:26","guid":{"rendered":"http:\/\/www.kdsenior.se\/?page_id=468"},"modified":"2024-10-23T15:25:29","modified_gmt":"2024-10-23T13:25:29","slug":"ovriga-fortroendevalda-2","status":"publish","type":"page","link":"https:\/\/wp.kristdemokraterna.se\/kdsenior\/exempelsida\/ovriga-fortroendevalda-2\/","title":{"rendered":"\u00d6vriga f\u00f6rtroendevalda m flera"},"content":{"rendered":"<h4>HEDERSORDF\u00d6RANDE<\/h4>\n<p>Leif Hallberg, fd f\u00f6rbundsordf\u00f6rande KD Senior<\/p>\n<h4>HEDERSMEDLEM<\/h4>\n<p>Alf Svensson, fd partiledare och Europaparlamentariker, KD<\/p>\n<p>Lars O Molin, fd f\u00f6rbundsordf\u00f6rande (26.4 2019-2.5 2024)<\/p>\n<p><strong>Revisorer<\/strong><\/p>\n<p>Sven Landh (sammankallande)<\/p>\n<p><a href=\"sven.landh.kd@icloud.com\">sven.landh.kd@icloud.com<\/a><\/p>\n<p>Bertil Fredriksson<\/p>\n<p><a href=\"mailto:bertil.fredrikssono@kristdemokraterna.se\">bertil.fredrikssono@kristdemokraterna.se\u00a0<\/a><\/p>\n<p>&nbsp;<\/p>\n<p>&nbsp;<\/p>\n<p>&nbsp;<\/p>\n<p>&nbsp;<\/p>\n","protected":false},"excerpt":{"rendered":"<p>HEDERSORDF\u00d6RANDE Leif Hallberg, fd f\u00f6rbundsordf\u00f6rande KD Senior HEDERSMEDLEM Alf Svensson, fd partiledare och Europaparlamentariker, KD Lars O Molin, fd f\u00f6rbundsordf\u00f6rande (26.4 2019-2.5 2024) Revisorer Sven Landh (sammankallande) sven.landh.kd@icloud.com Bertil Fredriksson bertil.fredrikssono@kristdemokraterna.se\u00a0 &nbsp; &nbsp; &nbsp; &nbsp;<\/p>\n","protected":false},"author":819,"featured_media":4278,"parent":2,"menu_order":5,"comment_status":"closed","ping_status":"closed","template":"","meta":{"_acf_changed":false,"footnotes":""},"class_list":["post-468","page","type-page","status-publish","hentry"],"acf":[],"yoast_head":"<!-- This site is optimized with the Yoast SEO plugin v27.4 - https:\/\/yoast.com\/product\/yoast-seo-wordpress\/ -->\n<title>\u00d6vriga f\u00f6rtroendevalda m flera - KD Senior<\/title>\n<meta name=\"robots\" content=\"index, follow, max-snippet:-1, max-image-preview:large, max-video-preview:-1\" \/>\n<link rel=\"canonical\" href=\"https:\/\/wp.kristdemokraterna.se\/kdsenior\/exempelsida\/ovriga-fortroendevalda-2\/\" \/>\n<meta property=\"og:locale\" content=\"sv_SE\" \/>\n<meta property=\"og:type\" content=\"article\" \/>\n<meta property=\"og:title\" content=\"\u00d6vriga f\u00f6rtroendevalda m flera - KD Senior\" \/>\n<meta property=\"og:description\" content=\"HEDERSORDF\u00d6RANDE Leif Hallberg, fd f\u00f6rbundsordf\u00f6rande KD Senior HEDERSMEDLEM Alf Svensson, fd partiledare och Europaparlamentariker, KD Lars O Molin, fd f\u00f6rbundsordf\u00f6rande (26.4 2019-2.5 2024) Revisorer Sven Landh (sammankallande) sven.landh.kd@icloud.com Bertil Fredriksson bertil.fredrikssono@kristdemokraterna.se\u00a0 &nbsp; &nbsp; &nbsp; &nbsp;\" \/>\n<meta property=\"og:url\" content=\"https:\/\/wp.kristdemokraterna.se\/kdsenior\/exempelsida\/ovriga-fortroendevalda-2\/\" \/>\n<meta property=\"og:site_name\" content=\"KD Senior\" \/>\n<meta property=\"article:modified_time\" content=\"2024-10-23T13:25:29+00:00\" \/>\n<meta name=\"twitter:card\" content=\"summary_large_image\" \/>\n<meta name=\"twitter:label1\" content=\"Ber\u00e4knad l\u00e4stid\" \/>\n\t<meta name=\"twitter:data1\" content=\"1 minut\" \/>\n<script type=\"application\/ld+json\" class=\"yoast-schema-graph\">{\"@context\":\"https:\\\/\\\/schema.org\",\"@graph\":[{\"@type\":\"WebPage\",\"@id\":\"https:\\\/\\\/wp.kristdemokraterna.se\\\/kdsenior\\\/exempelsida\\\/ovriga-fortroendevalda-2\\\/\",\"url\":\"https:\\\/\\\/wp.kristdemokraterna.se\\\/kdsenior\\\/exempelsida\\\/ovriga-fortroendevalda-2\\\/\",\"name\":\"\u00d6vriga f\u00f6rtroendevalda m flera - KD Senior\",\"isPartOf\":{\"@id\":\"https:\\\/\\\/wp.kristdemokraterna.se\\\/kdsenior\\\/#website\"},\"primaryImageOfPage\":{\"@id\":\"https:\\\/\\\/wp.kristdemokraterna.se\\\/kdsenior\\\/exempelsida\\\/ovriga-fortroendevalda-2\\\/#primaryimage\"},\"image\":{\"@id\":\"https:\\\/\\\/wp.kristdemokraterna.se\\\/kdsenior\\\/exempelsida\\\/ovriga-fortroendevalda-2\\\/#primaryimage\"},\"thumbnailUrl\":\"https:\\\/\\\/wp.kristdemokraterna.se\\\/kdsenior\\\/files\\\/2019\\\/01\\\/standard.png\",\"datePublished\":\"2012-06-07T07:20:26+00:00\",\"dateModified\":\"2024-10-23T13:25:29+00:00\",\"breadcrumb\":{\"@id\":\"https:\\\/\\\/wp.kristdemokraterna.se\\\/kdsenior\\\/exempelsida\\\/ovriga-fortroendevalda-2\\\/#breadcrumb\"},\"inLanguage\":\"sv-SE\",\"potentialAction\":[{\"@type\":\"ReadAction\",\"target\":[\"https:\\\/\\\/wp.kristdemokraterna.se\\\/kdsenior\\\/exempelsida\\\/ovriga-fortroendevalda-2\\\/\"]}]},{\"@type\":\"ImageObject\",\"inLanguage\":\"sv-SE\",\"@id\":\"https:\\\/\\\/wp.kristdemokraterna.se\\\/kdsenior\\\/exempelsida\\\/ovriga-fortroendevalda-2\\\/#primaryimage\",\"url\":\"https:\\\/\\\/wp.kristdemokraterna.se\\\/kdsenior\\\/files\\\/2019\\\/01\\\/standard.png\",\"contentUrl\":\"https:\\\/\\\/wp.kristdemokraterna.se\\\/kdsenior\\\/files\\\/2019\\\/01\\\/standard.png\",\"width\":770,\"height\":390},{\"@type\":\"BreadcrumbList\",\"@id\":\"https:\\\/\\\/wp.kristdemokraterna.se\\\/kdsenior\\\/exempelsida\\\/ovriga-fortroendevalda-2\\\/#breadcrumb\",\"itemListElement\":[{\"@type\":\"ListItem\",\"position\":1,\"name\":\"Hem\",\"item\":\"https:\\\/\\\/wp.kristdemokraterna.se\\\/kdsenior\\\/\"},{\"@type\":\"ListItem\",\"position\":2,\"name\":\"Kontakta oss\",\"item\":\"https:\\\/\\\/wp.kristdemokraterna.se\\\/kdsenior\\\/exempelsida\\\/\"},{\"@type\":\"ListItem\",\"position\":3,\"name\":\"\u00d6vriga f\u00f6rtroendevalda m flera\"}]},{\"@type\":\"WebSite\",\"@id\":\"https:\\\/\\\/wp.kristdemokraterna.se\\\/kdsenior\\\/#website\",\"url\":\"https:\\\/\\\/wp.kristdemokraterna.se\\\/kdsenior\\\/\",\"name\":\"KD Senior\",\"description\":\"Seniorer h\u00e5ller ihop Sverige!\",\"inLanguage\":\"sv-SE\"}]}<\/script>\n<!-- \/ Yoast SEO plugin. -->","yoast_head_json":{"title":"\u00d6vriga f\u00f6rtroendevalda m flera - KD Senior","robots":{"index":"index","follow":"follow","max-snippet":"max-snippet:-1","max-image-preview":"max-image-preview:large","max-video-preview":"max-video-preview:-1"},"canonical":"https:\/\/wp.kristdemokraterna.se\/kdsenior\/exempelsida\/ovriga-fortroendevalda-2\/","og_locale":"sv_SE","og_type":"article","og_title":"\u00d6vriga f\u00f6rtroendevalda m flera - KD Senior","og_description":"HEDERSORDF\u00d6RANDE Leif Hallberg, fd f\u00f6rbundsordf\u00f6rande KD Senior HEDERSMEDLEM Alf Svensson, fd partiledare och Europaparlamentariker, KD Lars O Molin, fd f\u00f6rbundsordf\u00f6rande (26.4 2019-2.5 2024) Revisorer Sven Landh (sammankallande) sven.landh.kd@icloud.com Bertil Fredriksson bertil.fredrikssono@kristdemokraterna.se\u00a0 &nbsp; &nbsp; &nbsp; &nbsp;","og_url":"https:\/\/wp.kristdemokraterna.se\/kdsenior\/exempelsida\/ovriga-fortroendevalda-2\/","og_site_name":"KD Senior","article_modified_time":"2024-10-23T13:25:29+00:00","twitter_card":"summary_large_image","twitter_misc":{"Ber\u00e4knad l\u00e4stid":"1 minut"},"schema":{"@context":"https:\/\/schema.org","@graph":[{"@type":"WebPage","@id":"https:\/\/wp.kristdemokraterna.se\/kdsenior\/exempelsida\/ovriga-fortroendevalda-2\/","url":"https:\/\/wp.kristdemokraterna.se\/kdsenior\/exempelsida\/ovriga-fortroendevalda-2\/","name":"\u00d6vriga f\u00f6rtroendevalda m flera - KD Senior","isPartOf":{"@id":"https:\/\/wp.kristdemokraterna.se\/kdsenior\/#website"},"primaryImageOfPage":{"@id":"https:\/\/wp.kristdemokraterna.se\/kdsenior\/exempelsida\/ovriga-fortroendevalda-2\/#primaryimage"},"image":{"@id":"https:\/\/wp.kristdemokraterna.se\/kdsenior\/exempelsida\/ovriga-fortroendevalda-2\/#primaryimage"},"thumbnailUrl":"https:\/\/wp.kristdemokraterna.se\/kdsenior\/files\/2019\/01\/standard.png","datePublished":"2012-06-07T07:20:26+00:00","dateModified":"2024-10-23T13:25:29+00:00","breadcrumb":{"@id":"https:\/\/wp.kristdemokraterna.se\/kdsenior\/exempelsida\/ovriga-fortroendevalda-2\/#breadcrumb"},"inLanguage":"sv-SE","potentialAction":[{"@type":"ReadAction","target":["https:\/\/wp.kristdemokraterna.se\/kdsenior\/exempelsida\/ovriga-fortroendevalda-2\/"]}]},{"@type":"ImageObject","inLanguage":"sv-SE","@id":"https:\/\/wp.kristdemokraterna.se\/kdsenior\/exempelsida\/ovriga-fortroendevalda-2\/#primaryimage","url":"https:\/\/wp.kristdemokraterna.se\/kdsenior\/files\/2019\/01\/standard.png","contentUrl":"https:\/\/wp.kristdemokraterna.se\/kdsenior\/files\/2019\/01\/standard.png","width":770,"height":390},{"@type":"BreadcrumbList","@id":"https:\/\/wp.kristdemokraterna.se\/kdsenior\/exempelsida\/ovriga-fortroendevalda-2\/#breadcrumb","itemListElement":[{"@type":"ListItem","position":1,"name":"Hem","item":"https:\/\/wp.kristdemokraterna.se\/kdsenior\/"},{"@type":"ListItem","position":2,"name":"Kontakta oss","item":"https:\/\/wp.kristdemokraterna.se\/kdsenior\/exempelsida\/"},{"@type":"ListItem","position":3,"name":"\u00d6vriga f\u00f6rtroendevalda m flera"}]},{"@type":"WebSite","@id":"https:\/\/wp.kristdemokraterna.se\/kdsenior\/#website","url":"https:\/\/wp.kristdemokraterna.se\/kdsenior\/","name":"KD Senior","description":"Seniorer h\u00e5ller ihop Sverige!","inLanguage":"sv-SE"}]}},"_links":{"self":[{"href":"https:\/\/wp.kristdemokraterna.se\/kdsenior\/wp-json\/wp\/v2\/pages\/468","targetHints":{"allow":["GET"]}}],"collection":[{"href":"https:\/\/wp.kristdemokraterna.se\/kdsenior\/wp-json\/wp\/v2\/pages"}],"about":[{"href":"https:\/\/wp.kristdemokraterna.se\/kdsenior\/wp-json\/wp\/v2\/types\/page"}],"author":[{"embeddable":true,"href":"https:\/\/wp.kristdemokraterna.se\/kdsenior\/wp-json\/wp\/v2\/users\/819"}],"replies":[{"embeddable":true,"href":"https:\/\/wp.kristdemokraterna.se\/kdsenior\/wp-json\/wp\/v2\/comments?post=468"}],"version-history":[{"count":17,"href":"https:\/\/wp.kristdemokraterna.se\/kdsenior\/wp-json\/wp\/v2\/pages\/468\/revisions"}],"predecessor-version":[{"id":5549,"href":"https:\/\/wp.kristdemokraterna.se\/kdsenior\/wp-json\/wp\/v2\/pages\/468\/revisions\/5549"}],"up":[{"embeddable":true,"href":"https:\/\/wp.kristdemokraterna.se\/kdsenior\/wp-json\/wp\/v2\/pages\/2"}],"wp:featuredmedia":[{"embeddable":true,"href":"https:\/\/wp.kristdemokraterna.se\/kdsenior\/wp-json\/wp\/v2\/media\/4278"}],"wp:attachment":[{"href":"https:\/\/wp.kristdemokraterna.se\/kdsenior\/wp-json\/wp\/v2\/media?parent=468"}],"curies":[{"name":"wp","href":"https:\/\/api.w.org\/{rel}","templated":true}]}}