{"id":508,"date":"2012-06-07T10:55:14","date_gmt":"2012-06-07T08:55:14","guid":{"rendered":"http:\/\/www.kdsenior.se\/?page_id=508"},"modified":"2025-10-08T10:38:54","modified_gmt":"2025-10-08T08:38:54","slug":"material-att-ladda-ner","status":"publish","type":"page","link":"https:\/\/wp.kristdemokraterna.se\/kdsenior\/om-oss\/material-att-ladda-ner\/","title":{"rendered":"Material att ladda ner"},"content":{"rendered":"<p><strong>H\u00e4r hittar du tryckbara flygblad att ladda ner (klicka p\u00e5 de olika l\u00e4nkarna f\u00f6r att \u00f6ppna filerna och spara dem i din dator).\u00a0<\/strong><\/p>\n<h3 align=\"left\">Aktuella flygblad<\/h3>\n<div align=\"left\"><img loading=\"lazy\" decoding=\"async\" class=\"alignnone size-medium wp-image-4463\" src=\"http:\/\/wp.kristdemokraterna.se\/kdsenior\/files\/2019\/09\/flygblad_2019_09_24-300x167.png\" alt=\"\" width=\"300\" height=\"167\" srcset=\"https:\/\/wp.kristdemokraterna.se\/kdsenior\/files\/2019\/09\/flygblad_2019_09_24-300x167.png 300w, https:\/\/wp.kristdemokraterna.se\/kdsenior\/files\/2019\/09\/flygblad_2019_09_24-359x200.png 359w, https:\/\/wp.kristdemokraterna.se\/kdsenior\/files\/2019\/09\/flygblad_2019_09_24-370x206.png 370w, https:\/\/wp.kristdemokraterna.se\/kdsenior\/files\/2019\/09\/flygblad_2019_09_24-450x250.png 450w, https:\/\/wp.kristdemokraterna.se\/kdsenior\/files\/2019\/09\/flygblad_2019_09_24-280x156.png 280w, https:\/\/wp.kristdemokraterna.se\/kdsenior\/files\/2019\/09\/flygblad_2019_09_24-340x189.png 340w, https:\/\/wp.kristdemokraterna.se\/kdsenior\/files\/2019\/09\/flygblad_2019_09_24-200x111.png 200w, https:\/\/wp.kristdemokraterna.se\/kdsenior\/files\/2019\/09\/flygblad_2019_09_24-101x56.png 101w, https:\/\/wp.kristdemokraterna.se\/kdsenior\/files\/2019\/09\/flygblad_2019_09_24.png 566w\" sizes=\"auto, (max-width: 300px) 100vw, 300px\" \/><\/div>\n<div align=\"left\">\n<p>Flygbladen har samma baksida.<\/p>\n<p><strong>Flygblad 1<\/strong> &#8211; Tid f\u00f6r internationell konvention \u00e4ldres r\u00e4ttigheter.<\/p>\n<p><a href=\"http:\/\/wp.kristdemokraterna.se\/kdsenior\/files\/2025\/10\/seniordagen-1-oktober-a4-flygblad-dubbelsidigt.pdf\">Seniordagen 1 oktober (A4) flygblad dubbelsidigt<\/a><\/p>\n<p><strong>Flygblad 2<\/strong> &#8211; ingen ska beh\u00f6va sluta le<\/p>\n<p><a href=\"http:\/\/wp.kristdemokraterna.se\/kdsenior\/files\/2025\/10\/god-munhalsa-a4-blad.pdf\">god munh\u00e4lsa A4-blad<\/a><\/p>\n<p><strong>Flygblad 3<\/strong><\/p>\n<\/div>\n<div align=\"left\"><a href=\"http:\/\/wp.kristdemokraterna.se\/kdsenior\/files\/2025\/02\/2000-talets-tandvardsreform.pdf\">2000-talets Tandv\u00e5rdsreform\u00a0<\/a><\/div>\n<div align=\"left\"><\/div>\n<div align=\"left\"><\/div>\n<div align=\"left\">H\u00e4r \u00e4r n\u00e5gra lite \u00e4ldre material &#8211; men med fortsatt aktuella fr\u00e5gor.<\/div>\n<div align=\"left\"><\/div>\n<div align=\"left\"><strong>Flygblad 4<\/strong><\/div>\n<div align=\"left\">\n<p><a href=\"http:\/\/wp.kristdemokraterna.se\/kdsenior\/files\/2019\/09\/flygblad_pension.pdf\">Dags att se \u00f6ver pensionssystemet<\/a><\/p>\n<\/div>\n<div align=\"left\">\n<div align=\"left\"><strong>Flygblad 5<\/strong><\/div>\n<div align=\"left\">\n<p><a href=\"http:\/\/wp.kristdemokraterna.se\/kdsenior\/files\/2019\/09\/flygblad_alderism.pdf\">Upp till kamp mot \u00e5lderismen<\/a><\/p>\n<\/div>\n<div align=\"left\">\n<div align=\"left\"><strong>Flygblad 6<\/strong><\/div>\n<div align=\"left\">\n<p><a href=\"http:\/\/wp.kristdemokraterna.se\/kdsenior\/files\/2019\/09\/flygblad_psykhalsa.pdf\">En psykiatri med fokus p\u00e5 seniorers oh\u00e4lsa<\/a><\/p>\n<\/div>\n<\/div>\n<\/div>\n<div align=\"left\"><\/div>\n","protected":false},"excerpt":{"rendered":"<p>H\u00e4r hittar du tryckbara flygblad att ladda ner (klicka p\u00e5 de olika l\u00e4nkarna f\u00f6r att \u00f6ppna filerna och spara dem i din dator).\u00a0 Aktuella flygblad Flygbladen har samma baksida. Flygblad 1 &#8211; Tid f\u00f6r internationell konvention \u00e4ldres r\u00e4ttigheter. Seniordagen 1 oktober (A4) flygblad dubbelsidigt Flygblad 2 &#8211; ingen ska beh\u00f6va sluta le god munh\u00e4lsa A4-blad <a class=\"read-more-link\" href=\"https:\/\/wp.kristdemokraterna.se\/kdsenior\/om-oss\/material-att-ladda-ner\/\">Read More<\/a><\/p>\n","protected":false},"author":819,"featured_media":4278,"parent":4165,"menu_order":3,"comment_status":"closed","ping_status":"closed","template":"","meta":{"_acf_changed":false,"footnotes":""},"class_list":["post-508","page","type-page","status-publish","hentry"],"acf":[],"yoast_head":"<!-- This site is optimized with the Yoast SEO plugin v27.3 - https:\/\/yoast.com\/product\/yoast-seo-wordpress\/ -->\n<title>Material att ladda ner - KD Senior<\/title>\n<meta name=\"robots\" content=\"index, follow, max-snippet:-1, max-image-preview:large, max-video-preview:-1\" \/>\n<link rel=\"canonical\" href=\"https:\/\/wp.kristdemokraterna.se\/kdsenior\/om-oss\/material-att-ladda-ner\/\" \/>\n<meta property=\"og:locale\" content=\"sv_SE\" \/>\n<meta property=\"og:type\" content=\"article\" \/>\n<meta property=\"og:title\" content=\"Material att ladda ner - KD Senior\" \/>\n<meta property=\"og:description\" content=\"H\u00e4r hittar du tryckbara flygblad att ladda ner (klicka p\u00e5 de olika l\u00e4nkarna f\u00f6r att \u00f6ppna filerna och spara dem i din dator).\u00a0 Aktuella flygblad Flygbladen har samma baksida. Flygblad 1 &#8211; Tid f\u00f6r internationell konvention \u00e4ldres r\u00e4ttigheter. Seniordagen 1 oktober (A4) flygblad dubbelsidigt Flygblad 2 &#8211; ingen ska beh\u00f6va sluta le god munh\u00e4lsa A4-blad Read More\" \/>\n<meta property=\"og:url\" content=\"https:\/\/wp.kristdemokraterna.se\/kdsenior\/om-oss\/material-att-ladda-ner\/\" \/>\n<meta property=\"og:site_name\" content=\"KD Senior\" \/>\n<meta property=\"article:modified_time\" content=\"2025-10-08T08:38:54+00:00\" \/>\n<meta property=\"og:image\" content=\"https:\/\/wp.kristdemokraterna.se\/kdsenior\/files\/2019\/09\/flygblad_2019_09_24.png\" \/>\n\t<meta property=\"og:image:width\" content=\"566\" \/>\n\t<meta property=\"og:image:height\" content=\"315\" \/>\n\t<meta property=\"og:image:type\" content=\"image\/png\" \/>\n<meta name=\"twitter:card\" content=\"summary_large_image\" \/>\n<meta name=\"twitter:label1\" content=\"Ber\u00e4knad l\u00e4stid\" \/>\n\t<meta name=\"twitter:data1\" content=\"1 minut\" \/>\n<script type=\"application\/ld+json\" class=\"yoast-schema-graph\">{\"@context\":\"https:\\\/\\\/schema.org\",\"@graph\":[{\"@type\":\"WebPage\",\"@id\":\"https:\\\/\\\/wp.kristdemokraterna.se\\\/kdsenior\\\/om-oss\\\/material-att-ladda-ner\\\/\",\"url\":\"https:\\\/\\\/wp.kristdemokraterna.se\\\/kdsenior\\\/om-oss\\\/material-att-ladda-ner\\\/\",\"name\":\"Material att ladda ner - KD Senior\",\"isPartOf\":{\"@id\":\"https:\\\/\\\/wp.kristdemokraterna.se\\\/kdsenior\\\/#website\"},\"primaryImageOfPage\":{\"@id\":\"https:\\\/\\\/wp.kristdemokraterna.se\\\/kdsenior\\\/om-oss\\\/material-att-ladda-ner\\\/#primaryimage\"},\"image\":{\"@id\":\"https:\\\/\\\/wp.kristdemokraterna.se\\\/kdsenior\\\/om-oss\\\/material-att-ladda-ner\\\/#primaryimage\"},\"thumbnailUrl\":\"https:\\\/\\\/wp.kristdemokraterna.se\\\/kdsenior\\\/files\\\/2019\\\/01\\\/standard.png\",\"datePublished\":\"2012-06-07T08:55:14+00:00\",\"dateModified\":\"2025-10-08T08:38:54+00:00\",\"breadcrumb\":{\"@id\":\"https:\\\/\\\/wp.kristdemokraterna.se\\\/kdsenior\\\/om-oss\\\/material-att-ladda-ner\\\/#breadcrumb\"},\"inLanguage\":\"sv-SE\",\"potentialAction\":[{\"@type\":\"ReadAction\",\"target\":[\"https:\\\/\\\/wp.kristdemokraterna.se\\\/kdsenior\\\/om-oss\\\/material-att-ladda-ner\\\/\"]}]},{\"@type\":\"ImageObject\",\"inLanguage\":\"sv-SE\",\"@id\":\"https:\\\/\\\/wp.kristdemokraterna.se\\\/kdsenior\\\/om-oss\\\/material-att-ladda-ner\\\/#primaryimage\",\"url\":\"https:\\\/\\\/wp.kristdemokraterna.se\\\/kdsenior\\\/files\\\/2019\\\/01\\\/standard.png\",\"contentUrl\":\"https:\\\/\\\/wp.kristdemokraterna.se\\\/kdsenior\\\/files\\\/2019\\\/01\\\/standard.png\",\"width\":770,\"height\":390},{\"@type\":\"BreadcrumbList\",\"@id\":\"https:\\\/\\\/wp.kristdemokraterna.se\\\/kdsenior\\\/om-oss\\\/material-att-ladda-ner\\\/#breadcrumb\",\"itemListElement\":[{\"@type\":\"ListItem\",\"position\":1,\"name\":\"Hem\",\"item\":\"https:\\\/\\\/wp.kristdemokraterna.se\\\/kdsenior\\\/\"},{\"@type\":\"ListItem\",\"position\":2,\"name\":\"Kontakt och info\",\"item\":\"https:\\\/\\\/wp.kristdemokraterna.se\\\/kdsenior\\\/om-oss\\\/\"},{\"@type\":\"ListItem\",\"position\":3,\"name\":\"Material att ladda ner\"}]},{\"@type\":\"WebSite\",\"@id\":\"https:\\\/\\\/wp.kristdemokraterna.se\\\/kdsenior\\\/#website\",\"url\":\"https:\\\/\\\/wp.kristdemokraterna.se\\\/kdsenior\\\/\",\"name\":\"KD Senior\",\"description\":\"Seniorer h\u00e5ller ihop Sverige!\",\"inLanguage\":\"sv-SE\"}]}<\/script>\n<!-- \/ Yoast SEO plugin. -->","yoast_head_json":{"title":"Material att ladda ner - KD Senior","robots":{"index":"index","follow":"follow","max-snippet":"max-snippet:-1","max-image-preview":"max-image-preview:large","max-video-preview":"max-video-preview:-1"},"canonical":"https:\/\/wp.kristdemokraterna.se\/kdsenior\/om-oss\/material-att-ladda-ner\/","og_locale":"sv_SE","og_type":"article","og_title":"Material att ladda ner - KD Senior","og_description":"H\u00e4r hittar du tryckbara flygblad att ladda ner (klicka p\u00e5 de olika l\u00e4nkarna f\u00f6r att \u00f6ppna filerna och spara dem i din dator).\u00a0 Aktuella flygblad Flygbladen har samma baksida. Flygblad 1 &#8211; Tid f\u00f6r internationell konvention \u00e4ldres r\u00e4ttigheter. Seniordagen 1 oktober (A4) flygblad dubbelsidigt Flygblad 2 &#8211; ingen ska beh\u00f6va sluta le god munh\u00e4lsa A4-blad Read More","og_url":"https:\/\/wp.kristdemokraterna.se\/kdsenior\/om-oss\/material-att-ladda-ner\/","og_site_name":"KD Senior","article_modified_time":"2025-10-08T08:38:54+00:00","og_image":[{"width":566,"height":315,"url":"https:\/\/wp.kristdemokraterna.se\/kdsenior\/files\/2019\/09\/flygblad_2019_09_24.png","type":"image\/png"}],"twitter_card":"summary_large_image","twitter_misc":{"Ber\u00e4knad l\u00e4stid":"1 minut"},"schema":{"@context":"https:\/\/schema.org","@graph":[{"@type":"WebPage","@id":"https:\/\/wp.kristdemokraterna.se\/kdsenior\/om-oss\/material-att-ladda-ner\/","url":"https:\/\/wp.kristdemokraterna.se\/kdsenior\/om-oss\/material-att-ladda-ner\/","name":"Material att ladda ner - KD Senior","isPartOf":{"@id":"https:\/\/wp.kristdemokraterna.se\/kdsenior\/#website"},"primaryImageOfPage":{"@id":"https:\/\/wp.kristdemokraterna.se\/kdsenior\/om-oss\/material-att-ladda-ner\/#primaryimage"},"image":{"@id":"https:\/\/wp.kristdemokraterna.se\/kdsenior\/om-oss\/material-att-ladda-ner\/#primaryimage"},"thumbnailUrl":"https:\/\/wp.kristdemokraterna.se\/kdsenior\/files\/2019\/01\/standard.png","datePublished":"2012-06-07T08:55:14+00:00","dateModified":"2025-10-08T08:38:54+00:00","breadcrumb":{"@id":"https:\/\/wp.kristdemokraterna.se\/kdsenior\/om-oss\/material-att-ladda-ner\/#breadcrumb"},"inLanguage":"sv-SE","potentialAction":[{"@type":"ReadAction","target":["https:\/\/wp.kristdemokraterna.se\/kdsenior\/om-oss\/material-att-ladda-ner\/"]}]},{"@type":"ImageObject","inLanguage":"sv-SE","@id":"https:\/\/wp.kristdemokraterna.se\/kdsenior\/om-oss\/material-att-ladda-ner\/#primaryimage","url":"https:\/\/wp.kristdemokraterna.se\/kdsenior\/files\/2019\/01\/standard.png","contentUrl":"https:\/\/wp.kristdemokraterna.se\/kdsenior\/files\/2019\/01\/standard.png","width":770,"height":390},{"@type":"BreadcrumbList","@id":"https:\/\/wp.kristdemokraterna.se\/kdsenior\/om-oss\/material-att-ladda-ner\/#breadcrumb","itemListElement":[{"@type":"ListItem","position":1,"name":"Hem","item":"https:\/\/wp.kristdemokraterna.se\/kdsenior\/"},{"@type":"ListItem","position":2,"name":"Kontakt och info","item":"https:\/\/wp.kristdemokraterna.se\/kdsenior\/om-oss\/"},{"@type":"ListItem","position":3,"name":"Material att ladda ner"}]},{"@type":"WebSite","@id":"https:\/\/wp.kristdemokraterna.se\/kdsenior\/#website","url":"https:\/\/wp.kristdemokraterna.se\/kdsenior\/","name":"KD Senior","description":"Seniorer h\u00e5ller ihop Sverige!","inLanguage":"sv-SE"}]}},"_links":{"self":[{"href":"https:\/\/wp.kristdemokraterna.se\/kdsenior\/wp-json\/wp\/v2\/pages\/508","targetHints":{"allow":["GET"]}}],"collection":[{"href":"https:\/\/wp.kristdemokraterna.se\/kdsenior\/wp-json\/wp\/v2\/pages"}],"about":[{"href":"https:\/\/wp.kristdemokraterna.se\/kdsenior\/wp-json\/wp\/v2\/types\/page"}],"author":[{"embeddable":true,"href":"https:\/\/wp.kristdemokraterna.se\/kdsenior\/wp-json\/wp\/v2\/users\/819"}],"replies":[{"embeddable":true,"href":"https:\/\/wp.kristdemokraterna.se\/kdsenior\/wp-json\/wp\/v2\/comments?post=508"}],"version-history":[{"count":15,"href":"https:\/\/wp.kristdemokraterna.se\/kdsenior\/wp-json\/wp\/v2\/pages\/508\/revisions"}],"predecessor-version":[{"id":5782,"href":"https:\/\/wp.kristdemokraterna.se\/kdsenior\/wp-json\/wp\/v2\/pages\/508\/revisions\/5782"}],"up":[{"embeddable":true,"href":"https:\/\/wp.kristdemokraterna.se\/kdsenior\/wp-json\/wp\/v2\/pages\/4165"}],"wp:featuredmedia":[{"embeddable":true,"href":"https:\/\/wp.kristdemokraterna.se\/kdsenior\/wp-json\/wp\/v2\/media\/4278"}],"wp:attachment":[{"href":"https:\/\/wp.kristdemokraterna.se\/kdsenior\/wp-json\/wp\/v2\/media?parent=508"}],"curies":[{"name":"wp","href":"https:\/\/api.w.org\/{rel}","templated":true}]}}