{"id":5105,"date":"2022-06-03T20:48:13","date_gmt":"2022-06-03T18:48:13","guid":{"rendered":"https:\/\/wp.kristdemokraterna.se\/kdsenior\/?page_id=5105"},"modified":"2022-06-03T20:49:18","modified_gmt":"2022-06-03T18:49:18","slug":"ordforandebrev-december-2021","status":"publish","type":"page","link":"https:\/\/wp.kristdemokraterna.se\/kdsenior\/ordforandebrev-december-2021\/","title":{"rendered":"Ordf\u00f6randebrev"},"content":{"rendered":"<p><img loading=\"lazy\" decoding=\"async\" class=\"wp-image-4226 alignleft\" src=\"http:\/\/wp.kristdemokraterna.se\/kdsenior\/files\/2019\/01\/23795570_1186663854801143_467591031081437577_n-300x300.jpg\" alt=\"\" width=\"138\" height=\"138\" srcset=\"https:\/\/wp.kristdemokraterna.se\/kdsenior\/files\/2019\/01\/23795570_1186663854801143_467591031081437577_n-300x300.jpg 300w, https:\/\/wp.kristdemokraterna.se\/kdsenior\/files\/2019\/01\/23795570_1186663854801143_467591031081437577_n-150x150.jpg 150w, https:\/\/wp.kristdemokraterna.se\/kdsenior\/files\/2019\/01\/23795570_1186663854801143_467591031081437577_n-768x768.jpg 768w, https:\/\/wp.kristdemokraterna.se\/kdsenior\/files\/2019\/01\/23795570_1186663854801143_467591031081437577_n-200x200.jpg 200w, https:\/\/wp.kristdemokraterna.se\/kdsenior\/files\/2019\/01\/23795570_1186663854801143_467591031081437577_n-370x370.jpg 370w, https:\/\/wp.kristdemokraterna.se\/kdsenior\/files\/2019\/01\/23795570_1186663854801143_467591031081437577_n-90x90.jpg 90w, https:\/\/wp.kristdemokraterna.se\/kdsenior\/files\/2019\/01\/23795570_1186663854801143_467591031081437577_n-770x770.jpg 770w, https:\/\/wp.kristdemokraterna.se\/kdsenior\/files\/2019\/01\/23795570_1186663854801143_467591031081437577_n-450x450.jpg 450w, https:\/\/wp.kristdemokraterna.se\/kdsenior\/files\/2019\/01\/23795570_1186663854801143_467591031081437577_n-280x280.jpg 280w, https:\/\/wp.kristdemokraterna.se\/kdsenior\/files\/2019\/01\/23795570_1186663854801143_467591031081437577_n-340x340.jpg 340w, https:\/\/wp.kristdemokraterna.se\/kdsenior\/files\/2019\/01\/23795570_1186663854801143_467591031081437577_n-56x56.jpg 56w, https:\/\/wp.kristdemokraterna.se\/kdsenior\/files\/2019\/01\/23795570_1186663854801143_467591031081437577_n.jpg 960w\" sizes=\"auto, (max-width: 138px) 100vw, 138px\" \/><\/p>\n<p>&nbsp;<\/p>\n<h5>\u00a0 \u00a0 \u00a0 \u00a0 \u00a0 \u00a0 \u00a0 \u00a0 \u00a0 \u00a0 \u00a0 \u00a0 \u00a0 \u00a0 \u00a0 \u00a0 \u00a0 \u00a0 \u00a0 \u00a0 \u00a0 \u00a0 \u00a0 \u00a0 \u00a0 \u00a0 \u00a0 \u00a0 \u00a0 \u00a0 \u00a0 \u00a0 \u00a0 \u00a0 \u00a0 \u00a0 \u00a0 \u00a0 \u00a0 \u00a0 \u00a0 \u00a0 \u00a0 \u00a0 \u00a0 \u00a0 \u00a0 \u00a0 \u00a0 \u00a0 \u00a0 \u00a0 \u00a0 \u00a0 \u00a0 \u00a0 \u00a0 \u00a0 \u00a0 \u00a0 \u00a0 \u00a0 \u00a0 \u00a0 \u00a0 \u00a0 \u00a0 \u00a0 \u00a0 \u00a0 \u00a0 \u00a0 \u00a0 \u00a0 \u00a0 \u00a0 \u00a0 \u00a0 \u00a0 \u00a0 \u00a0 \u00a0 \u00a0 \u00a0 \u00a0 \u00a0 \u00a0 \u00a0 \u00a0 \u00a0 \u00a0 \u00a0 \u00a0 \u00a0 \u00a0 \u00a0 \u00a0 \u00a0 \u00a0 \u00a0 \u00a0 \u00a0 \u00a0 \u00a0 \u00a0 \u00a0 \u00a0 \u00a0 \u00a0 \u00a0 \u00a0 \u00a0 \u00a0 \u00a0 \u00a0 \u00a0 \u00a0 \u00a0 Juni 2022<\/h5>\n<p>&nbsp;<\/p>\n<p>&nbsp;<\/p>\n<h1>Politik med seniora \u00f6gon<\/h1>\n<p>B\u00e4sta Seniorv\u00e4n!<\/p>\n<p>Det \u00e4r en sp\u00e4nnande politisk tid nu. Efter sommaren kommer vi att ha ett viktigt val och d\u00e5 g\u00e4ller det att ett makthungrigt socialdemokratiskt parti f\u00e5r l\u00e4mna \u00f6ver Rosenbad till KD och M.<\/p>\n<p>Seniorerna \u00e4r en stor och viktig v\u00e4ljargrupp. KD Senior har ett helt\u00e4ckande politiskt program som svarar p\u00e5 de flesta fr\u00e5gor som seniorerna st\u00e4ller. Om du inte har programmet g\u00e5 d\u00e5 in p\u00e5 v\u00e5r hemsida kdsenior.se och ladda ned det. Om ett par veckor kommer vi ocks\u00e5 att publicera en l\u00e4tt redigering av programmet.<\/p>\n<p>De politiska v\u00e4nsterkrafterna drar sig inte f\u00f6r att k\u00f6pa r\u00f6ster inf\u00f6r valet. Har du en bensin-, diesel- eller eldriven bil och vare sig du anv\u00e4nder den eller ej kommer du att f\u00e5 en tusenlapp p\u00e5 ditt bankkonto. Skulle det vara s\u00e5 olyckligt att pensionsf\u00f6rslaget fr\u00e5n S, MP och V g\u00e5r igenom i riksdagen med hj\u00e4lp av C f\u00e5r du ocks\u00e5 en ytterligare en slant p\u00e5 banken.<\/p>\n<p>I KD Senior har vi under flera \u00e5r f\u00f6rs\u00f6kt att f\u00e5 upp pensionerna p\u00e5 den politiska agendan. Vi har motionerat p\u00e5 Riksting och vi har ordnat seminarier. Senast gjorde vi det p\u00e5 v\u00e5rt Seniorting i samband med KD-dagarna i Karlstad 31 mars. Av den presentation som partiledningen gjorde d\u00e5 f\u00f6rstod vi att en v\u00e4lbeh\u00f6vlig revidering av pensionsf\u00f6rslaget \u00e4r p\u00e5 g\u00e5ng. Ett robust och h\u00e5llbart pensionssystem skulle med KD:s f\u00f6rslag bli \u00e4nnu b\u00e4ttre f\u00f6r alla!<\/p>\n<p>KD Senior \u00e4r medlem i European Senior Union (ESU) som \u00e4r en gren av v\u00e5rt europeiska parti European People\u00b4s Party (EPP). I mitten av maj var jag inbjuden av ESU att p\u00e5 en nordisk\/baltisk konferens ber\u00e4tta om de svenska erfarenheterna av COVID-19-pandemin. Det fanns b\u00e5de positivt och negativt att rapportera. Coronakommissionens material ger ett bra underlag. Sl\u00e5ende \u00e4r framf\u00f6rallt regeringens handfallenhet och hur m\u00e5nga \u00e4ldre som i on\u00f6dan kom i kl\u00e4m.<\/p>\n<p>Inf\u00f6r valet i september rekommenderar jag parti-och seniordistrikten att best\u00e4lla v\u00e5rt seniorpolitiska program \u201dEn politik med seniora \u00f6gon\u201d och tidningen \u201dSeniorAktuellt\u201d. Det \u00e4r ett bra och informativt valmaterial. F\u00f6rbundssekreterare Maria Wilhelmson kommer att skicka ut praktisk information om best\u00e4llning.<\/p>\n<p>Till sist vill jag \u00f6nska dig och hela v\u00e5r v\u00e4xande medlemsskara en god och ljuv sommartid!<\/p>\n<p>&nbsp;<\/p>\n<p><img loading=\"lazy\" decoding=\"async\" class=\"alignnone wp-image-5244\" src=\"http:\/\/wp.kristdemokraterna.se\/kdsenior\/files\/2022\/02\/lars-molin-300x293.jpg\" alt=\"\" width=\"244\" height=\"238\" srcset=\"https:\/\/wp.kristdemokraterna.se\/kdsenior\/files\/2022\/02\/lars-molin-300x293.jpg 300w, https:\/\/wp.kristdemokraterna.se\/kdsenior\/files\/2022\/02\/lars-molin-205x200.jpg 205w, https:\/\/wp.kristdemokraterna.se\/kdsenior\/files\/2022\/02\/lars-molin-280x274.jpg 280w, https:\/\/wp.kristdemokraterna.se\/kdsenior\/files\/2022\/02\/lars-molin-200x196.jpg 200w, https:\/\/wp.kristdemokraterna.se\/kdsenior\/files\/2022\/02\/lars-molin-57x56.jpg 57w, https:\/\/wp.kristdemokraterna.se\/kdsenior\/files\/2022\/02\/lars-molin.jpg 316w\" sizes=\"auto, (max-width: 244px) 100vw, 244px\" \/><\/p>\n<p style=\"text-align: left\">Lars O. Molin<br \/>\nF\u00f6rbundsordf\u00f6rande<\/p>\n<p>&nbsp;<\/p>\n<p>&nbsp;<\/p>\n<p>&nbsp;<\/p>\n","protected":false},"excerpt":{"rendered":"<p>&nbsp; \u00a0 \u00a0 \u00a0 \u00a0 \u00a0 \u00a0 \u00a0 \u00a0 \u00a0 \u00a0 \u00a0 \u00a0 \u00a0 \u00a0 \u00a0 \u00a0 \u00a0 \u00a0 \u00a0 \u00a0 \u00a0 \u00a0 \u00a0 \u00a0 \u00a0 \u00a0 \u00a0 \u00a0 \u00a0 \u00a0 \u00a0 \u00a0 \u00a0 \u00a0 \u00a0 \u00a0 \u00a0 \u00a0 \u00a0 \u00a0 \u00a0 \u00a0 \u00a0 \u00a0 \u00a0 \u00a0 \u00a0 \u00a0 \u00a0 \u00a0 \u00a0 \u00a0 \u00a0 \u00a0 <a class=\"read-more-link\" href=\"https:\/\/wp.kristdemokraterna.se\/kdsenior\/ordforandebrev-december-2021\/\">Read More<\/a><\/p>\n","protected":false},"author":819,"featured_media":4278,"parent":0,"menu_order":0,"comment_status":"closed","ping_status":"closed","template":"","meta":{"_acf_changed":false,"footnotes":""},"class_list":["post-5105","page","type-page","status-publish","hentry"],"acf":[],"yoast_head":"<!-- This site is optimized with the Yoast SEO plugin v27.3 - https:\/\/yoast.com\/product\/yoast-seo-wordpress\/ -->\n<title>Ordf\u00f6randebrev - KD Senior<\/title>\n<meta name=\"robots\" content=\"index, follow, max-snippet:-1, max-image-preview:large, max-video-preview:-1\" \/>\n<link rel=\"canonical\" href=\"https:\/\/wp.kristdemokraterna.se\/kdsenior\/ordforandebrev-december-2021\/\" \/>\n<meta property=\"og:locale\" content=\"sv_SE\" \/>\n<meta property=\"og:type\" content=\"article\" \/>\n<meta property=\"og:title\" content=\"Ordf\u00f6randebrev - KD Senior\" \/>\n<meta property=\"og:description\" content=\"&nbsp; \u00a0 \u00a0 \u00a0 \u00a0 \u00a0 \u00a0 \u00a0 \u00a0 \u00a0 \u00a0 \u00a0 \u00a0 \u00a0 \u00a0 \u00a0 \u00a0 \u00a0 \u00a0 \u00a0 \u00a0 \u00a0 \u00a0 \u00a0 \u00a0 \u00a0 \u00a0 \u00a0 \u00a0 \u00a0 \u00a0 \u00a0 \u00a0 \u00a0 \u00a0 \u00a0 \u00a0 \u00a0 \u00a0 \u00a0 \u00a0 \u00a0 \u00a0 \u00a0 \u00a0 \u00a0 \u00a0 \u00a0 \u00a0 \u00a0 \u00a0 \u00a0 \u00a0 \u00a0 \u00a0 Read More\" \/>\n<meta property=\"og:url\" content=\"https:\/\/wp.kristdemokraterna.se\/kdsenior\/ordforandebrev-december-2021\/\" \/>\n<meta property=\"og:site_name\" content=\"KD Senior\" \/>\n<meta property=\"article:modified_time\" content=\"2022-06-03T18:49:18+00:00\" \/>\n<meta property=\"og:image\" content=\"http:\/\/wp.kristdemokraterna.se\/kdsenior\/files\/2019\/01\/23795570_1186663854801143_467591031081437577_n-300x300.jpg\" \/>\n<meta name=\"twitter:card\" content=\"summary_large_image\" \/>\n<meta name=\"twitter:label1\" content=\"Ber\u00e4knad l\u00e4stid\" \/>\n\t<meta name=\"twitter:data1\" content=\"3 minuter\" \/>\n<script type=\"application\/ld+json\" class=\"yoast-schema-graph\">{\"@context\":\"https:\\\/\\\/schema.org\",\"@graph\":[{\"@type\":\"WebPage\",\"@id\":\"https:\\\/\\\/wp.kristdemokraterna.se\\\/kdsenior\\\/ordforandebrev-december-2021\\\/\",\"url\":\"https:\\\/\\\/wp.kristdemokraterna.se\\\/kdsenior\\\/ordforandebrev-december-2021\\\/\",\"name\":\"Ordf\u00f6randebrev - KD Senior\",\"isPartOf\":{\"@id\":\"https:\\\/\\\/wp.kristdemokraterna.se\\\/kdsenior\\\/#website\"},\"primaryImageOfPage\":{\"@id\":\"https:\\\/\\\/wp.kristdemokraterna.se\\\/kdsenior\\\/ordforandebrev-december-2021\\\/#primaryimage\"},\"image\":{\"@id\":\"https:\\\/\\\/wp.kristdemokraterna.se\\\/kdsenior\\\/ordforandebrev-december-2021\\\/#primaryimage\"},\"thumbnailUrl\":\"https:\\\/\\\/wp.kristdemokraterna.se\\\/kdsenior\\\/files\\\/2019\\\/01\\\/standard.png\",\"datePublished\":\"2022-06-03T18:48:13+00:00\",\"dateModified\":\"2022-06-03T18:49:18+00:00\",\"breadcrumb\":{\"@id\":\"https:\\\/\\\/wp.kristdemokraterna.se\\\/kdsenior\\\/ordforandebrev-december-2021\\\/#breadcrumb\"},\"inLanguage\":\"sv-SE\",\"potentialAction\":[{\"@type\":\"ReadAction\",\"target\":[\"https:\\\/\\\/wp.kristdemokraterna.se\\\/kdsenior\\\/ordforandebrev-december-2021\\\/\"]}]},{\"@type\":\"ImageObject\",\"inLanguage\":\"sv-SE\",\"@id\":\"https:\\\/\\\/wp.kristdemokraterna.se\\\/kdsenior\\\/ordforandebrev-december-2021\\\/#primaryimage\",\"url\":\"https:\\\/\\\/wp.kristdemokraterna.se\\\/kdsenior\\\/files\\\/2019\\\/01\\\/standard.png\",\"contentUrl\":\"https:\\\/\\\/wp.kristdemokraterna.se\\\/kdsenior\\\/files\\\/2019\\\/01\\\/standard.png\",\"width\":770,\"height\":390},{\"@type\":\"BreadcrumbList\",\"@id\":\"https:\\\/\\\/wp.kristdemokraterna.se\\\/kdsenior\\\/ordforandebrev-december-2021\\\/#breadcrumb\",\"itemListElement\":[{\"@type\":\"ListItem\",\"position\":1,\"name\":\"Hem\",\"item\":\"https:\\\/\\\/wp.kristdemokraterna.se\\\/kdsenior\\\/\"},{\"@type\":\"ListItem\",\"position\":2,\"name\":\"Ordf\u00f6randebrev\"}]},{\"@type\":\"WebSite\",\"@id\":\"https:\\\/\\\/wp.kristdemokraterna.se\\\/kdsenior\\\/#website\",\"url\":\"https:\\\/\\\/wp.kristdemokraterna.se\\\/kdsenior\\\/\",\"name\":\"KD Senior\",\"description\":\"Seniorer h\u00e5ller ihop Sverige!\",\"inLanguage\":\"sv-SE\"}]}<\/script>\n<!-- \/ Yoast SEO plugin. -->","yoast_head_json":{"title":"Ordf\u00f6randebrev - KD Senior","robots":{"index":"index","follow":"follow","max-snippet":"max-snippet:-1","max-image-preview":"max-image-preview:large","max-video-preview":"max-video-preview:-1"},"canonical":"https:\/\/wp.kristdemokraterna.se\/kdsenior\/ordforandebrev-december-2021\/","og_locale":"sv_SE","og_type":"article","og_title":"Ordf\u00f6randebrev - KD Senior","og_description":"&nbsp; \u00a0 \u00a0 \u00a0 \u00a0 \u00a0 \u00a0 \u00a0 \u00a0 \u00a0 \u00a0 \u00a0 \u00a0 \u00a0 \u00a0 \u00a0 \u00a0 \u00a0 \u00a0 \u00a0 \u00a0 \u00a0 \u00a0 \u00a0 \u00a0 \u00a0 \u00a0 \u00a0 \u00a0 \u00a0 \u00a0 \u00a0 \u00a0 \u00a0 \u00a0 \u00a0 \u00a0 \u00a0 \u00a0 \u00a0 \u00a0 \u00a0 \u00a0 \u00a0 \u00a0 \u00a0 \u00a0 \u00a0 \u00a0 \u00a0 \u00a0 \u00a0 \u00a0 \u00a0 \u00a0 Read More","og_url":"https:\/\/wp.kristdemokraterna.se\/kdsenior\/ordforandebrev-december-2021\/","og_site_name":"KD Senior","article_modified_time":"2022-06-03T18:49:18+00:00","og_image":[{"url":"http:\/\/wp.kristdemokraterna.se\/kdsenior\/files\/2019\/01\/23795570_1186663854801143_467591031081437577_n-300x300.jpg","type":"","width":"","height":""}],"twitter_card":"summary_large_image","twitter_misc":{"Ber\u00e4knad l\u00e4stid":"3 minuter"},"schema":{"@context":"https:\/\/schema.org","@graph":[{"@type":"WebPage","@id":"https:\/\/wp.kristdemokraterna.se\/kdsenior\/ordforandebrev-december-2021\/","url":"https:\/\/wp.kristdemokraterna.se\/kdsenior\/ordforandebrev-december-2021\/","name":"Ordf\u00f6randebrev - KD Senior","isPartOf":{"@id":"https:\/\/wp.kristdemokraterna.se\/kdsenior\/#website"},"primaryImageOfPage":{"@id":"https:\/\/wp.kristdemokraterna.se\/kdsenior\/ordforandebrev-december-2021\/#primaryimage"},"image":{"@id":"https:\/\/wp.kristdemokraterna.se\/kdsenior\/ordforandebrev-december-2021\/#primaryimage"},"thumbnailUrl":"https:\/\/wp.kristdemokraterna.se\/kdsenior\/files\/2019\/01\/standard.png","datePublished":"2022-06-03T18:48:13+00:00","dateModified":"2022-06-03T18:49:18+00:00","breadcrumb":{"@id":"https:\/\/wp.kristdemokraterna.se\/kdsenior\/ordforandebrev-december-2021\/#breadcrumb"},"inLanguage":"sv-SE","potentialAction":[{"@type":"ReadAction","target":["https:\/\/wp.kristdemokraterna.se\/kdsenior\/ordforandebrev-december-2021\/"]}]},{"@type":"ImageObject","inLanguage":"sv-SE","@id":"https:\/\/wp.kristdemokraterna.se\/kdsenior\/ordforandebrev-december-2021\/#primaryimage","url":"https:\/\/wp.kristdemokraterna.se\/kdsenior\/files\/2019\/01\/standard.png","contentUrl":"https:\/\/wp.kristdemokraterna.se\/kdsenior\/files\/2019\/01\/standard.png","width":770,"height":390},{"@type":"BreadcrumbList","@id":"https:\/\/wp.kristdemokraterna.se\/kdsenior\/ordforandebrev-december-2021\/#breadcrumb","itemListElement":[{"@type":"ListItem","position":1,"name":"Hem","item":"https:\/\/wp.kristdemokraterna.se\/kdsenior\/"},{"@type":"ListItem","position":2,"name":"Ordf\u00f6randebrev"}]},{"@type":"WebSite","@id":"https:\/\/wp.kristdemokraterna.se\/kdsenior\/#website","url":"https:\/\/wp.kristdemokraterna.se\/kdsenior\/","name":"KD Senior","description":"Seniorer h\u00e5ller ihop Sverige!","inLanguage":"sv-SE"}]}},"_links":{"self":[{"href":"https:\/\/wp.kristdemokraterna.se\/kdsenior\/wp-json\/wp\/v2\/pages\/5105","targetHints":{"allow":["GET"]}}],"collection":[{"href":"https:\/\/wp.kristdemokraterna.se\/kdsenior\/wp-json\/wp\/v2\/pages"}],"about":[{"href":"https:\/\/wp.kristdemokraterna.se\/kdsenior\/wp-json\/wp\/v2\/types\/page"}],"author":[{"embeddable":true,"href":"https:\/\/wp.kristdemokraterna.se\/kdsenior\/wp-json\/wp\/v2\/users\/819"}],"replies":[{"embeddable":true,"href":"https:\/\/wp.kristdemokraterna.se\/kdsenior\/wp-json\/wp\/v2\/comments?post=5105"}],"version-history":[{"count":22,"href":"https:\/\/wp.kristdemokraterna.se\/kdsenior\/wp-json\/wp\/v2\/pages\/5105\/revisions"}],"predecessor-version":[{"id":5322,"href":"https:\/\/wp.kristdemokraterna.se\/kdsenior\/wp-json\/wp\/v2\/pages\/5105\/revisions\/5322"}],"wp:featuredmedia":[{"embeddable":true,"href":"https:\/\/wp.kristdemokraterna.se\/kdsenior\/wp-json\/wp\/v2\/media\/4278"}],"wp:attachment":[{"href":"https:\/\/wp.kristdemokraterna.se\/kdsenior\/wp-json\/wp\/v2\/media?parent=5105"}],"curies":[{"name":"wp","href":"https:\/\/api.w.org\/{rel}","templated":true}]}}