{"id":56,"date":"2016-04-27T14:00:07","date_gmt":"2016-04-27T12:00:07","guid":{"rendered":"http:\/\/wp.kristdemokraterna.se\/kdsenior\/?page_id=56"},"modified":"2025-02-25T18:25:44","modified_gmt":"2025-02-25T17:25:44","slug":"arsmote","status":"publish","type":"page","link":"https:\/\/wp.kristdemokraterna.se\/kdsenior\/om-oss\/arsmote\/","title":{"rendered":"Seniorting &#8211; \u00e5rsm\u00f6te"},"content":{"rendered":"<p>KD Senior h\u00e5ller varje \u00e5r Seniorting som \u00e4r f\u00f6rbundets h\u00f6gsta beslutande organ.<\/p>\n<p>N\u00e4sta Seniorting, \u00e5rsm\u00f6te,\u00a0 h\u00e5lls torsdagen den 3 april p\u00e5 Karlstad CCC med start kl 13.00<\/p>\n<p>Efter Seniortinget inbjuder f\u00f6rbundet till ett seminarium. Prioriteringsutredningen 30 \u00e5r &#8211; hur till\u00e4mpas principerna.<\/p>\n<p>&nbsp;<\/p>\n","protected":false},"excerpt":{"rendered":"<p>KD Senior h\u00e5ller varje \u00e5r Seniorting som \u00e4r f\u00f6rbundets h\u00f6gsta beslutande organ. N\u00e4sta Seniorting, \u00e5rsm\u00f6te,\u00a0 h\u00e5lls torsdagen den 3 april p\u00e5 Karlstad CCC med start kl 13.00 Efter Seniortinget inbjuder f\u00f6rbundet till ett seminarium. Prioriteringsutredningen 30 \u00e5r &#8211; hur till\u00e4mpas principerna. &nbsp;<\/p>\n","protected":false},"author":819,"featured_media":4278,"parent":4165,"menu_order":0,"comment_status":"closed","ping_status":"closed","template":"","meta":{"_acf_changed":false,"footnotes":""},"class_list":["post-56","page","type-page","status-publish","hentry"],"acf":[],"yoast_head":"<!-- This site is optimized with the Yoast SEO plugin v27.3 - https:\/\/yoast.com\/product\/yoast-seo-wordpress\/ -->\n<title>Seniorting - \u00e5rsm\u00f6te - KD Senior<\/title>\n<meta name=\"robots\" content=\"index, follow, max-snippet:-1, max-image-preview:large, max-video-preview:-1\" \/>\n<link rel=\"canonical\" href=\"https:\/\/wp.kristdemokraterna.se\/kdsenior\/om-oss\/arsmote\/\" \/>\n<meta property=\"og:locale\" content=\"sv_SE\" \/>\n<meta property=\"og:type\" content=\"article\" \/>\n<meta property=\"og:title\" content=\"Seniorting - \u00e5rsm\u00f6te - KD Senior\" \/>\n<meta property=\"og:description\" content=\"KD Senior h\u00e5ller varje \u00e5r Seniorting som \u00e4r f\u00f6rbundets h\u00f6gsta beslutande organ. N\u00e4sta Seniorting, \u00e5rsm\u00f6te,\u00a0 h\u00e5lls torsdagen den 3 april p\u00e5 Karlstad CCC med start kl 13.00 Efter Seniortinget inbjuder f\u00f6rbundet till ett seminarium. Prioriteringsutredningen 30 \u00e5r &#8211; hur till\u00e4mpas principerna. &nbsp;\" \/>\n<meta property=\"og:url\" content=\"https:\/\/wp.kristdemokraterna.se\/kdsenior\/om-oss\/arsmote\/\" \/>\n<meta property=\"og:site_name\" content=\"KD Senior\" \/>\n<meta property=\"article:modified_time\" content=\"2025-02-25T17:25:44+00:00\" \/>\n<meta name=\"twitter:card\" content=\"summary_large_image\" \/>\n<meta name=\"twitter:label1\" content=\"Ber\u00e4knad l\u00e4stid\" \/>\n\t<meta name=\"twitter:data1\" content=\"1 minut\" \/>\n<script type=\"application\/ld+json\" class=\"yoast-schema-graph\">{\"@context\":\"https:\\\/\\\/schema.org\",\"@graph\":[{\"@type\":\"WebPage\",\"@id\":\"https:\\\/\\\/wp.kristdemokraterna.se\\\/kdsenior\\\/om-oss\\\/arsmote\\\/\",\"url\":\"https:\\\/\\\/wp.kristdemokraterna.se\\\/kdsenior\\\/om-oss\\\/arsmote\\\/\",\"name\":\"Seniorting - \u00e5rsm\u00f6te - KD Senior\",\"isPartOf\":{\"@id\":\"https:\\\/\\\/wp.kristdemokraterna.se\\\/kdsenior\\\/#website\"},\"primaryImageOfPage\":{\"@id\":\"https:\\\/\\\/wp.kristdemokraterna.se\\\/kdsenior\\\/om-oss\\\/arsmote\\\/#primaryimage\"},\"image\":{\"@id\":\"https:\\\/\\\/wp.kristdemokraterna.se\\\/kdsenior\\\/om-oss\\\/arsmote\\\/#primaryimage\"},\"thumbnailUrl\":\"https:\\\/\\\/wp.kristdemokraterna.se\\\/kdsenior\\\/files\\\/2019\\\/01\\\/standard.png\",\"datePublished\":\"2016-04-27T12:00:07+00:00\",\"dateModified\":\"2025-02-25T17:25:44+00:00\",\"breadcrumb\":{\"@id\":\"https:\\\/\\\/wp.kristdemokraterna.se\\\/kdsenior\\\/om-oss\\\/arsmote\\\/#breadcrumb\"},\"inLanguage\":\"sv-SE\",\"potentialAction\":[{\"@type\":\"ReadAction\",\"target\":[\"https:\\\/\\\/wp.kristdemokraterna.se\\\/kdsenior\\\/om-oss\\\/arsmote\\\/\"]}]},{\"@type\":\"ImageObject\",\"inLanguage\":\"sv-SE\",\"@id\":\"https:\\\/\\\/wp.kristdemokraterna.se\\\/kdsenior\\\/om-oss\\\/arsmote\\\/#primaryimage\",\"url\":\"https:\\\/\\\/wp.kristdemokraterna.se\\\/kdsenior\\\/files\\\/2019\\\/01\\\/standard.png\",\"contentUrl\":\"https:\\\/\\\/wp.kristdemokraterna.se\\\/kdsenior\\\/files\\\/2019\\\/01\\\/standard.png\",\"width\":770,\"height\":390},{\"@type\":\"BreadcrumbList\",\"@id\":\"https:\\\/\\\/wp.kristdemokraterna.se\\\/kdsenior\\\/om-oss\\\/arsmote\\\/#breadcrumb\",\"itemListElement\":[{\"@type\":\"ListItem\",\"position\":1,\"name\":\"Hem\",\"item\":\"https:\\\/\\\/wp.kristdemokraterna.se\\\/kdsenior\\\/\"},{\"@type\":\"ListItem\",\"position\":2,\"name\":\"Kontakt och info\",\"item\":\"https:\\\/\\\/wp.kristdemokraterna.se\\\/kdsenior\\\/om-oss\\\/\"},{\"@type\":\"ListItem\",\"position\":3,\"name\":\"Seniorting &#8211; \u00e5rsm\u00f6te\"}]},{\"@type\":\"WebSite\",\"@id\":\"https:\\\/\\\/wp.kristdemokraterna.se\\\/kdsenior\\\/#website\",\"url\":\"https:\\\/\\\/wp.kristdemokraterna.se\\\/kdsenior\\\/\",\"name\":\"KD Senior\",\"description\":\"Seniorer h\u00e5ller ihop Sverige!\",\"inLanguage\":\"sv-SE\"}]}<\/script>\n<!-- \/ Yoast SEO plugin. -->","yoast_head_json":{"title":"Seniorting - \u00e5rsm\u00f6te - KD Senior","robots":{"index":"index","follow":"follow","max-snippet":"max-snippet:-1","max-image-preview":"max-image-preview:large","max-video-preview":"max-video-preview:-1"},"canonical":"https:\/\/wp.kristdemokraterna.se\/kdsenior\/om-oss\/arsmote\/","og_locale":"sv_SE","og_type":"article","og_title":"Seniorting - \u00e5rsm\u00f6te - KD Senior","og_description":"KD Senior h\u00e5ller varje \u00e5r Seniorting som \u00e4r f\u00f6rbundets h\u00f6gsta beslutande organ. N\u00e4sta Seniorting, \u00e5rsm\u00f6te,\u00a0 h\u00e5lls torsdagen den 3 april p\u00e5 Karlstad CCC med start kl 13.00 Efter Seniortinget inbjuder f\u00f6rbundet till ett seminarium. Prioriteringsutredningen 30 \u00e5r &#8211; hur till\u00e4mpas principerna. &nbsp;","og_url":"https:\/\/wp.kristdemokraterna.se\/kdsenior\/om-oss\/arsmote\/","og_site_name":"KD Senior","article_modified_time":"2025-02-25T17:25:44+00:00","twitter_card":"summary_large_image","twitter_misc":{"Ber\u00e4knad l\u00e4stid":"1 minut"},"schema":{"@context":"https:\/\/schema.org","@graph":[{"@type":"WebPage","@id":"https:\/\/wp.kristdemokraterna.se\/kdsenior\/om-oss\/arsmote\/","url":"https:\/\/wp.kristdemokraterna.se\/kdsenior\/om-oss\/arsmote\/","name":"Seniorting - \u00e5rsm\u00f6te - KD Senior","isPartOf":{"@id":"https:\/\/wp.kristdemokraterna.se\/kdsenior\/#website"},"primaryImageOfPage":{"@id":"https:\/\/wp.kristdemokraterna.se\/kdsenior\/om-oss\/arsmote\/#primaryimage"},"image":{"@id":"https:\/\/wp.kristdemokraterna.se\/kdsenior\/om-oss\/arsmote\/#primaryimage"},"thumbnailUrl":"https:\/\/wp.kristdemokraterna.se\/kdsenior\/files\/2019\/01\/standard.png","datePublished":"2016-04-27T12:00:07+00:00","dateModified":"2025-02-25T17:25:44+00:00","breadcrumb":{"@id":"https:\/\/wp.kristdemokraterna.se\/kdsenior\/om-oss\/arsmote\/#breadcrumb"},"inLanguage":"sv-SE","potentialAction":[{"@type":"ReadAction","target":["https:\/\/wp.kristdemokraterna.se\/kdsenior\/om-oss\/arsmote\/"]}]},{"@type":"ImageObject","inLanguage":"sv-SE","@id":"https:\/\/wp.kristdemokraterna.se\/kdsenior\/om-oss\/arsmote\/#primaryimage","url":"https:\/\/wp.kristdemokraterna.se\/kdsenior\/files\/2019\/01\/standard.png","contentUrl":"https:\/\/wp.kristdemokraterna.se\/kdsenior\/files\/2019\/01\/standard.png","width":770,"height":390},{"@type":"BreadcrumbList","@id":"https:\/\/wp.kristdemokraterna.se\/kdsenior\/om-oss\/arsmote\/#breadcrumb","itemListElement":[{"@type":"ListItem","position":1,"name":"Hem","item":"https:\/\/wp.kristdemokraterna.se\/kdsenior\/"},{"@type":"ListItem","position":2,"name":"Kontakt och info","item":"https:\/\/wp.kristdemokraterna.se\/kdsenior\/om-oss\/"},{"@type":"ListItem","position":3,"name":"Seniorting &#8211; \u00e5rsm\u00f6te"}]},{"@type":"WebSite","@id":"https:\/\/wp.kristdemokraterna.se\/kdsenior\/#website","url":"https:\/\/wp.kristdemokraterna.se\/kdsenior\/","name":"KD Senior","description":"Seniorer h\u00e5ller ihop Sverige!","inLanguage":"sv-SE"}]}},"_links":{"self":[{"href":"https:\/\/wp.kristdemokraterna.se\/kdsenior\/wp-json\/wp\/v2\/pages\/56","targetHints":{"allow":["GET"]}}],"collection":[{"href":"https:\/\/wp.kristdemokraterna.se\/kdsenior\/wp-json\/wp\/v2\/pages"}],"about":[{"href":"https:\/\/wp.kristdemokraterna.se\/kdsenior\/wp-json\/wp\/v2\/types\/page"}],"author":[{"embeddable":true,"href":"https:\/\/wp.kristdemokraterna.se\/kdsenior\/wp-json\/wp\/v2\/users\/819"}],"replies":[{"embeddable":true,"href":"https:\/\/wp.kristdemokraterna.se\/kdsenior\/wp-json\/wp\/v2\/comments?post=56"}],"version-history":[{"count":5,"href":"https:\/\/wp.kristdemokraterna.se\/kdsenior\/wp-json\/wp\/v2\/pages\/56\/revisions"}],"predecessor-version":[{"id":5712,"href":"https:\/\/wp.kristdemokraterna.se\/kdsenior\/wp-json\/wp\/v2\/pages\/56\/revisions\/5712"}],"up":[{"embeddable":true,"href":"https:\/\/wp.kristdemokraterna.se\/kdsenior\/wp-json\/wp\/v2\/pages\/4165"}],"wp:featuredmedia":[{"embeddable":true,"href":"https:\/\/wp.kristdemokraterna.se\/kdsenior\/wp-json\/wp\/v2\/media\/4278"}],"wp:attachment":[{"href":"https:\/\/wp.kristdemokraterna.se\/kdsenior\/wp-json\/wp\/v2\/media?parent=56"}],"curies":[{"name":"wp","href":"https:\/\/api.w.org\/{rel}","templated":true}]}}