{"id":64,"date":"2012-03-30T09:16:58","date_gmt":"2012-03-30T09:16:58","guid":{"rendered":"http:\/\/www.kdsenior.se\/?page_id=64"},"modified":"2024-12-16T17:33:27","modified_gmt":"2024-12-16T16:33:27","slug":"bli-medlem","status":"publish","type":"page","link":"https:\/\/wp.kristdemokraterna.se\/kdsenior\/bli-medlem\/","title":{"rendered":"Bli medlem"},"content":{"rendered":"<p>Klicka p\u00e5 nedanst\u00e5ende l\u00e4nk s\u00e5 kommer du till sidan f\u00f6r att registrera medlemskap i KD Senior.<\/p>\n<p>N\u00e4r du kommer till n\u00e4sta f\u00f6nster s\u00e5 har du tv\u00e5 alternativ, dels att kunna logga in genom att ange e-post och mobiltel (kr\u00e4ver sedan Bank-ID) eller att du klickar p\u00e5 den nedre l\u00e4nken i f\u00f6nstret och fyller i alla uppgifter i manuellt ans\u00f6kningsformul\u00e4r.<\/p>\n<p>Klicka h\u00e4r\u00a0 <a href=\"https:\/\/kristdemokraterna.se\/engagera-dig\/ansok-om-medlemskap-i-seniorforbundet\">Ans\u00f6k om medlemskap i Seniorf\u00f6rbundet | Kristdemokraterna<\/a><\/p>\n","protected":false},"excerpt":{"rendered":"<p>Klicka p\u00e5 nedanst\u00e5ende l\u00e4nk s\u00e5 kommer du till sidan f\u00f6r att registrera medlemskap i KD Senior. N\u00e4r du kommer till n\u00e4sta f\u00f6nster s\u00e5 har du tv\u00e5 alternativ, dels att kunna logga in genom att ange e-post och mobiltel (kr\u00e4ver sedan Bank-ID) eller att du klickar p\u00e5 den nedre l\u00e4nken i f\u00f6nstret och fyller i alla <a class=\"read-more-link\" href=\"https:\/\/wp.kristdemokraterna.se\/kdsenior\/bli-medlem\/\">Read More<\/a><\/p>\n","protected":false},"author":819,"featured_media":4278,"parent":0,"menu_order":6,"comment_status":"closed","ping_status":"closed","template":"","meta":{"_acf_changed":false,"footnotes":""},"class_list":["post-64","page","type-page","status-publish","hentry"],"acf":[],"yoast_head":"<!-- This site is optimized with the Yoast SEO plugin v27.4 - https:\/\/yoast.com\/product\/yoast-seo-wordpress\/ -->\n<title>Bli medlem - KD Senior<\/title>\n<meta name=\"robots\" content=\"index, follow, max-snippet:-1, max-image-preview:large, max-video-preview:-1\" \/>\n<link rel=\"canonical\" href=\"https:\/\/wp.kristdemokraterna.se\/kdsenior\/bli-medlem\/\" \/>\n<meta property=\"og:locale\" content=\"sv_SE\" \/>\n<meta property=\"og:type\" content=\"article\" \/>\n<meta property=\"og:title\" content=\"Bli medlem - KD Senior\" \/>\n<meta property=\"og:description\" content=\"Klicka p\u00e5 nedanst\u00e5ende l\u00e4nk s\u00e5 kommer du till sidan f\u00f6r att registrera medlemskap i KD Senior. N\u00e4r du kommer till n\u00e4sta f\u00f6nster s\u00e5 har du tv\u00e5 alternativ, dels att kunna logga in genom att ange e-post och mobiltel (kr\u00e4ver sedan Bank-ID) eller att du klickar p\u00e5 den nedre l\u00e4nken i f\u00f6nstret och fyller i alla Read More\" \/>\n<meta property=\"og:url\" content=\"https:\/\/wp.kristdemokraterna.se\/kdsenior\/bli-medlem\/\" \/>\n<meta property=\"og:site_name\" content=\"KD Senior\" \/>\n<meta property=\"article:modified_time\" content=\"2024-12-16T16:33:27+00:00\" \/>\n<meta name=\"twitter:card\" content=\"summary_large_image\" \/>\n<meta name=\"twitter:label1\" content=\"Ber\u00e4knad l\u00e4stid\" \/>\n\t<meta name=\"twitter:data1\" content=\"1 minut\" \/>\n<script type=\"application\/ld+json\" class=\"yoast-schema-graph\">{\"@context\":\"https:\\\/\\\/schema.org\",\"@graph\":[{\"@type\":\"WebPage\",\"@id\":\"https:\\\/\\\/wp.kristdemokraterna.se\\\/kdsenior\\\/bli-medlem\\\/\",\"url\":\"https:\\\/\\\/wp.kristdemokraterna.se\\\/kdsenior\\\/bli-medlem\\\/\",\"name\":\"Bli medlem - KD Senior\",\"isPartOf\":{\"@id\":\"https:\\\/\\\/wp.kristdemokraterna.se\\\/kdsenior\\\/#website\"},\"primaryImageOfPage\":{\"@id\":\"https:\\\/\\\/wp.kristdemokraterna.se\\\/kdsenior\\\/bli-medlem\\\/#primaryimage\"},\"image\":{\"@id\":\"https:\\\/\\\/wp.kristdemokraterna.se\\\/kdsenior\\\/bli-medlem\\\/#primaryimage\"},\"thumbnailUrl\":\"https:\\\/\\\/wp.kristdemokraterna.se\\\/kdsenior\\\/files\\\/2019\\\/01\\\/standard.png\",\"datePublished\":\"2012-03-30T09:16:58+00:00\",\"dateModified\":\"2024-12-16T16:33:27+00:00\",\"breadcrumb\":{\"@id\":\"https:\\\/\\\/wp.kristdemokraterna.se\\\/kdsenior\\\/bli-medlem\\\/#breadcrumb\"},\"inLanguage\":\"sv-SE\",\"potentialAction\":[{\"@type\":\"ReadAction\",\"target\":[\"https:\\\/\\\/wp.kristdemokraterna.se\\\/kdsenior\\\/bli-medlem\\\/\"]}]},{\"@type\":\"ImageObject\",\"inLanguage\":\"sv-SE\",\"@id\":\"https:\\\/\\\/wp.kristdemokraterna.se\\\/kdsenior\\\/bli-medlem\\\/#primaryimage\",\"url\":\"https:\\\/\\\/wp.kristdemokraterna.se\\\/kdsenior\\\/files\\\/2019\\\/01\\\/standard.png\",\"contentUrl\":\"https:\\\/\\\/wp.kristdemokraterna.se\\\/kdsenior\\\/files\\\/2019\\\/01\\\/standard.png\",\"width\":770,\"height\":390},{\"@type\":\"BreadcrumbList\",\"@id\":\"https:\\\/\\\/wp.kristdemokraterna.se\\\/kdsenior\\\/bli-medlem\\\/#breadcrumb\",\"itemListElement\":[{\"@type\":\"ListItem\",\"position\":1,\"name\":\"Hem\",\"item\":\"https:\\\/\\\/wp.kristdemokraterna.se\\\/kdsenior\\\/\"},{\"@type\":\"ListItem\",\"position\":2,\"name\":\"Bli medlem\"}]},{\"@type\":\"WebSite\",\"@id\":\"https:\\\/\\\/wp.kristdemokraterna.se\\\/kdsenior\\\/#website\",\"url\":\"https:\\\/\\\/wp.kristdemokraterna.se\\\/kdsenior\\\/\",\"name\":\"KD Senior\",\"description\":\"Seniorer h\u00e5ller ihop Sverige!\",\"inLanguage\":\"sv-SE\"}]}<\/script>\n<!-- \/ Yoast SEO plugin. -->","yoast_head_json":{"title":"Bli medlem - KD Senior","robots":{"index":"index","follow":"follow","max-snippet":"max-snippet:-1","max-image-preview":"max-image-preview:large","max-video-preview":"max-video-preview:-1"},"canonical":"https:\/\/wp.kristdemokraterna.se\/kdsenior\/bli-medlem\/","og_locale":"sv_SE","og_type":"article","og_title":"Bli medlem - KD Senior","og_description":"Klicka p\u00e5 nedanst\u00e5ende l\u00e4nk s\u00e5 kommer du till sidan f\u00f6r att registrera medlemskap i KD Senior. N\u00e4r du kommer till n\u00e4sta f\u00f6nster s\u00e5 har du tv\u00e5 alternativ, dels att kunna logga in genom att ange e-post och mobiltel (kr\u00e4ver sedan Bank-ID) eller att du klickar p\u00e5 den nedre l\u00e4nken i f\u00f6nstret och fyller i alla Read More","og_url":"https:\/\/wp.kristdemokraterna.se\/kdsenior\/bli-medlem\/","og_site_name":"KD Senior","article_modified_time":"2024-12-16T16:33:27+00:00","twitter_card":"summary_large_image","twitter_misc":{"Ber\u00e4knad l\u00e4stid":"1 minut"},"schema":{"@context":"https:\/\/schema.org","@graph":[{"@type":"WebPage","@id":"https:\/\/wp.kristdemokraterna.se\/kdsenior\/bli-medlem\/","url":"https:\/\/wp.kristdemokraterna.se\/kdsenior\/bli-medlem\/","name":"Bli medlem - KD Senior","isPartOf":{"@id":"https:\/\/wp.kristdemokraterna.se\/kdsenior\/#website"},"primaryImageOfPage":{"@id":"https:\/\/wp.kristdemokraterna.se\/kdsenior\/bli-medlem\/#primaryimage"},"image":{"@id":"https:\/\/wp.kristdemokraterna.se\/kdsenior\/bli-medlem\/#primaryimage"},"thumbnailUrl":"https:\/\/wp.kristdemokraterna.se\/kdsenior\/files\/2019\/01\/standard.png","datePublished":"2012-03-30T09:16:58+00:00","dateModified":"2024-12-16T16:33:27+00:00","breadcrumb":{"@id":"https:\/\/wp.kristdemokraterna.se\/kdsenior\/bli-medlem\/#breadcrumb"},"inLanguage":"sv-SE","potentialAction":[{"@type":"ReadAction","target":["https:\/\/wp.kristdemokraterna.se\/kdsenior\/bli-medlem\/"]}]},{"@type":"ImageObject","inLanguage":"sv-SE","@id":"https:\/\/wp.kristdemokraterna.se\/kdsenior\/bli-medlem\/#primaryimage","url":"https:\/\/wp.kristdemokraterna.se\/kdsenior\/files\/2019\/01\/standard.png","contentUrl":"https:\/\/wp.kristdemokraterna.se\/kdsenior\/files\/2019\/01\/standard.png","width":770,"height":390},{"@type":"BreadcrumbList","@id":"https:\/\/wp.kristdemokraterna.se\/kdsenior\/bli-medlem\/#breadcrumb","itemListElement":[{"@type":"ListItem","position":1,"name":"Hem","item":"https:\/\/wp.kristdemokraterna.se\/kdsenior\/"},{"@type":"ListItem","position":2,"name":"Bli medlem"}]},{"@type":"WebSite","@id":"https:\/\/wp.kristdemokraterna.se\/kdsenior\/#website","url":"https:\/\/wp.kristdemokraterna.se\/kdsenior\/","name":"KD Senior","description":"Seniorer h\u00e5ller ihop Sverige!","inLanguage":"sv-SE"}]}},"_links":{"self":[{"href":"https:\/\/wp.kristdemokraterna.se\/kdsenior\/wp-json\/wp\/v2\/pages\/64","targetHints":{"allow":["GET"]}}],"collection":[{"href":"https:\/\/wp.kristdemokraterna.se\/kdsenior\/wp-json\/wp\/v2\/pages"}],"about":[{"href":"https:\/\/wp.kristdemokraterna.se\/kdsenior\/wp-json\/wp\/v2\/types\/page"}],"author":[{"embeddable":true,"href":"https:\/\/wp.kristdemokraterna.se\/kdsenior\/wp-json\/wp\/v2\/users\/819"}],"replies":[{"embeddable":true,"href":"https:\/\/wp.kristdemokraterna.se\/kdsenior\/wp-json\/wp\/v2\/comments?post=64"}],"version-history":[{"count":2,"href":"https:\/\/wp.kristdemokraterna.se\/kdsenior\/wp-json\/wp\/v2\/pages\/64\/revisions"}],"predecessor-version":[{"id":5556,"href":"https:\/\/wp.kristdemokraterna.se\/kdsenior\/wp-json\/wp\/v2\/pages\/64\/revisions\/5556"}],"wp:featuredmedia":[{"embeddable":true,"href":"https:\/\/wp.kristdemokraterna.se\/kdsenior\/wp-json\/wp\/v2\/media\/4278"}],"wp:attachment":[{"href":"https:\/\/wp.kristdemokraterna.se\/kdsenior\/wp-json\/wp\/v2\/media?parent=64"}],"curies":[{"name":"wp","href":"https:\/\/api.w.org\/{rel}","templated":true}]}}