{"id":368,"date":"2021-09-14T16:44:15","date_gmt":"2021-09-14T14:44:15","guid":{"rendered":"https:\/\/wp.kristdemokraterna.se\/kdseniorstockholm\/?page_id=368"},"modified":"2021-09-28T18:17:02","modified_gmt":"2021-09-28T16:17:02","slug":"om-kristdemokraterna","status":"publish","type":"page","link":"https:\/\/wp.kristdemokraterna.se\/kdseniorstockholm\/startsida\/textsida-fullbredd\/om-kristdemokraterna\/","title":{"rendered":"Om oss"},"content":{"rendered":"<p><a href=\"https:\/\/wp.kristdemokraterna.se\/kdseniorstockholm\/files\/2021\/09\/bnegt-hellstrom.jpg\"><img loading=\"lazy\" decoding=\"async\" class=\"alignnone size-medium wp-image-606\" src=\"https:\/\/wp.kristdemokraterna.se\/kdseniorstockholm\/files\/2021\/09\/bnegt-hellstrom-207x300.jpg\" alt=\"\" width=\"207\" height=\"300\" \/><\/a><\/p>\n<p>V\u00e4lkommen till KD Senior<\/p>\n<p>Hej! Jag heter Bengt Hellstr\u00f6m och \u00e4r ordf\u00f6rande f\u00f6r KD Senior Stockholm stad och l\u00e4n. Vi i f\u00f6rbundet bevakar att l\u00f6ften fr\u00e5n v\u00e5ra politiker infrias s\u00e5 att seniorerna ska vara trygga i stad och l\u00e4n, och att v\u00e5rden i alla dess delar fungerar v\u00e4l.<\/p>\n<p>Husl\u00e4kare, hemsjukv\u00e5rd och geriatrik ska samverka i ett v\u00e4l sammanh\u00e5llet n\u00e4tverk och tillg\u00e5ngen till \u00e4ldre psykiatrisk v\u00e5rd skall vara god.<\/p>\n<p>Vi vill att det skall finnas s\u00e4rskilda seniormottagningar med bred kompetens i alla kommuner.<\/p>\n<p>N\u00e4r vi m\u00e4nniskor m\u00f6ts, oavsett bakgrund , \u00e5lder och k\u00f6n s\u00e5 ska vi bem\u00f6ta varandra med respekt och omtanke. Det \u00e4r ett signum f\u00f6r mig i mina grundl\u00e4ggande v\u00e4rderingar.<\/p>\n<p>Som nybliven pension\u00e4r har jag fullt upp, och driver en h\u00e4stg\u00e5rd med min familj.<\/p>\n<p>V\u00e4l m\u00f6tt!<\/p>\n<p>Bengt Hellstr\u00f6m<\/p>\n<p>Ordf\u00f6rande KD Senior Stockholm stad och l\u00e4n<\/p>\n","protected":false},"excerpt":{"rendered":"<p>V\u00e4lkommen till KD Senior Hej! Jag heter Bengt Hellstr\u00f6m och \u00e4r ordf\u00f6rande f\u00f6r KD Senior Stockholm stad och l\u00e4n. Vi i f\u00f6rbundet bevakar att l\u00f6ften fr\u00e5n v\u00e5ra politiker infrias s\u00e5 att seniorerna ska vara trygga i stad och l\u00e4n, och att v\u00e5rden i alla dess delar fungerar v\u00e4l. Husl\u00e4kare, hemsjukv\u00e5rd och geriatrik ska samverka i <a class=\"read-more-link\" href=\"https:\/\/wp.kristdemokraterna.se\/kdseniorstockholm\/startsida\/textsida-fullbredd\/om-kristdemokraterna\/\">L\u00e4s mer<\/a><\/p>\n","protected":false},"author":2,"featured_media":0,"parent":272,"menu_order":0,"comment_status":"closed","ping_status":"closed","template":"page.php","meta":{"_acf_changed":false,"footnotes":""},"class_list":["post-368","page","type-page","status-publish","hentry"],"acf":[],"yoast_head":"<!-- This site is optimized with the Yoast SEO plugin v27.4 - https:\/\/yoast.com\/product\/yoast-seo-wordpress\/ -->\n<title>Om oss - KDSenior | Stockholm stad &amp; l\u00e4n<\/title>\n<meta name=\"robots\" content=\"index, follow, max-snippet:-1, max-image-preview:large, max-video-preview:-1\" \/>\n<link rel=\"canonical\" href=\"https:\/\/wp.kristdemokraterna.se\/kdseniorstockholm\/startsida\/textsida-fullbredd\/om-kristdemokraterna\/\" \/>\n<meta property=\"og:locale\" content=\"sv_SE\" \/>\n<meta property=\"og:type\" content=\"article\" \/>\n<meta property=\"og:title\" content=\"Om oss - KDSenior | Stockholm stad &amp; l\u00e4n\" \/>\n<meta property=\"og:description\" content=\"V\u00e4lkommen till KD Senior Hej! Jag heter Bengt Hellstr\u00f6m och \u00e4r ordf\u00f6rande f\u00f6r KD Senior Stockholm stad och l\u00e4n. Vi i f\u00f6rbundet bevakar att l\u00f6ften fr\u00e5n v\u00e5ra politiker infrias s\u00e5 att seniorerna ska vara trygga i stad och l\u00e4n, och att v\u00e5rden i alla dess delar fungerar v\u00e4l. Husl\u00e4kare, hemsjukv\u00e5rd och geriatrik ska samverka i L\u00e4s mer\" \/>\n<meta property=\"og:url\" content=\"https:\/\/wp.kristdemokraterna.se\/kdseniorstockholm\/startsida\/textsida-fullbredd\/om-kristdemokraterna\/\" \/>\n<meta property=\"og:site_name\" content=\"KDSenior | Stockholm stad &amp; l\u00e4n\" \/>\n<meta property=\"article:modified_time\" content=\"2021-09-28T16:17:02+00:00\" \/>\n<meta property=\"og:image\" content=\"https:\/\/wp.kristdemokraterna.se\/kdseniorstockholm\/files\/2021\/09\/bnegt-hellstrom-207x300.jpg\" \/>\n<meta name=\"twitter:card\" content=\"summary_large_image\" \/>\n<meta name=\"twitter:label1\" content=\"Ber\u00e4knad l\u00e4stid\" \/>\n\t<meta name=\"twitter:data1\" content=\"1 minut\" \/>\n<script type=\"application\/ld+json\" class=\"yoast-schema-graph\">{\"@context\":\"https:\\\/\\\/schema.org\",\"@graph\":[{\"@type\":\"WebPage\",\"@id\":\"https:\\\/\\\/wp.kristdemokraterna.se\\\/kdseniorstockholm\\\/startsida\\\/textsida-fullbredd\\\/om-kristdemokraterna\\\/\",\"url\":\"https:\\\/\\\/wp.kristdemokraterna.se\\\/kdseniorstockholm\\\/startsida\\\/textsida-fullbredd\\\/om-kristdemokraterna\\\/\",\"name\":\"Om oss - KDSenior | Stockholm stad &amp; l\u00e4n\",\"isPartOf\":{\"@id\":\"https:\\\/\\\/wp.kristdemokraterna.se\\\/kdseniorstockholm\\\/#website\"},\"primaryImageOfPage\":{\"@id\":\"https:\\\/\\\/wp.kristdemokraterna.se\\\/kdseniorstockholm\\\/startsida\\\/textsida-fullbredd\\\/om-kristdemokraterna\\\/#primaryimage\"},\"image\":{\"@id\":\"https:\\\/\\\/wp.kristdemokraterna.se\\\/kdseniorstockholm\\\/startsida\\\/textsida-fullbredd\\\/om-kristdemokraterna\\\/#primaryimage\"},\"thumbnailUrl\":\"https:\\\/\\\/wp.kristdemokraterna.se\\\/kdseniorstockholm\\\/files\\\/2021\\\/09\\\/bnegt-hellstrom-207x300.jpg\",\"datePublished\":\"2021-09-14T14:44:15+00:00\",\"dateModified\":\"2021-09-28T16:17:02+00:00\",\"breadcrumb\":{\"@id\":\"https:\\\/\\\/wp.kristdemokraterna.se\\\/kdseniorstockholm\\\/startsida\\\/textsida-fullbredd\\\/om-kristdemokraterna\\\/#breadcrumb\"},\"inLanguage\":\"sv-SE\",\"potentialAction\":[{\"@type\":\"ReadAction\",\"target\":[\"https:\\\/\\\/wp.kristdemokraterna.se\\\/kdseniorstockholm\\\/startsida\\\/textsida-fullbredd\\\/om-kristdemokraterna\\\/\"]}]},{\"@type\":\"ImageObject\",\"inLanguage\":\"sv-SE\",\"@id\":\"https:\\\/\\\/wp.kristdemokraterna.se\\\/kdseniorstockholm\\\/startsida\\\/textsida-fullbredd\\\/om-kristdemokraterna\\\/#primaryimage\",\"url\":\"\",\"contentUrl\":\"\"},{\"@type\":\"BreadcrumbList\",\"@id\":\"https:\\\/\\\/wp.kristdemokraterna.se\\\/kdseniorstockholm\\\/startsida\\\/textsida-fullbredd\\\/om-kristdemokraterna\\\/#breadcrumb\",\"itemListElement\":[{\"@type\":\"ListItem\",\"position\":1,\"name\":\"Hem\",\"item\":\"https:\\\/\\\/wp.kristdemokraterna.se\\\/kdseniorstockholm\\\/\"},{\"@type\":\"ListItem\",\"position\":2,\"name\":\"Startsida\",\"item\":\"https:\\\/\\\/wp.kristdemokraterna.se\\\/kdseniorstockholm\\\/\"},{\"@type\":\"ListItem\",\"position\":3,\"name\":\"Vad vi st\u00e5r f\u00f6r!\",\"item\":\"https:\\\/\\\/wp.kristdemokraterna.se\\\/kdseniorstockholm\\\/startsida\\\/textsida-fullbredd\\\/\"},{\"@type\":\"ListItem\",\"position\":4,\"name\":\"Om oss\"}]},{\"@type\":\"WebSite\",\"@id\":\"https:\\\/\\\/wp.kristdemokraterna.se\\\/kdseniorstockholm\\\/#website\",\"url\":\"https:\\\/\\\/wp.kristdemokraterna.se\\\/kdseniorstockholm\\\/\",\"name\":\"KDSenior | Stockholm stad &amp; l\u00e4n\",\"description\":\"En till Kristdemokraterna webbplats\",\"inLanguage\":\"sv-SE\"}]}<\/script>\n<!-- \/ Yoast SEO plugin. -->","yoast_head_json":{"title":"Om oss - KDSenior | Stockholm stad &amp; l\u00e4n","robots":{"index":"index","follow":"follow","max-snippet":"max-snippet:-1","max-image-preview":"max-image-preview:large","max-video-preview":"max-video-preview:-1"},"canonical":"https:\/\/wp.kristdemokraterna.se\/kdseniorstockholm\/startsida\/textsida-fullbredd\/om-kristdemokraterna\/","og_locale":"sv_SE","og_type":"article","og_title":"Om oss - KDSenior | Stockholm stad &amp; l\u00e4n","og_description":"V\u00e4lkommen till KD Senior Hej! Jag heter Bengt Hellstr\u00f6m och \u00e4r ordf\u00f6rande f\u00f6r KD Senior Stockholm stad och l\u00e4n. Vi i f\u00f6rbundet bevakar att l\u00f6ften fr\u00e5n v\u00e5ra politiker infrias s\u00e5 att seniorerna ska vara trygga i stad och l\u00e4n, och att v\u00e5rden i alla dess delar fungerar v\u00e4l. Husl\u00e4kare, hemsjukv\u00e5rd och geriatrik ska samverka i L\u00e4s mer","og_url":"https:\/\/wp.kristdemokraterna.se\/kdseniorstockholm\/startsida\/textsida-fullbredd\/om-kristdemokraterna\/","og_site_name":"KDSenior | Stockholm stad &amp; l\u00e4n","article_modified_time":"2021-09-28T16:17:02+00:00","og_image":[{"url":"https:\/\/wp.kristdemokraterna.se\/kdseniorstockholm\/files\/2021\/09\/bnegt-hellstrom-207x300.jpg","type":"","width":"","height":""}],"twitter_card":"summary_large_image","twitter_misc":{"Ber\u00e4knad l\u00e4stid":"1 minut"},"schema":{"@context":"https:\/\/schema.org","@graph":[{"@type":"WebPage","@id":"https:\/\/wp.kristdemokraterna.se\/kdseniorstockholm\/startsida\/textsida-fullbredd\/om-kristdemokraterna\/","url":"https:\/\/wp.kristdemokraterna.se\/kdseniorstockholm\/startsida\/textsida-fullbredd\/om-kristdemokraterna\/","name":"Om oss - KDSenior | Stockholm stad &amp; l\u00e4n","isPartOf":{"@id":"https:\/\/wp.kristdemokraterna.se\/kdseniorstockholm\/#website"},"primaryImageOfPage":{"@id":"https:\/\/wp.kristdemokraterna.se\/kdseniorstockholm\/startsida\/textsida-fullbredd\/om-kristdemokraterna\/#primaryimage"},"image":{"@id":"https:\/\/wp.kristdemokraterna.se\/kdseniorstockholm\/startsida\/textsida-fullbredd\/om-kristdemokraterna\/#primaryimage"},"thumbnailUrl":"https:\/\/wp.kristdemokraterna.se\/kdseniorstockholm\/files\/2021\/09\/bnegt-hellstrom-207x300.jpg","datePublished":"2021-09-14T14:44:15+00:00","dateModified":"2021-09-28T16:17:02+00:00","breadcrumb":{"@id":"https:\/\/wp.kristdemokraterna.se\/kdseniorstockholm\/startsida\/textsida-fullbredd\/om-kristdemokraterna\/#breadcrumb"},"inLanguage":"sv-SE","potentialAction":[{"@type":"ReadAction","target":["https:\/\/wp.kristdemokraterna.se\/kdseniorstockholm\/startsida\/textsida-fullbredd\/om-kristdemokraterna\/"]}]},{"@type":"ImageObject","inLanguage":"sv-SE","@id":"https:\/\/wp.kristdemokraterna.se\/kdseniorstockholm\/startsida\/textsida-fullbredd\/om-kristdemokraterna\/#primaryimage","url":"","contentUrl":""},{"@type":"BreadcrumbList","@id":"https:\/\/wp.kristdemokraterna.se\/kdseniorstockholm\/startsida\/textsida-fullbredd\/om-kristdemokraterna\/#breadcrumb","itemListElement":[{"@type":"ListItem","position":1,"name":"Hem","item":"https:\/\/wp.kristdemokraterna.se\/kdseniorstockholm\/"},{"@type":"ListItem","position":2,"name":"Startsida","item":"https:\/\/wp.kristdemokraterna.se\/kdseniorstockholm\/"},{"@type":"ListItem","position":3,"name":"Vad vi st\u00e5r f\u00f6r!","item":"https:\/\/wp.kristdemokraterna.se\/kdseniorstockholm\/startsida\/textsida-fullbredd\/"},{"@type":"ListItem","position":4,"name":"Om oss"}]},{"@type":"WebSite","@id":"https:\/\/wp.kristdemokraterna.se\/kdseniorstockholm\/#website","url":"https:\/\/wp.kristdemokraterna.se\/kdseniorstockholm\/","name":"KDSenior | Stockholm stad &amp; l\u00e4n","description":"En till Kristdemokraterna webbplats","inLanguage":"sv-SE"}]}},"_links":{"self":[{"href":"https:\/\/wp.kristdemokraterna.se\/kdseniorstockholm\/wp-json\/wp\/v2\/pages\/368","targetHints":{"allow":["GET"]}}],"collection":[{"href":"https:\/\/wp.kristdemokraterna.se\/kdseniorstockholm\/wp-json\/wp\/v2\/pages"}],"about":[{"href":"https:\/\/wp.kristdemokraterna.se\/kdseniorstockholm\/wp-json\/wp\/v2\/types\/page"}],"author":[{"embeddable":true,"href":"https:\/\/wp.kristdemokraterna.se\/kdseniorstockholm\/wp-json\/wp\/v2\/users\/2"}],"replies":[{"embeddable":true,"href":"https:\/\/wp.kristdemokraterna.se\/kdseniorstockholm\/wp-json\/wp\/v2\/comments?post=368"}],"version-history":[{"count":10,"href":"https:\/\/wp.kristdemokraterna.se\/kdseniorstockholm\/wp-json\/wp\/v2\/pages\/368\/revisions"}],"predecessor-version":[{"id":736,"href":"https:\/\/wp.kristdemokraterna.se\/kdseniorstockholm\/wp-json\/wp\/v2\/pages\/368\/revisions\/736"}],"up":[{"embeddable":true,"href":"https:\/\/wp.kristdemokraterna.se\/kdseniorstockholm\/wp-json\/wp\/v2\/pages\/272"}],"wp:attachment":[{"href":"https:\/\/wp.kristdemokraterna.se\/kdseniorstockholm\/wp-json\/wp\/v2\/media?parent=368"}],"curies":[{"name":"wp","href":"https:\/\/api.w.org\/{rel}","templated":true}]}}