{"id":197,"date":"2014-10-03T16:10:11","date_gmt":"2014-10-03T14:10:11","guid":{"rendered":"http:\/\/wp.kristdemokraterna.se\/kinda\/?page_id=197"},"modified":"2016-05-25T16:58:57","modified_gmt":"2016-05-25T14:58:57","slug":"bli-medlem","status":"publish","type":"page","link":"https:\/\/wp.kristdemokraterna.se\/kinda\/bli-medlem\/","title":{"rendered":"Bli medlem"},"content":{"rendered":"<h1>Medlemskap i Kristdemokraterna<\/h1>\n<p><img loading=\"lazy\" decoding=\"async\" class=\"alignleft size-full wp-image-198\" src=\"http:\/\/wp.kristdemokraterna.se\/kinda\/files\/2014\/10\/blimedlem440.jpg\" alt=\"blimedlem440\" width=\"440\" height=\"154\" srcset=\"https:\/\/wp.kristdemokraterna.se\/kinda\/files\/2014\/10\/blimedlem440.jpg 440w, https:\/\/wp.kristdemokraterna.se\/kinda\/files\/2014\/10\/blimedlem440-300x104.jpg 300w, https:\/\/wp.kristdemokraterna.se\/kinda\/files\/2014\/10\/blimedlem440-186x65.jpg 186w\" sizes=\"auto, (max-width: 440px) 100vw, 440px\" \/><\/p>\n<p>&nbsp;<\/p>\n<p>&nbsp;<\/p>\n<p>&nbsp;<\/p>\n<p>&nbsp;<\/p>\n<p><strong><br \/>\nVem kan bli medlem?<\/strong><br \/>\nMedlemskap i Kristdemokraterna kan vinnas av varje svensk medborgare samt av annan i Sverige bosatt person, som ansluter sig till partiets m\u00e5l och stadgar. Medlem erl\u00e4gger fastst\u00e4lld avgift till partiavdelning. (ur stadgarna \u00a7 2)<\/p>\n<p>Det vill s\u00e4ga att alla som tycker att Kristdemokraterna har en bra politik och som f\u00f6ljer partiets interna arbetsregler (stadgarna) kan bli medlem. I KD Kinda kostar medlemskapet 150 kronor per \u00e5r.<\/p>\n<p><strong>Hur blir man medlem?<\/strong><br \/>\nF\u00f6r att bli medlem beh\u00f6ver du skicka in ett \u00f6nskem\u00e5l om att bli medlem. D\u00e4r ska framg\u00e5 namn, adress, telefonnummer, personnummer och g\u00e4rna en e-postadress. D\u00e4refter f\u00e5r du ett v\u00e4lkomstbrev och dylikt.<\/p>\n<p>Medlem blir man i en lokalavdelning, oftast samma som den kommun man bor i, men samtidigt \u00e4r man medlem i hela den kristdemokratiska r\u00f6relsen.<\/p>\n<p><strong>Vad inneb\u00e4r ett medlemskap hos Kristdemokraterna?<\/strong><br \/>\nAtt bli medlem i Kristdemokraterna inneb\u00e4r att du kan vara med och k\u00e4mpa f\u00f6r partiets viktiga fr\u00e5gor, men du kan genom ditt medlemskap ocks\u00e5 v\u00e4lja att enbart st\u00f6dja det arbete partiet g\u00f6r. Hur aktiv du vill vara avg\u00f6r du sj\u00e4lv.<\/p>\n<p>Som medlem kan du vara med och p\u00e5verka vilken politik partiet ska driva b\u00e5de p\u00e5 kommunal-, landstings-, riksdags- och EU-niv\u00e5. Du f\u00e5r del av partigemenskapen, interna utbildningar och kurser. I KD Kinda anv\u00e4nder vi partiets interna First Class systemet &#8221;<a href=\"http:\/\/firstclass.kristdemokraterna.se\/\" target=\"_blank\">NAVET<\/a>&#8221; f\u00f6r medlemsinformation som s\u00e4nds via en e-s\u00e4ndlista eller vanligt brevutskick i bland n\u00e4r vi ska ha medlemsm\u00f6ten och dylika tr\u00e4ffar. Du kan inte f\u00e5 ett politiskt uppdrag utan att vara medlem.<\/p>\n<p><a href=\"http:\/\/www.kristdemokraterna.se\/Engagera-Dig\/blimedlem\/\" target=\"_blank\">Ans\u00f6kan om medlemskap<\/a><\/p>\n<p>Bankgiro: 5841-0754<br \/>\nBetalningsmottagare: Kristdemokraterna i Kinda<br \/>\n\u00d6vriga meddelanden: Namn, telefonnummer, och g\u00e4rna en e-postadress<\/p>\n<p><strong>Har du fler fr\u00e5gor och dyl. s\u00e5 kontakta oss:<\/strong><br \/>\nLena K\u00e4cker Johansson, ordf\u00f6rande<br \/>\nTel: 0709-962 596\u00a0 (mobil)<\/p>\n<p>&gt;\u00a0 <a href=\"http:\/\/wp.kristdemokraterna.se\/kinda\/files\/2015\/11\/stadgar_kristdemokraterna_2015.pdf\" target=\"_blank\">stadgar_kristdemokraterna_2015<\/a>\u00a0(pdf)<\/p>\n","protected":false},"excerpt":{"rendered":"<p>Medlemskap i Kristdemokraterna &nbsp; &nbsp; &nbsp; &nbsp; Vem kan bli medlem? Medlemskap i Kristdemokraterna kan vinnas av varje svensk medborgare samt av annan i Sverige bosatt person, som ansluter sig till partiets m\u00e5l och stadgar. Medlem erl\u00e4gger fastst\u00e4lld avgift till partiavdelning. (ur stadgarna \u00a7 2) Det vill s\u00e4ga att alla som tycker att Kristdemokraterna har <a class=\"read-more-link\" href=\"https:\/\/wp.kristdemokraterna.se\/kinda\/bli-medlem\/\">Read More<\/a><\/p>\n","protected":false},"author":670,"featured_media":0,"parent":0,"menu_order":0,"comment_status":"closed","ping_status":"closed","template":"","meta":{"_acf_changed":false,"footnotes":""},"class_list":["post-197","page","type-page","status-publish","hentry"],"acf":[],"yoast_head":"<!-- This site is optimized with the Yoast SEO plugin v27.4 - https:\/\/yoast.com\/product\/yoast-seo-wordpress\/ -->\n<title>Bli medlem - Kinda<\/title>\n<meta name=\"robots\" content=\"index, follow, max-snippet:-1, max-image-preview:large, max-video-preview:-1\" \/>\n<link rel=\"canonical\" href=\"https:\/\/wp.kristdemokraterna.se\/kinda\/bli-medlem\/\" \/>\n<meta property=\"og:locale\" content=\"sv_SE\" \/>\n<meta property=\"og:type\" content=\"article\" \/>\n<meta property=\"og:title\" content=\"Bli medlem - Kinda\" \/>\n<meta property=\"og:description\" content=\"Medlemskap i Kristdemokraterna &nbsp; &nbsp; &nbsp; &nbsp; Vem kan bli medlem? Medlemskap i Kristdemokraterna kan vinnas av varje svensk medborgare samt av annan i Sverige bosatt person, som ansluter sig till partiets m\u00e5l och stadgar. Medlem erl\u00e4gger fastst\u00e4lld avgift till partiavdelning. (ur stadgarna \u00a7 2) Det vill s\u00e4ga att alla som tycker att Kristdemokraterna har Read More\" \/>\n<meta property=\"og:url\" content=\"https:\/\/wp.kristdemokraterna.se\/kinda\/bli-medlem\/\" \/>\n<meta property=\"og:site_name\" content=\"Kinda\" \/>\n<meta property=\"article:modified_time\" content=\"2016-05-25T14:58:57+00:00\" \/>\n<meta property=\"og:image\" content=\"http:\/\/wp.kristdemokraterna.se\/kinda\/files\/2014\/10\/blimedlem440.jpg\" \/>\n<meta name=\"twitter:card\" content=\"summary_large_image\" \/>\n<meta name=\"twitter:label1\" content=\"Ber\u00e4knad l\u00e4stid\" \/>\n\t<meta name=\"twitter:data1\" content=\"2 minuter\" \/>\n<script type=\"application\/ld+json\" class=\"yoast-schema-graph\">{\"@context\":\"https:\\\/\\\/schema.org\",\"@graph\":[{\"@type\":\"WebPage\",\"@id\":\"https:\\\/\\\/wp.kristdemokraterna.se\\\/kinda\\\/bli-medlem\\\/\",\"url\":\"https:\\\/\\\/wp.kristdemokraterna.se\\\/kinda\\\/bli-medlem\\\/\",\"name\":\"Bli medlem - Kinda\",\"isPartOf\":{\"@id\":\"https:\\\/\\\/wp.kristdemokraterna.se\\\/kinda\\\/#website\"},\"primaryImageOfPage\":{\"@id\":\"https:\\\/\\\/wp.kristdemokraterna.se\\\/kinda\\\/bli-medlem\\\/#primaryimage\"},\"image\":{\"@id\":\"https:\\\/\\\/wp.kristdemokraterna.se\\\/kinda\\\/bli-medlem\\\/#primaryimage\"},\"thumbnailUrl\":\"http:\\\/\\\/wp.kristdemokraterna.se\\\/kinda\\\/files\\\/2014\\\/10\\\/blimedlem440.jpg\",\"datePublished\":\"2014-10-03T14:10:11+00:00\",\"dateModified\":\"2016-05-25T14:58:57+00:00\",\"breadcrumb\":{\"@id\":\"https:\\\/\\\/wp.kristdemokraterna.se\\\/kinda\\\/bli-medlem\\\/#breadcrumb\"},\"inLanguage\":\"sv-SE\",\"potentialAction\":[{\"@type\":\"ReadAction\",\"target\":[\"https:\\\/\\\/wp.kristdemokraterna.se\\\/kinda\\\/bli-medlem\\\/\"]}]},{\"@type\":\"ImageObject\",\"inLanguage\":\"sv-SE\",\"@id\":\"https:\\\/\\\/wp.kristdemokraterna.se\\\/kinda\\\/bli-medlem\\\/#primaryimage\",\"url\":\"https:\\\/\\\/wp.kristdemokraterna.se\\\/kinda\\\/files\\\/2014\\\/10\\\/blimedlem440.jpg\",\"contentUrl\":\"https:\\\/\\\/wp.kristdemokraterna.se\\\/kinda\\\/files\\\/2014\\\/10\\\/blimedlem440.jpg\",\"width\":440,\"height\":154},{\"@type\":\"BreadcrumbList\",\"@id\":\"https:\\\/\\\/wp.kristdemokraterna.se\\\/kinda\\\/bli-medlem\\\/#breadcrumb\",\"itemListElement\":[{\"@type\":\"ListItem\",\"position\":1,\"name\":\"Hem\",\"item\":\"https:\\\/\\\/wp.kristdemokraterna.se\\\/kinda\\\/\"},{\"@type\":\"ListItem\",\"position\":2,\"name\":\"Bli medlem\"}]},{\"@type\":\"WebSite\",\"@id\":\"https:\\\/\\\/wp.kristdemokraterna.se\\\/kinda\\\/#website\",\"url\":\"https:\\\/\\\/wp.kristdemokraterna.se\\\/kinda\\\/\",\"name\":\"Kinda\",\"description\":\"Kristdemokraterna\",\"inLanguage\":\"sv-SE\"}]}<\/script>\n<!-- \/ Yoast SEO plugin. -->","yoast_head_json":{"title":"Bli medlem - Kinda","robots":{"index":"index","follow":"follow","max-snippet":"max-snippet:-1","max-image-preview":"max-image-preview:large","max-video-preview":"max-video-preview:-1"},"canonical":"https:\/\/wp.kristdemokraterna.se\/kinda\/bli-medlem\/","og_locale":"sv_SE","og_type":"article","og_title":"Bli medlem - Kinda","og_description":"Medlemskap i Kristdemokraterna &nbsp; &nbsp; &nbsp; &nbsp; Vem kan bli medlem? Medlemskap i Kristdemokraterna kan vinnas av varje svensk medborgare samt av annan i Sverige bosatt person, som ansluter sig till partiets m\u00e5l och stadgar. Medlem erl\u00e4gger fastst\u00e4lld avgift till partiavdelning. (ur stadgarna \u00a7 2) Det vill s\u00e4ga att alla som tycker att Kristdemokraterna har Read More","og_url":"https:\/\/wp.kristdemokraterna.se\/kinda\/bli-medlem\/","og_site_name":"Kinda","article_modified_time":"2016-05-25T14:58:57+00:00","og_image":[{"url":"http:\/\/wp.kristdemokraterna.se\/kinda\/files\/2014\/10\/blimedlem440.jpg","type":"","width":"","height":""}],"twitter_card":"summary_large_image","twitter_misc":{"Ber\u00e4knad l\u00e4stid":"2 minuter"},"schema":{"@context":"https:\/\/schema.org","@graph":[{"@type":"WebPage","@id":"https:\/\/wp.kristdemokraterna.se\/kinda\/bli-medlem\/","url":"https:\/\/wp.kristdemokraterna.se\/kinda\/bli-medlem\/","name":"Bli medlem - Kinda","isPartOf":{"@id":"https:\/\/wp.kristdemokraterna.se\/kinda\/#website"},"primaryImageOfPage":{"@id":"https:\/\/wp.kristdemokraterna.se\/kinda\/bli-medlem\/#primaryimage"},"image":{"@id":"https:\/\/wp.kristdemokraterna.se\/kinda\/bli-medlem\/#primaryimage"},"thumbnailUrl":"http:\/\/wp.kristdemokraterna.se\/kinda\/files\/2014\/10\/blimedlem440.jpg","datePublished":"2014-10-03T14:10:11+00:00","dateModified":"2016-05-25T14:58:57+00:00","breadcrumb":{"@id":"https:\/\/wp.kristdemokraterna.se\/kinda\/bli-medlem\/#breadcrumb"},"inLanguage":"sv-SE","potentialAction":[{"@type":"ReadAction","target":["https:\/\/wp.kristdemokraterna.se\/kinda\/bli-medlem\/"]}]},{"@type":"ImageObject","inLanguage":"sv-SE","@id":"https:\/\/wp.kristdemokraterna.se\/kinda\/bli-medlem\/#primaryimage","url":"https:\/\/wp.kristdemokraterna.se\/kinda\/files\/2014\/10\/blimedlem440.jpg","contentUrl":"https:\/\/wp.kristdemokraterna.se\/kinda\/files\/2014\/10\/blimedlem440.jpg","width":440,"height":154},{"@type":"BreadcrumbList","@id":"https:\/\/wp.kristdemokraterna.se\/kinda\/bli-medlem\/#breadcrumb","itemListElement":[{"@type":"ListItem","position":1,"name":"Hem","item":"https:\/\/wp.kristdemokraterna.se\/kinda\/"},{"@type":"ListItem","position":2,"name":"Bli medlem"}]},{"@type":"WebSite","@id":"https:\/\/wp.kristdemokraterna.se\/kinda\/#website","url":"https:\/\/wp.kristdemokraterna.se\/kinda\/","name":"Kinda","description":"Kristdemokraterna","inLanguage":"sv-SE"}]}},"_links":{"self":[{"href":"https:\/\/wp.kristdemokraterna.se\/kinda\/wp-json\/wp\/v2\/pages\/197","targetHints":{"allow":["GET"]}}],"collection":[{"href":"https:\/\/wp.kristdemokraterna.se\/kinda\/wp-json\/wp\/v2\/pages"}],"about":[{"href":"https:\/\/wp.kristdemokraterna.se\/kinda\/wp-json\/wp\/v2\/types\/page"}],"author":[{"embeddable":true,"href":"https:\/\/wp.kristdemokraterna.se\/kinda\/wp-json\/wp\/v2\/users\/670"}],"replies":[{"embeddable":true,"href":"https:\/\/wp.kristdemokraterna.se\/kinda\/wp-json\/wp\/v2\/comments?post=197"}],"version-history":[{"count":24,"href":"https:\/\/wp.kristdemokraterna.se\/kinda\/wp-json\/wp\/v2\/pages\/197\/revisions"}],"predecessor-version":[{"id":316,"href":"https:\/\/wp.kristdemokraterna.se\/kinda\/wp-json\/wp\/v2\/pages\/197\/revisions\/316"}],"wp:attachment":[{"href":"https:\/\/wp.kristdemokraterna.se\/kinda\/wp-json\/wp\/v2\/media?parent=197"}],"curies":[{"name":"wp","href":"https:\/\/api.w.org\/{rel}","templated":true}]}}