{"id":28,"date":"2014-09-03T13:26:18","date_gmt":"2014-09-03T11:26:18","guid":{"rendered":"http:\/\/wp.kristdemokraterna.se\/kinda\/?page_id=28"},"modified":"2014-09-03T18:42:55","modified_gmt":"2014-09-03T16:42:55","slug":"kommunkandidater","status":"publish","type":"page","link":"https:\/\/wp.kristdemokraterna.se\/kinda\/valet2014\/kommunkandidater\/","title":{"rendered":"Kommunkandidater"},"content":{"rendered":"<p>1. Lena K\u00e4cker Johansson, Distriktssk\u00f6terska, Rimforsa<br \/>\n2. Kalle Sandell, Bussf\u00f6rare, Kisa<br \/>\n3. Ingevald Abrahamsson, Forskningsingenj\u00f6r,Rimforsa<br \/>\n4. Birgitta Olaison, Sjuksk\u00f6terska, Kisa<br \/>\n5. Anna Karlsson, Undersk\u00f6terska, Horn<br \/>\n6. Marita Forsman, Fritidsledare, Rimforsa<br \/>\n7. Tobias Jansson, Gymnasiel\u00e4rare, Rimforsa<br \/>\n8. B\u00f6rje Karlsson, Lantbrukare, Horn<br \/>\n9. Anders Olaison, Pastor, Kisa<br \/>\n10. Carin Olsson, F\u00f6rskolechef, Rimforsa<br \/>\n11. Minka Eriksson, Arbetsterapeut, Kisa<br \/>\n12. Brittinger Pettersson, Lantbrukare, Kisa<br \/>\n13. Ann-Mari Wigren-Adolfson, L\u00e4rare, Rimforsa<\/p>\n<p>F\u00f6r fr\u00e5gor eller ytterligare information kontakta<br \/>\nLena K\u00e4cker Johansson<br \/>\nTel: 0709-96 25 96 (mobil)<br \/>\nlena@kristdemokraterna.se<\/p>\n","protected":false},"excerpt":{"rendered":"<p>1. Lena K\u00e4cker Johansson, Distriktssk\u00f6terska, Rimforsa 2. Kalle Sandell, Bussf\u00f6rare, Kisa 3. Ingevald Abrahamsson, Forskningsingenj\u00f6r,Rimforsa 4. Birgitta Olaison, Sjuksk\u00f6terska, Kisa 5. Anna Karlsson, Undersk\u00f6terska, Horn 6. Marita Forsman, Fritidsledare, Rimforsa 7. Tobias Jansson, Gymnasiel\u00e4rare, Rimforsa 8. B\u00f6rje Karlsson, Lantbrukare, Horn 9. Anders Olaison, Pastor, Kisa 10. Carin Olsson, F\u00f6rskolechef, Rimforsa 11. Minka Eriksson, Arbetsterapeut, Kisa <a class=\"read-more-link\" href=\"https:\/\/wp.kristdemokraterna.se\/kinda\/valet2014\/kommunkandidater\/\">Read More<\/a><\/p>\n","protected":false},"author":670,"featured_media":0,"parent":30,"menu_order":0,"comment_status":"closed","ping_status":"closed","template":"","meta":{"_acf_changed":false,"footnotes":""},"class_list":["post-28","page","type-page","status-publish","hentry"],"acf":[],"yoast_head":"<!-- This site is optimized with the Yoast SEO plugin v27.4 - https:\/\/yoast.com\/product\/yoast-seo-wordpress\/ -->\n<title>Kommunkandidater - Kinda<\/title>\n<meta name=\"robots\" content=\"index, follow, max-snippet:-1, max-image-preview:large, max-video-preview:-1\" \/>\n<link rel=\"canonical\" href=\"https:\/\/wp.kristdemokraterna.se\/kinda\/valet2014\/kommunkandidater\/\" \/>\n<meta property=\"og:locale\" content=\"sv_SE\" \/>\n<meta property=\"og:type\" content=\"article\" \/>\n<meta property=\"og:title\" content=\"Kommunkandidater - Kinda\" \/>\n<meta property=\"og:description\" content=\"1. Lena K\u00e4cker Johansson, Distriktssk\u00f6terska, Rimforsa 2. Kalle Sandell, Bussf\u00f6rare, Kisa 3. Ingevald Abrahamsson, Forskningsingenj\u00f6r,Rimforsa 4. Birgitta Olaison, Sjuksk\u00f6terska, Kisa 5. Anna Karlsson, Undersk\u00f6terska, Horn 6. Marita Forsman, Fritidsledare, Rimforsa 7. Tobias Jansson, Gymnasiel\u00e4rare, Rimforsa 8. B\u00f6rje Karlsson, Lantbrukare, Horn 9. Anders Olaison, Pastor, Kisa 10. Carin Olsson, F\u00f6rskolechef, Rimforsa 11. Minka Eriksson, Arbetsterapeut, Kisa Read More\" \/>\n<meta property=\"og:url\" content=\"https:\/\/wp.kristdemokraterna.se\/kinda\/valet2014\/kommunkandidater\/\" \/>\n<meta property=\"og:site_name\" content=\"Kinda\" \/>\n<meta property=\"article:modified_time\" content=\"2014-09-03T16:42:55+00:00\" \/>\n<meta name=\"twitter:card\" content=\"summary_large_image\" \/>\n<script type=\"application\/ld+json\" class=\"yoast-schema-graph\">{\"@context\":\"https:\\\/\\\/schema.org\",\"@graph\":[{\"@type\":\"WebPage\",\"@id\":\"https:\\\/\\\/wp.kristdemokraterna.se\\\/kinda\\\/valet2014\\\/kommunkandidater\\\/\",\"url\":\"https:\\\/\\\/wp.kristdemokraterna.se\\\/kinda\\\/valet2014\\\/kommunkandidater\\\/\",\"name\":\"Kommunkandidater - Kinda\",\"isPartOf\":{\"@id\":\"https:\\\/\\\/wp.kristdemokraterna.se\\\/kinda\\\/#website\"},\"datePublished\":\"2014-09-03T11:26:18+00:00\",\"dateModified\":\"2014-09-03T16:42:55+00:00\",\"breadcrumb\":{\"@id\":\"https:\\\/\\\/wp.kristdemokraterna.se\\\/kinda\\\/valet2014\\\/kommunkandidater\\\/#breadcrumb\"},\"inLanguage\":\"sv-SE\",\"potentialAction\":[{\"@type\":\"ReadAction\",\"target\":[\"https:\\\/\\\/wp.kristdemokraterna.se\\\/kinda\\\/valet2014\\\/kommunkandidater\\\/\"]}]},{\"@type\":\"BreadcrumbList\",\"@id\":\"https:\\\/\\\/wp.kristdemokraterna.se\\\/kinda\\\/valet2014\\\/kommunkandidater\\\/#breadcrumb\",\"itemListElement\":[{\"@type\":\"ListItem\",\"position\":1,\"name\":\"Hem\",\"item\":\"https:\\\/\\\/wp.kristdemokraterna.se\\\/kinda\\\/\"},{\"@type\":\"ListItem\",\"position\":2,\"name\":\"Valet 14 sept 2014\",\"item\":\"https:\\\/\\\/wp.kristdemokraterna.se\\\/kinda\\\/valet2014\\\/\"},{\"@type\":\"ListItem\",\"position\":3,\"name\":\"Kommunkandidater\"}]},{\"@type\":\"WebSite\",\"@id\":\"https:\\\/\\\/wp.kristdemokraterna.se\\\/kinda\\\/#website\",\"url\":\"https:\\\/\\\/wp.kristdemokraterna.se\\\/kinda\\\/\",\"name\":\"Kinda\",\"description\":\"Kristdemokraterna\",\"inLanguage\":\"sv-SE\"}]}<\/script>\n<!-- \/ Yoast SEO plugin. -->","yoast_head_json":{"title":"Kommunkandidater - Kinda","robots":{"index":"index","follow":"follow","max-snippet":"max-snippet:-1","max-image-preview":"max-image-preview:large","max-video-preview":"max-video-preview:-1"},"canonical":"https:\/\/wp.kristdemokraterna.se\/kinda\/valet2014\/kommunkandidater\/","og_locale":"sv_SE","og_type":"article","og_title":"Kommunkandidater - Kinda","og_description":"1. Lena K\u00e4cker Johansson, Distriktssk\u00f6terska, Rimforsa 2. Kalle Sandell, Bussf\u00f6rare, Kisa 3. Ingevald Abrahamsson, Forskningsingenj\u00f6r,Rimforsa 4. Birgitta Olaison, Sjuksk\u00f6terska, Kisa 5. Anna Karlsson, Undersk\u00f6terska, Horn 6. Marita Forsman, Fritidsledare, Rimforsa 7. Tobias Jansson, Gymnasiel\u00e4rare, Rimforsa 8. B\u00f6rje Karlsson, Lantbrukare, Horn 9. Anders Olaison, Pastor, Kisa 10. Carin Olsson, F\u00f6rskolechef, Rimforsa 11. Minka Eriksson, Arbetsterapeut, Kisa Read More","og_url":"https:\/\/wp.kristdemokraterna.se\/kinda\/valet2014\/kommunkandidater\/","og_site_name":"Kinda","article_modified_time":"2014-09-03T16:42:55+00:00","twitter_card":"summary_large_image","schema":{"@context":"https:\/\/schema.org","@graph":[{"@type":"WebPage","@id":"https:\/\/wp.kristdemokraterna.se\/kinda\/valet2014\/kommunkandidater\/","url":"https:\/\/wp.kristdemokraterna.se\/kinda\/valet2014\/kommunkandidater\/","name":"Kommunkandidater - Kinda","isPartOf":{"@id":"https:\/\/wp.kristdemokraterna.se\/kinda\/#website"},"datePublished":"2014-09-03T11:26:18+00:00","dateModified":"2014-09-03T16:42:55+00:00","breadcrumb":{"@id":"https:\/\/wp.kristdemokraterna.se\/kinda\/valet2014\/kommunkandidater\/#breadcrumb"},"inLanguage":"sv-SE","potentialAction":[{"@type":"ReadAction","target":["https:\/\/wp.kristdemokraterna.se\/kinda\/valet2014\/kommunkandidater\/"]}]},{"@type":"BreadcrumbList","@id":"https:\/\/wp.kristdemokraterna.se\/kinda\/valet2014\/kommunkandidater\/#breadcrumb","itemListElement":[{"@type":"ListItem","position":1,"name":"Hem","item":"https:\/\/wp.kristdemokraterna.se\/kinda\/"},{"@type":"ListItem","position":2,"name":"Valet 14 sept 2014","item":"https:\/\/wp.kristdemokraterna.se\/kinda\/valet2014\/"},{"@type":"ListItem","position":3,"name":"Kommunkandidater"}]},{"@type":"WebSite","@id":"https:\/\/wp.kristdemokraterna.se\/kinda\/#website","url":"https:\/\/wp.kristdemokraterna.se\/kinda\/","name":"Kinda","description":"Kristdemokraterna","inLanguage":"sv-SE"}]}},"_links":{"self":[{"href":"https:\/\/wp.kristdemokraterna.se\/kinda\/wp-json\/wp\/v2\/pages\/28","targetHints":{"allow":["GET"]}}],"collection":[{"href":"https:\/\/wp.kristdemokraterna.se\/kinda\/wp-json\/wp\/v2\/pages"}],"about":[{"href":"https:\/\/wp.kristdemokraterna.se\/kinda\/wp-json\/wp\/v2\/types\/page"}],"author":[{"embeddable":true,"href":"https:\/\/wp.kristdemokraterna.se\/kinda\/wp-json\/wp\/v2\/users\/670"}],"replies":[{"embeddable":true,"href":"https:\/\/wp.kristdemokraterna.se\/kinda\/wp-json\/wp\/v2\/comments?post=28"}],"version-history":[{"count":3,"href":"https:\/\/wp.kristdemokraterna.se\/kinda\/wp-json\/wp\/v2\/pages\/28\/revisions"}],"predecessor-version":[{"id":118,"href":"https:\/\/wp.kristdemokraterna.se\/kinda\/wp-json\/wp\/v2\/pages\/28\/revisions\/118"}],"up":[{"embeddable":true,"href":"https:\/\/wp.kristdemokraterna.se\/kinda\/wp-json\/wp\/v2\/pages\/30"}],"wp:attachment":[{"href":"https:\/\/wp.kristdemokraterna.se\/kinda\/wp-json\/wp\/v2\/media?parent=28"}],"curies":[{"name":"wp","href":"https:\/\/api.w.org\/{rel}","templated":true}]}}