{"id":30,"date":"2014-09-03T13:26:41","date_gmt":"2014-09-03T11:26:41","guid":{"rendered":"http:\/\/wp.kristdemokraterna.se\/kinda\/?page_id=30"},"modified":"2014-10-06T17:52:01","modified_gmt":"2014-10-06T15:52:01","slug":"valet2014","status":"publish","type":"page","link":"https:\/\/wp.kristdemokraterna.se\/kinda\/valet2014\/","title":{"rendered":"Valet 14 sept 2014"},"content":{"rendered":"<p><img loading=\"lazy\" decoding=\"async\" class=\"alignleft wp-image-52 size-full\" src=\"http:\/\/wp.kristdemokraterna.se\/kinda\/files\/2014\/09\/10307432_651108081626335_1902850925738711046_n.gif\" alt=\"10307432_651108081626335_1902850925738711046_n\" width=\"851\" height=\"315\" \/><br \/>\n&gt; <a title=\"Valtidning - Ditt val 2014\" href=\"http:\/\/wp.kristdemokraterna.se\/kinda\/valet2014\/valtidning-2014\/\">Valtidning &#8211; Ditt val 2014<\/a><br \/>\n&gt; <a title=\"Kommunkandidater\" href=\"http:\/\/wp.kristdemokraterna.se\/kinda\/valet2014\/kommunkandidater\/\">Kommunkandidater<\/a><br \/>\n&gt; <em><a href=\"http:\/\/wp.kristdemokraterna.se\/e\/valet-14-september\/landstingskandidater\/valkrets-kinda-atvid-valdemarsvik-soderkoping\/\" target=\"_blank\">Landstingskandidater<\/a>\u00a0 (extern l\u00e4nk)<\/em><br \/>\n&gt; <em><a href=\"http:\/\/wp.kristdemokraterna.se\/e\/valet-14-september\/riksdagskandidater\/\" target=\"_blank\">Riksdagskandidater<\/a>\u00a0 (extern l\u00e4nk)<\/em><br \/>\n&gt; <em><a href=\"http:\/\/www.sevadvimenar.se\/\" target=\"_blank\">Valportal 2014 \u2013 Se vad vi menar<\/a>\u00a0 (extern l\u00e4nk)<br \/>\n<\/em><br \/>\n<strong>Kristdemokraternas Valfilm<\/strong><br \/>\n<a href=\"http:\/\/youtu.be\/vArqb8weza0\" target=\"_blank\"><img loading=\"lazy\" decoding=\"async\" class=\"alignnone wp-image-54 size-full\" src=\"http:\/\/wp.kristdemokraterna.se\/kinda\/files\/2014\/09\/20140825-225813.jpg\" alt=\"20140825-225813\" width=\"300\" height=\"225\" srcset=\"https:\/\/wp.kristdemokraterna.se\/kinda\/files\/2014\/09\/20140825-225813.jpg 300w, https:\/\/wp.kristdemokraterna.se\/kinda\/files\/2014\/09\/20140825-225813-149x112.jpg 149w\" sizes=\"auto, (max-width: 300px) 100vw, 300px\" \/><\/a><br \/>\n&gt; <a href=\"http:\/\/youtu.be\/vArqb8weza0\" target=\"_blank\">YouTube.com<\/a><\/p>\n<p><em><strong>Datum<\/strong><\/em><br \/>\n<em> * 27 aug \u2013 F\u00f6rtidsr\u00f6stningen b\u00f6rjar (<a href=\"http:\/\/www.val.se\/val\/val2014\/rostmottagning\/fortidsrostning\/kommun\/05\/13\/index.html\" target=\"_blank\">val.se<\/a>)<\/em><br \/>\n<em> * 14 sept \u2013 Valdagen (<a href=\"http:\/\/www.val.se\/val\/val2014\/rostmottagning\/vallokal\/kommun\/05\/13\/index.html\" target=\"_blank\">val.se<\/a>)<\/em><\/p>\n<hr \/>\n<p><strong>Valresultatet f\u00f6r kommunfullm\u00e4ktige<\/strong><br \/>\n<a href=\"http:\/\/www.val.se\/val\/val2014\/slutresultat\/K\/kommun\/05\/13\/index.html\" target=\"_blank\"><img loading=\"lazy\" decoding=\"async\" class=\"alignleft wp-image-224 size-full\" src=\"http:\/\/wp.kristdemokraterna.se\/kinda\/files\/2014\/09\/kinda_valresultat2014_slutligt.jpg\" alt=\"kinda_valresultat2014_slutligt\" width=\"747\" height=\"326\" srcset=\"https:\/\/wp.kristdemokraterna.se\/kinda\/files\/2014\/09\/kinda_valresultat2014_slutligt.jpg 747w, https:\/\/wp.kristdemokraterna.se\/kinda\/files\/2014\/09\/kinda_valresultat2014_slutligt-300x130.jpg 300w, https:\/\/wp.kristdemokraterna.se\/kinda\/files\/2014\/09\/kinda_valresultat2014_slutligt-576x251.jpg 576w, https:\/\/wp.kristdemokraterna.se\/kinda\/files\/2014\/09\/kinda_valresultat2014_slutligt-186x81.jpg 186w\" sizes=\"auto, (max-width: 747px) 100vw, 747px\" \/><\/a><br \/>\n<em>K\u00e4lla:\u00a0 <a href=\"http:\/\/www.val.se\/val\/val2014\/slutresultat\/K\/kommun\/05\/13\/index.html\" target=\"_blank\">val.se<\/a> <\/em><\/p>\n","protected":false},"excerpt":{"rendered":"<p>&gt; Valtidning &#8211; Ditt val 2014 &gt; Kommunkandidater &gt; Landstingskandidater\u00a0 (extern l\u00e4nk) &gt; Riksdagskandidater\u00a0 (extern l\u00e4nk) &gt; Valportal 2014 \u2013 Se vad vi menar\u00a0 (extern l\u00e4nk) Kristdemokraternas Valfilm &gt; YouTube.com Datum * 27 aug \u2013 F\u00f6rtidsr\u00f6stningen b\u00f6rjar (val.se) * 14 sept \u2013 Valdagen (val.se) Valresultatet f\u00f6r kommunfullm\u00e4ktige K\u00e4lla:\u00a0 val.se<\/p>\n","protected":false},"author":670,"featured_media":0,"parent":0,"menu_order":0,"comment_status":"closed","ping_status":"closed","template":"","meta":{"_acf_changed":false,"footnotes":""},"class_list":["post-30","page","type-page","status-publish","hentry"],"acf":[],"yoast_head":"<!-- This site is optimized with the Yoast SEO plugin v27.3 - https:\/\/yoast.com\/product\/yoast-seo-wordpress\/ -->\n<title>Valet 14 sept 2014 - Kinda<\/title>\n<meta name=\"robots\" content=\"index, follow, max-snippet:-1, max-image-preview:large, max-video-preview:-1\" \/>\n<link rel=\"canonical\" href=\"https:\/\/wp.kristdemokraterna.se\/kinda\/valet2014\/\" \/>\n<meta property=\"og:locale\" content=\"sv_SE\" \/>\n<meta property=\"og:type\" content=\"article\" \/>\n<meta property=\"og:title\" content=\"Valet 14 sept 2014 - Kinda\" \/>\n<meta property=\"og:description\" content=\"&gt; Valtidning &#8211; Ditt val 2014 &gt; Kommunkandidater &gt; Landstingskandidater\u00a0 (extern l\u00e4nk) &gt; Riksdagskandidater\u00a0 (extern l\u00e4nk) &gt; Valportal 2014 \u2013 Se vad vi menar\u00a0 (extern l\u00e4nk) Kristdemokraternas Valfilm &gt; YouTube.com Datum * 27 aug \u2013 F\u00f6rtidsr\u00f6stningen b\u00f6rjar (val.se) * 14 sept \u2013 Valdagen (val.se) Valresultatet f\u00f6r kommunfullm\u00e4ktige K\u00e4lla:\u00a0 val.se\" \/>\n<meta property=\"og:url\" content=\"https:\/\/wp.kristdemokraterna.se\/kinda\/valet2014\/\" \/>\n<meta property=\"og:site_name\" content=\"Kinda\" \/>\n<meta property=\"article:modified_time\" content=\"2014-10-06T15:52:01+00:00\" \/>\n<meta property=\"og:image\" content=\"http:\/\/wp.kristdemokraterna.se\/kinda\/files\/2014\/09\/10307432_651108081626335_1902850925738711046_n.gif\" \/>\n<meta name=\"twitter:card\" content=\"summary_large_image\" \/>\n<script type=\"application\/ld+json\" class=\"yoast-schema-graph\">{\"@context\":\"https:\\\/\\\/schema.org\",\"@graph\":[{\"@type\":\"WebPage\",\"@id\":\"https:\\\/\\\/wp.kristdemokraterna.se\\\/kinda\\\/valet2014\\\/\",\"url\":\"https:\\\/\\\/wp.kristdemokraterna.se\\\/kinda\\\/valet2014\\\/\",\"name\":\"Valet 14 sept 2014 - Kinda\",\"isPartOf\":{\"@id\":\"https:\\\/\\\/wp.kristdemokraterna.se\\\/kinda\\\/#website\"},\"primaryImageOfPage\":{\"@id\":\"https:\\\/\\\/wp.kristdemokraterna.se\\\/kinda\\\/valet2014\\\/#primaryimage\"},\"image\":{\"@id\":\"https:\\\/\\\/wp.kristdemokraterna.se\\\/kinda\\\/valet2014\\\/#primaryimage\"},\"thumbnailUrl\":\"http:\\\/\\\/wp.kristdemokraterna.se\\\/kinda\\\/files\\\/2014\\\/09\\\/10307432_651108081626335_1902850925738711046_n.gif\",\"datePublished\":\"2014-09-03T11:26:41+00:00\",\"dateModified\":\"2014-10-06T15:52:01+00:00\",\"breadcrumb\":{\"@id\":\"https:\\\/\\\/wp.kristdemokraterna.se\\\/kinda\\\/valet2014\\\/#breadcrumb\"},\"inLanguage\":\"sv-SE\",\"potentialAction\":[{\"@type\":\"ReadAction\",\"target\":[\"https:\\\/\\\/wp.kristdemokraterna.se\\\/kinda\\\/valet2014\\\/\"]}]},{\"@type\":\"ImageObject\",\"inLanguage\":\"sv-SE\",\"@id\":\"https:\\\/\\\/wp.kristdemokraterna.se\\\/kinda\\\/valet2014\\\/#primaryimage\",\"url\":\"https:\\\/\\\/wp.kristdemokraterna.se\\\/kinda\\\/files\\\/2014\\\/09\\\/10307432_651108081626335_1902850925738711046_n.gif\",\"contentUrl\":\"https:\\\/\\\/wp.kristdemokraterna.se\\\/kinda\\\/files\\\/2014\\\/09\\\/10307432_651108081626335_1902850925738711046_n.gif\",\"width\":851,\"height\":315},{\"@type\":\"BreadcrumbList\",\"@id\":\"https:\\\/\\\/wp.kristdemokraterna.se\\\/kinda\\\/valet2014\\\/#breadcrumb\",\"itemListElement\":[{\"@type\":\"ListItem\",\"position\":1,\"name\":\"Hem\",\"item\":\"https:\\\/\\\/wp.kristdemokraterna.se\\\/kinda\\\/\"},{\"@type\":\"ListItem\",\"position\":2,\"name\":\"Valet 14 sept 2014\"}]},{\"@type\":\"WebSite\",\"@id\":\"https:\\\/\\\/wp.kristdemokraterna.se\\\/kinda\\\/#website\",\"url\":\"https:\\\/\\\/wp.kristdemokraterna.se\\\/kinda\\\/\",\"name\":\"Kinda\",\"description\":\"Kristdemokraterna\",\"inLanguage\":\"sv-SE\"}]}<\/script>\n<!-- \/ Yoast SEO plugin. -->","yoast_head_json":{"title":"Valet 14 sept 2014 - Kinda","robots":{"index":"index","follow":"follow","max-snippet":"max-snippet:-1","max-image-preview":"max-image-preview:large","max-video-preview":"max-video-preview:-1"},"canonical":"https:\/\/wp.kristdemokraterna.se\/kinda\/valet2014\/","og_locale":"sv_SE","og_type":"article","og_title":"Valet 14 sept 2014 - Kinda","og_description":"&gt; Valtidning &#8211; Ditt val 2014 &gt; Kommunkandidater &gt; Landstingskandidater\u00a0 (extern l\u00e4nk) &gt; Riksdagskandidater\u00a0 (extern l\u00e4nk) &gt; Valportal 2014 \u2013 Se vad vi menar\u00a0 (extern l\u00e4nk) Kristdemokraternas Valfilm &gt; YouTube.com Datum * 27 aug \u2013 F\u00f6rtidsr\u00f6stningen b\u00f6rjar (val.se) * 14 sept \u2013 Valdagen (val.se) Valresultatet f\u00f6r kommunfullm\u00e4ktige K\u00e4lla:\u00a0 val.se","og_url":"https:\/\/wp.kristdemokraterna.se\/kinda\/valet2014\/","og_site_name":"Kinda","article_modified_time":"2014-10-06T15:52:01+00:00","og_image":[{"url":"http:\/\/wp.kristdemokraterna.se\/kinda\/files\/2014\/09\/10307432_651108081626335_1902850925738711046_n.gif","type":"","width":"","height":""}],"twitter_card":"summary_large_image","schema":{"@context":"https:\/\/schema.org","@graph":[{"@type":"WebPage","@id":"https:\/\/wp.kristdemokraterna.se\/kinda\/valet2014\/","url":"https:\/\/wp.kristdemokraterna.se\/kinda\/valet2014\/","name":"Valet 14 sept 2014 - Kinda","isPartOf":{"@id":"https:\/\/wp.kristdemokraterna.se\/kinda\/#website"},"primaryImageOfPage":{"@id":"https:\/\/wp.kristdemokraterna.se\/kinda\/valet2014\/#primaryimage"},"image":{"@id":"https:\/\/wp.kristdemokraterna.se\/kinda\/valet2014\/#primaryimage"},"thumbnailUrl":"http:\/\/wp.kristdemokraterna.se\/kinda\/files\/2014\/09\/10307432_651108081626335_1902850925738711046_n.gif","datePublished":"2014-09-03T11:26:41+00:00","dateModified":"2014-10-06T15:52:01+00:00","breadcrumb":{"@id":"https:\/\/wp.kristdemokraterna.se\/kinda\/valet2014\/#breadcrumb"},"inLanguage":"sv-SE","potentialAction":[{"@type":"ReadAction","target":["https:\/\/wp.kristdemokraterna.se\/kinda\/valet2014\/"]}]},{"@type":"ImageObject","inLanguage":"sv-SE","@id":"https:\/\/wp.kristdemokraterna.se\/kinda\/valet2014\/#primaryimage","url":"https:\/\/wp.kristdemokraterna.se\/kinda\/files\/2014\/09\/10307432_651108081626335_1902850925738711046_n.gif","contentUrl":"https:\/\/wp.kristdemokraterna.se\/kinda\/files\/2014\/09\/10307432_651108081626335_1902850925738711046_n.gif","width":851,"height":315},{"@type":"BreadcrumbList","@id":"https:\/\/wp.kristdemokraterna.se\/kinda\/valet2014\/#breadcrumb","itemListElement":[{"@type":"ListItem","position":1,"name":"Hem","item":"https:\/\/wp.kristdemokraterna.se\/kinda\/"},{"@type":"ListItem","position":2,"name":"Valet 14 sept 2014"}]},{"@type":"WebSite","@id":"https:\/\/wp.kristdemokraterna.se\/kinda\/#website","url":"https:\/\/wp.kristdemokraterna.se\/kinda\/","name":"Kinda","description":"Kristdemokraterna","inLanguage":"sv-SE"}]}},"_links":{"self":[{"href":"https:\/\/wp.kristdemokraterna.se\/kinda\/wp-json\/wp\/v2\/pages\/30","targetHints":{"allow":["GET"]}}],"collection":[{"href":"https:\/\/wp.kristdemokraterna.se\/kinda\/wp-json\/wp\/v2\/pages"}],"about":[{"href":"https:\/\/wp.kristdemokraterna.se\/kinda\/wp-json\/wp\/v2\/types\/page"}],"author":[{"embeddable":true,"href":"https:\/\/wp.kristdemokraterna.se\/kinda\/wp-json\/wp\/v2\/users\/670"}],"replies":[{"embeddable":true,"href":"https:\/\/wp.kristdemokraterna.se\/kinda\/wp-json\/wp\/v2\/comments?post=30"}],"version-history":[{"count":32,"href":"https:\/\/wp.kristdemokraterna.se\/kinda\/wp-json\/wp\/v2\/pages\/30\/revisions"}],"predecessor-version":[{"id":38,"href":"https:\/\/wp.kristdemokraterna.se\/kinda\/wp-json\/wp\/v2\/pages\/30\/revisions\/38"}],"wp:attachment":[{"href":"https:\/\/wp.kristdemokraterna.se\/kinda\/wp-json\/wp\/v2\/media?parent=30"}],"curies":[{"name":"wp","href":"https:\/\/api.w.org\/{rel}","templated":true}]}}