{"id":333,"date":"2018-07-17T08:48:41","date_gmt":"2018-07-17T06:48:41","guid":{"rendered":"http:\/\/wp.kristdemokraterna.se\/kinda\/?page_id=333"},"modified":"2023-02-21T23:23:28","modified_gmt":"2023-02-21T22:23:28","slug":"startsida","status":"publish","type":"page","link":"https:\/\/wp.kristdemokraterna.se\/kinda\/","title":{"rendered":"Startsida"},"content":{"rendered":"<p><strong><b>P\u00e5 v\u00e5ran lokala Facebook sida f\u00f6r KD Kinda kan du f\u00f6lja med oss\u2026<\/b><br \/>\n<\/strong>F\u00f6r att se vad vi har f\u00f6r olika KD aktiviteter och vad som h\u00e4nder i politiken p\u00e5 riksplanet eller vid den lokala niv\u00e5n i Kinda kommun.<\/p>\n<p><strong>\/\/V\u00e5rt m\u00e5l \u00e4r ett samh\u00e4lle d\u00e4r friheten att forma sitt eget liv g\u00e5r hand i hand med ansvaret f\u00f6r sin medm\u00e4nniska. Vi vill bygga ett samh\u00e4lle som h\u00e5ller samman. Ingen ska h\u00e5llas tillbaka och ingen ska l\u00e4mnas efter.\/\/<\/strong><\/p>\n","protected":false},"excerpt":{"rendered":"<p>P\u00e5 v\u00e5ran lokala Facebook sida f\u00f6r KD Kinda kan du f\u00f6lja med oss\u2026 F\u00f6r att se vad vi har f\u00f6r olika KD aktiviteter och vad som h\u00e4nder i politiken p\u00e5 riksplanet eller vid den lokala niv\u00e5n i Kinda kommun. \/\/V\u00e5rt m\u00e5l \u00e4r ett samh\u00e4lle d\u00e4r friheten att forma sitt eget liv g\u00e5r hand i hand <a class=\"read-more-link\" href=\"https:\/\/wp.kristdemokraterna.se\/kinda\/\">Read More<\/a><\/p>\n","protected":false},"author":670,"featured_media":0,"parent":0,"menu_order":0,"comment_status":"closed","ping_status":"closed","template":"index.php","meta":{"_acf_changed":false,"footnotes":""},"class_list":["post-333","page","type-page","status-publish","hentry"],"acf":[],"yoast_head":"<!-- This site is optimized with the Yoast SEO plugin v27.4 - https:\/\/yoast.com\/product\/yoast-seo-wordpress\/ -->\n<title>Startsida - Kinda<\/title>\n<meta name=\"robots\" content=\"index, follow, max-snippet:-1, max-image-preview:large, max-video-preview:-1\" \/>\n<link rel=\"canonical\" href=\"https:\/\/wp.kristdemokraterna.se\/kinda\/\" \/>\n<meta property=\"og:locale\" content=\"sv_SE\" \/>\n<meta property=\"og:type\" content=\"article\" \/>\n<meta property=\"og:title\" content=\"Startsida - Kinda\" \/>\n<meta property=\"og:description\" content=\"P\u00e5 v\u00e5ran lokala Facebook sida f\u00f6r KD Kinda kan du f\u00f6lja med oss\u2026 F\u00f6r att se vad vi har f\u00f6r olika KD aktiviteter och vad som h\u00e4nder i politiken p\u00e5 riksplanet eller vid den lokala niv\u00e5n i Kinda kommun. \/\/V\u00e5rt m\u00e5l \u00e4r ett samh\u00e4lle d\u00e4r friheten att forma sitt eget liv g\u00e5r hand i hand Read More\" \/>\n<meta property=\"og:url\" content=\"https:\/\/wp.kristdemokraterna.se\/kinda\/\" \/>\n<meta property=\"og:site_name\" content=\"Kinda\" \/>\n<meta property=\"article:modified_time\" content=\"2023-02-21T22:23:28+00:00\" \/>\n<meta name=\"twitter:card\" content=\"summary_large_image\" \/>\n<meta name=\"twitter:label1\" content=\"Ber\u00e4knad l\u00e4stid\" \/>\n\t<meta name=\"twitter:data1\" content=\"1 minut\" \/>\n<script type=\"application\/ld+json\" class=\"yoast-schema-graph\">{\"@context\":\"https:\\\/\\\/schema.org\",\"@graph\":[{\"@type\":\"WebPage\",\"@id\":\"https:\\\/\\\/wp.kristdemokraterna.se\\\/kinda\\\/\",\"url\":\"https:\\\/\\\/wp.kristdemokraterna.se\\\/kinda\\\/\",\"name\":\"Startsida - Kinda\",\"isPartOf\":{\"@id\":\"https:\\\/\\\/wp.kristdemokraterna.se\\\/kinda\\\/#website\"},\"datePublished\":\"2018-07-17T06:48:41+00:00\",\"dateModified\":\"2023-02-21T22:23:28+00:00\",\"breadcrumb\":{\"@id\":\"https:\\\/\\\/wp.kristdemokraterna.se\\\/kinda\\\/#breadcrumb\"},\"inLanguage\":\"sv-SE\",\"potentialAction\":[{\"@type\":\"ReadAction\",\"target\":[\"https:\\\/\\\/wp.kristdemokraterna.se\\\/kinda\\\/\"]}]},{\"@type\":\"BreadcrumbList\",\"@id\":\"https:\\\/\\\/wp.kristdemokraterna.se\\\/kinda\\\/#breadcrumb\",\"itemListElement\":[{\"@type\":\"ListItem\",\"position\":1,\"name\":\"Hem\",\"item\":\"https:\\\/\\\/wp.kristdemokraterna.se\\\/kinda\\\/\"},{\"@type\":\"ListItem\",\"position\":2,\"name\":\"Startsida\"}]},{\"@type\":\"WebSite\",\"@id\":\"https:\\\/\\\/wp.kristdemokraterna.se\\\/kinda\\\/#website\",\"url\":\"https:\\\/\\\/wp.kristdemokraterna.se\\\/kinda\\\/\",\"name\":\"Kinda\",\"description\":\"Kristdemokraterna\",\"inLanguage\":\"sv-SE\"}]}<\/script>\n<!-- \/ Yoast SEO plugin. -->","yoast_head_json":{"title":"Startsida - Kinda","robots":{"index":"index","follow":"follow","max-snippet":"max-snippet:-1","max-image-preview":"max-image-preview:large","max-video-preview":"max-video-preview:-1"},"canonical":"https:\/\/wp.kristdemokraterna.se\/kinda\/","og_locale":"sv_SE","og_type":"article","og_title":"Startsida - Kinda","og_description":"P\u00e5 v\u00e5ran lokala Facebook sida f\u00f6r KD Kinda kan du f\u00f6lja med oss\u2026 F\u00f6r att se vad vi har f\u00f6r olika KD aktiviteter och vad som h\u00e4nder i politiken p\u00e5 riksplanet eller vid den lokala niv\u00e5n i Kinda kommun. \/\/V\u00e5rt m\u00e5l \u00e4r ett samh\u00e4lle d\u00e4r friheten att forma sitt eget liv g\u00e5r hand i hand Read More","og_url":"https:\/\/wp.kristdemokraterna.se\/kinda\/","og_site_name":"Kinda","article_modified_time":"2023-02-21T22:23:28+00:00","twitter_card":"summary_large_image","twitter_misc":{"Ber\u00e4knad l\u00e4stid":"1 minut"},"schema":{"@context":"https:\/\/schema.org","@graph":[{"@type":"WebPage","@id":"https:\/\/wp.kristdemokraterna.se\/kinda\/","url":"https:\/\/wp.kristdemokraterna.se\/kinda\/","name":"Startsida - Kinda","isPartOf":{"@id":"https:\/\/wp.kristdemokraterna.se\/kinda\/#website"},"datePublished":"2018-07-17T06:48:41+00:00","dateModified":"2023-02-21T22:23:28+00:00","breadcrumb":{"@id":"https:\/\/wp.kristdemokraterna.se\/kinda\/#breadcrumb"},"inLanguage":"sv-SE","potentialAction":[{"@type":"ReadAction","target":["https:\/\/wp.kristdemokraterna.se\/kinda\/"]}]},{"@type":"BreadcrumbList","@id":"https:\/\/wp.kristdemokraterna.se\/kinda\/#breadcrumb","itemListElement":[{"@type":"ListItem","position":1,"name":"Hem","item":"https:\/\/wp.kristdemokraterna.se\/kinda\/"},{"@type":"ListItem","position":2,"name":"Startsida"}]},{"@type":"WebSite","@id":"https:\/\/wp.kristdemokraterna.se\/kinda\/#website","url":"https:\/\/wp.kristdemokraterna.se\/kinda\/","name":"Kinda","description":"Kristdemokraterna","inLanguage":"sv-SE"}]}},"_links":{"self":[{"href":"https:\/\/wp.kristdemokraterna.se\/kinda\/wp-json\/wp\/v2\/pages\/333","targetHints":{"allow":["GET"]}}],"collection":[{"href":"https:\/\/wp.kristdemokraterna.se\/kinda\/wp-json\/wp\/v2\/pages"}],"about":[{"href":"https:\/\/wp.kristdemokraterna.se\/kinda\/wp-json\/wp\/v2\/types\/page"}],"author":[{"embeddable":true,"href":"https:\/\/wp.kristdemokraterna.se\/kinda\/wp-json\/wp\/v2\/users\/670"}],"replies":[{"embeddable":true,"href":"https:\/\/wp.kristdemokraterna.se\/kinda\/wp-json\/wp\/v2\/comments?post=333"}],"version-history":[{"count":38,"href":"https:\/\/wp.kristdemokraterna.se\/kinda\/wp-json\/wp\/v2\/pages\/333\/revisions"}],"predecessor-version":[{"id":548,"href":"https:\/\/wp.kristdemokraterna.se\/kinda\/wp-json\/wp\/v2\/pages\/333\/revisions\/548"}],"wp:attachment":[{"href":"https:\/\/wp.kristdemokraterna.se\/kinda\/wp-json\/wp\/v2\/media?parent=333"}],"curies":[{"name":"wp","href":"https:\/\/api.w.org\/{rel}","templated":true}]}}