{"id":354,"date":"2018-07-17T13:38:44","date_gmt":"2018-07-17T11:38:44","guid":{"rendered":"http:\/\/wp.kristdemokraterna.se\/kinda\/?page_id=354"},"modified":"2018-07-19T12:38:36","modified_gmt":"2018-07-19T10:38:36","slug":"om-oss","status":"publish","type":"page","link":"https:\/\/wp.kristdemokraterna.se\/kinda\/om-oss\/","title":{"rendered":"V\u00e5r Partiavdelning"},"content":{"rendered":"<div id=\"ctl00_AllAreaPlaceHolder_MainContentArea_PageHeader1_pnlHeading\">\n<p><img loading=\"lazy\" decoding=\"async\" class=\"alignnone wp-image-358\" src=\"http:\/\/wp.kristdemokraterna.se\/kinda\/files\/2018\/07\/36368832_1662493900453859_2175169793169031168_n.jpg\" alt=\"\" width=\"514\" height=\"263\" srcset=\"https:\/\/wp.kristdemokraterna.se\/kinda\/files\/2018\/07\/36368832_1662493900453859_2175169793169031168_n.jpg 960w, https:\/\/wp.kristdemokraterna.se\/kinda\/files\/2018\/07\/36368832_1662493900453859_2175169793169031168_n-300x153.jpg 300w, https:\/\/wp.kristdemokraterna.se\/kinda\/files\/2018\/07\/36368832_1662493900453859_2175169793169031168_n-768x393.jpg 768w, https:\/\/wp.kristdemokraterna.se\/kinda\/files\/2018\/07\/36368832_1662493900453859_2175169793169031168_n-370x189.jpg 370w, https:\/\/wp.kristdemokraterna.se\/kinda\/files\/2018\/07\/36368832_1662493900453859_2175169793169031168_n-770x394.jpg 770w, https:\/\/wp.kristdemokraterna.se\/kinda\/files\/2018\/07\/36368832_1662493900453859_2175169793169031168_n-450x230.jpg 450w, https:\/\/wp.kristdemokraterna.se\/kinda\/files\/2018\/07\/36368832_1662493900453859_2175169793169031168_n-280x143.jpg 280w, https:\/\/wp.kristdemokraterna.se\/kinda\/files\/2018\/07\/36368832_1662493900453859_2175169793169031168_n-340x174.jpg 340w, https:\/\/wp.kristdemokraterna.se\/kinda\/files\/2018\/07\/36368832_1662493900453859_2175169793169031168_n-200x102.jpg 200w, https:\/\/wp.kristdemokraterna.se\/kinda\/files\/2018\/07\/36368832_1662493900453859_2175169793169031168_n-109x56.jpg 109w\" sizes=\"auto, (max-width: 514px) 100vw, 514px\" \/><\/p>\n<p><strong>Kristdemokraterna i Kinda arbetar f\u00f6r ett samh\u00e4lle d\u00e4r alla\u00a0tar ansvar och bryr sig om varandra. V\u00e5ra mest prioriterade omr\u00e5den \u00e4r barn och familj, jobb och \u00e4ldres ekonomi, v\u00e5rd och omsorg samt trygghetsfr\u00e5gor<\/strong>.<\/p>\n<\/div>\n<div>\n<p>Vi vill g\u00f6ra Kinda till v\u00e4rldens b\u00e4sta kommun att v\u00e4xa upp i. V\u00e5r\u00a0politik\u00a0k\u00e4nnetecknas av v\u00e5r syn p\u00e5 familjens betydelse, p\u00e5 det civila samh\u00e4llets viktiga roll och politikens gr\u00e4nser.<\/p>\n<\/div>\n","protected":false},"excerpt":{"rendered":"<p>Kristdemokraterna i Kinda arbetar f\u00f6r ett samh\u00e4lle d\u00e4r alla\u00a0tar ansvar och bryr sig om varandra. V\u00e5ra mest prioriterade omr\u00e5den \u00e4r barn och familj, jobb och \u00e4ldres ekonomi, v\u00e5rd och omsorg samt trygghetsfr\u00e5gor. Vi vill g\u00f6ra Kinda till v\u00e4rldens b\u00e4sta kommun att v\u00e4xa upp i. V\u00e5r\u00a0politik\u00a0k\u00e4nnetecknas av v\u00e5r syn p\u00e5 familjens betydelse, p\u00e5 det civila samh\u00e4llets <a class=\"read-more-link\" href=\"https:\/\/wp.kristdemokraterna.se\/kinda\/om-oss\/\">Read More<\/a><\/p>\n","protected":false},"author":670,"featured_media":0,"parent":0,"menu_order":0,"comment_status":"closed","ping_status":"closed","template":"","meta":{"_acf_changed":false,"footnotes":""},"class_list":["post-354","page","type-page","status-publish","hentry"],"acf":[],"yoast_head":"<!-- This site is optimized with the Yoast SEO plugin v27.4 - https:\/\/yoast.com\/product\/yoast-seo-wordpress\/ -->\n<title>V\u00e5r Partiavdelning - Kinda<\/title>\n<meta name=\"robots\" content=\"index, follow, max-snippet:-1, max-image-preview:large, max-video-preview:-1\" \/>\n<link rel=\"canonical\" href=\"https:\/\/wp.kristdemokraterna.se\/kinda\/om-oss\/\" \/>\n<meta property=\"og:locale\" content=\"sv_SE\" \/>\n<meta property=\"og:type\" content=\"article\" \/>\n<meta property=\"og:title\" content=\"V\u00e5r Partiavdelning - Kinda\" \/>\n<meta property=\"og:description\" content=\"Kristdemokraterna i Kinda arbetar f\u00f6r ett samh\u00e4lle d\u00e4r alla\u00a0tar ansvar och bryr sig om varandra. V\u00e5ra mest prioriterade omr\u00e5den \u00e4r barn och familj, jobb och \u00e4ldres ekonomi, v\u00e5rd och omsorg samt trygghetsfr\u00e5gor. Vi vill g\u00f6ra Kinda till v\u00e4rldens b\u00e4sta kommun att v\u00e4xa upp i. V\u00e5r\u00a0politik\u00a0k\u00e4nnetecknas av v\u00e5r syn p\u00e5 familjens betydelse, p\u00e5 det civila samh\u00e4llets Read More\" \/>\n<meta property=\"og:url\" content=\"https:\/\/wp.kristdemokraterna.se\/kinda\/om-oss\/\" \/>\n<meta property=\"og:site_name\" content=\"Kinda\" \/>\n<meta property=\"article:modified_time\" content=\"2018-07-19T10:38:36+00:00\" \/>\n<meta property=\"og:image\" content=\"http:\/\/wp.kristdemokraterna.se\/kinda\/files\/2018\/07\/36368832_1662493900453859_2175169793169031168_n.jpg\" \/>\n<meta name=\"twitter:card\" content=\"summary_large_image\" \/>\n<script type=\"application\/ld+json\" class=\"yoast-schema-graph\">{\"@context\":\"https:\\\/\\\/schema.org\",\"@graph\":[{\"@type\":\"WebPage\",\"@id\":\"https:\\\/\\\/wp.kristdemokraterna.se\\\/kinda\\\/om-oss\\\/\",\"url\":\"https:\\\/\\\/wp.kristdemokraterna.se\\\/kinda\\\/om-oss\\\/\",\"name\":\"V\u00e5r Partiavdelning - Kinda\",\"isPartOf\":{\"@id\":\"https:\\\/\\\/wp.kristdemokraterna.se\\\/kinda\\\/#website\"},\"primaryImageOfPage\":{\"@id\":\"https:\\\/\\\/wp.kristdemokraterna.se\\\/kinda\\\/om-oss\\\/#primaryimage\"},\"image\":{\"@id\":\"https:\\\/\\\/wp.kristdemokraterna.se\\\/kinda\\\/om-oss\\\/#primaryimage\"},\"thumbnailUrl\":\"http:\\\/\\\/wp.kristdemokraterna.se\\\/kinda\\\/files\\\/2018\\\/07\\\/36368832_1662493900453859_2175169793169031168_n.jpg\",\"datePublished\":\"2018-07-17T11:38:44+00:00\",\"dateModified\":\"2018-07-19T10:38:36+00:00\",\"breadcrumb\":{\"@id\":\"https:\\\/\\\/wp.kristdemokraterna.se\\\/kinda\\\/om-oss\\\/#breadcrumb\"},\"inLanguage\":\"sv-SE\",\"potentialAction\":[{\"@type\":\"ReadAction\",\"target\":[\"https:\\\/\\\/wp.kristdemokraterna.se\\\/kinda\\\/om-oss\\\/\"]}]},{\"@type\":\"ImageObject\",\"inLanguage\":\"sv-SE\",\"@id\":\"https:\\\/\\\/wp.kristdemokraterna.se\\\/kinda\\\/om-oss\\\/#primaryimage\",\"url\":\"https:\\\/\\\/wp.kristdemokraterna.se\\\/kinda\\\/files\\\/2018\\\/07\\\/36368832_1662493900453859_2175169793169031168_n.jpg\",\"contentUrl\":\"https:\\\/\\\/wp.kristdemokraterna.se\\\/kinda\\\/files\\\/2018\\\/07\\\/36368832_1662493900453859_2175169793169031168_n.jpg\",\"width\":960,\"height\":491},{\"@type\":\"BreadcrumbList\",\"@id\":\"https:\\\/\\\/wp.kristdemokraterna.se\\\/kinda\\\/om-oss\\\/#breadcrumb\",\"itemListElement\":[{\"@type\":\"ListItem\",\"position\":1,\"name\":\"Hem\",\"item\":\"https:\\\/\\\/wp.kristdemokraterna.se\\\/kinda\\\/\"},{\"@type\":\"ListItem\",\"position\":2,\"name\":\"V\u00e5r Partiavdelning\"}]},{\"@type\":\"WebSite\",\"@id\":\"https:\\\/\\\/wp.kristdemokraterna.se\\\/kinda\\\/#website\",\"url\":\"https:\\\/\\\/wp.kristdemokraterna.se\\\/kinda\\\/\",\"name\":\"Kinda\",\"description\":\"Kristdemokraterna\",\"inLanguage\":\"sv-SE\"}]}<\/script>\n<!-- \/ Yoast SEO plugin. -->","yoast_head_json":{"title":"V\u00e5r Partiavdelning - Kinda","robots":{"index":"index","follow":"follow","max-snippet":"max-snippet:-1","max-image-preview":"max-image-preview:large","max-video-preview":"max-video-preview:-1"},"canonical":"https:\/\/wp.kristdemokraterna.se\/kinda\/om-oss\/","og_locale":"sv_SE","og_type":"article","og_title":"V\u00e5r Partiavdelning - Kinda","og_description":"Kristdemokraterna i Kinda arbetar f\u00f6r ett samh\u00e4lle d\u00e4r alla\u00a0tar ansvar och bryr sig om varandra. V\u00e5ra mest prioriterade omr\u00e5den \u00e4r barn och familj, jobb och \u00e4ldres ekonomi, v\u00e5rd och omsorg samt trygghetsfr\u00e5gor. Vi vill g\u00f6ra Kinda till v\u00e4rldens b\u00e4sta kommun att v\u00e4xa upp i. V\u00e5r\u00a0politik\u00a0k\u00e4nnetecknas av v\u00e5r syn p\u00e5 familjens betydelse, p\u00e5 det civila samh\u00e4llets Read More","og_url":"https:\/\/wp.kristdemokraterna.se\/kinda\/om-oss\/","og_site_name":"Kinda","article_modified_time":"2018-07-19T10:38:36+00:00","og_image":[{"url":"http:\/\/wp.kristdemokraterna.se\/kinda\/files\/2018\/07\/36368832_1662493900453859_2175169793169031168_n.jpg","type":"","width":"","height":""}],"twitter_card":"summary_large_image","schema":{"@context":"https:\/\/schema.org","@graph":[{"@type":"WebPage","@id":"https:\/\/wp.kristdemokraterna.se\/kinda\/om-oss\/","url":"https:\/\/wp.kristdemokraterna.se\/kinda\/om-oss\/","name":"V\u00e5r Partiavdelning - Kinda","isPartOf":{"@id":"https:\/\/wp.kristdemokraterna.se\/kinda\/#website"},"primaryImageOfPage":{"@id":"https:\/\/wp.kristdemokraterna.se\/kinda\/om-oss\/#primaryimage"},"image":{"@id":"https:\/\/wp.kristdemokraterna.se\/kinda\/om-oss\/#primaryimage"},"thumbnailUrl":"http:\/\/wp.kristdemokraterna.se\/kinda\/files\/2018\/07\/36368832_1662493900453859_2175169793169031168_n.jpg","datePublished":"2018-07-17T11:38:44+00:00","dateModified":"2018-07-19T10:38:36+00:00","breadcrumb":{"@id":"https:\/\/wp.kristdemokraterna.se\/kinda\/om-oss\/#breadcrumb"},"inLanguage":"sv-SE","potentialAction":[{"@type":"ReadAction","target":["https:\/\/wp.kristdemokraterna.se\/kinda\/om-oss\/"]}]},{"@type":"ImageObject","inLanguage":"sv-SE","@id":"https:\/\/wp.kristdemokraterna.se\/kinda\/om-oss\/#primaryimage","url":"https:\/\/wp.kristdemokraterna.se\/kinda\/files\/2018\/07\/36368832_1662493900453859_2175169793169031168_n.jpg","contentUrl":"https:\/\/wp.kristdemokraterna.se\/kinda\/files\/2018\/07\/36368832_1662493900453859_2175169793169031168_n.jpg","width":960,"height":491},{"@type":"BreadcrumbList","@id":"https:\/\/wp.kristdemokraterna.se\/kinda\/om-oss\/#breadcrumb","itemListElement":[{"@type":"ListItem","position":1,"name":"Hem","item":"https:\/\/wp.kristdemokraterna.se\/kinda\/"},{"@type":"ListItem","position":2,"name":"V\u00e5r Partiavdelning"}]},{"@type":"WebSite","@id":"https:\/\/wp.kristdemokraterna.se\/kinda\/#website","url":"https:\/\/wp.kristdemokraterna.se\/kinda\/","name":"Kinda","description":"Kristdemokraterna","inLanguage":"sv-SE"}]}},"_links":{"self":[{"href":"https:\/\/wp.kristdemokraterna.se\/kinda\/wp-json\/wp\/v2\/pages\/354","targetHints":{"allow":["GET"]}}],"collection":[{"href":"https:\/\/wp.kristdemokraterna.se\/kinda\/wp-json\/wp\/v2\/pages"}],"about":[{"href":"https:\/\/wp.kristdemokraterna.se\/kinda\/wp-json\/wp\/v2\/types\/page"}],"author":[{"embeddable":true,"href":"https:\/\/wp.kristdemokraterna.se\/kinda\/wp-json\/wp\/v2\/users\/670"}],"replies":[{"embeddable":true,"href":"https:\/\/wp.kristdemokraterna.se\/kinda\/wp-json\/wp\/v2\/comments?post=354"}],"version-history":[{"count":6,"href":"https:\/\/wp.kristdemokraterna.se\/kinda\/wp-json\/wp\/v2\/pages\/354\/revisions"}],"predecessor-version":[{"id":454,"href":"https:\/\/wp.kristdemokraterna.se\/kinda\/wp-json\/wp\/v2\/pages\/354\/revisions\/454"}],"wp:attachment":[{"href":"https:\/\/wp.kristdemokraterna.se\/kinda\/wp-json\/wp\/v2\/media?parent=354"}],"curies":[{"name":"wp","href":"https:\/\/api.w.org\/{rel}","templated":true}]}}