{"id":36,"date":"2014-09-03T13:49:17","date_gmt":"2014-09-03T11:49:17","guid":{"rendered":"http:\/\/wp.kristdemokraterna.se\/kinda\/?page_id=36"},"modified":"2014-09-04T16:15:05","modified_gmt":"2014-09-04T14:15:05","slug":"valtidning-2014","status":"publish","type":"page","link":"https:\/\/wp.kristdemokraterna.se\/kinda\/valet2014\/valtidning-2014\/","title":{"rendered":"Valtidning 2014"},"content":{"rendered":"<div id=\"attachment_20\" style=\"width: 189px\" class=\"wp-caption alignleft\"><img loading=\"lazy\" decoding=\"async\" aria-describedby=\"caption-attachment-20\" class=\"wp-image-20\" src=\"http:\/\/wp.kristdemokraterna.se\/kinda\/files\/2014\/08\/dscn7648-300x225.jpg\" alt=\"DSCN7648\" width=\"179\" height=\"134\" srcset=\"https:\/\/wp.kristdemokraterna.se\/kinda\/files\/2014\/08\/dscn7648-300x225.jpg 300w, https:\/\/wp.kristdemokraterna.se\/kinda\/files\/2014\/08\/dscn7648-1024x768.jpg 1024w, https:\/\/wp.kristdemokraterna.se\/kinda\/files\/2014\/08\/dscn7648-461x346.jpg 461w, https:\/\/wp.kristdemokraterna.se\/kinda\/files\/2014\/08\/dscn7648-149x112.jpg 149w\" sizes=\"auto, (max-width: 179px) 100vw, 179px\" \/><p id=\"caption-attachment-20\" class=\"wp-caption-text\">Lena K\u00e4cker Johansson<\/p><\/div>\n<p><strong><br \/>\nHur f\u00e5r du ihop vardagen?<br \/>\n<\/strong>F\u00f6rs\u00f6ker du ocks\u00e5 f\u00e5 ihop livets olika delar; h\u00e4mtningar och l\u00e4mningar, familjeliv, aktiva fritidsintressen, arbetsliv och allt det som h\u00f6r vardagen till? Du \u00e4r inte ensam.<\/p>\n<p>M\u00e5nga slits mellan olika viljor och krav, hemma och p\u00e5 jobbet. S\u00e5 \u00e4r det, och s\u00e5 kommer det s\u00e4kert alltid att vara. Men vi kristdemokrater vill g\u00f6ra vad vi kan f\u00f6r att underl\u00e4tta f\u00f6r familjer, s\u00e5 att det blir l\u00e4ttare att f\u00e5 ihop vardagen.<\/p>\n<p>V\u00e5r tids kanske viktigaste utmaning \u00e4r att barn och unga ska f\u00e5 en god uppv\u00e4xt. V\u00e5r kommun ska erbjuda bra barnomsorg och en skola d\u00e4r varje barn f\u00e5r utvecklas utifr\u00e5n sina egna f\u00f6ruts\u00e4ttningar. Vuxna, s\u00e5v\u00e4l f\u00f6r\u00e4ldrar som l\u00e4rare och fotbollsledare, ska ges tid f\u00f6r barnen. F\u00f6r vi vet att det \u00e4r grunden till att barn m\u00e5r bra. Vi ska ge barn som far illa den hj\u00e4lp de beh\u00f6ver. En barndom g\u00e5r inte i repris.<\/p>\n<p>Vi s\u00f6ker ditt f\u00f6rtroende f\u00f6r att arbeta f\u00f6r att Kinda ska bli en \u00e4nnu b\u00e4ttre kommun att v\u00e4xa upp i. R\u00f6sta p\u00e5 Kristdemokraterna den 14 september.<\/p>\n<p><strong>Kinda ska bli b\u00e4st att v\u00e4xa upp i<\/strong><br \/>\nGoda villkor f\u00f6r familjerna ger v\u00e5ra barn en bra start i livet. Genom att satsa p\u00e5 de minsta bygger vi ett gott samh\u00e4lle och en b\u00e4ttre framtid f\u00f6r oss alla.<\/p>\n<p>\u2013 B\u00e5de f\u00f6r\u00e4ldrar och barn beh\u00f6ver tid med varandra. D\u00e4rf\u00f6r m\u00e5ste familjer sj\u00e4lva kunna v\u00e4lja det liv som passar dem b\u00e4st. Vi n\u00f6jer oss aldrig med mindre \u00e4n riktigt bra barnomsorg och skola, s\u00e4ger Lena K\u00e4cker Johansson.<\/p>\n<p>Kvaliteten i f\u00f6rskolan \u00e4r viktig, f\u00f6r b\u00e5de barn och f\u00f6r\u00e4ldrar. F\u00f6r de minsta \u00e4r tryggheten i den lilla gruppen viktigast. D\u00e4rf\u00f6r vill vi ha sm\u00e5 barngrupper i f\u00f6rskolan och ett maxtak f\u00f6r gruppernas storlek. F\u00f6r\u00e4ldrar ska k\u00e4nna sig trygga med att deras barn f\u00e5r omsorg i en bra verksamhet. F\u00f6r\u00e4ldrar som vill v\u00e4lja en annan barnomsorg ska ocks\u00e5 ha frihet att g\u00f6ra det. Vi vill st\u00e4rka familjedaghemmen och skapa \u00f6kade valm\u00f6jligheter med barnomsorgspeng och v\u00e5rdnadsbidrag.<\/p>\n<p>Vi vill ocks\u00e5 lyfta skolan och l\u00e4rarna. Varje elev ska f\u00e5 m\u00f6jlighet att utvecklas utifr\u00e5n sina egna f\u00f6ruts\u00e4ttningar. L\u00e4rare ska ges goda utvecklingsm\u00f6jligheter och l\u00f6n som motsvarar deras viktiga uppdrag. Skolan ska ge kunskap f\u00f6r arbetslivet, men ocks\u00e5 bildning f\u00f6r hela livet. Nolltolerans mot mobbing, kr\u00e4nkande behandling, klotter och d\u00e5lig skolmilj\u00f6 \u00e4r en n\u00f6dv\u00e4ndighet.<\/p>\n<p>Det goda samarbetet mellan f\u00f6retag, skolan och kommunen i stort vill vi utveckla \u00e4nnu mer, inte minst f\u00f6r att v\u00e5ra unga ska k\u00e4nna framtidstro och finna arbete. L\u00e4rlings- och praktikplatser kan ocks\u00e5 utvecklas \u00e4n mer. Samarbete med ideella organisationer \u00e4r ocks\u00e5 centrala f\u00f6r kommunens framtid och utveckling.<\/p>\n<p>S\u00e5 g\u00f6r vi Kinda till Sveriges b\u00e4sta kommun att v\u00e4xa upp i!<\/p>\n<p><strong>Ett bra liv \u2013 hela livet!<\/strong><br \/>\nN\u00e4r vi blir \u00e4ldre blir kr\u00e4mporna fler. Kroppen s\u00e4ger ifr\u00e5n efter \u00e5r av arbete och aktivitet. Men vi \u00e4r fortfarande de vi \u00e4r, oavsett \u00e5lder. Och vi har r\u00e4tt att best\u00e4mma \u00f6ver v\u00e5ra egna liv.<\/p>\n<p>Vi kristdemokrater vill att alla ska kunna leva ett aktivt liv utifr\u00e5n sina egna f\u00f6ruts\u00e4ttningar. Med inflytande i samh\u00e4llet och \u00f6ver den egna vardagen. Det kan handla om att v\u00e4lja \u00e4ldreboende eller kunna p\u00e5verka vilka tider hemtj\u00e4nstpersonalen kommer. Den som vill och orkar ska ocks\u00e5 ha m\u00f6jlighet att forts\u00e4tta att arbeta.<\/p>\n<p>Vi ska st\u00e4lla h\u00f6ga krav p\u00e5 en trygg och v\u00e4rdig \u00e4ldreomsorg. Personalen ska ha goda arbetsvillkor och kunna ge den hj\u00e4lp som beh\u00f6vs. Det ska serveras bra mat och finnas tid f\u00f6r en stunds gemenskap kring middagsbordet.<\/p>\n<p>\u00c4ven insatser som g\u00f6rs av familj, v\u00e4nner, kyrkor och andra ideella krafter \u00e4r viktiga. Inte minst f\u00f6r att fylla m\u00e4nniskors behov av n\u00e4rhet och gemenskap. Vi lovar att forts\u00e4tta att arbeta f\u00f6r att vi ska kunna leva livet, hela livet.<\/p>\n<p><strong>Det h\u00e4r vill Kristdemokraterna g\u00f6ra i Kinda<\/strong><br \/>\n\u2022 Minska barngruppernas storlek i f\u00f6rskola och p\u00e5 fritids \u2013 inf\u00f6r ett maxtak f\u00f6r gruppernas storlek.<br \/>\n\u2022 Garantera valfrihet i barnomsorgen genom v\u00e5rdnadsbidrag eller barnomsorgspeng.<br \/>\n\u2022 H\u00f6g kvalitet p\u00e5 maten i skola och \u00e4ldreomsorg, tillagad n\u00e4ra.<br \/>\n\u2022 Ge \u00e4ldre r\u00e4tt att v\u00e4lja \u00e4ldreomsorg, hemtj\u00e4nst och hemlevererad mat.<br \/>\n\u2022 Praktikplatser s\u00e5 att arbetsl\u00f6sa l\u00e4ttare kan f\u00e5 jobb, s\u00e4rskilt unga.<br \/>\n\u2022 B\u00e4ttre villkor f\u00f6r f\u00f6retagande \u2013 tydligg\u00f6ra kommunens \u00e5tagande genom tj\u00e4nstegarantier.<br \/>\n\u2022 Distriktssk\u00f6terskemottagningar i Horn och Rimforsa.<br \/>\n\u2022 Resurser och samarbete f\u00f6r god integration f\u00f6r nyanl\u00e4nda, inte minst i f\u00f6rskola och skola.<br \/>\n\u2022 Hela Kinda ska leva!<\/p>\n<p><a href=\"http:\/\/wp.kristdemokraterna.se\/kinda\/files\/2014\/09\/k13526kinda.pdf\" target=\"_blank\">K13526Kinda<\/a>\u00a0 <em>(pdf)<\/em><\/p>\n<p>&nbsp;<\/p>\n","protected":false},"excerpt":{"rendered":"<p>Hur f\u00e5r du ihop vardagen? F\u00f6rs\u00f6ker du ocks\u00e5 f\u00e5 ihop livets olika delar; h\u00e4mtningar och l\u00e4mningar, familjeliv, aktiva fritidsintressen, arbetsliv och allt det som h\u00f6r vardagen till? Du \u00e4r inte ensam. M\u00e5nga slits mellan olika viljor och krav, hemma och p\u00e5 jobbet. S\u00e5 \u00e4r det, och s\u00e5 kommer det s\u00e4kert alltid att vara. Men vi <a class=\"read-more-link\" href=\"https:\/\/wp.kristdemokraterna.se\/kinda\/valet2014\/valtidning-2014\/\">Read More<\/a><\/p>\n","protected":false},"author":670,"featured_media":0,"parent":30,"menu_order":0,"comment_status":"closed","ping_status":"closed","template":"","meta":{"_acf_changed":false,"footnotes":""},"class_list":["post-36","page","type-page","status-publish","hentry"],"acf":[],"yoast_head":"<!-- This site is optimized with the Yoast SEO plugin v27.3 - https:\/\/yoast.com\/product\/yoast-seo-wordpress\/ -->\n<title>Valtidning 2014 - Kinda<\/title>\n<meta name=\"robots\" content=\"index, follow, max-snippet:-1, max-image-preview:large, max-video-preview:-1\" \/>\n<link rel=\"canonical\" href=\"https:\/\/wp.kristdemokraterna.se\/kinda\/valet2014\/valtidning-2014\/\" \/>\n<meta property=\"og:locale\" content=\"sv_SE\" \/>\n<meta property=\"og:type\" content=\"article\" \/>\n<meta property=\"og:title\" content=\"Valtidning 2014 - Kinda\" \/>\n<meta property=\"og:description\" content=\"Hur f\u00e5r du ihop vardagen? F\u00f6rs\u00f6ker du ocks\u00e5 f\u00e5 ihop livets olika delar; h\u00e4mtningar och l\u00e4mningar, familjeliv, aktiva fritidsintressen, arbetsliv och allt det som h\u00f6r vardagen till? Du \u00e4r inte ensam. M\u00e5nga slits mellan olika viljor och krav, hemma och p\u00e5 jobbet. S\u00e5 \u00e4r det, och s\u00e5 kommer det s\u00e4kert alltid att vara. Men vi Read More\" \/>\n<meta property=\"og:url\" content=\"https:\/\/wp.kristdemokraterna.se\/kinda\/valet2014\/valtidning-2014\/\" \/>\n<meta property=\"og:site_name\" content=\"Kinda\" \/>\n<meta property=\"article:modified_time\" content=\"2014-09-04T14:15:05+00:00\" \/>\n<meta property=\"og:image\" content=\"http:\/\/wp.kristdemokraterna.se\/kinda\/files\/2014\/08\/dscn7648-300x225.jpg\" \/>\n<meta name=\"twitter:card\" content=\"summary_large_image\" \/>\n<meta name=\"twitter:label1\" content=\"Ber\u00e4knad l\u00e4stid\" \/>\n\t<meta name=\"twitter:data1\" content=\"4 minuter\" \/>\n<script type=\"application\/ld+json\" class=\"yoast-schema-graph\">{\"@context\":\"https:\\\/\\\/schema.org\",\"@graph\":[{\"@type\":\"WebPage\",\"@id\":\"https:\\\/\\\/wp.kristdemokraterna.se\\\/kinda\\\/valet2014\\\/valtidning-2014\\\/\",\"url\":\"https:\\\/\\\/wp.kristdemokraterna.se\\\/kinda\\\/valet2014\\\/valtidning-2014\\\/\",\"name\":\"Valtidning 2014 - Kinda\",\"isPartOf\":{\"@id\":\"https:\\\/\\\/wp.kristdemokraterna.se\\\/kinda\\\/#website\"},\"primaryImageOfPage\":{\"@id\":\"https:\\\/\\\/wp.kristdemokraterna.se\\\/kinda\\\/valet2014\\\/valtidning-2014\\\/#primaryimage\"},\"image\":{\"@id\":\"https:\\\/\\\/wp.kristdemokraterna.se\\\/kinda\\\/valet2014\\\/valtidning-2014\\\/#primaryimage\"},\"thumbnailUrl\":\"http:\\\/\\\/wp.kristdemokraterna.se\\\/kinda\\\/files\\\/2014\\\/08\\\/dscn7648-300x225.jpg\",\"datePublished\":\"2014-09-03T11:49:17+00:00\",\"dateModified\":\"2014-09-04T14:15:05+00:00\",\"breadcrumb\":{\"@id\":\"https:\\\/\\\/wp.kristdemokraterna.se\\\/kinda\\\/valet2014\\\/valtidning-2014\\\/#breadcrumb\"},\"inLanguage\":\"sv-SE\",\"potentialAction\":[{\"@type\":\"ReadAction\",\"target\":[\"https:\\\/\\\/wp.kristdemokraterna.se\\\/kinda\\\/valet2014\\\/valtidning-2014\\\/\"]}]},{\"@type\":\"ImageObject\",\"inLanguage\":\"sv-SE\",\"@id\":\"https:\\\/\\\/wp.kristdemokraterna.se\\\/kinda\\\/valet2014\\\/valtidning-2014\\\/#primaryimage\",\"url\":\"http:\\\/\\\/wp.kristdemokraterna.se\\\/kinda\\\/files\\\/2014\\\/08\\\/dscn7648-300x225.jpg\",\"contentUrl\":\"http:\\\/\\\/wp.kristdemokraterna.se\\\/kinda\\\/files\\\/2014\\\/08\\\/dscn7648-300x225.jpg\"},{\"@type\":\"BreadcrumbList\",\"@id\":\"https:\\\/\\\/wp.kristdemokraterna.se\\\/kinda\\\/valet2014\\\/valtidning-2014\\\/#breadcrumb\",\"itemListElement\":[{\"@type\":\"ListItem\",\"position\":1,\"name\":\"Hem\",\"item\":\"https:\\\/\\\/wp.kristdemokraterna.se\\\/kinda\\\/\"},{\"@type\":\"ListItem\",\"position\":2,\"name\":\"Valet 14 sept 2014\",\"item\":\"https:\\\/\\\/wp.kristdemokraterna.se\\\/kinda\\\/valet2014\\\/\"},{\"@type\":\"ListItem\",\"position\":3,\"name\":\"Valtidning 2014\"}]},{\"@type\":\"WebSite\",\"@id\":\"https:\\\/\\\/wp.kristdemokraterna.se\\\/kinda\\\/#website\",\"url\":\"https:\\\/\\\/wp.kristdemokraterna.se\\\/kinda\\\/\",\"name\":\"Kinda\",\"description\":\"Kristdemokraterna\",\"inLanguage\":\"sv-SE\"}]}<\/script>\n<!-- \/ Yoast SEO plugin. -->","yoast_head_json":{"title":"Valtidning 2014 - Kinda","robots":{"index":"index","follow":"follow","max-snippet":"max-snippet:-1","max-image-preview":"max-image-preview:large","max-video-preview":"max-video-preview:-1"},"canonical":"https:\/\/wp.kristdemokraterna.se\/kinda\/valet2014\/valtidning-2014\/","og_locale":"sv_SE","og_type":"article","og_title":"Valtidning 2014 - Kinda","og_description":"Hur f\u00e5r du ihop vardagen? F\u00f6rs\u00f6ker du ocks\u00e5 f\u00e5 ihop livets olika delar; h\u00e4mtningar och l\u00e4mningar, familjeliv, aktiva fritidsintressen, arbetsliv och allt det som h\u00f6r vardagen till? Du \u00e4r inte ensam. M\u00e5nga slits mellan olika viljor och krav, hemma och p\u00e5 jobbet. S\u00e5 \u00e4r det, och s\u00e5 kommer det s\u00e4kert alltid att vara. Men vi Read More","og_url":"https:\/\/wp.kristdemokraterna.se\/kinda\/valet2014\/valtidning-2014\/","og_site_name":"Kinda","article_modified_time":"2014-09-04T14:15:05+00:00","og_image":[{"url":"http:\/\/wp.kristdemokraterna.se\/kinda\/files\/2014\/08\/dscn7648-300x225.jpg","type":"","width":"","height":""}],"twitter_card":"summary_large_image","twitter_misc":{"Ber\u00e4knad l\u00e4stid":"4 minuter"},"schema":{"@context":"https:\/\/schema.org","@graph":[{"@type":"WebPage","@id":"https:\/\/wp.kristdemokraterna.se\/kinda\/valet2014\/valtidning-2014\/","url":"https:\/\/wp.kristdemokraterna.se\/kinda\/valet2014\/valtidning-2014\/","name":"Valtidning 2014 - Kinda","isPartOf":{"@id":"https:\/\/wp.kristdemokraterna.se\/kinda\/#website"},"primaryImageOfPage":{"@id":"https:\/\/wp.kristdemokraterna.se\/kinda\/valet2014\/valtidning-2014\/#primaryimage"},"image":{"@id":"https:\/\/wp.kristdemokraterna.se\/kinda\/valet2014\/valtidning-2014\/#primaryimage"},"thumbnailUrl":"http:\/\/wp.kristdemokraterna.se\/kinda\/files\/2014\/08\/dscn7648-300x225.jpg","datePublished":"2014-09-03T11:49:17+00:00","dateModified":"2014-09-04T14:15:05+00:00","breadcrumb":{"@id":"https:\/\/wp.kristdemokraterna.se\/kinda\/valet2014\/valtidning-2014\/#breadcrumb"},"inLanguage":"sv-SE","potentialAction":[{"@type":"ReadAction","target":["https:\/\/wp.kristdemokraterna.se\/kinda\/valet2014\/valtidning-2014\/"]}]},{"@type":"ImageObject","inLanguage":"sv-SE","@id":"https:\/\/wp.kristdemokraterna.se\/kinda\/valet2014\/valtidning-2014\/#primaryimage","url":"http:\/\/wp.kristdemokraterna.se\/kinda\/files\/2014\/08\/dscn7648-300x225.jpg","contentUrl":"http:\/\/wp.kristdemokraterna.se\/kinda\/files\/2014\/08\/dscn7648-300x225.jpg"},{"@type":"BreadcrumbList","@id":"https:\/\/wp.kristdemokraterna.se\/kinda\/valet2014\/valtidning-2014\/#breadcrumb","itemListElement":[{"@type":"ListItem","position":1,"name":"Hem","item":"https:\/\/wp.kristdemokraterna.se\/kinda\/"},{"@type":"ListItem","position":2,"name":"Valet 14 sept 2014","item":"https:\/\/wp.kristdemokraterna.se\/kinda\/valet2014\/"},{"@type":"ListItem","position":3,"name":"Valtidning 2014"}]},{"@type":"WebSite","@id":"https:\/\/wp.kristdemokraterna.se\/kinda\/#website","url":"https:\/\/wp.kristdemokraterna.se\/kinda\/","name":"Kinda","description":"Kristdemokraterna","inLanguage":"sv-SE"}]}},"_links":{"self":[{"href":"https:\/\/wp.kristdemokraterna.se\/kinda\/wp-json\/wp\/v2\/pages\/36","targetHints":{"allow":["GET"]}}],"collection":[{"href":"https:\/\/wp.kristdemokraterna.se\/kinda\/wp-json\/wp\/v2\/pages"}],"about":[{"href":"https:\/\/wp.kristdemokraterna.se\/kinda\/wp-json\/wp\/v2\/types\/page"}],"author":[{"embeddable":true,"href":"https:\/\/wp.kristdemokraterna.se\/kinda\/wp-json\/wp\/v2\/users\/670"}],"replies":[{"embeddable":true,"href":"https:\/\/wp.kristdemokraterna.se\/kinda\/wp-json\/wp\/v2\/comments?post=36"}],"version-history":[{"count":8,"href":"https:\/\/wp.kristdemokraterna.se\/kinda\/wp-json\/wp\/v2\/pages\/36\/revisions"}],"predecessor-version":[{"id":126,"href":"https:\/\/wp.kristdemokraterna.se\/kinda\/wp-json\/wp\/v2\/pages\/36\/revisions\/126"}],"up":[{"embeddable":true,"href":"https:\/\/wp.kristdemokraterna.se\/kinda\/wp-json\/wp\/v2\/pages\/30"}],"wp:attachment":[{"href":"https:\/\/wp.kristdemokraterna.se\/kinda\/wp-json\/wp\/v2\/media?parent=36"}],"curies":[{"name":"wp","href":"https:\/\/api.w.org\/{rel}","templated":true}]}}