{"id":372,"date":"2018-07-17T13:53:37","date_gmt":"2018-07-17T11:53:37","guid":{"rendered":"http:\/\/wp.kristdemokraterna.se\/kinda\/?page_id=372"},"modified":"2022-10-01T21:56:29","modified_gmt":"2022-10-01T19:56:29","slug":"kontaktaoss","status":"publish","type":"page","link":"https:\/\/wp.kristdemokraterna.se\/kinda\/om-oss\/kontaktaoss\/","title":{"rendered":"Kontakta oss"},"content":{"rendered":"<p><strong>Postadress<\/strong> (<em>Ordf\u00f6rande<\/em>)<strong>:<\/strong><br \/>\nKristdemokraterna Kinda<br \/>\nc\/o <i>Lena K\u00e4cker Johansson<\/i><br \/>\nNyg\u00e5rd Solhem<br \/>\n590 43 Rimforsa<\/p>\n<p><strong>Tel:<\/strong> 0709-96 25 96 (<em>mobil<\/em>)<br \/>\n<strong>E-post:<\/strong> kinda@kristdemokraterna.se<\/p>\n<p><strong>Sociala medier<\/strong><br \/>\n<a href=\"https:\/\/www.facebook.com\/KDKinda\/\" target=\"_blank\" rel=\"noopener noreferrer\">facebook<\/a><\/p>\n<p><strong>Bankgiro:<\/strong> 5841-0754\u00a0 (<em><span style=\"color: #ff0000\"><strong>OBS!<\/strong><\/span>\u00a0ej f\u00f6r medlemsavgift<\/em>)<br \/>\nBetalningsmottagare: <em>Kristdemokraterna i Kinda\u00a0<\/em><\/p>\n<p><strong>Webb<\/strong> https:\/\/kinda.kristdemokraterna.se\/<\/p>\n<p><strong>Org. nr:<\/strong> <a href=\"https:\/\/foretagsfakta.se\/sv\/foretag\/kisa\/kinda-kds\/5923757\" target=\"_blank\" rel=\"noopener noreferrer\">822003-0053<\/a><\/p>\n<hr \/>\n<p style=\"padding-left: 40px\"><strong>Medlemsavgiften<\/strong><em><strong><br \/>\n<\/strong><\/em>Bankgiro:\u00a0<em>414-9274<br \/>\nBetalningsmottagare: Kristdemokraterna<br \/>\n<strong>OBS!<\/strong>\u00a0ange \u00e4ven ditt personliga OCR-nummer \u201dreferens\u201d<\/em><\/p>\n<p style=\"padding-left: 40px\">Swish: 123 069 84 98<br \/>\n<em><strong>OBS!<\/strong>\u00a0ange \u00e4ven ditt personliga OCR-nummer \u201dreferens\u201d i meddelande<\/em><\/p>\n<p style=\"padding-left: 40px\"><em>\u2013 fr\u00e5gor om ditt medlemskap, OCR-nummer eller avgiften,\u00a0e-posta:\u00a0<\/em>medlem@kristdemokraterna.se<\/p>\n<hr \/>\n<p style=\"text-align: center\">&gt;\u00a0<a href=\"https:\/\/wp.kristdemokraterna.se\/kinda\/om-oss\/fortroendevalda-2022-2026\/\"><em>V\u00e5ra politiker<\/em><\/a>\u00a0 &gt;\u00a0<span style=\"color: #999999\"><em>L\u00e4nk<\/em><\/span><\/p>\n<hr \/>\n<p><strong>Gruppledare &amp; Partiavdelningsordf\u00f6rande<\/strong><br \/>\n<img loading=\"lazy\" decoding=\"async\" class=\"wp-image-20 alignnone\" src=\"http:\/\/wp.kristdemokraterna.se\/kinda\/files\/2014\/08\/dscn7648-300x225.jpg\" alt=\"Lena K\u00e4cker Johansson | DSCN7648\" width=\"179\" height=\"134\" srcset=\"https:\/\/wp.kristdemokraterna.se\/kinda\/files\/2014\/08\/dscn7648-300x225.jpg 300w, https:\/\/wp.kristdemokraterna.se\/kinda\/files\/2014\/08\/dscn7648-1024x768.jpg 1024w, https:\/\/wp.kristdemokraterna.se\/kinda\/files\/2014\/08\/dscn7648-461x346.jpg 461w, https:\/\/wp.kristdemokraterna.se\/kinda\/files\/2014\/08\/dscn7648-149x112.jpg 149w\" sizes=\"auto, (max-width: 179px) 100vw, 179px\" \/><br \/>\nLena K\u00e4cker Johansson<br \/>\nTel: 0709-96 25 96 (<em>mobil<\/em>)<br \/>\nlena@kristdemokraterna.se<\/p>\n<hr \/>\n<p><strong>\u00d6VRIGA<\/strong><br \/>\n<strong>Partiregion Sydost\u00a0<\/strong><em>(\u00d6sterg\u00f6tlands, J\u00f6nk\u00f6pings, Kalmar l\u00e4n)<\/em><strong><br \/>\n<\/strong><img loading=\"lazy\" decoding=\"async\" class=\"alignnone wp-image-3793 size-thumbnail\" src=\"http:\/\/wp.kristdemokraterna.se\/soderkoping\/files\/2020\/02\/evenils-e1582914432343.jpg\" alt=\"\" width=\"150\" height=\"150\" \/><br \/>\nEvelina Nilsson, organisationsutvecklare<br \/>\nTel. <a href=\"tel:08-723 25 74\">08-723 25 74<\/a> (arbete), <a href=\"tel:0765-27 25 74\">0765-27 25 74<\/a> (mobil)<br \/>\nevelina.nilsson@kristdemokraterna.se<\/p>\n<p><strong>Partidistrikt \u00d6sterg\u00f6tland<\/strong>\u00a0(<a href=\"https:\/\/wp.kristdemokraterna.se\/e\/\" target=\"_blank\" rel=\"noopener noreferrer\">&gt;&gt;<\/a>)<br \/>\nTel. 0703-18 33 88 (mobil)<br \/>\nostergotland@kristdemokraterna.se<\/p>\n<p>Elvira Wibeck, ombudsman<br \/>\nTel. 0725-39 61 13 (mobil)<br \/>\nelvira.wibeck@kristdemokraterna.se<\/p>\n<p><strong>Region \u00d6sterg\u00f6tland<\/strong>\u00a0(<a href=\"https:\/\/wp.kristdemokraterna.se\/regionostergotland\/\" target=\"_blank\" rel=\"noopener noreferrer\">&gt;&gt;<\/a>)<br \/>\nTel. 010-103 00 00 (v\u00e4xeln)<br \/>\nregionostergotland@kristdemokraterna.se<\/p>\n<p>Per Larsson, gruppledare\/oppositionsr\u00e5d<br \/>\ntfn 010-103 72 84 (arbete)<br \/>\ntfn 0702-88 21 34 (mobil)<br \/>\nper.larsson@kristdemokraterna.se<\/p>\n<p>Fredrik Toppplund, politisk sekreterare<br \/>\ntfn 010-103 62 61 (arbete)<br \/>\ntfn 0703-38 52 70 (mobil)<br \/>\nfredrik.topplund@kristdemokraterna.se<\/p>\n","protected":false},"excerpt":{"rendered":"<p>Postadress (Ordf\u00f6rande): Kristdemokraterna Kinda c\/o Lena K\u00e4cker Johansson Nyg\u00e5rd Solhem 590 43 Rimforsa Tel: 0709-96 25 96 (mobil) E-post: kinda@kristdemokraterna.se Sociala medier facebook Bankgiro: 5841-0754\u00a0 (OBS!\u00a0ej f\u00f6r medlemsavgift) Betalningsmottagare: Kristdemokraterna i Kinda\u00a0 Webb https:\/\/kinda.kristdemokraterna.se\/ Org. nr: 822003-0053 Medlemsavgiften Bankgiro:\u00a0414-9274 Betalningsmottagare: Kristdemokraterna OBS!\u00a0ange \u00e4ven ditt personliga OCR-nummer \u201dreferens\u201d Swish: 123 069 84 98 OBS!\u00a0ange \u00e4ven ditt <a class=\"read-more-link\" href=\"https:\/\/wp.kristdemokraterna.se\/kinda\/om-oss\/kontaktaoss\/\">Read More<\/a><\/p>\n","protected":false},"author":670,"featured_media":0,"parent":354,"menu_order":0,"comment_status":"closed","ping_status":"closed","template":"","meta":{"_acf_changed":false,"footnotes":""},"class_list":["post-372","page","type-page","status-publish","hentry"],"acf":[],"yoast_head":"<!-- This site is optimized with the Yoast SEO plugin v27.4 - https:\/\/yoast.com\/product\/yoast-seo-wordpress\/ -->\n<title>Kontakta oss - Kinda<\/title>\n<meta name=\"robots\" content=\"index, follow, max-snippet:-1, max-image-preview:large, max-video-preview:-1\" \/>\n<link rel=\"canonical\" href=\"https:\/\/wp.kristdemokraterna.se\/kinda\/om-oss\/kontaktaoss\/\" \/>\n<meta property=\"og:locale\" content=\"sv_SE\" \/>\n<meta property=\"og:type\" content=\"article\" \/>\n<meta property=\"og:title\" content=\"Kontakta oss - Kinda\" \/>\n<meta property=\"og:description\" content=\"Postadress (Ordf\u00f6rande): Kristdemokraterna Kinda c\/o Lena K\u00e4cker Johansson Nyg\u00e5rd Solhem 590 43 Rimforsa Tel: 0709-96 25 96 (mobil) E-post: kinda@kristdemokraterna.se Sociala medier facebook Bankgiro: 5841-0754\u00a0 (OBS!\u00a0ej f\u00f6r medlemsavgift) Betalningsmottagare: Kristdemokraterna i Kinda\u00a0 Webb https:\/\/kinda.kristdemokraterna.se\/ Org. nr: 822003-0053 Medlemsavgiften Bankgiro:\u00a0414-9274 Betalningsmottagare: Kristdemokraterna OBS!\u00a0ange \u00e4ven ditt personliga OCR-nummer \u201dreferens\u201d Swish: 123 069 84 98 OBS!\u00a0ange \u00e4ven ditt Read More\" \/>\n<meta property=\"og:url\" content=\"https:\/\/wp.kristdemokraterna.se\/kinda\/om-oss\/kontaktaoss\/\" \/>\n<meta property=\"og:site_name\" content=\"Kinda\" \/>\n<meta property=\"article:modified_time\" content=\"2022-10-01T19:56:29+00:00\" \/>\n<meta property=\"og:image\" content=\"http:\/\/wp.kristdemokraterna.se\/kinda\/files\/2014\/08\/dscn7648-300x225.jpg\" \/>\n<meta name=\"twitter:card\" content=\"summary_large_image\" \/>\n<meta name=\"twitter:label1\" content=\"Ber\u00e4knad l\u00e4stid\" \/>\n\t<meta name=\"twitter:data1\" content=\"2 minuter\" \/>\n<script type=\"application\/ld+json\" class=\"yoast-schema-graph\">{\"@context\":\"https:\\\/\\\/schema.org\",\"@graph\":[{\"@type\":\"WebPage\",\"@id\":\"https:\\\/\\\/wp.kristdemokraterna.se\\\/kinda\\\/om-oss\\\/kontaktaoss\\\/\",\"url\":\"https:\\\/\\\/wp.kristdemokraterna.se\\\/kinda\\\/om-oss\\\/kontaktaoss\\\/\",\"name\":\"Kontakta oss - Kinda\",\"isPartOf\":{\"@id\":\"https:\\\/\\\/wp.kristdemokraterna.se\\\/kinda\\\/#website\"},\"primaryImageOfPage\":{\"@id\":\"https:\\\/\\\/wp.kristdemokraterna.se\\\/kinda\\\/om-oss\\\/kontaktaoss\\\/#primaryimage\"},\"image\":{\"@id\":\"https:\\\/\\\/wp.kristdemokraterna.se\\\/kinda\\\/om-oss\\\/kontaktaoss\\\/#primaryimage\"},\"thumbnailUrl\":\"http:\\\/\\\/wp.kristdemokraterna.se\\\/kinda\\\/files\\\/2014\\\/08\\\/dscn7648-300x225.jpg\",\"datePublished\":\"2018-07-17T11:53:37+00:00\",\"dateModified\":\"2022-10-01T19:56:29+00:00\",\"breadcrumb\":{\"@id\":\"https:\\\/\\\/wp.kristdemokraterna.se\\\/kinda\\\/om-oss\\\/kontaktaoss\\\/#breadcrumb\"},\"inLanguage\":\"sv-SE\",\"potentialAction\":[{\"@type\":\"ReadAction\",\"target\":[\"https:\\\/\\\/wp.kristdemokraterna.se\\\/kinda\\\/om-oss\\\/kontaktaoss\\\/\"]}]},{\"@type\":\"ImageObject\",\"inLanguage\":\"sv-SE\",\"@id\":\"https:\\\/\\\/wp.kristdemokraterna.se\\\/kinda\\\/om-oss\\\/kontaktaoss\\\/#primaryimage\",\"url\":\"http:\\\/\\\/wp.kristdemokraterna.se\\\/kinda\\\/files\\\/2014\\\/08\\\/dscn7648-300x225.jpg\",\"contentUrl\":\"http:\\\/\\\/wp.kristdemokraterna.se\\\/kinda\\\/files\\\/2014\\\/08\\\/dscn7648-300x225.jpg\"},{\"@type\":\"BreadcrumbList\",\"@id\":\"https:\\\/\\\/wp.kristdemokraterna.se\\\/kinda\\\/om-oss\\\/kontaktaoss\\\/#breadcrumb\",\"itemListElement\":[{\"@type\":\"ListItem\",\"position\":1,\"name\":\"Hem\",\"item\":\"https:\\\/\\\/wp.kristdemokraterna.se\\\/kinda\\\/\"},{\"@type\":\"ListItem\",\"position\":2,\"name\":\"V\u00e5r Partiavdelning\",\"item\":\"https:\\\/\\\/wp.kristdemokraterna.se\\\/kinda\\\/om-oss\\\/\"},{\"@type\":\"ListItem\",\"position\":3,\"name\":\"Kontakta oss\"}]},{\"@type\":\"WebSite\",\"@id\":\"https:\\\/\\\/wp.kristdemokraterna.se\\\/kinda\\\/#website\",\"url\":\"https:\\\/\\\/wp.kristdemokraterna.se\\\/kinda\\\/\",\"name\":\"Kinda\",\"description\":\"Kristdemokraterna\",\"inLanguage\":\"sv-SE\"}]}<\/script>\n<!-- \/ Yoast SEO plugin. -->","yoast_head_json":{"title":"Kontakta oss - Kinda","robots":{"index":"index","follow":"follow","max-snippet":"max-snippet:-1","max-image-preview":"max-image-preview:large","max-video-preview":"max-video-preview:-1"},"canonical":"https:\/\/wp.kristdemokraterna.se\/kinda\/om-oss\/kontaktaoss\/","og_locale":"sv_SE","og_type":"article","og_title":"Kontakta oss - Kinda","og_description":"Postadress (Ordf\u00f6rande): Kristdemokraterna Kinda c\/o Lena K\u00e4cker Johansson Nyg\u00e5rd Solhem 590 43 Rimforsa Tel: 0709-96 25 96 (mobil) E-post: kinda@kristdemokraterna.se Sociala medier facebook Bankgiro: 5841-0754\u00a0 (OBS!\u00a0ej f\u00f6r medlemsavgift) Betalningsmottagare: Kristdemokraterna i Kinda\u00a0 Webb https:\/\/kinda.kristdemokraterna.se\/ Org. nr: 822003-0053 Medlemsavgiften Bankgiro:\u00a0414-9274 Betalningsmottagare: Kristdemokraterna OBS!\u00a0ange \u00e4ven ditt personliga OCR-nummer \u201dreferens\u201d Swish: 123 069 84 98 OBS!\u00a0ange \u00e4ven ditt Read More","og_url":"https:\/\/wp.kristdemokraterna.se\/kinda\/om-oss\/kontaktaoss\/","og_site_name":"Kinda","article_modified_time":"2022-10-01T19:56:29+00:00","og_image":[{"url":"http:\/\/wp.kristdemokraterna.se\/kinda\/files\/2014\/08\/dscn7648-300x225.jpg","type":"","width":"","height":""}],"twitter_card":"summary_large_image","twitter_misc":{"Ber\u00e4knad l\u00e4stid":"2 minuter"},"schema":{"@context":"https:\/\/schema.org","@graph":[{"@type":"WebPage","@id":"https:\/\/wp.kristdemokraterna.se\/kinda\/om-oss\/kontaktaoss\/","url":"https:\/\/wp.kristdemokraterna.se\/kinda\/om-oss\/kontaktaoss\/","name":"Kontakta oss - Kinda","isPartOf":{"@id":"https:\/\/wp.kristdemokraterna.se\/kinda\/#website"},"primaryImageOfPage":{"@id":"https:\/\/wp.kristdemokraterna.se\/kinda\/om-oss\/kontaktaoss\/#primaryimage"},"image":{"@id":"https:\/\/wp.kristdemokraterna.se\/kinda\/om-oss\/kontaktaoss\/#primaryimage"},"thumbnailUrl":"http:\/\/wp.kristdemokraterna.se\/kinda\/files\/2014\/08\/dscn7648-300x225.jpg","datePublished":"2018-07-17T11:53:37+00:00","dateModified":"2022-10-01T19:56:29+00:00","breadcrumb":{"@id":"https:\/\/wp.kristdemokraterna.se\/kinda\/om-oss\/kontaktaoss\/#breadcrumb"},"inLanguage":"sv-SE","potentialAction":[{"@type":"ReadAction","target":["https:\/\/wp.kristdemokraterna.se\/kinda\/om-oss\/kontaktaoss\/"]}]},{"@type":"ImageObject","inLanguage":"sv-SE","@id":"https:\/\/wp.kristdemokraterna.se\/kinda\/om-oss\/kontaktaoss\/#primaryimage","url":"http:\/\/wp.kristdemokraterna.se\/kinda\/files\/2014\/08\/dscn7648-300x225.jpg","contentUrl":"http:\/\/wp.kristdemokraterna.se\/kinda\/files\/2014\/08\/dscn7648-300x225.jpg"},{"@type":"BreadcrumbList","@id":"https:\/\/wp.kristdemokraterna.se\/kinda\/om-oss\/kontaktaoss\/#breadcrumb","itemListElement":[{"@type":"ListItem","position":1,"name":"Hem","item":"https:\/\/wp.kristdemokraterna.se\/kinda\/"},{"@type":"ListItem","position":2,"name":"V\u00e5r Partiavdelning","item":"https:\/\/wp.kristdemokraterna.se\/kinda\/om-oss\/"},{"@type":"ListItem","position":3,"name":"Kontakta oss"}]},{"@type":"WebSite","@id":"https:\/\/wp.kristdemokraterna.se\/kinda\/#website","url":"https:\/\/wp.kristdemokraterna.se\/kinda\/","name":"Kinda","description":"Kristdemokraterna","inLanguage":"sv-SE"}]}},"_links":{"self":[{"href":"https:\/\/wp.kristdemokraterna.se\/kinda\/wp-json\/wp\/v2\/pages\/372","targetHints":{"allow":["GET"]}}],"collection":[{"href":"https:\/\/wp.kristdemokraterna.se\/kinda\/wp-json\/wp\/v2\/pages"}],"about":[{"href":"https:\/\/wp.kristdemokraterna.se\/kinda\/wp-json\/wp\/v2\/types\/page"}],"author":[{"embeddable":true,"href":"https:\/\/wp.kristdemokraterna.se\/kinda\/wp-json\/wp\/v2\/users\/670"}],"replies":[{"embeddable":true,"href":"https:\/\/wp.kristdemokraterna.se\/kinda\/wp-json\/wp\/v2\/comments?post=372"}],"version-history":[{"count":19,"href":"https:\/\/wp.kristdemokraterna.se\/kinda\/wp-json\/wp\/v2\/pages\/372\/revisions"}],"predecessor-version":[{"id":544,"href":"https:\/\/wp.kristdemokraterna.se\/kinda\/wp-json\/wp\/v2\/pages\/372\/revisions\/544"}],"up":[{"embeddable":true,"href":"https:\/\/wp.kristdemokraterna.se\/kinda\/wp-json\/wp\/v2\/pages\/354"}],"wp:attachment":[{"href":"https:\/\/wp.kristdemokraterna.se\/kinda\/wp-json\/wp\/v2\/media?parent=372"}],"curies":[{"name":"wp","href":"https:\/\/api.w.org\/{rel}","templated":true}]}}