{"id":421,"date":"2018-07-17T14:12:18","date_gmt":"2018-07-17T12:12:18","guid":{"rendered":"http:\/\/wp.kristdemokraterna.se\/kinda\/?page_id=421"},"modified":"2018-07-17T14:24:58","modified_gmt":"2018-07-17T12:24:58","slug":"kommunkandidater-2018","status":"publish","type":"page","link":"https:\/\/wp.kristdemokraterna.se\/kinda\/valet2018\/kommunkandidater-2018\/","title":{"rendered":"Kommunkandidater 2018"},"content":{"rendered":"<p><strong><img loading=\"lazy\" decoding=\"async\" class=\"alignnone wp-image-430\" src=\"http:\/\/wp.kristdemokraterna.se\/kinda\/files\/2018\/07\/35346513_215960672537153_2097397599114887168_n.jpg\" alt=\"\" width=\"439\" height=\"329\" srcset=\"https:\/\/wp.kristdemokraterna.se\/kinda\/files\/2018\/07\/35346513_215960672537153_2097397599114887168_n.jpg 960w, https:\/\/wp.kristdemokraterna.se\/kinda\/files\/2018\/07\/35346513_215960672537153_2097397599114887168_n-300x225.jpg 300w, https:\/\/wp.kristdemokraterna.se\/kinda\/files\/2018\/07\/35346513_215960672537153_2097397599114887168_n-768x576.jpg 768w, https:\/\/wp.kristdemokraterna.se\/kinda\/files\/2018\/07\/35346513_215960672537153_2097397599114887168_n-267x200.jpg 267w, https:\/\/wp.kristdemokraterna.se\/kinda\/files\/2018\/07\/35346513_215960672537153_2097397599114887168_n-370x278.jpg 370w, https:\/\/wp.kristdemokraterna.se\/kinda\/files\/2018\/07\/35346513_215960672537153_2097397599114887168_n-770x578.jpg 770w, https:\/\/wp.kristdemokraterna.se\/kinda\/files\/2018\/07\/35346513_215960672537153_2097397599114887168_n-450x338.jpg 450w, https:\/\/wp.kristdemokraterna.se\/kinda\/files\/2018\/07\/35346513_215960672537153_2097397599114887168_n-280x210.jpg 280w, https:\/\/wp.kristdemokraterna.se\/kinda\/files\/2018\/07\/35346513_215960672537153_2097397599114887168_n-340x255.jpg 340w, https:\/\/wp.kristdemokraterna.se\/kinda\/files\/2018\/07\/35346513_215960672537153_2097397599114887168_n-200x150.jpg 200w, https:\/\/wp.kristdemokraterna.se\/kinda\/files\/2018\/07\/35346513_215960672537153_2097397599114887168_n-75x56.jpg 75w\" sizes=\"auto, (max-width: 439px) 100vw, 439px\" \/><\/strong><\/p>\n<p><strong>V\u00e5ra kandidater i kommunvalet<\/strong><br \/>\nKristdemokraternas kandidater i kommunvalet 9 september 2018<\/p>\n<p>1. Lena K\u00e4cker Johansson, Distriktssk\u00f6terska, Rimforsa<br \/>\n2. B\u00f6rje Karlsson, Lantbrukare, Horn<br \/>\n3. Minka Eriksson, Arbetsterapeut, Kisa<br \/>\n4. Ingevald Abrahamsson, Forskningsingenj\u00f6r, Rimforsa<br \/>\n5. Marita Forsman, Fritidsledare, Rimforsa<br \/>\n6. Tobias Jansson, Gymnasiel\u00e4rare, Rimforsa<br \/>\n7. Anna Karlsson, Undersk\u00f6terska, Horn<br \/>\n8. Kalle Sandell, Bussf\u00f6rare, Kisa<br \/>\n9. Elisabeth Landerholm, Inredare, Rimforsa<br \/>\n10. Anders Olaison, Pastor, Kisa<br \/>\n11. Brittinger Petersson, Lantbrukare, Kisa<br \/>\n12. Fredrik Topplund, Politisk sekreterare, Link\u00f6ping<br \/>\n13. Asha Sandell, Undersk\u00f6terska, Kisa<\/p>\n","protected":false},"excerpt":{"rendered":"<p>V\u00e5ra kandidater i kommunvalet Kristdemokraternas kandidater i kommunvalet 9 september 2018 1. Lena K\u00e4cker Johansson, Distriktssk\u00f6terska, Rimforsa 2. B\u00f6rje Karlsson, Lantbrukare, Horn 3. Minka Eriksson, Arbetsterapeut, Kisa 4. Ingevald Abrahamsson, Forskningsingenj\u00f6r, Rimforsa 5. Marita Forsman, Fritidsledare, Rimforsa 6. Tobias Jansson, Gymnasiel\u00e4rare, Rimforsa 7. Anna Karlsson, Undersk\u00f6terska, Horn 8. Kalle Sandell, Bussf\u00f6rare, Kisa 9. Elisabeth Landerholm, <a class=\"read-more-link\" href=\"https:\/\/wp.kristdemokraterna.se\/kinda\/valet2018\/kommunkandidater-2018\/\">Read More<\/a><\/p>\n","protected":false},"author":670,"featured_media":0,"parent":418,"menu_order":0,"comment_status":"closed","ping_status":"closed","template":"","meta":{"_acf_changed":false,"footnotes":""},"class_list":["post-421","page","type-page","status-publish","hentry"],"acf":[],"yoast_head":"<!-- This site is optimized with the Yoast SEO plugin v27.4 - https:\/\/yoast.com\/product\/yoast-seo-wordpress\/ -->\n<title>Kommunkandidater 2018 - Kinda<\/title>\n<meta name=\"robots\" content=\"index, follow, max-snippet:-1, max-image-preview:large, max-video-preview:-1\" \/>\n<link rel=\"canonical\" href=\"https:\/\/wp.kristdemokraterna.se\/kinda\/valet2018\/kommunkandidater-2018\/\" \/>\n<meta property=\"og:locale\" content=\"sv_SE\" \/>\n<meta property=\"og:type\" content=\"article\" \/>\n<meta property=\"og:title\" content=\"Kommunkandidater 2018 - Kinda\" \/>\n<meta property=\"og:description\" content=\"V\u00e5ra kandidater i kommunvalet Kristdemokraternas kandidater i kommunvalet 9 september 2018 1. Lena K\u00e4cker Johansson, Distriktssk\u00f6terska, Rimforsa 2. B\u00f6rje Karlsson, Lantbrukare, Horn 3. Minka Eriksson, Arbetsterapeut, Kisa 4. Ingevald Abrahamsson, Forskningsingenj\u00f6r, Rimforsa 5. Marita Forsman, Fritidsledare, Rimforsa 6. Tobias Jansson, Gymnasiel\u00e4rare, Rimforsa 7. Anna Karlsson, Undersk\u00f6terska, Horn 8. Kalle Sandell, Bussf\u00f6rare, Kisa 9. Elisabeth Landerholm, Read More\" \/>\n<meta property=\"og:url\" content=\"https:\/\/wp.kristdemokraterna.se\/kinda\/valet2018\/kommunkandidater-2018\/\" \/>\n<meta property=\"og:site_name\" content=\"Kinda\" \/>\n<meta property=\"article:modified_time\" content=\"2018-07-17T12:24:58+00:00\" \/>\n<meta property=\"og:image\" content=\"http:\/\/wp.kristdemokraterna.se\/kinda\/files\/2018\/07\/35346513_215960672537153_2097397599114887168_n.jpg\" \/>\n<meta name=\"twitter:card\" content=\"summary_large_image\" \/>\n<script type=\"application\/ld+json\" class=\"yoast-schema-graph\">{\"@context\":\"https:\\\/\\\/schema.org\",\"@graph\":[{\"@type\":\"WebPage\",\"@id\":\"https:\\\/\\\/wp.kristdemokraterna.se\\\/kinda\\\/valet2018\\\/kommunkandidater-2018\\\/\",\"url\":\"https:\\\/\\\/wp.kristdemokraterna.se\\\/kinda\\\/valet2018\\\/kommunkandidater-2018\\\/\",\"name\":\"Kommunkandidater 2018 - Kinda\",\"isPartOf\":{\"@id\":\"https:\\\/\\\/wp.kristdemokraterna.se\\\/kinda\\\/#website\"},\"primaryImageOfPage\":{\"@id\":\"https:\\\/\\\/wp.kristdemokraterna.se\\\/kinda\\\/valet2018\\\/kommunkandidater-2018\\\/#primaryimage\"},\"image\":{\"@id\":\"https:\\\/\\\/wp.kristdemokraterna.se\\\/kinda\\\/valet2018\\\/kommunkandidater-2018\\\/#primaryimage\"},\"thumbnailUrl\":\"http:\\\/\\\/wp.kristdemokraterna.se\\\/kinda\\\/files\\\/2018\\\/07\\\/35346513_215960672537153_2097397599114887168_n.jpg\",\"datePublished\":\"2018-07-17T12:12:18+00:00\",\"dateModified\":\"2018-07-17T12:24:58+00:00\",\"breadcrumb\":{\"@id\":\"https:\\\/\\\/wp.kristdemokraterna.se\\\/kinda\\\/valet2018\\\/kommunkandidater-2018\\\/#breadcrumb\"},\"inLanguage\":\"sv-SE\",\"potentialAction\":[{\"@type\":\"ReadAction\",\"target\":[\"https:\\\/\\\/wp.kristdemokraterna.se\\\/kinda\\\/valet2018\\\/kommunkandidater-2018\\\/\"]}]},{\"@type\":\"ImageObject\",\"inLanguage\":\"sv-SE\",\"@id\":\"https:\\\/\\\/wp.kristdemokraterna.se\\\/kinda\\\/valet2018\\\/kommunkandidater-2018\\\/#primaryimage\",\"url\":\"https:\\\/\\\/wp.kristdemokraterna.se\\\/kinda\\\/files\\\/2018\\\/07\\\/35346513_215960672537153_2097397599114887168_n.jpg\",\"contentUrl\":\"https:\\\/\\\/wp.kristdemokraterna.se\\\/kinda\\\/files\\\/2018\\\/07\\\/35346513_215960672537153_2097397599114887168_n.jpg\",\"width\":960,\"height\":720},{\"@type\":\"BreadcrumbList\",\"@id\":\"https:\\\/\\\/wp.kristdemokraterna.se\\\/kinda\\\/valet2018\\\/kommunkandidater-2018\\\/#breadcrumb\",\"itemListElement\":[{\"@type\":\"ListItem\",\"position\":1,\"name\":\"Hem\",\"item\":\"https:\\\/\\\/wp.kristdemokraterna.se\\\/kinda\\\/\"},{\"@type\":\"ListItem\",\"position\":2,\"name\":\"Valet 9 sept 2018\",\"item\":\"https:\\\/\\\/wp.kristdemokraterna.se\\\/kinda\\\/valet2018\\\/\"},{\"@type\":\"ListItem\",\"position\":3,\"name\":\"Kommunkandidater 2018\"}]},{\"@type\":\"WebSite\",\"@id\":\"https:\\\/\\\/wp.kristdemokraterna.se\\\/kinda\\\/#website\",\"url\":\"https:\\\/\\\/wp.kristdemokraterna.se\\\/kinda\\\/\",\"name\":\"Kinda\",\"description\":\"Kristdemokraterna\",\"inLanguage\":\"sv-SE\"}]}<\/script>\n<!-- \/ Yoast SEO plugin. -->","yoast_head_json":{"title":"Kommunkandidater 2018 - Kinda","robots":{"index":"index","follow":"follow","max-snippet":"max-snippet:-1","max-image-preview":"max-image-preview:large","max-video-preview":"max-video-preview:-1"},"canonical":"https:\/\/wp.kristdemokraterna.se\/kinda\/valet2018\/kommunkandidater-2018\/","og_locale":"sv_SE","og_type":"article","og_title":"Kommunkandidater 2018 - Kinda","og_description":"V\u00e5ra kandidater i kommunvalet Kristdemokraternas kandidater i kommunvalet 9 september 2018 1. Lena K\u00e4cker Johansson, Distriktssk\u00f6terska, Rimforsa 2. B\u00f6rje Karlsson, Lantbrukare, Horn 3. Minka Eriksson, Arbetsterapeut, Kisa 4. Ingevald Abrahamsson, Forskningsingenj\u00f6r, Rimforsa 5. Marita Forsman, Fritidsledare, Rimforsa 6. Tobias Jansson, Gymnasiel\u00e4rare, Rimforsa 7. Anna Karlsson, Undersk\u00f6terska, Horn 8. Kalle Sandell, Bussf\u00f6rare, Kisa 9. Elisabeth Landerholm, Read More","og_url":"https:\/\/wp.kristdemokraterna.se\/kinda\/valet2018\/kommunkandidater-2018\/","og_site_name":"Kinda","article_modified_time":"2018-07-17T12:24:58+00:00","og_image":[{"url":"http:\/\/wp.kristdemokraterna.se\/kinda\/files\/2018\/07\/35346513_215960672537153_2097397599114887168_n.jpg","type":"","width":"","height":""}],"twitter_card":"summary_large_image","schema":{"@context":"https:\/\/schema.org","@graph":[{"@type":"WebPage","@id":"https:\/\/wp.kristdemokraterna.se\/kinda\/valet2018\/kommunkandidater-2018\/","url":"https:\/\/wp.kristdemokraterna.se\/kinda\/valet2018\/kommunkandidater-2018\/","name":"Kommunkandidater 2018 - Kinda","isPartOf":{"@id":"https:\/\/wp.kristdemokraterna.se\/kinda\/#website"},"primaryImageOfPage":{"@id":"https:\/\/wp.kristdemokraterna.se\/kinda\/valet2018\/kommunkandidater-2018\/#primaryimage"},"image":{"@id":"https:\/\/wp.kristdemokraterna.se\/kinda\/valet2018\/kommunkandidater-2018\/#primaryimage"},"thumbnailUrl":"http:\/\/wp.kristdemokraterna.se\/kinda\/files\/2018\/07\/35346513_215960672537153_2097397599114887168_n.jpg","datePublished":"2018-07-17T12:12:18+00:00","dateModified":"2018-07-17T12:24:58+00:00","breadcrumb":{"@id":"https:\/\/wp.kristdemokraterna.se\/kinda\/valet2018\/kommunkandidater-2018\/#breadcrumb"},"inLanguage":"sv-SE","potentialAction":[{"@type":"ReadAction","target":["https:\/\/wp.kristdemokraterna.se\/kinda\/valet2018\/kommunkandidater-2018\/"]}]},{"@type":"ImageObject","inLanguage":"sv-SE","@id":"https:\/\/wp.kristdemokraterna.se\/kinda\/valet2018\/kommunkandidater-2018\/#primaryimage","url":"https:\/\/wp.kristdemokraterna.se\/kinda\/files\/2018\/07\/35346513_215960672537153_2097397599114887168_n.jpg","contentUrl":"https:\/\/wp.kristdemokraterna.se\/kinda\/files\/2018\/07\/35346513_215960672537153_2097397599114887168_n.jpg","width":960,"height":720},{"@type":"BreadcrumbList","@id":"https:\/\/wp.kristdemokraterna.se\/kinda\/valet2018\/kommunkandidater-2018\/#breadcrumb","itemListElement":[{"@type":"ListItem","position":1,"name":"Hem","item":"https:\/\/wp.kristdemokraterna.se\/kinda\/"},{"@type":"ListItem","position":2,"name":"Valet 9 sept 2018","item":"https:\/\/wp.kristdemokraterna.se\/kinda\/valet2018\/"},{"@type":"ListItem","position":3,"name":"Kommunkandidater 2018"}]},{"@type":"WebSite","@id":"https:\/\/wp.kristdemokraterna.se\/kinda\/#website","url":"https:\/\/wp.kristdemokraterna.se\/kinda\/","name":"Kinda","description":"Kristdemokraterna","inLanguage":"sv-SE"}]}},"_links":{"self":[{"href":"https:\/\/wp.kristdemokraterna.se\/kinda\/wp-json\/wp\/v2\/pages\/421","targetHints":{"allow":["GET"]}}],"collection":[{"href":"https:\/\/wp.kristdemokraterna.se\/kinda\/wp-json\/wp\/v2\/pages"}],"about":[{"href":"https:\/\/wp.kristdemokraterna.se\/kinda\/wp-json\/wp\/v2\/types\/page"}],"author":[{"embeddable":true,"href":"https:\/\/wp.kristdemokraterna.se\/kinda\/wp-json\/wp\/v2\/users\/670"}],"replies":[{"embeddable":true,"href":"https:\/\/wp.kristdemokraterna.se\/kinda\/wp-json\/wp\/v2\/comments?post=421"}],"version-history":[{"count":6,"href":"https:\/\/wp.kristdemokraterna.se\/kinda\/wp-json\/wp\/v2\/pages\/421\/revisions"}],"predecessor-version":[{"id":435,"href":"https:\/\/wp.kristdemokraterna.se\/kinda\/wp-json\/wp\/v2\/pages\/421\/revisions\/435"}],"up":[{"embeddable":true,"href":"https:\/\/wp.kristdemokraterna.se\/kinda\/wp-json\/wp\/v2\/pages\/418"}],"wp:attachment":[{"href":"https:\/\/wp.kristdemokraterna.se\/kinda\/wp-json\/wp\/v2\/media?parent=421"}],"curies":[{"name":"wp","href":"https:\/\/api.w.org\/{rel}","templated":true}]}}