{"id":539,"date":"2022-10-01T21:47:54","date_gmt":"2022-10-01T19:47:54","guid":{"rendered":"https:\/\/wp.kristdemokraterna.se\/kinda\/?page_id=539"},"modified":"2023-02-21T23:18:51","modified_gmt":"2023-02-21T22:18:51","slug":"fortroendevalda-2022-2026","status":"publish","type":"page","link":"https:\/\/wp.kristdemokraterna.se\/kinda\/om-oss\/fortroendevalda-2022-2026\/","title":{"rendered":"F\u00f6rtroendevalda 2022-2026"},"content":{"rendered":"<p style=\"text-align: right\"><em>Kinda kommun 2022-2026<\/em><\/p>\n<p>I valet till kommunfullm\u00e4ktige i Kinda 2022 s\u00e5 fick Kristdemokraterna 6,86 % av r\u00f6sterna. Det gav oss f\u00f6ljande representation i n\u00e4mnder och styrelser i Kinda kommun f\u00f6r mandatperioden 2022-2026.<\/p>\n<p><strong>Kommunfullm\u00e4ktige\u00a0<\/strong>(<span style=\"color: #ff0000\">tom 14 okt 2026<\/span>)<br \/>\nLena K\u00e4cker Johansson, ledamot, ordf\u00f6rande<br \/>\nAnna Karlsson, ledamot<br \/>\nJ\u00f6rgen Kalmendal, 1:e ers\u00e4ttare<br \/>\nPetra Kjellgren, 2:e ers\u00e4ttare<\/p>\n<p><strong>Kommunfullm\u00e4ktiges valberedningen <\/strong>(<span style=\"color: #ff0000\">tom 14 okt 2026<\/span>)<br \/>\nAnna Karlsson, ledamot<\/p>\n<p><strong>Kommunfullm\u00e4ktiges arbetsgrupp\u00a0Utveckling Kinda<\/strong> (<span style=\"color: #ff0000\">from 21 nov 2022<\/span>)<br \/>\nLena K\u00e4cker Johansson, ledamot<\/p>\n<p><b>Kommunstyrelsen <\/b>(<span style=\"color: #ff0000\">from jan 2023<\/span>)<br \/>\nJ\u00f6rgen Kalmendal, ledamot<br \/>\nB\u00f6rje Karlsson, ers\u00e4ttare<\/p>\n<p><b>Bildningsn\u00e4mnden<\/b><br \/>\nMax Dahlgren, ers\u00e4ttare<br \/>\nMarita Forsman, ers\u00e4ttare<\/p>\n<p><strong>V\u00e5rd- och Omsorgsn\u00e4mnden<\/strong><br \/>\nAnna Karlsson, ledamot<br \/>\nCarin Olsson, ers\u00e4ttare<\/p>\n<p><b>Samh\u00e4llsbyggnadsn\u00e4mnden<\/b><br \/>\nPetra Kjellgren, ledamot<br \/>\nTure Nilsson, ers\u00e4ttare<\/p>\n<hr \/>\n<p style=\"text-align: right\"><em>Region \u00d6sterg\u00f6tland 2022-2026<\/em><br \/>\n<em>Valkrets 3 Kinda, \u00c5tvid, Valdemarsvik, S\u00f6derk\u00f6ping<\/em><\/p>\n<p>I valet till regionfullm\u00e4ktige i Kinda, \u00c5tvid, Valdemarsvik, S\u00f6derk\u00f6ping valkrets 2022 s\u00e5 fick Kristdemokraterna 10,05 % \u201d<em>hela regionen 8,31 %<\/em>\u201d av r\u00f6sterna. Det gav oss f\u00f6ljande representation i n\u00e4mnder och styrelser i Region \u00d6sterg\u00f6tland f\u00f6r mandatperioden 2022-2026.<\/p>\n<p><strong>Regionfullm\u00e4ktige<\/strong><br \/>\nLena K\u00e4cker Johansson, ledamot<\/p>\n<p><strong>H\u00e4lso- och sjukv\u00e5rdsn\u00e4mnden\u00a0<\/strong><br \/>\nLena K\u00e4cker Johansson, ers\u00e4ttare<\/p>\n<p><strong>H\u00e4lso- och sjukv\u00e5rdsn\u00e4mndens behovsstyrningsberedning nr 1<\/strong><br \/>\nLena K\u00e4cker Johansson, ledamot, ordf\u00f6rande<\/p>\n<p><strong>Styrelsen f\u00f6r AB Kinda kanal<\/strong>\u00a0(<a href=\"https:\/\/www.kindakanal.se\/\" target=\"_blank\" rel=\"noopener noreferrer external\" data-wpel-link=\"external\">&gt;&gt;<\/a>) \u201d<em>ord. Bolagsst\u00e4mma 2023-2027<\/em>\u201d<br \/>\nLena K\u00e4cker Johansson, ledamot, ordf\u00f6rande<\/p>\n","protected":false},"excerpt":{"rendered":"<p>Kinda kommun 2022-2026 I valet till kommunfullm\u00e4ktige i Kinda 2022 s\u00e5 fick Kristdemokraterna 6,86 % av r\u00f6sterna. Det gav oss f\u00f6ljande representation i n\u00e4mnder och styrelser i Kinda kommun f\u00f6r mandatperioden 2022-2026. Kommunfullm\u00e4ktige\u00a0(tom 14 okt 2026) Lena K\u00e4cker Johansson, ledamot, ordf\u00f6rande Anna Karlsson, ledamot J\u00f6rgen Kalmendal, 1:e ers\u00e4ttare Petra Kjellgren, 2:e ers\u00e4ttare Kommunfullm\u00e4ktiges valberedningen (tom <a class=\"read-more-link\" href=\"https:\/\/wp.kristdemokraterna.se\/kinda\/om-oss\/fortroendevalda-2022-2026\/\">Read More<\/a><\/p>\n","protected":false},"author":670,"featured_media":0,"parent":354,"menu_order":0,"comment_status":"closed","ping_status":"closed","template":"","meta":{"_acf_changed":false,"footnotes":""},"class_list":["post-539","page","type-page","status-publish","hentry"],"acf":[],"yoast_head":"<!-- This site is optimized with the Yoast SEO plugin v27.4 - https:\/\/yoast.com\/product\/yoast-seo-wordpress\/ -->\n<title>F\u00f6rtroendevalda 2022-2026 - Kinda<\/title>\n<meta name=\"robots\" content=\"index, follow, max-snippet:-1, max-image-preview:large, max-video-preview:-1\" \/>\n<link rel=\"canonical\" href=\"https:\/\/wp.kristdemokraterna.se\/kinda\/om-oss\/fortroendevalda-2022-2026\/\" \/>\n<meta property=\"og:locale\" content=\"sv_SE\" \/>\n<meta property=\"og:type\" content=\"article\" \/>\n<meta property=\"og:title\" content=\"F\u00f6rtroendevalda 2022-2026 - Kinda\" \/>\n<meta property=\"og:description\" content=\"Kinda kommun 2022-2026 I valet till kommunfullm\u00e4ktige i Kinda 2022 s\u00e5 fick Kristdemokraterna 6,86 % av r\u00f6sterna. Det gav oss f\u00f6ljande representation i n\u00e4mnder och styrelser i Kinda kommun f\u00f6r mandatperioden 2022-2026. Kommunfullm\u00e4ktige\u00a0(tom 14 okt 2026) Lena K\u00e4cker Johansson, ledamot, ordf\u00f6rande Anna Karlsson, ledamot J\u00f6rgen Kalmendal, 1:e ers\u00e4ttare Petra Kjellgren, 2:e ers\u00e4ttare Kommunfullm\u00e4ktiges valberedningen (tom Read More\" \/>\n<meta property=\"og:url\" content=\"https:\/\/wp.kristdemokraterna.se\/kinda\/om-oss\/fortroendevalda-2022-2026\/\" \/>\n<meta property=\"og:site_name\" content=\"Kinda\" \/>\n<meta property=\"article:modified_time\" content=\"2023-02-21T22:18:51+00:00\" \/>\n<meta name=\"twitter:card\" content=\"summary_large_image\" \/>\n<meta name=\"twitter:label1\" content=\"Ber\u00e4knad l\u00e4stid\" \/>\n\t<meta name=\"twitter:data1\" content=\"1 minut\" \/>\n<script type=\"application\/ld+json\" class=\"yoast-schema-graph\">{\"@context\":\"https:\\\/\\\/schema.org\",\"@graph\":[{\"@type\":\"WebPage\",\"@id\":\"https:\\\/\\\/wp.kristdemokraterna.se\\\/kinda\\\/om-oss\\\/fortroendevalda-2022-2026\\\/\",\"url\":\"https:\\\/\\\/wp.kristdemokraterna.se\\\/kinda\\\/om-oss\\\/fortroendevalda-2022-2026\\\/\",\"name\":\"F\u00f6rtroendevalda 2022-2026 - Kinda\",\"isPartOf\":{\"@id\":\"https:\\\/\\\/wp.kristdemokraterna.se\\\/kinda\\\/#website\"},\"datePublished\":\"2022-10-01T19:47:54+00:00\",\"dateModified\":\"2023-02-21T22:18:51+00:00\",\"breadcrumb\":{\"@id\":\"https:\\\/\\\/wp.kristdemokraterna.se\\\/kinda\\\/om-oss\\\/fortroendevalda-2022-2026\\\/#breadcrumb\"},\"inLanguage\":\"sv-SE\",\"potentialAction\":[{\"@type\":\"ReadAction\",\"target\":[\"https:\\\/\\\/wp.kristdemokraterna.se\\\/kinda\\\/om-oss\\\/fortroendevalda-2022-2026\\\/\"]}]},{\"@type\":\"BreadcrumbList\",\"@id\":\"https:\\\/\\\/wp.kristdemokraterna.se\\\/kinda\\\/om-oss\\\/fortroendevalda-2022-2026\\\/#breadcrumb\",\"itemListElement\":[{\"@type\":\"ListItem\",\"position\":1,\"name\":\"Hem\",\"item\":\"https:\\\/\\\/wp.kristdemokraterna.se\\\/kinda\\\/\"},{\"@type\":\"ListItem\",\"position\":2,\"name\":\"V\u00e5r Partiavdelning\",\"item\":\"https:\\\/\\\/wp.kristdemokraterna.se\\\/kinda\\\/om-oss\\\/\"},{\"@type\":\"ListItem\",\"position\":3,\"name\":\"F\u00f6rtroendevalda 2022-2026\"}]},{\"@type\":\"WebSite\",\"@id\":\"https:\\\/\\\/wp.kristdemokraterna.se\\\/kinda\\\/#website\",\"url\":\"https:\\\/\\\/wp.kristdemokraterna.se\\\/kinda\\\/\",\"name\":\"Kinda\",\"description\":\"Kristdemokraterna\",\"inLanguage\":\"sv-SE\"}]}<\/script>\n<!-- \/ Yoast SEO plugin. -->","yoast_head_json":{"title":"F\u00f6rtroendevalda 2022-2026 - Kinda","robots":{"index":"index","follow":"follow","max-snippet":"max-snippet:-1","max-image-preview":"max-image-preview:large","max-video-preview":"max-video-preview:-1"},"canonical":"https:\/\/wp.kristdemokraterna.se\/kinda\/om-oss\/fortroendevalda-2022-2026\/","og_locale":"sv_SE","og_type":"article","og_title":"F\u00f6rtroendevalda 2022-2026 - Kinda","og_description":"Kinda kommun 2022-2026 I valet till kommunfullm\u00e4ktige i Kinda 2022 s\u00e5 fick Kristdemokraterna 6,86 % av r\u00f6sterna. Det gav oss f\u00f6ljande representation i n\u00e4mnder och styrelser i Kinda kommun f\u00f6r mandatperioden 2022-2026. Kommunfullm\u00e4ktige\u00a0(tom 14 okt 2026) Lena K\u00e4cker Johansson, ledamot, ordf\u00f6rande Anna Karlsson, ledamot J\u00f6rgen Kalmendal, 1:e ers\u00e4ttare Petra Kjellgren, 2:e ers\u00e4ttare Kommunfullm\u00e4ktiges valberedningen (tom Read More","og_url":"https:\/\/wp.kristdemokraterna.se\/kinda\/om-oss\/fortroendevalda-2022-2026\/","og_site_name":"Kinda","article_modified_time":"2023-02-21T22:18:51+00:00","twitter_card":"summary_large_image","twitter_misc":{"Ber\u00e4knad l\u00e4stid":"1 minut"},"schema":{"@context":"https:\/\/schema.org","@graph":[{"@type":"WebPage","@id":"https:\/\/wp.kristdemokraterna.se\/kinda\/om-oss\/fortroendevalda-2022-2026\/","url":"https:\/\/wp.kristdemokraterna.se\/kinda\/om-oss\/fortroendevalda-2022-2026\/","name":"F\u00f6rtroendevalda 2022-2026 - Kinda","isPartOf":{"@id":"https:\/\/wp.kristdemokraterna.se\/kinda\/#website"},"datePublished":"2022-10-01T19:47:54+00:00","dateModified":"2023-02-21T22:18:51+00:00","breadcrumb":{"@id":"https:\/\/wp.kristdemokraterna.se\/kinda\/om-oss\/fortroendevalda-2022-2026\/#breadcrumb"},"inLanguage":"sv-SE","potentialAction":[{"@type":"ReadAction","target":["https:\/\/wp.kristdemokraterna.se\/kinda\/om-oss\/fortroendevalda-2022-2026\/"]}]},{"@type":"BreadcrumbList","@id":"https:\/\/wp.kristdemokraterna.se\/kinda\/om-oss\/fortroendevalda-2022-2026\/#breadcrumb","itemListElement":[{"@type":"ListItem","position":1,"name":"Hem","item":"https:\/\/wp.kristdemokraterna.se\/kinda\/"},{"@type":"ListItem","position":2,"name":"V\u00e5r Partiavdelning","item":"https:\/\/wp.kristdemokraterna.se\/kinda\/om-oss\/"},{"@type":"ListItem","position":3,"name":"F\u00f6rtroendevalda 2022-2026"}]},{"@type":"WebSite","@id":"https:\/\/wp.kristdemokraterna.se\/kinda\/#website","url":"https:\/\/wp.kristdemokraterna.se\/kinda\/","name":"Kinda","description":"Kristdemokraterna","inLanguage":"sv-SE"}]}},"_links":{"self":[{"href":"https:\/\/wp.kristdemokraterna.se\/kinda\/wp-json\/wp\/v2\/pages\/539","targetHints":{"allow":["GET"]}}],"collection":[{"href":"https:\/\/wp.kristdemokraterna.se\/kinda\/wp-json\/wp\/v2\/pages"}],"about":[{"href":"https:\/\/wp.kristdemokraterna.se\/kinda\/wp-json\/wp\/v2\/types\/page"}],"author":[{"embeddable":true,"href":"https:\/\/wp.kristdemokraterna.se\/kinda\/wp-json\/wp\/v2\/users\/670"}],"replies":[{"embeddable":true,"href":"https:\/\/wp.kristdemokraterna.se\/kinda\/wp-json\/wp\/v2\/comments?post=539"}],"version-history":[{"count":6,"href":"https:\/\/wp.kristdemokraterna.se\/kinda\/wp-json\/wp\/v2\/pages\/539\/revisions"}],"predecessor-version":[{"id":546,"href":"https:\/\/wp.kristdemokraterna.se\/kinda\/wp-json\/wp\/v2\/pages\/539\/revisions\/546"}],"up":[{"embeddable":true,"href":"https:\/\/wp.kristdemokraterna.se\/kinda\/wp-json\/wp\/v2\/pages\/354"}],"wp:attachment":[{"href":"https:\/\/wp.kristdemokraterna.se\/kinda\/wp-json\/wp\/v2\/media?parent=539"}],"curies":[{"name":"wp","href":"https:\/\/api.w.org\/{rel}","templated":true}]}}