{"id":38,"date":"2013-09-23T22:19:07","date_gmt":"2013-09-23T20:19:07","guid":{"rendered":"http:\/\/wp.kristdemokraterna.se\/klippan\/?page_id=38"},"modified":"2019-04-10T15:52:16","modified_gmt":"2019-04-10T13:52:16","slug":"styrelsen","status":"publish","type":"page","link":"https:\/\/wp.kristdemokraterna.se\/klippan\/styrelsen\/","title":{"rendered":"V\u00e5r partiavdelning"},"content":{"rendered":"<header>\n<h1>Styrelsen<\/h1>\n<h1><strong style=\"font-size: 16px\">Ordf\u00f6rande<\/strong><\/h1>\n<\/header>\n<div>\n<p>Bodil Andersson Ljungbyhed,\u00a0 bodil.andersson@kristdemokrateran.se\u00a0 \u00a0 \u00a0 \u00a0 \u00a0 \u00a0 \u00a0 \u00a0 \u00a0 \u00a0 \u00a0 \u00a0mob.0739-134539<\/p>\n<p><strong>Vice ordf\u00f6rande<\/strong><br \/>\nRobert Larsson, Anderstorp<\/p>\n<p><strong>Kass\u00f6r<\/strong><br \/>\nLisbeth Fleur, Klippan<\/p>\n<p><strong>Sekreterare<br \/>\n<\/strong><span style=\"font-weight: 300\">Charlotte Eliasson Anderberg<\/span><strong><br \/>\n<\/strong><\/p>\n<p><strong>Ledam\u00f6ter<\/strong><\/p>\n<p><span style=\"font-weight: 400\">Agnar Helgasson, Ljungbyhed<br \/>\nBoel Jeppsson, Ljungbyhed<br \/>\nAnita Frick, Ljungbyhed<br \/>\n<\/span><\/p>\n<p>&nbsp;<\/p>\n<p><strong>Ombud vid distrikst\u00e4mmorna<\/strong><\/p>\n<p><span style=\"font-weight: 400\">Bodil Andersson<br \/>\nRobert Larsson<br \/>\nAgnar Helgasson<br \/>\n<\/span><\/p>\n<p><strong>Ers\u00e4ttare till distriktst\u00e4mman:<\/strong><span style=\"font-weight: 400\"><br \/>\n<\/span><span style=\"font-weight: 400\">Charlotte Eliasson Anderberg<br \/>\n<\/span><span style=\"font-weight: 400\">Anita Frick<\/span><\/p>\n<p>&nbsp;<\/p>\n<p>&nbsp;<\/p>\n<div><\/div>\n<\/div>\n<div><\/div>\n","protected":false},"excerpt":{"rendered":"<p>Styrelsen Ordf\u00f6rande Bodil Andersson Ljungbyhed,\u00a0 bodil.andersson@kristdemokrateran.se\u00a0 \u00a0 \u00a0 \u00a0 \u00a0 \u00a0 \u00a0 \u00a0 \u00a0 \u00a0 \u00a0 \u00a0mob.0739-134539 Vice ordf\u00f6rande Robert Larsson, Anderstorp Kass\u00f6r Lisbeth Fleur, Klippan Sekreterare Charlotte Eliasson Anderberg Ledam\u00f6ter Agnar Helgasson, Ljungbyhed Boel Jeppsson, Ljungbyhed Anita Frick, Ljungbyhed &nbsp; Ombud vid distrikst\u00e4mmorna Bodil Andersson Robert Larsson Agnar Helgasson Ers\u00e4ttare till distriktst\u00e4mman: Charlotte Eliasson <a class=\"read-more-link\" href=\"https:\/\/wp.kristdemokraterna.se\/klippan\/styrelsen\/\">Read More<\/a><\/p>\n","protected":false},"author":477,"featured_media":0,"parent":0,"menu_order":0,"comment_status":"closed","ping_status":"closed","template":"","meta":{"_acf_changed":false,"footnotes":""},"class_list":["post-38","page","type-page","status-publish","hentry"],"acf":[],"yoast_head":"<!-- This site is optimized with the Yoast SEO plugin v27.3 - https:\/\/yoast.com\/product\/yoast-seo-wordpress\/ -->\n<title>V\u00e5r partiavdelning - Klippan<\/title>\n<meta name=\"robots\" content=\"index, follow, max-snippet:-1, max-image-preview:large, max-video-preview:-1\" \/>\n<link rel=\"canonical\" href=\"https:\/\/wp.kristdemokraterna.se\/klippan\/styrelsen\/\" \/>\n<meta property=\"og:locale\" content=\"sv_SE\" \/>\n<meta property=\"og:type\" content=\"article\" \/>\n<meta property=\"og:title\" content=\"V\u00e5r partiavdelning - Klippan\" \/>\n<meta property=\"og:description\" content=\"Styrelsen Ordf\u00f6rande Bodil Andersson Ljungbyhed,\u00a0 bodil.andersson@kristdemokrateran.se\u00a0 \u00a0 \u00a0 \u00a0 \u00a0 \u00a0 \u00a0 \u00a0 \u00a0 \u00a0 \u00a0 \u00a0mob.0739-134539 Vice ordf\u00f6rande Robert Larsson, Anderstorp Kass\u00f6r Lisbeth Fleur, Klippan Sekreterare Charlotte Eliasson Anderberg Ledam\u00f6ter Agnar Helgasson, Ljungbyhed Boel Jeppsson, Ljungbyhed Anita Frick, Ljungbyhed &nbsp; Ombud vid distrikst\u00e4mmorna Bodil Andersson Robert Larsson Agnar Helgasson Ers\u00e4ttare till distriktst\u00e4mman: Charlotte Eliasson Read More\" \/>\n<meta property=\"og:url\" content=\"https:\/\/wp.kristdemokraterna.se\/klippan\/styrelsen\/\" \/>\n<meta property=\"og:site_name\" content=\"Klippan\" \/>\n<meta property=\"article:modified_time\" content=\"2019-04-10T13:52:16+00:00\" \/>\n<meta name=\"twitter:card\" content=\"summary_large_image\" \/>\n<script type=\"application\/ld+json\" class=\"yoast-schema-graph\">{\"@context\":\"https:\\\/\\\/schema.org\",\"@graph\":[{\"@type\":\"WebPage\",\"@id\":\"https:\\\/\\\/wp.kristdemokraterna.se\\\/klippan\\\/styrelsen\\\/\",\"url\":\"https:\\\/\\\/wp.kristdemokraterna.se\\\/klippan\\\/styrelsen\\\/\",\"name\":\"V\u00e5r partiavdelning - Klippan\",\"isPartOf\":{\"@id\":\"https:\\\/\\\/wp.kristdemokraterna.se\\\/klippan\\\/#website\"},\"datePublished\":\"2013-09-23T20:19:07+00:00\",\"dateModified\":\"2019-04-10T13:52:16+00:00\",\"breadcrumb\":{\"@id\":\"https:\\\/\\\/wp.kristdemokraterna.se\\\/klippan\\\/styrelsen\\\/#breadcrumb\"},\"inLanguage\":\"sv-SE\",\"potentialAction\":[{\"@type\":\"ReadAction\",\"target\":[\"https:\\\/\\\/wp.kristdemokraterna.se\\\/klippan\\\/styrelsen\\\/\"]}]},{\"@type\":\"BreadcrumbList\",\"@id\":\"https:\\\/\\\/wp.kristdemokraterna.se\\\/klippan\\\/styrelsen\\\/#breadcrumb\",\"itemListElement\":[{\"@type\":\"ListItem\",\"position\":1,\"name\":\"Hem\",\"item\":\"https:\\\/\\\/wp.kristdemokraterna.se\\\/klippan\\\/\"},{\"@type\":\"ListItem\",\"position\":2,\"name\":\"V\u00e5r partiavdelning\"}]},{\"@type\":\"WebSite\",\"@id\":\"https:\\\/\\\/wp.kristdemokraterna.se\\\/klippan\\\/#website\",\"url\":\"https:\\\/\\\/wp.kristdemokraterna.se\\\/klippan\\\/\",\"name\":\"Klippan\",\"description\":\"En till Kristdemokraterna webbplats\",\"inLanguage\":\"sv-SE\"}]}<\/script>\n<!-- \/ Yoast SEO plugin. -->","yoast_head_json":{"title":"V\u00e5r partiavdelning - Klippan","robots":{"index":"index","follow":"follow","max-snippet":"max-snippet:-1","max-image-preview":"max-image-preview:large","max-video-preview":"max-video-preview:-1"},"canonical":"https:\/\/wp.kristdemokraterna.se\/klippan\/styrelsen\/","og_locale":"sv_SE","og_type":"article","og_title":"V\u00e5r partiavdelning - Klippan","og_description":"Styrelsen Ordf\u00f6rande Bodil Andersson Ljungbyhed,\u00a0 bodil.andersson@kristdemokrateran.se\u00a0 \u00a0 \u00a0 \u00a0 \u00a0 \u00a0 \u00a0 \u00a0 \u00a0 \u00a0 \u00a0 \u00a0mob.0739-134539 Vice ordf\u00f6rande Robert Larsson, Anderstorp Kass\u00f6r Lisbeth Fleur, Klippan Sekreterare Charlotte Eliasson Anderberg Ledam\u00f6ter Agnar Helgasson, Ljungbyhed Boel Jeppsson, Ljungbyhed Anita Frick, Ljungbyhed &nbsp; Ombud vid distrikst\u00e4mmorna Bodil Andersson Robert Larsson Agnar Helgasson Ers\u00e4ttare till distriktst\u00e4mman: Charlotte Eliasson Read More","og_url":"https:\/\/wp.kristdemokraterna.se\/klippan\/styrelsen\/","og_site_name":"Klippan","article_modified_time":"2019-04-10T13:52:16+00:00","twitter_card":"summary_large_image","schema":{"@context":"https:\/\/schema.org","@graph":[{"@type":"WebPage","@id":"https:\/\/wp.kristdemokraterna.se\/klippan\/styrelsen\/","url":"https:\/\/wp.kristdemokraterna.se\/klippan\/styrelsen\/","name":"V\u00e5r partiavdelning - Klippan","isPartOf":{"@id":"https:\/\/wp.kristdemokraterna.se\/klippan\/#website"},"datePublished":"2013-09-23T20:19:07+00:00","dateModified":"2019-04-10T13:52:16+00:00","breadcrumb":{"@id":"https:\/\/wp.kristdemokraterna.se\/klippan\/styrelsen\/#breadcrumb"},"inLanguage":"sv-SE","potentialAction":[{"@type":"ReadAction","target":["https:\/\/wp.kristdemokraterna.se\/klippan\/styrelsen\/"]}]},{"@type":"BreadcrumbList","@id":"https:\/\/wp.kristdemokraterna.se\/klippan\/styrelsen\/#breadcrumb","itemListElement":[{"@type":"ListItem","position":1,"name":"Hem","item":"https:\/\/wp.kristdemokraterna.se\/klippan\/"},{"@type":"ListItem","position":2,"name":"V\u00e5r partiavdelning"}]},{"@type":"WebSite","@id":"https:\/\/wp.kristdemokraterna.se\/klippan\/#website","url":"https:\/\/wp.kristdemokraterna.se\/klippan\/","name":"Klippan","description":"En till Kristdemokraterna webbplats","inLanguage":"sv-SE"}]}},"_links":{"self":[{"href":"https:\/\/wp.kristdemokraterna.se\/klippan\/wp-json\/wp\/v2\/pages\/38","targetHints":{"allow":["GET"]}}],"collection":[{"href":"https:\/\/wp.kristdemokraterna.se\/klippan\/wp-json\/wp\/v2\/pages"}],"about":[{"href":"https:\/\/wp.kristdemokraterna.se\/klippan\/wp-json\/wp\/v2\/types\/page"}],"author":[{"embeddable":true,"href":"https:\/\/wp.kristdemokraterna.se\/klippan\/wp-json\/wp\/v2\/users\/477"}],"replies":[{"embeddable":true,"href":"https:\/\/wp.kristdemokraterna.se\/klippan\/wp-json\/wp\/v2\/comments?post=38"}],"version-history":[{"count":20,"href":"https:\/\/wp.kristdemokraterna.se\/klippan\/wp-json\/wp\/v2\/pages\/38\/revisions"}],"predecessor-version":[{"id":954,"href":"https:\/\/wp.kristdemokraterna.se\/klippan\/wp-json\/wp\/v2\/pages\/38\/revisions\/954"}],"wp:attachment":[{"href":"https:\/\/wp.kristdemokraterna.se\/klippan\/wp-json\/wp\/v2\/media?parent=38"}],"curies":[{"name":"wp","href":"https:\/\/api.w.org\/{rel}","templated":true}]}}