{"id":447,"date":"2014-07-08T21:37:58","date_gmt":"2014-07-08T19:37:58","guid":{"rendered":"http:\/\/wp.kristdemokraterna.se\/klippan\/?page_id=447"},"modified":"2022-02-15T20:43:12","modified_gmt":"2022-02-15T19:43:12","slug":"vara-fortroendeuppdrag","status":"publish","type":"page","link":"https:\/\/wp.kristdemokraterna.se\/klippan\/styrelsen\/vara-fortroendeuppdrag\/","title":{"rendered":"V\u00e5ra f\u00f6rtroendeuppdrag"},"content":{"rendered":"<p>\u00c4r du nyfiken p\u00e5 vilka vi \u00e4r? D\u00e5 \u00e4r du p\u00e5 r\u00e4tt st\u00e4lle. H\u00e4r kan du se vilka som \u00e4r f\u00f6rtroendevalda.<\/p>\n<p><strong>Kommunfullm\u00e4ktige<\/strong><\/p>\n<p>Anders Andersson, ledamot<br \/>\nCharlotte Eliasson Anderberg, ledamot<br \/>\nRobert Larsson, ledamot<br \/>\nKerstin Meinen, ers\u00e4ttare<\/p>\n<p><strong>Kommunstyrelsen<br \/>\n<\/strong>Robert Larsson, ledamot<br \/>\nAgnar Helgason, ers\u00e4ttare<br \/>\nJohan Eliasson, ers\u00e4ttare<\/p>\n<p><strong>Barn-och utbildningsn\u00e4mnden<br \/>\n<\/strong>Charlotte Eliasson Anderberg, ledamot<\/p>\n<p><strong>Kultur-och fritidsn\u00e4mnden<br \/>\n<\/strong>Anders Andersson, ledamot<\/p>\n<p><strong>Plan-och byggn\u00e4mnden<br \/>\n<\/strong>Anders Andersson, ledamot<\/p>\n<p><strong>Socialn\u00e4mnden<br \/>\n<\/strong>Anita Frick, ledamot<\/p>\n<p><b>Trekl\u00f6vern:<br \/>\n<\/b>Johan Eliasson, ledamot<\/p>\n<p><b>Milj\u00f6styrgruppen<br \/>\n<\/b>Agnar Helgason, ledamot<b><br \/>\n<\/b><\/p>\n<p><strong>N\u00e4mndeman:<\/strong><br \/>\nJohan Eliasson<\/p>\n","protected":false},"excerpt":{"rendered":"<p>\u00c4r du nyfiken p\u00e5 vilka vi \u00e4r? D\u00e5 \u00e4r du p\u00e5 r\u00e4tt st\u00e4lle. H\u00e4r kan du se vilka som \u00e4r f\u00f6rtroendevalda. Kommunfullm\u00e4ktige Anders Andersson, ledamot Charlotte Eliasson Anderberg, ledamot Robert Larsson, ledamot Kerstin Meinen, ers\u00e4ttare Kommunstyrelsen Robert Larsson, ledamot Agnar Helgason, ers\u00e4ttare Johan Eliasson, ers\u00e4ttare Barn-och utbildningsn\u00e4mnden Charlotte Eliasson Anderberg, ledamot Kultur-och fritidsn\u00e4mnden Anders Andersson, <a class=\"read-more-link\" href=\"https:\/\/wp.kristdemokraterna.se\/klippan\/styrelsen\/vara-fortroendeuppdrag\/\">Read More<\/a><\/p>\n","protected":false},"author":477,"featured_media":0,"parent":38,"menu_order":0,"comment_status":"closed","ping_status":"closed","template":"","meta":{"_acf_changed":false,"footnotes":""},"class_list":["post-447","page","type-page","status-publish","hentry"],"acf":[],"yoast_head":"<!-- This site is optimized with the Yoast SEO plugin v27.3 - https:\/\/yoast.com\/product\/yoast-seo-wordpress\/ -->\n<title>V\u00e5ra f\u00f6rtroendeuppdrag - Klippan<\/title>\n<meta name=\"robots\" content=\"index, follow, max-snippet:-1, max-image-preview:large, max-video-preview:-1\" \/>\n<link rel=\"canonical\" href=\"https:\/\/wp.kristdemokraterna.se\/klippan\/styrelsen\/vara-fortroendeuppdrag\/\" \/>\n<meta property=\"og:locale\" content=\"sv_SE\" \/>\n<meta property=\"og:type\" content=\"article\" \/>\n<meta property=\"og:title\" content=\"V\u00e5ra f\u00f6rtroendeuppdrag - Klippan\" \/>\n<meta property=\"og:description\" content=\"\u00c4r du nyfiken p\u00e5 vilka vi \u00e4r? D\u00e5 \u00e4r du p\u00e5 r\u00e4tt st\u00e4lle. H\u00e4r kan du se vilka som \u00e4r f\u00f6rtroendevalda. Kommunfullm\u00e4ktige Anders Andersson, ledamot Charlotte Eliasson Anderberg, ledamot Robert Larsson, ledamot Kerstin Meinen, ers\u00e4ttare Kommunstyrelsen Robert Larsson, ledamot Agnar Helgason, ers\u00e4ttare Johan Eliasson, ers\u00e4ttare Barn-och utbildningsn\u00e4mnden Charlotte Eliasson Anderberg, ledamot Kultur-och fritidsn\u00e4mnden Anders Andersson, Read More\" \/>\n<meta property=\"og:url\" content=\"https:\/\/wp.kristdemokraterna.se\/klippan\/styrelsen\/vara-fortroendeuppdrag\/\" \/>\n<meta property=\"og:site_name\" content=\"Klippan\" \/>\n<meta property=\"article:modified_time\" content=\"2022-02-15T19:43:12+00:00\" \/>\n<meta name=\"twitter:card\" content=\"summary_large_image\" \/>\n<meta name=\"twitter:label1\" content=\"Ber\u00e4knad l\u00e4stid\" \/>\n\t<meta name=\"twitter:data1\" content=\"1 minut\" \/>\n<script type=\"application\/ld+json\" class=\"yoast-schema-graph\">{\"@context\":\"https:\\\/\\\/schema.org\",\"@graph\":[{\"@type\":\"WebPage\",\"@id\":\"https:\\\/\\\/wp.kristdemokraterna.se\\\/klippan\\\/styrelsen\\\/vara-fortroendeuppdrag\\\/\",\"url\":\"https:\\\/\\\/wp.kristdemokraterna.se\\\/klippan\\\/styrelsen\\\/vara-fortroendeuppdrag\\\/\",\"name\":\"V\u00e5ra f\u00f6rtroendeuppdrag - Klippan\",\"isPartOf\":{\"@id\":\"https:\\\/\\\/wp.kristdemokraterna.se\\\/klippan\\\/#website\"},\"datePublished\":\"2014-07-08T19:37:58+00:00\",\"dateModified\":\"2022-02-15T19:43:12+00:00\",\"breadcrumb\":{\"@id\":\"https:\\\/\\\/wp.kristdemokraterna.se\\\/klippan\\\/styrelsen\\\/vara-fortroendeuppdrag\\\/#breadcrumb\"},\"inLanguage\":\"sv-SE\",\"potentialAction\":[{\"@type\":\"ReadAction\",\"target\":[\"https:\\\/\\\/wp.kristdemokraterna.se\\\/klippan\\\/styrelsen\\\/vara-fortroendeuppdrag\\\/\"]}]},{\"@type\":\"BreadcrumbList\",\"@id\":\"https:\\\/\\\/wp.kristdemokraterna.se\\\/klippan\\\/styrelsen\\\/vara-fortroendeuppdrag\\\/#breadcrumb\",\"itemListElement\":[{\"@type\":\"ListItem\",\"position\":1,\"name\":\"Hem\",\"item\":\"https:\\\/\\\/wp.kristdemokraterna.se\\\/klippan\\\/\"},{\"@type\":\"ListItem\",\"position\":2,\"name\":\"V\u00e5r partiavdelning\",\"item\":\"https:\\\/\\\/wp.kristdemokraterna.se\\\/klippan\\\/styrelsen\\\/\"},{\"@type\":\"ListItem\",\"position\":3,\"name\":\"V\u00e5ra f\u00f6rtroendeuppdrag\"}]},{\"@type\":\"WebSite\",\"@id\":\"https:\\\/\\\/wp.kristdemokraterna.se\\\/klippan\\\/#website\",\"url\":\"https:\\\/\\\/wp.kristdemokraterna.se\\\/klippan\\\/\",\"name\":\"Klippan\",\"description\":\"En till Kristdemokraterna webbplats\",\"inLanguage\":\"sv-SE\"}]}<\/script>\n<!-- \/ Yoast SEO plugin. -->","yoast_head_json":{"title":"V\u00e5ra f\u00f6rtroendeuppdrag - Klippan","robots":{"index":"index","follow":"follow","max-snippet":"max-snippet:-1","max-image-preview":"max-image-preview:large","max-video-preview":"max-video-preview:-1"},"canonical":"https:\/\/wp.kristdemokraterna.se\/klippan\/styrelsen\/vara-fortroendeuppdrag\/","og_locale":"sv_SE","og_type":"article","og_title":"V\u00e5ra f\u00f6rtroendeuppdrag - Klippan","og_description":"\u00c4r du nyfiken p\u00e5 vilka vi \u00e4r? D\u00e5 \u00e4r du p\u00e5 r\u00e4tt st\u00e4lle. H\u00e4r kan du se vilka som \u00e4r f\u00f6rtroendevalda. Kommunfullm\u00e4ktige Anders Andersson, ledamot Charlotte Eliasson Anderberg, ledamot Robert Larsson, ledamot Kerstin Meinen, ers\u00e4ttare Kommunstyrelsen Robert Larsson, ledamot Agnar Helgason, ers\u00e4ttare Johan Eliasson, ers\u00e4ttare Barn-och utbildningsn\u00e4mnden Charlotte Eliasson Anderberg, ledamot Kultur-och fritidsn\u00e4mnden Anders Andersson, Read More","og_url":"https:\/\/wp.kristdemokraterna.se\/klippan\/styrelsen\/vara-fortroendeuppdrag\/","og_site_name":"Klippan","article_modified_time":"2022-02-15T19:43:12+00:00","twitter_card":"summary_large_image","twitter_misc":{"Ber\u00e4knad l\u00e4stid":"1 minut"},"schema":{"@context":"https:\/\/schema.org","@graph":[{"@type":"WebPage","@id":"https:\/\/wp.kristdemokraterna.se\/klippan\/styrelsen\/vara-fortroendeuppdrag\/","url":"https:\/\/wp.kristdemokraterna.se\/klippan\/styrelsen\/vara-fortroendeuppdrag\/","name":"V\u00e5ra f\u00f6rtroendeuppdrag - Klippan","isPartOf":{"@id":"https:\/\/wp.kristdemokraterna.se\/klippan\/#website"},"datePublished":"2014-07-08T19:37:58+00:00","dateModified":"2022-02-15T19:43:12+00:00","breadcrumb":{"@id":"https:\/\/wp.kristdemokraterna.se\/klippan\/styrelsen\/vara-fortroendeuppdrag\/#breadcrumb"},"inLanguage":"sv-SE","potentialAction":[{"@type":"ReadAction","target":["https:\/\/wp.kristdemokraterna.se\/klippan\/styrelsen\/vara-fortroendeuppdrag\/"]}]},{"@type":"BreadcrumbList","@id":"https:\/\/wp.kristdemokraterna.se\/klippan\/styrelsen\/vara-fortroendeuppdrag\/#breadcrumb","itemListElement":[{"@type":"ListItem","position":1,"name":"Hem","item":"https:\/\/wp.kristdemokraterna.se\/klippan\/"},{"@type":"ListItem","position":2,"name":"V\u00e5r partiavdelning","item":"https:\/\/wp.kristdemokraterna.se\/klippan\/styrelsen\/"},{"@type":"ListItem","position":3,"name":"V\u00e5ra f\u00f6rtroendeuppdrag"}]},{"@type":"WebSite","@id":"https:\/\/wp.kristdemokraterna.se\/klippan\/#website","url":"https:\/\/wp.kristdemokraterna.se\/klippan\/","name":"Klippan","description":"En till Kristdemokraterna webbplats","inLanguage":"sv-SE"}]}},"_links":{"self":[{"href":"https:\/\/wp.kristdemokraterna.se\/klippan\/wp-json\/wp\/v2\/pages\/447","targetHints":{"allow":["GET"]}}],"collection":[{"href":"https:\/\/wp.kristdemokraterna.se\/klippan\/wp-json\/wp\/v2\/pages"}],"about":[{"href":"https:\/\/wp.kristdemokraterna.se\/klippan\/wp-json\/wp\/v2\/types\/page"}],"author":[{"embeddable":true,"href":"https:\/\/wp.kristdemokraterna.se\/klippan\/wp-json\/wp\/v2\/users\/477"}],"replies":[{"embeddable":true,"href":"https:\/\/wp.kristdemokraterna.se\/klippan\/wp-json\/wp\/v2\/comments?post=447"}],"version-history":[{"count":19,"href":"https:\/\/wp.kristdemokraterna.se\/klippan\/wp-json\/wp\/v2\/pages\/447\/revisions"}],"predecessor-version":[{"id":973,"href":"https:\/\/wp.kristdemokraterna.se\/klippan\/wp-json\/wp\/v2\/pages\/447\/revisions\/973"}],"up":[{"embeddable":true,"href":"https:\/\/wp.kristdemokraterna.se\/klippan\/wp-json\/wp\/v2\/pages\/38"}],"wp:attachment":[{"href":"https:\/\/wp.kristdemokraterna.se\/klippan\/wp-json\/wp\/v2\/media?parent=447"}],"curies":[{"name":"wp","href":"https:\/\/api.w.org\/{rel}","templated":true}]}}