{"id":8,"date":"2012-11-19T15:56:50","date_gmt":"2012-11-19T14:56:50","guid":{"rendered":"http:\/\/wp.kristdemokraterna.se\/klippan\/?page_id=8"},"modified":"2017-06-21T09:37:09","modified_gmt":"2017-06-21T07:37:09","slug":"kontakta-oss","status":"publish","type":"page","link":"https:\/\/wp.kristdemokraterna.se\/klippan\/kontakta-oss\/","title":{"rendered":"Kontakt"},"content":{"rendered":"<p>Ordf\u00f6rande f\u00f6r Kristdemokraterna i Klippan:<br \/>\n<a href=\"mailto:bodil.andersson@kristdemokraterna.se\">Bodil Andersson<\/a><\/p>\n<p>Webmaster f\u00f6r wp.kristemokraterna.se\/klippan<br \/>\n<a href=\"mailto:l8_anderberg@hotmail.com\">Charlotte Eliasson Anderberg<\/a><\/p>\n<p><img loading=\"lazy\" decoding=\"async\" class=\"alignleft wp-image-721 size-medium\" title=\"vill du bli medlem\" src=\"http:\/\/wp.kristdemokraterna.se\/klippan\/files\/2017\/05\/medlem-300x121.png\" alt=\"\" width=\"300\" height=\"121\" srcset=\"https:\/\/wp.kristdemokraterna.se\/klippan\/files\/2017\/05\/medlem-300x121.png 300w, https:\/\/wp.kristdemokraterna.se\/klippan\/files\/2017\/05\/medlem-186x75.png 186w, https:\/\/wp.kristdemokraterna.se\/klippan\/files\/2017\/05\/medlem.png 341w\" sizes=\"auto, (max-width: 300px) 100vw, 300px\" \/><\/p>\n","protected":false},"excerpt":{"rendered":"<p>Ordf\u00f6rande f\u00f6r Kristdemokraterna i Klippan: Bodil Andersson Webmaster f\u00f6r wp.kristemokraterna.se\/klippan Charlotte Eliasson Anderberg<\/p>\n","protected":false},"author":477,"featured_media":0,"parent":0,"menu_order":3,"comment_status":"closed","ping_status":"closed","template":"","meta":{"_acf_changed":false,"footnotes":""},"class_list":["post-8","page","type-page","status-publish","hentry"],"acf":[],"yoast_head":"<!-- This site is optimized with the Yoast SEO plugin v27.3 - https:\/\/yoast.com\/product\/yoast-seo-wordpress\/ -->\n<title>Kontakt - Klippan<\/title>\n<meta name=\"robots\" content=\"index, follow, max-snippet:-1, max-image-preview:large, max-video-preview:-1\" \/>\n<link rel=\"canonical\" href=\"https:\/\/wp.kristdemokraterna.se\/klippan\/kontakta-oss\/\" \/>\n<meta property=\"og:locale\" content=\"sv_SE\" \/>\n<meta property=\"og:type\" content=\"article\" \/>\n<meta property=\"og:title\" content=\"Kontakt - Klippan\" \/>\n<meta property=\"og:description\" content=\"Ordf\u00f6rande f\u00f6r Kristdemokraterna i Klippan: Bodil Andersson Webmaster f\u00f6r wp.kristemokraterna.se\/klippan Charlotte Eliasson Anderberg\" \/>\n<meta property=\"og:url\" content=\"https:\/\/wp.kristdemokraterna.se\/klippan\/kontakta-oss\/\" \/>\n<meta property=\"og:site_name\" content=\"Klippan\" \/>\n<meta property=\"article:modified_time\" content=\"2017-06-21T07:37:09+00:00\" \/>\n<meta property=\"og:image\" content=\"http:\/\/wp.kristdemokraterna.se\/klippan\/files\/2017\/05\/medlem-300x121.png\" \/>\n<meta name=\"twitter:card\" content=\"summary_large_image\" \/>\n<script type=\"application\/ld+json\" class=\"yoast-schema-graph\">{\"@context\":\"https:\\\/\\\/schema.org\",\"@graph\":[{\"@type\":\"WebPage\",\"@id\":\"https:\\\/\\\/wp.kristdemokraterna.se\\\/klippan\\\/kontakta-oss\\\/\",\"url\":\"https:\\\/\\\/wp.kristdemokraterna.se\\\/klippan\\\/kontakta-oss\\\/\",\"name\":\"Kontakt - Klippan\",\"isPartOf\":{\"@id\":\"https:\\\/\\\/wp.kristdemokraterna.se\\\/klippan\\\/#website\"},\"primaryImageOfPage\":{\"@id\":\"https:\\\/\\\/wp.kristdemokraterna.se\\\/klippan\\\/kontakta-oss\\\/#primaryimage\"},\"image\":{\"@id\":\"https:\\\/\\\/wp.kristdemokraterna.se\\\/klippan\\\/kontakta-oss\\\/#primaryimage\"},\"thumbnailUrl\":\"http:\\\/\\\/wp.kristdemokraterna.se\\\/klippan\\\/files\\\/2017\\\/05\\\/medlem-300x121.png\",\"datePublished\":\"2012-11-19T14:56:50+00:00\",\"dateModified\":\"2017-06-21T07:37:09+00:00\",\"breadcrumb\":{\"@id\":\"https:\\\/\\\/wp.kristdemokraterna.se\\\/klippan\\\/kontakta-oss\\\/#breadcrumb\"},\"inLanguage\":\"sv-SE\",\"potentialAction\":[{\"@type\":\"ReadAction\",\"target\":[\"https:\\\/\\\/wp.kristdemokraterna.se\\\/klippan\\\/kontakta-oss\\\/\"]}]},{\"@type\":\"ImageObject\",\"inLanguage\":\"sv-SE\",\"@id\":\"https:\\\/\\\/wp.kristdemokraterna.se\\\/klippan\\\/kontakta-oss\\\/#primaryimage\",\"url\":\"https:\\\/\\\/wp.kristdemokraterna.se\\\/klippan\\\/files\\\/2017\\\/05\\\/medlem.png\",\"contentUrl\":\"https:\\\/\\\/wp.kristdemokraterna.se\\\/klippan\\\/files\\\/2017\\\/05\\\/medlem.png\",\"width\":341,\"height\":137},{\"@type\":\"BreadcrumbList\",\"@id\":\"https:\\\/\\\/wp.kristdemokraterna.se\\\/klippan\\\/kontakta-oss\\\/#breadcrumb\",\"itemListElement\":[{\"@type\":\"ListItem\",\"position\":1,\"name\":\"Hem\",\"item\":\"https:\\\/\\\/wp.kristdemokraterna.se\\\/klippan\\\/\"},{\"@type\":\"ListItem\",\"position\":2,\"name\":\"Kontakt\"}]},{\"@type\":\"WebSite\",\"@id\":\"https:\\\/\\\/wp.kristdemokraterna.se\\\/klippan\\\/#website\",\"url\":\"https:\\\/\\\/wp.kristdemokraterna.se\\\/klippan\\\/\",\"name\":\"Klippan\",\"description\":\"En till Kristdemokraterna webbplats\",\"inLanguage\":\"sv-SE\"}]}<\/script>\n<!-- \/ Yoast SEO plugin. -->","yoast_head_json":{"title":"Kontakt - Klippan","robots":{"index":"index","follow":"follow","max-snippet":"max-snippet:-1","max-image-preview":"max-image-preview:large","max-video-preview":"max-video-preview:-1"},"canonical":"https:\/\/wp.kristdemokraterna.se\/klippan\/kontakta-oss\/","og_locale":"sv_SE","og_type":"article","og_title":"Kontakt - Klippan","og_description":"Ordf\u00f6rande f\u00f6r Kristdemokraterna i Klippan: Bodil Andersson Webmaster f\u00f6r wp.kristemokraterna.se\/klippan Charlotte Eliasson Anderberg","og_url":"https:\/\/wp.kristdemokraterna.se\/klippan\/kontakta-oss\/","og_site_name":"Klippan","article_modified_time":"2017-06-21T07:37:09+00:00","og_image":[{"url":"http:\/\/wp.kristdemokraterna.se\/klippan\/files\/2017\/05\/medlem-300x121.png","type":"","width":"","height":""}],"twitter_card":"summary_large_image","schema":{"@context":"https:\/\/schema.org","@graph":[{"@type":"WebPage","@id":"https:\/\/wp.kristdemokraterna.se\/klippan\/kontakta-oss\/","url":"https:\/\/wp.kristdemokraterna.se\/klippan\/kontakta-oss\/","name":"Kontakt - Klippan","isPartOf":{"@id":"https:\/\/wp.kristdemokraterna.se\/klippan\/#website"},"primaryImageOfPage":{"@id":"https:\/\/wp.kristdemokraterna.se\/klippan\/kontakta-oss\/#primaryimage"},"image":{"@id":"https:\/\/wp.kristdemokraterna.se\/klippan\/kontakta-oss\/#primaryimage"},"thumbnailUrl":"http:\/\/wp.kristdemokraterna.se\/klippan\/files\/2017\/05\/medlem-300x121.png","datePublished":"2012-11-19T14:56:50+00:00","dateModified":"2017-06-21T07:37:09+00:00","breadcrumb":{"@id":"https:\/\/wp.kristdemokraterna.se\/klippan\/kontakta-oss\/#breadcrumb"},"inLanguage":"sv-SE","potentialAction":[{"@type":"ReadAction","target":["https:\/\/wp.kristdemokraterna.se\/klippan\/kontakta-oss\/"]}]},{"@type":"ImageObject","inLanguage":"sv-SE","@id":"https:\/\/wp.kristdemokraterna.se\/klippan\/kontakta-oss\/#primaryimage","url":"https:\/\/wp.kristdemokraterna.se\/klippan\/files\/2017\/05\/medlem.png","contentUrl":"https:\/\/wp.kristdemokraterna.se\/klippan\/files\/2017\/05\/medlem.png","width":341,"height":137},{"@type":"BreadcrumbList","@id":"https:\/\/wp.kristdemokraterna.se\/klippan\/kontakta-oss\/#breadcrumb","itemListElement":[{"@type":"ListItem","position":1,"name":"Hem","item":"https:\/\/wp.kristdemokraterna.se\/klippan\/"},{"@type":"ListItem","position":2,"name":"Kontakt"}]},{"@type":"WebSite","@id":"https:\/\/wp.kristdemokraterna.se\/klippan\/#website","url":"https:\/\/wp.kristdemokraterna.se\/klippan\/","name":"Klippan","description":"En till Kristdemokraterna webbplats","inLanguage":"sv-SE"}]}},"_links":{"self":[{"href":"https:\/\/wp.kristdemokraterna.se\/klippan\/wp-json\/wp\/v2\/pages\/8","targetHints":{"allow":["GET"]}}],"collection":[{"href":"https:\/\/wp.kristdemokraterna.se\/klippan\/wp-json\/wp\/v2\/pages"}],"about":[{"href":"https:\/\/wp.kristdemokraterna.se\/klippan\/wp-json\/wp\/v2\/types\/page"}],"author":[{"embeddable":true,"href":"https:\/\/wp.kristdemokraterna.se\/klippan\/wp-json\/wp\/v2\/users\/477"}],"replies":[{"embeddable":true,"href":"https:\/\/wp.kristdemokraterna.se\/klippan\/wp-json\/wp\/v2\/comments?post=8"}],"version-history":[{"count":32,"href":"https:\/\/wp.kristdemokraterna.se\/klippan\/wp-json\/wp\/v2\/pages\/8\/revisions"}],"predecessor-version":[{"id":738,"href":"https:\/\/wp.kristdemokraterna.se\/klippan\/wp-json\/wp\/v2\/pages\/8\/revisions\/738"}],"wp:attachment":[{"href":"https:\/\/wp.kristdemokraterna.se\/klippan\/wp-json\/wp\/v2\/media?parent=8"}],"curies":[{"name":"wp","href":"https:\/\/api.w.org\/{rel}","templated":true}]}}