{"id":887,"date":"2018-08-12T21:25:39","date_gmt":"2018-08-12T19:25:39","guid":{"rendered":"http:\/\/wp.kristdemokraterna.se\/klippan\/?page_id=887"},"modified":"2022-02-15T20:44:16","modified_gmt":"2022-02-15T19:44:16","slug":"klippans-valprogram-2018","status":"publish","type":"page","link":"https:\/\/wp.kristdemokraterna.se\/klippan\/klippans-valprogram-2018\/","title":{"rendered":"Valet 2022"},"content":{"rendered":"<h2>Du ska kunna lita p\u00e5 Klippan<\/h2>\n<h2>\u00c4ldreomsorg<\/h2>\n<ul>\n<li>\u00c4ldreboende garanti- ingen ska beh\u00f6va \u00e5ldras ensam och otrygg<\/li>\n<li>S\u00e4rskilt boende f\u00f6r \u00e4ldre, i b\u00e5de Klippan, Ljungbyhed och \u00d6stra Ljungby.<\/li>\n<li>Dementboende ska placeras i centralorten Klippan, inte i Ljungbyhed.<\/li>\n<li>Vi vill \u00e5terinf\u00f6ra hemtagnings teamet inom hemtj\u00e4nsten.<\/li>\n<li>Avlastningen som anh\u00f6rigv\u00e5rdare har \u00e4r idag 8 tim. Vi vill \u00f6ka den till 16 tim.<\/li>\n<li>Inf\u00f6ra ett resursf\u00f6rdelnings system inom omsorgen. Det betyder att boenden f\u00e5r resurser efter behov.<\/li>\n<li>Vi vill ha en f\u00f6renklad bist\u00e5ndshandl\u00e4ggning inom hemtj\u00e4nsten = du sj\u00e4lv best\u00e4mmer om du beh\u00f6ver det, inte ngn annan.<\/li>\n<li>Sist men inte minst- snabbt f\u00e5 ig\u00e5ng en f\u00f6rb\u00e4ttring av m\u00e5ltiderna f\u00f6r \u00e4ldre inom hemtj\u00e4nsten !<\/li>\n<\/ul>\n<h2>Barnomsorg och skola<\/h2>\n<ul>\n<li>Vedbyskola beh\u00f6vs, den ska vara kvar.<\/li>\n<li>Minska barngrupperna i f\u00f6rskolan och grundskolan.<\/li>\n<li>Fler l\u00e4rare i skolan.<\/li>\n<li>\u00d6ka vuxen n\u00e4rvaron t.ex. Vaktm\u00e4stare och st\u00e4dpersonal .<\/li>\n<li>Framf\u00f6rallt erbjuda valm\u00f6jligheter, vi ser g\u00e4rna privata alternativ som komplement till kommunens verksamheter.<\/li>\n<li>S\u00e4kra cykelv\u00e4garna till skolan. \u00c5rligen se \u00f6ver barnens g\u00e5ng och cykelv\u00e4gar till skolan. Allt f\u00f6r en trygg och s\u00e4ker milj\u00f6.<\/li>\n<li>Kultur och fritid;<\/li>\n<li>Utveckla Kulturskolan !<\/li>\n<li>\u00d6kad samverkan mellan f\u00f6reningar och kommunalverksamhet.<\/li>\n<li>F\u00f6reningar beh\u00f6vs f\u00f6r att ge ungdomarna n\u00e5got att brinna f\u00f6r. Kommunen har ett ansvar f\u00f6r att se till att f\u00f6reningarna \u00e4r tillg\u00e4ngliga f\u00f6r alla !<\/li>\n<\/ul>\n<h2>V\u00e5r kommun<\/h2>\n<ul>\n<li>Gemensamt med grannkommuner anst\u00e4lla en handikappkonsulent. En oberoende person som kommer in med \u201dop\u00e5verkade\u201d \u00f6gon och tittar p\u00e5 v\u00e5r verksamhet.<\/li>\n<li>Arbeta f\u00f6r att knyta ihop v\u00e5ra kommundelar med kollektivtrafik av n\u00e5gon form t.ex. genom att \u00f6ppna upp skolskjutsarna f\u00f6r fler kommuninv\u00e5nare.<\/li>\n<li>Vi vill ha bemanning av brandpersonal p\u00e5 dagtid , b\u00e5de i Klippan och Ljungbyhed.<\/li>\n<li>En \u00f6versyn av brandstationen i Ljungbyhed.<\/li>\n<li>Kvalitets\u00e4kra s\u00e5v\u00e4l kommunal som privat verksamhet i v\u00e5r kommun.<\/li>\n<li>G\u00f6ra det enklare att n\u00e5 tj\u00e4nstem\u00e4n p\u00e5 kommunen. Vi m\u00e5ste skapa en b\u00e4ttre dialog och lyh\u00f6rdhet.<\/li>\n<li>Inf\u00f6r en kommunpolis som snabbt kan vara p\u00e5 plats n\u00e4r det sker brott mot lagen.<\/li>\n<li>Kommunen ska bedriva ett aktivt alkohol \u2013 drog f\u00f6rebyggande arbete.<\/li>\n<\/ul>\n<h2>V\u00e5rt samh\u00e4lle<\/h2>\n<ul>\n<li>Forts\u00e4tt utveckla samarbetet mellan Kommunalverksamhet, f\u00f6reningar och n\u00e4ringslivet.<\/li>\n<li>Skapa f\u00f6ruts\u00e4ttningar f\u00f6r f\u00f6retag i v\u00e5r kommun att kunna delta i upphandlingar.<\/li>\n<li>Vi vill erbjuda olika former av l\u00e4rlingsutbildningar i n\u00e4ra samarbete med det lokala n\u00e4ringslivet.<\/li>\n<li>Ha en ren kommun-nolltolerans f\u00f6r nedskr\u00e4pning.<\/li>\n<li>L\u00e5t aldrig rasism och enfald f\u00e5 f\u00f6rst\u00f6ra v\u00e5r kommun.<\/li>\n<\/ul>\n<p>&nbsp;<\/p>\n<p>Tack f\u00f6r att du l\u00e4st v\u00e5rt valprogram<\/p>\n","protected":false},"excerpt":{"rendered":"<p>Du ska kunna lita p\u00e5 Klippan \u00c4ldreomsorg \u00c4ldreboende garanti- ingen ska beh\u00f6va \u00e5ldras ensam och otrygg S\u00e4rskilt boende f\u00f6r \u00e4ldre, i b\u00e5de Klippan, Ljungbyhed och \u00d6stra Ljungby. Dementboende ska placeras i centralorten Klippan, inte i Ljungbyhed. Vi vill \u00e5terinf\u00f6ra hemtagnings teamet inom hemtj\u00e4nsten. Avlastningen som anh\u00f6rigv\u00e5rdare har \u00e4r idag 8 tim. Vi vill \u00f6ka den <a class=\"read-more-link\" href=\"https:\/\/wp.kristdemokraterna.se\/klippan\/klippans-valprogram-2018\/\">Read More<\/a><\/p>\n","protected":false},"author":477,"featured_media":0,"parent":0,"menu_order":0,"comment_status":"closed","ping_status":"closed","template":"","meta":{"_acf_changed":false,"footnotes":""},"class_list":["post-887","page","type-page","status-publish","hentry"],"acf":[],"yoast_head":"<!-- This site is optimized with the Yoast SEO plugin v27.4 - https:\/\/yoast.com\/product\/yoast-seo-wordpress\/ -->\n<title>Valet 2022 - Klippan<\/title>\n<meta name=\"robots\" content=\"index, follow, max-snippet:-1, max-image-preview:large, max-video-preview:-1\" \/>\n<link rel=\"canonical\" href=\"https:\/\/wp.kristdemokraterna.se\/klippan\/klippans-valprogram-2018\/\" \/>\n<meta property=\"og:locale\" content=\"sv_SE\" \/>\n<meta property=\"og:type\" content=\"article\" \/>\n<meta property=\"og:title\" content=\"Valet 2022 - Klippan\" \/>\n<meta property=\"og:description\" content=\"Du ska kunna lita p\u00e5 Klippan \u00c4ldreomsorg \u00c4ldreboende garanti- ingen ska beh\u00f6va \u00e5ldras ensam och otrygg S\u00e4rskilt boende f\u00f6r \u00e4ldre, i b\u00e5de Klippan, Ljungbyhed och \u00d6stra Ljungby. Dementboende ska placeras i centralorten Klippan, inte i Ljungbyhed. Vi vill \u00e5terinf\u00f6ra hemtagnings teamet inom hemtj\u00e4nsten. Avlastningen som anh\u00f6rigv\u00e5rdare har \u00e4r idag 8 tim. Vi vill \u00f6ka den Read More\" \/>\n<meta property=\"og:url\" content=\"https:\/\/wp.kristdemokraterna.se\/klippan\/klippans-valprogram-2018\/\" \/>\n<meta property=\"og:site_name\" content=\"Klippan\" \/>\n<meta property=\"article:modified_time\" content=\"2022-02-15T19:44:16+00:00\" \/>\n<meta name=\"twitter:card\" content=\"summary_large_image\" \/>\n<meta name=\"twitter:label1\" content=\"Ber\u00e4knad l\u00e4stid\" \/>\n\t<meta name=\"twitter:data1\" content=\"2 minuter\" \/>\n<script type=\"application\/ld+json\" class=\"yoast-schema-graph\">{\"@context\":\"https:\\\/\\\/schema.org\",\"@graph\":[{\"@type\":\"WebPage\",\"@id\":\"https:\\\/\\\/wp.kristdemokraterna.se\\\/klippan\\\/klippans-valprogram-2018\\\/\",\"url\":\"https:\\\/\\\/wp.kristdemokraterna.se\\\/klippan\\\/klippans-valprogram-2018\\\/\",\"name\":\"Valet 2022 - Klippan\",\"isPartOf\":{\"@id\":\"https:\\\/\\\/wp.kristdemokraterna.se\\\/klippan\\\/#website\"},\"datePublished\":\"2018-08-12T19:25:39+00:00\",\"dateModified\":\"2022-02-15T19:44:16+00:00\",\"breadcrumb\":{\"@id\":\"https:\\\/\\\/wp.kristdemokraterna.se\\\/klippan\\\/klippans-valprogram-2018\\\/#breadcrumb\"},\"inLanguage\":\"sv-SE\",\"potentialAction\":[{\"@type\":\"ReadAction\",\"target\":[\"https:\\\/\\\/wp.kristdemokraterna.se\\\/klippan\\\/klippans-valprogram-2018\\\/\"]}]},{\"@type\":\"BreadcrumbList\",\"@id\":\"https:\\\/\\\/wp.kristdemokraterna.se\\\/klippan\\\/klippans-valprogram-2018\\\/#breadcrumb\",\"itemListElement\":[{\"@type\":\"ListItem\",\"position\":1,\"name\":\"Hem\",\"item\":\"https:\\\/\\\/wp.kristdemokraterna.se\\\/klippan\\\/\"},{\"@type\":\"ListItem\",\"position\":2,\"name\":\"Valet 2022\"}]},{\"@type\":\"WebSite\",\"@id\":\"https:\\\/\\\/wp.kristdemokraterna.se\\\/klippan\\\/#website\",\"url\":\"https:\\\/\\\/wp.kristdemokraterna.se\\\/klippan\\\/\",\"name\":\"Klippan\",\"description\":\"En till Kristdemokraterna webbplats\",\"inLanguage\":\"sv-SE\"}]}<\/script>\n<!-- \/ Yoast SEO plugin. -->","yoast_head_json":{"title":"Valet 2022 - Klippan","robots":{"index":"index","follow":"follow","max-snippet":"max-snippet:-1","max-image-preview":"max-image-preview:large","max-video-preview":"max-video-preview:-1"},"canonical":"https:\/\/wp.kristdemokraterna.se\/klippan\/klippans-valprogram-2018\/","og_locale":"sv_SE","og_type":"article","og_title":"Valet 2022 - Klippan","og_description":"Du ska kunna lita p\u00e5 Klippan \u00c4ldreomsorg \u00c4ldreboende garanti- ingen ska beh\u00f6va \u00e5ldras ensam och otrygg S\u00e4rskilt boende f\u00f6r \u00e4ldre, i b\u00e5de Klippan, Ljungbyhed och \u00d6stra Ljungby. Dementboende ska placeras i centralorten Klippan, inte i Ljungbyhed. Vi vill \u00e5terinf\u00f6ra hemtagnings teamet inom hemtj\u00e4nsten. Avlastningen som anh\u00f6rigv\u00e5rdare har \u00e4r idag 8 tim. Vi vill \u00f6ka den Read More","og_url":"https:\/\/wp.kristdemokraterna.se\/klippan\/klippans-valprogram-2018\/","og_site_name":"Klippan","article_modified_time":"2022-02-15T19:44:16+00:00","twitter_card":"summary_large_image","twitter_misc":{"Ber\u00e4knad l\u00e4stid":"2 minuter"},"schema":{"@context":"https:\/\/schema.org","@graph":[{"@type":"WebPage","@id":"https:\/\/wp.kristdemokraterna.se\/klippan\/klippans-valprogram-2018\/","url":"https:\/\/wp.kristdemokraterna.se\/klippan\/klippans-valprogram-2018\/","name":"Valet 2022 - Klippan","isPartOf":{"@id":"https:\/\/wp.kristdemokraterna.se\/klippan\/#website"},"datePublished":"2018-08-12T19:25:39+00:00","dateModified":"2022-02-15T19:44:16+00:00","breadcrumb":{"@id":"https:\/\/wp.kristdemokraterna.se\/klippan\/klippans-valprogram-2018\/#breadcrumb"},"inLanguage":"sv-SE","potentialAction":[{"@type":"ReadAction","target":["https:\/\/wp.kristdemokraterna.se\/klippan\/klippans-valprogram-2018\/"]}]},{"@type":"BreadcrumbList","@id":"https:\/\/wp.kristdemokraterna.se\/klippan\/klippans-valprogram-2018\/#breadcrumb","itemListElement":[{"@type":"ListItem","position":1,"name":"Hem","item":"https:\/\/wp.kristdemokraterna.se\/klippan\/"},{"@type":"ListItem","position":2,"name":"Valet 2022"}]},{"@type":"WebSite","@id":"https:\/\/wp.kristdemokraterna.se\/klippan\/#website","url":"https:\/\/wp.kristdemokraterna.se\/klippan\/","name":"Klippan","description":"En till Kristdemokraterna webbplats","inLanguage":"sv-SE"}]}},"_links":{"self":[{"href":"https:\/\/wp.kristdemokraterna.se\/klippan\/wp-json\/wp\/v2\/pages\/887","targetHints":{"allow":["GET"]}}],"collection":[{"href":"https:\/\/wp.kristdemokraterna.se\/klippan\/wp-json\/wp\/v2\/pages"}],"about":[{"href":"https:\/\/wp.kristdemokraterna.se\/klippan\/wp-json\/wp\/v2\/types\/page"}],"author":[{"embeddable":true,"href":"https:\/\/wp.kristdemokraterna.se\/klippan\/wp-json\/wp\/v2\/users\/477"}],"replies":[{"embeddable":true,"href":"https:\/\/wp.kristdemokraterna.se\/klippan\/wp-json\/wp\/v2\/comments?post=887"}],"version-history":[{"count":4,"href":"https:\/\/wp.kristdemokraterna.se\/klippan\/wp-json\/wp\/v2\/pages\/887\/revisions"}],"predecessor-version":[{"id":974,"href":"https:\/\/wp.kristdemokraterna.se\/klippan\/wp-json\/wp\/v2\/pages\/887\/revisions\/974"}],"wp:attachment":[{"href":"https:\/\/wp.kristdemokraterna.se\/klippan\/wp-json\/wp\/v2\/media?parent=887"}],"curies":[{"name":"wp","href":"https:\/\/api.w.org\/{rel}","templated":true}]}}