{"id":1752,"date":"2018-05-28T13:06:03","date_gmt":"2018-05-28T11:06:03","guid":{"rendered":"http:\/\/wp.kristdemokraterna.se\/knivsta\/?page_id=1752"},"modified":"2018-09-06T20:37:10","modified_gmt":"2018-09-06T18:37:10","slug":"ett-vardigt-aldrande","status":"publish","type":"page","link":"https:\/\/wp.kristdemokraterna.se\/knivsta\/valprogram\/ett-vardigt-aldrande\/","title":{"rendered":"Ett v\u00e4rdigt \u00e5ldrande"},"content":{"rendered":"<p><a href=\"http:\/\/wp.kristdemokraterna.se\/knivsta\/files\/2018\/06\/aldre.jpg\"><img loading=\"lazy\" decoding=\"async\" class=\"alignnone size-full wp-image-1912\" src=\"http:\/\/wp.kristdemokraterna.se\/knivsta\/files\/2018\/06\/aldre.jpg\" alt=\"\" width=\"617\" height=\"333\" srcset=\"https:\/\/wp.kristdemokraterna.se\/knivsta\/files\/2018\/06\/aldre.jpg 617w, https:\/\/wp.kristdemokraterna.se\/knivsta\/files\/2018\/06\/aldre-479x259.jpg 479w, https:\/\/wp.kristdemokraterna.se\/knivsta\/files\/2018\/06\/aldre-356x192.jpg 356w\" sizes=\"auto, (max-width: 617px) 100vw, 617px\" \/><\/a><\/p>\n<p><strong>Alla ska ha en bra tillvaro i Knivsta, \u00e4ven de \u00e4ldre. P\u00e5 \u00e5lderns h\u00f6st ska man ha en god livssituation med bra mat och boende. Den som vill ska kunna v\u00e4lja syssels\u00e4ttning, n\u00e4r man tar sin promenad och andra saker som spelar roll f\u00f6r livskvaliteten. D\u00e4rf\u00f6r vill vi i KD:<\/strong><\/p>\n<p>\u2013\u00a0Se till att varje person ska kunna v\u00e4lja utf\u00f6rare av hemtj\u00e4nsten genom Lagen om valfrihetssystem, LOV.<\/p>\n<p>\u2013 Att de olika verksamheterna s\u00e5 l\u00e5ngt som m\u00f6jligt anpassas f\u00f6r att m\u00f6ta varje persons behov vad g\u00e4ller intressen, spr\u00e5k, livs\u00e5sk\u00e5dning och v\u00e5rdbehov, genom profileringar och temaboenden.<\/p>\n<p>\u2013 Inf\u00f6ra en v\u00e4rdighetsgaranti som inneb\u00e4r att den \u00e4ldre f\u00e5r m\u00f6jlighet att best\u00e4mma \u00f6ver exempelvis promenader och vilken mat han eller hon vill \u00e4ta.<\/p>\n<p>\u2013 Att alla som fyllt 80 \u00e5r ska erbjudas hembeso\u0308k fo\u0308r att fa\u030a information om kommunens verksamhet och fa\u030a mo\u0308jlighet att framfo\u0308ra o\u0308nskema\u030al.<\/p>\n<p>\u2013 Arbeta f\u00f6r att mobila enheter ska inr\u00e4ttas som kan ge v\u00e5rd i hemmet vid behov.<\/p>\n","protected":false},"excerpt":{"rendered":"<p>Alla ska ha en bra tillvaro i Knivsta, \u00e4ven de \u00e4ldre. P\u00e5 \u00e5lderns h\u00f6st ska man ha en god livssituation med bra mat och boende. Den som vill ska kunna v\u00e4lja syssels\u00e4ttning, n\u00e4r man tar sin promenad och andra saker som spelar roll f\u00f6r livskvaliteten. D\u00e4rf\u00f6r vill vi i KD: \u2013\u00a0Se till att varje person <a class=\"read-more-link\" href=\"https:\/\/wp.kristdemokraterna.se\/knivsta\/valprogram\/ett-vardigt-aldrande\/\">Read More<\/a><\/p>\n","protected":false},"author":481,"featured_media":0,"parent":8,"menu_order":8,"comment_status":"closed","ping_status":"closed","template":"","meta":{"_acf_changed":false,"footnotes":""},"class_list":["post-1752","page","type-page","status-publish","hentry"],"acf":[],"yoast_head":"<!-- This site is optimized with the Yoast SEO plugin v27.6 - https:\/\/yoast.com\/product\/yoast-seo-wordpress\/ -->\n<title>Ett v\u00e4rdigt \u00e5ldrande - Knivsta<\/title>\n<meta name=\"robots\" content=\"index, follow, max-snippet:-1, max-image-preview:large, max-video-preview:-1\" \/>\n<link rel=\"canonical\" href=\"https:\/\/wp.kristdemokraterna.se\/knivsta\/valprogram\/ett-vardigt-aldrande\/\" \/>\n<meta property=\"og:locale\" content=\"sv_SE\" \/>\n<meta property=\"og:type\" content=\"article\" \/>\n<meta property=\"og:title\" content=\"Ett v\u00e4rdigt \u00e5ldrande - Knivsta\" \/>\n<meta property=\"og:description\" content=\"Alla ska ha en bra tillvaro i Knivsta, \u00e4ven de \u00e4ldre. P\u00e5 \u00e5lderns h\u00f6st ska man ha en god livssituation med bra mat och boende. Den som vill ska kunna v\u00e4lja syssels\u00e4ttning, n\u00e4r man tar sin promenad och andra saker som spelar roll f\u00f6r livskvaliteten. D\u00e4rf\u00f6r vill vi i KD: \u2013\u00a0Se till att varje person Read More\" \/>\n<meta property=\"og:url\" content=\"https:\/\/wp.kristdemokraterna.se\/knivsta\/valprogram\/ett-vardigt-aldrande\/\" \/>\n<meta property=\"og:site_name\" content=\"Knivsta\" \/>\n<meta property=\"article:publisher\" content=\"https:\/\/www.facebook.com\/kdknivsta\" \/>\n<meta property=\"article:modified_time\" content=\"2018-09-06T18:37:10+00:00\" \/>\n<meta property=\"og:image\" content=\"http:\/\/wp.kristdemokraterna.se\/knivsta\/files\/2018\/06\/aldre.jpg\" \/>\n<meta name=\"twitter:card\" content=\"summary_large_image\" \/>\n<meta name=\"twitter:label1\" content=\"Ber\u00e4knad l\u00e4stid\" \/>\n\t<meta name=\"twitter:data1\" content=\"1 minut\" \/>\n<script type=\"application\/ld+json\" class=\"yoast-schema-graph\">{\"@context\":\"https:\\\/\\\/schema.org\",\"@graph\":[{\"@type\":\"WebPage\",\"@id\":\"https:\\\/\\\/wp.kristdemokraterna.se\\\/knivsta\\\/valprogram\\\/ett-vardigt-aldrande\\\/\",\"url\":\"https:\\\/\\\/wp.kristdemokraterna.se\\\/knivsta\\\/valprogram\\\/ett-vardigt-aldrande\\\/\",\"name\":\"Ett v\u00e4rdigt \u00e5ldrande - Knivsta\",\"isPartOf\":{\"@id\":\"https:\\\/\\\/wp.kristdemokraterna.se\\\/knivsta\\\/#website\"},\"primaryImageOfPage\":{\"@id\":\"https:\\\/\\\/wp.kristdemokraterna.se\\\/knivsta\\\/valprogram\\\/ett-vardigt-aldrande\\\/#primaryimage\"},\"image\":{\"@id\":\"https:\\\/\\\/wp.kristdemokraterna.se\\\/knivsta\\\/valprogram\\\/ett-vardigt-aldrande\\\/#primaryimage\"},\"thumbnailUrl\":\"http:\\\/\\\/wp.kristdemokraterna.se\\\/knivsta\\\/files\\\/2018\\\/06\\\/aldre.jpg\",\"datePublished\":\"2018-05-28T11:06:03+00:00\",\"dateModified\":\"2018-09-06T18:37:10+00:00\",\"breadcrumb\":{\"@id\":\"https:\\\/\\\/wp.kristdemokraterna.se\\\/knivsta\\\/valprogram\\\/ett-vardigt-aldrande\\\/#breadcrumb\"},\"inLanguage\":\"sv-SE\",\"potentialAction\":[{\"@type\":\"ReadAction\",\"target\":[\"https:\\\/\\\/wp.kristdemokraterna.se\\\/knivsta\\\/valprogram\\\/ett-vardigt-aldrande\\\/\"]}]},{\"@type\":\"ImageObject\",\"inLanguage\":\"sv-SE\",\"@id\":\"https:\\\/\\\/wp.kristdemokraterna.se\\\/knivsta\\\/valprogram\\\/ett-vardigt-aldrande\\\/#primaryimage\",\"url\":\"https:\\\/\\\/wp.kristdemokraterna.se\\\/knivsta\\\/files\\\/2018\\\/06\\\/aldre.jpg\",\"contentUrl\":\"https:\\\/\\\/wp.kristdemokraterna.se\\\/knivsta\\\/files\\\/2018\\\/06\\\/aldre.jpg\",\"width\":617,\"height\":333},{\"@type\":\"BreadcrumbList\",\"@id\":\"https:\\\/\\\/wp.kristdemokraterna.se\\\/knivsta\\\/valprogram\\\/ett-vardigt-aldrande\\\/#breadcrumb\",\"itemListElement\":[{\"@type\":\"ListItem\",\"position\":1,\"name\":\"Hem\",\"item\":\"https:\\\/\\\/wp.kristdemokraterna.se\\\/knivsta\\\/\"},{\"@type\":\"ListItem\",\"position\":2,\"name\":\"Valprogram\",\"item\":\"https:\\\/\\\/wp.kristdemokraterna.se\\\/knivsta\\\/valprogram\\\/\"},{\"@type\":\"ListItem\",\"position\":3,\"name\":\"Ett v\u00e4rdigt \u00e5ldrande\"}]},{\"@type\":\"WebSite\",\"@id\":\"https:\\\/\\\/wp.kristdemokraterna.se\\\/knivsta\\\/#website\",\"url\":\"https:\\\/\\\/wp.kristdemokraterna.se\\\/knivsta\\\/\",\"name\":\"Knivsta\",\"description\":\" F\u00f6r ett b\u00e4ttre samh\u00e4lle\",\"inLanguage\":\"sv-SE\"}]}<\/script>\n<!-- \/ Yoast SEO plugin. -->","yoast_head_json":{"title":"Ett v\u00e4rdigt \u00e5ldrande - Knivsta","robots":{"index":"index","follow":"follow","max-snippet":"max-snippet:-1","max-image-preview":"max-image-preview:large","max-video-preview":"max-video-preview:-1"},"canonical":"https:\/\/wp.kristdemokraterna.se\/knivsta\/valprogram\/ett-vardigt-aldrande\/","og_locale":"sv_SE","og_type":"article","og_title":"Ett v\u00e4rdigt \u00e5ldrande - Knivsta","og_description":"Alla ska ha en bra tillvaro i Knivsta, \u00e4ven de \u00e4ldre. P\u00e5 \u00e5lderns h\u00f6st ska man ha en god livssituation med bra mat och boende. Den som vill ska kunna v\u00e4lja syssels\u00e4ttning, n\u00e4r man tar sin promenad och andra saker som spelar roll f\u00f6r livskvaliteten. D\u00e4rf\u00f6r vill vi i KD: \u2013\u00a0Se till att varje person Read More","og_url":"https:\/\/wp.kristdemokraterna.se\/knivsta\/valprogram\/ett-vardigt-aldrande\/","og_site_name":"Knivsta","article_publisher":"https:\/\/www.facebook.com\/kdknivsta","article_modified_time":"2018-09-06T18:37:10+00:00","og_image":[{"url":"http:\/\/wp.kristdemokraterna.se\/knivsta\/files\/2018\/06\/aldre.jpg","type":"","width":"","height":""}],"twitter_card":"summary_large_image","twitter_misc":{"Ber\u00e4knad l\u00e4stid":"1 minut"},"schema":{"@context":"https:\/\/schema.org","@graph":[{"@type":"WebPage","@id":"https:\/\/wp.kristdemokraterna.se\/knivsta\/valprogram\/ett-vardigt-aldrande\/","url":"https:\/\/wp.kristdemokraterna.se\/knivsta\/valprogram\/ett-vardigt-aldrande\/","name":"Ett v\u00e4rdigt \u00e5ldrande - Knivsta","isPartOf":{"@id":"https:\/\/wp.kristdemokraterna.se\/knivsta\/#website"},"primaryImageOfPage":{"@id":"https:\/\/wp.kristdemokraterna.se\/knivsta\/valprogram\/ett-vardigt-aldrande\/#primaryimage"},"image":{"@id":"https:\/\/wp.kristdemokraterna.se\/knivsta\/valprogram\/ett-vardigt-aldrande\/#primaryimage"},"thumbnailUrl":"http:\/\/wp.kristdemokraterna.se\/knivsta\/files\/2018\/06\/aldre.jpg","datePublished":"2018-05-28T11:06:03+00:00","dateModified":"2018-09-06T18:37:10+00:00","breadcrumb":{"@id":"https:\/\/wp.kristdemokraterna.se\/knivsta\/valprogram\/ett-vardigt-aldrande\/#breadcrumb"},"inLanguage":"sv-SE","potentialAction":[{"@type":"ReadAction","target":["https:\/\/wp.kristdemokraterna.se\/knivsta\/valprogram\/ett-vardigt-aldrande\/"]}]},{"@type":"ImageObject","inLanguage":"sv-SE","@id":"https:\/\/wp.kristdemokraterna.se\/knivsta\/valprogram\/ett-vardigt-aldrande\/#primaryimage","url":"https:\/\/wp.kristdemokraterna.se\/knivsta\/files\/2018\/06\/aldre.jpg","contentUrl":"https:\/\/wp.kristdemokraterna.se\/knivsta\/files\/2018\/06\/aldre.jpg","width":617,"height":333},{"@type":"BreadcrumbList","@id":"https:\/\/wp.kristdemokraterna.se\/knivsta\/valprogram\/ett-vardigt-aldrande\/#breadcrumb","itemListElement":[{"@type":"ListItem","position":1,"name":"Hem","item":"https:\/\/wp.kristdemokraterna.se\/knivsta\/"},{"@type":"ListItem","position":2,"name":"Valprogram","item":"https:\/\/wp.kristdemokraterna.se\/knivsta\/valprogram\/"},{"@type":"ListItem","position":3,"name":"Ett v\u00e4rdigt \u00e5ldrande"}]},{"@type":"WebSite","@id":"https:\/\/wp.kristdemokraterna.se\/knivsta\/#website","url":"https:\/\/wp.kristdemokraterna.se\/knivsta\/","name":"Knivsta","description":" F\u00f6r ett b\u00e4ttre samh\u00e4lle","inLanguage":"sv-SE"}]}},"_links":{"self":[{"href":"https:\/\/wp.kristdemokraterna.se\/knivsta\/wp-json\/wp\/v2\/pages\/1752","targetHints":{"allow":["GET"]}}],"collection":[{"href":"https:\/\/wp.kristdemokraterna.se\/knivsta\/wp-json\/wp\/v2\/pages"}],"about":[{"href":"https:\/\/wp.kristdemokraterna.se\/knivsta\/wp-json\/wp\/v2\/types\/page"}],"author":[{"embeddable":true,"href":"https:\/\/wp.kristdemokraterna.se\/knivsta\/wp-json\/wp\/v2\/users\/481"}],"replies":[{"embeddable":true,"href":"https:\/\/wp.kristdemokraterna.se\/knivsta\/wp-json\/wp\/v2\/comments?post=1752"}],"version-history":[{"count":12,"href":"https:\/\/wp.kristdemokraterna.se\/knivsta\/wp-json\/wp\/v2\/pages\/1752\/revisions"}],"predecessor-version":[{"id":2365,"href":"https:\/\/wp.kristdemokraterna.se\/knivsta\/wp-json\/wp\/v2\/pages\/1752\/revisions\/2365"}],"up":[{"embeddable":true,"href":"https:\/\/wp.kristdemokraterna.se\/knivsta\/wp-json\/wp\/v2\/pages\/8"}],"wp:attachment":[{"href":"https:\/\/wp.kristdemokraterna.se\/knivsta\/wp-json\/wp\/v2\/media?parent=1752"}],"curies":[{"name":"wp","href":"https:\/\/api.w.org\/{rel}","templated":true}]}}