{"id":2352,"date":"2018-09-03T20:00:31","date_gmt":"2018-09-03T18:00:31","guid":{"rendered":"http:\/\/wp.kristdemokraterna.se\/knivsta\/?page_id=2352"},"modified":"2021-10-22T12:59:00","modified_gmt":"2021-10-22T10:59:00","slug":"var-budget","status":"publish","type":"page","link":"https:\/\/wp.kristdemokraterna.se\/knivsta\/var-budget\/","title":{"rendered":"Skuggbudget 2022"},"content":{"rendered":"<p>H\u00e4r under n\u00e5r du KD Knivstas m\u00e5l och budget f\u00f6r 2022 med planeringsramar f\u00f6r kommande \u00e5r. I filen kan du l\u00e4sa om v\u00e5ra satsningar, reformer, titta p\u00e5 v\u00e5r omv\u00e4rldsanalys, olika f\u00f6ruts\u00e4ttningar, ekonomiska utsikter och mycket mer.<\/p>\n<p><a href=\"http:\/\/wp.kristdemokraterna.se\/knivsta\/files\/2021\/08\/budget-for-knivsta-kommun-210822.pdf\"><img loading=\"lazy\" decoding=\"async\" class=\"alignnone size-large wp-image-2781\" src=\"http:\/\/wp.kristdemokraterna.se\/knivsta\/files\/2021\/10\/skarmavbild-2021-10-22-kl.-12.58.11-135x192.png\" alt=\"\" width=\"135\" height=\"192\" srcset=\"https:\/\/wp.kristdemokraterna.se\/knivsta\/files\/2021\/10\/skarmavbild-2021-10-22-kl.-12.58.11-135x192.png 135w, https:\/\/wp.kristdemokraterna.se\/knivsta\/files\/2021\/10\/skarmavbild-2021-10-22-kl.-12.58.11-184x262.png 184w, https:\/\/wp.kristdemokraterna.se\/knivsta\/files\/2021\/10\/skarmavbild-2021-10-22-kl.-12.58.11-141x200.png 141w, https:\/\/wp.kristdemokraterna.se\/knivsta\/files\/2021\/10\/skarmavbild-2021-10-22-kl.-12.58.11-370x526.png 370w, https:\/\/wp.kristdemokraterna.se\/knivsta\/files\/2021\/10\/skarmavbild-2021-10-22-kl.-12.58.11-770x1094.png 770w, https:\/\/wp.kristdemokraterna.se\/knivsta\/files\/2021\/10\/skarmavbild-2021-10-22-kl.-12.58.11-450x639.png 450w, https:\/\/wp.kristdemokraterna.se\/knivsta\/files\/2021\/10\/skarmavbild-2021-10-22-kl.-12.58.11-280x398.png 280w, https:\/\/wp.kristdemokraterna.se\/knivsta\/files\/2021\/10\/skarmavbild-2021-10-22-kl.-12.58.11-340x483.png 340w, https:\/\/wp.kristdemokraterna.se\/knivsta\/files\/2021\/10\/skarmavbild-2021-10-22-kl.-12.58.11-39x56.png 39w, https:\/\/wp.kristdemokraterna.se\/knivsta\/files\/2021\/10\/skarmavbild-2021-10-22-kl.-12.58.11.png 1004w\" sizes=\"auto, (max-width: 135px) 100vw, 135px\" \/><\/a><\/p>\n","protected":false},"excerpt":{"rendered":"<p>H\u00e4r under n\u00e5r du KD Knivstas m\u00e5l och budget f\u00f6r 2022 med planeringsramar f\u00f6r kommande \u00e5r. I filen kan du l\u00e4sa om v\u00e5ra satsningar, reformer, titta p\u00e5 v\u00e5r omv\u00e4rldsanalys, olika f\u00f6ruts\u00e4ttningar, ekonomiska utsikter och mycket mer.<\/p>\n","protected":false},"author":481,"featured_media":0,"parent":0,"menu_order":6,"comment_status":"closed","ping_status":"closed","template":"","meta":{"_acf_changed":false,"footnotes":""},"class_list":["post-2352","page","type-page","status-publish","hentry"],"acf":[],"yoast_head":"<!-- This site is optimized with the Yoast SEO plugin v27.4 - https:\/\/yoast.com\/product\/yoast-seo-wordpress\/ -->\n<title>Skuggbudget 2022 - Knivsta<\/title>\n<meta name=\"robots\" content=\"index, follow, max-snippet:-1, max-image-preview:large, max-video-preview:-1\" \/>\n<link rel=\"canonical\" href=\"https:\/\/wp.kristdemokraterna.se\/knivsta\/var-budget\/\" \/>\n<meta property=\"og:locale\" content=\"sv_SE\" \/>\n<meta property=\"og:type\" content=\"article\" \/>\n<meta property=\"og:title\" content=\"Skuggbudget 2022 - Knivsta\" \/>\n<meta property=\"og:description\" content=\"H\u00e4r under n\u00e5r du KD Knivstas m\u00e5l och budget f\u00f6r 2022 med planeringsramar f\u00f6r kommande \u00e5r. I filen kan du l\u00e4sa om v\u00e5ra satsningar, reformer, titta p\u00e5 v\u00e5r omv\u00e4rldsanalys, olika f\u00f6ruts\u00e4ttningar, ekonomiska utsikter och mycket mer.\" \/>\n<meta property=\"og:url\" content=\"https:\/\/wp.kristdemokraterna.se\/knivsta\/var-budget\/\" \/>\n<meta property=\"og:site_name\" content=\"Knivsta\" \/>\n<meta property=\"article:publisher\" content=\"https:\/\/www.facebook.com\/kdknivsta\" \/>\n<meta property=\"article:modified_time\" content=\"2021-10-22T10:59:00+00:00\" \/>\n<meta property=\"og:image\" content=\"http:\/\/wp.kristdemokraterna.se\/knivsta\/files\/2021\/10\/skarmavbild-2021-10-22-kl.-12.58.11-135x192.png\" \/>\n<meta name=\"twitter:card\" content=\"summary_large_image\" \/>\n<meta name=\"twitter:label1\" content=\"Ber\u00e4knad l\u00e4stid\" \/>\n\t<meta name=\"twitter:data1\" content=\"1 minut\" \/>\n<script type=\"application\/ld+json\" class=\"yoast-schema-graph\">{\"@context\":\"https:\\\/\\\/schema.org\",\"@graph\":[{\"@type\":\"WebPage\",\"@id\":\"https:\\\/\\\/wp.kristdemokraterna.se\\\/knivsta\\\/var-budget\\\/\",\"url\":\"https:\\\/\\\/wp.kristdemokraterna.se\\\/knivsta\\\/var-budget\\\/\",\"name\":\"Skuggbudget 2022 - Knivsta\",\"isPartOf\":{\"@id\":\"https:\\\/\\\/wp.kristdemokraterna.se\\\/knivsta\\\/#website\"},\"primaryImageOfPage\":{\"@id\":\"https:\\\/\\\/wp.kristdemokraterna.se\\\/knivsta\\\/var-budget\\\/#primaryimage\"},\"image\":{\"@id\":\"https:\\\/\\\/wp.kristdemokraterna.se\\\/knivsta\\\/var-budget\\\/#primaryimage\"},\"thumbnailUrl\":\"http:\\\/\\\/wp.kristdemokraterna.se\\\/knivsta\\\/files\\\/2021\\\/10\\\/skarmavbild-2021-10-22-kl.-12.58.11-135x192.png\",\"datePublished\":\"2018-09-03T18:00:31+00:00\",\"dateModified\":\"2021-10-22T10:59:00+00:00\",\"breadcrumb\":{\"@id\":\"https:\\\/\\\/wp.kristdemokraterna.se\\\/knivsta\\\/var-budget\\\/#breadcrumb\"},\"inLanguage\":\"sv-SE\",\"potentialAction\":[{\"@type\":\"ReadAction\",\"target\":[\"https:\\\/\\\/wp.kristdemokraterna.se\\\/knivsta\\\/var-budget\\\/\"]}]},{\"@type\":\"ImageObject\",\"inLanguage\":\"sv-SE\",\"@id\":\"https:\\\/\\\/wp.kristdemokraterna.se\\\/knivsta\\\/var-budget\\\/#primaryimage\",\"url\":\"http:\\\/\\\/wp.kristdemokraterna.se\\\/knivsta\\\/files\\\/2021\\\/10\\\/skarmavbild-2021-10-22-kl.-12.58.11-135x192.png\",\"contentUrl\":\"http:\\\/\\\/wp.kristdemokraterna.se\\\/knivsta\\\/files\\\/2021\\\/10\\\/skarmavbild-2021-10-22-kl.-12.58.11-135x192.png\"},{\"@type\":\"BreadcrumbList\",\"@id\":\"https:\\\/\\\/wp.kristdemokraterna.se\\\/knivsta\\\/var-budget\\\/#breadcrumb\",\"itemListElement\":[{\"@type\":\"ListItem\",\"position\":1,\"name\":\"Hem\",\"item\":\"https:\\\/\\\/wp.kristdemokraterna.se\\\/knivsta\\\/\"},{\"@type\":\"ListItem\",\"position\":2,\"name\":\"Skuggbudget 2022\"}]},{\"@type\":\"WebSite\",\"@id\":\"https:\\\/\\\/wp.kristdemokraterna.se\\\/knivsta\\\/#website\",\"url\":\"https:\\\/\\\/wp.kristdemokraterna.se\\\/knivsta\\\/\",\"name\":\"Knivsta\",\"description\":\" F\u00f6r ett b\u00e4ttre samh\u00e4lle\",\"inLanguage\":\"sv-SE\"}]}<\/script>\n<!-- \/ Yoast SEO plugin. -->","yoast_head_json":{"title":"Skuggbudget 2022 - Knivsta","robots":{"index":"index","follow":"follow","max-snippet":"max-snippet:-1","max-image-preview":"max-image-preview:large","max-video-preview":"max-video-preview:-1"},"canonical":"https:\/\/wp.kristdemokraterna.se\/knivsta\/var-budget\/","og_locale":"sv_SE","og_type":"article","og_title":"Skuggbudget 2022 - Knivsta","og_description":"H\u00e4r under n\u00e5r du KD Knivstas m\u00e5l och budget f\u00f6r 2022 med planeringsramar f\u00f6r kommande \u00e5r. I filen kan du l\u00e4sa om v\u00e5ra satsningar, reformer, titta p\u00e5 v\u00e5r omv\u00e4rldsanalys, olika f\u00f6ruts\u00e4ttningar, ekonomiska utsikter och mycket mer.","og_url":"https:\/\/wp.kristdemokraterna.se\/knivsta\/var-budget\/","og_site_name":"Knivsta","article_publisher":"https:\/\/www.facebook.com\/kdknivsta","article_modified_time":"2021-10-22T10:59:00+00:00","og_image":[{"url":"http:\/\/wp.kristdemokraterna.se\/knivsta\/files\/2021\/10\/skarmavbild-2021-10-22-kl.-12.58.11-135x192.png","type":"","width":"","height":""}],"twitter_card":"summary_large_image","twitter_misc":{"Ber\u00e4knad l\u00e4stid":"1 minut"},"schema":{"@context":"https:\/\/schema.org","@graph":[{"@type":"WebPage","@id":"https:\/\/wp.kristdemokraterna.se\/knivsta\/var-budget\/","url":"https:\/\/wp.kristdemokraterna.se\/knivsta\/var-budget\/","name":"Skuggbudget 2022 - Knivsta","isPartOf":{"@id":"https:\/\/wp.kristdemokraterna.se\/knivsta\/#website"},"primaryImageOfPage":{"@id":"https:\/\/wp.kristdemokraterna.se\/knivsta\/var-budget\/#primaryimage"},"image":{"@id":"https:\/\/wp.kristdemokraterna.se\/knivsta\/var-budget\/#primaryimage"},"thumbnailUrl":"http:\/\/wp.kristdemokraterna.se\/knivsta\/files\/2021\/10\/skarmavbild-2021-10-22-kl.-12.58.11-135x192.png","datePublished":"2018-09-03T18:00:31+00:00","dateModified":"2021-10-22T10:59:00+00:00","breadcrumb":{"@id":"https:\/\/wp.kristdemokraterna.se\/knivsta\/var-budget\/#breadcrumb"},"inLanguage":"sv-SE","potentialAction":[{"@type":"ReadAction","target":["https:\/\/wp.kristdemokraterna.se\/knivsta\/var-budget\/"]}]},{"@type":"ImageObject","inLanguage":"sv-SE","@id":"https:\/\/wp.kristdemokraterna.se\/knivsta\/var-budget\/#primaryimage","url":"http:\/\/wp.kristdemokraterna.se\/knivsta\/files\/2021\/10\/skarmavbild-2021-10-22-kl.-12.58.11-135x192.png","contentUrl":"http:\/\/wp.kristdemokraterna.se\/knivsta\/files\/2021\/10\/skarmavbild-2021-10-22-kl.-12.58.11-135x192.png"},{"@type":"BreadcrumbList","@id":"https:\/\/wp.kristdemokraterna.se\/knivsta\/var-budget\/#breadcrumb","itemListElement":[{"@type":"ListItem","position":1,"name":"Hem","item":"https:\/\/wp.kristdemokraterna.se\/knivsta\/"},{"@type":"ListItem","position":2,"name":"Skuggbudget 2022"}]},{"@type":"WebSite","@id":"https:\/\/wp.kristdemokraterna.se\/knivsta\/#website","url":"https:\/\/wp.kristdemokraterna.se\/knivsta\/","name":"Knivsta","description":" F\u00f6r ett b\u00e4ttre samh\u00e4lle","inLanguage":"sv-SE"}]}},"_links":{"self":[{"href":"https:\/\/wp.kristdemokraterna.se\/knivsta\/wp-json\/wp\/v2\/pages\/2352","targetHints":{"allow":["GET"]}}],"collection":[{"href":"https:\/\/wp.kristdemokraterna.se\/knivsta\/wp-json\/wp\/v2\/pages"}],"about":[{"href":"https:\/\/wp.kristdemokraterna.se\/knivsta\/wp-json\/wp\/v2\/types\/page"}],"author":[{"embeddable":true,"href":"https:\/\/wp.kristdemokraterna.se\/knivsta\/wp-json\/wp\/v2\/users\/481"}],"replies":[{"embeddable":true,"href":"https:\/\/wp.kristdemokraterna.se\/knivsta\/wp-json\/wp\/v2\/comments?post=2352"}],"version-history":[{"count":10,"href":"https:\/\/wp.kristdemokraterna.se\/knivsta\/wp-json\/wp\/v2\/pages\/2352\/revisions"}],"predecessor-version":[{"id":2782,"href":"https:\/\/wp.kristdemokraterna.se\/knivsta\/wp-json\/wp\/v2\/pages\/2352\/revisions\/2782"}],"wp:attachment":[{"href":"https:\/\/wp.kristdemokraterna.se\/knivsta\/wp-json\/wp\/v2\/media?parent=2352"}],"curies":[{"name":"wp","href":"https:\/\/api.w.org\/{rel}","templated":true}]}}