{"id":2550,"date":"2020-03-25T10:18:11","date_gmt":"2020-03-25T09:18:11","guid":{"rendered":"http:\/\/wp.kristdemokraterna.se\/knivsta\/?page_id=2550"},"modified":"2026-02-11T12:55:44","modified_gmt":"2026-02-11T11:55:44","slug":"startsida","status":"publish","type":"page","link":"https:\/\/wp.kristdemokraterna.se\/knivsta\/","title":{"rendered":"Startsida"},"content":{"rendered":"<p>Vi \u00e4r ett g\u00e4ng som tycker om att ha trevligt samtidigt som vi hittar l\u00f6sningar p\u00e5 komplexa utmaningar. Bli g\u00e4rna en del av v\u00e5r gemenskap och bidra till en positiv utveckling i Knivsta kommun! Du hittar kontaktuppgifter l\u00e4ngre upp p\u00e5 sidan.<\/p>\n<h4><\/h4>\n","protected":false},"excerpt":{"rendered":"<p>Vi \u00e4r ett g\u00e4ng som tycker om att ha trevligt samtidigt som vi hittar l\u00f6sningar p\u00e5 komplexa utmaningar. Bli g\u00e4rna en del av v\u00e5r gemenskap och bidra till en positiv utveckling i Knivsta kommun! Du hittar kontaktuppgifter l\u00e4ngre upp p\u00e5 sidan.<\/p>\n","protected":false},"author":481,"featured_media":0,"parent":0,"menu_order":0,"comment_status":"closed","ping_status":"closed","template":"index.php","meta":{"_acf_changed":false,"footnotes":""},"class_list":["post-2550","page","type-page","status-publish","hentry"],"acf":[],"yoast_head":"<!-- This site is optimized with the Yoast SEO plugin v27.3 - https:\/\/yoast.com\/product\/yoast-seo-wordpress\/ -->\n<title>Startsida - Knivsta<\/title>\n<meta name=\"robots\" content=\"index, follow, max-snippet:-1, max-image-preview:large, max-video-preview:-1\" \/>\n<link rel=\"canonical\" href=\"https:\/\/wp.kristdemokraterna.se\/knivsta\/\" \/>\n<meta property=\"og:locale\" content=\"sv_SE\" \/>\n<meta property=\"og:type\" content=\"article\" \/>\n<meta property=\"og:title\" content=\"Startsida - Knivsta\" \/>\n<meta property=\"og:description\" content=\"Vi \u00e4r ett g\u00e4ng som tycker om att ha trevligt samtidigt som vi hittar l\u00f6sningar p\u00e5 komplexa utmaningar. Bli g\u00e4rna en del av v\u00e5r gemenskap och bidra till en positiv utveckling i Knivsta kommun! Du hittar kontaktuppgifter l\u00e4ngre upp p\u00e5 sidan.\" \/>\n<meta property=\"og:url\" content=\"https:\/\/wp.kristdemokraterna.se\/knivsta\/\" \/>\n<meta property=\"og:site_name\" content=\"Knivsta\" \/>\n<meta property=\"article:publisher\" content=\"https:\/\/www.facebook.com\/kdknivsta\" \/>\n<meta property=\"article:modified_time\" content=\"2026-02-11T11:55:44+00:00\" \/>\n<meta name=\"twitter:card\" content=\"summary_large_image\" \/>\n<meta name=\"twitter:label1\" content=\"Ber\u00e4knad l\u00e4stid\" \/>\n\t<meta name=\"twitter:data1\" content=\"1 minut\" \/>\n<script type=\"application\/ld+json\" class=\"yoast-schema-graph\">{\"@context\":\"https:\\\/\\\/schema.org\",\"@graph\":[{\"@type\":\"WebPage\",\"@id\":\"https:\\\/\\\/wp.kristdemokraterna.se\\\/knivsta\\\/\",\"url\":\"https:\\\/\\\/wp.kristdemokraterna.se\\\/knivsta\\\/\",\"name\":\"Startsida - Knivsta\",\"isPartOf\":{\"@id\":\"https:\\\/\\\/wp.kristdemokraterna.se\\\/knivsta\\\/#website\"},\"datePublished\":\"2020-03-25T09:18:11+00:00\",\"dateModified\":\"2026-02-11T11:55:44+00:00\",\"breadcrumb\":{\"@id\":\"https:\\\/\\\/wp.kristdemokraterna.se\\\/knivsta\\\/#breadcrumb\"},\"inLanguage\":\"sv-SE\",\"potentialAction\":[{\"@type\":\"ReadAction\",\"target\":[\"https:\\\/\\\/wp.kristdemokraterna.se\\\/knivsta\\\/\"]}]},{\"@type\":\"BreadcrumbList\",\"@id\":\"https:\\\/\\\/wp.kristdemokraterna.se\\\/knivsta\\\/#breadcrumb\",\"itemListElement\":[{\"@type\":\"ListItem\",\"position\":1,\"name\":\"Hem\",\"item\":\"https:\\\/\\\/wp.kristdemokraterna.se\\\/knivsta\\\/\"},{\"@type\":\"ListItem\",\"position\":2,\"name\":\"Startsida\"}]},{\"@type\":\"WebSite\",\"@id\":\"https:\\\/\\\/wp.kristdemokraterna.se\\\/knivsta\\\/#website\",\"url\":\"https:\\\/\\\/wp.kristdemokraterna.se\\\/knivsta\\\/\",\"name\":\"Knivsta\",\"description\":\" F\u00f6r ett b\u00e4ttre samh\u00e4lle\",\"inLanguage\":\"sv-SE\"}]}<\/script>\n<!-- \/ Yoast SEO plugin. -->","yoast_head_json":{"title":"Startsida - Knivsta","robots":{"index":"index","follow":"follow","max-snippet":"max-snippet:-1","max-image-preview":"max-image-preview:large","max-video-preview":"max-video-preview:-1"},"canonical":"https:\/\/wp.kristdemokraterna.se\/knivsta\/","og_locale":"sv_SE","og_type":"article","og_title":"Startsida - Knivsta","og_description":"Vi \u00e4r ett g\u00e4ng som tycker om att ha trevligt samtidigt som vi hittar l\u00f6sningar p\u00e5 komplexa utmaningar. Bli g\u00e4rna en del av v\u00e5r gemenskap och bidra till en positiv utveckling i Knivsta kommun! Du hittar kontaktuppgifter l\u00e4ngre upp p\u00e5 sidan.","og_url":"https:\/\/wp.kristdemokraterna.se\/knivsta\/","og_site_name":"Knivsta","article_publisher":"https:\/\/www.facebook.com\/kdknivsta","article_modified_time":"2026-02-11T11:55:44+00:00","twitter_card":"summary_large_image","twitter_misc":{"Ber\u00e4knad l\u00e4stid":"1 minut"},"schema":{"@context":"https:\/\/schema.org","@graph":[{"@type":"WebPage","@id":"https:\/\/wp.kristdemokraterna.se\/knivsta\/","url":"https:\/\/wp.kristdemokraterna.se\/knivsta\/","name":"Startsida - Knivsta","isPartOf":{"@id":"https:\/\/wp.kristdemokraterna.se\/knivsta\/#website"},"datePublished":"2020-03-25T09:18:11+00:00","dateModified":"2026-02-11T11:55:44+00:00","breadcrumb":{"@id":"https:\/\/wp.kristdemokraterna.se\/knivsta\/#breadcrumb"},"inLanguage":"sv-SE","potentialAction":[{"@type":"ReadAction","target":["https:\/\/wp.kristdemokraterna.se\/knivsta\/"]}]},{"@type":"BreadcrumbList","@id":"https:\/\/wp.kristdemokraterna.se\/knivsta\/#breadcrumb","itemListElement":[{"@type":"ListItem","position":1,"name":"Hem","item":"https:\/\/wp.kristdemokraterna.se\/knivsta\/"},{"@type":"ListItem","position":2,"name":"Startsida"}]},{"@type":"WebSite","@id":"https:\/\/wp.kristdemokraterna.se\/knivsta\/#website","url":"https:\/\/wp.kristdemokraterna.se\/knivsta\/","name":"Knivsta","description":" F\u00f6r ett b\u00e4ttre samh\u00e4lle","inLanguage":"sv-SE"}]}},"_links":{"self":[{"href":"https:\/\/wp.kristdemokraterna.se\/knivsta\/wp-json\/wp\/v2\/pages\/2550","targetHints":{"allow":["GET"]}}],"collection":[{"href":"https:\/\/wp.kristdemokraterna.se\/knivsta\/wp-json\/wp\/v2\/pages"}],"about":[{"href":"https:\/\/wp.kristdemokraterna.se\/knivsta\/wp-json\/wp\/v2\/types\/page"}],"author":[{"embeddable":true,"href":"https:\/\/wp.kristdemokraterna.se\/knivsta\/wp-json\/wp\/v2\/users\/481"}],"replies":[{"embeddable":true,"href":"https:\/\/wp.kristdemokraterna.se\/knivsta\/wp-json\/wp\/v2\/comments?post=2550"}],"version-history":[{"count":61,"href":"https:\/\/wp.kristdemokraterna.se\/knivsta\/wp-json\/wp\/v2\/pages\/2550\/revisions"}],"predecessor-version":[{"id":3530,"href":"https:\/\/wp.kristdemokraterna.se\/knivsta\/wp-json\/wp\/v2\/pages\/2550\/revisions\/3530"}],"wp:attachment":[{"href":"https:\/\/wp.kristdemokraterna.se\/knivsta\/wp-json\/wp\/v2\/media?parent=2550"}],"curies":[{"name":"wp","href":"https:\/\/api.w.org\/{rel}","templated":true}]}}