{"id":2886,"date":"2021-12-09T21:22:45","date_gmt":"2021-12-09T20:22:45","guid":{"rendered":"https:\/\/wp.kristdemokraterna.se\/knivsta\/?page_id=2886"},"modified":"2021-12-09T21:25:14","modified_gmt":"2021-12-09T20:25:14","slug":"stadsutvecklingsstrategi","status":"publish","type":"page","link":"https:\/\/wp.kristdemokraterna.se\/knivsta\/stadsutvecklingsstrategi\/","title":{"rendered":"Stadsutvecklingsstrategi"},"content":{"rendered":"<p>Detta dokument \u00e4r en alternativ stadsutvecklingsstrategi f\u00f6r Knivsta kommun, och har i j\u00e4mf\u00f6rande syfte en liknande disposition som det f\u00f6rslag som arbetas fram av M, S, MP, V och C under 2021\/2022 och fokuserar p\u00e5 utbyggnad av Knivsta och Alsike.\u00a0Klicka p\u00e5 dokumentet f\u00f6r att l\u00e4sa f\u00f6rslaget i sin helhet.<\/p>\n<h4>\u00a0<a href=\"http:\/\/wp.kristdemokraterna.se\/knivsta\/files\/2021\/12\/tradgardsstaden-knivsta.pdf\"><img loading=\"lazy\" decoding=\"async\" class=\"wp-image-2887 alignnone\" src=\"http:\/\/wp.kristdemokraterna.se\/knivsta\/files\/2021\/12\/framsida.png\" alt=\"\" width=\"233\" height=\"329\" srcset=\"https:\/\/wp.kristdemokraterna.se\/knivsta\/files\/2021\/12\/framsida.png 590w, https:\/\/wp.kristdemokraterna.se\/knivsta\/files\/2021\/12\/framsida-186x262.png 186w, https:\/\/wp.kristdemokraterna.se\/knivsta\/files\/2021\/12\/framsida-136x192.png 136w, https:\/\/wp.kristdemokraterna.se\/knivsta\/files\/2021\/12\/framsida-142x200.png 142w, https:\/\/wp.kristdemokraterna.se\/knivsta\/files\/2021\/12\/framsida-370x522.png 370w, https:\/\/wp.kristdemokraterna.se\/knivsta\/files\/2021\/12\/framsida-450x635.png 450w, https:\/\/wp.kristdemokraterna.se\/knivsta\/files\/2021\/12\/framsida-280x395.png 280w, https:\/\/wp.kristdemokraterna.se\/knivsta\/files\/2021\/12\/framsida-340x480.png 340w, https:\/\/wp.kristdemokraterna.se\/knivsta\/files\/2021\/12\/framsida-40x56.png 40w\" sizes=\"auto, (max-width: 233px) 100vw, 233px\" \/><\/a><\/h4>\n<p>&nbsp;<\/p>\n<p>&nbsp;<\/p>\n<p>&nbsp;<\/p>\n","protected":false},"excerpt":{"rendered":"<p>Detta dokument \u00e4r en alternativ stadsutvecklingsstrategi f\u00f6r Knivsta kommun, och har i j\u00e4mf\u00f6rande syfte en liknande disposition som det f\u00f6rslag som arbetas fram av M, S, MP, V och C under 2021\/2022 och fokuserar p\u00e5 utbyggnad av Knivsta och Alsike.\u00a0Klicka p\u00e5 dokumentet f\u00f6r att l\u00e4sa f\u00f6rslaget i sin helhet. \u00a0 &nbsp; &nbsp; &nbsp;<\/p>\n","protected":false},"author":481,"featured_media":0,"parent":0,"menu_order":0,"comment_status":"closed","ping_status":"closed","template":"","meta":{"_acf_changed":false,"footnotes":""},"class_list":["post-2886","page","type-page","status-publish","hentry"],"acf":[],"yoast_head":"<!-- This site is optimized with the Yoast SEO plugin v27.4 - https:\/\/yoast.com\/product\/yoast-seo-wordpress\/ -->\n<title>Stadsutvecklingsstrategi - Knivsta<\/title>\n<meta name=\"robots\" content=\"index, follow, max-snippet:-1, max-image-preview:large, max-video-preview:-1\" \/>\n<link rel=\"canonical\" href=\"https:\/\/wp.kristdemokraterna.se\/knivsta\/stadsutvecklingsstrategi\/\" \/>\n<meta property=\"og:locale\" content=\"sv_SE\" \/>\n<meta property=\"og:type\" content=\"article\" \/>\n<meta property=\"og:title\" content=\"Stadsutvecklingsstrategi - Knivsta\" \/>\n<meta property=\"og:description\" content=\"Detta dokument \u00e4r en alternativ stadsutvecklingsstrategi f\u00f6r Knivsta kommun, och har i j\u00e4mf\u00f6rande syfte en liknande disposition som det f\u00f6rslag som arbetas fram av M, S, MP, V och C under 2021\/2022 och fokuserar p\u00e5 utbyggnad av Knivsta och Alsike.\u00a0Klicka p\u00e5 dokumentet f\u00f6r att l\u00e4sa f\u00f6rslaget i sin helhet. \u00a0 &nbsp; &nbsp; &nbsp;\" \/>\n<meta property=\"og:url\" content=\"https:\/\/wp.kristdemokraterna.se\/knivsta\/stadsutvecklingsstrategi\/\" \/>\n<meta property=\"og:site_name\" content=\"Knivsta\" \/>\n<meta property=\"article:publisher\" content=\"https:\/\/www.facebook.com\/kdknivsta\" \/>\n<meta property=\"article:modified_time\" content=\"2021-12-09T20:25:14+00:00\" \/>\n<meta property=\"og:image\" content=\"http:\/\/wp.kristdemokraterna.se\/knivsta\/files\/2021\/12\/framsida.png\" \/>\n<meta name=\"twitter:card\" content=\"summary_large_image\" \/>\n<meta name=\"twitter:label1\" content=\"Ber\u00e4knad l\u00e4stid\" \/>\n\t<meta name=\"twitter:data1\" content=\"1 minut\" \/>\n<script type=\"application\/ld+json\" class=\"yoast-schema-graph\">{\"@context\":\"https:\\\/\\\/schema.org\",\"@graph\":[{\"@type\":\"WebPage\",\"@id\":\"https:\\\/\\\/wp.kristdemokraterna.se\\\/knivsta\\\/stadsutvecklingsstrategi\\\/\",\"url\":\"https:\\\/\\\/wp.kristdemokraterna.se\\\/knivsta\\\/stadsutvecklingsstrategi\\\/\",\"name\":\"Stadsutvecklingsstrategi - Knivsta\",\"isPartOf\":{\"@id\":\"https:\\\/\\\/wp.kristdemokraterna.se\\\/knivsta\\\/#website\"},\"primaryImageOfPage\":{\"@id\":\"https:\\\/\\\/wp.kristdemokraterna.se\\\/knivsta\\\/stadsutvecklingsstrategi\\\/#primaryimage\"},\"image\":{\"@id\":\"https:\\\/\\\/wp.kristdemokraterna.se\\\/knivsta\\\/stadsutvecklingsstrategi\\\/#primaryimage\"},\"thumbnailUrl\":\"http:\\\/\\\/wp.kristdemokraterna.se\\\/knivsta\\\/files\\\/2021\\\/12\\\/framsida.png\",\"datePublished\":\"2021-12-09T20:22:45+00:00\",\"dateModified\":\"2021-12-09T20:25:14+00:00\",\"breadcrumb\":{\"@id\":\"https:\\\/\\\/wp.kristdemokraterna.se\\\/knivsta\\\/stadsutvecklingsstrategi\\\/#breadcrumb\"},\"inLanguage\":\"sv-SE\",\"potentialAction\":[{\"@type\":\"ReadAction\",\"target\":[\"https:\\\/\\\/wp.kristdemokraterna.se\\\/knivsta\\\/stadsutvecklingsstrategi\\\/\"]}]},{\"@type\":\"ImageObject\",\"inLanguage\":\"sv-SE\",\"@id\":\"https:\\\/\\\/wp.kristdemokraterna.se\\\/knivsta\\\/stadsutvecklingsstrategi\\\/#primaryimage\",\"url\":\"http:\\\/\\\/wp.kristdemokraterna.se\\\/knivsta\\\/files\\\/2021\\\/12\\\/framsida.png\",\"contentUrl\":\"http:\\\/\\\/wp.kristdemokraterna.se\\\/knivsta\\\/files\\\/2021\\\/12\\\/framsida.png\"},{\"@type\":\"BreadcrumbList\",\"@id\":\"https:\\\/\\\/wp.kristdemokraterna.se\\\/knivsta\\\/stadsutvecklingsstrategi\\\/#breadcrumb\",\"itemListElement\":[{\"@type\":\"ListItem\",\"position\":1,\"name\":\"Hem\",\"item\":\"https:\\\/\\\/wp.kristdemokraterna.se\\\/knivsta\\\/\"},{\"@type\":\"ListItem\",\"position\":2,\"name\":\"Stadsutvecklingsstrategi\"}]},{\"@type\":\"WebSite\",\"@id\":\"https:\\\/\\\/wp.kristdemokraterna.se\\\/knivsta\\\/#website\",\"url\":\"https:\\\/\\\/wp.kristdemokraterna.se\\\/knivsta\\\/\",\"name\":\"Knivsta\",\"description\":\" F\u00f6r ett b\u00e4ttre samh\u00e4lle\",\"inLanguage\":\"sv-SE\"}]}<\/script>\n<!-- \/ Yoast SEO plugin. -->","yoast_head_json":{"title":"Stadsutvecklingsstrategi - Knivsta","robots":{"index":"index","follow":"follow","max-snippet":"max-snippet:-1","max-image-preview":"max-image-preview:large","max-video-preview":"max-video-preview:-1"},"canonical":"https:\/\/wp.kristdemokraterna.se\/knivsta\/stadsutvecklingsstrategi\/","og_locale":"sv_SE","og_type":"article","og_title":"Stadsutvecklingsstrategi - Knivsta","og_description":"Detta dokument \u00e4r en alternativ stadsutvecklingsstrategi f\u00f6r Knivsta kommun, och har i j\u00e4mf\u00f6rande syfte en liknande disposition som det f\u00f6rslag som arbetas fram av M, S, MP, V och C under 2021\/2022 och fokuserar p\u00e5 utbyggnad av Knivsta och Alsike.\u00a0Klicka p\u00e5 dokumentet f\u00f6r att l\u00e4sa f\u00f6rslaget i sin helhet. \u00a0 &nbsp; &nbsp; &nbsp;","og_url":"https:\/\/wp.kristdemokraterna.se\/knivsta\/stadsutvecklingsstrategi\/","og_site_name":"Knivsta","article_publisher":"https:\/\/www.facebook.com\/kdknivsta","article_modified_time":"2021-12-09T20:25:14+00:00","og_image":[{"url":"http:\/\/wp.kristdemokraterna.se\/knivsta\/files\/2021\/12\/framsida.png","type":"","width":"","height":""}],"twitter_card":"summary_large_image","twitter_misc":{"Ber\u00e4knad l\u00e4stid":"1 minut"},"schema":{"@context":"https:\/\/schema.org","@graph":[{"@type":"WebPage","@id":"https:\/\/wp.kristdemokraterna.se\/knivsta\/stadsutvecklingsstrategi\/","url":"https:\/\/wp.kristdemokraterna.se\/knivsta\/stadsutvecklingsstrategi\/","name":"Stadsutvecklingsstrategi - Knivsta","isPartOf":{"@id":"https:\/\/wp.kristdemokraterna.se\/knivsta\/#website"},"primaryImageOfPage":{"@id":"https:\/\/wp.kristdemokraterna.se\/knivsta\/stadsutvecklingsstrategi\/#primaryimage"},"image":{"@id":"https:\/\/wp.kristdemokraterna.se\/knivsta\/stadsutvecklingsstrategi\/#primaryimage"},"thumbnailUrl":"http:\/\/wp.kristdemokraterna.se\/knivsta\/files\/2021\/12\/framsida.png","datePublished":"2021-12-09T20:22:45+00:00","dateModified":"2021-12-09T20:25:14+00:00","breadcrumb":{"@id":"https:\/\/wp.kristdemokraterna.se\/knivsta\/stadsutvecklingsstrategi\/#breadcrumb"},"inLanguage":"sv-SE","potentialAction":[{"@type":"ReadAction","target":["https:\/\/wp.kristdemokraterna.se\/knivsta\/stadsutvecklingsstrategi\/"]}]},{"@type":"ImageObject","inLanguage":"sv-SE","@id":"https:\/\/wp.kristdemokraterna.se\/knivsta\/stadsutvecklingsstrategi\/#primaryimage","url":"http:\/\/wp.kristdemokraterna.se\/knivsta\/files\/2021\/12\/framsida.png","contentUrl":"http:\/\/wp.kristdemokraterna.se\/knivsta\/files\/2021\/12\/framsida.png"},{"@type":"BreadcrumbList","@id":"https:\/\/wp.kristdemokraterna.se\/knivsta\/stadsutvecklingsstrategi\/#breadcrumb","itemListElement":[{"@type":"ListItem","position":1,"name":"Hem","item":"https:\/\/wp.kristdemokraterna.se\/knivsta\/"},{"@type":"ListItem","position":2,"name":"Stadsutvecklingsstrategi"}]},{"@type":"WebSite","@id":"https:\/\/wp.kristdemokraterna.se\/knivsta\/#website","url":"https:\/\/wp.kristdemokraterna.se\/knivsta\/","name":"Knivsta","description":" F\u00f6r ett b\u00e4ttre samh\u00e4lle","inLanguage":"sv-SE"}]}},"_links":{"self":[{"href":"https:\/\/wp.kristdemokraterna.se\/knivsta\/wp-json\/wp\/v2\/pages\/2886","targetHints":{"allow":["GET"]}}],"collection":[{"href":"https:\/\/wp.kristdemokraterna.se\/knivsta\/wp-json\/wp\/v2\/pages"}],"about":[{"href":"https:\/\/wp.kristdemokraterna.se\/knivsta\/wp-json\/wp\/v2\/types\/page"}],"author":[{"embeddable":true,"href":"https:\/\/wp.kristdemokraterna.se\/knivsta\/wp-json\/wp\/v2\/users\/481"}],"replies":[{"embeddable":true,"href":"https:\/\/wp.kristdemokraterna.se\/knivsta\/wp-json\/wp\/v2\/comments?post=2886"}],"version-history":[{"count":15,"href":"https:\/\/wp.kristdemokraterna.se\/knivsta\/wp-json\/wp\/v2\/pages\/2886\/revisions"}],"predecessor-version":[{"id":2904,"href":"https:\/\/wp.kristdemokraterna.se\/knivsta\/wp-json\/wp\/v2\/pages\/2886\/revisions\/2904"}],"wp:attachment":[{"href":"https:\/\/wp.kristdemokraterna.se\/knivsta\/wp-json\/wp\/v2\/media?parent=2886"}],"curies":[{"name":"wp","href":"https:\/\/api.w.org\/{rel}","templated":true}]}}