{"id":3095,"date":"2022-05-23T13:31:22","date_gmt":"2022-05-23T11:31:22","guid":{"rendered":"https:\/\/wp.kristdemokraterna.se\/knivsta\/?page_id=3095"},"modified":"2022-05-23T13:31:22","modified_gmt":"2022-05-23T11:31:22","slug":"kommunpolitiskt-program-2022-2026","status":"publish","type":"page","link":"https:\/\/wp.kristdemokraterna.se\/knivsta\/kommunpolitiskt-program-2022-2026\/","title":{"rendered":"Kommunpolitiskt program 2022-2026"},"content":{"rendered":"<p><a href=\"http:\/\/wp.kristdemokraterna.se\/knivsta\/files\/2022\/05\/handlingsprogram-220503.pdf\"><img loading=\"lazy\" decoding=\"async\" class=\"alignnone  wp-image-3094\" src=\"http:\/\/wp.kristdemokraterna.se\/knivsta\/files\/2022\/05\/skarmavbild-2022-05-23-kl.-13.29.19.png\" alt=\"\" width=\"236\" height=\"332\" srcset=\"https:\/\/wp.kristdemokraterna.se\/knivsta\/files\/2022\/05\/skarmavbild-2022-05-23-kl.-13.29.19.png 924w, https:\/\/wp.kristdemokraterna.se\/knivsta\/files\/2022\/05\/skarmavbild-2022-05-23-kl.-13.29.19-186x262.png 186w, https:\/\/wp.kristdemokraterna.se\/knivsta\/files\/2022\/05\/skarmavbild-2022-05-23-kl.-13.29.19-136x192.png 136w, https:\/\/wp.kristdemokraterna.se\/knivsta\/files\/2022\/05\/skarmavbild-2022-05-23-kl.-13.29.19-142x200.png 142w, https:\/\/wp.kristdemokraterna.se\/knivsta\/files\/2022\/05\/skarmavbild-2022-05-23-kl.-13.29.19-370x521.png 370w, https:\/\/wp.kristdemokraterna.se\/knivsta\/files\/2022\/05\/skarmavbild-2022-05-23-kl.-13.29.19-770x1083.png 770w, https:\/\/wp.kristdemokraterna.se\/knivsta\/files\/2022\/05\/skarmavbild-2022-05-23-kl.-13.29.19-450x633.png 450w, https:\/\/wp.kristdemokraterna.se\/knivsta\/files\/2022\/05\/skarmavbild-2022-05-23-kl.-13.29.19-280x394.png 280w, https:\/\/wp.kristdemokraterna.se\/knivsta\/files\/2022\/05\/skarmavbild-2022-05-23-kl.-13.29.19-340x478.png 340w, https:\/\/wp.kristdemokraterna.se\/knivsta\/files\/2022\/05\/skarmavbild-2022-05-23-kl.-13.29.19-40x56.png 40w\" sizes=\"auto, (max-width: 236px) 100vw, 236px\" \/><\/a><\/p>\n","protected":false},"excerpt":{"rendered":"","protected":false},"author":481,"featured_media":0,"parent":0,"menu_order":0,"comment_status":"closed","ping_status":"closed","template":"","meta":{"_acf_changed":false,"footnotes":""},"class_list":["post-3095","page","type-page","status-publish","hentry"],"acf":[],"yoast_head":"<!-- This site is optimized with the Yoast SEO plugin v27.4 - https:\/\/yoast.com\/product\/yoast-seo-wordpress\/ -->\n<title>Kommunpolitiskt program 2022-2026 - Knivsta<\/title>\n<meta name=\"robots\" content=\"index, follow, max-snippet:-1, max-image-preview:large, max-video-preview:-1\" \/>\n<link rel=\"canonical\" href=\"https:\/\/wp.kristdemokraterna.se\/knivsta\/kommunpolitiskt-program-2022-2026\/\" \/>\n<meta property=\"og:locale\" content=\"sv_SE\" \/>\n<meta property=\"og:type\" content=\"article\" \/>\n<meta property=\"og:title\" content=\"Kommunpolitiskt program 2022-2026 - Knivsta\" \/>\n<meta property=\"og:url\" content=\"https:\/\/wp.kristdemokraterna.se\/knivsta\/kommunpolitiskt-program-2022-2026\/\" \/>\n<meta property=\"og:site_name\" content=\"Knivsta\" \/>\n<meta property=\"article:publisher\" content=\"https:\/\/www.facebook.com\/kdknivsta\" \/>\n<meta property=\"og:image\" content=\"http:\/\/wp.kristdemokraterna.se\/knivsta\/files\/2022\/05\/skarmavbild-2022-05-23-kl.-13.29.19.png\" \/>\n<meta name=\"twitter:card\" content=\"summary_large_image\" \/>\n<script type=\"application\/ld+json\" class=\"yoast-schema-graph\">{\"@context\":\"https:\\\/\\\/schema.org\",\"@graph\":[{\"@type\":\"WebPage\",\"@id\":\"https:\\\/\\\/wp.kristdemokraterna.se\\\/knivsta\\\/kommunpolitiskt-program-2022-2026\\\/\",\"url\":\"https:\\\/\\\/wp.kristdemokraterna.se\\\/knivsta\\\/kommunpolitiskt-program-2022-2026\\\/\",\"name\":\"Kommunpolitiskt program 2022-2026 - Knivsta\",\"isPartOf\":{\"@id\":\"https:\\\/\\\/wp.kristdemokraterna.se\\\/knivsta\\\/#website\"},\"primaryImageOfPage\":{\"@id\":\"https:\\\/\\\/wp.kristdemokraterna.se\\\/knivsta\\\/kommunpolitiskt-program-2022-2026\\\/#primaryimage\"},\"image\":{\"@id\":\"https:\\\/\\\/wp.kristdemokraterna.se\\\/knivsta\\\/kommunpolitiskt-program-2022-2026\\\/#primaryimage\"},\"thumbnailUrl\":\"http:\\\/\\\/wp.kristdemokraterna.se\\\/knivsta\\\/files\\\/2022\\\/05\\\/skarmavbild-2022-05-23-kl.-13.29.19.png\",\"datePublished\":\"2022-05-23T11:31:22+00:00\",\"breadcrumb\":{\"@id\":\"https:\\\/\\\/wp.kristdemokraterna.se\\\/knivsta\\\/kommunpolitiskt-program-2022-2026\\\/#breadcrumb\"},\"inLanguage\":\"sv-SE\",\"potentialAction\":[{\"@type\":\"ReadAction\",\"target\":[\"https:\\\/\\\/wp.kristdemokraterna.se\\\/knivsta\\\/kommunpolitiskt-program-2022-2026\\\/\"]}]},{\"@type\":\"ImageObject\",\"inLanguage\":\"sv-SE\",\"@id\":\"https:\\\/\\\/wp.kristdemokraterna.se\\\/knivsta\\\/kommunpolitiskt-program-2022-2026\\\/#primaryimage\",\"url\":\"http:\\\/\\\/wp.kristdemokraterna.se\\\/knivsta\\\/files\\\/2022\\\/05\\\/skarmavbild-2022-05-23-kl.-13.29.19.png\",\"contentUrl\":\"http:\\\/\\\/wp.kristdemokraterna.se\\\/knivsta\\\/files\\\/2022\\\/05\\\/skarmavbild-2022-05-23-kl.-13.29.19.png\"},{\"@type\":\"BreadcrumbList\",\"@id\":\"https:\\\/\\\/wp.kristdemokraterna.se\\\/knivsta\\\/kommunpolitiskt-program-2022-2026\\\/#breadcrumb\",\"itemListElement\":[{\"@type\":\"ListItem\",\"position\":1,\"name\":\"Hem\",\"item\":\"https:\\\/\\\/wp.kristdemokraterna.se\\\/knivsta\\\/\"},{\"@type\":\"ListItem\",\"position\":2,\"name\":\"Kommunpolitiskt program 2022-2026\"}]},{\"@type\":\"WebSite\",\"@id\":\"https:\\\/\\\/wp.kristdemokraterna.se\\\/knivsta\\\/#website\",\"url\":\"https:\\\/\\\/wp.kristdemokraterna.se\\\/knivsta\\\/\",\"name\":\"Knivsta\",\"description\":\" F\u00f6r ett b\u00e4ttre samh\u00e4lle\",\"inLanguage\":\"sv-SE\"}]}<\/script>\n<!-- \/ Yoast SEO plugin. -->","yoast_head_json":{"title":"Kommunpolitiskt program 2022-2026 - Knivsta","robots":{"index":"index","follow":"follow","max-snippet":"max-snippet:-1","max-image-preview":"max-image-preview:large","max-video-preview":"max-video-preview:-1"},"canonical":"https:\/\/wp.kristdemokraterna.se\/knivsta\/kommunpolitiskt-program-2022-2026\/","og_locale":"sv_SE","og_type":"article","og_title":"Kommunpolitiskt program 2022-2026 - Knivsta","og_url":"https:\/\/wp.kristdemokraterna.se\/knivsta\/kommunpolitiskt-program-2022-2026\/","og_site_name":"Knivsta","article_publisher":"https:\/\/www.facebook.com\/kdknivsta","og_image":[{"url":"http:\/\/wp.kristdemokraterna.se\/knivsta\/files\/2022\/05\/skarmavbild-2022-05-23-kl.-13.29.19.png","type":"","width":"","height":""}],"twitter_card":"summary_large_image","schema":{"@context":"https:\/\/schema.org","@graph":[{"@type":"WebPage","@id":"https:\/\/wp.kristdemokraterna.se\/knivsta\/kommunpolitiskt-program-2022-2026\/","url":"https:\/\/wp.kristdemokraterna.se\/knivsta\/kommunpolitiskt-program-2022-2026\/","name":"Kommunpolitiskt program 2022-2026 - Knivsta","isPartOf":{"@id":"https:\/\/wp.kristdemokraterna.se\/knivsta\/#website"},"primaryImageOfPage":{"@id":"https:\/\/wp.kristdemokraterna.se\/knivsta\/kommunpolitiskt-program-2022-2026\/#primaryimage"},"image":{"@id":"https:\/\/wp.kristdemokraterna.se\/knivsta\/kommunpolitiskt-program-2022-2026\/#primaryimage"},"thumbnailUrl":"http:\/\/wp.kristdemokraterna.se\/knivsta\/files\/2022\/05\/skarmavbild-2022-05-23-kl.-13.29.19.png","datePublished":"2022-05-23T11:31:22+00:00","breadcrumb":{"@id":"https:\/\/wp.kristdemokraterna.se\/knivsta\/kommunpolitiskt-program-2022-2026\/#breadcrumb"},"inLanguage":"sv-SE","potentialAction":[{"@type":"ReadAction","target":["https:\/\/wp.kristdemokraterna.se\/knivsta\/kommunpolitiskt-program-2022-2026\/"]}]},{"@type":"ImageObject","inLanguage":"sv-SE","@id":"https:\/\/wp.kristdemokraterna.se\/knivsta\/kommunpolitiskt-program-2022-2026\/#primaryimage","url":"http:\/\/wp.kristdemokraterna.se\/knivsta\/files\/2022\/05\/skarmavbild-2022-05-23-kl.-13.29.19.png","contentUrl":"http:\/\/wp.kristdemokraterna.se\/knivsta\/files\/2022\/05\/skarmavbild-2022-05-23-kl.-13.29.19.png"},{"@type":"BreadcrumbList","@id":"https:\/\/wp.kristdemokraterna.se\/knivsta\/kommunpolitiskt-program-2022-2026\/#breadcrumb","itemListElement":[{"@type":"ListItem","position":1,"name":"Hem","item":"https:\/\/wp.kristdemokraterna.se\/knivsta\/"},{"@type":"ListItem","position":2,"name":"Kommunpolitiskt program 2022-2026"}]},{"@type":"WebSite","@id":"https:\/\/wp.kristdemokraterna.se\/knivsta\/#website","url":"https:\/\/wp.kristdemokraterna.se\/knivsta\/","name":"Knivsta","description":" F\u00f6r ett b\u00e4ttre samh\u00e4lle","inLanguage":"sv-SE"}]}},"_links":{"self":[{"href":"https:\/\/wp.kristdemokraterna.se\/knivsta\/wp-json\/wp\/v2\/pages\/3095","targetHints":{"allow":["GET"]}}],"collection":[{"href":"https:\/\/wp.kristdemokraterna.se\/knivsta\/wp-json\/wp\/v2\/pages"}],"about":[{"href":"https:\/\/wp.kristdemokraterna.se\/knivsta\/wp-json\/wp\/v2\/types\/page"}],"author":[{"embeddable":true,"href":"https:\/\/wp.kristdemokraterna.se\/knivsta\/wp-json\/wp\/v2\/users\/481"}],"replies":[{"embeddable":true,"href":"https:\/\/wp.kristdemokraterna.se\/knivsta\/wp-json\/wp\/v2\/comments?post=3095"}],"version-history":[{"count":1,"href":"https:\/\/wp.kristdemokraterna.se\/knivsta\/wp-json\/wp\/v2\/pages\/3095\/revisions"}],"predecessor-version":[{"id":3097,"href":"https:\/\/wp.kristdemokraterna.se\/knivsta\/wp-json\/wp\/v2\/pages\/3095\/revisions\/3097"}],"wp:attachment":[{"href":"https:\/\/wp.kristdemokraterna.se\/knivsta\/wp-json\/wp\/v2\/media?parent=3095"}],"curies":[{"name":"wp","href":"https:\/\/api.w.org\/{rel}","templated":true}]}}