{"id":52,"date":"2013-06-24T19:30:52","date_gmt":"2013-06-24T17:30:52","guid":{"rendered":"http:\/\/wp.kristdemokraterna.se\/knivsta\/?page_id=52"},"modified":"2018-11-01T00:37:04","modified_gmt":"2018-10-31T23:37:04","slug":"om-oss","status":"publish","type":"page","link":"https:\/\/wp.kristdemokraterna.se\/knivsta\/om-oss\/","title":{"rendered":"Om oss"},"content":{"rendered":"<p><a href=\"http:\/\/wp.kristdemokraterna.se\/knivsta\/files\/2018\/05\/om-oss.jpg\"><img loading=\"lazy\" decoding=\"async\" class=\"alignnone size-full wp-image-1648\" src=\"http:\/\/wp.kristdemokraterna.se\/knivsta\/files\/2018\/05\/om-oss.jpg\" alt=\"\" width=\"617\" height=\"333\" srcset=\"https:\/\/wp.kristdemokraterna.se\/knivsta\/files\/2018\/05\/om-oss.jpg 617w, https:\/\/wp.kristdemokraterna.se\/knivsta\/files\/2018\/05\/om-oss-479x259.jpg 479w, https:\/\/wp.kristdemokraterna.se\/knivsta\/files\/2018\/05\/om-oss-356x192.jpg 356w\" sizes=\"auto, (max-width: 617px) 100vw, 617px\" \/><\/a><\/p>\n<p><strong>Vi har vuxit kraftigt de senaste \u00e5ren vilket \u00e4r v\u00e4ldigt roligt. I det senaste valet s\u00e5 \u00f6kade vi med n\u00e4rmare 50 procent och har nu totalt fyra mandat i kommunfullm\u00e4ktige. Sedan tidigare har vi f\u00f6rtroendeuppdrag i en rad n\u00e4mnder och har en ordinarie ledamot samt en ers\u00e4ttare i kommunstyrelsen.<\/strong><\/p>\n<p>Totalt \u00e4r vi i dagsl\u00e4get omkring tio f\u00f6rtroendevalda och cirka 50 medlemmar.<\/p>\n<p>De som har f\u00f6rtroendeuppdrag tr\u00e4ffas regelbundet under gruppm\u00f6ten som sker en g\u00e5ng i m\u00e5naden, men vi har ocks\u00e5 \u00f6ppna m\u00f6ten d\u00e5 vi bjuder in alla medlemmar.<\/p>\n<p>Vi \u00e4r m\u00e5na om att alla ska f\u00e5 komma till tals och har en filosofi d\u00e4r vi l\u00e5ter nya medlemmar med stort engagemang f\u00e5 en m\u00f6jlighet att f\u00e5 en f\u00f6rtroendepost, backas upp och utvecklas.<\/p>\n<p>Vi tror att en partiavdelning blir stark om alla f\u00e5r trivas och k\u00e4nna att det finns en m\u00f6jlighet att bidra. Kort och gott s\u00e5 \u00e4r vi ett kul g\u00e4ng som alla brinner f\u00f6r ett b\u00e4ttre Knivsta.<\/p>\n<p>Varmt v\u00e4lkommen till oss!<\/p>\n<p><a href=\"http:\/\/wp.kristdemokraterna.se\/knivsta\/bli-medlem\/\">Vill du bli medlem &#8211; klicka h\u00e4r<\/a><\/p>\n","protected":false},"excerpt":{"rendered":"<p>Vi har vuxit kraftigt de senaste \u00e5ren vilket \u00e4r v\u00e4ldigt roligt. I det senaste valet s\u00e5 \u00f6kade vi med n\u00e4rmare 50 procent och har nu totalt fyra mandat i kommunfullm\u00e4ktige. Sedan tidigare har vi f\u00f6rtroendeuppdrag i en rad n\u00e4mnder och har en ordinarie ledamot samt en ers\u00e4ttare i kommunstyrelsen. Totalt \u00e4r vi i dagsl\u00e4get omkring <a class=\"read-more-link\" href=\"https:\/\/wp.kristdemokraterna.se\/knivsta\/om-oss\/\">Read More<\/a><\/p>\n","protected":false},"author":481,"featured_media":0,"parent":0,"menu_order":3,"comment_status":"closed","ping_status":"closed","template":"","meta":{"_acf_changed":false,"footnotes":""},"class_list":["post-52","page","type-page","status-publish","hentry"],"acf":[],"yoast_head":"<!-- This site is optimized with the Yoast SEO plugin v27.6 - https:\/\/yoast.com\/product\/yoast-seo-wordpress\/ -->\n<title>Om oss - Knivsta<\/title>\n<meta name=\"robots\" content=\"index, follow, max-snippet:-1, max-image-preview:large, max-video-preview:-1\" \/>\n<link rel=\"canonical\" href=\"https:\/\/wp.kristdemokraterna.se\/knivsta\/om-oss\/\" \/>\n<meta property=\"og:locale\" content=\"sv_SE\" \/>\n<meta property=\"og:type\" content=\"article\" \/>\n<meta property=\"og:title\" content=\"Om oss - Knivsta\" \/>\n<meta property=\"og:description\" content=\"Vi har vuxit kraftigt de senaste \u00e5ren vilket \u00e4r v\u00e4ldigt roligt. I det senaste valet s\u00e5 \u00f6kade vi med n\u00e4rmare 50 procent och har nu totalt fyra mandat i kommunfullm\u00e4ktige. Sedan tidigare har vi f\u00f6rtroendeuppdrag i en rad n\u00e4mnder och har en ordinarie ledamot samt en ers\u00e4ttare i kommunstyrelsen. Totalt \u00e4r vi i dagsl\u00e4get omkring Read More\" \/>\n<meta property=\"og:url\" content=\"https:\/\/wp.kristdemokraterna.se\/knivsta\/om-oss\/\" \/>\n<meta property=\"og:site_name\" content=\"Knivsta\" \/>\n<meta property=\"article:publisher\" content=\"https:\/\/www.facebook.com\/kdknivsta\" \/>\n<meta property=\"article:modified_time\" content=\"2018-10-31T23:37:04+00:00\" \/>\n<meta property=\"og:image\" content=\"http:\/\/wp.kristdemokraterna.se\/knivsta\/files\/2018\/05\/om-oss.jpg\" \/>\n<meta name=\"twitter:card\" content=\"summary_large_image\" \/>\n<meta name=\"twitter:label1\" content=\"Ber\u00e4knad l\u00e4stid\" \/>\n\t<meta name=\"twitter:data1\" content=\"1 minut\" \/>\n<script type=\"application\/ld+json\" class=\"yoast-schema-graph\">{\"@context\":\"https:\\\/\\\/schema.org\",\"@graph\":[{\"@type\":\"WebPage\",\"@id\":\"https:\\\/\\\/wp.kristdemokraterna.se\\\/knivsta\\\/om-oss\\\/\",\"url\":\"https:\\\/\\\/wp.kristdemokraterna.se\\\/knivsta\\\/om-oss\\\/\",\"name\":\"Om oss - Knivsta\",\"isPartOf\":{\"@id\":\"https:\\\/\\\/wp.kristdemokraterna.se\\\/knivsta\\\/#website\"},\"primaryImageOfPage\":{\"@id\":\"https:\\\/\\\/wp.kristdemokraterna.se\\\/knivsta\\\/om-oss\\\/#primaryimage\"},\"image\":{\"@id\":\"https:\\\/\\\/wp.kristdemokraterna.se\\\/knivsta\\\/om-oss\\\/#primaryimage\"},\"thumbnailUrl\":\"http:\\\/\\\/wp.kristdemokraterna.se\\\/knivsta\\\/files\\\/2018\\\/05\\\/om-oss.jpg\",\"datePublished\":\"2013-06-24T17:30:52+00:00\",\"dateModified\":\"2018-10-31T23:37:04+00:00\",\"breadcrumb\":{\"@id\":\"https:\\\/\\\/wp.kristdemokraterna.se\\\/knivsta\\\/om-oss\\\/#breadcrumb\"},\"inLanguage\":\"sv-SE\",\"potentialAction\":[{\"@type\":\"ReadAction\",\"target\":[\"https:\\\/\\\/wp.kristdemokraterna.se\\\/knivsta\\\/om-oss\\\/\"]}]},{\"@type\":\"ImageObject\",\"inLanguage\":\"sv-SE\",\"@id\":\"https:\\\/\\\/wp.kristdemokraterna.se\\\/knivsta\\\/om-oss\\\/#primaryimage\",\"url\":\"https:\\\/\\\/wp.kristdemokraterna.se\\\/knivsta\\\/files\\\/2018\\\/05\\\/om-oss.jpg\",\"contentUrl\":\"https:\\\/\\\/wp.kristdemokraterna.se\\\/knivsta\\\/files\\\/2018\\\/05\\\/om-oss.jpg\",\"width\":617,\"height\":333},{\"@type\":\"BreadcrumbList\",\"@id\":\"https:\\\/\\\/wp.kristdemokraterna.se\\\/knivsta\\\/om-oss\\\/#breadcrumb\",\"itemListElement\":[{\"@type\":\"ListItem\",\"position\":1,\"name\":\"Hem\",\"item\":\"https:\\\/\\\/wp.kristdemokraterna.se\\\/knivsta\\\/\"},{\"@type\":\"ListItem\",\"position\":2,\"name\":\"Om oss\"}]},{\"@type\":\"WebSite\",\"@id\":\"https:\\\/\\\/wp.kristdemokraterna.se\\\/knivsta\\\/#website\",\"url\":\"https:\\\/\\\/wp.kristdemokraterna.se\\\/knivsta\\\/\",\"name\":\"Knivsta\",\"description\":\" F\u00f6r ett b\u00e4ttre samh\u00e4lle\",\"inLanguage\":\"sv-SE\"}]}<\/script>\n<!-- \/ Yoast SEO plugin. -->","yoast_head_json":{"title":"Om oss - Knivsta","robots":{"index":"index","follow":"follow","max-snippet":"max-snippet:-1","max-image-preview":"max-image-preview:large","max-video-preview":"max-video-preview:-1"},"canonical":"https:\/\/wp.kristdemokraterna.se\/knivsta\/om-oss\/","og_locale":"sv_SE","og_type":"article","og_title":"Om oss - Knivsta","og_description":"Vi har vuxit kraftigt de senaste \u00e5ren vilket \u00e4r v\u00e4ldigt roligt. I det senaste valet s\u00e5 \u00f6kade vi med n\u00e4rmare 50 procent och har nu totalt fyra mandat i kommunfullm\u00e4ktige. Sedan tidigare har vi f\u00f6rtroendeuppdrag i en rad n\u00e4mnder och har en ordinarie ledamot samt en ers\u00e4ttare i kommunstyrelsen. Totalt \u00e4r vi i dagsl\u00e4get omkring Read More","og_url":"https:\/\/wp.kristdemokraterna.se\/knivsta\/om-oss\/","og_site_name":"Knivsta","article_publisher":"https:\/\/www.facebook.com\/kdknivsta","article_modified_time":"2018-10-31T23:37:04+00:00","og_image":[{"url":"http:\/\/wp.kristdemokraterna.se\/knivsta\/files\/2018\/05\/om-oss.jpg","type":"","width":"","height":""}],"twitter_card":"summary_large_image","twitter_misc":{"Ber\u00e4knad l\u00e4stid":"1 minut"},"schema":{"@context":"https:\/\/schema.org","@graph":[{"@type":"WebPage","@id":"https:\/\/wp.kristdemokraterna.se\/knivsta\/om-oss\/","url":"https:\/\/wp.kristdemokraterna.se\/knivsta\/om-oss\/","name":"Om oss - Knivsta","isPartOf":{"@id":"https:\/\/wp.kristdemokraterna.se\/knivsta\/#website"},"primaryImageOfPage":{"@id":"https:\/\/wp.kristdemokraterna.se\/knivsta\/om-oss\/#primaryimage"},"image":{"@id":"https:\/\/wp.kristdemokraterna.se\/knivsta\/om-oss\/#primaryimage"},"thumbnailUrl":"http:\/\/wp.kristdemokraterna.se\/knivsta\/files\/2018\/05\/om-oss.jpg","datePublished":"2013-06-24T17:30:52+00:00","dateModified":"2018-10-31T23:37:04+00:00","breadcrumb":{"@id":"https:\/\/wp.kristdemokraterna.se\/knivsta\/om-oss\/#breadcrumb"},"inLanguage":"sv-SE","potentialAction":[{"@type":"ReadAction","target":["https:\/\/wp.kristdemokraterna.se\/knivsta\/om-oss\/"]}]},{"@type":"ImageObject","inLanguage":"sv-SE","@id":"https:\/\/wp.kristdemokraterna.se\/knivsta\/om-oss\/#primaryimage","url":"https:\/\/wp.kristdemokraterna.se\/knivsta\/files\/2018\/05\/om-oss.jpg","contentUrl":"https:\/\/wp.kristdemokraterna.se\/knivsta\/files\/2018\/05\/om-oss.jpg","width":617,"height":333},{"@type":"BreadcrumbList","@id":"https:\/\/wp.kristdemokraterna.se\/knivsta\/om-oss\/#breadcrumb","itemListElement":[{"@type":"ListItem","position":1,"name":"Hem","item":"https:\/\/wp.kristdemokraterna.se\/knivsta\/"},{"@type":"ListItem","position":2,"name":"Om oss"}]},{"@type":"WebSite","@id":"https:\/\/wp.kristdemokraterna.se\/knivsta\/#website","url":"https:\/\/wp.kristdemokraterna.se\/knivsta\/","name":"Knivsta","description":" F\u00f6r ett b\u00e4ttre samh\u00e4lle","inLanguage":"sv-SE"}]}},"_links":{"self":[{"href":"https:\/\/wp.kristdemokraterna.se\/knivsta\/wp-json\/wp\/v2\/pages\/52","targetHints":{"allow":["GET"]}}],"collection":[{"href":"https:\/\/wp.kristdemokraterna.se\/knivsta\/wp-json\/wp\/v2\/pages"}],"about":[{"href":"https:\/\/wp.kristdemokraterna.se\/knivsta\/wp-json\/wp\/v2\/types\/page"}],"author":[{"embeddable":true,"href":"https:\/\/wp.kristdemokraterna.se\/knivsta\/wp-json\/wp\/v2\/users\/481"}],"replies":[{"embeddable":true,"href":"https:\/\/wp.kristdemokraterna.se\/knivsta\/wp-json\/wp\/v2\/comments?post=52"}],"version-history":[{"count":21,"href":"https:\/\/wp.kristdemokraterna.se\/knivsta\/wp-json\/wp\/v2\/pages\/52\/revisions"}],"predecessor-version":[{"id":2420,"href":"https:\/\/wp.kristdemokraterna.se\/knivsta\/wp-json\/wp\/v2\/pages\/52\/revisions\/2420"}],"wp:attachment":[{"href":"https:\/\/wp.kristdemokraterna.se\/knivsta\/wp-json\/wp\/v2\/media?parent=52"}],"curies":[{"name":"wp","href":"https:\/\/api.w.org\/{rel}","templated":true}]}}