{"id":54,"date":"2013-06-24T19:31:12","date_gmt":"2013-06-24T17:31:12","guid":{"rendered":"http:\/\/wp.kristdemokraterna.se\/knivsta\/?page_id=54"},"modified":"2022-05-24T09:27:50","modified_gmt":"2022-05-24T07:27:50","slug":"bli-medlem","status":"publish","type":"page","link":"https:\/\/wp.kristdemokraterna.se\/knivsta\/bli-medlem\/","title":{"rendered":"Bli medlem"},"content":{"rendered":"<h2>Brinner du f\u00f6r samma fr\u00e5gor som jag?<\/h2>\n<p><a href=\"http:\/\/wp.kristdemokraterna.se\/knivsta\/files\/2017\/11\/ebba.jpg\"><img loading=\"lazy\" decoding=\"async\" class=\"alignnone size-full wp-image-1432\" src=\"http:\/\/wp.kristdemokraterna.se\/knivsta\/files\/2017\/11\/ebba.jpg\" alt=\"\" width=\"540\" height=\"192\" srcset=\"https:\/\/wp.kristdemokraterna.se\/knivsta\/files\/2017\/11\/ebba.jpg 540w, https:\/\/wp.kristdemokraterna.se\/knivsta\/files\/2017\/11\/ebba-479x170.jpg 479w\" sizes=\"auto, (max-width: 540px) 100vw, 540px\" \/><\/a><\/p>\n<p>Hej.<\/p>\n<p>Jag heter Ebba Busch och kommer fr\u00e5n Uppsala d\u00e4r jag har varit kommunalr\u00e5d med ansvar f\u00f6r \u00e4ldrepolitiken under \u00e5ren 2010-2014. Jag har en 2 barn och vi bor i ett hus utanf\u00f6r Uppsala tillsammans med boxertjejen Bella.<\/p>\n<p>F\u00f6r mig \u00e4r det viktigt att politiken och samh\u00e4llet byggs underifr\u00e5n.<br \/>\nFamiljen spelar en avg\u00f6rande roll. Politikernas uppgift \u00e4r st\u00f6dja, inte styra familjen.<br \/>\nDet \u00e4r d\u00e4rf\u00f6r f\u00f6r\u00e4ldrar och familjer sj\u00e4lva ska f\u00e5 best\u00e4mma \u00f6ver hur de vill g\u00f6ra med<br \/>\nbarnomsorgen, f\u00f6r\u00e4ldraledigheten och tiden med barnen.<\/p>\n<p>V\u00e4nsterregeringen har motsatt uppfattning. De vill minska familjens valfrihet och m\u00f6jlighet<br \/>\ntill mer tid f\u00f6r barnen. Det s\u00e4ger jag och alla andra kristdemokrater nej till. Vi kommer ta<br \/>\nkampen f\u00f6r familjen.<\/p>\n<p>Vill du vara med i den kampen?<\/p>\n<h5>EBBA BUSCH (KD)<br \/>\nPartiledare f\u00f6r Kristdemokraterna<\/h5>\n<h5><strong><a href=\"https:\/\/www.kristdemokraterna.se\/Engagera-Dig\/blimedlem\/\">&gt; Klicka h\u00e4r om du vill bli medlem<\/a><\/strong><\/h5>\n","protected":false},"excerpt":{"rendered":"<p>Brinner du f\u00f6r samma fr\u00e5gor som jag? Hej. Jag heter Ebba Busch och kommer fr\u00e5n Uppsala d\u00e4r jag har varit kommunalr\u00e5d med ansvar f\u00f6r \u00e4ldrepolitiken under \u00e5ren 2010-2014. Jag har en 2 barn och vi bor i ett hus utanf\u00f6r Uppsala tillsammans med boxertjejen Bella. F\u00f6r mig \u00e4r det viktigt att politiken och samh\u00e4llet byggs <a class=\"read-more-link\" href=\"https:\/\/wp.kristdemokraterna.se\/knivsta\/bli-medlem\/\">Read More<\/a><\/p>\n","protected":false},"author":481,"featured_media":0,"parent":0,"menu_order":4,"comment_status":"closed","ping_status":"closed","template":"","meta":{"_acf_changed":false,"footnotes":""},"class_list":["post-54","page","type-page","status-publish","hentry"],"acf":[],"yoast_head":"<!-- This site is optimized with the Yoast SEO plugin v27.6 - https:\/\/yoast.com\/product\/yoast-seo-wordpress\/ -->\n<title>Bli medlem - Knivsta<\/title>\n<meta name=\"robots\" content=\"index, follow, max-snippet:-1, max-image-preview:large, max-video-preview:-1\" \/>\n<link rel=\"canonical\" href=\"https:\/\/wp.kristdemokraterna.se\/knivsta\/bli-medlem\/\" \/>\n<meta property=\"og:locale\" content=\"sv_SE\" \/>\n<meta property=\"og:type\" content=\"article\" \/>\n<meta property=\"og:title\" content=\"Bli medlem - Knivsta\" \/>\n<meta property=\"og:description\" content=\"Brinner du f\u00f6r samma fr\u00e5gor som jag? Hej. Jag heter Ebba Busch och kommer fr\u00e5n Uppsala d\u00e4r jag har varit kommunalr\u00e5d med ansvar f\u00f6r \u00e4ldrepolitiken under \u00e5ren 2010-2014. Jag har en 2 barn och vi bor i ett hus utanf\u00f6r Uppsala tillsammans med boxertjejen Bella. F\u00f6r mig \u00e4r det viktigt att politiken och samh\u00e4llet byggs Read More\" \/>\n<meta property=\"og:url\" content=\"https:\/\/wp.kristdemokraterna.se\/knivsta\/bli-medlem\/\" \/>\n<meta property=\"og:site_name\" content=\"Knivsta\" \/>\n<meta property=\"article:publisher\" content=\"https:\/\/www.facebook.com\/kdknivsta\" \/>\n<meta property=\"article:modified_time\" content=\"2022-05-24T07:27:50+00:00\" \/>\n<meta property=\"og:image\" content=\"http:\/\/wp.kristdemokraterna.se\/knivsta\/files\/2017\/11\/ebba.jpg\" \/>\n<meta name=\"twitter:card\" content=\"summary_large_image\" \/>\n<meta name=\"twitter:label1\" content=\"Ber\u00e4knad l\u00e4stid\" \/>\n\t<meta name=\"twitter:data1\" content=\"1 minut\" \/>\n<script type=\"application\/ld+json\" class=\"yoast-schema-graph\">{\"@context\":\"https:\\\/\\\/schema.org\",\"@graph\":[{\"@type\":\"WebPage\",\"@id\":\"https:\\\/\\\/wp.kristdemokraterna.se\\\/knivsta\\\/bli-medlem\\\/\",\"url\":\"https:\\\/\\\/wp.kristdemokraterna.se\\\/knivsta\\\/bli-medlem\\\/\",\"name\":\"Bli medlem - Knivsta\",\"isPartOf\":{\"@id\":\"https:\\\/\\\/wp.kristdemokraterna.se\\\/knivsta\\\/#website\"},\"primaryImageOfPage\":{\"@id\":\"https:\\\/\\\/wp.kristdemokraterna.se\\\/knivsta\\\/bli-medlem\\\/#primaryimage\"},\"image\":{\"@id\":\"https:\\\/\\\/wp.kristdemokraterna.se\\\/knivsta\\\/bli-medlem\\\/#primaryimage\"},\"thumbnailUrl\":\"http:\\\/\\\/wp.kristdemokraterna.se\\\/knivsta\\\/files\\\/2017\\\/11\\\/ebba.jpg\",\"datePublished\":\"2013-06-24T17:31:12+00:00\",\"dateModified\":\"2022-05-24T07:27:50+00:00\",\"breadcrumb\":{\"@id\":\"https:\\\/\\\/wp.kristdemokraterna.se\\\/knivsta\\\/bli-medlem\\\/#breadcrumb\"},\"inLanguage\":\"sv-SE\",\"potentialAction\":[{\"@type\":\"ReadAction\",\"target\":[\"https:\\\/\\\/wp.kristdemokraterna.se\\\/knivsta\\\/bli-medlem\\\/\"]}]},{\"@type\":\"ImageObject\",\"inLanguage\":\"sv-SE\",\"@id\":\"https:\\\/\\\/wp.kristdemokraterna.se\\\/knivsta\\\/bli-medlem\\\/#primaryimage\",\"url\":\"https:\\\/\\\/wp.kristdemokraterna.se\\\/knivsta\\\/files\\\/2017\\\/11\\\/ebba.jpg\",\"contentUrl\":\"https:\\\/\\\/wp.kristdemokraterna.se\\\/knivsta\\\/files\\\/2017\\\/11\\\/ebba.jpg\",\"width\":540,\"height\":192},{\"@type\":\"BreadcrumbList\",\"@id\":\"https:\\\/\\\/wp.kristdemokraterna.se\\\/knivsta\\\/bli-medlem\\\/#breadcrumb\",\"itemListElement\":[{\"@type\":\"ListItem\",\"position\":1,\"name\":\"Hem\",\"item\":\"https:\\\/\\\/wp.kristdemokraterna.se\\\/knivsta\\\/\"},{\"@type\":\"ListItem\",\"position\":2,\"name\":\"Bli medlem\"}]},{\"@type\":\"WebSite\",\"@id\":\"https:\\\/\\\/wp.kristdemokraterna.se\\\/knivsta\\\/#website\",\"url\":\"https:\\\/\\\/wp.kristdemokraterna.se\\\/knivsta\\\/\",\"name\":\"Knivsta\",\"description\":\" F\u00f6r ett b\u00e4ttre samh\u00e4lle\",\"inLanguage\":\"sv-SE\"}]}<\/script>\n<!-- \/ Yoast SEO plugin. -->","yoast_head_json":{"title":"Bli medlem - Knivsta","robots":{"index":"index","follow":"follow","max-snippet":"max-snippet:-1","max-image-preview":"max-image-preview:large","max-video-preview":"max-video-preview:-1"},"canonical":"https:\/\/wp.kristdemokraterna.se\/knivsta\/bli-medlem\/","og_locale":"sv_SE","og_type":"article","og_title":"Bli medlem - Knivsta","og_description":"Brinner du f\u00f6r samma fr\u00e5gor som jag? Hej. Jag heter Ebba Busch och kommer fr\u00e5n Uppsala d\u00e4r jag har varit kommunalr\u00e5d med ansvar f\u00f6r \u00e4ldrepolitiken under \u00e5ren 2010-2014. Jag har en 2 barn och vi bor i ett hus utanf\u00f6r Uppsala tillsammans med boxertjejen Bella. F\u00f6r mig \u00e4r det viktigt att politiken och samh\u00e4llet byggs Read More","og_url":"https:\/\/wp.kristdemokraterna.se\/knivsta\/bli-medlem\/","og_site_name":"Knivsta","article_publisher":"https:\/\/www.facebook.com\/kdknivsta","article_modified_time":"2022-05-24T07:27:50+00:00","og_image":[{"url":"http:\/\/wp.kristdemokraterna.se\/knivsta\/files\/2017\/11\/ebba.jpg","type":"","width":"","height":""}],"twitter_card":"summary_large_image","twitter_misc":{"Ber\u00e4knad l\u00e4stid":"1 minut"},"schema":{"@context":"https:\/\/schema.org","@graph":[{"@type":"WebPage","@id":"https:\/\/wp.kristdemokraterna.se\/knivsta\/bli-medlem\/","url":"https:\/\/wp.kristdemokraterna.se\/knivsta\/bli-medlem\/","name":"Bli medlem - Knivsta","isPartOf":{"@id":"https:\/\/wp.kristdemokraterna.se\/knivsta\/#website"},"primaryImageOfPage":{"@id":"https:\/\/wp.kristdemokraterna.se\/knivsta\/bli-medlem\/#primaryimage"},"image":{"@id":"https:\/\/wp.kristdemokraterna.se\/knivsta\/bli-medlem\/#primaryimage"},"thumbnailUrl":"http:\/\/wp.kristdemokraterna.se\/knivsta\/files\/2017\/11\/ebba.jpg","datePublished":"2013-06-24T17:31:12+00:00","dateModified":"2022-05-24T07:27:50+00:00","breadcrumb":{"@id":"https:\/\/wp.kristdemokraterna.se\/knivsta\/bli-medlem\/#breadcrumb"},"inLanguage":"sv-SE","potentialAction":[{"@type":"ReadAction","target":["https:\/\/wp.kristdemokraterna.se\/knivsta\/bli-medlem\/"]}]},{"@type":"ImageObject","inLanguage":"sv-SE","@id":"https:\/\/wp.kristdemokraterna.se\/knivsta\/bli-medlem\/#primaryimage","url":"https:\/\/wp.kristdemokraterna.se\/knivsta\/files\/2017\/11\/ebba.jpg","contentUrl":"https:\/\/wp.kristdemokraterna.se\/knivsta\/files\/2017\/11\/ebba.jpg","width":540,"height":192},{"@type":"BreadcrumbList","@id":"https:\/\/wp.kristdemokraterna.se\/knivsta\/bli-medlem\/#breadcrumb","itemListElement":[{"@type":"ListItem","position":1,"name":"Hem","item":"https:\/\/wp.kristdemokraterna.se\/knivsta\/"},{"@type":"ListItem","position":2,"name":"Bli medlem"}]},{"@type":"WebSite","@id":"https:\/\/wp.kristdemokraterna.se\/knivsta\/#website","url":"https:\/\/wp.kristdemokraterna.se\/knivsta\/","name":"Knivsta","description":" F\u00f6r ett b\u00e4ttre samh\u00e4lle","inLanguage":"sv-SE"}]}},"_links":{"self":[{"href":"https:\/\/wp.kristdemokraterna.se\/knivsta\/wp-json\/wp\/v2\/pages\/54","targetHints":{"allow":["GET"]}}],"collection":[{"href":"https:\/\/wp.kristdemokraterna.se\/knivsta\/wp-json\/wp\/v2\/pages"}],"about":[{"href":"https:\/\/wp.kristdemokraterna.se\/knivsta\/wp-json\/wp\/v2\/types\/page"}],"author":[{"embeddable":true,"href":"https:\/\/wp.kristdemokraterna.se\/knivsta\/wp-json\/wp\/v2\/users\/481"}],"replies":[{"embeddable":true,"href":"https:\/\/wp.kristdemokraterna.se\/knivsta\/wp-json\/wp\/v2\/comments?post=54"}],"version-history":[{"count":19,"href":"https:\/\/wp.kristdemokraterna.se\/knivsta\/wp-json\/wp\/v2\/pages\/54\/revisions"}],"predecessor-version":[{"id":3102,"href":"https:\/\/wp.kristdemokraterna.se\/knivsta\/wp-json\/wp\/v2\/pages\/54\/revisions\/3102"}],"wp:attachment":[{"href":"https:\/\/wp.kristdemokraterna.se\/knivsta\/wp-json\/wp\/v2\/media?parent=54"}],"curies":[{"name":"wp","href":"https:\/\/api.w.org\/{rel}","templated":true}]}}