{"id":142,"date":"2014-08-31T20:31:34","date_gmt":"2014-08-31T18:31:34","guid":{"rendered":"http:\/\/wp.kristdemokraterna.se\/koping\/?page_id=142"},"modified":"2019-03-25T12:24:26","modified_gmt":"2019-03-25T11:24:26","slug":"skolarbete","status":"publish","type":"page","link":"https:\/\/wp.kristdemokraterna.se\/koping\/skolarbete\/","title":{"rendered":"Skolarbete"},"content":{"rendered":"<p><!--more--><br \/>\n<a href=\"http:\/\/wp.kristdemokraterna.se\/koping\/files\/2014\/03\/Familjensrost_150px.jpg\"><img loading=\"lazy\" decoding=\"async\" class=\"alignnone size-full wp-image-22\" src=\"http:\/\/wp.kristdemokraterna.se\/koping\/files\/2014\/03\/Familjensrost_150px.jpg\" alt=\"Familjensrost_150px\" width=\"150\" height=\"126\" srcset=\"https:\/\/wp.kristdemokraterna.se\/koping\/files\/2014\/03\/Familjensrost_150px.jpg 150w, https:\/\/wp.kristdemokraterna.se\/koping\/files\/2014\/03\/Familjensrost_150px-133x112.jpg 133w\" sizes=\"auto, (max-width: 150px) 100vw, 150px\" \/><\/a><br \/>\n<strong>L\u00e4nk till KD om KD f\u00f6r \u00e5rskurs 6-8<strong><br \/>\n<a href=\"http:\/\/wp.kristdemokraterna.se\/koping\/files\/2014\/03\/kd-om-kd-for-hogstadiet-pdf.pdf\">kd-om-kd-for-hogstadiet-pdf<\/a><\/strong><\/strong><\/p>\n<p><!--more--><\/p>\n<p>L\u00e4nk till KD om KD f\u00f6r \u00e5rskurs 3-5<\/p>\n<p><strong><a href=\"http:\/\/wp.kristdemokraterna.se\/koping\/files\/2014\/08\/kd-om-kd-for-ar-3-5-pdf.pdf\">KD om KD f\u00f6r \u00e5r 3-5 PDF<\/a><\/strong><!--more--><\/p>\n<p>L\u00e4nk till KD om KD f\u00f6r \u00e5rskurs 9 och gymnasiet<br \/>\n<a href=\"http:\/\/wp.kristdemokraterna.se\/koping\/files\/2014\/08\/kd-om-kd-for-ar-9-och-gymnasiet.pdf\">KD om KD f\u00f6r \u00e5r 9 och gymnasiet<\/a><!--more--><\/p>\n<p>F\u00f6r l\u00e5nga versioner om vad vi vill i EU, Sverige, V\u00e4stmanland och K\u00f6ping:<br \/>\nKlicka p\u00e5 V\u00e5r politik h\u00e4r \u00f6verst.<\/p>\n","protected":false},"excerpt":{"rendered":"","protected":false},"author":663,"featured_media":0,"parent":0,"menu_order":4,"comment_status":"closed","ping_status":"closed","template":"","meta":{"_acf_changed":false,"footnotes":""},"class_list":["post-142","page","type-page","status-publish","hentry"],"acf":[],"yoast_head":"<!-- This site is optimized with the Yoast SEO plugin v27.5 - https:\/\/yoast.com\/product\/yoast-seo-wordpress\/ -->\n<title>Skolarbete - Kristdemokraterna | K\u00f6ping<\/title>\n<meta name=\"robots\" content=\"index, follow, max-snippet:-1, max-image-preview:large, max-video-preview:-1\" \/>\n<link rel=\"canonical\" href=\"https:\/\/wp.kristdemokraterna.se\/koping\/skolarbete\/\" \/>\n<meta property=\"og:locale\" content=\"sv_SE\" \/>\n<meta property=\"og:type\" content=\"article\" \/>\n<meta property=\"og:title\" content=\"Skolarbete - Kristdemokraterna | K\u00f6ping\" \/>\n<meta property=\"og:url\" content=\"https:\/\/wp.kristdemokraterna.se\/koping\/skolarbete\/\" \/>\n<meta property=\"og:site_name\" content=\"Kristdemokraterna | K\u00f6ping\" \/>\n<meta property=\"article:modified_time\" content=\"2019-03-25T11:24:26+00:00\" \/>\n<meta property=\"og:image\" content=\"http:\/\/wp.kristdemokraterna.se\/koping\/files\/2014\/03\/Familjensrost_150px.jpg\" \/>\n<meta name=\"twitter:card\" content=\"summary_large_image\" \/>\n<script type=\"application\/ld+json\" class=\"yoast-schema-graph\">{\"@context\":\"https:\\\/\\\/schema.org\",\"@graph\":[{\"@type\":\"WebPage\",\"@id\":\"https:\\\/\\\/wp.kristdemokraterna.se\\\/koping\\\/skolarbete\\\/\",\"url\":\"https:\\\/\\\/wp.kristdemokraterna.se\\\/koping\\\/skolarbete\\\/\",\"name\":\"Skolarbete - Kristdemokraterna | K\u00f6ping\",\"isPartOf\":{\"@id\":\"https:\\\/\\\/wp.kristdemokraterna.se\\\/koping\\\/#website\"},\"primaryImageOfPage\":{\"@id\":\"https:\\\/\\\/wp.kristdemokraterna.se\\\/koping\\\/skolarbete\\\/#primaryimage\"},\"image\":{\"@id\":\"https:\\\/\\\/wp.kristdemokraterna.se\\\/koping\\\/skolarbete\\\/#primaryimage\"},\"thumbnailUrl\":\"http:\\\/\\\/wp.kristdemokraterna.se\\\/koping\\\/files\\\/2014\\\/03\\\/Familjensrost_150px.jpg\",\"datePublished\":\"2014-08-31T18:31:34+00:00\",\"dateModified\":\"2019-03-25T11:24:26+00:00\",\"breadcrumb\":{\"@id\":\"https:\\\/\\\/wp.kristdemokraterna.se\\\/koping\\\/skolarbete\\\/#breadcrumb\"},\"inLanguage\":\"sv-SE\",\"potentialAction\":[{\"@type\":\"ReadAction\",\"target\":[\"https:\\\/\\\/wp.kristdemokraterna.se\\\/koping\\\/skolarbete\\\/\"]}]},{\"@type\":\"ImageObject\",\"inLanguage\":\"sv-SE\",\"@id\":\"https:\\\/\\\/wp.kristdemokraterna.se\\\/koping\\\/skolarbete\\\/#primaryimage\",\"url\":\"https:\\\/\\\/wp.kristdemokraterna.se\\\/koping\\\/files\\\/2014\\\/03\\\/Familjensrost_150px.jpg\",\"contentUrl\":\"https:\\\/\\\/wp.kristdemokraterna.se\\\/koping\\\/files\\\/2014\\\/03\\\/Familjensrost_150px.jpg\",\"width\":150,\"height\":126},{\"@type\":\"BreadcrumbList\",\"@id\":\"https:\\\/\\\/wp.kristdemokraterna.se\\\/koping\\\/skolarbete\\\/#breadcrumb\",\"itemListElement\":[{\"@type\":\"ListItem\",\"position\":1,\"name\":\"Hem\",\"item\":\"https:\\\/\\\/wp.kristdemokraterna.se\\\/koping\\\/\"},{\"@type\":\"ListItem\",\"position\":2,\"name\":\"Skolarbete\"}]},{\"@type\":\"WebSite\",\"@id\":\"https:\\\/\\\/wp.kristdemokraterna.se\\\/koping\\\/#website\",\"url\":\"https:\\\/\\\/wp.kristdemokraterna.se\\\/koping\\\/\",\"name\":\"Kristdemokraterna | K\u00f6ping\",\"description\":\"K\u00f6ping beh\u00f6ver ett nytt styre - men inga bilar p\u00e5 Stora gatan\",\"inLanguage\":\"sv-SE\"}]}<\/script>\n<!-- \/ Yoast SEO plugin. -->","yoast_head_json":{"title":"Skolarbete - Kristdemokraterna | K\u00f6ping","robots":{"index":"index","follow":"follow","max-snippet":"max-snippet:-1","max-image-preview":"max-image-preview:large","max-video-preview":"max-video-preview:-1"},"canonical":"https:\/\/wp.kristdemokraterna.se\/koping\/skolarbete\/","og_locale":"sv_SE","og_type":"article","og_title":"Skolarbete - Kristdemokraterna | K\u00f6ping","og_url":"https:\/\/wp.kristdemokraterna.se\/koping\/skolarbete\/","og_site_name":"Kristdemokraterna | K\u00f6ping","article_modified_time":"2019-03-25T11:24:26+00:00","og_image":[{"url":"http:\/\/wp.kristdemokraterna.se\/koping\/files\/2014\/03\/Familjensrost_150px.jpg","type":"","width":"","height":""}],"twitter_card":"summary_large_image","schema":{"@context":"https:\/\/schema.org","@graph":[{"@type":"WebPage","@id":"https:\/\/wp.kristdemokraterna.se\/koping\/skolarbete\/","url":"https:\/\/wp.kristdemokraterna.se\/koping\/skolarbete\/","name":"Skolarbete - Kristdemokraterna | K\u00f6ping","isPartOf":{"@id":"https:\/\/wp.kristdemokraterna.se\/koping\/#website"},"primaryImageOfPage":{"@id":"https:\/\/wp.kristdemokraterna.se\/koping\/skolarbete\/#primaryimage"},"image":{"@id":"https:\/\/wp.kristdemokraterna.se\/koping\/skolarbete\/#primaryimage"},"thumbnailUrl":"http:\/\/wp.kristdemokraterna.se\/koping\/files\/2014\/03\/Familjensrost_150px.jpg","datePublished":"2014-08-31T18:31:34+00:00","dateModified":"2019-03-25T11:24:26+00:00","breadcrumb":{"@id":"https:\/\/wp.kristdemokraterna.se\/koping\/skolarbete\/#breadcrumb"},"inLanguage":"sv-SE","potentialAction":[{"@type":"ReadAction","target":["https:\/\/wp.kristdemokraterna.se\/koping\/skolarbete\/"]}]},{"@type":"ImageObject","inLanguage":"sv-SE","@id":"https:\/\/wp.kristdemokraterna.se\/koping\/skolarbete\/#primaryimage","url":"https:\/\/wp.kristdemokraterna.se\/koping\/files\/2014\/03\/Familjensrost_150px.jpg","contentUrl":"https:\/\/wp.kristdemokraterna.se\/koping\/files\/2014\/03\/Familjensrost_150px.jpg","width":150,"height":126},{"@type":"BreadcrumbList","@id":"https:\/\/wp.kristdemokraterna.se\/koping\/skolarbete\/#breadcrumb","itemListElement":[{"@type":"ListItem","position":1,"name":"Hem","item":"https:\/\/wp.kristdemokraterna.se\/koping\/"},{"@type":"ListItem","position":2,"name":"Skolarbete"}]},{"@type":"WebSite","@id":"https:\/\/wp.kristdemokraterna.se\/koping\/#website","url":"https:\/\/wp.kristdemokraterna.se\/koping\/","name":"Kristdemokraterna | K\u00f6ping","description":"K\u00f6ping beh\u00f6ver ett nytt styre - men inga bilar p\u00e5 Stora gatan","inLanguage":"sv-SE"}]}},"_links":{"self":[{"href":"https:\/\/wp.kristdemokraterna.se\/koping\/wp-json\/wp\/v2\/pages\/142","targetHints":{"allow":["GET"]}}],"collection":[{"href":"https:\/\/wp.kristdemokraterna.se\/koping\/wp-json\/wp\/v2\/pages"}],"about":[{"href":"https:\/\/wp.kristdemokraterna.se\/koping\/wp-json\/wp\/v2\/types\/page"}],"author":[{"embeddable":true,"href":"https:\/\/wp.kristdemokraterna.se\/koping\/wp-json\/wp\/v2\/users\/663"}],"replies":[{"embeddable":true,"href":"https:\/\/wp.kristdemokraterna.se\/koping\/wp-json\/wp\/v2\/comments?post=142"}],"version-history":[{"count":16,"href":"https:\/\/wp.kristdemokraterna.se\/koping\/wp-json\/wp\/v2\/pages\/142\/revisions"}],"predecessor-version":[{"id":273,"href":"https:\/\/wp.kristdemokraterna.se\/koping\/wp-json\/wp\/v2\/pages\/142\/revisions\/273"}],"wp:attachment":[{"href":"https:\/\/wp.kristdemokraterna.se\/koping\/wp-json\/wp\/v2\/media?parent=142"}],"curies":[{"name":"wp","href":"https:\/\/api.w.org\/{rel}","templated":true}]}}