{"id":1702,"date":"2024-01-18T01:03:23","date_gmt":"2024-01-18T00:03:23","guid":{"rendered":"https:\/\/wp.kristdemokraterna.se\/koping\/?page_id=1702"},"modified":"2025-12-03T09:08:47","modified_gmt":"2025-12-03T08:08:47","slug":"kd-kopings-styrelse","status":"publish","type":"page","link":"https:\/\/wp.kristdemokraterna.se\/koping\/var-lokalavdelning\/kd-kopings-styrelse\/","title":{"rendered":"KD K\u00f6pings styrelse"},"content":{"rendered":"<p>&nbsp;<\/p>\n<div id=\"attachment_1740\" style=\"width: 222px\" class=\"wp-caption alignleft\"><a href=\"https:\/\/wp.kristdemokraterna.se\/koping\/var-lokalavdelning\/fullmaktigegruppen\/afcc6c4c-2e19-4273-abab-d926dee69253-1-105-c\/\" rel=\"attachment wp-att-1740\"><img loading=\"lazy\" decoding=\"async\" aria-describedby=\"caption-attachment-1740\" class=\"size-medium wp-image-1740\" src=\"http:\/\/wp.kristdemokraterna.se\/koping\/files\/2024\/01\/afcc6c4c-2e19-4273-abab-d926dee69253_1_105_c-212x300.jpeg\" alt=\"\" width=\"212\" height=\"300\" srcset=\"https:\/\/wp.kristdemokraterna.se\/koping\/files\/2024\/01\/afcc6c4c-2e19-4273-abab-d926dee69253_1_105_c-212x300.jpeg 212w, https:\/\/wp.kristdemokraterna.se\/koping\/files\/2024\/01\/afcc6c4c-2e19-4273-abab-d926dee69253_1_105_c-722x1024.jpeg 722w, https:\/\/wp.kristdemokraterna.se\/koping\/files\/2024\/01\/afcc6c4c-2e19-4273-abab-d926dee69253_1_105_c-141x200.jpeg 141w, https:\/\/wp.kristdemokraterna.se\/koping\/files\/2024\/01\/afcc6c4c-2e19-4273-abab-d926dee69253_1_105_c-370x525.jpeg 370w, https:\/\/wp.kristdemokraterna.se\/koping\/files\/2024\/01\/afcc6c4c-2e19-4273-abab-d926dee69253_1_105_c-450x638.jpeg 450w, https:\/\/wp.kristdemokraterna.se\/koping\/files\/2024\/01\/afcc6c4c-2e19-4273-abab-d926dee69253_1_105_c-280x397.jpeg 280w, https:\/\/wp.kristdemokraterna.se\/koping\/files\/2024\/01\/afcc6c4c-2e19-4273-abab-d926dee69253_1_105_c-340x482.jpeg 340w, https:\/\/wp.kristdemokraterna.se\/koping\/files\/2024\/01\/afcc6c4c-2e19-4273-abab-d926dee69253_1_105_c-39x56.jpeg 39w, https:\/\/wp.kristdemokraterna.se\/koping\/files\/2024\/01\/afcc6c4c-2e19-4273-abab-d926dee69253_1_105_c.jpeg 744w\" sizes=\"auto, (max-width: 212px) 100vw, 212px\" \/><\/a><p id=\"caption-attachment-1740\" class=\"wp-caption-text\"><strong>Ordf\u00f6rande<\/strong><br \/><strong>Anna-Carin Ragnarsson<\/strong><br \/>rannacarin@gmail.com<br \/>076-336 58 94<\/p><\/div>\n<p>&nbsp;<\/p>\n<p>&nbsp;<\/p>\n<p>&nbsp;<\/p>\n<p>&nbsp;<\/p>\n<p>&nbsp;<\/p>\n<p>&nbsp;<\/p>\n<p>&nbsp;<\/p>\n<p>&nbsp;<\/p>\n<p>&nbsp;<\/p>\n<p>&nbsp;<\/p>\n<div id=\"attachment_2319\" style=\"width: 263px\" class=\"wp-caption alignnone\"><a href=\"https:\/\/wp.kristdemokraterna.se\/koping\/var-lokalavdelning\/kd-kopings-styrelse\/joakimsjogren-2\/\" rel=\"attachment wp-att-2319\"><img loading=\"lazy\" decoding=\"async\" aria-describedby=\"caption-attachment-2319\" class=\"size-medium wp-image-2319\" src=\"http:\/\/wp.kristdemokraterna.se\/koping\/files\/2024\/02\/joakimsjogren-1-253x300.jpg\" alt=\"\" width=\"253\" height=\"300\" srcset=\"https:\/\/wp.kristdemokraterna.se\/koping\/files\/2024\/02\/joakimsjogren-1-253x300.jpg 253w, https:\/\/wp.kristdemokraterna.se\/koping\/files\/2024\/02\/joakimsjogren-1-169x200.jpg 169w, https:\/\/wp.kristdemokraterna.se\/koping\/files\/2024\/02\/joakimsjogren-1-370x438.jpg 370w, https:\/\/wp.kristdemokraterna.se\/koping\/files\/2024\/02\/joakimsjogren-1-280x332.jpg 280w, https:\/\/wp.kristdemokraterna.se\/koping\/files\/2024\/02\/joakimsjogren-1-340x403.jpg 340w, https:\/\/wp.kristdemokraterna.se\/koping\/files\/2024\/02\/joakimsjogren-1-47x56.jpg 47w, https:\/\/wp.kristdemokraterna.se\/koping\/files\/2024\/02\/joakimsjogren-1.jpg 390w\" sizes=\"auto, (max-width: 253px) 100vw, 253px\" \/><\/a><p id=\"caption-attachment-2319\" class=\"wp-caption-text\"><strong>Vice ordf<\/strong><br \/><strong>Joakim Sj\u00f6gren<\/strong><br \/>joakim.sjogren@koping.net<br \/>073-437 64 69<\/p><\/div>\n<div id=\"attachment_2013\" style=\"width: 251px\" class=\"wp-caption alignleft\"><a href=\"https:\/\/wp.kristdemokraterna.se\/koping\/var-lokalavdelning\/kd-kopings-styrelse\/mw1-002-2021-september\/\" rel=\"attachment wp-att-2013\"><img loading=\"lazy\" decoding=\"async\" aria-describedby=\"caption-attachment-2013\" class=\"size-medium wp-image-2013\" src=\"http:\/\/wp.kristdemokraterna.se\/koping\/files\/2024\/01\/mw1-002-2021-september-241x300.jpg\" alt=\"\" width=\"241\" height=\"300\" srcset=\"https:\/\/wp.kristdemokraterna.se\/koping\/files\/2024\/01\/mw1-002-2021-september-241x300.jpg 241w, https:\/\/wp.kristdemokraterna.se\/koping\/files\/2024\/01\/mw1-002-2021-september-823x1024.jpg 823w, https:\/\/wp.kristdemokraterna.se\/koping\/files\/2024\/01\/mw1-002-2021-september-768x956.jpg 768w, https:\/\/wp.kristdemokraterna.se\/koping\/files\/2024\/01\/mw1-002-2021-september-1234x1536.jpg 1234w, https:\/\/wp.kristdemokraterna.se\/koping\/files\/2024\/01\/mw1-002-2021-september-1645x2048.jpg 1645w, https:\/\/wp.kristdemokraterna.se\/koping\/files\/2024\/01\/mw1-002-2021-september-161x200.jpg 161w, https:\/\/wp.kristdemokraterna.se\/koping\/files\/2024\/01\/mw1-002-2021-september-370x461.jpg 370w, https:\/\/wp.kristdemokraterna.se\/koping\/files\/2024\/01\/mw1-002-2021-september-770x959.jpg 770w, https:\/\/wp.kristdemokraterna.se\/koping\/files\/2024\/01\/mw1-002-2021-september-450x560.jpg 450w, https:\/\/wp.kristdemokraterna.se\/koping\/files\/2024\/01\/mw1-002-2021-september-280x349.jpg 280w, https:\/\/wp.kristdemokraterna.se\/koping\/files\/2024\/01\/mw1-002-2021-september-340x423.jpg 340w, https:\/\/wp.kristdemokraterna.se\/koping\/files\/2024\/01\/mw1-002-2021-september-45x56.jpg 45w\" sizes=\"auto, (max-width: 241px) 100vw, 241px\" \/><\/a><p id=\"caption-attachment-2013\" class=\"wp-caption-text\"><strong>Sekreterare<\/strong><br \/><strong>Margareta Widarsson<\/strong><br \/>mwidarsson@gmail.com<br \/>070-285 82 91<\/p><\/div>\n<p>&nbsp;<\/p>\n<p>&nbsp;<\/p>\n<p>&nbsp;<\/p>\n<div id=\"attachment_1380\" style=\"width: 237px\" class=\"wp-caption alignnone\"><a href=\"https:\/\/wp.kristdemokraterna.se\/koping\/val-2022__trashed\/3-micke-frentz-41-foretagare-agare-av-okq8-12-an-munktorp\/bild-18-tommy-svanborg\/\" rel=\"attachment wp-att-1380\"><img loading=\"lazy\" decoding=\"async\" aria-describedby=\"caption-attachment-1380\" class=\"size-medium wp-image-1380\" src=\"http:\/\/wp.kristdemokraterna.se\/koping\/files\/2022\/04\/bild-18-tommy-svanborg-scaled-e1705663817999-227x300.jpg\" alt=\"\" width=\"227\" height=\"300\" srcset=\"https:\/\/wp.kristdemokraterna.se\/koping\/files\/2022\/04\/bild-18-tommy-svanborg-scaled-e1705663817999-227x300.jpg 227w, https:\/\/wp.kristdemokraterna.se\/koping\/files\/2022\/04\/bild-18-tommy-svanborg-scaled-e1705663817999-776x1024.jpg 776w, https:\/\/wp.kristdemokraterna.se\/koping\/files\/2022\/04\/bild-18-tommy-svanborg-scaled-e1705663817999-768x1013.jpg 768w, https:\/\/wp.kristdemokraterna.se\/koping\/files\/2022\/04\/bild-18-tommy-svanborg-scaled-e1705663817999-1164x1536.jpg 1164w, https:\/\/wp.kristdemokraterna.se\/koping\/files\/2022\/04\/bild-18-tommy-svanborg-scaled-e1705663817999-152x200.jpg 152w, https:\/\/wp.kristdemokraterna.se\/koping\/files\/2022\/04\/bild-18-tommy-svanborg-scaled-e1705663817999-370x488.jpg 370w, https:\/\/wp.kristdemokraterna.se\/koping\/files\/2022\/04\/bild-18-tommy-svanborg-scaled-e1705663817999-770x1016.jpg 770w, https:\/\/wp.kristdemokraterna.se\/koping\/files\/2022\/04\/bild-18-tommy-svanborg-scaled-e1705663817999-450x594.jpg 450w, https:\/\/wp.kristdemokraterna.se\/koping\/files\/2022\/04\/bild-18-tommy-svanborg-scaled-e1705663817999-280x369.jpg 280w, https:\/\/wp.kristdemokraterna.se\/koping\/files\/2022\/04\/bild-18-tommy-svanborg-scaled-e1705663817999-340x449.jpg 340w, https:\/\/wp.kristdemokraterna.se\/koping\/files\/2022\/04\/bild-18-tommy-svanborg-scaled-e1705663817999-42x56.jpg 42w, https:\/\/wp.kristdemokraterna.se\/koping\/files\/2022\/04\/bild-18-tommy-svanborg-scaled-e1705663817999.jpg 1233w\" sizes=\"auto, (max-width: 227px) 100vw, 227px\" \/><\/a><p id=\"caption-attachment-1380\" class=\"wp-caption-text\"><strong>Ledamot<\/strong><br \/><strong>Tommy Svanborg<\/strong><br \/>tommy.svanborg1@gmail.com<br \/>072-718 63 60<\/p><\/div>\n<div class=\"mceTemp\"><\/div>\n<div id=\"attachment_1751\" style=\"width: 245px\" class=\"wp-caption alignnone\"><a href=\"https:\/\/wp.kristdemokraterna.se\/koping\/var-lokalavdelning\/fullmaktigegruppen\/skarmavbild-2024-01-18-kl-02-36-45\/\" rel=\"attachment wp-att-1751\"><img loading=\"lazy\" decoding=\"async\" aria-describedby=\"caption-attachment-1751\" class=\"size-medium wp-image-1751\" src=\"http:\/\/wp.kristdemokraterna.se\/koping\/files\/2024\/01\/skarmavbild-2024-01-18-kl.-02.36.45-235x300.png\" alt=\"\" width=\"235\" height=\"300\" srcset=\"https:\/\/wp.kristdemokraterna.se\/koping\/files\/2024\/01\/skarmavbild-2024-01-18-kl.-02.36.45-235x300.png 235w, https:\/\/wp.kristdemokraterna.se\/koping\/files\/2024\/01\/skarmavbild-2024-01-18-kl.-02.36.45-157x200.png 157w, https:\/\/wp.kristdemokraterna.se\/koping\/files\/2024\/01\/skarmavbild-2024-01-18-kl.-02.36.45-370x471.png 370w, https:\/\/wp.kristdemokraterna.se\/koping\/files\/2024\/01\/skarmavbild-2024-01-18-kl.-02.36.45-450x573.png 450w, https:\/\/wp.kristdemokraterna.se\/koping\/files\/2024\/01\/skarmavbild-2024-01-18-kl.-02.36.45-280x357.png 280w, https:\/\/wp.kristdemokraterna.se\/koping\/files\/2024\/01\/skarmavbild-2024-01-18-kl.-02.36.45-340x433.png 340w, https:\/\/wp.kristdemokraterna.se\/koping\/files\/2024\/01\/skarmavbild-2024-01-18-kl.-02.36.45-44x56.png 44w, https:\/\/wp.kristdemokraterna.se\/koping\/files\/2024\/01\/skarmavbild-2024-01-18-kl.-02.36.45.png 533w\" sizes=\"auto, (max-width: 235px) 100vw, 235px\" \/><\/a><p id=\"caption-attachment-1751\" class=\"wp-caption-text\"><strong>Ledamot<\/strong><br \/><strong>Lars-Axel Nordell<\/strong><br \/>larsaxelnordell@gmail.com<br \/>070-7708310<\/p><\/div>\n<div id=\"attachment_2408\" style=\"width: 272px\" class=\"wp-caption alignnone\"><a href=\"https:\/\/wp.kristdemokraterna.se\/koping\/kommunalradet\/astrid\/\" rel=\"attachment wp-att-2408\"><img loading=\"lazy\" decoding=\"async\" aria-describedby=\"caption-attachment-2408\" class=\"size-medium wp-image-2408\" src=\"http:\/\/wp.kristdemokraterna.se\/koping\/files\/2024\/10\/astrid-262x300.png\" alt=\"\" width=\"262\" height=\"300\" srcset=\"https:\/\/wp.kristdemokraterna.se\/koping\/files\/2024\/10\/astrid-262x300.png 262w, https:\/\/wp.kristdemokraterna.se\/koping\/files\/2024\/10\/astrid-895x1024.png 895w, https:\/\/wp.kristdemokraterna.se\/koping\/files\/2024\/10\/astrid-768x878.png 768w, https:\/\/wp.kristdemokraterna.se\/koping\/files\/2024\/10\/astrid-175x200.png 175w, https:\/\/wp.kristdemokraterna.se\/koping\/files\/2024\/10\/astrid-370x423.png 370w, https:\/\/wp.kristdemokraterna.se\/koping\/files\/2024\/10\/astrid-770x881.png 770w, https:\/\/wp.kristdemokraterna.se\/koping\/files\/2024\/10\/astrid-450x515.png 450w, https:\/\/wp.kristdemokraterna.se\/koping\/files\/2024\/10\/astrid-280x320.png 280w, https:\/\/wp.kristdemokraterna.se\/koping\/files\/2024\/10\/astrid-340x389.png 340w, https:\/\/wp.kristdemokraterna.se\/koping\/files\/2024\/10\/astrid-49x56.png 49w, https:\/\/wp.kristdemokraterna.se\/koping\/files\/2024\/10\/astrid.png 1322w\" sizes=\"auto, (max-width: 262px) 100vw, 262px\" \/><\/a><p id=\"caption-attachment-2408\" class=\"wp-caption-text\"><strong>Ledamot<\/strong><br \/><strong>Astrid Lamprecht<\/strong><br \/>astrid.lamprecht@koping.se<br \/>073-7730949<\/p><\/div>\n<div id=\"attachment_1745\" style=\"width: 266px\" class=\"wp-caption alignleft\"><a href=\"https:\/\/wp.kristdemokraterna.se\/koping\/var-lokalavdelning\/fullmaktigegruppen\/skarmavbild-2024-01-18-kl-02-31-10\/\" rel=\"attachment wp-att-1745\"><img loading=\"lazy\" decoding=\"async\" aria-describedby=\"caption-attachment-1745\" class=\"size-medium wp-image-1745\" src=\"http:\/\/wp.kristdemokraterna.se\/koping\/files\/2024\/01\/skarmavbild-2024-01-18-kl.-02.31.10-256x300.png\" alt=\"\" width=\"256\" height=\"300\" srcset=\"https:\/\/wp.kristdemokraterna.se\/koping\/files\/2024\/01\/skarmavbild-2024-01-18-kl.-02.31.10-256x300.png 256w, https:\/\/wp.kristdemokraterna.se\/koping\/files\/2024\/01\/skarmavbild-2024-01-18-kl.-02.31.10-171x200.png 171w, https:\/\/wp.kristdemokraterna.se\/koping\/files\/2024\/01\/skarmavbild-2024-01-18-kl.-02.31.10-370x433.png 370w, https:\/\/wp.kristdemokraterna.se\/koping\/files\/2024\/01\/skarmavbild-2024-01-18-kl.-02.31.10-450x527.png 450w, https:\/\/wp.kristdemokraterna.se\/koping\/files\/2024\/01\/skarmavbild-2024-01-18-kl.-02.31.10-280x328.png 280w, https:\/\/wp.kristdemokraterna.se\/koping\/files\/2024\/01\/skarmavbild-2024-01-18-kl.-02.31.10-340x398.png 340w, https:\/\/wp.kristdemokraterna.se\/koping\/files\/2024\/01\/skarmavbild-2024-01-18-kl.-02.31.10-48x56.png 48w, https:\/\/wp.kristdemokraterna.se\/koping\/files\/2024\/01\/skarmavbild-2024-01-18-kl.-02.31.10.png 527w\" sizes=\"auto, (max-width: 256px) 100vw, 256px\" \/><\/a><p id=\"caption-attachment-1745\" class=\"wp-caption-text\"><strong>Ers\u00e4ttare<\/strong><br \/><strong>Staffan Egeberg<\/strong><br \/>staffanegeberg@gmail.com<br \/>076-789 95 00<\/p><\/div>\n<p>&nbsp;<\/p>\n<p>&nbsp;<\/p>\n<p>&nbsp;<\/p>\n<p>&nbsp;<\/p>\n<p>&nbsp;<\/p>\n<p>&nbsp;<\/p>\n<p>&nbsp;<\/p>\n<p>&nbsp;<\/p>\n<p>&nbsp;<\/p>\n<p>&nbsp;<\/p>\n<div id=\"attachment_1419\" style=\"width: 274px\" class=\"wp-caption alignnone\"><a href=\"https:\/\/wp.kristdemokraterna.se\/koping\/?attachment_id=1419\" rel=\"attachment wp-att-1419\"><img loading=\"lazy\" decoding=\"async\" aria-describedby=\"caption-attachment-1419\" class=\"size-medium wp-image-1419\" src=\"http:\/\/wp.kristdemokraterna.se\/koping\/files\/2022\/04\/ingrid-broman-e1705666815133-264x300.jpeg\" alt=\"\" width=\"264\" height=\"300\" srcset=\"https:\/\/wp.kristdemokraterna.se\/koping\/files\/2022\/04\/ingrid-broman-e1705666815133-264x300.jpeg 264w, https:\/\/wp.kristdemokraterna.se\/koping\/files\/2022\/04\/ingrid-broman-e1705666815133-176x200.jpeg 176w, https:\/\/wp.kristdemokraterna.se\/koping\/files\/2022\/04\/ingrid-broman-e1705666815133-370x420.jpeg 370w, https:\/\/wp.kristdemokraterna.se\/koping\/files\/2022\/04\/ingrid-broman-e1705666815133-450x511.jpeg 450w, https:\/\/wp.kristdemokraterna.se\/koping\/files\/2022\/04\/ingrid-broman-e1705666815133-280x318.jpeg 280w, https:\/\/wp.kristdemokraterna.se\/koping\/files\/2022\/04\/ingrid-broman-e1705666815133-340x386.jpeg 340w, https:\/\/wp.kristdemokraterna.se\/koping\/files\/2022\/04\/ingrid-broman-e1705666815133-49x56.jpeg 49w, https:\/\/wp.kristdemokraterna.se\/koping\/files\/2022\/04\/ingrid-broman-e1705666815133.jpeg 546w\" sizes=\"auto, (max-width: 264px) 100vw, 264px\" \/><\/a><p id=\"caption-attachment-1419\" class=\"wp-caption-text\"><strong>Ers\u00e4ttare<\/strong><br \/><strong>Ingrid Broman<\/strong><br \/>ingrid.broman99@gmail.com<br \/>070-466 56 22<\/p><\/div>\n<p>&nbsp;<\/p>\n<div id=\"attachment_2356\" style=\"width: 268px\" class=\"wp-caption alignleft\"><a href=\"https:\/\/wp.kristdemokraterna.se\/koping\/var-lokalavdelning\/kd-kopings-styrelse\/nya-bilen\/\" rel=\"attachment wp-att-2356\"><img loading=\"lazy\" decoding=\"async\" aria-describedby=\"caption-attachment-2356\" class=\"size-medium wp-image-2356\" src=\"http:\/\/wp.kristdemokraterna.se\/koping\/files\/2024\/04\/nya-bilen--e1712823755977-258x300.jpg\" alt=\"\" width=\"258\" height=\"300\" srcset=\"https:\/\/wp.kristdemokraterna.se\/koping\/files\/2024\/04\/nya-bilen--e1712823755977-258x300.jpg 258w, https:\/\/wp.kristdemokraterna.se\/koping\/files\/2024\/04\/nya-bilen--e1712823755977-172x200.jpg 172w, https:\/\/wp.kristdemokraterna.se\/koping\/files\/2024\/04\/nya-bilen--e1712823755977-280x325.jpg 280w, https:\/\/wp.kristdemokraterna.se\/koping\/files\/2024\/04\/nya-bilen--e1712823755977-48x56.jpg 48w, https:\/\/wp.kristdemokraterna.se\/koping\/files\/2024\/04\/nya-bilen--e1712823755977.jpg 284w\" sizes=\"auto, (max-width: 258px) 100vw, 258px\" \/><\/a><p id=\"caption-attachment-2356\" class=\"wp-caption-text\"><strong>Ers\u00e4ttare<\/strong><br \/><strong>Musatafa Al-bayati<\/strong><br \/>mustafa_123@rocketmai.com<br \/>070-2632210<\/p><\/div>\n<div class=\"mceTemp\">\n<p>&nbsp;<\/p>\n<p>&nbsp;<\/p>\n<p>&nbsp;<\/p>\n<p>&nbsp;<\/p>\n<p>&nbsp;<\/p>\n<p>&nbsp;<\/p>\n<p>&nbsp;<\/p>\n<h3><\/h3>\n<p>&nbsp;<\/p>\n<p>&nbsp;<\/p>\n<\/div>\n","protected":false},"excerpt":{"rendered":"<p>&nbsp; &nbsp; &nbsp; &nbsp; &nbsp; &nbsp; &nbsp; &nbsp; &nbsp; &nbsp; &nbsp; &nbsp; &nbsp; &nbsp; &nbsp; &nbsp; &nbsp; &nbsp; &nbsp; &nbsp; &nbsp; &nbsp; &nbsp; &nbsp; &nbsp; &nbsp; &nbsp; &nbsp; &nbsp; &nbsp; &nbsp; &nbsp; &nbsp; &nbsp;<\/p>\n","protected":false},"author":444,"featured_media":0,"parent":8,"menu_order":0,"comment_status":"closed","ping_status":"closed","template":"page.php","meta":{"_acf_changed":false,"footnotes":""},"class_list":["post-1702","page","type-page","status-publish","hentry"],"acf":[],"yoast_head":"<!-- This site is optimized with the Yoast SEO plugin v27.3 - https:\/\/yoast.com\/product\/yoast-seo-wordpress\/ -->\n<title>KD K\u00f6pings styrelse - Kristdemokraterna | K\u00f6ping<\/title>\n<meta name=\"robots\" content=\"index, follow, max-snippet:-1, max-image-preview:large, max-video-preview:-1\" \/>\n<link rel=\"canonical\" href=\"https:\/\/wp.kristdemokraterna.se\/koping\/var-lokalavdelning\/kd-kopings-styrelse\/\" \/>\n<meta property=\"og:locale\" content=\"sv_SE\" \/>\n<meta property=\"og:type\" content=\"article\" \/>\n<meta property=\"og:title\" content=\"KD K\u00f6pings styrelse - Kristdemokraterna | K\u00f6ping\" \/>\n<meta property=\"og:description\" content=\"&nbsp; &nbsp; &nbsp; &nbsp; &nbsp; &nbsp; &nbsp; &nbsp; &nbsp; &nbsp; &nbsp; &nbsp; &nbsp; &nbsp; &nbsp; &nbsp; &nbsp; &nbsp; &nbsp; &nbsp; &nbsp; &nbsp; &nbsp; &nbsp; &nbsp; &nbsp; &nbsp; &nbsp; &nbsp; &nbsp; &nbsp; &nbsp; &nbsp; &nbsp;\" \/>\n<meta property=\"og:url\" content=\"https:\/\/wp.kristdemokraterna.se\/koping\/var-lokalavdelning\/kd-kopings-styrelse\/\" \/>\n<meta property=\"og:site_name\" content=\"Kristdemokraterna | K\u00f6ping\" \/>\n<meta property=\"article:modified_time\" content=\"2025-12-03T08:08:47+00:00\" \/>\n<meta property=\"og:image\" content=\"https:\/\/wp.kristdemokraterna.se\/koping\/files\/2024\/01\/afcc6c4c-2e19-4273-abab-d926dee69253_1_105_c.jpeg\" \/>\n\t<meta property=\"og:image:width\" content=\"744\" \/>\n\t<meta property=\"og:image:height\" content=\"1055\" \/>\n\t<meta property=\"og:image:type\" content=\"image\/jpeg\" \/>\n<meta name=\"twitter:card\" content=\"summary_large_image\" \/>\n<meta name=\"twitter:label1\" content=\"Ber\u00e4knad l\u00e4stid\" \/>\n\t<meta name=\"twitter:data1\" content=\"3 minuter\" \/>\n<script type=\"application\/ld+json\" class=\"yoast-schema-graph\">{\"@context\":\"https:\\\/\\\/schema.org\",\"@graph\":[{\"@type\":\"WebPage\",\"@id\":\"https:\\\/\\\/wp.kristdemokraterna.se\\\/koping\\\/var-lokalavdelning\\\/kd-kopings-styrelse\\\/\",\"url\":\"https:\\\/\\\/wp.kristdemokraterna.se\\\/koping\\\/var-lokalavdelning\\\/kd-kopings-styrelse\\\/\",\"name\":\"KD K\u00f6pings styrelse - Kristdemokraterna | K\u00f6ping\",\"isPartOf\":{\"@id\":\"https:\\\/\\\/wp.kristdemokraterna.se\\\/koping\\\/#website\"},\"primaryImageOfPage\":{\"@id\":\"https:\\\/\\\/wp.kristdemokraterna.se\\\/koping\\\/var-lokalavdelning\\\/kd-kopings-styrelse\\\/#primaryimage\"},\"image\":{\"@id\":\"https:\\\/\\\/wp.kristdemokraterna.se\\\/koping\\\/var-lokalavdelning\\\/kd-kopings-styrelse\\\/#primaryimage\"},\"thumbnailUrl\":\"http:\\\/\\\/wp.kristdemokraterna.se\\\/koping\\\/files\\\/2024\\\/01\\\/afcc6c4c-2e19-4273-abab-d926dee69253_1_105_c-212x300.jpeg\",\"datePublished\":\"2024-01-18T00:03:23+00:00\",\"dateModified\":\"2025-12-03T08:08:47+00:00\",\"breadcrumb\":{\"@id\":\"https:\\\/\\\/wp.kristdemokraterna.se\\\/koping\\\/var-lokalavdelning\\\/kd-kopings-styrelse\\\/#breadcrumb\"},\"inLanguage\":\"sv-SE\",\"potentialAction\":[{\"@type\":\"ReadAction\",\"target\":[\"https:\\\/\\\/wp.kristdemokraterna.se\\\/koping\\\/var-lokalavdelning\\\/kd-kopings-styrelse\\\/\"]}]},{\"@type\":\"ImageObject\",\"inLanguage\":\"sv-SE\",\"@id\":\"https:\\\/\\\/wp.kristdemokraterna.se\\\/koping\\\/var-lokalavdelning\\\/kd-kopings-styrelse\\\/#primaryimage\",\"url\":\"http:\\\/\\\/wp.kristdemokraterna.se\\\/koping\\\/files\\\/2024\\\/01\\\/afcc6c4c-2e19-4273-abab-d926dee69253_1_105_c-212x300.jpeg\",\"contentUrl\":\"http:\\\/\\\/wp.kristdemokraterna.se\\\/koping\\\/files\\\/2024\\\/01\\\/afcc6c4c-2e19-4273-abab-d926dee69253_1_105_c-212x300.jpeg\"},{\"@type\":\"BreadcrumbList\",\"@id\":\"https:\\\/\\\/wp.kristdemokraterna.se\\\/koping\\\/var-lokalavdelning\\\/kd-kopings-styrelse\\\/#breadcrumb\",\"itemListElement\":[{\"@type\":\"ListItem\",\"position\":1,\"name\":\"Hem\",\"item\":\"https:\\\/\\\/wp.kristdemokraterna.se\\\/koping\\\/\"},{\"@type\":\"ListItem\",\"position\":2,\"name\":\"V\u00e5r partiavdelning\",\"item\":\"https:\\\/\\\/wp.kristdemokraterna.se\\\/koping\\\/var-lokalavdelning\\\/\"},{\"@type\":\"ListItem\",\"position\":3,\"name\":\"KD K\u00f6pings styrelse\"}]},{\"@type\":\"WebSite\",\"@id\":\"https:\\\/\\\/wp.kristdemokraterna.se\\\/koping\\\/#website\",\"url\":\"https:\\\/\\\/wp.kristdemokraterna.se\\\/koping\\\/\",\"name\":\"Kristdemokraterna | K\u00f6ping\",\"description\":\"K\u00f6ping beh\u00f6ver ett nytt styre - men inga bilar p\u00e5 Stora gatan\",\"inLanguage\":\"sv-SE\"}]}<\/script>\n<!-- \/ Yoast SEO plugin. -->","yoast_head_json":{"title":"KD K\u00f6pings styrelse - Kristdemokraterna | K\u00f6ping","robots":{"index":"index","follow":"follow","max-snippet":"max-snippet:-1","max-image-preview":"max-image-preview:large","max-video-preview":"max-video-preview:-1"},"canonical":"https:\/\/wp.kristdemokraterna.se\/koping\/var-lokalavdelning\/kd-kopings-styrelse\/","og_locale":"sv_SE","og_type":"article","og_title":"KD K\u00f6pings styrelse - Kristdemokraterna | K\u00f6ping","og_description":"&nbsp; &nbsp; &nbsp; &nbsp; &nbsp; &nbsp; &nbsp; &nbsp; &nbsp; &nbsp; &nbsp; &nbsp; &nbsp; &nbsp; &nbsp; &nbsp; &nbsp; &nbsp; &nbsp; &nbsp; &nbsp; &nbsp; &nbsp; &nbsp; &nbsp; &nbsp; &nbsp; &nbsp; &nbsp; &nbsp; &nbsp; &nbsp; &nbsp; &nbsp;","og_url":"https:\/\/wp.kristdemokraterna.se\/koping\/var-lokalavdelning\/kd-kopings-styrelse\/","og_site_name":"Kristdemokraterna | K\u00f6ping","article_modified_time":"2025-12-03T08:08:47+00:00","og_image":[{"width":744,"height":1055,"url":"https:\/\/wp.kristdemokraterna.se\/koping\/files\/2024\/01\/afcc6c4c-2e19-4273-abab-d926dee69253_1_105_c.jpeg","type":"image\/jpeg"}],"twitter_card":"summary_large_image","twitter_misc":{"Ber\u00e4knad l\u00e4stid":"3 minuter"},"schema":{"@context":"https:\/\/schema.org","@graph":[{"@type":"WebPage","@id":"https:\/\/wp.kristdemokraterna.se\/koping\/var-lokalavdelning\/kd-kopings-styrelse\/","url":"https:\/\/wp.kristdemokraterna.se\/koping\/var-lokalavdelning\/kd-kopings-styrelse\/","name":"KD K\u00f6pings styrelse - Kristdemokraterna | K\u00f6ping","isPartOf":{"@id":"https:\/\/wp.kristdemokraterna.se\/koping\/#website"},"primaryImageOfPage":{"@id":"https:\/\/wp.kristdemokraterna.se\/koping\/var-lokalavdelning\/kd-kopings-styrelse\/#primaryimage"},"image":{"@id":"https:\/\/wp.kristdemokraterna.se\/koping\/var-lokalavdelning\/kd-kopings-styrelse\/#primaryimage"},"thumbnailUrl":"http:\/\/wp.kristdemokraterna.se\/koping\/files\/2024\/01\/afcc6c4c-2e19-4273-abab-d926dee69253_1_105_c-212x300.jpeg","datePublished":"2024-01-18T00:03:23+00:00","dateModified":"2025-12-03T08:08:47+00:00","breadcrumb":{"@id":"https:\/\/wp.kristdemokraterna.se\/koping\/var-lokalavdelning\/kd-kopings-styrelse\/#breadcrumb"},"inLanguage":"sv-SE","potentialAction":[{"@type":"ReadAction","target":["https:\/\/wp.kristdemokraterna.se\/koping\/var-lokalavdelning\/kd-kopings-styrelse\/"]}]},{"@type":"ImageObject","inLanguage":"sv-SE","@id":"https:\/\/wp.kristdemokraterna.se\/koping\/var-lokalavdelning\/kd-kopings-styrelse\/#primaryimage","url":"http:\/\/wp.kristdemokraterna.se\/koping\/files\/2024\/01\/afcc6c4c-2e19-4273-abab-d926dee69253_1_105_c-212x300.jpeg","contentUrl":"http:\/\/wp.kristdemokraterna.se\/koping\/files\/2024\/01\/afcc6c4c-2e19-4273-abab-d926dee69253_1_105_c-212x300.jpeg"},{"@type":"BreadcrumbList","@id":"https:\/\/wp.kristdemokraterna.se\/koping\/var-lokalavdelning\/kd-kopings-styrelse\/#breadcrumb","itemListElement":[{"@type":"ListItem","position":1,"name":"Hem","item":"https:\/\/wp.kristdemokraterna.se\/koping\/"},{"@type":"ListItem","position":2,"name":"V\u00e5r partiavdelning","item":"https:\/\/wp.kristdemokraterna.se\/koping\/var-lokalavdelning\/"},{"@type":"ListItem","position":3,"name":"KD K\u00f6pings styrelse"}]},{"@type":"WebSite","@id":"https:\/\/wp.kristdemokraterna.se\/koping\/#website","url":"https:\/\/wp.kristdemokraterna.se\/koping\/","name":"Kristdemokraterna | K\u00f6ping","description":"K\u00f6ping beh\u00f6ver ett nytt styre - men inga bilar p\u00e5 Stora gatan","inLanguage":"sv-SE"}]}},"_links":{"self":[{"href":"https:\/\/wp.kristdemokraterna.se\/koping\/wp-json\/wp\/v2\/pages\/1702","targetHints":{"allow":["GET"]}}],"collection":[{"href":"https:\/\/wp.kristdemokraterna.se\/koping\/wp-json\/wp\/v2\/pages"}],"about":[{"href":"https:\/\/wp.kristdemokraterna.se\/koping\/wp-json\/wp\/v2\/types\/page"}],"author":[{"embeddable":true,"href":"https:\/\/wp.kristdemokraterna.se\/koping\/wp-json\/wp\/v2\/users\/444"}],"replies":[{"embeddable":true,"href":"https:\/\/wp.kristdemokraterna.se\/koping\/wp-json\/wp\/v2\/comments?post=1702"}],"version-history":[{"count":27,"href":"https:\/\/wp.kristdemokraterna.se\/koping\/wp-json\/wp\/v2\/pages\/1702\/revisions"}],"predecessor-version":[{"id":2507,"href":"https:\/\/wp.kristdemokraterna.se\/koping\/wp-json\/wp\/v2\/pages\/1702\/revisions\/2507"}],"up":[{"embeddable":true,"href":"https:\/\/wp.kristdemokraterna.se\/koping\/wp-json\/wp\/v2\/pages\/8"}],"wp:attachment":[{"href":"https:\/\/wp.kristdemokraterna.se\/koping\/wp-json\/wp\/v2\/media?parent=1702"}],"curies":[{"name":"wp","href":"https:\/\/api.w.org\/{rel}","templated":true}]}}