{"id":1705,"date":"2024-01-18T01:13:45","date_gmt":"2024-01-18T00:13:45","guid":{"rendered":"https:\/\/wp.kristdemokraterna.se\/koping\/?page_id=1705"},"modified":"2025-12-03T08:56:08","modified_gmt":"2025-12-03T07:56:08","slug":"fullmaktigegruppen","status":"publish","type":"page","link":"https:\/\/wp.kristdemokraterna.se\/koping\/var-lokalavdelning\/fullmaktigegruppen\/","title":{"rendered":"Fullm\u00e4ktigegruppen KD K\u00f6ping"},"content":{"rendered":"<div id=\"attachment_1738\" style=\"width: 232px\" class=\"wp-caption alignleft\"><a href=\"https:\/\/wp.kristdemokraterna.se\/koping\/var-lokalavdelning\/fullmaktigegruppen\/0ed2f7f2-48a1-4223-b316-8545d77355c2\/\" rel=\"attachment wp-att-1738\"><img loading=\"lazy\" decoding=\"async\" aria-describedby=\"caption-attachment-1738\" class=\"size-medium wp-image-1738\" src=\"http:\/\/wp.kristdemokraterna.se\/koping\/files\/2024\/01\/0ed2f7f2-48a1-4223-b316-8545d77355c2-222x300.jpeg\" alt=\"\" width=\"222\" height=\"300\" srcset=\"https:\/\/wp.kristdemokraterna.se\/koping\/files\/2024\/01\/0ed2f7f2-48a1-4223-b316-8545d77355c2-222x300.jpeg 222w, https:\/\/wp.kristdemokraterna.se\/koping\/files\/2024\/01\/0ed2f7f2-48a1-4223-b316-8545d77355c2-148x200.jpeg 148w, https:\/\/wp.kristdemokraterna.se\/koping\/files\/2024\/01\/0ed2f7f2-48a1-4223-b316-8545d77355c2-280x378.jpeg 280w, https:\/\/wp.kristdemokraterna.se\/koping\/files\/2024\/01\/0ed2f7f2-48a1-4223-b316-8545d77355c2-41x56.jpeg 41w, https:\/\/wp.kristdemokraterna.se\/koping\/files\/2024\/01\/0ed2f7f2-48a1-4223-b316-8545d77355c2.jpeg 293w\" sizes=\"auto, (max-width: 222px) 100vw, 222px\" \/><\/a><p id=\"caption-attachment-1738\" class=\"wp-caption-text\"><strong>Astrid Lamprecht<\/strong><br \/>Ledamot, kommunalr\u00e5d<br \/>astrid.lamprecht@koping.se<\/p><\/div>\n<p>&nbsp;<\/p>\n<p>&nbsp;<\/p>\n<p>&nbsp;<\/p>\n<p>&nbsp;<\/p>\n<p>&nbsp;<\/p>\n<p>&nbsp;<\/p>\n<p>&nbsp;<\/p>\n<p>&nbsp;<\/p>\n<p>&nbsp;<\/p>\n<p>&nbsp;<\/p>\n<div id=\"attachment_1751\" style=\"width: 245px\" class=\"wp-caption alignleft\"><a href=\"https:\/\/wp.kristdemokraterna.se\/koping\/var-lokalavdelning\/fullmaktigegruppen\/skarmavbild-2024-01-18-kl-02-36-45\/\" rel=\"attachment wp-att-1751\"><img loading=\"lazy\" decoding=\"async\" aria-describedby=\"caption-attachment-1751\" class=\"size-medium wp-image-1751\" src=\"http:\/\/wp.kristdemokraterna.se\/koping\/files\/2024\/01\/skarmavbild-2024-01-18-kl.-02.36.45-235x300.png\" alt=\"\" width=\"235\" height=\"300\" srcset=\"https:\/\/wp.kristdemokraterna.se\/koping\/files\/2024\/01\/skarmavbild-2024-01-18-kl.-02.36.45-235x300.png 235w, https:\/\/wp.kristdemokraterna.se\/koping\/files\/2024\/01\/skarmavbild-2024-01-18-kl.-02.36.45-157x200.png 157w, https:\/\/wp.kristdemokraterna.se\/koping\/files\/2024\/01\/skarmavbild-2024-01-18-kl.-02.36.45-370x471.png 370w, https:\/\/wp.kristdemokraterna.se\/koping\/files\/2024\/01\/skarmavbild-2024-01-18-kl.-02.36.45-450x573.png 450w, https:\/\/wp.kristdemokraterna.se\/koping\/files\/2024\/01\/skarmavbild-2024-01-18-kl.-02.36.45-280x357.png 280w, https:\/\/wp.kristdemokraterna.se\/koping\/files\/2024\/01\/skarmavbild-2024-01-18-kl.-02.36.45-340x433.png 340w, https:\/\/wp.kristdemokraterna.se\/koping\/files\/2024\/01\/skarmavbild-2024-01-18-kl.-02.36.45-44x56.png 44w, https:\/\/wp.kristdemokraterna.se\/koping\/files\/2024\/01\/skarmavbild-2024-01-18-kl.-02.36.45.png 533w\" sizes=\"auto, (max-width: 235px) 100vw, 235px\" \/><\/a><p id=\"caption-attachment-1751\" class=\"wp-caption-text\"><strong>Lars-Axel Nordell<\/strong><br \/>Ledamot, Gruppledare<br \/>larsaxelnordell@gmail.com<\/p><\/div>\n<p>&nbsp;<\/p>\n<p>&nbsp;<\/p>\n<p>&nbsp;<\/p>\n<p>&nbsp;<\/p>\n<p>&nbsp;<\/p>\n<p>&nbsp;<\/p>\n<p>&nbsp;<\/p>\n<p>&nbsp;<\/p>\n<p>&nbsp;<\/p>\n<p>&nbsp;<\/p>\n<div id=\"attachment_1740\" style=\"width: 222px\" class=\"wp-caption alignleft\"><a href=\"https:\/\/wp.kristdemokraterna.se\/koping\/var-lokalavdelning\/fullmaktigegruppen\/afcc6c4c-2e19-4273-abab-d926dee69253-1-105-c\/\" rel=\"attachment wp-att-1740\"><img loading=\"lazy\" decoding=\"async\" aria-describedby=\"caption-attachment-1740\" class=\"size-medium wp-image-1740\" src=\"http:\/\/wp.kristdemokraterna.se\/koping\/files\/2024\/01\/afcc6c4c-2e19-4273-abab-d926dee69253_1_105_c-212x300.jpeg\" alt=\"\" width=\"212\" height=\"300\" srcset=\"https:\/\/wp.kristdemokraterna.se\/koping\/files\/2024\/01\/afcc6c4c-2e19-4273-abab-d926dee69253_1_105_c-212x300.jpeg 212w, https:\/\/wp.kristdemokraterna.se\/koping\/files\/2024\/01\/afcc6c4c-2e19-4273-abab-d926dee69253_1_105_c-722x1024.jpeg 722w, https:\/\/wp.kristdemokraterna.se\/koping\/files\/2024\/01\/afcc6c4c-2e19-4273-abab-d926dee69253_1_105_c-141x200.jpeg 141w, https:\/\/wp.kristdemokraterna.se\/koping\/files\/2024\/01\/afcc6c4c-2e19-4273-abab-d926dee69253_1_105_c-370x525.jpeg 370w, https:\/\/wp.kristdemokraterna.se\/koping\/files\/2024\/01\/afcc6c4c-2e19-4273-abab-d926dee69253_1_105_c-450x638.jpeg 450w, https:\/\/wp.kristdemokraterna.se\/koping\/files\/2024\/01\/afcc6c4c-2e19-4273-abab-d926dee69253_1_105_c-280x397.jpeg 280w, https:\/\/wp.kristdemokraterna.se\/koping\/files\/2024\/01\/afcc6c4c-2e19-4273-abab-d926dee69253_1_105_c-340x482.jpeg 340w, https:\/\/wp.kristdemokraterna.se\/koping\/files\/2024\/01\/afcc6c4c-2e19-4273-abab-d926dee69253_1_105_c-39x56.jpeg 39w, https:\/\/wp.kristdemokraterna.se\/koping\/files\/2024\/01\/afcc6c4c-2e19-4273-abab-d926dee69253_1_105_c.jpeg 744w\" sizes=\"auto, (max-width: 212px) 100vw, 212px\" \/><\/a><p id=\"caption-attachment-1740\" class=\"wp-caption-text\"><strong>Anna-Carin Ragnarsson<\/strong><br \/>Ledamot<br \/>rannacarin@gmail.com<\/p><\/div>\n<p>&nbsp;<\/p>\n<p>&nbsp;<\/p>\n<p>&nbsp;<\/p>\n<p>&nbsp;<\/p>\n<p>&nbsp;<\/p>\n<p>&nbsp;<\/p>\n<p>&nbsp;<\/p>\n<p>&nbsp;<\/p>\n<p>&nbsp;<\/p>\n<p>&nbsp;<\/p>\n<div id=\"attachment_1882\" style=\"width: 217px\" class=\"wp-caption alignleft\"><a href=\"https:\/\/wp.kristdemokraterna.se\/koping\/var-lokalavdelning\/fullmaktigegruppen\/skarmavbild-2024-01-18-kl-12-45-30\/\" rel=\"attachment wp-att-1882\"><img loading=\"lazy\" decoding=\"async\" aria-describedby=\"caption-attachment-1882\" class=\" wp-image-1882\" src=\"http:\/\/wp.kristdemokraterna.se\/koping\/files\/2024\/01\/skarmavbild-2024-01-18-kl.-12.45.30.png\" alt=\"\" width=\"207\" height=\"230\" \/><\/a><p id=\"caption-attachment-1882\" class=\"wp-caption-text\"><strong>Kenth Lucas<\/strong><br \/>Ledamot<br \/>kenth.lucas@outlook.com<\/p><\/div>\n<p>&nbsp;<\/p>\n<p>&nbsp;<\/p>\n<p>&nbsp;<\/p>\n<p>&nbsp;<\/p>\n<p>&nbsp;<\/p>\n<p>&nbsp;<\/p>\n<p>&nbsp;<\/p>\n<p>&nbsp;<\/p>\n<div id=\"attachment_1745\" style=\"width: 244px\" class=\"wp-caption alignleft\"><a href=\"https:\/\/wp.kristdemokraterna.se\/koping\/var-lokalavdelning\/fullmaktigegruppen\/skarmavbild-2024-01-18-kl-02-31-10\/\" rel=\"attachment wp-att-1745\"><img loading=\"lazy\" decoding=\"async\" aria-describedby=\"caption-attachment-1745\" class=\" wp-image-1745\" src=\"http:\/\/wp.kristdemokraterna.se\/koping\/files\/2024\/01\/skarmavbild-2024-01-18-kl.-02.31.10-256x300.png\" alt=\"\" width=\"234\" height=\"274\" srcset=\"https:\/\/wp.kristdemokraterna.se\/koping\/files\/2024\/01\/skarmavbild-2024-01-18-kl.-02.31.10-256x300.png 256w, https:\/\/wp.kristdemokraterna.se\/koping\/files\/2024\/01\/skarmavbild-2024-01-18-kl.-02.31.10-171x200.png 171w, https:\/\/wp.kristdemokraterna.se\/koping\/files\/2024\/01\/skarmavbild-2024-01-18-kl.-02.31.10-370x433.png 370w, https:\/\/wp.kristdemokraterna.se\/koping\/files\/2024\/01\/skarmavbild-2024-01-18-kl.-02.31.10-450x527.png 450w, https:\/\/wp.kristdemokraterna.se\/koping\/files\/2024\/01\/skarmavbild-2024-01-18-kl.-02.31.10-280x328.png 280w, https:\/\/wp.kristdemokraterna.se\/koping\/files\/2024\/01\/skarmavbild-2024-01-18-kl.-02.31.10-340x398.png 340w, https:\/\/wp.kristdemokraterna.se\/koping\/files\/2024\/01\/skarmavbild-2024-01-18-kl.-02.31.10-48x56.png 48w, https:\/\/wp.kristdemokraterna.se\/koping\/files\/2024\/01\/skarmavbild-2024-01-18-kl.-02.31.10.png 527w\" sizes=\"auto, (max-width: 234px) 100vw, 234px\" \/><\/a><p id=\"caption-attachment-1745\" class=\"wp-caption-text\"><strong>Staffan Egeberg<\/strong><br \/>Ers\u00e4ttare<br \/>staffanegeberg@gmail.com<\/p><\/div>\n","protected":false},"excerpt":{"rendered":"<p>&nbsp; &nbsp; &nbsp; &nbsp; &nbsp; &nbsp; &nbsp; &nbsp; &nbsp; &nbsp; &nbsp; &nbsp; &nbsp; &nbsp; &nbsp; &nbsp; &nbsp; &nbsp; &nbsp; &nbsp; &nbsp; &nbsp; &nbsp; &nbsp; &nbsp; &nbsp; &nbsp; &nbsp; &nbsp; &nbsp; &nbsp; &nbsp; &nbsp; &nbsp; &nbsp; &nbsp; &nbsp; &nbsp;<\/p>\n","protected":false},"author":444,"featured_media":0,"parent":8,"menu_order":1,"comment_status":"closed","ping_status":"closed","template":"page.php","meta":{"_acf_changed":false,"footnotes":""},"class_list":["post-1705","page","type-page","status-publish","hentry"],"acf":[],"yoast_head":"<!-- This site is optimized with the Yoast SEO plugin v27.3 - https:\/\/yoast.com\/product\/yoast-seo-wordpress\/ -->\n<title>Fullm\u00e4ktigegruppen KD K\u00f6ping - Kristdemokraterna | K\u00f6ping<\/title>\n<meta name=\"robots\" content=\"index, follow, max-snippet:-1, max-image-preview:large, max-video-preview:-1\" \/>\n<link rel=\"canonical\" href=\"https:\/\/wp.kristdemokraterna.se\/koping\/var-lokalavdelning\/fullmaktigegruppen\/\" \/>\n<meta property=\"og:locale\" content=\"sv_SE\" \/>\n<meta property=\"og:type\" content=\"article\" \/>\n<meta property=\"og:title\" content=\"Fullm\u00e4ktigegruppen KD K\u00f6ping - Kristdemokraterna | K\u00f6ping\" \/>\n<meta property=\"og:description\" content=\"&nbsp; &nbsp; &nbsp; &nbsp; &nbsp; &nbsp; &nbsp; &nbsp; &nbsp; &nbsp; &nbsp; &nbsp; &nbsp; &nbsp; &nbsp; &nbsp; &nbsp; &nbsp; &nbsp; &nbsp; &nbsp; &nbsp; &nbsp; &nbsp; &nbsp; &nbsp; &nbsp; &nbsp; &nbsp; &nbsp; &nbsp; &nbsp; &nbsp; &nbsp; &nbsp; &nbsp; &nbsp; &nbsp;\" \/>\n<meta property=\"og:url\" content=\"https:\/\/wp.kristdemokraterna.se\/koping\/var-lokalavdelning\/fullmaktigegruppen\/\" \/>\n<meta property=\"og:site_name\" content=\"Kristdemokraterna | K\u00f6ping\" \/>\n<meta property=\"article:modified_time\" content=\"2025-12-03T07:56:08+00:00\" \/>\n<meta property=\"og:image\" content=\"https:\/\/wp.kristdemokraterna.se\/koping\/files\/2024\/01\/0ed2f7f2-48a1-4223-b316-8545d77355c2.jpeg\" \/>\n\t<meta property=\"og:image:width\" content=\"293\" \/>\n\t<meta property=\"og:image:height\" content=\"396\" \/>\n\t<meta property=\"og:image:type\" content=\"image\/jpeg\" \/>\n<meta name=\"twitter:card\" content=\"summary_large_image\" \/>\n<meta name=\"twitter:label1\" content=\"Ber\u00e4knad l\u00e4stid\" \/>\n\t<meta name=\"twitter:data1\" content=\"2 minuter\" \/>\n<script type=\"application\/ld+json\" class=\"yoast-schema-graph\">{\"@context\":\"https:\\\/\\\/schema.org\",\"@graph\":[{\"@type\":\"WebPage\",\"@id\":\"https:\\\/\\\/wp.kristdemokraterna.se\\\/koping\\\/var-lokalavdelning\\\/fullmaktigegruppen\\\/\",\"url\":\"https:\\\/\\\/wp.kristdemokraterna.se\\\/koping\\\/var-lokalavdelning\\\/fullmaktigegruppen\\\/\",\"name\":\"Fullm\u00e4ktigegruppen KD K\u00f6ping - Kristdemokraterna | K\u00f6ping\",\"isPartOf\":{\"@id\":\"https:\\\/\\\/wp.kristdemokraterna.se\\\/koping\\\/#website\"},\"primaryImageOfPage\":{\"@id\":\"https:\\\/\\\/wp.kristdemokraterna.se\\\/koping\\\/var-lokalavdelning\\\/fullmaktigegruppen\\\/#primaryimage\"},\"image\":{\"@id\":\"https:\\\/\\\/wp.kristdemokraterna.se\\\/koping\\\/var-lokalavdelning\\\/fullmaktigegruppen\\\/#primaryimage\"},\"thumbnailUrl\":\"http:\\\/\\\/wp.kristdemokraterna.se\\\/koping\\\/files\\\/2024\\\/01\\\/0ed2f7f2-48a1-4223-b316-8545d77355c2-222x300.jpeg\",\"datePublished\":\"2024-01-18T00:13:45+00:00\",\"dateModified\":\"2025-12-03T07:56:08+00:00\",\"breadcrumb\":{\"@id\":\"https:\\\/\\\/wp.kristdemokraterna.se\\\/koping\\\/var-lokalavdelning\\\/fullmaktigegruppen\\\/#breadcrumb\"},\"inLanguage\":\"sv-SE\",\"potentialAction\":[{\"@type\":\"ReadAction\",\"target\":[\"https:\\\/\\\/wp.kristdemokraterna.se\\\/koping\\\/var-lokalavdelning\\\/fullmaktigegruppen\\\/\"]}]},{\"@type\":\"ImageObject\",\"inLanguage\":\"sv-SE\",\"@id\":\"https:\\\/\\\/wp.kristdemokraterna.se\\\/koping\\\/var-lokalavdelning\\\/fullmaktigegruppen\\\/#primaryimage\",\"url\":\"http:\\\/\\\/wp.kristdemokraterna.se\\\/koping\\\/files\\\/2024\\\/01\\\/0ed2f7f2-48a1-4223-b316-8545d77355c2-222x300.jpeg\",\"contentUrl\":\"http:\\\/\\\/wp.kristdemokraterna.se\\\/koping\\\/files\\\/2024\\\/01\\\/0ed2f7f2-48a1-4223-b316-8545d77355c2-222x300.jpeg\"},{\"@type\":\"BreadcrumbList\",\"@id\":\"https:\\\/\\\/wp.kristdemokraterna.se\\\/koping\\\/var-lokalavdelning\\\/fullmaktigegruppen\\\/#breadcrumb\",\"itemListElement\":[{\"@type\":\"ListItem\",\"position\":1,\"name\":\"Hem\",\"item\":\"https:\\\/\\\/wp.kristdemokraterna.se\\\/koping\\\/\"},{\"@type\":\"ListItem\",\"position\":2,\"name\":\"V\u00e5r partiavdelning\",\"item\":\"https:\\\/\\\/wp.kristdemokraterna.se\\\/koping\\\/var-lokalavdelning\\\/\"},{\"@type\":\"ListItem\",\"position\":3,\"name\":\"Fullm\u00e4ktigegruppen KD K\u00f6ping\"}]},{\"@type\":\"WebSite\",\"@id\":\"https:\\\/\\\/wp.kristdemokraterna.se\\\/koping\\\/#website\",\"url\":\"https:\\\/\\\/wp.kristdemokraterna.se\\\/koping\\\/\",\"name\":\"Kristdemokraterna | K\u00f6ping\",\"description\":\"K\u00f6ping beh\u00f6ver ett nytt styre - men inga bilar p\u00e5 Stora gatan\",\"inLanguage\":\"sv-SE\"}]}<\/script>\n<!-- \/ Yoast SEO plugin. -->","yoast_head_json":{"title":"Fullm\u00e4ktigegruppen KD K\u00f6ping - Kristdemokraterna | K\u00f6ping","robots":{"index":"index","follow":"follow","max-snippet":"max-snippet:-1","max-image-preview":"max-image-preview:large","max-video-preview":"max-video-preview:-1"},"canonical":"https:\/\/wp.kristdemokraterna.se\/koping\/var-lokalavdelning\/fullmaktigegruppen\/","og_locale":"sv_SE","og_type":"article","og_title":"Fullm\u00e4ktigegruppen KD K\u00f6ping - Kristdemokraterna | K\u00f6ping","og_description":"&nbsp; &nbsp; &nbsp; &nbsp; &nbsp; &nbsp; &nbsp; &nbsp; &nbsp; &nbsp; &nbsp; &nbsp; &nbsp; &nbsp; &nbsp; &nbsp; &nbsp; &nbsp; &nbsp; &nbsp; &nbsp; &nbsp; &nbsp; &nbsp; &nbsp; &nbsp; &nbsp; &nbsp; &nbsp; &nbsp; &nbsp; &nbsp; &nbsp; &nbsp; &nbsp; &nbsp; &nbsp; &nbsp;","og_url":"https:\/\/wp.kristdemokraterna.se\/koping\/var-lokalavdelning\/fullmaktigegruppen\/","og_site_name":"Kristdemokraterna | K\u00f6ping","article_modified_time":"2025-12-03T07:56:08+00:00","og_image":[{"width":293,"height":396,"url":"https:\/\/wp.kristdemokraterna.se\/koping\/files\/2024\/01\/0ed2f7f2-48a1-4223-b316-8545d77355c2.jpeg","type":"image\/jpeg"}],"twitter_card":"summary_large_image","twitter_misc":{"Ber\u00e4knad l\u00e4stid":"2 minuter"},"schema":{"@context":"https:\/\/schema.org","@graph":[{"@type":"WebPage","@id":"https:\/\/wp.kristdemokraterna.se\/koping\/var-lokalavdelning\/fullmaktigegruppen\/","url":"https:\/\/wp.kristdemokraterna.se\/koping\/var-lokalavdelning\/fullmaktigegruppen\/","name":"Fullm\u00e4ktigegruppen KD K\u00f6ping - Kristdemokraterna | K\u00f6ping","isPartOf":{"@id":"https:\/\/wp.kristdemokraterna.se\/koping\/#website"},"primaryImageOfPage":{"@id":"https:\/\/wp.kristdemokraterna.se\/koping\/var-lokalavdelning\/fullmaktigegruppen\/#primaryimage"},"image":{"@id":"https:\/\/wp.kristdemokraterna.se\/koping\/var-lokalavdelning\/fullmaktigegruppen\/#primaryimage"},"thumbnailUrl":"http:\/\/wp.kristdemokraterna.se\/koping\/files\/2024\/01\/0ed2f7f2-48a1-4223-b316-8545d77355c2-222x300.jpeg","datePublished":"2024-01-18T00:13:45+00:00","dateModified":"2025-12-03T07:56:08+00:00","breadcrumb":{"@id":"https:\/\/wp.kristdemokraterna.se\/koping\/var-lokalavdelning\/fullmaktigegruppen\/#breadcrumb"},"inLanguage":"sv-SE","potentialAction":[{"@type":"ReadAction","target":["https:\/\/wp.kristdemokraterna.se\/koping\/var-lokalavdelning\/fullmaktigegruppen\/"]}]},{"@type":"ImageObject","inLanguage":"sv-SE","@id":"https:\/\/wp.kristdemokraterna.se\/koping\/var-lokalavdelning\/fullmaktigegruppen\/#primaryimage","url":"http:\/\/wp.kristdemokraterna.se\/koping\/files\/2024\/01\/0ed2f7f2-48a1-4223-b316-8545d77355c2-222x300.jpeg","contentUrl":"http:\/\/wp.kristdemokraterna.se\/koping\/files\/2024\/01\/0ed2f7f2-48a1-4223-b316-8545d77355c2-222x300.jpeg"},{"@type":"BreadcrumbList","@id":"https:\/\/wp.kristdemokraterna.se\/koping\/var-lokalavdelning\/fullmaktigegruppen\/#breadcrumb","itemListElement":[{"@type":"ListItem","position":1,"name":"Hem","item":"https:\/\/wp.kristdemokraterna.se\/koping\/"},{"@type":"ListItem","position":2,"name":"V\u00e5r partiavdelning","item":"https:\/\/wp.kristdemokraterna.se\/koping\/var-lokalavdelning\/"},{"@type":"ListItem","position":3,"name":"Fullm\u00e4ktigegruppen KD K\u00f6ping"}]},{"@type":"WebSite","@id":"https:\/\/wp.kristdemokraterna.se\/koping\/#website","url":"https:\/\/wp.kristdemokraterna.se\/koping\/","name":"Kristdemokraterna | K\u00f6ping","description":"K\u00f6ping beh\u00f6ver ett nytt styre - men inga bilar p\u00e5 Stora gatan","inLanguage":"sv-SE"}]}},"_links":{"self":[{"href":"https:\/\/wp.kristdemokraterna.se\/koping\/wp-json\/wp\/v2\/pages\/1705","targetHints":{"allow":["GET"]}}],"collection":[{"href":"https:\/\/wp.kristdemokraterna.se\/koping\/wp-json\/wp\/v2\/pages"}],"about":[{"href":"https:\/\/wp.kristdemokraterna.se\/koping\/wp-json\/wp\/v2\/types\/page"}],"author":[{"embeddable":true,"href":"https:\/\/wp.kristdemokraterna.se\/koping\/wp-json\/wp\/v2\/users\/444"}],"replies":[{"embeddable":true,"href":"https:\/\/wp.kristdemokraterna.se\/koping\/wp-json\/wp\/v2\/comments?post=1705"}],"version-history":[{"count":39,"href":"https:\/\/wp.kristdemokraterna.se\/koping\/wp-json\/wp\/v2\/pages\/1705\/revisions"}],"predecessor-version":[{"id":2500,"href":"https:\/\/wp.kristdemokraterna.se\/koping\/wp-json\/wp\/v2\/pages\/1705\/revisions\/2500"}],"up":[{"embeddable":true,"href":"https:\/\/wp.kristdemokraterna.se\/koping\/wp-json\/wp\/v2\/pages\/8"}],"wp:attachment":[{"href":"https:\/\/wp.kristdemokraterna.se\/koping\/wp-json\/wp\/v2\/media?parent=1705"}],"curies":[{"name":"wp","href":"https:\/\/api.w.org\/{rel}","templated":true}]}}