{"id":1732,"date":"2024-01-18T02:00:20","date_gmt":"2024-01-18T01:00:20","guid":{"rendered":"https:\/\/wp.kristdemokraterna.se\/koping\/?page_id=1732"},"modified":"2024-01-29T11:50:40","modified_gmt":"2024-01-29T10:50:40","slug":"representanter-i-ks-och-namnderna","status":"publish","type":"page","link":"https:\/\/wp.kristdemokraterna.se\/koping\/var-lokalavdelning\/representanter-i-ks-och-namnderna\/","title":{"rendered":"KD i K\u00f6pings KS och i N\u00e4mnderna"},"content":{"rendered":"<p><strong>KOMMUNSTYRELSEN<\/strong><br \/>\nOrdinarie: Astrid Lamprecht, astrid.lamprecht@koping.se<br \/>\nErs\u00e4ttare; Lars-Axel Nordell, larsaxelnordell@gmail.com<\/p>\n<p><strong>V\u00c5RD- OCH OMSORGSN\u00c4MNDEN<\/strong><br \/>\nOrdinarie: Ulf B\u00f6rgesson, borgesson@outlook.com<br \/>\nErs\u00e4ttare; Anders Segerberg, anders@segerberg.me<\/p>\n<p><strong>SOCIAL &#8211; OCH ARBETSMARKNADSN\u00c4MNDEN<\/strong><br \/>\nVice ordf\u00f6rande: Per Norin, per.norin@koping.se<br \/>\nErs\u00e4ttare; Staffan Egeberg, staffanegeberg@gmail.com<\/p>\n<p><strong>UTBILDNINGSN\u00c5MNDEN<\/strong><br \/>\nOrdinarie: Anna-Carin Ragnarsson, rannacarin@gmail.com<\/p>\n<p><strong>KULTUR- OCH FRITIDSN\u00c4MNDEN<\/strong><br \/>\nVice ordf\u00f6rande: Kenth Lucas, kenth.lucas@outlook.com<br \/>\nErs\u00e4ttare; Ingrid Broman, ingrid.broman99@gmail.com<\/p>\n<p><strong>SAMH\u00c4LLSBYGGNADSN\u00c4MNDEN<br \/>\n<\/strong>Ordf\u00f6rande: Astrid Lamprecht, astrid.lamprecht@koping.se<br \/>\nErs\u00e4ttare; Lars-Axel Nordell, larsaxelnordell@gmail.com<\/p>\n<p>&nbsp;<\/p>\n<p><strong>\u00a0<\/strong><\/p>\n","protected":false},"excerpt":{"rendered":"<p>KOMMUNSTYRELSEN Ordinarie: Astrid Lamprecht, astrid.lamprecht@koping.se Ers\u00e4ttare; Lars-Axel Nordell, larsaxelnordell@gmail.com V\u00c5RD- OCH OMSORGSN\u00c4MNDEN Ordinarie: Ulf B\u00f6rgesson, borgesson@outlook.com Ers\u00e4ttare; Anders Segerberg, anders@segerberg.me SOCIAL &#8211; OCH ARBETSMARKNADSN\u00c4MNDEN Vice ordf\u00f6rande: Per Norin, per.norin@koping.se Ers\u00e4ttare; Staffan Egeberg, staffanegeberg@gmail.com UTBILDNINGSN\u00c5MNDEN Ordinarie: Anna-Carin Ragnarsson, rannacarin@gmail.com KULTUR- OCH FRITIDSN\u00c4MNDEN Vice ordf\u00f6rande: Kenth Lucas, kenth.lucas@outlook.com Ers\u00e4ttare; Ingrid Broman, ingrid.broman99@gmail.com SAMH\u00c4LLSBYGGNADSN\u00c4MNDEN Ordf\u00f6rande: Astrid Lamprecht, astrid.lamprecht@koping.se <a class=\"read-more-link\" href=\"https:\/\/wp.kristdemokraterna.se\/koping\/var-lokalavdelning\/representanter-i-ks-och-namnderna\/\">Read More<\/a><\/p>\n","protected":false},"author":444,"featured_media":0,"parent":8,"menu_order":2,"comment_status":"closed","ping_status":"closed","template":"page.php","meta":{"_acf_changed":false,"footnotes":""},"class_list":["post-1732","page","type-page","status-publish","hentry"],"acf":[],"yoast_head":"<!-- This site is optimized with the Yoast SEO plugin v27.4 - https:\/\/yoast.com\/product\/yoast-seo-wordpress\/ -->\n<title>KD i K\u00f6pings KS och i N\u00e4mnderna - Kristdemokraterna | K\u00f6ping<\/title>\n<meta name=\"robots\" content=\"index, follow, max-snippet:-1, max-image-preview:large, max-video-preview:-1\" \/>\n<link rel=\"canonical\" href=\"https:\/\/wp.kristdemokraterna.se\/koping\/var-lokalavdelning\/representanter-i-ks-och-namnderna\/\" \/>\n<meta property=\"og:locale\" content=\"sv_SE\" \/>\n<meta property=\"og:type\" content=\"article\" \/>\n<meta property=\"og:title\" content=\"KD i K\u00f6pings KS och i N\u00e4mnderna - Kristdemokraterna | K\u00f6ping\" \/>\n<meta property=\"og:description\" content=\"KOMMUNSTYRELSEN Ordinarie: Astrid Lamprecht, astrid.lamprecht@koping.se Ers\u00e4ttare; Lars-Axel Nordell, larsaxelnordell@gmail.com V\u00c5RD- OCH OMSORGSN\u00c4MNDEN Ordinarie: Ulf B\u00f6rgesson, borgesson@outlook.com Ers\u00e4ttare; Anders Segerberg, anders@segerberg.me SOCIAL &#8211; OCH ARBETSMARKNADSN\u00c4MNDEN Vice ordf\u00f6rande: Per Norin, per.norin@koping.se Ers\u00e4ttare; Staffan Egeberg, staffanegeberg@gmail.com UTBILDNINGSN\u00c5MNDEN Ordinarie: Anna-Carin Ragnarsson, rannacarin@gmail.com KULTUR- OCH FRITIDSN\u00c4MNDEN Vice ordf\u00f6rande: Kenth Lucas, kenth.lucas@outlook.com Ers\u00e4ttare; Ingrid Broman, ingrid.broman99@gmail.com SAMH\u00c4LLSBYGGNADSN\u00c4MNDEN Ordf\u00f6rande: Astrid Lamprecht, astrid.lamprecht@koping.se Read More\" \/>\n<meta property=\"og:url\" content=\"https:\/\/wp.kristdemokraterna.se\/koping\/var-lokalavdelning\/representanter-i-ks-och-namnderna\/\" \/>\n<meta property=\"og:site_name\" content=\"Kristdemokraterna | K\u00f6ping\" \/>\n<meta property=\"article:modified_time\" content=\"2024-01-29T10:50:40+00:00\" \/>\n<meta name=\"twitter:card\" content=\"summary_large_image\" \/>\n<meta name=\"twitter:label1\" content=\"Ber\u00e4knad l\u00e4stid\" \/>\n\t<meta name=\"twitter:data1\" content=\"1 minut\" \/>\n<script type=\"application\/ld+json\" class=\"yoast-schema-graph\">{\"@context\":\"https:\\\/\\\/schema.org\",\"@graph\":[{\"@type\":\"WebPage\",\"@id\":\"https:\\\/\\\/wp.kristdemokraterna.se\\\/koping\\\/var-lokalavdelning\\\/representanter-i-ks-och-namnderna\\\/\",\"url\":\"https:\\\/\\\/wp.kristdemokraterna.se\\\/koping\\\/var-lokalavdelning\\\/representanter-i-ks-och-namnderna\\\/\",\"name\":\"KD i K\u00f6pings KS och i N\u00e4mnderna - Kristdemokraterna | K\u00f6ping\",\"isPartOf\":{\"@id\":\"https:\\\/\\\/wp.kristdemokraterna.se\\\/koping\\\/#website\"},\"datePublished\":\"2024-01-18T01:00:20+00:00\",\"dateModified\":\"2024-01-29T10:50:40+00:00\",\"breadcrumb\":{\"@id\":\"https:\\\/\\\/wp.kristdemokraterna.se\\\/koping\\\/var-lokalavdelning\\\/representanter-i-ks-och-namnderna\\\/#breadcrumb\"},\"inLanguage\":\"sv-SE\",\"potentialAction\":[{\"@type\":\"ReadAction\",\"target\":[\"https:\\\/\\\/wp.kristdemokraterna.se\\\/koping\\\/var-lokalavdelning\\\/representanter-i-ks-och-namnderna\\\/\"]}]},{\"@type\":\"BreadcrumbList\",\"@id\":\"https:\\\/\\\/wp.kristdemokraterna.se\\\/koping\\\/var-lokalavdelning\\\/representanter-i-ks-och-namnderna\\\/#breadcrumb\",\"itemListElement\":[{\"@type\":\"ListItem\",\"position\":1,\"name\":\"Hem\",\"item\":\"https:\\\/\\\/wp.kristdemokraterna.se\\\/koping\\\/\"},{\"@type\":\"ListItem\",\"position\":2,\"name\":\"V\u00e5r partiavdelning\",\"item\":\"https:\\\/\\\/wp.kristdemokraterna.se\\\/koping\\\/var-lokalavdelning\\\/\"},{\"@type\":\"ListItem\",\"position\":3,\"name\":\"KD i K\u00f6pings KS och i N\u00e4mnderna\"}]},{\"@type\":\"WebSite\",\"@id\":\"https:\\\/\\\/wp.kristdemokraterna.se\\\/koping\\\/#website\",\"url\":\"https:\\\/\\\/wp.kristdemokraterna.se\\\/koping\\\/\",\"name\":\"Kristdemokraterna | K\u00f6ping\",\"description\":\"K\u00f6ping beh\u00f6ver ett nytt styre - men inga bilar p\u00e5 Stora gatan\",\"inLanguage\":\"sv-SE\"}]}<\/script>\n<!-- \/ Yoast SEO plugin. -->","yoast_head_json":{"title":"KD i K\u00f6pings KS och i N\u00e4mnderna - Kristdemokraterna | K\u00f6ping","robots":{"index":"index","follow":"follow","max-snippet":"max-snippet:-1","max-image-preview":"max-image-preview:large","max-video-preview":"max-video-preview:-1"},"canonical":"https:\/\/wp.kristdemokraterna.se\/koping\/var-lokalavdelning\/representanter-i-ks-och-namnderna\/","og_locale":"sv_SE","og_type":"article","og_title":"KD i K\u00f6pings KS och i N\u00e4mnderna - Kristdemokraterna | K\u00f6ping","og_description":"KOMMUNSTYRELSEN Ordinarie: Astrid Lamprecht, astrid.lamprecht@koping.se Ers\u00e4ttare; Lars-Axel Nordell, larsaxelnordell@gmail.com V\u00c5RD- OCH OMSORGSN\u00c4MNDEN Ordinarie: Ulf B\u00f6rgesson, borgesson@outlook.com Ers\u00e4ttare; Anders Segerberg, anders@segerberg.me SOCIAL &#8211; OCH ARBETSMARKNADSN\u00c4MNDEN Vice ordf\u00f6rande: Per Norin, per.norin@koping.se Ers\u00e4ttare; Staffan Egeberg, staffanegeberg@gmail.com UTBILDNINGSN\u00c5MNDEN Ordinarie: Anna-Carin Ragnarsson, rannacarin@gmail.com KULTUR- OCH FRITIDSN\u00c4MNDEN Vice ordf\u00f6rande: Kenth Lucas, kenth.lucas@outlook.com Ers\u00e4ttare; Ingrid Broman, ingrid.broman99@gmail.com SAMH\u00c4LLSBYGGNADSN\u00c4MNDEN Ordf\u00f6rande: Astrid Lamprecht, astrid.lamprecht@koping.se Read More","og_url":"https:\/\/wp.kristdemokraterna.se\/koping\/var-lokalavdelning\/representanter-i-ks-och-namnderna\/","og_site_name":"Kristdemokraterna | K\u00f6ping","article_modified_time":"2024-01-29T10:50:40+00:00","twitter_card":"summary_large_image","twitter_misc":{"Ber\u00e4knad l\u00e4stid":"1 minut"},"schema":{"@context":"https:\/\/schema.org","@graph":[{"@type":"WebPage","@id":"https:\/\/wp.kristdemokraterna.se\/koping\/var-lokalavdelning\/representanter-i-ks-och-namnderna\/","url":"https:\/\/wp.kristdemokraterna.se\/koping\/var-lokalavdelning\/representanter-i-ks-och-namnderna\/","name":"KD i K\u00f6pings KS och i N\u00e4mnderna - Kristdemokraterna | K\u00f6ping","isPartOf":{"@id":"https:\/\/wp.kristdemokraterna.se\/koping\/#website"},"datePublished":"2024-01-18T01:00:20+00:00","dateModified":"2024-01-29T10:50:40+00:00","breadcrumb":{"@id":"https:\/\/wp.kristdemokraterna.se\/koping\/var-lokalavdelning\/representanter-i-ks-och-namnderna\/#breadcrumb"},"inLanguage":"sv-SE","potentialAction":[{"@type":"ReadAction","target":["https:\/\/wp.kristdemokraterna.se\/koping\/var-lokalavdelning\/representanter-i-ks-och-namnderna\/"]}]},{"@type":"BreadcrumbList","@id":"https:\/\/wp.kristdemokraterna.se\/koping\/var-lokalavdelning\/representanter-i-ks-och-namnderna\/#breadcrumb","itemListElement":[{"@type":"ListItem","position":1,"name":"Hem","item":"https:\/\/wp.kristdemokraterna.se\/koping\/"},{"@type":"ListItem","position":2,"name":"V\u00e5r partiavdelning","item":"https:\/\/wp.kristdemokraterna.se\/koping\/var-lokalavdelning\/"},{"@type":"ListItem","position":3,"name":"KD i K\u00f6pings KS och i N\u00e4mnderna"}]},{"@type":"WebSite","@id":"https:\/\/wp.kristdemokraterna.se\/koping\/#website","url":"https:\/\/wp.kristdemokraterna.se\/koping\/","name":"Kristdemokraterna | K\u00f6ping","description":"K\u00f6ping beh\u00f6ver ett nytt styre - men inga bilar p\u00e5 Stora gatan","inLanguage":"sv-SE"}]}},"_links":{"self":[{"href":"https:\/\/wp.kristdemokraterna.se\/koping\/wp-json\/wp\/v2\/pages\/1732","targetHints":{"allow":["GET"]}}],"collection":[{"href":"https:\/\/wp.kristdemokraterna.se\/koping\/wp-json\/wp\/v2\/pages"}],"about":[{"href":"https:\/\/wp.kristdemokraterna.se\/koping\/wp-json\/wp\/v2\/types\/page"}],"author":[{"embeddable":true,"href":"https:\/\/wp.kristdemokraterna.se\/koping\/wp-json\/wp\/v2\/users\/444"}],"replies":[{"embeddable":true,"href":"https:\/\/wp.kristdemokraterna.se\/koping\/wp-json\/wp\/v2\/comments?post=1732"}],"version-history":[{"count":13,"href":"https:\/\/wp.kristdemokraterna.se\/koping\/wp-json\/wp\/v2\/pages\/1732\/revisions"}],"predecessor-version":[{"id":2203,"href":"https:\/\/wp.kristdemokraterna.se\/koping\/wp-json\/wp\/v2\/pages\/1732\/revisions\/2203"}],"up":[{"embeddable":true,"href":"https:\/\/wp.kristdemokraterna.se\/koping\/wp-json\/wp\/v2\/pages\/8"}],"wp:attachment":[{"href":"https:\/\/wp.kristdemokraterna.se\/koping\/wp-json\/wp\/v2\/media?parent=1732"}],"curies":[{"name":"wp","href":"https:\/\/api.w.org\/{rel}","templated":true}]}}