{"id":1805,"date":"2024-01-18T10:54:39","date_gmt":"2024-01-18T09:54:39","guid":{"rendered":"https:\/\/wp.kristdemokraterna.se\/koping\/?page_id=1805"},"modified":"2024-01-19T12:02:25","modified_gmt":"2024-01-19T11:02:25","slug":"vara-grundlaggande-varderingar","status":"publish","type":"page","link":"https:\/\/wp.kristdemokraterna.se\/koping\/swisha-var-valfond\/vara-grundlaggande-varderingar\/","title":{"rendered":"V\u00e5ra grundl\u00e4ggande v\u00e4rderingar"},"content":{"rendered":"<p><strong><em>Kristdemokraterna \u00e4r en del av den stora internationella kristdemokratin, Europas st\u00f6rsta demokratiska politiska r\u00f6relse. Kristdemokrati st\u00e5r f\u00f6r demokrati byggd p\u00e5 kristen m\u00e4nniskosyn och v\u00e4rdegrund. Vi s\u00e4tter m\u00e4nniskov\u00e4rdet och familjen h\u00f6gt, och motarbetar alla former av totalitarism. Alla som delar v\u00e5ra id\u00e9er \u00e4r v\u00e4lkomna i partiet.<\/em><\/strong><\/p>\n<p><strong>M\u00c4NNISKOV\u00c4RDET<\/strong><strong><br \/>\n<\/strong>M\u00e4nniskans v\u00e4rde\u00a0\u00e4r okr\u00e4nkbart, unikt och lika f\u00f6r alla oberoende av personliga egenskaper och funktioner i samh\u00e4llet som \u00e5lder, k\u00f6n, h\u00e4rkomst, social- eller ekonomisk<br \/>\nstatus.<\/p>\n<p><strong>F\u00d6RVALTARSKAP <\/strong><em><br \/>\n<\/em>Vi ska aktivt f\u00f6rvalta, inte f\u00f6rbruka eller f\u00f6rst\u00f6ra v\u00e5r natur och milj\u00f6. Vi ska \u00e4ven v\u00e5rda och ta till vara m\u00e4nskliga, sociala och ekonomiska resurser.<\/p>\n<p><strong>SUBSIDIARITET <\/strong><em><br \/>\n<\/em>Vi betonar de sm\u00e5 gemenskapernas suver\u00e4nitet. Vi bygger samh\u00e4llet med beslut nerifr\u00e5n och upp. Den h\u00f6gre niv\u00e5n ska st\u00f6dja den l\u00e4gre i dess str\u00e4van\u00a0att hantera sina angel\u00e4genheter p\u00e5 b\u00e4sta m\u00f6jliga s\u00e4tt.<\/p>\n<p><strong>OFULLKOMLIGHET<\/strong><strong><br \/>\n<\/strong>M\u00e4nniskan \u00e4r f\u00f6rnuftig men ingen \u00e4r perfekt. Alla kan g\u00f6ra fel och vi \u00e4r ansvariga f\u00f6r v\u00e5ra handlingar. Vi \u00e4r inte fullkomliga eller kompletta men tillsammans med andra kompletterar vi varandra.<\/p>\n<p><strong>PERSONALISM<\/strong><strong><br \/>\n<\/strong>Personalism \u00e4r Kristdemokraternas v\u00e4gval mellan individualism och kollektivism. Vi s\u00e4ger nej till egoistisk individualism. Vi vill inte att m\u00e4nniskor ska vara ett anonymt kugghjul i ett kollektivt maskineri. Vi s\u00e4ger ja till ett samh\u00e4lle d\u00e4r m\u00e4nniskor f\u00e5r utveckla sin personlighet i samspel med andra.<\/p>\n","protected":false},"excerpt":{"rendered":"<p>Kristdemokraterna \u00e4r en del av den stora internationella kristdemokratin, Europas st\u00f6rsta demokratiska politiska r\u00f6relse. Kristdemokrati st\u00e5r f\u00f6r demokrati byggd p\u00e5 kristen m\u00e4nniskosyn och v\u00e4rdegrund. Vi s\u00e4tter m\u00e4nniskov\u00e4rdet och familjen h\u00f6gt, och motarbetar alla former av totalitarism. Alla som delar v\u00e5ra id\u00e9er \u00e4r v\u00e4lkomna i partiet. M\u00c4NNISKOV\u00c4RDET M\u00e4nniskans v\u00e4rde\u00a0\u00e4r okr\u00e4nkbart, unikt och lika f\u00f6r alla oberoende <a class=\"read-more-link\" href=\"https:\/\/wp.kristdemokraterna.se\/koping\/swisha-var-valfond\/vara-grundlaggande-varderingar\/\">Read More<\/a><\/p>\n","protected":false},"author":444,"featured_media":0,"parent":391,"menu_order":0,"comment_status":"closed","ping_status":"closed","template":"page.php","meta":{"_acf_changed":false,"footnotes":""},"class_list":["post-1805","page","type-page","status-publish","hentry"],"acf":[],"yoast_head":"<!-- This site is optimized with the Yoast SEO plugin v27.4 - https:\/\/yoast.com\/product\/yoast-seo-wordpress\/ -->\n<title>V\u00e5ra grundl\u00e4ggande v\u00e4rderingar - Kristdemokraterna | K\u00f6ping<\/title>\n<meta name=\"robots\" content=\"index, follow, max-snippet:-1, max-image-preview:large, max-video-preview:-1\" \/>\n<link rel=\"canonical\" href=\"https:\/\/wp.kristdemokraterna.se\/koping\/swisha-var-valfond\/vara-grundlaggande-varderingar\/\" \/>\n<meta property=\"og:locale\" content=\"sv_SE\" \/>\n<meta property=\"og:type\" content=\"article\" \/>\n<meta property=\"og:title\" content=\"V\u00e5ra grundl\u00e4ggande v\u00e4rderingar - Kristdemokraterna | K\u00f6ping\" \/>\n<meta property=\"og:description\" content=\"Kristdemokraterna \u00e4r en del av den stora internationella kristdemokratin, Europas st\u00f6rsta demokratiska politiska r\u00f6relse. Kristdemokrati st\u00e5r f\u00f6r demokrati byggd p\u00e5 kristen m\u00e4nniskosyn och v\u00e4rdegrund. Vi s\u00e4tter m\u00e4nniskov\u00e4rdet och familjen h\u00f6gt, och motarbetar alla former av totalitarism. Alla som delar v\u00e5ra id\u00e9er \u00e4r v\u00e4lkomna i partiet. M\u00c4NNISKOV\u00c4RDET M\u00e4nniskans v\u00e4rde\u00a0\u00e4r okr\u00e4nkbart, unikt och lika f\u00f6r alla oberoende Read More\" \/>\n<meta property=\"og:url\" content=\"https:\/\/wp.kristdemokraterna.se\/koping\/swisha-var-valfond\/vara-grundlaggande-varderingar\/\" \/>\n<meta property=\"og:site_name\" content=\"Kristdemokraterna | K\u00f6ping\" \/>\n<meta property=\"article:modified_time\" content=\"2024-01-19T11:02:25+00:00\" \/>\n<meta name=\"twitter:card\" content=\"summary_large_image\" \/>\n<meta name=\"twitter:label1\" content=\"Ber\u00e4knad l\u00e4stid\" \/>\n\t<meta name=\"twitter:data1\" content=\"2 minuter\" \/>\n<script type=\"application\/ld+json\" class=\"yoast-schema-graph\">{\"@context\":\"https:\\\/\\\/schema.org\",\"@graph\":[{\"@type\":\"WebPage\",\"@id\":\"https:\\\/\\\/wp.kristdemokraterna.se\\\/koping\\\/swisha-var-valfond\\\/vara-grundlaggande-varderingar\\\/\",\"url\":\"https:\\\/\\\/wp.kristdemokraterna.se\\\/koping\\\/swisha-var-valfond\\\/vara-grundlaggande-varderingar\\\/\",\"name\":\"V\u00e5ra grundl\u00e4ggande v\u00e4rderingar - Kristdemokraterna | K\u00f6ping\",\"isPartOf\":{\"@id\":\"https:\\\/\\\/wp.kristdemokraterna.se\\\/koping\\\/#website\"},\"datePublished\":\"2024-01-18T09:54:39+00:00\",\"dateModified\":\"2024-01-19T11:02:25+00:00\",\"breadcrumb\":{\"@id\":\"https:\\\/\\\/wp.kristdemokraterna.se\\\/koping\\\/swisha-var-valfond\\\/vara-grundlaggande-varderingar\\\/#breadcrumb\"},\"inLanguage\":\"sv-SE\",\"potentialAction\":[{\"@type\":\"ReadAction\",\"target\":[\"https:\\\/\\\/wp.kristdemokraterna.se\\\/koping\\\/swisha-var-valfond\\\/vara-grundlaggande-varderingar\\\/\"]}]},{\"@type\":\"BreadcrumbList\",\"@id\":\"https:\\\/\\\/wp.kristdemokraterna.se\\\/koping\\\/swisha-var-valfond\\\/vara-grundlaggande-varderingar\\\/#breadcrumb\",\"itemListElement\":[{\"@type\":\"ListItem\",\"position\":1,\"name\":\"Hem\",\"item\":\"https:\\\/\\\/wp.kristdemokraterna.se\\\/koping\\\/\"},{\"@type\":\"ListItem\",\"position\":2,\"name\":\"V\u00e5r kommunpolitik\",\"item\":\"https:\\\/\\\/wp.kristdemokraterna.se\\\/koping\\\/swisha-var-valfond\\\/\"},{\"@type\":\"ListItem\",\"position\":3,\"name\":\"V\u00e5ra grundl\u00e4ggande v\u00e4rderingar\"}]},{\"@type\":\"WebSite\",\"@id\":\"https:\\\/\\\/wp.kristdemokraterna.se\\\/koping\\\/#website\",\"url\":\"https:\\\/\\\/wp.kristdemokraterna.se\\\/koping\\\/\",\"name\":\"Kristdemokraterna | K\u00f6ping\",\"description\":\"K\u00f6ping beh\u00f6ver ett nytt styre - men inga bilar p\u00e5 Stora gatan\",\"inLanguage\":\"sv-SE\"}]}<\/script>\n<!-- \/ Yoast SEO plugin. -->","yoast_head_json":{"title":"V\u00e5ra grundl\u00e4ggande v\u00e4rderingar - Kristdemokraterna | K\u00f6ping","robots":{"index":"index","follow":"follow","max-snippet":"max-snippet:-1","max-image-preview":"max-image-preview:large","max-video-preview":"max-video-preview:-1"},"canonical":"https:\/\/wp.kristdemokraterna.se\/koping\/swisha-var-valfond\/vara-grundlaggande-varderingar\/","og_locale":"sv_SE","og_type":"article","og_title":"V\u00e5ra grundl\u00e4ggande v\u00e4rderingar - Kristdemokraterna | K\u00f6ping","og_description":"Kristdemokraterna \u00e4r en del av den stora internationella kristdemokratin, Europas st\u00f6rsta demokratiska politiska r\u00f6relse. Kristdemokrati st\u00e5r f\u00f6r demokrati byggd p\u00e5 kristen m\u00e4nniskosyn och v\u00e4rdegrund. Vi s\u00e4tter m\u00e4nniskov\u00e4rdet och familjen h\u00f6gt, och motarbetar alla former av totalitarism. Alla som delar v\u00e5ra id\u00e9er \u00e4r v\u00e4lkomna i partiet. M\u00c4NNISKOV\u00c4RDET M\u00e4nniskans v\u00e4rde\u00a0\u00e4r okr\u00e4nkbart, unikt och lika f\u00f6r alla oberoende Read More","og_url":"https:\/\/wp.kristdemokraterna.se\/koping\/swisha-var-valfond\/vara-grundlaggande-varderingar\/","og_site_name":"Kristdemokraterna | K\u00f6ping","article_modified_time":"2024-01-19T11:02:25+00:00","twitter_card":"summary_large_image","twitter_misc":{"Ber\u00e4knad l\u00e4stid":"2 minuter"},"schema":{"@context":"https:\/\/schema.org","@graph":[{"@type":"WebPage","@id":"https:\/\/wp.kristdemokraterna.se\/koping\/swisha-var-valfond\/vara-grundlaggande-varderingar\/","url":"https:\/\/wp.kristdemokraterna.se\/koping\/swisha-var-valfond\/vara-grundlaggande-varderingar\/","name":"V\u00e5ra grundl\u00e4ggande v\u00e4rderingar - Kristdemokraterna | K\u00f6ping","isPartOf":{"@id":"https:\/\/wp.kristdemokraterna.se\/koping\/#website"},"datePublished":"2024-01-18T09:54:39+00:00","dateModified":"2024-01-19T11:02:25+00:00","breadcrumb":{"@id":"https:\/\/wp.kristdemokraterna.se\/koping\/swisha-var-valfond\/vara-grundlaggande-varderingar\/#breadcrumb"},"inLanguage":"sv-SE","potentialAction":[{"@type":"ReadAction","target":["https:\/\/wp.kristdemokraterna.se\/koping\/swisha-var-valfond\/vara-grundlaggande-varderingar\/"]}]},{"@type":"BreadcrumbList","@id":"https:\/\/wp.kristdemokraterna.se\/koping\/swisha-var-valfond\/vara-grundlaggande-varderingar\/#breadcrumb","itemListElement":[{"@type":"ListItem","position":1,"name":"Hem","item":"https:\/\/wp.kristdemokraterna.se\/koping\/"},{"@type":"ListItem","position":2,"name":"V\u00e5r kommunpolitik","item":"https:\/\/wp.kristdemokraterna.se\/koping\/swisha-var-valfond\/"},{"@type":"ListItem","position":3,"name":"V\u00e5ra grundl\u00e4ggande v\u00e4rderingar"}]},{"@type":"WebSite","@id":"https:\/\/wp.kristdemokraterna.se\/koping\/#website","url":"https:\/\/wp.kristdemokraterna.se\/koping\/","name":"Kristdemokraterna | K\u00f6ping","description":"K\u00f6ping beh\u00f6ver ett nytt styre - men inga bilar p\u00e5 Stora gatan","inLanguage":"sv-SE"}]}},"_links":{"self":[{"href":"https:\/\/wp.kristdemokraterna.se\/koping\/wp-json\/wp\/v2\/pages\/1805","targetHints":{"allow":["GET"]}}],"collection":[{"href":"https:\/\/wp.kristdemokraterna.se\/koping\/wp-json\/wp\/v2\/pages"}],"about":[{"href":"https:\/\/wp.kristdemokraterna.se\/koping\/wp-json\/wp\/v2\/types\/page"}],"author":[{"embeddable":true,"href":"https:\/\/wp.kristdemokraterna.se\/koping\/wp-json\/wp\/v2\/users\/444"}],"replies":[{"embeddable":true,"href":"https:\/\/wp.kristdemokraterna.se\/koping\/wp-json\/wp\/v2\/comments?post=1805"}],"version-history":[{"count":2,"href":"https:\/\/wp.kristdemokraterna.se\/koping\/wp-json\/wp\/v2\/pages\/1805\/revisions"}],"predecessor-version":[{"id":1983,"href":"https:\/\/wp.kristdemokraterna.se\/koping\/wp-json\/wp\/v2\/pages\/1805\/revisions\/1983"}],"up":[{"embeddable":true,"href":"https:\/\/wp.kristdemokraterna.se\/koping\/wp-json\/wp\/v2\/pages\/391"}],"wp:attachment":[{"href":"https:\/\/wp.kristdemokraterna.se\/koping\/wp-json\/wp\/v2\/media?parent=1805"}],"curies":[{"name":"wp","href":"https:\/\/api.w.org\/{rel}","templated":true}]}}