{"id":1808,"date":"2024-01-18T10:56:47","date_gmt":"2024-01-18T09:56:47","guid":{"rendered":"https:\/\/wp.kristdemokraterna.se\/koping\/?page_id=1808"},"modified":"2024-01-19T12:00:58","modified_gmt":"2024-01-19T11:00:58","slug":"vara-forslag-2022-2025","status":"publish","type":"page","link":"https:\/\/wp.kristdemokraterna.se\/koping\/swisha-var-valfond\/vara-forslag-2022-2025\/","title":{"rendered":"S\u00e5 bygger vi ett attraktivt K\u00f6ping"},"content":{"rendered":"<p><strong><em>Ett samha\u0308lle byggt p\u00e5 en kristdemokratisk va\u0308rdegrund inneba\u0308r att planera fo\u0308r trygga och goda miljo\u0308er da\u0308r inva\u030anarna sja\u0308lva tar aktiv del i beslutsprocessen och ka\u0308nner sig delaktiga i skapandet av sina na\u0308rmiljo\u0308er. <\/em><\/strong><\/p>\n<ul>\n<li>K\u00f6ping ska v\u00e4xa med m\u00e5let att n\u00e5 35.000 inv\u00e5nare. D\u00e5 f\u00e5r f\u00f6retagen fler kunder och kommunen ett v\u00e4xande skatteunderlag.<\/li>\n<li>Kommunen ska vara en serviceorganisation med myndighetsansvar.<\/li>\n<li>K\u00f6ping ska g\u00e5 fr\u00e5n bottenniv\u00e5 i f\u00f6retagsklimat till topp 100 inom fem \u00e5r.<\/li>\n<li>K\u00f6ping ska efterstra\u0308va blandad bebyggelse d\u00e4r allt fler ska kunna v\u00e4lja sm\u00e5hus.<\/li>\n<li>Stadsdelar ska blanda bosta\u0308der, arbetsplatser och kommersiella aktiviteter.<\/li>\n<li>Kommunen ska kunna erbjuda detaljplanerade tomter till f\u00f6retag och bost\u00e4der.<\/li>\n<li>Strandn\u00e4ra boende och andra attraktiva omr\u00e5den ska erbjudas.<\/li>\n<li>Ett attraktivt centrum med liv och r\u00f6relse d\u00e4r tomma aff\u00e4rslokaler omvandlas till arbetsplatser och bost\u00e4der.<\/li>\n<li>I K\u00f6pings skolor ska ingen l\u00e4mnas efter och ingen h\u00e5llas tillbaka. Alla elever ska ha gymnasiekompetens n\u00e4r de l\u00e4mnar grundskolan.<\/li>\n<li>\u00c4ldreomsorgen ska pr\u00e4glas av trygghet, v\u00e4rdighet och delaktighet.<\/li>\n<li>Va\u0308lfa\u0308rdstja\u0308nster ska levereras av olika utfo\u0308rare, bland annat genom Lagen om valfrihetssystem (LOV) och Lagen om offentlig upphandling (LOU).<\/li>\n<li>Biblioteket flyttas till centrum som blir en viktig kulturm\u00f6tesplats i hj\u00e4rtat av K\u00f6ping.<\/li>\n<li>Trygghetskameror, patrullerande poliser, ett lokalt poliskontor i centrum.<\/li>\n<li>Smultronst\u00e4llen som Str\u00f6boh\u00f6g, Mariakajen och Sm\u00e5b\u00e5tshamnen ska utvecklas till attraktiva omr\u00e5den f\u00f6r k\u00f6pingsbor och turister.<\/li>\n<li>St\u00e4llplatserna f\u00f6r husbilar f\u00f6rses med el och m\u00f6jligheter till latrint\u00f6mning,<\/li>\n<li>Nej till tv\u00e5ngsanslutning till kommunalt VA.<\/li>\n<li>Belyst cykelv\u00e4g till Malm\u00f6n, bygg f\u00e4rdigt cykelv\u00e4gen till Munktorp och ordna cykelv\u00e4g till Himmeta och Odensvi.<\/li>\n<li>Kommunen ska anv\u00e4nda det kommunala vetot och s\u00e4ga nej till storskalig vindkraft i K\u00f6pings kommun.<\/li>\n<li>F\u00f6reningslivet ska kunna f\u00e5 ta del av en kommunal \u201dbyapeng\u201d f\u00f6r att utveckla den egna byn.<\/li>\n<\/ul>\n","protected":false},"excerpt":{"rendered":"<p>Ett samha\u0308lle byggt p\u00e5 en kristdemokratisk va\u0308rdegrund inneba\u0308r att planera fo\u0308r trygga och goda miljo\u0308er da\u0308r inva\u030anarna sja\u0308lva tar aktiv del i beslutsprocessen och ka\u0308nner sig delaktiga i skapandet av sina na\u0308rmiljo\u0308er. K\u00f6ping ska v\u00e4xa med m\u00e5let att n\u00e5 35.000 inv\u00e5nare. D\u00e5 f\u00e5r f\u00f6retagen fler kunder och kommunen ett v\u00e4xande skatteunderlag. Kommunen ska vara en <a class=\"read-more-link\" href=\"https:\/\/wp.kristdemokraterna.se\/koping\/swisha-var-valfond\/vara-forslag-2022-2025\/\">Read More<\/a><\/p>\n","protected":false},"author":444,"featured_media":0,"parent":391,"menu_order":0,"comment_status":"closed","ping_status":"closed","template":"page.php","meta":{"_acf_changed":false,"footnotes":""},"class_list":["post-1808","page","type-page","status-publish","hentry"],"acf":[],"yoast_head":"<!-- This site is optimized with the Yoast SEO plugin v27.3 - https:\/\/yoast.com\/product\/yoast-seo-wordpress\/ -->\n<title>S\u00e5 bygger vi ett attraktivt K\u00f6ping - Kristdemokraterna | K\u00f6ping<\/title>\n<meta name=\"robots\" content=\"index, follow, max-snippet:-1, max-image-preview:large, max-video-preview:-1\" \/>\n<link rel=\"canonical\" href=\"https:\/\/wp.kristdemokraterna.se\/koping\/swisha-var-valfond\/vara-forslag-2022-2025\/\" \/>\n<meta property=\"og:locale\" content=\"sv_SE\" \/>\n<meta property=\"og:type\" content=\"article\" \/>\n<meta property=\"og:title\" content=\"S\u00e5 bygger vi ett attraktivt K\u00f6ping - Kristdemokraterna | K\u00f6ping\" \/>\n<meta property=\"og:description\" content=\"Ett samha\u0308lle byggt p\u00e5 en kristdemokratisk va\u0308rdegrund inneba\u0308r att planera fo\u0308r trygga och goda miljo\u0308er da\u0308r inva\u030anarna sja\u0308lva tar aktiv del i beslutsprocessen och ka\u0308nner sig delaktiga i skapandet av sina na\u0308rmiljo\u0308er. K\u00f6ping ska v\u00e4xa med m\u00e5let att n\u00e5 35.000 inv\u00e5nare. D\u00e5 f\u00e5r f\u00f6retagen fler kunder och kommunen ett v\u00e4xande skatteunderlag. Kommunen ska vara en Read More\" \/>\n<meta property=\"og:url\" content=\"https:\/\/wp.kristdemokraterna.se\/koping\/swisha-var-valfond\/vara-forslag-2022-2025\/\" \/>\n<meta property=\"og:site_name\" content=\"Kristdemokraterna | K\u00f6ping\" \/>\n<meta property=\"article:modified_time\" content=\"2024-01-19T11:00:58+00:00\" \/>\n<meta name=\"twitter:card\" content=\"summary_large_image\" \/>\n<meta name=\"twitter:label1\" content=\"Ber\u00e4knad l\u00e4stid\" \/>\n\t<meta name=\"twitter:data1\" content=\"2 minuter\" \/>\n<script type=\"application\/ld+json\" class=\"yoast-schema-graph\">{\"@context\":\"https:\\\/\\\/schema.org\",\"@graph\":[{\"@type\":\"WebPage\",\"@id\":\"https:\\\/\\\/wp.kristdemokraterna.se\\\/koping\\\/swisha-var-valfond\\\/vara-forslag-2022-2025\\\/\",\"url\":\"https:\\\/\\\/wp.kristdemokraterna.se\\\/koping\\\/swisha-var-valfond\\\/vara-forslag-2022-2025\\\/\",\"name\":\"S\u00e5 bygger vi ett attraktivt K\u00f6ping - Kristdemokraterna | K\u00f6ping\",\"isPartOf\":{\"@id\":\"https:\\\/\\\/wp.kristdemokraterna.se\\\/koping\\\/#website\"},\"datePublished\":\"2024-01-18T09:56:47+00:00\",\"dateModified\":\"2024-01-19T11:00:58+00:00\",\"breadcrumb\":{\"@id\":\"https:\\\/\\\/wp.kristdemokraterna.se\\\/koping\\\/swisha-var-valfond\\\/vara-forslag-2022-2025\\\/#breadcrumb\"},\"inLanguage\":\"sv-SE\",\"potentialAction\":[{\"@type\":\"ReadAction\",\"target\":[\"https:\\\/\\\/wp.kristdemokraterna.se\\\/koping\\\/swisha-var-valfond\\\/vara-forslag-2022-2025\\\/\"]}]},{\"@type\":\"BreadcrumbList\",\"@id\":\"https:\\\/\\\/wp.kristdemokraterna.se\\\/koping\\\/swisha-var-valfond\\\/vara-forslag-2022-2025\\\/#breadcrumb\",\"itemListElement\":[{\"@type\":\"ListItem\",\"position\":1,\"name\":\"Hem\",\"item\":\"https:\\\/\\\/wp.kristdemokraterna.se\\\/koping\\\/\"},{\"@type\":\"ListItem\",\"position\":2,\"name\":\"V\u00e5r kommunpolitik\",\"item\":\"https:\\\/\\\/wp.kristdemokraterna.se\\\/koping\\\/swisha-var-valfond\\\/\"},{\"@type\":\"ListItem\",\"position\":3,\"name\":\"S\u00e5 bygger vi ett attraktivt K\u00f6ping\"}]},{\"@type\":\"WebSite\",\"@id\":\"https:\\\/\\\/wp.kristdemokraterna.se\\\/koping\\\/#website\",\"url\":\"https:\\\/\\\/wp.kristdemokraterna.se\\\/koping\\\/\",\"name\":\"Kristdemokraterna | K\u00f6ping\",\"description\":\"K\u00f6ping beh\u00f6ver ett nytt styre - men inga bilar p\u00e5 Stora gatan\",\"inLanguage\":\"sv-SE\"}]}<\/script>\n<!-- \/ Yoast SEO plugin. -->","yoast_head_json":{"title":"S\u00e5 bygger vi ett attraktivt K\u00f6ping - Kristdemokraterna | K\u00f6ping","robots":{"index":"index","follow":"follow","max-snippet":"max-snippet:-1","max-image-preview":"max-image-preview:large","max-video-preview":"max-video-preview:-1"},"canonical":"https:\/\/wp.kristdemokraterna.se\/koping\/swisha-var-valfond\/vara-forslag-2022-2025\/","og_locale":"sv_SE","og_type":"article","og_title":"S\u00e5 bygger vi ett attraktivt K\u00f6ping - Kristdemokraterna | K\u00f6ping","og_description":"Ett samha\u0308lle byggt p\u00e5 en kristdemokratisk va\u0308rdegrund inneba\u0308r att planera fo\u0308r trygga och goda miljo\u0308er da\u0308r inva\u030anarna sja\u0308lva tar aktiv del i beslutsprocessen och ka\u0308nner sig delaktiga i skapandet av sina na\u0308rmiljo\u0308er. K\u00f6ping ska v\u00e4xa med m\u00e5let att n\u00e5 35.000 inv\u00e5nare. D\u00e5 f\u00e5r f\u00f6retagen fler kunder och kommunen ett v\u00e4xande skatteunderlag. Kommunen ska vara en Read More","og_url":"https:\/\/wp.kristdemokraterna.se\/koping\/swisha-var-valfond\/vara-forslag-2022-2025\/","og_site_name":"Kristdemokraterna | K\u00f6ping","article_modified_time":"2024-01-19T11:00:58+00:00","twitter_card":"summary_large_image","twitter_misc":{"Ber\u00e4knad l\u00e4stid":"2 minuter"},"schema":{"@context":"https:\/\/schema.org","@graph":[{"@type":"WebPage","@id":"https:\/\/wp.kristdemokraterna.se\/koping\/swisha-var-valfond\/vara-forslag-2022-2025\/","url":"https:\/\/wp.kristdemokraterna.se\/koping\/swisha-var-valfond\/vara-forslag-2022-2025\/","name":"S\u00e5 bygger vi ett attraktivt K\u00f6ping - Kristdemokraterna | K\u00f6ping","isPartOf":{"@id":"https:\/\/wp.kristdemokraterna.se\/koping\/#website"},"datePublished":"2024-01-18T09:56:47+00:00","dateModified":"2024-01-19T11:00:58+00:00","breadcrumb":{"@id":"https:\/\/wp.kristdemokraterna.se\/koping\/swisha-var-valfond\/vara-forslag-2022-2025\/#breadcrumb"},"inLanguage":"sv-SE","potentialAction":[{"@type":"ReadAction","target":["https:\/\/wp.kristdemokraterna.se\/koping\/swisha-var-valfond\/vara-forslag-2022-2025\/"]}]},{"@type":"BreadcrumbList","@id":"https:\/\/wp.kristdemokraterna.se\/koping\/swisha-var-valfond\/vara-forslag-2022-2025\/#breadcrumb","itemListElement":[{"@type":"ListItem","position":1,"name":"Hem","item":"https:\/\/wp.kristdemokraterna.se\/koping\/"},{"@type":"ListItem","position":2,"name":"V\u00e5r kommunpolitik","item":"https:\/\/wp.kristdemokraterna.se\/koping\/swisha-var-valfond\/"},{"@type":"ListItem","position":3,"name":"S\u00e5 bygger vi ett attraktivt K\u00f6ping"}]},{"@type":"WebSite","@id":"https:\/\/wp.kristdemokraterna.se\/koping\/#website","url":"https:\/\/wp.kristdemokraterna.se\/koping\/","name":"Kristdemokraterna | K\u00f6ping","description":"K\u00f6ping beh\u00f6ver ett nytt styre - men inga bilar p\u00e5 Stora gatan","inLanguage":"sv-SE"}]}},"_links":{"self":[{"href":"https:\/\/wp.kristdemokraterna.se\/koping\/wp-json\/wp\/v2\/pages\/1808","targetHints":{"allow":["GET"]}}],"collection":[{"href":"https:\/\/wp.kristdemokraterna.se\/koping\/wp-json\/wp\/v2\/pages"}],"about":[{"href":"https:\/\/wp.kristdemokraterna.se\/koping\/wp-json\/wp\/v2\/types\/page"}],"author":[{"embeddable":true,"href":"https:\/\/wp.kristdemokraterna.se\/koping\/wp-json\/wp\/v2\/users\/444"}],"replies":[{"embeddable":true,"href":"https:\/\/wp.kristdemokraterna.se\/koping\/wp-json\/wp\/v2\/comments?post=1808"}],"version-history":[{"count":3,"href":"https:\/\/wp.kristdemokraterna.se\/koping\/wp-json\/wp\/v2\/pages\/1808\/revisions"}],"predecessor-version":[{"id":1980,"href":"https:\/\/wp.kristdemokraterna.se\/koping\/wp-json\/wp\/v2\/pages\/1808\/revisions\/1980"}],"up":[{"embeddable":true,"href":"https:\/\/wp.kristdemokraterna.se\/koping\/wp-json\/wp\/v2\/pages\/391"}],"wp:attachment":[{"href":"https:\/\/wp.kristdemokraterna.se\/koping\/wp-json\/wp\/v2\/media?parent=1808"}],"curies":[{"name":"wp","href":"https:\/\/api.w.org\/{rel}","templated":true}]}}