{"id":1811,"date":"2024-01-18T10:59:05","date_gmt":"2024-01-18T09:59:05","guid":{"rendered":"https:\/\/wp.kristdemokraterna.se\/koping\/?page_id=1811"},"modified":"2024-01-19T12:03:05","modified_gmt":"2024-01-19T11:03:05","slug":"fria-och-trygga-familjer","status":"publish","type":"page","link":"https:\/\/wp.kristdemokraterna.se\/koping\/swisha-var-valfond\/fria-och-trygga-familjer\/","title":{"rendered":"Fria och trygga familjer"},"content":{"rendered":"<p><em><strong>Ma\u0308nniskor utvecklas, mognar och ma\u030ar ba\u0308st i sma\u030a grupper. I den lilla gemenskap som en familj utgo\u0308r fa\u030ar familjemedlemmarna mo\u0308jlighet att ge och mo\u0308ta ka\u0308rlek, omtanke och fo\u0308rsta\u030aelse, men ocksa\u030a sta\u0308llas info\u0308r krav och ta ansvar. Pa\u030a det sa\u0308ttet an-knyter familjen till ma\u0308nniskans djupaste behov, behovet att bli sedd och inte vara utbytbar.<\/strong> <\/em><\/p>\n<p>I mo\u0308tet med andra ma\u0308nniskor formas vi och utvecklas som personer. Trygga familjer och andra na\u0308ra gemenskaper a\u0308r da\u0308rfo\u0308r en fo\u0308rutsa\u0308ttning fo\u0308r ett va\u0308l fungerande samha\u0308lle.<\/p>\n<p>I familjen kan barnet fa\u030a en villkorslo\u0308s, men inte kravlo\u0308s, ka\u0308rlek. Ingen familj a\u0308r den andra sig lik. Familjen och andra na\u0308ra gemenskaper ska sja\u0308lva ha makten att utforma den egna vardagen. Det offentligas uppgift a\u0308r att ge sto\u0308d i detta. Det finns tillfa\u0308llen da\u030a familjen inte a\u0308r den trygga plats den borde vara. Da\u030a ma\u030aste det offentliga ta ansvar, inte minst fo\u0308r barnens skull.<\/p>\n<p>Idag ser vi hur ma\u030anga politiker vill styra och la\u0308gga sig i hur familjer va\u0308ljer att utforma sin vardag. Allt fler har sv\u00e5rt att f\u00e5 livspusslet att g\u00e5 ihop. Stress, tidsbrist och k\u00e4nslan av otillra\u0308cklighet a\u0308r na\u030agot som ma\u030anga ka\u0308nner igen. Politikens uppgift a\u0308r att skapa fo\u0308rutsa\u0308ttningar fo\u0308r att familjer ska fa\u030a en fungerande vardag.<\/p>\n<p><strong>V\u00c5RA F\u00d6RSLAG 2022-2026<\/strong><\/p>\n<ul>\n<li>Fo\u0308ra\u0308ldrafo\u0308rsa\u0308kringen ska vara flexibel. KD sa\u0308ger nej till kvotering och vill ha fritt uttag av fo\u0308ra\u0308ldradagar i tre a\u030ar.<\/li>\n<li>F\u00f6rtroendevalda och personal i kommunen ska utbildas i hur Barnkonventionen ska beaktas och tilla\u0308mpas.<\/li>\n<li>Familjecentraler \u00e4r en viktig f\u00f6rebyggande och trygghetsskapande m\u00f6tesplats som\u00a0ska forts\u00e4tta finnas och utvecklas i b\u00e5de K\u00f6ping och Kolsva.<\/li>\n<li>Fo\u0308ra\u0308ldrasto\u0308dsprogram ska utvecklas och erbjudas f\u00f6r\u00e4ldrar och blivande fo\u0308ra\u0308ldrar.<\/li>\n<li>Familjer i kris ska f\u00e5 professionellt st\u00f6d. En familjera\u030adgivningscheck ska erbjudas d\u00e4r det g\u00e5r att va\u0308lja bland olika familjera\u030adgivare, exempelvis genom Lagen om valfrihetssystem (LOV).<\/li>\n<\/ul>\n","protected":false},"excerpt":{"rendered":"<p>Ma\u0308nniskor utvecklas, mognar och ma\u030ar ba\u0308st i sma\u030a grupper. I den lilla gemenskap som en familj utgo\u0308r fa\u030ar familjemedlemmarna mo\u0308jlighet att ge och mo\u0308ta ka\u0308rlek, omtanke och fo\u0308rsta\u030aelse, men ocksa\u030a sta\u0308llas info\u0308r krav och ta ansvar. Pa\u030a det sa\u0308ttet an-knyter familjen till ma\u0308nniskans djupaste behov, behovet att bli sedd och inte vara utbytbar. I mo\u0308tet <a class=\"read-more-link\" href=\"https:\/\/wp.kristdemokraterna.se\/koping\/swisha-var-valfond\/fria-och-trygga-familjer\/\">Read More<\/a><\/p>\n","protected":false},"author":444,"featured_media":0,"parent":391,"menu_order":0,"comment_status":"closed","ping_status":"closed","template":"page.php","meta":{"_acf_changed":false,"footnotes":""},"class_list":["post-1811","page","type-page","status-publish","hentry"],"acf":[],"yoast_head":"<!-- This site is optimized with the Yoast SEO plugin v27.3 - https:\/\/yoast.com\/product\/yoast-seo-wordpress\/ -->\n<title>Fria och trygga familjer - Kristdemokraterna | K\u00f6ping<\/title>\n<meta name=\"robots\" content=\"index, follow, max-snippet:-1, max-image-preview:large, max-video-preview:-1\" \/>\n<link rel=\"canonical\" href=\"https:\/\/wp.kristdemokraterna.se\/koping\/swisha-var-valfond\/fria-och-trygga-familjer\/\" \/>\n<meta property=\"og:locale\" content=\"sv_SE\" \/>\n<meta property=\"og:type\" content=\"article\" \/>\n<meta property=\"og:title\" content=\"Fria och trygga familjer - Kristdemokraterna | K\u00f6ping\" \/>\n<meta property=\"og:description\" content=\"Ma\u0308nniskor utvecklas, mognar och ma\u030ar ba\u0308st i sma\u030a grupper. I den lilla gemenskap som en familj utgo\u0308r fa\u030ar familjemedlemmarna mo\u0308jlighet att ge och mo\u0308ta ka\u0308rlek, omtanke och fo\u0308rsta\u030aelse, men ocksa\u030a sta\u0308llas info\u0308r krav och ta ansvar. Pa\u030a det sa\u0308ttet an-knyter familjen till ma\u0308nniskans djupaste behov, behovet att bli sedd och inte vara utbytbar. I mo\u0308tet Read More\" \/>\n<meta property=\"og:url\" content=\"https:\/\/wp.kristdemokraterna.se\/koping\/swisha-var-valfond\/fria-och-trygga-familjer\/\" \/>\n<meta property=\"og:site_name\" content=\"Kristdemokraterna | K\u00f6ping\" \/>\n<meta property=\"article:modified_time\" content=\"2024-01-19T11:03:05+00:00\" \/>\n<meta name=\"twitter:card\" content=\"summary_large_image\" \/>\n<meta name=\"twitter:label1\" content=\"Ber\u00e4knad l\u00e4stid\" \/>\n\t<meta name=\"twitter:data1\" content=\"2 minuter\" \/>\n<script type=\"application\/ld+json\" class=\"yoast-schema-graph\">{\"@context\":\"https:\\\/\\\/schema.org\",\"@graph\":[{\"@type\":\"WebPage\",\"@id\":\"https:\\\/\\\/wp.kristdemokraterna.se\\\/koping\\\/swisha-var-valfond\\\/fria-och-trygga-familjer\\\/\",\"url\":\"https:\\\/\\\/wp.kristdemokraterna.se\\\/koping\\\/swisha-var-valfond\\\/fria-och-trygga-familjer\\\/\",\"name\":\"Fria och trygga familjer - Kristdemokraterna | K\u00f6ping\",\"isPartOf\":{\"@id\":\"https:\\\/\\\/wp.kristdemokraterna.se\\\/koping\\\/#website\"},\"datePublished\":\"2024-01-18T09:59:05+00:00\",\"dateModified\":\"2024-01-19T11:03:05+00:00\",\"breadcrumb\":{\"@id\":\"https:\\\/\\\/wp.kristdemokraterna.se\\\/koping\\\/swisha-var-valfond\\\/fria-och-trygga-familjer\\\/#breadcrumb\"},\"inLanguage\":\"sv-SE\",\"potentialAction\":[{\"@type\":\"ReadAction\",\"target\":[\"https:\\\/\\\/wp.kristdemokraterna.se\\\/koping\\\/swisha-var-valfond\\\/fria-och-trygga-familjer\\\/\"]}]},{\"@type\":\"BreadcrumbList\",\"@id\":\"https:\\\/\\\/wp.kristdemokraterna.se\\\/koping\\\/swisha-var-valfond\\\/fria-och-trygga-familjer\\\/#breadcrumb\",\"itemListElement\":[{\"@type\":\"ListItem\",\"position\":1,\"name\":\"Hem\",\"item\":\"https:\\\/\\\/wp.kristdemokraterna.se\\\/koping\\\/\"},{\"@type\":\"ListItem\",\"position\":2,\"name\":\"V\u00e5r kommunpolitik\",\"item\":\"https:\\\/\\\/wp.kristdemokraterna.se\\\/koping\\\/swisha-var-valfond\\\/\"},{\"@type\":\"ListItem\",\"position\":3,\"name\":\"Fria och trygga familjer\"}]},{\"@type\":\"WebSite\",\"@id\":\"https:\\\/\\\/wp.kristdemokraterna.se\\\/koping\\\/#website\",\"url\":\"https:\\\/\\\/wp.kristdemokraterna.se\\\/koping\\\/\",\"name\":\"Kristdemokraterna | K\u00f6ping\",\"description\":\"K\u00f6ping beh\u00f6ver ett nytt styre - men inga bilar p\u00e5 Stora gatan\",\"inLanguage\":\"sv-SE\"}]}<\/script>\n<!-- \/ Yoast SEO plugin. -->","yoast_head_json":{"title":"Fria och trygga familjer - Kristdemokraterna | K\u00f6ping","robots":{"index":"index","follow":"follow","max-snippet":"max-snippet:-1","max-image-preview":"max-image-preview:large","max-video-preview":"max-video-preview:-1"},"canonical":"https:\/\/wp.kristdemokraterna.se\/koping\/swisha-var-valfond\/fria-och-trygga-familjer\/","og_locale":"sv_SE","og_type":"article","og_title":"Fria och trygga familjer - Kristdemokraterna | K\u00f6ping","og_description":"Ma\u0308nniskor utvecklas, mognar och ma\u030ar ba\u0308st i sma\u030a grupper. I den lilla gemenskap som en familj utgo\u0308r fa\u030ar familjemedlemmarna mo\u0308jlighet att ge och mo\u0308ta ka\u0308rlek, omtanke och fo\u0308rsta\u030aelse, men ocksa\u030a sta\u0308llas info\u0308r krav och ta ansvar. Pa\u030a det sa\u0308ttet an-knyter familjen till ma\u0308nniskans djupaste behov, behovet att bli sedd och inte vara utbytbar. I mo\u0308tet Read More","og_url":"https:\/\/wp.kristdemokraterna.se\/koping\/swisha-var-valfond\/fria-och-trygga-familjer\/","og_site_name":"Kristdemokraterna | K\u00f6ping","article_modified_time":"2024-01-19T11:03:05+00:00","twitter_card":"summary_large_image","twitter_misc":{"Ber\u00e4knad l\u00e4stid":"2 minuter"},"schema":{"@context":"https:\/\/schema.org","@graph":[{"@type":"WebPage","@id":"https:\/\/wp.kristdemokraterna.se\/koping\/swisha-var-valfond\/fria-och-trygga-familjer\/","url":"https:\/\/wp.kristdemokraterna.se\/koping\/swisha-var-valfond\/fria-och-trygga-familjer\/","name":"Fria och trygga familjer - Kristdemokraterna | K\u00f6ping","isPartOf":{"@id":"https:\/\/wp.kristdemokraterna.se\/koping\/#website"},"datePublished":"2024-01-18T09:59:05+00:00","dateModified":"2024-01-19T11:03:05+00:00","breadcrumb":{"@id":"https:\/\/wp.kristdemokraterna.se\/koping\/swisha-var-valfond\/fria-och-trygga-familjer\/#breadcrumb"},"inLanguage":"sv-SE","potentialAction":[{"@type":"ReadAction","target":["https:\/\/wp.kristdemokraterna.se\/koping\/swisha-var-valfond\/fria-och-trygga-familjer\/"]}]},{"@type":"BreadcrumbList","@id":"https:\/\/wp.kristdemokraterna.se\/koping\/swisha-var-valfond\/fria-och-trygga-familjer\/#breadcrumb","itemListElement":[{"@type":"ListItem","position":1,"name":"Hem","item":"https:\/\/wp.kristdemokraterna.se\/koping\/"},{"@type":"ListItem","position":2,"name":"V\u00e5r kommunpolitik","item":"https:\/\/wp.kristdemokraterna.se\/koping\/swisha-var-valfond\/"},{"@type":"ListItem","position":3,"name":"Fria och trygga familjer"}]},{"@type":"WebSite","@id":"https:\/\/wp.kristdemokraterna.se\/koping\/#website","url":"https:\/\/wp.kristdemokraterna.se\/koping\/","name":"Kristdemokraterna | K\u00f6ping","description":"K\u00f6ping beh\u00f6ver ett nytt styre - men inga bilar p\u00e5 Stora gatan","inLanguage":"sv-SE"}]}},"_links":{"self":[{"href":"https:\/\/wp.kristdemokraterna.se\/koping\/wp-json\/wp\/v2\/pages\/1811","targetHints":{"allow":["GET"]}}],"collection":[{"href":"https:\/\/wp.kristdemokraterna.se\/koping\/wp-json\/wp\/v2\/pages"}],"about":[{"href":"https:\/\/wp.kristdemokraterna.se\/koping\/wp-json\/wp\/v2\/types\/page"}],"author":[{"embeddable":true,"href":"https:\/\/wp.kristdemokraterna.se\/koping\/wp-json\/wp\/v2\/users\/444"}],"replies":[{"embeddable":true,"href":"https:\/\/wp.kristdemokraterna.se\/koping\/wp-json\/wp\/v2\/comments?post=1811"}],"version-history":[{"count":2,"href":"https:\/\/wp.kristdemokraterna.se\/koping\/wp-json\/wp\/v2\/pages\/1811\/revisions"}],"predecessor-version":[{"id":1985,"href":"https:\/\/wp.kristdemokraterna.se\/koping\/wp-json\/wp\/v2\/pages\/1811\/revisions\/1985"}],"up":[{"embeddable":true,"href":"https:\/\/wp.kristdemokraterna.se\/koping\/wp-json\/wp\/v2\/pages\/391"}],"wp:attachment":[{"href":"https:\/\/wp.kristdemokraterna.se\/koping\/wp-json\/wp\/v2\/media?parent=1811"}],"curies":[{"name":"wp","href":"https:\/\/api.w.org\/{rel}","templated":true}]}}