{"id":1816,"date":"2024-01-18T11:02:58","date_gmt":"2024-01-18T10:02:58","guid":{"rendered":"https:\/\/wp.kristdemokraterna.se\/koping\/?page_id=1816"},"modified":"2024-01-19T12:01:50","modified_gmt":"2024-01-19T11:01:50","slug":"jobb-naringsliv-och-bostader","status":"publish","type":"page","link":"https:\/\/wp.kristdemokraterna.se\/koping\/swisha-var-valfond\/jobb-naringsliv-och-bostader\/","title":{"rendered":"Jobb, n\u00e4ringsliv och bost\u00e4der"},"content":{"rendered":"<p><strong><em>Ett blomstrande och konkurrenskraftigt na\u0308ringsliv a\u0308r en fo\u0308rutsa\u0308ttning fo\u0308r va\u0308lfa\u0308rden. Ett gott n\u00e4ringsklimat ma\u030aste skapas och vidmaktha\u030allas fo\u0308r ett dynamiskt sma\u030afo\u0308retagande, da\u0308r enskilda ma\u0308nniskors ide\u0301er, kreativitet och entrepreno\u0308rskap tas till vara.<\/em><\/strong><\/p>\n<p>En kommun med framg\u00e5ngsrika f\u00f6retag har l\u00e4gre arbetsl\u00f6shet, h\u00f6gre tillv\u00e4xt och b\u00e4ttre f\u00f6ruts\u00e4ttningar att finansiera v\u00e4lf\u00e4rden. K\u00f6pings politiska ledning har ett \u00f6vergripande ansvar att f\u00f6rb\u00e4ttra attityderna till f\u00f6retagande och skapa en f\u00f6rst\u00e5else f\u00f6r f\u00f6retagens situation och behov.<\/p>\n<p>Alla ska ha r\u00e4tt att jobba hundra procent av sin f\u00f6rm\u00e5ga. Alltf\u00f6r m\u00e5nga n\u00e5r inte upp till sin fulla potential &#8211; personer med oh\u00e4lsa, funktionsneds\u00e4ttning eller otillr\u00e4cklig kompetens. Vi \u00e4r beroende\u00a0av ett v\u00e4lfungerande och flexibelt utbildningssystem d\u00e4r utbildningarna lever upp till f\u00f6retagens behov.<\/p>\n<p><strong>V\u00c5RA F\u00d6RSLAG 2022-2026<\/strong><\/p>\n<ul>\n<li>Kommunen ska upptr\u00e4da som en serviceorganisation f\u00f6r medborgarna och f\u00f6retagen inte som en myndighet.<\/li>\n<li>En policy mot osund konkurrens fr\u00e5n kommunalt driven verksamhet ska tas fram.<\/li>\n<li>Kommunen ska f\u00f6rst\u00e4rka sin best\u00e4llarkompetens vid upphandling av underh\u00e5ll och st\u00e4d f\u00f6r kommunens egna fastigheter.<\/li>\n<li>\u00d6kade kvalitetskrav i upphandlingarna. Det ska g\u00e5 att f\u00f6lja upp vilken kvalitet som levereras.<\/li>\n<li>K\u00f6ping ska f\u00f6rb\u00e4ttra sitt f\u00f6retagsklimat och inom fem \u00e5r g\u00e5 fr\u00e5n bottenniv\u00e5er i Svensk N\u00e4ringslivs ranking till topp 100.<\/li>\n<li>Kommunen ska f\u00f6rb\u00e4ttra dialogen, bryta tystnadskulturen och bygga tillit med n\u00e4ringslivet.<\/li>\n<li>En utvecklingsplan f\u00f6r f\u00f6retagsklimatet i K\u00f6ping m\u00e5ste arbetas fram tillsammans med f\u00f6retagen.<\/li>\n<li>Fler f\u00e4rdiga, detaljplanerade tomter f\u00f6r bost\u00e4der och f\u00f6retag ska g\u00f6ras i ordning.<\/li>\n<li>Tydliga servicegarantier f\u00f6r bl a bygglov ska finnas.<\/li>\n<li>Delad upphandling ska anv\u00e4ndas som f\u00f6rbereds genom s\u00e4rskilda branschr\u00e5d.<\/li>\n<li>Den s\u00f6kande skall kunna f\u00f6lja sitt \u00e4rende digitalt genom bygglovsprocessen.<\/li>\n<li>Kommunen ska planera fo\u0308r mer sma\u030ahusbebyggelse, ba\u030ade i stan och i omgivande byar\/samha\u0308llen<\/li>\n<li>Stadsdelar ska planeras fo\u0308r bosta\u0308der, arbetsplatser och kommersiella verksamheter.<\/li>\n<li>Fo\u0308rskolor, skolor, a\u0308ldreboenden och LSS-bosta\u0308der ska finnas med tidigt i plan-aretet.<\/li>\n<li>Vid bostadsplanering ska m\u00f6jligheten att fa\u030a bostad fo\u0308r personer som har sva\u030art att ta sig in pa\u030a bostadsmarknaden beaktas.<\/li>\n<li>Lagen om offentlig upphandling (LOU) och Lagen om valfrihetssystem (LOV) ska till\u00e4mpas f\u00f6r att \u00f6ka\u00a0m\u00e5ngfalden av utf\u00f6rare.<\/li>\n<li>Ett regelverk ska utarbetas som m\u00f6jligg\u00f6r samverkan med ideella organisationer och\u00a0sociala f\u00f6retag genom Id\u00e9buret Offentligt Partnerskap (IOP)<\/li>\n<\/ul>\n","protected":false},"excerpt":{"rendered":"<p>Ett blomstrande och konkurrenskraftigt na\u0308ringsliv a\u0308r en fo\u0308rutsa\u0308ttning fo\u0308r va\u0308lfa\u0308rden. Ett gott n\u00e4ringsklimat ma\u030aste skapas och vidmaktha\u030allas fo\u0308r ett dynamiskt sma\u030afo\u0308retagande, da\u0308r enskilda ma\u0308nniskors ide\u0301er, kreativitet och entrepreno\u0308rskap tas till vara. En kommun med framg\u00e5ngsrika f\u00f6retag har l\u00e4gre arbetsl\u00f6shet, h\u00f6gre tillv\u00e4xt och b\u00e4ttre f\u00f6ruts\u00e4ttningar att finansiera v\u00e4lf\u00e4rden. K\u00f6pings politiska ledning har ett \u00f6vergripande ansvar att <a class=\"read-more-link\" href=\"https:\/\/wp.kristdemokraterna.se\/koping\/swisha-var-valfond\/jobb-naringsliv-och-bostader\/\">Read More<\/a><\/p>\n","protected":false},"author":444,"featured_media":0,"parent":391,"menu_order":0,"comment_status":"closed","ping_status":"closed","template":"page.php","meta":{"_acf_changed":false,"footnotes":""},"class_list":["post-1816","page","type-page","status-publish","hentry"],"acf":[],"yoast_head":"<!-- This site is optimized with the Yoast SEO plugin v27.4 - https:\/\/yoast.com\/product\/yoast-seo-wordpress\/ -->\n<title>Jobb, n\u00e4ringsliv och bost\u00e4der - Kristdemokraterna | K\u00f6ping<\/title>\n<meta name=\"robots\" content=\"index, follow, max-snippet:-1, max-image-preview:large, max-video-preview:-1\" \/>\n<link rel=\"canonical\" href=\"https:\/\/wp.kristdemokraterna.se\/koping\/swisha-var-valfond\/jobb-naringsliv-och-bostader\/\" \/>\n<meta property=\"og:locale\" content=\"sv_SE\" \/>\n<meta property=\"og:type\" content=\"article\" \/>\n<meta property=\"og:title\" content=\"Jobb, n\u00e4ringsliv och bost\u00e4der - Kristdemokraterna | K\u00f6ping\" \/>\n<meta property=\"og:description\" content=\"Ett blomstrande och konkurrenskraftigt na\u0308ringsliv a\u0308r en fo\u0308rutsa\u0308ttning fo\u0308r va\u0308lfa\u0308rden. Ett gott n\u00e4ringsklimat ma\u030aste skapas och vidmaktha\u030allas fo\u0308r ett dynamiskt sma\u030afo\u0308retagande, da\u0308r enskilda ma\u0308nniskors ide\u0301er, kreativitet och entrepreno\u0308rskap tas till vara. En kommun med framg\u00e5ngsrika f\u00f6retag har l\u00e4gre arbetsl\u00f6shet, h\u00f6gre tillv\u00e4xt och b\u00e4ttre f\u00f6ruts\u00e4ttningar att finansiera v\u00e4lf\u00e4rden. K\u00f6pings politiska ledning har ett \u00f6vergripande ansvar att Read More\" \/>\n<meta property=\"og:url\" content=\"https:\/\/wp.kristdemokraterna.se\/koping\/swisha-var-valfond\/jobb-naringsliv-och-bostader\/\" \/>\n<meta property=\"og:site_name\" content=\"Kristdemokraterna | K\u00f6ping\" \/>\n<meta property=\"article:modified_time\" content=\"2024-01-19T11:01:50+00:00\" \/>\n<meta name=\"twitter:card\" content=\"summary_large_image\" \/>\n<meta name=\"twitter:label1\" content=\"Ber\u00e4knad l\u00e4stid\" \/>\n\t<meta name=\"twitter:data1\" content=\"2 minuter\" \/>\n<script type=\"application\/ld+json\" class=\"yoast-schema-graph\">{\"@context\":\"https:\\\/\\\/schema.org\",\"@graph\":[{\"@type\":\"WebPage\",\"@id\":\"https:\\\/\\\/wp.kristdemokraterna.se\\\/koping\\\/swisha-var-valfond\\\/jobb-naringsliv-och-bostader\\\/\",\"url\":\"https:\\\/\\\/wp.kristdemokraterna.se\\\/koping\\\/swisha-var-valfond\\\/jobb-naringsliv-och-bostader\\\/\",\"name\":\"Jobb, n\u00e4ringsliv och bost\u00e4der - Kristdemokraterna | K\u00f6ping\",\"isPartOf\":{\"@id\":\"https:\\\/\\\/wp.kristdemokraterna.se\\\/koping\\\/#website\"},\"datePublished\":\"2024-01-18T10:02:58+00:00\",\"dateModified\":\"2024-01-19T11:01:50+00:00\",\"breadcrumb\":{\"@id\":\"https:\\\/\\\/wp.kristdemokraterna.se\\\/koping\\\/swisha-var-valfond\\\/jobb-naringsliv-och-bostader\\\/#breadcrumb\"},\"inLanguage\":\"sv-SE\",\"potentialAction\":[{\"@type\":\"ReadAction\",\"target\":[\"https:\\\/\\\/wp.kristdemokraterna.se\\\/koping\\\/swisha-var-valfond\\\/jobb-naringsliv-och-bostader\\\/\"]}]},{\"@type\":\"BreadcrumbList\",\"@id\":\"https:\\\/\\\/wp.kristdemokraterna.se\\\/koping\\\/swisha-var-valfond\\\/jobb-naringsliv-och-bostader\\\/#breadcrumb\",\"itemListElement\":[{\"@type\":\"ListItem\",\"position\":1,\"name\":\"Hem\",\"item\":\"https:\\\/\\\/wp.kristdemokraterna.se\\\/koping\\\/\"},{\"@type\":\"ListItem\",\"position\":2,\"name\":\"V\u00e5r kommunpolitik\",\"item\":\"https:\\\/\\\/wp.kristdemokraterna.se\\\/koping\\\/swisha-var-valfond\\\/\"},{\"@type\":\"ListItem\",\"position\":3,\"name\":\"Jobb, n\u00e4ringsliv och bost\u00e4der\"}]},{\"@type\":\"WebSite\",\"@id\":\"https:\\\/\\\/wp.kristdemokraterna.se\\\/koping\\\/#website\",\"url\":\"https:\\\/\\\/wp.kristdemokraterna.se\\\/koping\\\/\",\"name\":\"Kristdemokraterna | K\u00f6ping\",\"description\":\"K\u00f6ping beh\u00f6ver ett nytt styre - men inga bilar p\u00e5 Stora gatan\",\"inLanguage\":\"sv-SE\"}]}<\/script>\n<!-- \/ Yoast SEO plugin. -->","yoast_head_json":{"title":"Jobb, n\u00e4ringsliv och bost\u00e4der - Kristdemokraterna | K\u00f6ping","robots":{"index":"index","follow":"follow","max-snippet":"max-snippet:-1","max-image-preview":"max-image-preview:large","max-video-preview":"max-video-preview:-1"},"canonical":"https:\/\/wp.kristdemokraterna.se\/koping\/swisha-var-valfond\/jobb-naringsliv-och-bostader\/","og_locale":"sv_SE","og_type":"article","og_title":"Jobb, n\u00e4ringsliv och bost\u00e4der - Kristdemokraterna | K\u00f6ping","og_description":"Ett blomstrande och konkurrenskraftigt na\u0308ringsliv a\u0308r en fo\u0308rutsa\u0308ttning fo\u0308r va\u0308lfa\u0308rden. Ett gott n\u00e4ringsklimat ma\u030aste skapas och vidmaktha\u030allas fo\u0308r ett dynamiskt sma\u030afo\u0308retagande, da\u0308r enskilda ma\u0308nniskors ide\u0301er, kreativitet och entrepreno\u0308rskap tas till vara. En kommun med framg\u00e5ngsrika f\u00f6retag har l\u00e4gre arbetsl\u00f6shet, h\u00f6gre tillv\u00e4xt och b\u00e4ttre f\u00f6ruts\u00e4ttningar att finansiera v\u00e4lf\u00e4rden. K\u00f6pings politiska ledning har ett \u00f6vergripande ansvar att Read More","og_url":"https:\/\/wp.kristdemokraterna.se\/koping\/swisha-var-valfond\/jobb-naringsliv-och-bostader\/","og_site_name":"Kristdemokraterna | K\u00f6ping","article_modified_time":"2024-01-19T11:01:50+00:00","twitter_card":"summary_large_image","twitter_misc":{"Ber\u00e4knad l\u00e4stid":"2 minuter"},"schema":{"@context":"https:\/\/schema.org","@graph":[{"@type":"WebPage","@id":"https:\/\/wp.kristdemokraterna.se\/koping\/swisha-var-valfond\/jobb-naringsliv-och-bostader\/","url":"https:\/\/wp.kristdemokraterna.se\/koping\/swisha-var-valfond\/jobb-naringsliv-och-bostader\/","name":"Jobb, n\u00e4ringsliv och bost\u00e4der - Kristdemokraterna | K\u00f6ping","isPartOf":{"@id":"https:\/\/wp.kristdemokraterna.se\/koping\/#website"},"datePublished":"2024-01-18T10:02:58+00:00","dateModified":"2024-01-19T11:01:50+00:00","breadcrumb":{"@id":"https:\/\/wp.kristdemokraterna.se\/koping\/swisha-var-valfond\/jobb-naringsliv-och-bostader\/#breadcrumb"},"inLanguage":"sv-SE","potentialAction":[{"@type":"ReadAction","target":["https:\/\/wp.kristdemokraterna.se\/koping\/swisha-var-valfond\/jobb-naringsliv-och-bostader\/"]}]},{"@type":"BreadcrumbList","@id":"https:\/\/wp.kristdemokraterna.se\/koping\/swisha-var-valfond\/jobb-naringsliv-och-bostader\/#breadcrumb","itemListElement":[{"@type":"ListItem","position":1,"name":"Hem","item":"https:\/\/wp.kristdemokraterna.se\/koping\/"},{"@type":"ListItem","position":2,"name":"V\u00e5r kommunpolitik","item":"https:\/\/wp.kristdemokraterna.se\/koping\/swisha-var-valfond\/"},{"@type":"ListItem","position":3,"name":"Jobb, n\u00e4ringsliv och bost\u00e4der"}]},{"@type":"WebSite","@id":"https:\/\/wp.kristdemokraterna.se\/koping\/#website","url":"https:\/\/wp.kristdemokraterna.se\/koping\/","name":"Kristdemokraterna | K\u00f6ping","description":"K\u00f6ping beh\u00f6ver ett nytt styre - men inga bilar p\u00e5 Stora gatan","inLanguage":"sv-SE"}]}},"_links":{"self":[{"href":"https:\/\/wp.kristdemokraterna.se\/koping\/wp-json\/wp\/v2\/pages\/1816","targetHints":{"allow":["GET"]}}],"collection":[{"href":"https:\/\/wp.kristdemokraterna.se\/koping\/wp-json\/wp\/v2\/pages"}],"about":[{"href":"https:\/\/wp.kristdemokraterna.se\/koping\/wp-json\/wp\/v2\/types\/page"}],"author":[{"embeddable":true,"href":"https:\/\/wp.kristdemokraterna.se\/koping\/wp-json\/wp\/v2\/users\/444"}],"replies":[{"embeddable":true,"href":"https:\/\/wp.kristdemokraterna.se\/koping\/wp-json\/wp\/v2\/comments?post=1816"}],"version-history":[{"count":3,"href":"https:\/\/wp.kristdemokraterna.se\/koping\/wp-json\/wp\/v2\/pages\/1816\/revisions"}],"predecessor-version":[{"id":1982,"href":"https:\/\/wp.kristdemokraterna.se\/koping\/wp-json\/wp\/v2\/pages\/1816\/revisions\/1982"}],"up":[{"embeddable":true,"href":"https:\/\/wp.kristdemokraterna.se\/koping\/wp-json\/wp\/v2\/pages\/391"}],"wp:attachment":[{"href":"https:\/\/wp.kristdemokraterna.se\/koping\/wp-json\/wp\/v2\/media?parent=1816"}],"curies":[{"name":"wp","href":"https:\/\/api.w.org\/{rel}","templated":true}]}}