{"id":1820,"date":"2024-01-18T11:04:40","date_gmt":"2024-01-18T10:04:40","guid":{"rendered":"https:\/\/wp.kristdemokraterna.se\/koping\/?page_id=1820"},"modified":"2024-01-19T12:04:06","modified_gmt":"2024-01-19T11:04:06","slug":"trygghet-och-sakerhet","status":"publish","type":"page","link":"https:\/\/wp.kristdemokraterna.se\/koping\/swisha-var-valfond\/trygghet-och-sakerhet\/","title":{"rendered":"Trygghet och s\u00e4kerhet"},"content":{"rendered":"<p><strong><em>F\u00f6rebygga \u00e4r b\u00e4sta s\u00e4ttet att bek\u00e4mpa brottslighet. Familjens roll att fostra och leda de\u00a0unga \u00e4r av st\u00f6rsta vikt. Samh\u00e4llet m\u00e5ste ge tydliga signaler om vad som \u00e4r r\u00e4tt och\u00a0fel. En snabb reaktion p\u00e5 beg\u00e5ngna brott och en \u00f6kad uppt\u00e4cktsrisk f\u00f6r f\u00f6r\u00f6varna \u00e4r viktigt.<\/em><\/strong><\/p>\n<p>En attraktiv kommun f\u00f6ruts\u00e4tter att medborgarna \u00e4r trygga. Att\u00a0bygga ett samh\u00e4lle d\u00e4r m\u00e4nniskor k\u00e4nner sig trygga handlar bl a om att skapa naturliga m\u00f6tesplatser, arbeta med ljuss\u00e4ttning och att f\u00f6rebygga och bek\u00e4mpa brottslighet. Vi beh\u00f6ver ett samh\u00e4lle d\u00e4r medborgarna kan k\u00e4nna tillit till varandra och till samh\u00e4llets\u00a0institutioner. H\u00e4r fyller familjen och f\u00f6reningslivet en betydelsefull roll. D\u00e4r\u00a0fostras vi till ansvarstagande, tillit och civilkurage.<\/p>\n<p><strong>V\u00c5RA F\u00d6RSLAG 2022-2026<\/strong><\/p>\n<ul>\n<li>F\u00f6rebyggande arbete bland barn och unga ska ha h\u00f6gsta prioritet.<\/li>\n<li>Arbetet med ungcoacher ska utvecklas.<\/li>\n<li>Kommunen ska erbjuda professionellt brottsofferst\u00f6d skilt fr\u00e5n socialtj\u00e4nsten.\u00a0Det ska finnas ett s\u00e4rskilt st\u00f6d f\u00f6r unga brottsoffer.<\/li>\n<li>Bekymringssamtal, orosm\u00f6ten och liknande b\u00f6r erbjudas till personer som beg\u00e5tt brott eller riskerar bli kriminella.<\/li>\n<li>Samverkansr\u00e5d mellan skola, socialtj\u00e4nst, polis och BUP ska finnas.<\/li>\n<li>Kriminella handlingar som beg\u00e5s av ungdomar m\u00e5ste snabbt leda till tydliga konsekvenser.<\/li>\n<li>Kommunens ordningsf\u00f6reskrifter ska reglera trygghet och trivsel i offentlig milj\u00f6. Vi ska ha nolltolerans mot nedskr\u00e4pning och klotter.\u00a0Klotter i offentliga milj\u00f6er ska omedelbart tas bort.<\/li>\n<li>Som komplement till fler poliser b\u00f6r kommunen anst\u00e4lla ordningsvakter f\u00f6r att \u00f6ka tryggheten i centrum.<\/li>\n<li>Personalen inom f\u00f6rskola, skola och\u00a0socialtj\u00e4nst ska fortbildas f\u00f6r att kunna uppt\u00e4cka tecken p\u00e5 radikalisering och\u00a0v\u00e5ldsbejakande extremism.<\/li>\n<li>F\u00f6reningsst\u00f6det i kommunen ska vara utformat s\u00e5 att inte f\u00f6reningar med antidemokratiska v\u00e4rderingar ges bidrag.<\/li>\n<li>Fler trygghetskameror beh\u00f6vs f\u00f6r att f\u00f6rebygga kriminalitet, och s\u00e4kra bevis.<\/li>\n<li>Det brottsf\u00f6rebyggande arbetet ska ske i samverkan med\u00a0civilsamh\u00e4llet.<\/li>\n<li>Flexibla nattstopp f\u00f6r tryggare busstrafik beh\u00f6vs.<\/li>\n<\/ul>\n","protected":false},"excerpt":{"rendered":"<p>F\u00f6rebygga \u00e4r b\u00e4sta s\u00e4ttet att bek\u00e4mpa brottslighet. Familjens roll att fostra och leda de\u00a0unga \u00e4r av st\u00f6rsta vikt. Samh\u00e4llet m\u00e5ste ge tydliga signaler om vad som \u00e4r r\u00e4tt och\u00a0fel. En snabb reaktion p\u00e5 beg\u00e5ngna brott och en \u00f6kad uppt\u00e4cktsrisk f\u00f6r f\u00f6r\u00f6varna \u00e4r viktigt. En attraktiv kommun f\u00f6ruts\u00e4tter att medborgarna \u00e4r trygga. Att\u00a0bygga ett samh\u00e4lle d\u00e4r <a class=\"read-more-link\" href=\"https:\/\/wp.kristdemokraterna.se\/koping\/swisha-var-valfond\/trygghet-och-sakerhet\/\">Read More<\/a><\/p>\n","protected":false},"author":444,"featured_media":0,"parent":391,"menu_order":0,"comment_status":"closed","ping_status":"closed","template":"page.php","meta":{"_acf_changed":false,"footnotes":""},"class_list":["post-1820","page","type-page","status-publish","hentry"],"acf":[],"yoast_head":"<!-- This site is optimized with the Yoast SEO plugin v27.4 - https:\/\/yoast.com\/product\/yoast-seo-wordpress\/ -->\n<title>Trygghet och s\u00e4kerhet - Kristdemokraterna | K\u00f6ping<\/title>\n<meta name=\"robots\" content=\"index, follow, max-snippet:-1, max-image-preview:large, max-video-preview:-1\" \/>\n<link rel=\"canonical\" href=\"https:\/\/wp.kristdemokraterna.se\/koping\/swisha-var-valfond\/trygghet-och-sakerhet\/\" \/>\n<meta property=\"og:locale\" content=\"sv_SE\" \/>\n<meta property=\"og:type\" content=\"article\" \/>\n<meta property=\"og:title\" content=\"Trygghet och s\u00e4kerhet - Kristdemokraterna | K\u00f6ping\" \/>\n<meta property=\"og:description\" content=\"F\u00f6rebygga \u00e4r b\u00e4sta s\u00e4ttet att bek\u00e4mpa brottslighet. Familjens roll att fostra och leda de\u00a0unga \u00e4r av st\u00f6rsta vikt. Samh\u00e4llet m\u00e5ste ge tydliga signaler om vad som \u00e4r r\u00e4tt och\u00a0fel. En snabb reaktion p\u00e5 beg\u00e5ngna brott och en \u00f6kad uppt\u00e4cktsrisk f\u00f6r f\u00f6r\u00f6varna \u00e4r viktigt. En attraktiv kommun f\u00f6ruts\u00e4tter att medborgarna \u00e4r trygga. Att\u00a0bygga ett samh\u00e4lle d\u00e4r Read More\" \/>\n<meta property=\"og:url\" content=\"https:\/\/wp.kristdemokraterna.se\/koping\/swisha-var-valfond\/trygghet-och-sakerhet\/\" \/>\n<meta property=\"og:site_name\" content=\"Kristdemokraterna | K\u00f6ping\" \/>\n<meta property=\"article:modified_time\" content=\"2024-01-19T11:04:06+00:00\" \/>\n<meta name=\"twitter:card\" content=\"summary_large_image\" \/>\n<meta name=\"twitter:label1\" content=\"Ber\u00e4knad l\u00e4stid\" \/>\n\t<meta name=\"twitter:data1\" content=\"2 minuter\" \/>\n<script type=\"application\/ld+json\" class=\"yoast-schema-graph\">{\"@context\":\"https:\\\/\\\/schema.org\",\"@graph\":[{\"@type\":\"WebPage\",\"@id\":\"https:\\\/\\\/wp.kristdemokraterna.se\\\/koping\\\/swisha-var-valfond\\\/trygghet-och-sakerhet\\\/\",\"url\":\"https:\\\/\\\/wp.kristdemokraterna.se\\\/koping\\\/swisha-var-valfond\\\/trygghet-och-sakerhet\\\/\",\"name\":\"Trygghet och s\u00e4kerhet - Kristdemokraterna | K\u00f6ping\",\"isPartOf\":{\"@id\":\"https:\\\/\\\/wp.kristdemokraterna.se\\\/koping\\\/#website\"},\"datePublished\":\"2024-01-18T10:04:40+00:00\",\"dateModified\":\"2024-01-19T11:04:06+00:00\",\"breadcrumb\":{\"@id\":\"https:\\\/\\\/wp.kristdemokraterna.se\\\/koping\\\/swisha-var-valfond\\\/trygghet-och-sakerhet\\\/#breadcrumb\"},\"inLanguage\":\"sv-SE\",\"potentialAction\":[{\"@type\":\"ReadAction\",\"target\":[\"https:\\\/\\\/wp.kristdemokraterna.se\\\/koping\\\/swisha-var-valfond\\\/trygghet-och-sakerhet\\\/\"]}]},{\"@type\":\"BreadcrumbList\",\"@id\":\"https:\\\/\\\/wp.kristdemokraterna.se\\\/koping\\\/swisha-var-valfond\\\/trygghet-och-sakerhet\\\/#breadcrumb\",\"itemListElement\":[{\"@type\":\"ListItem\",\"position\":1,\"name\":\"Hem\",\"item\":\"https:\\\/\\\/wp.kristdemokraterna.se\\\/koping\\\/\"},{\"@type\":\"ListItem\",\"position\":2,\"name\":\"V\u00e5r kommunpolitik\",\"item\":\"https:\\\/\\\/wp.kristdemokraterna.se\\\/koping\\\/swisha-var-valfond\\\/\"},{\"@type\":\"ListItem\",\"position\":3,\"name\":\"Trygghet och s\u00e4kerhet\"}]},{\"@type\":\"WebSite\",\"@id\":\"https:\\\/\\\/wp.kristdemokraterna.se\\\/koping\\\/#website\",\"url\":\"https:\\\/\\\/wp.kristdemokraterna.se\\\/koping\\\/\",\"name\":\"Kristdemokraterna | K\u00f6ping\",\"description\":\"K\u00f6ping beh\u00f6ver ett nytt styre - men inga bilar p\u00e5 Stora gatan\",\"inLanguage\":\"sv-SE\"}]}<\/script>\n<!-- \/ Yoast SEO plugin. -->","yoast_head_json":{"title":"Trygghet och s\u00e4kerhet - Kristdemokraterna | K\u00f6ping","robots":{"index":"index","follow":"follow","max-snippet":"max-snippet:-1","max-image-preview":"max-image-preview:large","max-video-preview":"max-video-preview:-1"},"canonical":"https:\/\/wp.kristdemokraterna.se\/koping\/swisha-var-valfond\/trygghet-och-sakerhet\/","og_locale":"sv_SE","og_type":"article","og_title":"Trygghet och s\u00e4kerhet - Kristdemokraterna | K\u00f6ping","og_description":"F\u00f6rebygga \u00e4r b\u00e4sta s\u00e4ttet att bek\u00e4mpa brottslighet. Familjens roll att fostra och leda de\u00a0unga \u00e4r av st\u00f6rsta vikt. Samh\u00e4llet m\u00e5ste ge tydliga signaler om vad som \u00e4r r\u00e4tt och\u00a0fel. En snabb reaktion p\u00e5 beg\u00e5ngna brott och en \u00f6kad uppt\u00e4cktsrisk f\u00f6r f\u00f6r\u00f6varna \u00e4r viktigt. En attraktiv kommun f\u00f6ruts\u00e4tter att medborgarna \u00e4r trygga. Att\u00a0bygga ett samh\u00e4lle d\u00e4r Read More","og_url":"https:\/\/wp.kristdemokraterna.se\/koping\/swisha-var-valfond\/trygghet-och-sakerhet\/","og_site_name":"Kristdemokraterna | K\u00f6ping","article_modified_time":"2024-01-19T11:04:06+00:00","twitter_card":"summary_large_image","twitter_misc":{"Ber\u00e4knad l\u00e4stid":"2 minuter"},"schema":{"@context":"https:\/\/schema.org","@graph":[{"@type":"WebPage","@id":"https:\/\/wp.kristdemokraterna.se\/koping\/swisha-var-valfond\/trygghet-och-sakerhet\/","url":"https:\/\/wp.kristdemokraterna.se\/koping\/swisha-var-valfond\/trygghet-och-sakerhet\/","name":"Trygghet och s\u00e4kerhet - Kristdemokraterna | K\u00f6ping","isPartOf":{"@id":"https:\/\/wp.kristdemokraterna.se\/koping\/#website"},"datePublished":"2024-01-18T10:04:40+00:00","dateModified":"2024-01-19T11:04:06+00:00","breadcrumb":{"@id":"https:\/\/wp.kristdemokraterna.se\/koping\/swisha-var-valfond\/trygghet-och-sakerhet\/#breadcrumb"},"inLanguage":"sv-SE","potentialAction":[{"@type":"ReadAction","target":["https:\/\/wp.kristdemokraterna.se\/koping\/swisha-var-valfond\/trygghet-och-sakerhet\/"]}]},{"@type":"BreadcrumbList","@id":"https:\/\/wp.kristdemokraterna.se\/koping\/swisha-var-valfond\/trygghet-och-sakerhet\/#breadcrumb","itemListElement":[{"@type":"ListItem","position":1,"name":"Hem","item":"https:\/\/wp.kristdemokraterna.se\/koping\/"},{"@type":"ListItem","position":2,"name":"V\u00e5r kommunpolitik","item":"https:\/\/wp.kristdemokraterna.se\/koping\/swisha-var-valfond\/"},{"@type":"ListItem","position":3,"name":"Trygghet och s\u00e4kerhet"}]},{"@type":"WebSite","@id":"https:\/\/wp.kristdemokraterna.se\/koping\/#website","url":"https:\/\/wp.kristdemokraterna.se\/koping\/","name":"Kristdemokraterna | K\u00f6ping","description":"K\u00f6ping beh\u00f6ver ett nytt styre - men inga bilar p\u00e5 Stora gatan","inLanguage":"sv-SE"}]}},"_links":{"self":[{"href":"https:\/\/wp.kristdemokraterna.se\/koping\/wp-json\/wp\/v2\/pages\/1820","targetHints":{"allow":["GET"]}}],"collection":[{"href":"https:\/\/wp.kristdemokraterna.se\/koping\/wp-json\/wp\/v2\/pages"}],"about":[{"href":"https:\/\/wp.kristdemokraterna.se\/koping\/wp-json\/wp\/v2\/types\/page"}],"author":[{"embeddable":true,"href":"https:\/\/wp.kristdemokraterna.se\/koping\/wp-json\/wp\/v2\/users\/444"}],"replies":[{"embeddable":true,"href":"https:\/\/wp.kristdemokraterna.se\/koping\/wp-json\/wp\/v2\/comments?post=1820"}],"version-history":[{"count":2,"href":"https:\/\/wp.kristdemokraterna.se\/koping\/wp-json\/wp\/v2\/pages\/1820\/revisions"}],"predecessor-version":[{"id":1989,"href":"https:\/\/wp.kristdemokraterna.se\/koping\/wp-json\/wp\/v2\/pages\/1820\/revisions\/1989"}],"up":[{"embeddable":true,"href":"https:\/\/wp.kristdemokraterna.se\/koping\/wp-json\/wp\/v2\/pages\/391"}],"wp:attachment":[{"href":"https:\/\/wp.kristdemokraterna.se\/koping\/wp-json\/wp\/v2\/media?parent=1820"}],"curies":[{"name":"wp","href":"https:\/\/api.w.org\/{rel}","templated":true}]}}