{"id":1826,"date":"2024-01-18T11:07:24","date_gmt":"2024-01-18T10:07:24","guid":{"rendered":"https:\/\/wp.kristdemokraterna.se\/koping\/?page_id=1826"},"modified":"2024-01-19T12:05:39","modified_gmt":"2024-01-19T11:05:39","slug":"kopings-aldreomsorg","status":"publish","type":"page","link":"https:\/\/wp.kristdemokraterna.se\/koping\/swisha-var-valfond\/kopings-aldreomsorg\/","title":{"rendered":"K\u00f6pings \u00e4ldreomsorg"},"content":{"rendered":"<p><strong><em>Alla medborgare ska kunna a\u030aldras med va\u0308rdighet. Service, va\u030ard och omsorg ska vara tillga\u0308nglig och ges utifra\u030an en helhetssyn pa\u030a den enskilde med ha\u0308nsyn till sja\u0308lsliga, andliga och materiella behov. \u00c4ldreomsorgen m\u00e5ste vara v\u00e4l utbyggd med hemtj\u00e4nst och hemsjukv\u00e5rd, olika former av dagverksamhet samt ett varierat utbud av boendeformer. <\/em><\/strong><\/p>\n<p>Ma\u0308nniskova\u0308rdet beror inte pa\u030a a\u030alder eller den egna fo\u0308rma\u030agan. A\u0308ldreomsorgen ska pra\u0308glas av trygghet, va\u0308rdighet och delaktighet. Na\u0308rhet och gemenskap a\u0308r grundla\u0308ggande ma\u0308nskliga behov, na\u030agot som det offentliga inte fullt ut kan tillfredssta\u0308lla. Av denna anledning ma\u030aste a\u0308ldreomsorgen ma\u030ana om goda relationer med anho\u0308riga och ett gott samarbete med fo\u0308reningar, kyrkor och andra ideella krafter, det vi kallar civilsamh\u00e4llet.<\/p>\n<p>Ofrivillig ensamhet och passivitet bland \u00e4ldre \u00e4r ett problem. Det finns \u00e4ven de som inte f\u00e5r den omsorg de beh\u00f6ver och som drabbas av undern\u00e4ring, oro eller \u00e5ngest.<\/p>\n<p><strong>V\u00c5RA F\u00d6RSLAG 2022-2025<\/strong><\/p>\n<ul>\n<li>De \u00e4ldre ska kunna v\u00e4lja sitt boende och regelbundet f\u00e5 tr\u00e4ffa samma lilla grupp hemtj\u00e4nstpersonal som erbjuder ett bra bem\u00f6tande, r\u00e4tt kompetens och kan svenska.<\/li>\n<li>Fler trygghetsboenden beh\u00f6ver snarast byggas. Alla \u00f6ver 85 \u00e5r ska, utan bist\u00e5ndsbed\u00f6mning, erbjudas trygghetsboende och \u00e4ven vid behov trygghetslarm.<\/li>\n<li>Kommunen ska ta fram strategier f\u00f6r arbetet mot ofrivillig ensamhet.<\/li>\n<li>S\u00e4rskild kurator ska finnas f\u00f6r \u00e4ldre och f\u00f6r deras n\u00e4rst\u00e5ende.<\/li>\n<li>Tydliga och konkreta v\u00e4rdighetsgarantier ska finnas.<\/li>\n<li>Palliativ och geriatrisk kompetens (specialv\u00e5rd p\u00e5 \u00e4ldres sjukdomar) skall finnas.<\/li>\n<li>\u00d6verg\u00e5ngen fr\u00e5n sjukhusv\u00e5rd till det egna boendet skall vara tryggt och anpassat.<\/li>\n<li>Brukarens n\u00e4rst\u00e5ende ska erbjudas anh\u00f6rigst\u00f6d.<\/li>\n<li>Ideellt driven och id\u00e9buren v\u00e5rd och omsorg ska uppmuntras och stimuleras.<\/li>\n<li>V\u00e5rdserviceteam f\u00f6r servicetj\u00e4nster inf\u00f6rs f\u00f6r att avlasta v\u00e5rdpersonal.<\/li>\n<li>Den privata v\u00e5rdsektorn beh\u00f6ver utvecklas i kommunen. Den enskilde ska sj\u00e4lv kunna v\u00e4lja utf\u00f6rare av hemtj\u00e4nst genom Lagen om valfrihetssystem (LOV).<\/li>\n<li>N\u00e4rproducerad n\u00e4ringsrik kost och trivsam m\u00e5ltidsmilj\u00f6 ska erbjudas.<\/li>\n<li>Personalen ska kunna v\u00e4lja tj\u00e4nstg\u00f6ringsgrad. Delade turer tas bort.<\/li>\n<li>Varje \u00e4ldreboende ska presenteras p\u00e5 kommunens hemsida som st\u00f6d f\u00f6r att v\u00e4lja s\u00e5v\u00e4l utf\u00f6rare som boende.<\/li>\n<li>V\u00e4lf\u00e4rdsteknologi ska anv\u00e4ndas f\u00f6r \u00f6kad trygghet, aktivitet, delaktighet, integritet och sj\u00e4lvbest\u00e4mmande, men kan aldrig ers\u00e4tta personlig omsorg.<\/li>\n<li>S\u00e4llskapsdjur ska kunna anv\u00e4ndas terapeutiskt.<\/li>\n<\/ul>\n","protected":false},"excerpt":{"rendered":"<p>Alla medborgare ska kunna a\u030aldras med va\u0308rdighet. Service, va\u030ard och omsorg ska vara tillga\u0308nglig och ges utifra\u030an en helhetssyn pa\u030a den enskilde med ha\u0308nsyn till sja\u0308lsliga, andliga och materiella behov. \u00c4ldreomsorgen m\u00e5ste vara v\u00e4l utbyggd med hemtj\u00e4nst och hemsjukv\u00e5rd, olika former av dagverksamhet samt ett varierat utbud av boendeformer. Ma\u0308nniskova\u0308rdet beror inte pa\u030a a\u030alder eller <a class=\"read-more-link\" href=\"https:\/\/wp.kristdemokraterna.se\/koping\/swisha-var-valfond\/kopings-aldreomsorg\/\">Read More<\/a><\/p>\n","protected":false},"author":444,"featured_media":0,"parent":391,"menu_order":0,"comment_status":"closed","ping_status":"closed","template":"page.php","meta":{"_acf_changed":false,"footnotes":""},"class_list":["post-1826","page","type-page","status-publish","hentry"],"acf":[],"yoast_head":"<!-- This site is optimized with the Yoast SEO plugin v27.4 - https:\/\/yoast.com\/product\/yoast-seo-wordpress\/ -->\n<title>K\u00f6pings \u00e4ldreomsorg - Kristdemokraterna | K\u00f6ping<\/title>\n<meta name=\"robots\" content=\"index, follow, max-snippet:-1, max-image-preview:large, max-video-preview:-1\" \/>\n<link rel=\"canonical\" href=\"https:\/\/wp.kristdemokraterna.se\/koping\/swisha-var-valfond\/kopings-aldreomsorg\/\" \/>\n<meta property=\"og:locale\" content=\"sv_SE\" \/>\n<meta property=\"og:type\" content=\"article\" \/>\n<meta property=\"og:title\" content=\"K\u00f6pings \u00e4ldreomsorg - Kristdemokraterna | K\u00f6ping\" \/>\n<meta property=\"og:description\" content=\"Alla medborgare ska kunna a\u030aldras med va\u0308rdighet. Service, va\u030ard och omsorg ska vara tillga\u0308nglig och ges utifra\u030an en helhetssyn pa\u030a den enskilde med ha\u0308nsyn till sja\u0308lsliga, andliga och materiella behov. \u00c4ldreomsorgen m\u00e5ste vara v\u00e4l utbyggd med hemtj\u00e4nst och hemsjukv\u00e5rd, olika former av dagverksamhet samt ett varierat utbud av boendeformer. Ma\u0308nniskova\u0308rdet beror inte pa\u030a a\u030alder eller Read More\" \/>\n<meta property=\"og:url\" content=\"https:\/\/wp.kristdemokraterna.se\/koping\/swisha-var-valfond\/kopings-aldreomsorg\/\" \/>\n<meta property=\"og:site_name\" content=\"Kristdemokraterna | K\u00f6ping\" \/>\n<meta property=\"article:modified_time\" content=\"2024-01-19T11:05:39+00:00\" \/>\n<meta name=\"twitter:card\" content=\"summary_large_image\" \/>\n<meta name=\"twitter:label1\" content=\"Ber\u00e4knad l\u00e4stid\" \/>\n\t<meta name=\"twitter:data1\" content=\"2 minuter\" \/>\n<script type=\"application\/ld+json\" class=\"yoast-schema-graph\">{\"@context\":\"https:\\\/\\\/schema.org\",\"@graph\":[{\"@type\":\"WebPage\",\"@id\":\"https:\\\/\\\/wp.kristdemokraterna.se\\\/koping\\\/swisha-var-valfond\\\/kopings-aldreomsorg\\\/\",\"url\":\"https:\\\/\\\/wp.kristdemokraterna.se\\\/koping\\\/swisha-var-valfond\\\/kopings-aldreomsorg\\\/\",\"name\":\"K\u00f6pings \u00e4ldreomsorg - Kristdemokraterna | K\u00f6ping\",\"isPartOf\":{\"@id\":\"https:\\\/\\\/wp.kristdemokraterna.se\\\/koping\\\/#website\"},\"datePublished\":\"2024-01-18T10:07:24+00:00\",\"dateModified\":\"2024-01-19T11:05:39+00:00\",\"breadcrumb\":{\"@id\":\"https:\\\/\\\/wp.kristdemokraterna.se\\\/koping\\\/swisha-var-valfond\\\/kopings-aldreomsorg\\\/#breadcrumb\"},\"inLanguage\":\"sv-SE\",\"potentialAction\":[{\"@type\":\"ReadAction\",\"target\":[\"https:\\\/\\\/wp.kristdemokraterna.se\\\/koping\\\/swisha-var-valfond\\\/kopings-aldreomsorg\\\/\"]}]},{\"@type\":\"BreadcrumbList\",\"@id\":\"https:\\\/\\\/wp.kristdemokraterna.se\\\/koping\\\/swisha-var-valfond\\\/kopings-aldreomsorg\\\/#breadcrumb\",\"itemListElement\":[{\"@type\":\"ListItem\",\"position\":1,\"name\":\"Hem\",\"item\":\"https:\\\/\\\/wp.kristdemokraterna.se\\\/koping\\\/\"},{\"@type\":\"ListItem\",\"position\":2,\"name\":\"V\u00e5r kommunpolitik\",\"item\":\"https:\\\/\\\/wp.kristdemokraterna.se\\\/koping\\\/swisha-var-valfond\\\/\"},{\"@type\":\"ListItem\",\"position\":3,\"name\":\"K\u00f6pings \u00e4ldreomsorg\"}]},{\"@type\":\"WebSite\",\"@id\":\"https:\\\/\\\/wp.kristdemokraterna.se\\\/koping\\\/#website\",\"url\":\"https:\\\/\\\/wp.kristdemokraterna.se\\\/koping\\\/\",\"name\":\"Kristdemokraterna | K\u00f6ping\",\"description\":\"K\u00f6ping beh\u00f6ver ett nytt styre - men inga bilar p\u00e5 Stora gatan\",\"inLanguage\":\"sv-SE\"}]}<\/script>\n<!-- \/ Yoast SEO plugin. -->","yoast_head_json":{"title":"K\u00f6pings \u00e4ldreomsorg - Kristdemokraterna | K\u00f6ping","robots":{"index":"index","follow":"follow","max-snippet":"max-snippet:-1","max-image-preview":"max-image-preview:large","max-video-preview":"max-video-preview:-1"},"canonical":"https:\/\/wp.kristdemokraterna.se\/koping\/swisha-var-valfond\/kopings-aldreomsorg\/","og_locale":"sv_SE","og_type":"article","og_title":"K\u00f6pings \u00e4ldreomsorg - Kristdemokraterna | K\u00f6ping","og_description":"Alla medborgare ska kunna a\u030aldras med va\u0308rdighet. Service, va\u030ard och omsorg ska vara tillga\u0308nglig och ges utifra\u030an en helhetssyn pa\u030a den enskilde med ha\u0308nsyn till sja\u0308lsliga, andliga och materiella behov. \u00c4ldreomsorgen m\u00e5ste vara v\u00e4l utbyggd med hemtj\u00e4nst och hemsjukv\u00e5rd, olika former av dagverksamhet samt ett varierat utbud av boendeformer. Ma\u0308nniskova\u0308rdet beror inte pa\u030a a\u030alder eller Read More","og_url":"https:\/\/wp.kristdemokraterna.se\/koping\/swisha-var-valfond\/kopings-aldreomsorg\/","og_site_name":"Kristdemokraterna | K\u00f6ping","article_modified_time":"2024-01-19T11:05:39+00:00","twitter_card":"summary_large_image","twitter_misc":{"Ber\u00e4knad l\u00e4stid":"2 minuter"},"schema":{"@context":"https:\/\/schema.org","@graph":[{"@type":"WebPage","@id":"https:\/\/wp.kristdemokraterna.se\/koping\/swisha-var-valfond\/kopings-aldreomsorg\/","url":"https:\/\/wp.kristdemokraterna.se\/koping\/swisha-var-valfond\/kopings-aldreomsorg\/","name":"K\u00f6pings \u00e4ldreomsorg - Kristdemokraterna | K\u00f6ping","isPartOf":{"@id":"https:\/\/wp.kristdemokraterna.se\/koping\/#website"},"datePublished":"2024-01-18T10:07:24+00:00","dateModified":"2024-01-19T11:05:39+00:00","breadcrumb":{"@id":"https:\/\/wp.kristdemokraterna.se\/koping\/swisha-var-valfond\/kopings-aldreomsorg\/#breadcrumb"},"inLanguage":"sv-SE","potentialAction":[{"@type":"ReadAction","target":["https:\/\/wp.kristdemokraterna.se\/koping\/swisha-var-valfond\/kopings-aldreomsorg\/"]}]},{"@type":"BreadcrumbList","@id":"https:\/\/wp.kristdemokraterna.se\/koping\/swisha-var-valfond\/kopings-aldreomsorg\/#breadcrumb","itemListElement":[{"@type":"ListItem","position":1,"name":"Hem","item":"https:\/\/wp.kristdemokraterna.se\/koping\/"},{"@type":"ListItem","position":2,"name":"V\u00e5r kommunpolitik","item":"https:\/\/wp.kristdemokraterna.se\/koping\/swisha-var-valfond\/"},{"@type":"ListItem","position":3,"name":"K\u00f6pings \u00e4ldreomsorg"}]},{"@type":"WebSite","@id":"https:\/\/wp.kristdemokraterna.se\/koping\/#website","url":"https:\/\/wp.kristdemokraterna.se\/koping\/","name":"Kristdemokraterna | K\u00f6ping","description":"K\u00f6ping beh\u00f6ver ett nytt styre - men inga bilar p\u00e5 Stora gatan","inLanguage":"sv-SE"}]}},"_links":{"self":[{"href":"https:\/\/wp.kristdemokraterna.se\/koping\/wp-json\/wp\/v2\/pages\/1826","targetHints":{"allow":["GET"]}}],"collection":[{"href":"https:\/\/wp.kristdemokraterna.se\/koping\/wp-json\/wp\/v2\/pages"}],"about":[{"href":"https:\/\/wp.kristdemokraterna.se\/koping\/wp-json\/wp\/v2\/types\/page"}],"author":[{"embeddable":true,"href":"https:\/\/wp.kristdemokraterna.se\/koping\/wp-json\/wp\/v2\/users\/444"}],"replies":[{"embeddable":true,"href":"https:\/\/wp.kristdemokraterna.se\/koping\/wp-json\/wp\/v2\/comments?post=1826"}],"version-history":[{"count":2,"href":"https:\/\/wp.kristdemokraterna.se\/koping\/wp-json\/wp\/v2\/pages\/1826\/revisions"}],"predecessor-version":[{"id":1995,"href":"https:\/\/wp.kristdemokraterna.se\/koping\/wp-json\/wp\/v2\/pages\/1826\/revisions\/1995"}],"up":[{"embeddable":true,"href":"https:\/\/wp.kristdemokraterna.se\/koping\/wp-json\/wp\/v2\/pages\/391"}],"wp:attachment":[{"href":"https:\/\/wp.kristdemokraterna.se\/koping\/wp-json\/wp\/v2\/media?parent=1826"}],"curies":[{"name":"wp","href":"https:\/\/api.w.org\/{rel}","templated":true}]}}